{"id":17700,"date":"2022-06-27T05:57:57","date_gmt":"2022-06-26T21:57:57","guid":{"rendered":"https:\/\/craftygenesindonesia.com\/?post_type=product&#038;p=17700"},"modified":"2025-11-14T09:09:20","modified_gmt":"2025-11-14T01:09:20","slug":"for-the-fallen-armed-forces","status":"publish","type":"product","link":"https:\/\/craftygenesindonesia.com\/es\/shop\/senoras-y-senores\/for-the-fallen-armed-forces\/","title":{"rendered":"For The Fallen Armed Forces"},"content":{"rendered":"<p><strong>For the fallen armed forces<\/strong><\/p>\n<p>Tipo de archivo: patr\u00f3n de ganchillo &#8211; descarga digital, no es un art\u00edculo f\u00edsico.<br \/>\n<strong>Idiomas disponibles: ingl\u00e9s (t\u00e9rminos estadounidenses y brit\u00e1nicos), neerland\u00e9s, franc\u00e9s, espa\u00f1ol y alem\u00e1n.<\/strong><\/p>\n<p>Tama\u00f1o del art\u00edculo terminado: 22,5 cm o 8,8 pulgadas de alto.<\/p>\n<p>Tipo de hilo: hilo de grosor \u00abfingering\u00bb = tama\u00f1o 3.<br \/>\nMarcas recomendadas: Catona de Scheepjes, Durable Coral.<br \/>\nColores de hilo necesarios: color piel, beige, marr\u00f3n, marr\u00f3n uniforme (marr\u00f3n de tu elecci\u00f3n), verde casco Brodie, rojo, negro, blanco, azul marino, azul, azul gris\u00e1ceo, azul claro, gris.<\/p>\n<p>Ganchillo: 2 mm.<\/p>\n<p><strong>Informaci\u00f3n sobre derechos de autor y ayuda:<\/strong><br \/>\nEste patr\u00f3n es un patr\u00f3n escrito (digital) con muchas im\u00e1genes para ayudarte. Si tienes alguna pregunta sobre el patr\u00f3n, env\u00edame un correo electr\u00f3nico a craftygenesindonesia@gmail.com.<\/p>\n<p><strong>Este patr\u00f3n digital de ganchillo es solo para uso personal y tiene derechos de autor. Por lo tanto, no puedes copiarlo, venderlo, revenderlo, traducirlo, reclamarlo como tu propio dise\u00f1o, distribuirlo, compartirlo, publicarlo, solo publicarlo&#8230; de ninguna manera ni forma sin mi permiso. \u00a1Ni siquiera una parte!<\/strong><\/p>\n<p><strong>Se permite vender el producto o art\u00edculo terminado, en peque\u00f1as cantidades, pero no se permite vender el patr\u00f3n de ganchillo en s\u00ed. Mencione que el patr\u00f3n de ganchillo es m\u00edo, Craftygenesindonesia, y d\u00f3nde se puede comprar.<\/strong><\/p>\n","protected":false},"excerpt":{"rendered":"<p>Este es un patr\u00f3n de ganchillo f\u00e1cil de seguir en honor a todos los hombres y mujeres que sirven\/sirvieron a su pa\u00eds.<\/p>\n<p>Los machos tambi\u00e9n est\u00e1n disponibles por separado como For The Fallen, For The Fallen Air Force y For The Fallen Navy.<\/p>\n","protected":false},"featured_media":987530717,"comment_status":"open","ping_status":"closed","template":"","meta":{"_acf_changed":false},"product_brand":[],"product_cat":[3049,3071,10143],"product_tag":[10520,10518,10516,10256,10158,10159,10160,11675,10515,10965],"class_list":{"0":"post-17700","1":"product","2":"type-product","3":"status-publish","4":"has-post-thumbnail","6":"product_cat-senoras-y-senores","7":"product_cat-memorial","8":"product_cat-militar","9":"product_tag-amapola-es","10":"product_tag-armada","11":"product_tag-dia-de-los-caidos","12":"product_tag-dia-del-armisticio","13":"product_tag-ejercito","14":"product_tag-ejercito-del-aire","15":"product_tag-militar-es","16":"product_tag-monumento-de-guerra","17":"product_tag-soldado-es","18":"product_tag-vela-es","19":"pa_available_on-craftygenesindonesia","20":"pa_available_on-etsy","21":"pa_available_on-haked-nl","22":"pa_available_on-payhip","23":"pa_available_on-ravelry","24":"pa_languages-aleman","25":"pa_languages-espanol","26":"pa_languages-estados-unidos-ingles","27":"pa_languages-frances","28":"pa_languages-holandes","29":"pa_languages-ingles-britanico","31":"first","32":"instock","33":"downloadable","34":"virtual","35":"purchasable","36":"product-type-simple"},"acf":[],"yoast_head":"<!-- This site is optimized with the Yoast SEO plugin v27.3 - https:\/\/yoast.com\/product\/yoast-seo-wordpress\/ -->\n<title>For The Fallen Armed Forces patr\u00f3n de ganchillo - Craftygenesindonesia<\/title>\n<meta name=\"description\" content=\"Compra aqu\u00ed mi patr\u00f3n de ganchillo \u00abPara las fuerzas armadas ca\u00eddas\u00bb. Tambi\u00e9n est\u00e1 disponible en Etsy, Haked.nl, Ravelry y Payhip.\" \/>\n<meta name=\"robots\" content=\"index, follow, max-snippet:-1, max-image-preview:large, max-video-preview:-1\" \/>\n<link rel=\"canonical\" href=\"https:\/\/craftygenesindonesia.com\/es\/shop\/senoras-y-senores\/for-the-fallen-armed-forces\/\" \/>\n<meta property=\"og:locale\" content=\"es_ES\" \/>\n<meta property=\"og:type\" content=\"article\" \/>\n<meta property=\"og:title\" content=\"Patr\u00f3n de ganchillo para soldado &quot; For the Fallen Armed Forces &quot;\" \/>\n<meta property=\"og:description\" content=\"Compra aqu\u00ed mi patr\u00f3n de ganchillo \u00abPara las fuerzas armadas ca\u00eddas\u00bb. Tambi\u00e9n est\u00e1 disponible en Etsy, Haked.nl, Ravelry y Payhip.\" \/>\n<meta property=\"og:url\" content=\"https:\/\/craftygenesindonesia.com\/es\/shop\/senoras-y-senores\/for-the-fallen-armed-forces\/\" \/>\n<meta property=\"og:site_name\" content=\"Craftygenesindonesia\" \/>\n<meta property=\"article:modified_time\" content=\"2025-11-14T01:09:20+00:00\" \/>\n<meta property=\"og:image\" content=\"https:\/\/craftygenesindonesia.com\/wp-content\/uploads\/2022\/06\/For-The-Fallen-Armed-Forces-4.jpg\" \/>\n\t<meta property=\"og:image:width\" content=\"1080\" \/>\n\t<meta property=\"og:image:height\" content=\"1080\" \/>\n\t<meta property=\"og:image:type\" content=\"image\/jpeg\" \/>\n<meta name=\"twitter:card\" content=\"summary_large_image\" \/>\n<meta name=\"twitter:title\" content=\"Por las Fuerzas Armadas ca\u00eddas\" \/>\n<meta name=\"twitter:description\" content=\"Pide mi patr\u00f3n de ganchillo &quot;Para las Fuerzas Armadas Ca\u00eddas&quot; aqu\u00ed. Aqu\u00ed tambi\u00e9n encontrar\u00e1s enlaces al patr\u00f3n en Haked, Etsy y Ravelry.\" \/>\n<meta name=\"twitter:label1\" content=\"Tiempo de lectura\" \/>\n\t<meta name=\"twitter:data1\" content=\"2 minutos\" \/>\n<script type=\"application\/ld+json\" class=\"yoast-schema-graph\">{\"@context\":\"https:\\\/\\\/schema.org\",\"@graph\":[{\"@type\":\"WebPage\",\"@id\":\"https:\\\/\\\/craftygenesindonesia.com\\\/es\\\/shop\\\/senoras-y-senores\\\/for-the-fallen-armed-forces\\\/\",\"url\":\"https:\\\/\\\/craftygenesindonesia.com\\\/es\\\/shop\\\/senoras-y-senores\\\/for-the-fallen-armed-forces\\\/\",\"name\":\"For The Fallen Armed Forces patr\u00f3n de ganchillo - Craftygenesindonesia\",\"isPartOf\":{\"@id\":\"https:\\\/\\\/craftygenesindonesia.com\\\/es\\\/#website\"},\"primaryImageOfPage\":{\"@id\":\"https:\\\/\\\/craftygenesindonesia.com\\\/es\\\/shop\\\/senoras-y-senores\\\/for-the-fallen-armed-forces\\\/#primaryimage\"},\"image\":{\"@id\":\"https:\\\/\\\/craftygenesindonesia.com\\\/es\\\/shop\\\/senoras-y-senores\\\/for-the-fallen-armed-forces\\\/#primaryimage\"},\"thumbnailUrl\":\"https:\\\/\\\/craftygenesindonesia.com\\\/wp-content\\\/uploads\\\/2022\\\/06\\\/For-The-Fallen-Armed-Forces-4.jpg\",\"datePublished\":\"2022-06-26T21:57:57+00:00\",\"dateModified\":\"2025-11-14T01:09:20+00:00\",\"description\":\"Compra aqu\u00ed mi patr\u00f3n de ganchillo \u00abPara las fuerzas armadas ca\u00eddas\u00bb. Tambi\u00e9n est\u00e1 disponible en Etsy, Haked.nl, Ravelry y Payhip.\",\"breadcrumb\":{\"@id\":\"https:\\\/\\\/craftygenesindonesia.com\\\/es\\\/shop\\\/senoras-y-senores\\\/for-the-fallen-armed-forces\\\/#breadcrumb\"},\"inLanguage\":\"es\",\"potentialAction\":[{\"@type\":\"ReadAction\",\"target\":[\"https:\\\/\\\/craftygenesindonesia.com\\\/es\\\/shop\\\/senoras-y-senores\\\/for-the-fallen-armed-forces\\\/\"]}]},{\"@type\":\"ImageObject\",\"inLanguage\":\"es\",\"@id\":\"https:\\\/\\\/craftygenesindonesia.com\\\/es\\\/shop\\\/senoras-y-senores\\\/for-the-fallen-armed-forces\\\/#primaryimage\",\"url\":\"https:\\\/\\\/craftygenesindonesia.com\\\/wp-content\\\/uploads\\\/2022\\\/06\\\/For-The-Fallen-Armed-Forces-4.jpg\",\"contentUrl\":\"https:\\\/\\\/craftygenesindonesia.com\\\/wp-content\\\/uploads\\\/2022\\\/06\\\/For-The-Fallen-Armed-Forces-4.jpg\",\"width\":1080,\"height\":1080,\"caption\":\"crochet pilot, soldier and sailor with crochet candle holder and poppy\"},{\"@type\":\"BreadcrumbList\",\"@id\":\"https:\\\/\\\/craftygenesindonesia.com\\\/es\\\/shop\\\/senoras-y-senores\\\/for-the-fallen-armed-forces\\\/#breadcrumb\",\"itemListElement\":[{\"@type\":\"ListItem\",\"position\":1,\"name\":\"Home\",\"item\":\"https:\\\/\\\/craftygenesindonesia.com\\\/es\\\/\"},{\"@type\":\"ListItem\",\"position\":2,\"name\":\"Tienda de patrones\",\"item\":\"https:\\\/\\\/craftygenesindonesia.com\\\/es\\\/tienda-de-patrones\\\/\"},{\"@type\":\"ListItem\",\"position\":3,\"name\":\"For The Fallen Armed Forces\"}]},{\"@type\":\"WebSite\",\"@id\":\"https:\\\/\\\/craftygenesindonesia.com\\\/es\\\/#website\",\"url\":\"https:\\\/\\\/craftygenesindonesia.com\\\/es\\\/\",\"name\":\"Craftygenesindonesia\",\"description\":\"\",\"publisher\":{\"@id\":\"https:\\\/\\\/craftygenesindonesia.com\\\/es\\\/#organization\"},\"potentialAction\":[{\"@type\":\"SearchAction\",\"target\":{\"@type\":\"EntryPoint\",\"urlTemplate\":\"https:\\\/\\\/craftygenesindonesia.com\\\/es\\\/?s={search_term_string}\"},\"query-input\":{\"@type\":\"PropertyValueSpecification\",\"valueRequired\":true,\"valueName\":\"search_term_string\"}}],\"inLanguage\":\"es\"},{\"@type\":\"Organization\",\"@id\":\"https:\\\/\\\/craftygenesindonesia.com\\\/es\\\/#organization\",\"name\":\"Craftygenesindonesia\",\"url\":\"https:\\\/\\\/craftygenesindonesia.com\\\/es\\\/\",\"logo\":{\"@type\":\"ImageObject\",\"inLanguage\":\"es\",\"@id\":\"https:\\\/\\\/craftygenesindonesia.com\\\/es\\\/#\\\/schema\\\/logo\\\/image\\\/\",\"url\":\"https:\\\/\\\/craftygenesindonesia.com\\\/wp-content\\\/uploads\\\/2025\\\/11\\\/cropped-Copy-of-Craftygenesindonesia.jpg\",\"contentUrl\":\"https:\\\/\\\/craftygenesindonesia.com\\\/wp-content\\\/uploads\\\/2025\\\/11\\\/cropped-Copy-of-Craftygenesindonesia.jpg\",\"width\":180,\"height\":60,\"caption\":\"Craftygenesindonesia\"},\"image\":{\"@id\":\"https:\\\/\\\/craftygenesindonesia.com\\\/es\\\/#\\\/schema\\\/logo\\\/image\\\/\"}}]}<\/script>\n<!-- \/ Yoast SEO plugin. -->","yoast_head_json":{"title":"For The Fallen Armed Forces patr\u00f3n de ganchillo - Craftygenesindonesia","description":"Compra aqu\u00ed mi patr\u00f3n de ganchillo \u00abPara las fuerzas armadas ca\u00eddas\u00bb. Tambi\u00e9n est\u00e1 disponible en Etsy, Haked.nl, Ravelry y Payhip.","robots":{"index":"index","follow":"follow","max-snippet":"max-snippet:-1","max-image-preview":"max-image-preview:large","max-video-preview":"max-video-preview:-1"},"canonical":"https:\/\/craftygenesindonesia.com\/es\/shop\/senoras-y-senores\/for-the-fallen-armed-forces\/","og_locale":"es_ES","og_type":"article","og_title":"Patr\u00f3n de ganchillo para soldado \" For the Fallen Armed Forces \"","og_description":"Compra aqu\u00ed mi patr\u00f3n de ganchillo \u00abPara las fuerzas armadas ca\u00eddas\u00bb. Tambi\u00e9n est\u00e1 disponible en Etsy, Haked.nl, Ravelry y Payhip.","og_url":"https:\/\/craftygenesindonesia.com\/es\/shop\/senoras-y-senores\/for-the-fallen-armed-forces\/","og_site_name":"Craftygenesindonesia","article_modified_time":"2025-11-14T01:09:20+00:00","og_image":[{"width":1080,"height":1080,"url":"https:\/\/craftygenesindonesia.com\/wp-content\/uploads\/2022\/06\/For-The-Fallen-Armed-Forces-4.jpg","type":"image\/jpeg"}],"twitter_card":"summary_large_image","twitter_title":"Por las Fuerzas Armadas ca\u00eddas","twitter_description":"Pide mi patr\u00f3n de ganchillo \"Para las Fuerzas Armadas Ca\u00eddas\" aqu\u00ed. Aqu\u00ed tambi\u00e9n encontrar\u00e1s enlaces al patr\u00f3n en Haked, Etsy y Ravelry.","twitter_misc":{"Tiempo de lectura":"2 minutos"},"schema":{"@context":"https:\/\/schema.org","@graph":[{"@type":"WebPage","@id":"https:\/\/craftygenesindonesia.com\/es\/shop\/senoras-y-senores\/for-the-fallen-armed-forces\/","url":"https:\/\/craftygenesindonesia.com\/es\/shop\/senoras-y-senores\/for-the-fallen-armed-forces\/","name":"For The Fallen Armed Forces patr\u00f3n de ganchillo - Craftygenesindonesia","isPartOf":{"@id":"https:\/\/craftygenesindonesia.com\/es\/#website"},"primaryImageOfPage":{"@id":"https:\/\/craftygenesindonesia.com\/es\/shop\/senoras-y-senores\/for-the-fallen-armed-forces\/#primaryimage"},"image":{"@id":"https:\/\/craftygenesindonesia.com\/es\/shop\/senoras-y-senores\/for-the-fallen-armed-forces\/#primaryimage"},"thumbnailUrl":"https:\/\/craftygenesindonesia.com\/wp-content\/uploads\/2022\/06\/For-The-Fallen-Armed-Forces-4.jpg","datePublished":"2022-06-26T21:57:57+00:00","dateModified":"2025-11-14T01:09:20+00:00","description":"Compra aqu\u00ed mi patr\u00f3n de ganchillo \u00abPara las fuerzas armadas ca\u00eddas\u00bb. Tambi\u00e9n est\u00e1 disponible en Etsy, Haked.nl, Ravelry y Payhip.","breadcrumb":{"@id":"https:\/\/craftygenesindonesia.com\/es\/shop\/senoras-y-senores\/for-the-fallen-armed-forces\/#breadcrumb"},"inLanguage":"es","potentialAction":[{"@type":"ReadAction","target":["https:\/\/craftygenesindonesia.com\/es\/shop\/senoras-y-senores\/for-the-fallen-armed-forces\/"]}]},{"@type":"ImageObject","inLanguage":"es","@id":"https:\/\/craftygenesindonesia.com\/es\/shop\/senoras-y-senores\/for-the-fallen-armed-forces\/#primaryimage","url":"https:\/\/craftygenesindonesia.com\/wp-content\/uploads\/2022\/06\/For-The-Fallen-Armed-Forces-4.jpg","contentUrl":"https:\/\/craftygenesindonesia.com\/wp-content\/uploads\/2022\/06\/For-The-Fallen-Armed-Forces-4.jpg","width":1080,"height":1080,"caption":"crochet pilot, soldier and sailor with crochet candle holder and poppy"},{"@type":"BreadcrumbList","@id":"https:\/\/craftygenesindonesia.com\/es\/shop\/senoras-y-senores\/for-the-fallen-armed-forces\/#breadcrumb","itemListElement":[{"@type":"ListItem","position":1,"name":"Home","item":"https:\/\/craftygenesindonesia.com\/es\/"},{"@type":"ListItem","position":2,"name":"Tienda de patrones","item":"https:\/\/craftygenesindonesia.com\/es\/tienda-de-patrones\/"},{"@type":"ListItem","position":3,"name":"For The Fallen Armed Forces"}]},{"@type":"WebSite","@id":"https:\/\/craftygenesindonesia.com\/es\/#website","url":"https:\/\/craftygenesindonesia.com\/es\/","name":"Craftygenesindonesia","description":"","publisher":{"@id":"https:\/\/craftygenesindonesia.com\/es\/#organization"},"potentialAction":[{"@type":"SearchAction","target":{"@type":"EntryPoint","urlTemplate":"https:\/\/craftygenesindonesia.com\/es\/?s={search_term_string}"},"query-input":{"@type":"PropertyValueSpecification","valueRequired":true,"valueName":"search_term_string"}}],"inLanguage":"es"},{"@type":"Organization","@id":"https:\/\/craftygenesindonesia.com\/es\/#organization","name":"Craftygenesindonesia","url":"https:\/\/craftygenesindonesia.com\/es\/","logo":{"@type":"ImageObject","inLanguage":"es","@id":"https:\/\/craftygenesindonesia.com\/es\/#\/schema\/logo\/image\/","url":"https:\/\/craftygenesindonesia.com\/wp-content\/uploads\/2025\/11\/cropped-Copy-of-Craftygenesindonesia.jpg","contentUrl":"https:\/\/craftygenesindonesia.com\/wp-content\/uploads\/2025\/11\/cropped-Copy-of-Craftygenesindonesia.jpg","width":180,"height":60,"caption":"Craftygenesindonesia"},"image":{"@id":"https:\/\/craftygenesindonesia.com\/es\/#\/schema\/logo\/image\/"}}]}},"_links":{"self":[{"href":"https:\/\/craftygenesindonesia.com\/es\/wp-json\/wp\/v2\/product\/17700","targetHints":{"allow":["GET"]}}],"collection":[{"href":"https:\/\/craftygenesindonesia.com\/es\/wp-json\/wp\/v2\/product"}],"about":[{"href":"https:\/\/craftygenesindonesia.com\/es\/wp-json\/wp\/v2\/types\/product"}],"replies":[{"embeddable":true,"href":"https:\/\/craftygenesindonesia.com\/es\/wp-json\/wp\/v2\/comments?post=17700"}],"wp:featuredmedia":[{"embeddable":true,"href":"https:\/\/craftygenesindonesia.com\/es\/wp-json\/wp\/v2\/media\/987530717"}],"wp:attachment":[{"href":"https:\/\/craftygenesindonesia.com\/es\/wp-json\/wp\/v2\/media?parent=17700"}],"wp:term":[{"taxonomy":"product_brand","embeddable":true,"href":"https:\/\/craftygenesindonesia.com\/es\/wp-json\/wp\/v2\/product_brand?post=17700"},{"taxonomy":"product_cat","embeddable":true,"href":"https:\/\/craftygenesindonesia.com\/es\/wp-json\/wp\/v2\/product_cat?post=17700"},{"taxonomy":"product_tag","embeddable":true,"href":"https:\/\/craftygenesindonesia.com\/es\/wp-json\/wp\/v2\/product_tag?post=17700"}],"curies":[{"name":"wp","href":"https:\/\/api.w.org\/{rel}","templated":true}]}}