{"id":17661,"date":"2022-06-28T20:35:49","date_gmt":"2022-06-28T12:35:49","guid":{"rendered":"https:\/\/craftygenesindonesia.com\/?post_type=product&#038;p=17661"},"modified":"2025-11-14T08:20:36","modified_gmt":"2025-11-14T00:20:36","slug":"nuestra-senora-de-la-asuncion","status":"publish","type":"product","link":"https:\/\/craftygenesindonesia.com\/es\/shop\/religioso\/nuestra-senora-de-la-asuncion\/","title":{"rendered":"Nuestra Se\u00f1ora de la Asunci\u00f3n"},"content":{"rendered":"<p>Nuestra Se\u00f1ora de la Asunci\u00f3n mide 35 cm de alto (incluyendo la aureola, la nube y la plataforma) y est\u00e1 hecha con hilo ligero (3) apto para amigurumi y un ganchillo de 2 mm.<\/p>\n<p>Necesitar\u00e1s estos colores: azul, marr\u00f3n oscuro, color piel, oro met\u00e1lico, blanco y negro.<\/p>\n<p>Tambi\u00e9n necesitar\u00e1s: relleno, marcadores de puntos, aguja de zurcir, cartulina, l\u00e1piz, tijeras, alambre, cutter, alfileres de cabeza, lentejuelas de estrella de 15 mm, alicates de punta larga y un bastoncillo de algod\u00f3n.<\/p>\n<p>Aguja de ganchillo: 2 mm.<\/p>\n<p>&nbsp;<\/p>\n<p>**Puedes utilizar hilo m\u00e1s grueso o m\u00e1s fino con una aguja de ganchillo adecuada. El resultado final ser\u00e1 un poco m\u00e1s grande\/peque\u00f1o que el m\u00edo.<\/p>\n","protected":false},"excerpt":{"rendered":"<p>Este es un patr\u00f3n de ganchillo f\u00e1cil de seguir de una hermosa Virgen de la Asunci\u00f3n. Un patr\u00f3n imprescindible para los coleccionistas de estatuas y mu\u00f1ecas de Mar\u00eda.<\/p>\n","protected":false},"featured_media":987519861,"comment_status":"open","ping_status":"closed","template":"","meta":{"_acf_changed":false},"product_brand":[],"product_cat":[3077],"product_tag":[10829,12103,12092,12102,10753,11422,8809,12095,12108],"class_list":{"0":"post-17661","1":"product","2":"type-product","3":"status-publish","4":"has-post-thumbnail","6":"product_cat-religioso","7":"product_tag-angeles","8":"product_tag-blessed-mary-es","9":"product_tag-christian-es","10":"product_tag-holy-mary-es","11":"product_tag-nuestra-senora-de-la-asuncion","12":"product_tag-patron-es","13":"product_tag-san","14":"product_tag-stars-es","15":"product_tag-virgin-mary-es","16":"pa_available_on-craftygenesindonesia","17":"pa_available_on-etsy","18":"pa_available_on-haked-nl","19":"pa_available_on-payhip","20":"pa_available_on-ravelry","21":"pa_languages-espanol","22":"pa_languages-estados-unidos-ingles","23":"pa_languages-frances","24":"pa_languages-holandes","26":"first","27":"instock","28":"downloadable","29":"virtual","30":"purchasable","31":"product-type-simple"},"acf":[],"yoast_head":"<!-- This site is optimized with the Yoast SEO plugin v27.3 - https:\/\/yoast.com\/product\/yoast-seo-wordpress\/ -->\n<title>Nuestra Se\u00f1ora de la Asunci\u00f3n haakpatroon - Craftygenesindonesia<\/title>\n<meta name=\"description\" content=\"Encargue aqu\u00ed mi patr\u00f3n de ganchillo &quot;Nuestra Se\u00f1ora de la Asunci\u00f3n&quot;. Aqu\u00ed tambi\u00e9n encontrar\u00e1 enlaces al patr\u00f3n en Haked, Etsy &amp; Ravelry.\" \/>\n<meta name=\"robots\" content=\"index, follow, max-snippet:-1, max-image-preview:large, max-video-preview:-1\" \/>\n<link rel=\"canonical\" href=\"https:\/\/craftygenesindonesia.com\/es\/shop\/religioso\/nuestra-senora-de-la-asuncion\/\" \/>\n<meta property=\"og:locale\" content=\"es_ES\" \/>\n<meta property=\"og:type\" content=\"article\" \/>\n<meta property=\"og:title\" content=\"Nuestra Se\u00f1ora de la Asunci\u00f3n\" \/>\n<meta property=\"og:description\" content=\"Encargue aqu\u00ed mi patr\u00f3n de ganchillo &quot;Nuestra Se\u00f1ora de la Asunci\u00f3n&quot;. Aqu\u00ed tambi\u00e9n encontrar\u00e1 enlaces al patr\u00f3n en Haked, Etsy &amp; Ravelry.\" \/>\n<meta property=\"og:url\" content=\"https:\/\/craftygenesindonesia.com\/es\/shop\/religioso\/nuestra-senora-de-la-asuncion\/\" \/>\n<meta property=\"og:site_name\" content=\"Craftygenesindonesia\" \/>\n<meta property=\"article:modified_time\" content=\"2025-11-14T00:20:36+00:00\" \/>\n<meta name=\"twitter:card\" content=\"summary_large_image\" \/>\n<meta name=\"twitter:title\" content=\"Nuestra Se\u00f1ora de la Asunci\u00f3n\" \/>\n<meta name=\"twitter:description\" content=\"Encargue aqu\u00ed mi patr\u00f3n de ganchillo &quot;Nuestra Se\u00f1ora de la Asunci\u00f3n&quot;. Aqu\u00ed tambi\u00e9n encontrar\u00e1 enlaces al patr\u00f3n en Haked, Etsy &amp; Ravelry.\" \/>\n<meta name=\"twitter:label1\" content=\"Tiempo de lectura\" \/>\n\t<meta name=\"twitter:data1\" content=\"1 minuto\" \/>\n<script type=\"application\/ld+json\" class=\"yoast-schema-graph\">{\"@context\":\"https:\\\/\\\/schema.org\",\"@graph\":[{\"@type\":\"WebPage\",\"@id\":\"https:\\\/\\\/craftygenesindonesia.com\\\/es\\\/shop\\\/religioso\\\/nuestra-senora-de-la-asuncion\\\/\",\"url\":\"https:\\\/\\\/craftygenesindonesia.com\\\/es\\\/shop\\\/religioso\\\/nuestra-senora-de-la-asuncion\\\/\",\"name\":\"Nuestra Se\u00f1ora de la Asunci\u00f3n haakpatroon - Craftygenesindonesia\",\"isPartOf\":{\"@id\":\"https:\\\/\\\/craftygenesindonesia.com\\\/es\\\/#website\"},\"primaryImageOfPage\":{\"@id\":\"https:\\\/\\\/craftygenesindonesia.com\\\/es\\\/shop\\\/religioso\\\/nuestra-senora-de-la-asuncion\\\/#primaryimage\"},\"image\":{\"@id\":\"https:\\\/\\\/craftygenesindonesia.com\\\/es\\\/shop\\\/religioso\\\/nuestra-senora-de-la-asuncion\\\/#primaryimage\"},\"thumbnailUrl\":\"https:\\\/\\\/craftygenesindonesia.com\\\/wp-content\\\/uploads\\\/2022\\\/06\\\/Our-Lady-Assumption.jpg\",\"datePublished\":\"2022-06-28T12:35:49+00:00\",\"dateModified\":\"2025-11-14T00:20:36+00:00\",\"description\":\"Encargue aqu\u00ed mi patr\u00f3n de ganchillo \\\"Nuestra Se\u00f1ora de la Asunci\u00f3n\\\". Aqu\u00ed tambi\u00e9n encontrar\u00e1 enlaces al patr\u00f3n en Haked, Etsy & Ravelry.\",\"breadcrumb\":{\"@id\":\"https:\\\/\\\/craftygenesindonesia.com\\\/es\\\/shop\\\/religioso\\\/nuestra-senora-de-la-asuncion\\\/#breadcrumb\"},\"inLanguage\":\"es\",\"potentialAction\":[{\"@type\":\"ReadAction\",\"target\":[\"https:\\\/\\\/craftygenesindonesia.com\\\/es\\\/shop\\\/religioso\\\/nuestra-senora-de-la-asuncion\\\/\"]}]},{\"@type\":\"ImageObject\",\"inLanguage\":\"es\",\"@id\":\"https:\\\/\\\/craftygenesindonesia.com\\\/es\\\/shop\\\/religioso\\\/nuestra-senora-de-la-asuncion\\\/#primaryimage\",\"url\":\"https:\\\/\\\/craftygenesindonesia.com\\\/wp-content\\\/uploads\\\/2022\\\/06\\\/Our-Lady-Assumption.jpg\",\"contentUrl\":\"https:\\\/\\\/craftygenesindonesia.com\\\/wp-content\\\/uploads\\\/2022\\\/06\\\/Our-Lady-Assumption.jpg\",\"width\":1080,\"height\":1080,\"caption\":\"crochet Our Lady of the Assumption\"},{\"@type\":\"BreadcrumbList\",\"@id\":\"https:\\\/\\\/craftygenesindonesia.com\\\/es\\\/shop\\\/religioso\\\/nuestra-senora-de-la-asuncion\\\/#breadcrumb\",\"itemListElement\":[{\"@type\":\"ListItem\",\"position\":1,\"name\":\"Home\",\"item\":\"https:\\\/\\\/craftygenesindonesia.com\\\/es\\\/\"},{\"@type\":\"ListItem\",\"position\":2,\"name\":\"Tienda de patrones\",\"item\":\"https:\\\/\\\/craftygenesindonesia.com\\\/es\\\/tienda-de-patrones\\\/\"},{\"@type\":\"ListItem\",\"position\":3,\"name\":\"Nuestra Se\u00f1ora de la Asunci\u00f3n\"}]},{\"@type\":\"WebSite\",\"@id\":\"https:\\\/\\\/craftygenesindonesia.com\\\/es\\\/#website\",\"url\":\"https:\\\/\\\/craftygenesindonesia.com\\\/es\\\/\",\"name\":\"Craftygenesindonesia\",\"description\":\"\",\"publisher\":{\"@id\":\"https:\\\/\\\/craftygenesindonesia.com\\\/es\\\/#organization\"},\"potentialAction\":[{\"@type\":\"SearchAction\",\"target\":{\"@type\":\"EntryPoint\",\"urlTemplate\":\"https:\\\/\\\/craftygenesindonesia.com\\\/es\\\/?s={search_term_string}\"},\"query-input\":{\"@type\":\"PropertyValueSpecification\",\"valueRequired\":true,\"valueName\":\"search_term_string\"}}],\"inLanguage\":\"es\"},{\"@type\":\"Organization\",\"@id\":\"https:\\\/\\\/craftygenesindonesia.com\\\/es\\\/#organization\",\"name\":\"Craftygenesindonesia\",\"url\":\"https:\\\/\\\/craftygenesindonesia.com\\\/es\\\/\",\"logo\":{\"@type\":\"ImageObject\",\"inLanguage\":\"es\",\"@id\":\"https:\\\/\\\/craftygenesindonesia.com\\\/es\\\/#\\\/schema\\\/logo\\\/image\\\/\",\"url\":\"https:\\\/\\\/craftygenesindonesia.com\\\/wp-content\\\/uploads\\\/2025\\\/11\\\/cropped-Copy-of-Craftygenesindonesia.jpg\",\"contentUrl\":\"https:\\\/\\\/craftygenesindonesia.com\\\/wp-content\\\/uploads\\\/2025\\\/11\\\/cropped-Copy-of-Craftygenesindonesia.jpg\",\"width\":180,\"height\":60,\"caption\":\"Craftygenesindonesia\"},\"image\":{\"@id\":\"https:\\\/\\\/craftygenesindonesia.com\\\/es\\\/#\\\/schema\\\/logo\\\/image\\\/\"}}]}<\/script>\n<!-- \/ Yoast SEO plugin. -->","yoast_head_json":{"title":"Nuestra Se\u00f1ora de la Asunci\u00f3n haakpatroon - Craftygenesindonesia","description":"Encargue aqu\u00ed mi patr\u00f3n de ganchillo \"Nuestra Se\u00f1ora de la Asunci\u00f3n\". Aqu\u00ed tambi\u00e9n encontrar\u00e1 enlaces al patr\u00f3n en Haked, Etsy & Ravelry.","robots":{"index":"index","follow":"follow","max-snippet":"max-snippet:-1","max-image-preview":"max-image-preview:large","max-video-preview":"max-video-preview:-1"},"canonical":"https:\/\/craftygenesindonesia.com\/es\/shop\/religioso\/nuestra-senora-de-la-asuncion\/","og_locale":"es_ES","og_type":"article","og_title":"Nuestra Se\u00f1ora de la Asunci\u00f3n","og_description":"Encargue aqu\u00ed mi patr\u00f3n de ganchillo \"Nuestra Se\u00f1ora de la Asunci\u00f3n\". Aqu\u00ed tambi\u00e9n encontrar\u00e1 enlaces al patr\u00f3n en Haked, Etsy & Ravelry.","og_url":"https:\/\/craftygenesindonesia.com\/es\/shop\/religioso\/nuestra-senora-de-la-asuncion\/","og_site_name":"Craftygenesindonesia","article_modified_time":"2025-11-14T00:20:36+00:00","twitter_card":"summary_large_image","twitter_title":"Nuestra Se\u00f1ora de la Asunci\u00f3n","twitter_description":"Encargue aqu\u00ed mi patr\u00f3n de ganchillo \"Nuestra Se\u00f1ora de la Asunci\u00f3n\". Aqu\u00ed tambi\u00e9n encontrar\u00e1 enlaces al patr\u00f3n en Haked, Etsy & Ravelry.","twitter_misc":{"Tiempo de lectura":"1 minuto"},"schema":{"@context":"https:\/\/schema.org","@graph":[{"@type":"WebPage","@id":"https:\/\/craftygenesindonesia.com\/es\/shop\/religioso\/nuestra-senora-de-la-asuncion\/","url":"https:\/\/craftygenesindonesia.com\/es\/shop\/religioso\/nuestra-senora-de-la-asuncion\/","name":"Nuestra Se\u00f1ora de la Asunci\u00f3n haakpatroon - Craftygenesindonesia","isPartOf":{"@id":"https:\/\/craftygenesindonesia.com\/es\/#website"},"primaryImageOfPage":{"@id":"https:\/\/craftygenesindonesia.com\/es\/shop\/religioso\/nuestra-senora-de-la-asuncion\/#primaryimage"},"image":{"@id":"https:\/\/craftygenesindonesia.com\/es\/shop\/religioso\/nuestra-senora-de-la-asuncion\/#primaryimage"},"thumbnailUrl":"https:\/\/craftygenesindonesia.com\/wp-content\/uploads\/2022\/06\/Our-Lady-Assumption.jpg","datePublished":"2022-06-28T12:35:49+00:00","dateModified":"2025-11-14T00:20:36+00:00","description":"Encargue aqu\u00ed mi patr\u00f3n de ganchillo \"Nuestra Se\u00f1ora de la Asunci\u00f3n\". Aqu\u00ed tambi\u00e9n encontrar\u00e1 enlaces al patr\u00f3n en Haked, Etsy & Ravelry.","breadcrumb":{"@id":"https:\/\/craftygenesindonesia.com\/es\/shop\/religioso\/nuestra-senora-de-la-asuncion\/#breadcrumb"},"inLanguage":"es","potentialAction":[{"@type":"ReadAction","target":["https:\/\/craftygenesindonesia.com\/es\/shop\/religioso\/nuestra-senora-de-la-asuncion\/"]}]},{"@type":"ImageObject","inLanguage":"es","@id":"https:\/\/craftygenesindonesia.com\/es\/shop\/religioso\/nuestra-senora-de-la-asuncion\/#primaryimage","url":"https:\/\/craftygenesindonesia.com\/wp-content\/uploads\/2022\/06\/Our-Lady-Assumption.jpg","contentUrl":"https:\/\/craftygenesindonesia.com\/wp-content\/uploads\/2022\/06\/Our-Lady-Assumption.jpg","width":1080,"height":1080,"caption":"crochet Our Lady of the Assumption"},{"@type":"BreadcrumbList","@id":"https:\/\/craftygenesindonesia.com\/es\/shop\/religioso\/nuestra-senora-de-la-asuncion\/#breadcrumb","itemListElement":[{"@type":"ListItem","position":1,"name":"Home","item":"https:\/\/craftygenesindonesia.com\/es\/"},{"@type":"ListItem","position":2,"name":"Tienda de patrones","item":"https:\/\/craftygenesindonesia.com\/es\/tienda-de-patrones\/"},{"@type":"ListItem","position":3,"name":"Nuestra Se\u00f1ora de la Asunci\u00f3n"}]},{"@type":"WebSite","@id":"https:\/\/craftygenesindonesia.com\/es\/#website","url":"https:\/\/craftygenesindonesia.com\/es\/","name":"Craftygenesindonesia","description":"","publisher":{"@id":"https:\/\/craftygenesindonesia.com\/es\/#organization"},"potentialAction":[{"@type":"SearchAction","target":{"@type":"EntryPoint","urlTemplate":"https:\/\/craftygenesindonesia.com\/es\/?s={search_term_string}"},"query-input":{"@type":"PropertyValueSpecification","valueRequired":true,"valueName":"search_term_string"}}],"inLanguage":"es"},{"@type":"Organization","@id":"https:\/\/craftygenesindonesia.com\/es\/#organization","name":"Craftygenesindonesia","url":"https:\/\/craftygenesindonesia.com\/es\/","logo":{"@type":"ImageObject","inLanguage":"es","@id":"https:\/\/craftygenesindonesia.com\/es\/#\/schema\/logo\/image\/","url":"https:\/\/craftygenesindonesia.com\/wp-content\/uploads\/2025\/11\/cropped-Copy-of-Craftygenesindonesia.jpg","contentUrl":"https:\/\/craftygenesindonesia.com\/wp-content\/uploads\/2025\/11\/cropped-Copy-of-Craftygenesindonesia.jpg","width":180,"height":60,"caption":"Craftygenesindonesia"},"image":{"@id":"https:\/\/craftygenesindonesia.com\/es\/#\/schema\/logo\/image\/"}}]}},"_links":{"self":[{"href":"https:\/\/craftygenesindonesia.com\/es\/wp-json\/wp\/v2\/product\/17661","targetHints":{"allow":["GET"]}}],"collection":[{"href":"https:\/\/craftygenesindonesia.com\/es\/wp-json\/wp\/v2\/product"}],"about":[{"href":"https:\/\/craftygenesindonesia.com\/es\/wp-json\/wp\/v2\/types\/product"}],"replies":[{"embeddable":true,"href":"https:\/\/craftygenesindonesia.com\/es\/wp-json\/wp\/v2\/comments?post=17661"}],"wp:featuredmedia":[{"embeddable":true,"href":"https:\/\/craftygenesindonesia.com\/es\/wp-json\/wp\/v2\/media\/987519861"}],"wp:attachment":[{"href":"https:\/\/craftygenesindonesia.com\/es\/wp-json\/wp\/v2\/media?parent=17661"}],"wp:term":[{"taxonomy":"product_brand","embeddable":true,"href":"https:\/\/craftygenesindonesia.com\/es\/wp-json\/wp\/v2\/product_brand?post=17661"},{"taxonomy":"product_cat","embeddable":true,"href":"https:\/\/craftygenesindonesia.com\/es\/wp-json\/wp\/v2\/product_cat?post=17661"},{"taxonomy":"product_tag","embeddable":true,"href":"https:\/\/craftygenesindonesia.com\/es\/wp-json\/wp\/v2\/product_tag?post=17661"}],"curies":[{"name":"wp","href":"https:\/\/api.w.org\/{rel}","templated":true}]}}