{"id":17635,"date":"2022-07-01T19:51:37","date_gmt":"2022-07-01T11:51:37","guid":{"rendered":"https:\/\/craftygenesindonesia.com\/?post_type=product&#038;p=17635"},"modified":"2026-01-12T08:37:04","modified_gmt":"2026-01-12T00:37:04","slug":"tren-navideno","status":"publish","type":"product","link":"https:\/\/craftygenesindonesia.com\/es\/shop\/navidad\/tren-navideno\/","title":{"rendered":"Tren navide\u00f1o"},"content":{"rendered":"<p><strong>Tren navide\u00f1o de Crafty<\/strong><\/p>\n<p>&nbsp;<\/p>\n<p><strong>Tipo de archivo:<\/strong> patr\u00f3n de ganchillo &#8211; descarga digital, no es un art\u00edculo f\u00edsico.<\/p>\n<p><strong>Idiomas disponibles: ingl\u00e9s, neerland\u00e9s, franc\u00e9s, espa\u00f1ol, alem\u00e1n, italiano y portugu\u00e9s.<\/strong><\/p>\n<p>&nbsp;<\/p>\n<p><strong>IMPORTANTE: Todo lo que se ve en la imagen est\u00e1 incluido en el patr\u00f3n de ganchillo.<\/strong><\/p>\n<p>&nbsp;<\/p>\n<p><strong>Tama\u00f1o del art\u00edculo terminado<\/strong>: el tren mide 60 cm de largo. Pap\u00e1 Noel mide 16,5 cm de alto. El \u00e1rbol mide 20 cm de alto.<\/p>\n<p><strong>Tipo de hilo:<\/strong> hilo de grosor \u00abfingering\u00bb (tama\u00f1o 3).<\/p>\n<p><strong>Marcas recomendadas:<\/strong> Catona de Scheepjes, Durable Coral, &#8230;<\/p>\n<p><strong>Colores de hilo necesarios:<\/strong> negro, marr\u00f3n, marr\u00f3n oscuro, verde oscuro, naranja oscuro, verde, azul claro, dorado metalizado, naranja, rosa, rojo, morado, color piel, blanco, amarillo<\/p>\n<p>&nbsp;<\/p>\n<p><strong>Ganchillo<\/strong>: 2 mm<\/p>\n<p>&nbsp;<\/p>\n<p><strong>Otros materiales necesarios:<\/strong> relleno, aguja de tapiz, alambre de aluminio, alicates de corte, bastoncillos de algod\u00f3n, pegamento, pistola de pegamento, l\u00e1piz, tijeras, marcadores de puntos, cinta adhesiva, ojos de seguridad negros de 7 mm, ojos de seguridad marrones de 10 mm con ojos de seguridad negros, campana met\u00e1lica, limpiapipas met\u00e1licos, cart\u00f3n, rollo de cart\u00f3n (opcional), alambre para abalorios, estrella de pl\u00e1stico, mini pompones, botones y cinta m\u00e9trica.<\/p>\n<p>&nbsp;<\/p>\n<p><strong>Informaci\u00f3n sobre derechos de autor y ayuda:<\/strong><\/p>\n<p>Este patr\u00f3n es un patr\u00f3n escrito (digital) con muchas im\u00e1genes para ayudarte. Si tienes alguna pregunta sobre el patr\u00f3n, env\u00edame un correo electr\u00f3nico a craftygenesindonesia@gmail.com.<\/p>\n<p>&nbsp;<\/p>\n<p><strong>Este patr\u00f3n digital de ganchillo es solo para uso personal y tiene derechos de autor. Por lo tanto, no puedes copiarlo, venderlo, revenderlo, traducirlo, reclamarlo como tu propio dise\u00f1o, distribuirlo, compartirlo, publicarlo, solo publicarlo&#8230; de ninguna manera ni forma sin mi permiso. \u00a1Ni siquiera una parte!<\/strong><\/p>\n<p>&nbsp;<\/p>\n<p><strong>Se te permite vender el producto o art\u00edculo terminado, en peque\u00f1as cantidades, pero no se te permite vender el patr\u00f3n de ganchillo en s\u00ed. Menciona que el patr\u00f3n de ganchillo es m\u00edo, Craftygenesindonesia, y d\u00f3nde se puede comprar.<\/strong><\/p>\n","protected":false},"excerpt":{"rendered":"<p>Este es un patr\u00f3n de ganchillo f\u00e1cil de seguir para un precioso tren de Navidad. Es uno de los patrones de ganchillo m\u00e1s f\u00e1ciles que tengo. Todo lo que ves en la foto est\u00e1 en el patr\u00f3n.<\/p>\n<p>Este tren quedar\u00eda muy bien debajo del \u00e1rbol de Navidad, sobre la chimenea, &#8230; Un patr\u00f3n de ganchillo imprescindible para quienes les guste hacer adornos navide\u00f1os y adoren los trenes.<\/p>\n","protected":false},"featured_media":987535852,"comment_status":"open","ping_status":"closed","template":"","meta":{"_acf_changed":false},"product_brand":[],"product_cat":[3047],"product_tag":[11823,8649],"class_list":{"0":"post-17635","1":"product","2":"type-product","3":"status-publish","4":"has-post-thumbnail","6":"product_cat-navidad","7":"product_tag-lolly-pop-es","8":"product_tag-santa-es","9":"pa_available_on-craftygenesindonesia","10":"pa_available_on-etsy","11":"pa_available_on-haked-nl","12":"pa_available_on-payhip","13":"pa_available_on-ravelry","14":"pa_languages-aleman","15":"pa_languages-espanol","16":"pa_languages-estados-unidos-ingles","17":"pa_languages-frances","18":"pa_languages-holandes","19":"pa_languages-italiano","20":"pa_languages-portugues","22":"first","23":"instock","24":"downloadable","25":"virtual","26":"purchasable","27":"product-type-simple"},"acf":[],"yoast_head":"<!-- This site is optimized with the Yoast SEO plugin v27.3 - https:\/\/yoast.com\/product\/yoast-seo-wordpress\/ -->\n<title>Tren navide\u00f1o patr\u00f3n de ganchillo - Craftygenesindonesia<\/title>\n<meta name=\"description\" content=\"Compra aqu\u00ed mi patr\u00f3n de ganchillo &quot;Tren de Navidad&quot;. El patr\u00f3n de ganchillo f\u00e1cil de seguir tambi\u00e9n est\u00e1 disponible en Haked, Etsy, Ravelry, Payhip\" \/>\n<meta name=\"robots\" content=\"index, follow, max-snippet:-1, max-image-preview:large, max-video-preview:-1\" \/>\n<link rel=\"canonical\" href=\"https:\/\/craftygenesindonesia.com\/es\/shop\/navidad\/tren-navideno\/\" \/>\n<meta property=\"og:locale\" content=\"es_ES\" \/>\n<meta property=\"og:type\" content=\"article\" \/>\n<meta property=\"og:title\" content=\"Patr\u00f3n de ganchillo &quot;Tren de Navidad&quot;\" \/>\n<meta property=\"og:description\" content=\"Compra aqu\u00ed mi patr\u00f3n de ganchillo &quot;Tren de Navidad&quot;. El patr\u00f3n de ganchillo f\u00e1cil de seguir tambi\u00e9n est\u00e1 disponible en Haked, Etsy, Ravelry, Payhip\" \/>\n<meta property=\"og:url\" content=\"https:\/\/craftygenesindonesia.com\/es\/shop\/navidad\/tren-navideno\/\" \/>\n<meta property=\"og:site_name\" content=\"Craftygenesindonesia\" \/>\n<meta property=\"article:modified_time\" content=\"2026-01-12T00:37:04+00:00\" \/>\n<meta property=\"og:image\" content=\"https:\/\/craftygenesindonesia.com\/wp-content\/uploads\/2022\/07\/The-Crafty-Christmas-Train-2.jpg\" \/>\n\t<meta property=\"og:image:width\" content=\"1080\" \/>\n\t<meta property=\"og:image:height\" content=\"1080\" \/>\n\t<meta property=\"og:image:type\" content=\"image\/jpeg\" \/>\n<meta name=\"twitter:card\" content=\"summary_large_image\" \/>\n<meta name=\"twitter:title\" content=\"El tren navide\u00f1o de Crafty\" \/>\n<meta name=\"twitter:description\" content=\"Encarga aqu\u00ed mi patr\u00f3n de ganchillo &quot;El tren navide\u00f1o de Crafty&quot;. Aqu\u00ed tambi\u00e9n encontrar\u00e1s enlaces al patr\u00f3n en Haked, Etsy y Ravelry.\" \/>\n<meta name=\"twitter:label1\" content=\"Tiempo de lectura\" \/>\n\t<meta name=\"twitter:data1\" content=\"2 minutos\" \/>\n<script type=\"application\/ld+json\" class=\"yoast-schema-graph\">{\"@context\":\"https:\\\/\\\/schema.org\",\"@graph\":[{\"@type\":\"WebPage\",\"@id\":\"https:\\\/\\\/craftygenesindonesia.com\\\/es\\\/shop\\\/navidad\\\/tren-navideno\\\/\",\"url\":\"https:\\\/\\\/craftygenesindonesia.com\\\/es\\\/shop\\\/navidad\\\/tren-navideno\\\/\",\"name\":\"Tren navide\u00f1o patr\u00f3n de ganchillo - Craftygenesindonesia\",\"isPartOf\":{\"@id\":\"https:\\\/\\\/craftygenesindonesia.com\\\/es\\\/#website\"},\"primaryImageOfPage\":{\"@id\":\"https:\\\/\\\/craftygenesindonesia.com\\\/es\\\/shop\\\/navidad\\\/tren-navideno\\\/#primaryimage\"},\"image\":{\"@id\":\"https:\\\/\\\/craftygenesindonesia.com\\\/es\\\/shop\\\/navidad\\\/tren-navideno\\\/#primaryimage\"},\"thumbnailUrl\":\"https:\\\/\\\/craftygenesindonesia.com\\\/wp-content\\\/uploads\\\/2022\\\/07\\\/The-Crafty-Christmas-Train-2.jpg\",\"datePublished\":\"2022-07-01T11:51:37+00:00\",\"dateModified\":\"2026-01-12T00:37:04+00:00\",\"description\":\"Compra aqu\u00ed mi patr\u00f3n de ganchillo \\\"Tren de Navidad\\\". El patr\u00f3n de ganchillo f\u00e1cil de seguir tambi\u00e9n est\u00e1 disponible en Haked, Etsy, Ravelry, Payhip\",\"breadcrumb\":{\"@id\":\"https:\\\/\\\/craftygenesindonesia.com\\\/es\\\/shop\\\/navidad\\\/tren-navideno\\\/#breadcrumb\"},\"inLanguage\":\"es\",\"potentialAction\":[{\"@type\":\"ReadAction\",\"target\":[\"https:\\\/\\\/craftygenesindonesia.com\\\/es\\\/shop\\\/navidad\\\/tren-navideno\\\/\"]}]},{\"@type\":\"ImageObject\",\"inLanguage\":\"es\",\"@id\":\"https:\\\/\\\/craftygenesindonesia.com\\\/es\\\/shop\\\/navidad\\\/tren-navideno\\\/#primaryimage\",\"url\":\"https:\\\/\\\/craftygenesindonesia.com\\\/wp-content\\\/uploads\\\/2022\\\/07\\\/The-Crafty-Christmas-Train-2.jpg\",\"contentUrl\":\"https:\\\/\\\/craftygenesindonesia.com\\\/wp-content\\\/uploads\\\/2022\\\/07\\\/The-Crafty-Christmas-Train-2.jpg\",\"width\":1080,\"height\":1080,\"caption\":\"crochet Christmas train with Santa, snowman, gingerbread man, gifts, Christmas tree\"},{\"@type\":\"BreadcrumbList\",\"@id\":\"https:\\\/\\\/craftygenesindonesia.com\\\/es\\\/shop\\\/navidad\\\/tren-navideno\\\/#breadcrumb\",\"itemListElement\":[{\"@type\":\"ListItem\",\"position\":1,\"name\":\"Home\",\"item\":\"https:\\\/\\\/craftygenesindonesia.com\\\/es\\\/\"},{\"@type\":\"ListItem\",\"position\":2,\"name\":\"Tienda de patrones\",\"item\":\"https:\\\/\\\/craftygenesindonesia.com\\\/es\\\/tienda-de-patrones\\\/\"},{\"@type\":\"ListItem\",\"position\":3,\"name\":\"Tren navide\u00f1o\"}]},{\"@type\":\"WebSite\",\"@id\":\"https:\\\/\\\/craftygenesindonesia.com\\\/es\\\/#website\",\"url\":\"https:\\\/\\\/craftygenesindonesia.com\\\/es\\\/\",\"name\":\"Craftygenesindonesia\",\"description\":\"\",\"publisher\":{\"@id\":\"https:\\\/\\\/craftygenesindonesia.com\\\/es\\\/#organization\"},\"potentialAction\":[{\"@type\":\"SearchAction\",\"target\":{\"@type\":\"EntryPoint\",\"urlTemplate\":\"https:\\\/\\\/craftygenesindonesia.com\\\/es\\\/?s={search_term_string}\"},\"query-input\":{\"@type\":\"PropertyValueSpecification\",\"valueRequired\":true,\"valueName\":\"search_term_string\"}}],\"inLanguage\":\"es\"},{\"@type\":\"Organization\",\"@id\":\"https:\\\/\\\/craftygenesindonesia.com\\\/es\\\/#organization\",\"name\":\"Craftygenesindonesia\",\"url\":\"https:\\\/\\\/craftygenesindonesia.com\\\/es\\\/\",\"logo\":{\"@type\":\"ImageObject\",\"inLanguage\":\"es\",\"@id\":\"https:\\\/\\\/craftygenesindonesia.com\\\/es\\\/#\\\/schema\\\/logo\\\/image\\\/\",\"url\":\"https:\\\/\\\/craftygenesindonesia.com\\\/wp-content\\\/uploads\\\/2025\\\/11\\\/cropped-Copy-of-Craftygenesindonesia.jpg\",\"contentUrl\":\"https:\\\/\\\/craftygenesindonesia.com\\\/wp-content\\\/uploads\\\/2025\\\/11\\\/cropped-Copy-of-Craftygenesindonesia.jpg\",\"width\":180,\"height\":60,\"caption\":\"Craftygenesindonesia\"},\"image\":{\"@id\":\"https:\\\/\\\/craftygenesindonesia.com\\\/es\\\/#\\\/schema\\\/logo\\\/image\\\/\"}}]}<\/script>\n<!-- \/ Yoast SEO plugin. -->","yoast_head_json":{"title":"Tren navide\u00f1o patr\u00f3n de ganchillo - Craftygenesindonesia","description":"Compra aqu\u00ed mi patr\u00f3n de ganchillo \"Tren de Navidad\". El patr\u00f3n de ganchillo f\u00e1cil de seguir tambi\u00e9n est\u00e1 disponible en Haked, Etsy, Ravelry, Payhip","robots":{"index":"index","follow":"follow","max-snippet":"max-snippet:-1","max-image-preview":"max-image-preview:large","max-video-preview":"max-video-preview:-1"},"canonical":"https:\/\/craftygenesindonesia.com\/es\/shop\/navidad\/tren-navideno\/","og_locale":"es_ES","og_type":"article","og_title":"Patr\u00f3n de ganchillo \"Tren de Navidad\"","og_description":"Compra aqu\u00ed mi patr\u00f3n de ganchillo \"Tren de Navidad\". El patr\u00f3n de ganchillo f\u00e1cil de seguir tambi\u00e9n est\u00e1 disponible en Haked, Etsy, Ravelry, Payhip","og_url":"https:\/\/craftygenesindonesia.com\/es\/shop\/navidad\/tren-navideno\/","og_site_name":"Craftygenesindonesia","article_modified_time":"2026-01-12T00:37:04+00:00","og_image":[{"width":1080,"height":1080,"url":"https:\/\/craftygenesindonesia.com\/wp-content\/uploads\/2022\/07\/The-Crafty-Christmas-Train-2.jpg","type":"image\/jpeg"}],"twitter_card":"summary_large_image","twitter_title":"El tren navide\u00f1o de Crafty","twitter_description":"Encarga aqu\u00ed mi patr\u00f3n de ganchillo \"El tren navide\u00f1o de Crafty\". Aqu\u00ed tambi\u00e9n encontrar\u00e1s enlaces al patr\u00f3n en Haked, Etsy y Ravelry.","twitter_misc":{"Tiempo de lectura":"2 minutos"},"schema":{"@context":"https:\/\/schema.org","@graph":[{"@type":"WebPage","@id":"https:\/\/craftygenesindonesia.com\/es\/shop\/navidad\/tren-navideno\/","url":"https:\/\/craftygenesindonesia.com\/es\/shop\/navidad\/tren-navideno\/","name":"Tren navide\u00f1o patr\u00f3n de ganchillo - Craftygenesindonesia","isPartOf":{"@id":"https:\/\/craftygenesindonesia.com\/es\/#website"},"primaryImageOfPage":{"@id":"https:\/\/craftygenesindonesia.com\/es\/shop\/navidad\/tren-navideno\/#primaryimage"},"image":{"@id":"https:\/\/craftygenesindonesia.com\/es\/shop\/navidad\/tren-navideno\/#primaryimage"},"thumbnailUrl":"https:\/\/craftygenesindonesia.com\/wp-content\/uploads\/2022\/07\/The-Crafty-Christmas-Train-2.jpg","datePublished":"2022-07-01T11:51:37+00:00","dateModified":"2026-01-12T00:37:04+00:00","description":"Compra aqu\u00ed mi patr\u00f3n de ganchillo \"Tren de Navidad\". El patr\u00f3n de ganchillo f\u00e1cil de seguir tambi\u00e9n est\u00e1 disponible en Haked, Etsy, Ravelry, Payhip","breadcrumb":{"@id":"https:\/\/craftygenesindonesia.com\/es\/shop\/navidad\/tren-navideno\/#breadcrumb"},"inLanguage":"es","potentialAction":[{"@type":"ReadAction","target":["https:\/\/craftygenesindonesia.com\/es\/shop\/navidad\/tren-navideno\/"]}]},{"@type":"ImageObject","inLanguage":"es","@id":"https:\/\/craftygenesindonesia.com\/es\/shop\/navidad\/tren-navideno\/#primaryimage","url":"https:\/\/craftygenesindonesia.com\/wp-content\/uploads\/2022\/07\/The-Crafty-Christmas-Train-2.jpg","contentUrl":"https:\/\/craftygenesindonesia.com\/wp-content\/uploads\/2022\/07\/The-Crafty-Christmas-Train-2.jpg","width":1080,"height":1080,"caption":"crochet Christmas train with Santa, snowman, gingerbread man, gifts, Christmas tree"},{"@type":"BreadcrumbList","@id":"https:\/\/craftygenesindonesia.com\/es\/shop\/navidad\/tren-navideno\/#breadcrumb","itemListElement":[{"@type":"ListItem","position":1,"name":"Home","item":"https:\/\/craftygenesindonesia.com\/es\/"},{"@type":"ListItem","position":2,"name":"Tienda de patrones","item":"https:\/\/craftygenesindonesia.com\/es\/tienda-de-patrones\/"},{"@type":"ListItem","position":3,"name":"Tren navide\u00f1o"}]},{"@type":"WebSite","@id":"https:\/\/craftygenesindonesia.com\/es\/#website","url":"https:\/\/craftygenesindonesia.com\/es\/","name":"Craftygenesindonesia","description":"","publisher":{"@id":"https:\/\/craftygenesindonesia.com\/es\/#organization"},"potentialAction":[{"@type":"SearchAction","target":{"@type":"EntryPoint","urlTemplate":"https:\/\/craftygenesindonesia.com\/es\/?s={search_term_string}"},"query-input":{"@type":"PropertyValueSpecification","valueRequired":true,"valueName":"search_term_string"}}],"inLanguage":"es"},{"@type":"Organization","@id":"https:\/\/craftygenesindonesia.com\/es\/#organization","name":"Craftygenesindonesia","url":"https:\/\/craftygenesindonesia.com\/es\/","logo":{"@type":"ImageObject","inLanguage":"es","@id":"https:\/\/craftygenesindonesia.com\/es\/#\/schema\/logo\/image\/","url":"https:\/\/craftygenesindonesia.com\/wp-content\/uploads\/2025\/11\/cropped-Copy-of-Craftygenesindonesia.jpg","contentUrl":"https:\/\/craftygenesindonesia.com\/wp-content\/uploads\/2025\/11\/cropped-Copy-of-Craftygenesindonesia.jpg","width":180,"height":60,"caption":"Craftygenesindonesia"},"image":{"@id":"https:\/\/craftygenesindonesia.com\/es\/#\/schema\/logo\/image\/"}}]}},"_links":{"self":[{"href":"https:\/\/craftygenesindonesia.com\/es\/wp-json\/wp\/v2\/product\/17635","targetHints":{"allow":["GET"]}}],"collection":[{"href":"https:\/\/craftygenesindonesia.com\/es\/wp-json\/wp\/v2\/product"}],"about":[{"href":"https:\/\/craftygenesindonesia.com\/es\/wp-json\/wp\/v2\/types\/product"}],"replies":[{"embeddable":true,"href":"https:\/\/craftygenesindonesia.com\/es\/wp-json\/wp\/v2\/comments?post=17635"}],"wp:featuredmedia":[{"embeddable":true,"href":"https:\/\/craftygenesindonesia.com\/es\/wp-json\/wp\/v2\/media\/987535852"}],"wp:attachment":[{"href":"https:\/\/craftygenesindonesia.com\/es\/wp-json\/wp\/v2\/media?parent=17635"}],"wp:term":[{"taxonomy":"product_brand","embeddable":true,"href":"https:\/\/craftygenesindonesia.com\/es\/wp-json\/wp\/v2\/product_brand?post=17635"},{"taxonomy":"product_cat","embeddable":true,"href":"https:\/\/craftygenesindonesia.com\/es\/wp-json\/wp\/v2\/product_cat?post=17635"},{"taxonomy":"product_tag","embeddable":true,"href":"https:\/\/craftygenesindonesia.com\/es\/wp-json\/wp\/v2\/product_tag?post=17635"}],"curies":[{"name":"wp","href":"https:\/\/api.w.org\/{rel}","templated":true}]}}