{"id":17632,"date":"2022-07-12T16:37:37","date_gmt":"2022-07-12T08:37:37","guid":{"rendered":"https:\/\/craftygenesindonesia.com\/?post_type=product&#038;p=17632"},"modified":"2025-11-14T07:08:33","modified_gmt":"2025-11-13T23:08:33","slug":"billy-hace-de-payaso","status":"publish","type":"product","link":"https:\/\/craftygenesindonesia.com\/es\/shop\/munecas-infantiles\/billy-hace-de-payaso\/","title":{"rendered":"Billy hace de payaso"},"content":{"rendered":"<p>Tama\u00f1o: Mide 30 cm. El pato mide 9,5 cm. El ovillo m\u00e1s grande tiene un di\u00e1metro de 7 cm y el m\u00e1s peque\u00f1o de 6 cm.<\/p>\n<p>Hilo: Todo el set est\u00e1 hecho con hilo de peso \u00abWORSTED\u00bb adecuado para amigurumi y un ganchillo de tama\u00f1o 2.5mm.<\/p>\n<p>Yo utilizo hilo de algod\u00f3n de leche, pero puedes utilizar otras marcas de algod\u00f3n o acr\u00edlico. Tambi\u00e9n puedes utilizar hilo m\u00e1s grueso o m\u00e1s fino con una aguja de ganchillo adecuada. El resultado final ser\u00e1 ligeramente m\u00e1s grande\/peque\u00f1o que el m\u00edo.<\/p>\n<p>Necesitar\u00e1s estos colores: fucsia, verde, azul claro, naranja, morado, rojo, color piel, turquesa, blanco y amarillo. Las cantidades que necesitas de cada color se encuentran en la p\u00e1gina 1 del patr\u00f3n.<\/p>\n<p>Tambi\u00e9n necesitar\u00e1s una aguja de ganchillo de 2,5 mm, relleno, marcadores de puntos, tijeras, ojos de seguridad de purpurina verde de 14 mm, aguja de tapicer\u00eda y cart\u00f3n.<\/p>\n<p>Este patr\u00f3n es un patr\u00f3n escrito con muchas fotos para ayudarte. Si todav\u00eda tienes preguntas, por favor env\u00edame un mensaje a: craftygenesindonesia@gmail.com<\/p>\n<p><strong>-Este patr\u00f3n es s\u00f3lo para uso personal y tiene COPYRIGHT. El patr\u00f3n por lo tanto NO puede ser copiado, vendido, revendido, traducido, reclamado como su dise\u00f1o, distribuido, compartido, publicado, publicado en l\u00ednea &#8230; en cualquier forma sin mi consentimiento. Ni siquiera una parte.<\/strong><\/p>\n<p><strong>-Puedes vender el art\u00edculo terminado en peque\u00f1as cantidades, PERO NO EL PATR\u00d3N EN S\u00cd. Por favor, menciona que el patr\u00f3n es de Craftygenesindonesia y d\u00f3nde se puede comprar<\/strong><\/p>\n","protected":false},"excerpt":{"rendered":"<p>Este es un patr\u00f3n de ganchillo f\u00e1cil de seguir para un simp\u00e1tico hombrecito vestido de payaso de colores. Ser\u00eda un regalo perfecto para un ni\u00f1o. Adem\u00e1s, \u00a1es perfecto para aprovechar restos de lana!<\/p>\n<p>&nbsp;<\/p>\n","protected":false},"featured_media":987526534,"comment_status":"open","ping_status":"closed","template":"","meta":{"_acf_changed":false},"product_brand":[],"product_cat":[3063],"product_tag":[10879,11023,11479,12724,11102,11022],"class_list":{"0":"post-17632","1":"product","2":"type-product","3":"status-publish","4":"has-post-thumbnail","6":"product_cat-munecas-infantiles","7":"product_tag-bola-es","8":"product_tag-colorido","9":"product_tag-helices-es","10":"product_tag-hoed-es","11":"product_tag-pato-es","12":"product_tag-payaso-es","13":"pa_available_on-craftygenesindonesia","14":"pa_available_on-etsy","15":"pa_available_on-haked-nl","16":"pa_available_on-payhip","17":"pa_available_on-ravelry","18":"pa_languages-aleman","19":"pa_languages-espanol","20":"pa_languages-estados-unidos-ingles","21":"pa_languages-frances","22":"pa_languages-holandes","24":"first","25":"instock","26":"downloadable","27":"virtual","28":"purchasable","29":"product-type-simple"},"acf":[],"yoast_head":"<!-- This site is optimized with the Yoast SEO plugin v27.3 - https:\/\/yoast.com\/product\/yoast-seo-wordpress\/ -->\n<title>Billy hace de payaso patr\u00f3n de ganchillo - Craftygenesindonesia<\/title>\n<meta name=\"description\" content=\"Compra aqu\u00ed mi patr\u00f3n de ganchillo para el mu\u00f1eco payaso \u00abBilly Juega a Payaso\u00bb. El patr\u00f3n de ganchillo tambi\u00e9n est\u00e1 disponible en Etsy, Haked.nl y Ravelry.\" \/>\n<meta name=\"robots\" content=\"index, follow, max-snippet:-1, max-image-preview:large, max-video-preview:-1\" \/>\n<link rel=\"canonical\" href=\"https:\/\/craftygenesindonesia.com\/es\/shop\/munecas-infantiles\/billy-hace-de-payaso\/\" \/>\n<meta property=\"og:locale\" content=\"es_ES\" \/>\n<meta property=\"og:type\" content=\"article\" \/>\n<meta property=\"og:title\" content=\"Billy hace de payaso\" \/>\n<meta property=\"og:description\" content=\"Compra aqu\u00ed mi patr\u00f3n de ganchillo para el mu\u00f1eco payaso \u00abBilly Juega a Payaso\u00bb. El patr\u00f3n de ganchillo tambi\u00e9n est\u00e1 disponible en Etsy, Haked.nl y Ravelry.\" \/>\n<meta property=\"og:url\" content=\"https:\/\/craftygenesindonesia.com\/es\/shop\/munecas-infantiles\/billy-hace-de-payaso\/\" \/>\n<meta property=\"og:site_name\" content=\"Craftygenesindonesia\" \/>\n<meta property=\"article:modified_time\" content=\"2025-11-13T23:08:33+00:00\" \/>\n<meta property=\"og:image\" content=\"https:\/\/craftygenesindonesia.com\/wp-content\/uploads\/2022\/07\/Billy-Plays-Clown-2.jpg\" \/>\n\t<meta property=\"og:image:width\" content=\"1080\" \/>\n\t<meta property=\"og:image:height\" content=\"1080\" \/>\n\t<meta property=\"og:image:type\" content=\"image\/jpeg\" \/>\n<meta name=\"twitter:card\" content=\"summary_large_image\" \/>\n<meta name=\"twitter:title\" content=\"Billy hace de payaso\" \/>\n<meta name=\"twitter:description\" content=\"Compra mi patr\u00f3n de ganchillo &quot;Billy juega al payaso&quot; aqu\u00ed. Tambi\u00e9n encontrar\u00e1s enlaces al patr\u00f3n en Haked.nl, Etsy y Ravelry.\" \/>\n<meta name=\"twitter:label1\" content=\"Tiempo de lectura\" \/>\n\t<meta name=\"twitter:data1\" content=\"2 minutos\" \/>\n<script type=\"application\/ld+json\" class=\"yoast-schema-graph\">{\"@context\":\"https:\\\/\\\/schema.org\",\"@graph\":[{\"@type\":\"WebPage\",\"@id\":\"https:\\\/\\\/craftygenesindonesia.com\\\/es\\\/shop\\\/munecas-infantiles\\\/billy-hace-de-payaso\\\/\",\"url\":\"https:\\\/\\\/craftygenesindonesia.com\\\/es\\\/shop\\\/munecas-infantiles\\\/billy-hace-de-payaso\\\/\",\"name\":\"Billy hace de payaso patr\u00f3n de ganchillo - Craftygenesindonesia\",\"isPartOf\":{\"@id\":\"https:\\\/\\\/craftygenesindonesia.com\\\/es\\\/#website\"},\"primaryImageOfPage\":{\"@id\":\"https:\\\/\\\/craftygenesindonesia.com\\\/es\\\/shop\\\/munecas-infantiles\\\/billy-hace-de-payaso\\\/#primaryimage\"},\"image\":{\"@id\":\"https:\\\/\\\/craftygenesindonesia.com\\\/es\\\/shop\\\/munecas-infantiles\\\/billy-hace-de-payaso\\\/#primaryimage\"},\"thumbnailUrl\":\"https:\\\/\\\/craftygenesindonesia.com\\\/wp-content\\\/uploads\\\/2022\\\/07\\\/Billy-Plays-Clown-2.jpg\",\"datePublished\":\"2022-07-12T08:37:37+00:00\",\"dateModified\":\"2025-11-13T23:08:33+00:00\",\"description\":\"Compra aqu\u00ed mi patr\u00f3n de ganchillo para el mu\u00f1eco payaso \u00abBilly Juega a Payaso\u00bb. El patr\u00f3n de ganchillo tambi\u00e9n est\u00e1 disponible en Etsy, Haked.nl y Ravelry.\",\"breadcrumb\":{\"@id\":\"https:\\\/\\\/craftygenesindonesia.com\\\/es\\\/shop\\\/munecas-infantiles\\\/billy-hace-de-payaso\\\/#breadcrumb\"},\"inLanguage\":\"es\",\"potentialAction\":[{\"@type\":\"ReadAction\",\"target\":[\"https:\\\/\\\/craftygenesindonesia.com\\\/es\\\/shop\\\/munecas-infantiles\\\/billy-hace-de-payaso\\\/\"]}]},{\"@type\":\"ImageObject\",\"inLanguage\":\"es\",\"@id\":\"https:\\\/\\\/craftygenesindonesia.com\\\/es\\\/shop\\\/munecas-infantiles\\\/billy-hace-de-payaso\\\/#primaryimage\",\"url\":\"https:\\\/\\\/craftygenesindonesia.com\\\/wp-content\\\/uploads\\\/2022\\\/07\\\/Billy-Plays-Clown-2.jpg\",\"contentUrl\":\"https:\\\/\\\/craftygenesindonesia.com\\\/wp-content\\\/uploads\\\/2022\\\/07\\\/Billy-Plays-Clown-2.jpg\",\"width\":1080,\"height\":1080,\"caption\":\"crochet clown doll with balls and crochet toy duck\"},{\"@type\":\"BreadcrumbList\",\"@id\":\"https:\\\/\\\/craftygenesindonesia.com\\\/es\\\/shop\\\/munecas-infantiles\\\/billy-hace-de-payaso\\\/#breadcrumb\",\"itemListElement\":[{\"@type\":\"ListItem\",\"position\":1,\"name\":\"Home\",\"item\":\"https:\\\/\\\/craftygenesindonesia.com\\\/es\\\/\"},{\"@type\":\"ListItem\",\"position\":2,\"name\":\"Tienda de patrones\",\"item\":\"https:\\\/\\\/craftygenesindonesia.com\\\/es\\\/tienda-de-patrones\\\/\"},{\"@type\":\"ListItem\",\"position\":3,\"name\":\"Billy hace de payaso\"}]},{\"@type\":\"WebSite\",\"@id\":\"https:\\\/\\\/craftygenesindonesia.com\\\/es\\\/#website\",\"url\":\"https:\\\/\\\/craftygenesindonesia.com\\\/es\\\/\",\"name\":\"Craftygenesindonesia\",\"description\":\"\",\"publisher\":{\"@id\":\"https:\\\/\\\/craftygenesindonesia.com\\\/es\\\/#organization\"},\"potentialAction\":[{\"@type\":\"SearchAction\",\"target\":{\"@type\":\"EntryPoint\",\"urlTemplate\":\"https:\\\/\\\/craftygenesindonesia.com\\\/es\\\/?s={search_term_string}\"},\"query-input\":{\"@type\":\"PropertyValueSpecification\",\"valueRequired\":true,\"valueName\":\"search_term_string\"}}],\"inLanguage\":\"es\"},{\"@type\":\"Organization\",\"@id\":\"https:\\\/\\\/craftygenesindonesia.com\\\/es\\\/#organization\",\"name\":\"Craftygenesindonesia\",\"url\":\"https:\\\/\\\/craftygenesindonesia.com\\\/es\\\/\",\"logo\":{\"@type\":\"ImageObject\",\"inLanguage\":\"es\",\"@id\":\"https:\\\/\\\/craftygenesindonesia.com\\\/es\\\/#\\\/schema\\\/logo\\\/image\\\/\",\"url\":\"https:\\\/\\\/craftygenesindonesia.com\\\/wp-content\\\/uploads\\\/2025\\\/11\\\/cropped-Copy-of-Craftygenesindonesia.jpg\",\"contentUrl\":\"https:\\\/\\\/craftygenesindonesia.com\\\/wp-content\\\/uploads\\\/2025\\\/11\\\/cropped-Copy-of-Craftygenesindonesia.jpg\",\"width\":180,\"height\":60,\"caption\":\"Craftygenesindonesia\"},\"image\":{\"@id\":\"https:\\\/\\\/craftygenesindonesia.com\\\/es\\\/#\\\/schema\\\/logo\\\/image\\\/\"}}]}<\/script>\n<!-- \/ Yoast SEO plugin. -->","yoast_head_json":{"title":"Billy hace de payaso patr\u00f3n de ganchillo - Craftygenesindonesia","description":"Compra aqu\u00ed mi patr\u00f3n de ganchillo para el mu\u00f1eco payaso \u00abBilly Juega a Payaso\u00bb. El patr\u00f3n de ganchillo tambi\u00e9n est\u00e1 disponible en Etsy, Haked.nl y Ravelry.","robots":{"index":"index","follow":"follow","max-snippet":"max-snippet:-1","max-image-preview":"max-image-preview:large","max-video-preview":"max-video-preview:-1"},"canonical":"https:\/\/craftygenesindonesia.com\/es\/shop\/munecas-infantiles\/billy-hace-de-payaso\/","og_locale":"es_ES","og_type":"article","og_title":"Billy hace de payaso","og_description":"Compra aqu\u00ed mi patr\u00f3n de ganchillo para el mu\u00f1eco payaso \u00abBilly Juega a Payaso\u00bb. El patr\u00f3n de ganchillo tambi\u00e9n est\u00e1 disponible en Etsy, Haked.nl y Ravelry.","og_url":"https:\/\/craftygenesindonesia.com\/es\/shop\/munecas-infantiles\/billy-hace-de-payaso\/","og_site_name":"Craftygenesindonesia","article_modified_time":"2025-11-13T23:08:33+00:00","og_image":[{"width":1080,"height":1080,"url":"https:\/\/craftygenesindonesia.com\/wp-content\/uploads\/2022\/07\/Billy-Plays-Clown-2.jpg","type":"image\/jpeg"}],"twitter_card":"summary_large_image","twitter_title":"Billy hace de payaso","twitter_description":"Compra mi patr\u00f3n de ganchillo \"Billy juega al payaso\" aqu\u00ed. Tambi\u00e9n encontrar\u00e1s enlaces al patr\u00f3n en Haked.nl, Etsy y Ravelry.","twitter_misc":{"Tiempo de lectura":"2 minutos"},"schema":{"@context":"https:\/\/schema.org","@graph":[{"@type":"WebPage","@id":"https:\/\/craftygenesindonesia.com\/es\/shop\/munecas-infantiles\/billy-hace-de-payaso\/","url":"https:\/\/craftygenesindonesia.com\/es\/shop\/munecas-infantiles\/billy-hace-de-payaso\/","name":"Billy hace de payaso patr\u00f3n de ganchillo - Craftygenesindonesia","isPartOf":{"@id":"https:\/\/craftygenesindonesia.com\/es\/#website"},"primaryImageOfPage":{"@id":"https:\/\/craftygenesindonesia.com\/es\/shop\/munecas-infantiles\/billy-hace-de-payaso\/#primaryimage"},"image":{"@id":"https:\/\/craftygenesindonesia.com\/es\/shop\/munecas-infantiles\/billy-hace-de-payaso\/#primaryimage"},"thumbnailUrl":"https:\/\/craftygenesindonesia.com\/wp-content\/uploads\/2022\/07\/Billy-Plays-Clown-2.jpg","datePublished":"2022-07-12T08:37:37+00:00","dateModified":"2025-11-13T23:08:33+00:00","description":"Compra aqu\u00ed mi patr\u00f3n de ganchillo para el mu\u00f1eco payaso \u00abBilly Juega a Payaso\u00bb. El patr\u00f3n de ganchillo tambi\u00e9n est\u00e1 disponible en Etsy, Haked.nl y Ravelry.","breadcrumb":{"@id":"https:\/\/craftygenesindonesia.com\/es\/shop\/munecas-infantiles\/billy-hace-de-payaso\/#breadcrumb"},"inLanguage":"es","potentialAction":[{"@type":"ReadAction","target":["https:\/\/craftygenesindonesia.com\/es\/shop\/munecas-infantiles\/billy-hace-de-payaso\/"]}]},{"@type":"ImageObject","inLanguage":"es","@id":"https:\/\/craftygenesindonesia.com\/es\/shop\/munecas-infantiles\/billy-hace-de-payaso\/#primaryimage","url":"https:\/\/craftygenesindonesia.com\/wp-content\/uploads\/2022\/07\/Billy-Plays-Clown-2.jpg","contentUrl":"https:\/\/craftygenesindonesia.com\/wp-content\/uploads\/2022\/07\/Billy-Plays-Clown-2.jpg","width":1080,"height":1080,"caption":"crochet clown doll with balls and crochet toy duck"},{"@type":"BreadcrumbList","@id":"https:\/\/craftygenesindonesia.com\/es\/shop\/munecas-infantiles\/billy-hace-de-payaso\/#breadcrumb","itemListElement":[{"@type":"ListItem","position":1,"name":"Home","item":"https:\/\/craftygenesindonesia.com\/es\/"},{"@type":"ListItem","position":2,"name":"Tienda de patrones","item":"https:\/\/craftygenesindonesia.com\/es\/tienda-de-patrones\/"},{"@type":"ListItem","position":3,"name":"Billy hace de payaso"}]},{"@type":"WebSite","@id":"https:\/\/craftygenesindonesia.com\/es\/#website","url":"https:\/\/craftygenesindonesia.com\/es\/","name":"Craftygenesindonesia","description":"","publisher":{"@id":"https:\/\/craftygenesindonesia.com\/es\/#organization"},"potentialAction":[{"@type":"SearchAction","target":{"@type":"EntryPoint","urlTemplate":"https:\/\/craftygenesindonesia.com\/es\/?s={search_term_string}"},"query-input":{"@type":"PropertyValueSpecification","valueRequired":true,"valueName":"search_term_string"}}],"inLanguage":"es"},{"@type":"Organization","@id":"https:\/\/craftygenesindonesia.com\/es\/#organization","name":"Craftygenesindonesia","url":"https:\/\/craftygenesindonesia.com\/es\/","logo":{"@type":"ImageObject","inLanguage":"es","@id":"https:\/\/craftygenesindonesia.com\/es\/#\/schema\/logo\/image\/","url":"https:\/\/craftygenesindonesia.com\/wp-content\/uploads\/2025\/11\/cropped-Copy-of-Craftygenesindonesia.jpg","contentUrl":"https:\/\/craftygenesindonesia.com\/wp-content\/uploads\/2025\/11\/cropped-Copy-of-Craftygenesindonesia.jpg","width":180,"height":60,"caption":"Craftygenesindonesia"},"image":{"@id":"https:\/\/craftygenesindonesia.com\/es\/#\/schema\/logo\/image\/"}}]}},"_links":{"self":[{"href":"https:\/\/craftygenesindonesia.com\/es\/wp-json\/wp\/v2\/product\/17632","targetHints":{"allow":["GET"]}}],"collection":[{"href":"https:\/\/craftygenesindonesia.com\/es\/wp-json\/wp\/v2\/product"}],"about":[{"href":"https:\/\/craftygenesindonesia.com\/es\/wp-json\/wp\/v2\/types\/product"}],"replies":[{"embeddable":true,"href":"https:\/\/craftygenesindonesia.com\/es\/wp-json\/wp\/v2\/comments?post=17632"}],"wp:featuredmedia":[{"embeddable":true,"href":"https:\/\/craftygenesindonesia.com\/es\/wp-json\/wp\/v2\/media\/987526534"}],"wp:attachment":[{"href":"https:\/\/craftygenesindonesia.com\/es\/wp-json\/wp\/v2\/media?parent=17632"}],"wp:term":[{"taxonomy":"product_brand","embeddable":true,"href":"https:\/\/craftygenesindonesia.com\/es\/wp-json\/wp\/v2\/product_brand?post=17632"},{"taxonomy":"product_cat","embeddable":true,"href":"https:\/\/craftygenesindonesia.com\/es\/wp-json\/wp\/v2\/product_cat?post=17632"},{"taxonomy":"product_tag","embeddable":true,"href":"https:\/\/craftygenesindonesia.com\/es\/wp-json\/wp\/v2\/product_tag?post=17632"}],"curies":[{"name":"wp","href":"https:\/\/api.w.org\/{rel}","templated":true}]}}