{"id":17579,"date":"2022-09-02T16:21:36","date_gmt":"2022-09-02T08:21:36","guid":{"rendered":"https:\/\/craftygenesindonesia.com\/?post_type=product&#038;p=17579"},"modified":"2025-11-14T07:02:05","modified_gmt":"2025-11-13T23:02:05","slug":"la-muneca-marie-louise","status":"publish","type":"product","link":"https:\/\/craftygenesindonesia.com\/es\/shop\/munecas-infantiles\/la-muneca-marie-louise\/","title":{"rendered":"La mu\u00f1eca Marie Louise"},"content":{"rendered":"<p>Tama\u00f1o: Esta preciosa mu\u00f1eca mide unos 35cm\/13.8\u00bb de alto<\/p>\n<p>Hilo: est\u00e1 hecha con hilo de peso \u00abFINGERING\u00bb adecuado para amigurumi y una aguja de ganchillo de 2 mm.<\/p>\n<p>Necesitar\u00e1s estos colores: marr\u00f3n, fucsia, amarillo, color piel, azul claro y una hebra de blanco y otra de negro.<br \/>\nTambi\u00e9n necesitar\u00e1s: relleno &#8211; marcadores de puntos &#8211; aguja de tapicer\u00eda &#8211; tijeras &#8211; alfileres de coser &#8211; 2 ojos de seguridad negros de 12 mm &#8211; 4 juegos de botones a presi\u00f3n (transparentes a ser posible) &#8211; bastoncillo de algod\u00f3n<\/p>\n<p>Aguja de ganchillo: tama\u00f1o 2 mm<\/p>\n<p>Este patr\u00f3n es un patr\u00f3n escrito con muchas fotos para ayudarte. Si tienes alguna pregunta, env\u00edame un mensaje a:\u00a0<a href=\"mailto:craftygenesindonesia@gmail.com\">craftygenesindonesia@gmail.com<\/a><\/p>\n<p><strong>-Este patr\u00f3n es s\u00f3lo para uso personal y tiene COPYRIGHT. Por lo tanto, el patr\u00f3n no puede ser copiado, vendido, revendido, traducido, reclamado como su dise\u00f1o, distribuido, compartido, publicado, publicado en l\u00ednea en cualquier forma sin mi permiso. Ni siquiera una parte.<\/strong><\/p>\n<p><strong>-Puedes vender el producto acabado en peque\u00f1as cantidades, PERO NO EL PATR\u00d3N EN S\u00cd. Menciona que el patr\u00f3n es de Craftygenesindonesia y d\u00f3nde se puede comprar<\/strong><\/p>\n","protected":false},"excerpt":{"rendered":"<p>Este es un patr\u00f3n de ganchillo f\u00e1cil de seguir para una preciosa mu\u00f1eca vestidora tejida a ganchillo. Es un regalo perfecto para los m\u00e1s peque\u00f1os a los que les encanta jugar con mu\u00f1ecas.<\/p>\n<p><a href=\"https:\/\/craftygenesindonesia.com\/es\/contacto\/\" target=\"_blank\" rel=\"noopener\"><strong>Haz clic aqu\u00ed<\/strong><\/a> para ponerte en contacto conmigo y solicitar el patr\u00f3n gratuito de ganchillo de un Vestido de Halloween para Marie Louise<\/p>\n<p>&nbsp;<\/p>\n<div id=\"attachment_20377\" style=\"width: 310px\" class=\"wp-caption alignnone\"><a href=\"https:\/\/craftygenesindonesia.com\/wp-content\/uploads\/2022\/09\/Untitled-design-33-300x300.jpg\"><img decoding=\"async\" aria-describedby=\"caption-attachment-20377\" class=\"size-medium wp-image-20377 lazyload\" data-src=\"https:\/\/craftygenesindonesia.com\/wp-content\/uploads\/2022\/09\/Untitled-design-33-300x300.jpg\" alt=\"crochet doll in bathing suit\" width=\"300\" height=\"300\" data-srcset=\"https:\/\/craftygenesindonesia.com\/wp-content\/uploads\/2022\/09\/Untitled-design-33-300x300.jpg 300w, https:\/\/craftygenesindonesia.com\/wp-content\/uploads\/2022\/09\/Untitled-design-33-150x150.jpg 150w, https:\/\/craftygenesindonesia.com\/wp-content\/uploads\/2022\/09\/Untitled-design-33-768x768.jpg 768w, https:\/\/craftygenesindonesia.com\/wp-content\/uploads\/2022\/09\/Untitled-design-33-600x600.jpg 600w, https:\/\/craftygenesindonesia.com\/wp-content\/uploads\/2022\/09\/Untitled-design-33-100x100.jpg 100w, https:\/\/craftygenesindonesia.com\/wp-content\/uploads\/2022\/09\/Untitled-design-33.jpg 1024w\" data-sizes=\"(max-width: 300px) 100vw, 300px\" src=\"data:image\/svg+xml;base64,PHN2ZyB3aWR0aD0iMSIgaGVpZ2h0PSIxIiB4bWxucz0iaHR0cDovL3d3dy53My5vcmcvMjAwMC9zdmciPjwvc3ZnPg==\" style=\"--smush-placeholder-width: 300px; --smush-placeholder-aspect-ratio: 300\/300;\" \/><\/a><p id=\"caption-attachment-20377\" class=\"wp-caption-text\">Traje de ba\u00f1o Marie Louise<\/p><\/div>\n<p>&nbsp;<\/p>\n<div id=\"attachment_20418\" style=\"width: 310px\" class=\"wp-caption alignnone\"><a href=\"https:\/\/craftygenesindonesia.com\/wp-content\/uploads\/2022\/09\/Untitled-design-45-300x300.jpg\"><img decoding=\"async\" aria-describedby=\"caption-attachment-20418\" class=\"size-medium wp-image-20418 lazyload\" data-src=\"https:\/\/craftygenesindonesia.com\/wp-content\/uploads\/2022\/09\/Untitled-design-45-300x300.jpg\" alt=\"crochet doll\" width=\"300\" height=\"300\" data-srcset=\"https:\/\/craftygenesindonesia.com\/wp-content\/uploads\/2022\/09\/Untitled-design-45-300x300.jpg 300w, https:\/\/craftygenesindonesia.com\/wp-content\/uploads\/2022\/09\/Untitled-design-45-150x150.jpg 150w, https:\/\/craftygenesindonesia.com\/wp-content\/uploads\/2022\/09\/Untitled-design-45-768x768.jpg 768w, https:\/\/craftygenesindonesia.com\/wp-content\/uploads\/2022\/09\/Untitled-design-45-600x600.jpg 600w, https:\/\/craftygenesindonesia.com\/wp-content\/uploads\/2022\/09\/Untitled-design-45-100x100.jpg 100w, https:\/\/craftygenesindonesia.com\/wp-content\/uploads\/2022\/09\/Untitled-design-45.jpg 1024w\" data-sizes=\"(max-width: 300px) 100vw, 300px\" src=\"data:image\/svg+xml;base64,PHN2ZyB3aWR0aD0iMSIgaGVpZ2h0PSIxIiB4bWxucz0iaHR0cDovL3d3dy53My5vcmcvMjAwMC9zdmciPjwvc3ZnPg==\" style=\"--smush-placeholder-width: 300px; --smush-placeholder-aspect-ratio: 300\/300;\" \/><\/a><p id=\"caption-attachment-20418\" class=\"wp-caption-text\">Marie Louise Halloween<\/p><\/div>\n","protected":false},"featured_media":987525792,"comment_status":"open","ping_status":"closed","template":"","meta":{"_acf_changed":false},"product_brand":[],"product_cat":[3063],"product_tag":[10923,10702,10861,11097,11051,11284,11419,11078,11650,11100,11524],"class_list":{"0":"post-17579","1":"product","2":"type-product","3":"status-publish","4":"has-post-thumbnail","6":"product_cat-munecas-infantiles","7":"product_tag-arco","8":"product_tag-marie-louise-es","9":"product_tag-mochila","10":"product_tag-muneca-es-2","11":"product_tag-muneca-de-ganchillo","12":"product_tag-munecas-infantiles","13":"product_tag-pantalones","14":"product_tag-pelo-rizado","15":"product_tag-top-es","16":"product_tag-vestir-muneca","17":"product_tag-zapatos","18":"pa_available_on-craftygenesindonesia","19":"pa_available_on-etsy","20":"pa_available_on-haked-nl","21":"pa_available_on-payhip","22":"pa_available_on-ravelry","23":"pa_languages-aleman","24":"pa_languages-espanol","25":"pa_languages-estados-unidos-ingles","26":"pa_languages-frances","27":"pa_languages-holandes","29":"first","30":"instock","31":"downloadable","32":"virtual","33":"purchasable","34":"product-type-simple"},"acf":[],"yoast_head":"<!-- This site is optimized with the Yoast SEO plugin v27.3 - https:\/\/yoast.com\/product\/yoast-seo-wordpress\/ -->\n<title>La mu\u00f1eca Marie Louise patr\u00f3n de ganchillo - Craftygenesindonesia<\/title>\n<meta name=\"description\" content=\"Encargue aqu\u00ed mi patr\u00f3n de ganchillo &quot;La mu\u00f1eca Marie Louise&quot;. El patr\u00f3n de ganchillo tambi\u00e9n est\u00e1 disponible en Haked.nl, Etsy, Ravelry, Payhip\" \/>\n<meta name=\"robots\" content=\"index, follow, max-snippet:-1, max-image-preview:large, max-video-preview:-1\" \/>\n<link rel=\"canonical\" href=\"https:\/\/craftygenesindonesia.com\/es\/shop\/munecas-infantiles\/la-muneca-marie-louise\/\" \/>\n<meta property=\"og:locale\" content=\"es_ES\" \/>\n<meta property=\"og:type\" content=\"article\" \/>\n<meta property=\"og:title\" content=\"La mu\u00f1eca Marie Louise - patr\u00f3n de ganchillo\" \/>\n<meta property=\"og:description\" content=\"Encargue aqu\u00ed mi patr\u00f3n de ganchillo &quot;La mu\u00f1eca Marie Louise&quot;. El patr\u00f3n de ganchillo tambi\u00e9n est\u00e1 disponible en Haked.nl, Etsy, Ravelry, Payhip\" \/>\n<meta property=\"og:url\" content=\"https:\/\/craftygenesindonesia.com\/es\/shop\/munecas-infantiles\/la-muneca-marie-louise\/\" \/>\n<meta property=\"og:site_name\" content=\"Craftygenesindonesia\" \/>\n<meta property=\"article:modified_time\" content=\"2025-11-13T23:02:05+00:00\" \/>\n<meta property=\"og:image\" content=\"https:\/\/craftygenesindonesia.com\/wp-content\/uploads\/2022\/09\/Marie-Louise-1.jpg\" \/>\n\t<meta property=\"og:image:width\" content=\"1080\" \/>\n\t<meta property=\"og:image:height\" content=\"1080\" \/>\n\t<meta property=\"og:image:type\" content=\"image\/jpeg\" \/>\n<meta name=\"twitter:card\" content=\"summary_large_image\" \/>\n<meta name=\"twitter:title\" content=\"La mu\u00f1eca de vestir Marie Louise\" \/>\n<meta name=\"twitter:description\" content=\"Encargue aqu\u00ed mi patr\u00f3n de ganchillo &quot;La mu\u00f1eca de vestir Marie Louise&quot;. Aqu\u00ed tambi\u00e9n encontrar\u00e1s enlaces al patr\u00f3n en Haked, Etsy y Ravelry.\" \/>\n<meta name=\"twitter:label1\" content=\"Tiempo de lectura\" \/>\n\t<meta name=\"twitter:data1\" content=\"1 minuto\" \/>\n<script type=\"application\/ld+json\" class=\"yoast-schema-graph\">{\"@context\":\"https:\\\/\\\/schema.org\",\"@graph\":[{\"@type\":\"WebPage\",\"@id\":\"https:\\\/\\\/craftygenesindonesia.com\\\/es\\\/shop\\\/munecas-infantiles\\\/la-muneca-marie-louise\\\/\",\"url\":\"https:\\\/\\\/craftygenesindonesia.com\\\/es\\\/shop\\\/munecas-infantiles\\\/la-muneca-marie-louise\\\/\",\"name\":\"La mu\u00f1eca Marie Louise patr\u00f3n de ganchillo - Craftygenesindonesia\",\"isPartOf\":{\"@id\":\"https:\\\/\\\/craftygenesindonesia.com\\\/es\\\/#website\"},\"primaryImageOfPage\":{\"@id\":\"https:\\\/\\\/craftygenesindonesia.com\\\/es\\\/shop\\\/munecas-infantiles\\\/la-muneca-marie-louise\\\/#primaryimage\"},\"image\":{\"@id\":\"https:\\\/\\\/craftygenesindonesia.com\\\/es\\\/shop\\\/munecas-infantiles\\\/la-muneca-marie-louise\\\/#primaryimage\"},\"thumbnailUrl\":\"https:\\\/\\\/craftygenesindonesia.com\\\/wp-content\\\/uploads\\\/2022\\\/09\\\/Marie-Louise-1.jpg\",\"datePublished\":\"2022-09-02T08:21:36+00:00\",\"dateModified\":\"2025-11-13T23:02:05+00:00\",\"description\":\"Encargue aqu\u00ed mi patr\u00f3n de ganchillo \\\"La mu\u00f1eca Marie Louise\\\". El patr\u00f3n de ganchillo tambi\u00e9n est\u00e1 disponible en Haked.nl, Etsy, Ravelry, Payhip\",\"breadcrumb\":{\"@id\":\"https:\\\/\\\/craftygenesindonesia.com\\\/es\\\/shop\\\/munecas-infantiles\\\/la-muneca-marie-louise\\\/#breadcrumb\"},\"inLanguage\":\"es\",\"potentialAction\":[{\"@type\":\"ReadAction\",\"target\":[\"https:\\\/\\\/craftygenesindonesia.com\\\/es\\\/shop\\\/munecas-infantiles\\\/la-muneca-marie-louise\\\/\"]}]},{\"@type\":\"ImageObject\",\"inLanguage\":\"es\",\"@id\":\"https:\\\/\\\/craftygenesindonesia.com\\\/es\\\/shop\\\/munecas-infantiles\\\/la-muneca-marie-louise\\\/#primaryimage\",\"url\":\"https:\\\/\\\/craftygenesindonesia.com\\\/wp-content\\\/uploads\\\/2022\\\/09\\\/Marie-Louise-1.jpg\",\"contentUrl\":\"https:\\\/\\\/craftygenesindonesia.com\\\/wp-content\\\/uploads\\\/2022\\\/09\\\/Marie-Louise-1.jpg\",\"width\":1080,\"height\":1080,\"caption\":\"crochet dress-up doll\"},{\"@type\":\"BreadcrumbList\",\"@id\":\"https:\\\/\\\/craftygenesindonesia.com\\\/es\\\/shop\\\/munecas-infantiles\\\/la-muneca-marie-louise\\\/#breadcrumb\",\"itemListElement\":[{\"@type\":\"ListItem\",\"position\":1,\"name\":\"Home\",\"item\":\"https:\\\/\\\/craftygenesindonesia.com\\\/es\\\/\"},{\"@type\":\"ListItem\",\"position\":2,\"name\":\"Tienda de patrones\",\"item\":\"https:\\\/\\\/craftygenesindonesia.com\\\/es\\\/tienda-de-patrones\\\/\"},{\"@type\":\"ListItem\",\"position\":3,\"name\":\"La mu\u00f1eca Marie Louise\"}]},{\"@type\":\"WebSite\",\"@id\":\"https:\\\/\\\/craftygenesindonesia.com\\\/es\\\/#website\",\"url\":\"https:\\\/\\\/craftygenesindonesia.com\\\/es\\\/\",\"name\":\"Craftygenesindonesia\",\"description\":\"\",\"publisher\":{\"@id\":\"https:\\\/\\\/craftygenesindonesia.com\\\/es\\\/#organization\"},\"potentialAction\":[{\"@type\":\"SearchAction\",\"target\":{\"@type\":\"EntryPoint\",\"urlTemplate\":\"https:\\\/\\\/craftygenesindonesia.com\\\/es\\\/?s={search_term_string}\"},\"query-input\":{\"@type\":\"PropertyValueSpecification\",\"valueRequired\":true,\"valueName\":\"search_term_string\"}}],\"inLanguage\":\"es\"},{\"@type\":\"Organization\",\"@id\":\"https:\\\/\\\/craftygenesindonesia.com\\\/es\\\/#organization\",\"name\":\"Craftygenesindonesia\",\"url\":\"https:\\\/\\\/craftygenesindonesia.com\\\/es\\\/\",\"logo\":{\"@type\":\"ImageObject\",\"inLanguage\":\"es\",\"@id\":\"https:\\\/\\\/craftygenesindonesia.com\\\/es\\\/#\\\/schema\\\/logo\\\/image\\\/\",\"url\":\"https:\\\/\\\/craftygenesindonesia.com\\\/wp-content\\\/uploads\\\/2025\\\/11\\\/cropped-Copy-of-Craftygenesindonesia.jpg\",\"contentUrl\":\"https:\\\/\\\/craftygenesindonesia.com\\\/wp-content\\\/uploads\\\/2025\\\/11\\\/cropped-Copy-of-Craftygenesindonesia.jpg\",\"width\":180,\"height\":60,\"caption\":\"Craftygenesindonesia\"},\"image\":{\"@id\":\"https:\\\/\\\/craftygenesindonesia.com\\\/es\\\/#\\\/schema\\\/logo\\\/image\\\/\"}}]}<\/script>\n<!-- \/ Yoast SEO plugin. -->","yoast_head_json":{"title":"La mu\u00f1eca Marie Louise patr\u00f3n de ganchillo - Craftygenesindonesia","description":"Encargue aqu\u00ed mi patr\u00f3n de ganchillo \"La mu\u00f1eca Marie Louise\". El patr\u00f3n de ganchillo tambi\u00e9n est\u00e1 disponible en Haked.nl, Etsy, Ravelry, Payhip","robots":{"index":"index","follow":"follow","max-snippet":"max-snippet:-1","max-image-preview":"max-image-preview:large","max-video-preview":"max-video-preview:-1"},"canonical":"https:\/\/craftygenesindonesia.com\/es\/shop\/munecas-infantiles\/la-muneca-marie-louise\/","og_locale":"es_ES","og_type":"article","og_title":"La mu\u00f1eca Marie Louise - patr\u00f3n de ganchillo","og_description":"Encargue aqu\u00ed mi patr\u00f3n de ganchillo \"La mu\u00f1eca Marie Louise\". El patr\u00f3n de ganchillo tambi\u00e9n est\u00e1 disponible en Haked.nl, Etsy, Ravelry, Payhip","og_url":"https:\/\/craftygenesindonesia.com\/es\/shop\/munecas-infantiles\/la-muneca-marie-louise\/","og_site_name":"Craftygenesindonesia","article_modified_time":"2025-11-13T23:02:05+00:00","og_image":[{"width":1080,"height":1080,"url":"https:\/\/craftygenesindonesia.com\/wp-content\/uploads\/2022\/09\/Marie-Louise-1.jpg","type":"image\/jpeg"}],"twitter_card":"summary_large_image","twitter_title":"La mu\u00f1eca de vestir Marie Louise","twitter_description":"Encargue aqu\u00ed mi patr\u00f3n de ganchillo \"La mu\u00f1eca de vestir Marie Louise\". Aqu\u00ed tambi\u00e9n encontrar\u00e1s enlaces al patr\u00f3n en Haked, Etsy y Ravelry.","twitter_misc":{"Tiempo de lectura":"1 minuto"},"schema":{"@context":"https:\/\/schema.org","@graph":[{"@type":"WebPage","@id":"https:\/\/craftygenesindonesia.com\/es\/shop\/munecas-infantiles\/la-muneca-marie-louise\/","url":"https:\/\/craftygenesindonesia.com\/es\/shop\/munecas-infantiles\/la-muneca-marie-louise\/","name":"La mu\u00f1eca Marie Louise patr\u00f3n de ganchillo - Craftygenesindonesia","isPartOf":{"@id":"https:\/\/craftygenesindonesia.com\/es\/#website"},"primaryImageOfPage":{"@id":"https:\/\/craftygenesindonesia.com\/es\/shop\/munecas-infantiles\/la-muneca-marie-louise\/#primaryimage"},"image":{"@id":"https:\/\/craftygenesindonesia.com\/es\/shop\/munecas-infantiles\/la-muneca-marie-louise\/#primaryimage"},"thumbnailUrl":"https:\/\/craftygenesindonesia.com\/wp-content\/uploads\/2022\/09\/Marie-Louise-1.jpg","datePublished":"2022-09-02T08:21:36+00:00","dateModified":"2025-11-13T23:02:05+00:00","description":"Encargue aqu\u00ed mi patr\u00f3n de ganchillo \"La mu\u00f1eca Marie Louise\". El patr\u00f3n de ganchillo tambi\u00e9n est\u00e1 disponible en Haked.nl, Etsy, Ravelry, Payhip","breadcrumb":{"@id":"https:\/\/craftygenesindonesia.com\/es\/shop\/munecas-infantiles\/la-muneca-marie-louise\/#breadcrumb"},"inLanguage":"es","potentialAction":[{"@type":"ReadAction","target":["https:\/\/craftygenesindonesia.com\/es\/shop\/munecas-infantiles\/la-muneca-marie-louise\/"]}]},{"@type":"ImageObject","inLanguage":"es","@id":"https:\/\/craftygenesindonesia.com\/es\/shop\/munecas-infantiles\/la-muneca-marie-louise\/#primaryimage","url":"https:\/\/craftygenesindonesia.com\/wp-content\/uploads\/2022\/09\/Marie-Louise-1.jpg","contentUrl":"https:\/\/craftygenesindonesia.com\/wp-content\/uploads\/2022\/09\/Marie-Louise-1.jpg","width":1080,"height":1080,"caption":"crochet dress-up doll"},{"@type":"BreadcrumbList","@id":"https:\/\/craftygenesindonesia.com\/es\/shop\/munecas-infantiles\/la-muneca-marie-louise\/#breadcrumb","itemListElement":[{"@type":"ListItem","position":1,"name":"Home","item":"https:\/\/craftygenesindonesia.com\/es\/"},{"@type":"ListItem","position":2,"name":"Tienda de patrones","item":"https:\/\/craftygenesindonesia.com\/es\/tienda-de-patrones\/"},{"@type":"ListItem","position":3,"name":"La mu\u00f1eca Marie Louise"}]},{"@type":"WebSite","@id":"https:\/\/craftygenesindonesia.com\/es\/#website","url":"https:\/\/craftygenesindonesia.com\/es\/","name":"Craftygenesindonesia","description":"","publisher":{"@id":"https:\/\/craftygenesindonesia.com\/es\/#organization"},"potentialAction":[{"@type":"SearchAction","target":{"@type":"EntryPoint","urlTemplate":"https:\/\/craftygenesindonesia.com\/es\/?s={search_term_string}"},"query-input":{"@type":"PropertyValueSpecification","valueRequired":true,"valueName":"search_term_string"}}],"inLanguage":"es"},{"@type":"Organization","@id":"https:\/\/craftygenesindonesia.com\/es\/#organization","name":"Craftygenesindonesia","url":"https:\/\/craftygenesindonesia.com\/es\/","logo":{"@type":"ImageObject","inLanguage":"es","@id":"https:\/\/craftygenesindonesia.com\/es\/#\/schema\/logo\/image\/","url":"https:\/\/craftygenesindonesia.com\/wp-content\/uploads\/2025\/11\/cropped-Copy-of-Craftygenesindonesia.jpg","contentUrl":"https:\/\/craftygenesindonesia.com\/wp-content\/uploads\/2025\/11\/cropped-Copy-of-Craftygenesindonesia.jpg","width":180,"height":60,"caption":"Craftygenesindonesia"},"image":{"@id":"https:\/\/craftygenesindonesia.com\/es\/#\/schema\/logo\/image\/"}}]}},"_links":{"self":[{"href":"https:\/\/craftygenesindonesia.com\/es\/wp-json\/wp\/v2\/product\/17579","targetHints":{"allow":["GET"]}}],"collection":[{"href":"https:\/\/craftygenesindonesia.com\/es\/wp-json\/wp\/v2\/product"}],"about":[{"href":"https:\/\/craftygenesindonesia.com\/es\/wp-json\/wp\/v2\/types\/product"}],"replies":[{"embeddable":true,"href":"https:\/\/craftygenesindonesia.com\/es\/wp-json\/wp\/v2\/comments?post=17579"}],"wp:featuredmedia":[{"embeddable":true,"href":"https:\/\/craftygenesindonesia.com\/es\/wp-json\/wp\/v2\/media\/987525792"}],"wp:attachment":[{"href":"https:\/\/craftygenesindonesia.com\/es\/wp-json\/wp\/v2\/media?parent=17579"}],"wp:term":[{"taxonomy":"product_brand","embeddable":true,"href":"https:\/\/craftygenesindonesia.com\/es\/wp-json\/wp\/v2\/product_brand?post=17579"},{"taxonomy":"product_cat","embeddable":true,"href":"https:\/\/craftygenesindonesia.com\/es\/wp-json\/wp\/v2\/product_cat?post=17579"},{"taxonomy":"product_tag","embeddable":true,"href":"https:\/\/craftygenesindonesia.com\/es\/wp-json\/wp\/v2\/product_tag?post=17579"}],"curies":[{"name":"wp","href":"https:\/\/api.w.org\/{rel}","templated":true}]}}