{"id":17552,"date":"2022-10-29T12:14:44","date_gmt":"2022-10-29T04:14:44","guid":{"rendered":"https:\/\/craftygenesindonesia.com\/?post_type=product&#038;p=17552"},"modified":"2025-11-14T06:51:28","modified_gmt":"2025-11-13T22:51:28","slug":"el-angel-de-la-navidad-angelica","status":"publish","type":"product","link":"https:\/\/craftygenesindonesia.com\/es\/shop\/angeles\/el-angel-de-la-navidad-angelica\/","title":{"rendered":"El \u00c1ngel de la Navidad Ang\u00e9lica"},"content":{"rendered":"<p>(Se puede utilizar como figurita navide\u00f1a o como adorno para el \u00e1rbol de Navidad).<\/p>\n<p>El \u00e1ngel mide 28 cm de alto y est\u00e1 hecho con hilo de peso adecuado para amigurumi y una aguja de ganchillo de tama\u00f1o 2 mm.<\/p>\n<p>Necesitar\u00e1 los siguientes colores: blanco &#8211; color piel &#8211; dorado claro (no met\u00e1lico) &#8211; dorado met\u00e1lico<\/p>\n<p>Tambi\u00e9n necesitar\u00e1: relleno &#8211; marcadores de puntos &#8211; aguja de tapicer\u00eda &#8211; tijeras &#8211; l\u00e1piz &#8211; pegamento &#8211; pistola de pegamento &#8211; 1 bastoncillo de algod\u00f3n &#8211; cart\u00f3n &#8211; alambre de aluminio &#8211; alicates de corte<\/p>\n<p>Aguja de ganchillo: 2 mm<\/p>\n<p>Este patr\u00f3n es un patr\u00f3n escrito con muchas fotos para ayudarte. Si tienes alguna pregunta, env\u00edame un mensaje a: craftygenesindonesia@gmail.com<\/p>\n<p><strong>-Este patr\u00f3n es s\u00f3lo para uso personal y tiene un COPYRIGHT en \u00e9l. Por lo tanto, el patr\u00f3n no puede ser copiado, vendido, revendido, traducido, reclamado como su dise\u00f1o, distribuido, compartido, publicado, publicado en l\u00ednea en cualquier forma sin mi permiso. Ni siquiera una parte.<\/strong><\/p>\n<p><strong>-Puedes vender el producto terminado en peque\u00f1as cantidades, PERO NO EL PATR\u00d3N EN S\u00cd. Menciona que el patr\u00f3n es de Craftygenesindonesia y d\u00f3nde se puede comprar.<\/strong><\/p>\n","protected":false},"excerpt":{"rendered":"<p>Este es un patr\u00f3n de ganchillo f\u00e1cil de seguir para un precioso \u00e1ngel de ganchillo. Si te gusta tejer a ganchillo para Navidad, te encanta tejer \u00e1ngeles a ganchillo y eres fan del oro, \u00a1este es sin duda el patr\u00f3n para ti!<\/p>\n<p>Puedes usar este \u00e1ngel como una figura\/escultura pero tambi\u00e9n como un \u00a1\u00a1\u00a1PICO PARA EL \u00c1RBOL DE NAVIDAD!!!<\/p>\n","protected":false},"featured_media":987525120,"comment_status":"open","ping_status":"closed","template":"","meta":{"_acf_changed":false},"product_brand":[],"product_cat":[3035,3047,3049],"product_tag":[10998,11727,8707,10621,10649,10642,11206],"class_list":{"0":"post-17552","1":"product","2":"type-product","3":"status-publish","4":"has-post-thumbnail","6":"product_cat-angeles","7":"product_cat-navidad","8":"product_cat-senoras-y-senores","9":"product_tag-adorno-para-el-arbol-de-navidad-es","10":"product_tag-alas","11":"product_tag-angel-es","12":"product_tag-angel-de-navidad","13":"product_tag-arbol-de-navidad-es","14":"product_tag-decoracion-navidena","15":"product_tag-oro-es","16":"pa_available_on-craftygenesindonesia","17":"pa_available_on-etsy","18":"pa_available_on-haked-nl","19":"pa_available_on-payhip","20":"pa_available_on-ravelry","21":"pa_languages-aleman","22":"pa_languages-espanol","23":"pa_languages-estados-unidos-ingles","24":"pa_languages-frances","25":"pa_languages-holandes","26":"pa_languages-portugues","28":"first","29":"instock","30":"downloadable","31":"virtual","32":"purchasable","33":"product-type-simple"},"acf":[],"yoast_head":"<!-- This site is optimized with the Yoast SEO plugin v27.3 - https:\/\/yoast.com\/product\/yoast-seo-wordpress\/ -->\n<title>El \u00c1ngel de la Navidad Ang\u00e9lica patr\u00f3n de ganchillo - Craftygenesindonesia<\/title>\n<meta name=\"description\" content=\"Compra aqu\u00ed mi patr\u00f3n de ganchillo \u00ab El \u00e1ngel de Navidad Ang\u00e9lica \u00bb. El patr\u00f3n de ganchillo tambi\u00e9n est\u00e1 disponible en Etsy, Haked,nl, Ravelry, Payhip\" \/>\n<meta name=\"robots\" content=\"index, follow, max-snippet:-1, max-image-preview:large, max-video-preview:-1\" \/>\n<link rel=\"canonical\" href=\"https:\/\/craftygenesindonesia.com\/es\/shop\/angeles\/el-angel-de-la-navidad-angelica\/\" \/>\n<meta property=\"og:locale\" content=\"es_ES\" \/>\n<meta property=\"og:type\" content=\"article\" \/>\n<meta property=\"og:title\" content=\"Patr\u00f3n de ganchillo \u00ab El \u00e1ngel de Navidad Ang\u00e9lica \u00bb\" \/>\n<meta property=\"og:description\" content=\"Compra aqu\u00ed mi patr\u00f3n de ganchillo \u00ab El \u00e1ngel de Navidad Ang\u00e9lica \u00bb. El patr\u00f3n de ganchillo tambi\u00e9n est\u00e1 disponible en Etsy, Haked,nl, Ravelry, Payhip\" \/>\n<meta property=\"og:url\" content=\"https:\/\/craftygenesindonesia.com\/es\/shop\/angeles\/el-angel-de-la-navidad-angelica\/\" \/>\n<meta property=\"og:site_name\" content=\"Craftygenesindonesia\" \/>\n<meta property=\"article:modified_time\" content=\"2025-11-13T22:51:28+00:00\" \/>\n<meta property=\"og:image\" content=\"https:\/\/craftygenesindonesia.com\/wp-content\/uploads\/2022\/10\/Angelica-1.jpg\" \/>\n\t<meta property=\"og:image:width\" content=\"1080\" \/>\n\t<meta property=\"og:image:height\" content=\"1080\" \/>\n\t<meta property=\"og:image:type\" content=\"image\/jpeg\" \/>\n<meta name=\"twitter:card\" content=\"summary_large_image\" \/>\n<meta name=\"twitter:title\" content=\"El \u00c1ngel de la Navidad Ang\u00e9lica\" \/>\n<meta name=\"twitter:description\" content=\"Pide mi patr\u00f3n de ganchillo &quot;El \u00c1ngel de Navidad Ang\u00e9lica&quot; en holand\u00e9s e ingl\u00e9s aqu\u00ed. Aqu\u00ed tambi\u00e9n puedes encontrar enlaces al patr\u00f3n en Haked, Etsy &amp; Ravelry\" \/>\n<meta name=\"twitter:image\" content=\"https:\/\/craftygenesindonesia.com\/wp-content\/uploads\/2022\/10\/Picsart_22-10-29_09-41-21-476-1024x1024.png\" \/>\n<meta name=\"twitter:label1\" content=\"Tiempo de lectura\" \/>\n\t<meta name=\"twitter:data1\" content=\"1 minuto\" \/>\n<script type=\"application\/ld+json\" class=\"yoast-schema-graph\">{\"@context\":\"https:\\\/\\\/schema.org\",\"@graph\":[{\"@type\":\"WebPage\",\"@id\":\"https:\\\/\\\/craftygenesindonesia.com\\\/es\\\/shop\\\/angeles\\\/el-angel-de-la-navidad-angelica\\\/\",\"url\":\"https:\\\/\\\/craftygenesindonesia.com\\\/es\\\/shop\\\/angeles\\\/el-angel-de-la-navidad-angelica\\\/\",\"name\":\"El \u00c1ngel de la Navidad Ang\u00e9lica patr\u00f3n de ganchillo - Craftygenesindonesia\",\"isPartOf\":{\"@id\":\"https:\\\/\\\/craftygenesindonesia.com\\\/es\\\/#website\"},\"primaryImageOfPage\":{\"@id\":\"https:\\\/\\\/craftygenesindonesia.com\\\/es\\\/shop\\\/angeles\\\/el-angel-de-la-navidad-angelica\\\/#primaryimage\"},\"image\":{\"@id\":\"https:\\\/\\\/craftygenesindonesia.com\\\/es\\\/shop\\\/angeles\\\/el-angel-de-la-navidad-angelica\\\/#primaryimage\"},\"thumbnailUrl\":\"https:\\\/\\\/craftygenesindonesia.com\\\/wp-content\\\/uploads\\\/2022\\\/10\\\/Angelica-1.jpg\",\"datePublished\":\"2022-10-29T04:14:44+00:00\",\"dateModified\":\"2025-11-13T22:51:28+00:00\",\"description\":\"Compra aqu\u00ed mi patr\u00f3n de ganchillo \u00ab El \u00e1ngel de Navidad Ang\u00e9lica \u00bb. El patr\u00f3n de ganchillo tambi\u00e9n est\u00e1 disponible en Etsy, Haked,nl, Ravelry, Payhip\",\"breadcrumb\":{\"@id\":\"https:\\\/\\\/craftygenesindonesia.com\\\/es\\\/shop\\\/angeles\\\/el-angel-de-la-navidad-angelica\\\/#breadcrumb\"},\"inLanguage\":\"es\",\"potentialAction\":[{\"@type\":\"ReadAction\",\"target\":[\"https:\\\/\\\/craftygenesindonesia.com\\\/es\\\/shop\\\/angeles\\\/el-angel-de-la-navidad-angelica\\\/\"]}]},{\"@type\":\"ImageObject\",\"inLanguage\":\"es\",\"@id\":\"https:\\\/\\\/craftygenesindonesia.com\\\/es\\\/shop\\\/angeles\\\/el-angel-de-la-navidad-angelica\\\/#primaryimage\",\"url\":\"https:\\\/\\\/craftygenesindonesia.com\\\/wp-content\\\/uploads\\\/2022\\\/10\\\/Angelica-1.jpg\",\"contentUrl\":\"https:\\\/\\\/craftygenesindonesia.com\\\/wp-content\\\/uploads\\\/2022\\\/10\\\/Angelica-1.jpg\",\"width\":1080,\"height\":1080,\"caption\":\"crochet Christmas angel in gold\"},{\"@type\":\"BreadcrumbList\",\"@id\":\"https:\\\/\\\/craftygenesindonesia.com\\\/es\\\/shop\\\/angeles\\\/el-angel-de-la-navidad-angelica\\\/#breadcrumb\",\"itemListElement\":[{\"@type\":\"ListItem\",\"position\":1,\"name\":\"Home\",\"item\":\"https:\\\/\\\/craftygenesindonesia.com\\\/es\\\/\"},{\"@type\":\"ListItem\",\"position\":2,\"name\":\"Tienda de patrones\",\"item\":\"https:\\\/\\\/craftygenesindonesia.com\\\/es\\\/tienda-de-patrones\\\/\"},{\"@type\":\"ListItem\",\"position\":3,\"name\":\"El \u00c1ngel de la Navidad Ang\u00e9lica\"}]},{\"@type\":\"WebSite\",\"@id\":\"https:\\\/\\\/craftygenesindonesia.com\\\/es\\\/#website\",\"url\":\"https:\\\/\\\/craftygenesindonesia.com\\\/es\\\/\",\"name\":\"Craftygenesindonesia\",\"description\":\"\",\"publisher\":{\"@id\":\"https:\\\/\\\/craftygenesindonesia.com\\\/es\\\/#organization\"},\"potentialAction\":[{\"@type\":\"SearchAction\",\"target\":{\"@type\":\"EntryPoint\",\"urlTemplate\":\"https:\\\/\\\/craftygenesindonesia.com\\\/es\\\/?s={search_term_string}\"},\"query-input\":{\"@type\":\"PropertyValueSpecification\",\"valueRequired\":true,\"valueName\":\"search_term_string\"}}],\"inLanguage\":\"es\"},{\"@type\":\"Organization\",\"@id\":\"https:\\\/\\\/craftygenesindonesia.com\\\/es\\\/#organization\",\"name\":\"Craftygenesindonesia\",\"url\":\"https:\\\/\\\/craftygenesindonesia.com\\\/es\\\/\",\"logo\":{\"@type\":\"ImageObject\",\"inLanguage\":\"es\",\"@id\":\"https:\\\/\\\/craftygenesindonesia.com\\\/es\\\/#\\\/schema\\\/logo\\\/image\\\/\",\"url\":\"https:\\\/\\\/craftygenesindonesia.com\\\/wp-content\\\/uploads\\\/2025\\\/11\\\/cropped-Copy-of-Craftygenesindonesia.jpg\",\"contentUrl\":\"https:\\\/\\\/craftygenesindonesia.com\\\/wp-content\\\/uploads\\\/2025\\\/11\\\/cropped-Copy-of-Craftygenesindonesia.jpg\",\"width\":180,\"height\":60,\"caption\":\"Craftygenesindonesia\"},\"image\":{\"@id\":\"https:\\\/\\\/craftygenesindonesia.com\\\/es\\\/#\\\/schema\\\/logo\\\/image\\\/\"}}]}<\/script>\n<!-- \/ Yoast SEO plugin. -->","yoast_head_json":{"title":"El \u00c1ngel de la Navidad Ang\u00e9lica patr\u00f3n de ganchillo - Craftygenesindonesia","description":"Compra aqu\u00ed mi patr\u00f3n de ganchillo \u00ab El \u00e1ngel de Navidad Ang\u00e9lica \u00bb. El patr\u00f3n de ganchillo tambi\u00e9n est\u00e1 disponible en Etsy, Haked,nl, Ravelry, Payhip","robots":{"index":"index","follow":"follow","max-snippet":"max-snippet:-1","max-image-preview":"max-image-preview:large","max-video-preview":"max-video-preview:-1"},"canonical":"https:\/\/craftygenesindonesia.com\/es\/shop\/angeles\/el-angel-de-la-navidad-angelica\/","og_locale":"es_ES","og_type":"article","og_title":"Patr\u00f3n de ganchillo \u00ab El \u00e1ngel de Navidad Ang\u00e9lica \u00bb","og_description":"Compra aqu\u00ed mi patr\u00f3n de ganchillo \u00ab El \u00e1ngel de Navidad Ang\u00e9lica \u00bb. El patr\u00f3n de ganchillo tambi\u00e9n est\u00e1 disponible en Etsy, Haked,nl, Ravelry, Payhip","og_url":"https:\/\/craftygenesindonesia.com\/es\/shop\/angeles\/el-angel-de-la-navidad-angelica\/","og_site_name":"Craftygenesindonesia","article_modified_time":"2025-11-13T22:51:28+00:00","og_image":[{"width":1080,"height":1080,"url":"https:\/\/craftygenesindonesia.com\/wp-content\/uploads\/2022\/10\/Angelica-1.jpg","type":"image\/jpeg"}],"twitter_card":"summary_large_image","twitter_title":"El \u00c1ngel de la Navidad Ang\u00e9lica","twitter_description":"Pide mi patr\u00f3n de ganchillo \"El \u00c1ngel de Navidad Ang\u00e9lica\" en holand\u00e9s e ingl\u00e9s aqu\u00ed. Aqu\u00ed tambi\u00e9n puedes encontrar enlaces al patr\u00f3n en Haked, Etsy & Ravelry","twitter_image":"https:\/\/craftygenesindonesia.com\/wp-content\/uploads\/2022\/10\/Picsart_22-10-29_09-41-21-476-1024x1024.png","twitter_misc":{"Tiempo de lectura":"1 minuto"},"schema":{"@context":"https:\/\/schema.org","@graph":[{"@type":"WebPage","@id":"https:\/\/craftygenesindonesia.com\/es\/shop\/angeles\/el-angel-de-la-navidad-angelica\/","url":"https:\/\/craftygenesindonesia.com\/es\/shop\/angeles\/el-angel-de-la-navidad-angelica\/","name":"El \u00c1ngel de la Navidad Ang\u00e9lica patr\u00f3n de ganchillo - Craftygenesindonesia","isPartOf":{"@id":"https:\/\/craftygenesindonesia.com\/es\/#website"},"primaryImageOfPage":{"@id":"https:\/\/craftygenesindonesia.com\/es\/shop\/angeles\/el-angel-de-la-navidad-angelica\/#primaryimage"},"image":{"@id":"https:\/\/craftygenesindonesia.com\/es\/shop\/angeles\/el-angel-de-la-navidad-angelica\/#primaryimage"},"thumbnailUrl":"https:\/\/craftygenesindonesia.com\/wp-content\/uploads\/2022\/10\/Angelica-1.jpg","datePublished":"2022-10-29T04:14:44+00:00","dateModified":"2025-11-13T22:51:28+00:00","description":"Compra aqu\u00ed mi patr\u00f3n de ganchillo \u00ab El \u00e1ngel de Navidad Ang\u00e9lica \u00bb. El patr\u00f3n de ganchillo tambi\u00e9n est\u00e1 disponible en Etsy, Haked,nl, Ravelry, Payhip","breadcrumb":{"@id":"https:\/\/craftygenesindonesia.com\/es\/shop\/angeles\/el-angel-de-la-navidad-angelica\/#breadcrumb"},"inLanguage":"es","potentialAction":[{"@type":"ReadAction","target":["https:\/\/craftygenesindonesia.com\/es\/shop\/angeles\/el-angel-de-la-navidad-angelica\/"]}]},{"@type":"ImageObject","inLanguage":"es","@id":"https:\/\/craftygenesindonesia.com\/es\/shop\/angeles\/el-angel-de-la-navidad-angelica\/#primaryimage","url":"https:\/\/craftygenesindonesia.com\/wp-content\/uploads\/2022\/10\/Angelica-1.jpg","contentUrl":"https:\/\/craftygenesindonesia.com\/wp-content\/uploads\/2022\/10\/Angelica-1.jpg","width":1080,"height":1080,"caption":"crochet Christmas angel in gold"},{"@type":"BreadcrumbList","@id":"https:\/\/craftygenesindonesia.com\/es\/shop\/angeles\/el-angel-de-la-navidad-angelica\/#breadcrumb","itemListElement":[{"@type":"ListItem","position":1,"name":"Home","item":"https:\/\/craftygenesindonesia.com\/es\/"},{"@type":"ListItem","position":2,"name":"Tienda de patrones","item":"https:\/\/craftygenesindonesia.com\/es\/tienda-de-patrones\/"},{"@type":"ListItem","position":3,"name":"El \u00c1ngel de la Navidad Ang\u00e9lica"}]},{"@type":"WebSite","@id":"https:\/\/craftygenesindonesia.com\/es\/#website","url":"https:\/\/craftygenesindonesia.com\/es\/","name":"Craftygenesindonesia","description":"","publisher":{"@id":"https:\/\/craftygenesindonesia.com\/es\/#organization"},"potentialAction":[{"@type":"SearchAction","target":{"@type":"EntryPoint","urlTemplate":"https:\/\/craftygenesindonesia.com\/es\/?s={search_term_string}"},"query-input":{"@type":"PropertyValueSpecification","valueRequired":true,"valueName":"search_term_string"}}],"inLanguage":"es"},{"@type":"Organization","@id":"https:\/\/craftygenesindonesia.com\/es\/#organization","name":"Craftygenesindonesia","url":"https:\/\/craftygenesindonesia.com\/es\/","logo":{"@type":"ImageObject","inLanguage":"es","@id":"https:\/\/craftygenesindonesia.com\/es\/#\/schema\/logo\/image\/","url":"https:\/\/craftygenesindonesia.com\/wp-content\/uploads\/2025\/11\/cropped-Copy-of-Craftygenesindonesia.jpg","contentUrl":"https:\/\/craftygenesindonesia.com\/wp-content\/uploads\/2025\/11\/cropped-Copy-of-Craftygenesindonesia.jpg","width":180,"height":60,"caption":"Craftygenesindonesia"},"image":{"@id":"https:\/\/craftygenesindonesia.com\/es\/#\/schema\/logo\/image\/"}}]}},"_links":{"self":[{"href":"https:\/\/craftygenesindonesia.com\/es\/wp-json\/wp\/v2\/product\/17552","targetHints":{"allow":["GET"]}}],"collection":[{"href":"https:\/\/craftygenesindonesia.com\/es\/wp-json\/wp\/v2\/product"}],"about":[{"href":"https:\/\/craftygenesindonesia.com\/es\/wp-json\/wp\/v2\/types\/product"}],"replies":[{"embeddable":true,"href":"https:\/\/craftygenesindonesia.com\/es\/wp-json\/wp\/v2\/comments?post=17552"}],"wp:featuredmedia":[{"embeddable":true,"href":"https:\/\/craftygenesindonesia.com\/es\/wp-json\/wp\/v2\/media\/987525120"}],"wp:attachment":[{"href":"https:\/\/craftygenesindonesia.com\/es\/wp-json\/wp\/v2\/media?parent=17552"}],"wp:term":[{"taxonomy":"product_brand","embeddable":true,"href":"https:\/\/craftygenesindonesia.com\/es\/wp-json\/wp\/v2\/product_brand?post=17552"},{"taxonomy":"product_cat","embeddable":true,"href":"https:\/\/craftygenesindonesia.com\/es\/wp-json\/wp\/v2\/product_cat?post=17552"},{"taxonomy":"product_tag","embeddable":true,"href":"https:\/\/craftygenesindonesia.com\/es\/wp-json\/wp\/v2\/product_tag?post=17552"}],"curies":[{"name":"wp","href":"https:\/\/api.w.org\/{rel}","templated":true}]}}