{"id":17545,"date":"2022-11-19T07:26:42","date_gmt":"2022-11-18T23:26:42","guid":{"rendered":"https:\/\/craftygenesindonesia.com\/?post_type=product&#038;p=17545"},"modified":"2025-11-14T06:49:00","modified_gmt":"2025-11-13T22:49:00","slug":"patron-para-tejer-for-our-guardians","status":"publish","type":"product","link":"https:\/\/craftygenesindonesia.com\/es\/shop\/patrones-de-tricotado\/patron-para-tejer-for-our-guardians\/","title":{"rendered":"Patr\u00f3n para tejer For Our Guardians"},"content":{"rendered":"<p>(esta es la versi\u00f3n tejida de mi patr\u00f3n de soldado. Para una versi\u00f3n de ganchillo, por favor, echa un vistazo a mi ganchillo <a href=\"https:\/\/craftygenesindonesia.com\/es\/producto\/por-los-caidos\/\" target=\"_blank\" rel=\"noopener\"><strong>POR LOS CAIDOS<\/strong><\/a> PATR\u00d3N)<br \/>\n<strong>Actualizaci\u00f3n: El 17 de septiembre de 2023 arregl\u00e9 un error tipogr\u00e1fico en la fila 29. Deber\u00eda ser 16 y no 19<\/strong>.<\/p>\n<p>Este soldado de punto mide 23 cm o 9 pulgadas y est\u00e1 hecho con hilo de peso &#8220;FINGERING&#8221; adecuado para amigurumi y agujas de punto rectas de tama\u00f1o 2 mm.<\/p>\n<p>Necesitar\u00e1s estos colores: beige &#8211; marr\u00f3n &#8211; gris &#8211; verde (una especie de verde musgo) &#8211; color piel &#8211; rojo &#8211; marr\u00f3n uniforme y una hebra de negro<\/p>\n<p>Tambi\u00e9n necesitar\u00e1s: relleno &#8211; aguja de tapiz &#8211; tijeras &#8211; l\u00e1piz &#8211; pegamento &#8211; alfileres de pegamento &#8211; alfileres de coser &#8211; cart\u00f3n &#8211; ojo de seguridad de 14 mm\/pieza de fieltro negro\/bot\u00f3n negro<\/p>\n<p>Agujas de tricotar: agujas de tricotar rectas de 2 mm<\/p>\n<p>Este patr\u00f3n incluye un patr\u00f3n escrito y un mont\u00f3n de fotos para ayudarte.<br \/>\nEn caso de que tengas problemas para entenderlo, no dudes en enviarme un mensaje a:\u00a0<a href=\"mailto:craftygenesindonesia@gmail.com\">craftygenesindonesia@gmail.com<\/a><\/p>\n<p><strong>Este patr\u00f3n es s\u00f3lo para uso personal y hay un COPYRIGHT en \u00e9l. Por lo tanto, el patr\u00f3n es s\u00f3lo para uso personal y NO puede ser copiado, vendido, revendido, traducido, reclamado como su dise\u00f1o, distribuido, compartido, publicado, publicado en l\u00ednea &#8230; en cualquier forma sin mi consentimiento. Ni siquiera una parte.<\/strong><\/p>\n<p><strong>Puede vender el art\u00edculo acabado, pero no el patr\u00f3n.<\/strong><\/p>\n","protected":false},"excerpt":{"rendered":"<p>\u00a1\u00a1\u00a1Esta es la esperada versi\u00f3n tejida de mi soldado!!! \u00a1Perfecto para las tejedoras que quieran hacer mi soldado tambi\u00e9n!<\/p>\n<p>En caso de que quieras un soldado de ganchillo, <strong><a href=\"https:\/\/craftygenesindonesia.com\/es\/producto\/por-los-caidos\/\" target=\"_blank\" rel=\"noopener\">haz clic aqu\u00ed para ver ese patr\u00f3n<\/a><\/strong>.<\/p>\n","protected":false},"featured_media":987520735,"comment_status":"open","ping_status":"closed","template":"","meta":{"_acf_changed":false},"product_brand":[],"product_cat":[3042,10143],"product_tag":[10520,10514,10516,10256,10158,10160,11675,11308,10515,11306,11307],"class_list":{"0":"post-17545","1":"product","2":"type-product","3":"status-publish","4":"has-post-thumbnail","6":"product_cat-patrones-de-tricotado","7":"product_cat-militar","8":"product_tag-amapola-es","9":"product_tag-dia-de-la-memoria","10":"product_tag-dia-de-los-caidos","11":"product_tag-dia-del-armisticio","12":"product_tag-ejercito","13":"product_tag-militar-es","14":"product_tag-monumento-de-guerra","15":"product_tag-patron-de-tejido","16":"product_tag-soldado-es","17":"product_tag-soldado-de-punto","18":"product_tag-tejer-es","19":"pa_available_on-craftygenesindonesia","20":"pa_available_on-etsy","21":"pa_available_on-haked-nl","22":"pa_available_on-payhip","23":"pa_available_on-ravelry","24":"pa_languages-espanol","25":"pa_languages-estados-unidos-ingles","26":"pa_languages-frances","27":"pa_languages-holandes","29":"first","30":"instock","31":"downloadable","32":"virtual","33":"purchasable","34":"product-type-simple"},"acf":[],"yoast_head":"<!-- This site is optimized with the Yoast SEO plugin v27.3 - https:\/\/yoast.com\/product\/yoast-seo-wordpress\/ -->\n<title>Patr\u00f3n para tejer For Our Guardians - Craftygenesindonesia<\/title>\n<meta name=\"description\" content=\"Compra aqu\u00ed mi patr\u00f3n para tejer el soldado &quot;For Our Guardians&quot;. El patr\u00f3n de punto f\u00e1cil de seguir tambi\u00e9n est\u00e1 disponible en Etsy, Ravelry, Haked\" \/>\n<meta name=\"robots\" content=\"index, follow, max-snippet:-1, max-image-preview:large, max-video-preview:-1\" \/>\n<link rel=\"canonical\" href=\"https:\/\/craftygenesindonesia.com\/es\/shop\/patrones-de-tricotado\/patron-para-tejer-for-our-guardians\/\" \/>\n<meta property=\"og:locale\" content=\"es_ES\" \/>\n<meta property=\"og:type\" content=\"article\" \/>\n<meta property=\"og:title\" content=\"Patr\u00f3n para tejer el soldado &quot;For Our Guardians&quot;\" \/>\n<meta property=\"og:description\" content=\"Compra aqu\u00ed mi patr\u00f3n para tejer el soldado &quot;For Our Guardians&quot;. El patr\u00f3n de punto f\u00e1cil de seguir tambi\u00e9n est\u00e1 disponible en Etsy, Ravelry, Haked\" \/>\n<meta property=\"og:url\" content=\"https:\/\/craftygenesindonesia.com\/es\/shop\/patrones-de-tricotado\/patron-para-tejer-for-our-guardians\/\" \/>\n<meta property=\"og:site_name\" content=\"Craftygenesindonesia\" \/>\n<meta property=\"article:modified_time\" content=\"2025-11-13T22:49:00+00:00\" \/>\n<meta property=\"og:image\" content=\"https:\/\/craftygenesindonesia.com\/wp-content\/uploads\/2022\/11\/For-our-Guardians-1-1.jpg\" \/>\n\t<meta property=\"og:image:width\" content=\"1080\" \/>\n\t<meta property=\"og:image:height\" content=\"1080\" \/>\n\t<meta property=\"og:image:type\" content=\"image\/jpeg\" \/>\n<meta name=\"twitter:card\" content=\"summary_large_image\" \/>\n<meta name=\"twitter:title\" content=\"Patr\u00f3n para tejer For Our Guardians\" \/>\n<meta name=\"twitter:description\" content=\"Compra aqu\u00ed mi patr\u00f3n de punto For Our Guardians. Disponible en ingl\u00e9s y holand\u00e9s. Con enlaces al patr\u00f3n en Etsy, Ravelry, Haked\" \/>\n<meta name=\"twitter:image\" content=\"https:\/\/craftygenesindonesia.com\/wp-content\/uploads\/2022\/11\/image1-18-1024x1024.jpeg\" \/>\n<meta name=\"twitter:label1\" content=\"Tiempo de lectura\" \/>\n\t<meta name=\"twitter:data1\" content=\"2 minutos\" \/>\n<script type=\"application\/ld+json\" class=\"yoast-schema-graph\">{\"@context\":\"https:\\\/\\\/schema.org\",\"@graph\":[{\"@type\":\"WebPage\",\"@id\":\"https:\\\/\\\/craftygenesindonesia.com\\\/es\\\/shop\\\/patrones-de-tricotado\\\/patron-para-tejer-for-our-guardians\\\/\",\"url\":\"https:\\\/\\\/craftygenesindonesia.com\\\/es\\\/shop\\\/patrones-de-tricotado\\\/patron-para-tejer-for-our-guardians\\\/\",\"name\":\"Patr\u00f3n para tejer For Our Guardians - Craftygenesindonesia\",\"isPartOf\":{\"@id\":\"https:\\\/\\\/craftygenesindonesia.com\\\/es\\\/#website\"},\"primaryImageOfPage\":{\"@id\":\"https:\\\/\\\/craftygenesindonesia.com\\\/es\\\/shop\\\/patrones-de-tricotado\\\/patron-para-tejer-for-our-guardians\\\/#primaryimage\"},\"image\":{\"@id\":\"https:\\\/\\\/craftygenesindonesia.com\\\/es\\\/shop\\\/patrones-de-tricotado\\\/patron-para-tejer-for-our-guardians\\\/#primaryimage\"},\"thumbnailUrl\":\"https:\\\/\\\/craftygenesindonesia.com\\\/wp-content\\\/uploads\\\/2022\\\/11\\\/For-our-Guardians-1-1.jpg\",\"datePublished\":\"2022-11-18T23:26:42+00:00\",\"dateModified\":\"2025-11-13T22:49:00+00:00\",\"description\":\"Compra aqu\u00ed mi patr\u00f3n para tejer el soldado \\\"For Our Guardians\\\". El patr\u00f3n de punto f\u00e1cil de seguir tambi\u00e9n est\u00e1 disponible en Etsy, Ravelry, Haked\",\"breadcrumb\":{\"@id\":\"https:\\\/\\\/craftygenesindonesia.com\\\/es\\\/shop\\\/patrones-de-tricotado\\\/patron-para-tejer-for-our-guardians\\\/#breadcrumb\"},\"inLanguage\":\"es\",\"potentialAction\":[{\"@type\":\"ReadAction\",\"target\":[\"https:\\\/\\\/craftygenesindonesia.com\\\/es\\\/shop\\\/patrones-de-tricotado\\\/patron-para-tejer-for-our-guardians\\\/\"]}]},{\"@type\":\"ImageObject\",\"inLanguage\":\"es\",\"@id\":\"https:\\\/\\\/craftygenesindonesia.com\\\/es\\\/shop\\\/patrones-de-tricotado\\\/patron-para-tejer-for-our-guardians\\\/#primaryimage\",\"url\":\"https:\\\/\\\/craftygenesindonesia.com\\\/wp-content\\\/uploads\\\/2022\\\/11\\\/For-our-Guardians-1-1.jpg\",\"contentUrl\":\"https:\\\/\\\/craftygenesindonesia.com\\\/wp-content\\\/uploads\\\/2022\\\/11\\\/For-our-Guardians-1-1.jpg\",\"width\":1080,\"height\":1080,\"caption\":\"knitted soldier\"},{\"@type\":\"BreadcrumbList\",\"@id\":\"https:\\\/\\\/craftygenesindonesia.com\\\/es\\\/shop\\\/patrones-de-tricotado\\\/patron-para-tejer-for-our-guardians\\\/#breadcrumb\",\"itemListElement\":[{\"@type\":\"ListItem\",\"position\":1,\"name\":\"Home\",\"item\":\"https:\\\/\\\/craftygenesindonesia.com\\\/es\\\/\"},{\"@type\":\"ListItem\",\"position\":2,\"name\":\"Tienda de patrones\",\"item\":\"https:\\\/\\\/craftygenesindonesia.com\\\/es\\\/tienda-de-patrones\\\/\"},{\"@type\":\"ListItem\",\"position\":3,\"name\":\"Patr\u00f3n para tejer For Our Guardians\"}]},{\"@type\":\"WebSite\",\"@id\":\"https:\\\/\\\/craftygenesindonesia.com\\\/es\\\/#website\",\"url\":\"https:\\\/\\\/craftygenesindonesia.com\\\/es\\\/\",\"name\":\"Craftygenesindonesia\",\"description\":\"\",\"publisher\":{\"@id\":\"https:\\\/\\\/craftygenesindonesia.com\\\/es\\\/#organization\"},\"potentialAction\":[{\"@type\":\"SearchAction\",\"target\":{\"@type\":\"EntryPoint\",\"urlTemplate\":\"https:\\\/\\\/craftygenesindonesia.com\\\/es\\\/?s={search_term_string}\"},\"query-input\":{\"@type\":\"PropertyValueSpecification\",\"valueRequired\":true,\"valueName\":\"search_term_string\"}}],\"inLanguage\":\"es\"},{\"@type\":\"Organization\",\"@id\":\"https:\\\/\\\/craftygenesindonesia.com\\\/es\\\/#organization\",\"name\":\"Craftygenesindonesia\",\"url\":\"https:\\\/\\\/craftygenesindonesia.com\\\/es\\\/\",\"logo\":{\"@type\":\"ImageObject\",\"inLanguage\":\"es\",\"@id\":\"https:\\\/\\\/craftygenesindonesia.com\\\/es\\\/#\\\/schema\\\/logo\\\/image\\\/\",\"url\":\"https:\\\/\\\/craftygenesindonesia.com\\\/wp-content\\\/uploads\\\/2025\\\/11\\\/cropped-Copy-of-Craftygenesindonesia.jpg\",\"contentUrl\":\"https:\\\/\\\/craftygenesindonesia.com\\\/wp-content\\\/uploads\\\/2025\\\/11\\\/cropped-Copy-of-Craftygenesindonesia.jpg\",\"width\":180,\"height\":60,\"caption\":\"Craftygenesindonesia\"},\"image\":{\"@id\":\"https:\\\/\\\/craftygenesindonesia.com\\\/es\\\/#\\\/schema\\\/logo\\\/image\\\/\"}}]}<\/script>\n<!-- \/ Yoast SEO plugin. -->","yoast_head_json":{"title":"Patr\u00f3n para tejer For Our Guardians - Craftygenesindonesia","description":"Compra aqu\u00ed mi patr\u00f3n para tejer el soldado \"For Our Guardians\". El patr\u00f3n de punto f\u00e1cil de seguir tambi\u00e9n est\u00e1 disponible en Etsy, Ravelry, Haked","robots":{"index":"index","follow":"follow","max-snippet":"max-snippet:-1","max-image-preview":"max-image-preview:large","max-video-preview":"max-video-preview:-1"},"canonical":"https:\/\/craftygenesindonesia.com\/es\/shop\/patrones-de-tricotado\/patron-para-tejer-for-our-guardians\/","og_locale":"es_ES","og_type":"article","og_title":"Patr\u00f3n para tejer el soldado \"For Our Guardians\"","og_description":"Compra aqu\u00ed mi patr\u00f3n para tejer el soldado \"For Our Guardians\". El patr\u00f3n de punto f\u00e1cil de seguir tambi\u00e9n est\u00e1 disponible en Etsy, Ravelry, Haked","og_url":"https:\/\/craftygenesindonesia.com\/es\/shop\/patrones-de-tricotado\/patron-para-tejer-for-our-guardians\/","og_site_name":"Craftygenesindonesia","article_modified_time":"2025-11-13T22:49:00+00:00","og_image":[{"width":1080,"height":1080,"url":"https:\/\/craftygenesindonesia.com\/wp-content\/uploads\/2022\/11\/For-our-Guardians-1-1.jpg","type":"image\/jpeg"}],"twitter_card":"summary_large_image","twitter_title":"Patr\u00f3n para tejer For Our Guardians","twitter_description":"Compra aqu\u00ed mi patr\u00f3n de punto For Our Guardians. Disponible en ingl\u00e9s y holand\u00e9s. Con enlaces al patr\u00f3n en Etsy, Ravelry, Haked","twitter_image":"https:\/\/craftygenesindonesia.com\/wp-content\/uploads\/2022\/11\/image1-18-1024x1024.jpeg","twitter_misc":{"Tiempo de lectura":"2 minutos"},"schema":{"@context":"https:\/\/schema.org","@graph":[{"@type":"WebPage","@id":"https:\/\/craftygenesindonesia.com\/es\/shop\/patrones-de-tricotado\/patron-para-tejer-for-our-guardians\/","url":"https:\/\/craftygenesindonesia.com\/es\/shop\/patrones-de-tricotado\/patron-para-tejer-for-our-guardians\/","name":"Patr\u00f3n para tejer For Our Guardians - Craftygenesindonesia","isPartOf":{"@id":"https:\/\/craftygenesindonesia.com\/es\/#website"},"primaryImageOfPage":{"@id":"https:\/\/craftygenesindonesia.com\/es\/shop\/patrones-de-tricotado\/patron-para-tejer-for-our-guardians\/#primaryimage"},"image":{"@id":"https:\/\/craftygenesindonesia.com\/es\/shop\/patrones-de-tricotado\/patron-para-tejer-for-our-guardians\/#primaryimage"},"thumbnailUrl":"https:\/\/craftygenesindonesia.com\/wp-content\/uploads\/2022\/11\/For-our-Guardians-1-1.jpg","datePublished":"2022-11-18T23:26:42+00:00","dateModified":"2025-11-13T22:49:00+00:00","description":"Compra aqu\u00ed mi patr\u00f3n para tejer el soldado \"For Our Guardians\". El patr\u00f3n de punto f\u00e1cil de seguir tambi\u00e9n est\u00e1 disponible en Etsy, Ravelry, Haked","breadcrumb":{"@id":"https:\/\/craftygenesindonesia.com\/es\/shop\/patrones-de-tricotado\/patron-para-tejer-for-our-guardians\/#breadcrumb"},"inLanguage":"es","potentialAction":[{"@type":"ReadAction","target":["https:\/\/craftygenesindonesia.com\/es\/shop\/patrones-de-tricotado\/patron-para-tejer-for-our-guardians\/"]}]},{"@type":"ImageObject","inLanguage":"es","@id":"https:\/\/craftygenesindonesia.com\/es\/shop\/patrones-de-tricotado\/patron-para-tejer-for-our-guardians\/#primaryimage","url":"https:\/\/craftygenesindonesia.com\/wp-content\/uploads\/2022\/11\/For-our-Guardians-1-1.jpg","contentUrl":"https:\/\/craftygenesindonesia.com\/wp-content\/uploads\/2022\/11\/For-our-Guardians-1-1.jpg","width":1080,"height":1080,"caption":"knitted soldier"},{"@type":"BreadcrumbList","@id":"https:\/\/craftygenesindonesia.com\/es\/shop\/patrones-de-tricotado\/patron-para-tejer-for-our-guardians\/#breadcrumb","itemListElement":[{"@type":"ListItem","position":1,"name":"Home","item":"https:\/\/craftygenesindonesia.com\/es\/"},{"@type":"ListItem","position":2,"name":"Tienda de patrones","item":"https:\/\/craftygenesindonesia.com\/es\/tienda-de-patrones\/"},{"@type":"ListItem","position":3,"name":"Patr\u00f3n para tejer For Our Guardians"}]},{"@type":"WebSite","@id":"https:\/\/craftygenesindonesia.com\/es\/#website","url":"https:\/\/craftygenesindonesia.com\/es\/","name":"Craftygenesindonesia","description":"","publisher":{"@id":"https:\/\/craftygenesindonesia.com\/es\/#organization"},"potentialAction":[{"@type":"SearchAction","target":{"@type":"EntryPoint","urlTemplate":"https:\/\/craftygenesindonesia.com\/es\/?s={search_term_string}"},"query-input":{"@type":"PropertyValueSpecification","valueRequired":true,"valueName":"search_term_string"}}],"inLanguage":"es"},{"@type":"Organization","@id":"https:\/\/craftygenesindonesia.com\/es\/#organization","name":"Craftygenesindonesia","url":"https:\/\/craftygenesindonesia.com\/es\/","logo":{"@type":"ImageObject","inLanguage":"es","@id":"https:\/\/craftygenesindonesia.com\/es\/#\/schema\/logo\/image\/","url":"https:\/\/craftygenesindonesia.com\/wp-content\/uploads\/2025\/11\/cropped-Copy-of-Craftygenesindonesia.jpg","contentUrl":"https:\/\/craftygenesindonesia.com\/wp-content\/uploads\/2025\/11\/cropped-Copy-of-Craftygenesindonesia.jpg","width":180,"height":60,"caption":"Craftygenesindonesia"},"image":{"@id":"https:\/\/craftygenesindonesia.com\/es\/#\/schema\/logo\/image\/"}}]}},"_links":{"self":[{"href":"https:\/\/craftygenesindonesia.com\/es\/wp-json\/wp\/v2\/product\/17545","targetHints":{"allow":["GET"]}}],"collection":[{"href":"https:\/\/craftygenesindonesia.com\/es\/wp-json\/wp\/v2\/product"}],"about":[{"href":"https:\/\/craftygenesindonesia.com\/es\/wp-json\/wp\/v2\/types\/product"}],"replies":[{"embeddable":true,"href":"https:\/\/craftygenesindonesia.com\/es\/wp-json\/wp\/v2\/comments?post=17545"}],"wp:featuredmedia":[{"embeddable":true,"href":"https:\/\/craftygenesindonesia.com\/es\/wp-json\/wp\/v2\/media\/987520735"}],"wp:attachment":[{"href":"https:\/\/craftygenesindonesia.com\/es\/wp-json\/wp\/v2\/media?parent=17545"}],"wp:term":[{"taxonomy":"product_brand","embeddable":true,"href":"https:\/\/craftygenesindonesia.com\/es\/wp-json\/wp\/v2\/product_brand?post=17545"},{"taxonomy":"product_cat","embeddable":true,"href":"https:\/\/craftygenesindonesia.com\/es\/wp-json\/wp\/v2\/product_cat?post=17545"},{"taxonomy":"product_tag","embeddable":true,"href":"https:\/\/craftygenesindonesia.com\/es\/wp-json\/wp\/v2\/product_tag?post=17545"}],"curies":[{"name":"wp","href":"https:\/\/api.w.org\/{rel}","templated":true}]}}