{"id":17538,"date":"2022-11-23T08:59:48","date_gmt":"2022-11-23T00:59:48","guid":{"rendered":"https:\/\/craftygenesindonesia.com\/?post_type=product&#038;p=17538"},"modified":"2026-02-28T05:48:57","modified_gmt":"2026-02-27T21:48:57","slug":"corona-navidena-del-sr-y-la-sra-claus","status":"publish","type":"product","link":"https:\/\/craftygenesindonesia.com\/es\/shop\/navidad\/corona-navidena-del-sr-y-la-sra-claus\/","title":{"rendered":"Corona navide\u00f1a del Sr. y la Sra. Claus"},"content":{"rendered":"<p><strong>Corona navide\u00f1a del Sr. y la Sra. Claus<\/strong><\/p>\n<p>Tipo de archivo: patr\u00f3n de ganchillo &#8211; descarga digital, no es un art\u00edculo f\u00edsico.<br \/>\n<strong>Idiomas disponibles: ingl\u00e9s (t\u00e9rminos estadounidenses y brit\u00e1nicos), neerland\u00e9s, franc\u00e9s, espa\u00f1ol, alem\u00e1n, italiano y portugu\u00e9s.<\/strong><\/p>\n<p>Tama\u00f1o del art\u00edculo terminado: 15 x 16 cm\/5,9 x 6,3 pulgadas.<\/p>\n<p>Tipo de hilo: hilo de grosor \u00abfingering\u00bb<br \/>\nMarcas recomendadas: Catona de Scheepjes, Durable Coral<br \/>\nColores de hilo necesarios: negro, verde, rojo, color piel, blanco<\/p>\n<p>Ganchillo: 2 mm<\/p>\n<p>Otros materiales necesarios: relleno, aguja de tapiz, marcadores de puntos, tijeras, l\u00e1piz, pegamento, pistola de pegamento, cart\u00f3n, abalorios, vela LED<\/p>\n<p><strong>La vela LED es una vela falsa que funciona con pilas. NO ES UNA VELA REAL. NO UTILICES UNA VELA REAL. Ser\u00eda extremadamente peligroso.<\/strong><\/p>\n<p><strong>Informaci\u00f3n sobre derechos de autor y ayuda:<\/strong><br \/>\nEste patr\u00f3n es un patr\u00f3n escrito (digital) con muchas im\u00e1genes para ayudarte. Si tienes alguna pregunta sobre el patr\u00f3n, env\u00edame un correo electr\u00f3nico a craftygenesindonesia@gmail.com.<\/p>\n<p><strong>Este patr\u00f3n digital de ganchillo es solo para uso personal y tiene derechos de autor. Por lo tanto, no puede copiarlo, venderlo, revenderlo, traducirlo, reclamarlo como su propio dise\u00f1o, distribuirlo, compartirlo, publicarlo, solo publicarlo&#8230; de ninguna manera ni forma sin mi permiso. \u00a1Ni siquiera una parte!<\/strong><\/p>\n<p><strong>Se le permite vender el producto o art\u00edculo terminado, en peque\u00f1as cantidades, pero no se le permite vender el patr\u00f3n de ganchillo en s\u00ed. Mencione que el patr\u00f3n de ganchillo es m\u00edo, Craftygenesindonesia, y d\u00f3nde se puede comprar.<\/strong><\/p>\n","protected":false},"excerpt":{"rendered":"<p>Este es un patr\u00f3n de ganchillo f\u00e1cil de seguir para una corona navide\u00f1a de ganchillo con Pap\u00e1 Noel y sus mu\u00f1ecas y una bonita vela LED (no una vela de verdad, eso ser\u00eda peligroso). El patr\u00f3n es perfecto para quienes les guste tejer patrones navide\u00f1os a ganchillo y quieran tener un bonito centro de mesa.<\/p>\n","protected":false},"featured_media":987531115,"comment_status":"open","ping_status":"closed","template":"","meta":{"_acf_changed":false},"product_brand":[],"product_cat":[3047,3049],"product_tag":[11262,12122,10661,10642,11263,8649,10730,10731,10965,10710,12098],"class_list":{"0":"post-17538","1":"product","2":"type-product","3":"status-publish","4":"has-post-thumbnail","6":"product_cat-navidad","7":"product_cat-senoras-y-senores","8":"product_tag-acebo","9":"product_tag-christmas-lady-es","10":"product_tag-corona-navidena-es","11":"product_tag-decoracion-navidena","12":"product_tag-hoja-de-acebo","13":"product_tag-santa-es","14":"product_tag-senora-claus","15":"product_tag-senora-santa","16":"product_tag-vela-es","17":"product_tag-vela-led","18":"product_tag-xmas-es","19":"pa_available_on-craftygenesindonesia","20":"pa_available_on-etsy","21":"pa_available_on-haked-nl","22":"pa_available_on-payhip","23":"pa_available_on-ravelry","24":"pa_languages-aleman","25":"pa_languages-espanol","26":"pa_languages-estados-unidos-ingles","27":"pa_languages-frances","28":"pa_languages-holandes","29":"pa_languages-ingles-britanico","30":"pa_languages-italiano","31":"pa_languages-portugues","33":"first","34":"instock","35":"downloadable","36":"virtual","37":"purchasable","38":"product-type-simple"},"acf":[],"yoast_head":"<!-- This site is optimized with the Yoast SEO plugin v27.4 - https:\/\/yoast.com\/product\/yoast-seo-wordpress\/ -->\n<title>Corona navide\u00f1a del Sr. y la Sra. Claus patr\u00f3n de ganchillo - Craftygenesindonesia<\/title>\n<meta name=\"description\" content=\"Compra aqu\u00ed mi patr\u00f3n de ganchillo \u00abCorona de Navidad del Sr. y la Sra. Claus\u00bb. Tambi\u00e9n est\u00e1 disponible en Etsy, Haked.nl, Ravelry, Payhip.\" \/>\n<meta name=\"robots\" content=\"index, follow, max-snippet:-1, max-image-preview:large, max-video-preview:-1\" \/>\n<link rel=\"canonical\" href=\"https:\/\/craftygenesindonesia.com\/es\/shop\/navidad\/corona-navidena-del-sr-y-la-sra-claus\/\" \/>\n<meta property=\"og:locale\" content=\"es_ES\" \/>\n<meta property=\"og:type\" content=\"article\" \/>\n<meta property=\"og:title\" content=\"Patr\u00f3n de ganchillo &quot;Corona de Navidad del Sr. y la Sra. Claus&quot;\" \/>\n<meta property=\"og:description\" content=\"Compra aqu\u00ed mi patr\u00f3n de ganchillo \u00abCorona de Navidad del Sr. y la Sra. Claus\u00bb. Tambi\u00e9n est\u00e1 disponible en Etsy, Haked.nl, Ravelry, Payhip.\" \/>\n<meta property=\"og:url\" content=\"https:\/\/craftygenesindonesia.com\/es\/shop\/navidad\/corona-navidena-del-sr-y-la-sra-claus\/\" \/>\n<meta property=\"og:site_name\" content=\"Craftygenesindonesia\" \/>\n<meta property=\"article:modified_time\" content=\"2026-02-27T21:48:57+00:00\" \/>\n<meta property=\"og:image\" content=\"https:\/\/craftygenesindonesia.com\/wp-content\/uploads\/2022\/11\/Copy-of-Mr-Mrs-Claus-Christmas-Wreath.jpg\" \/>\n\t<meta property=\"og:image:width\" content=\"1080\" \/>\n\t<meta property=\"og:image:height\" content=\"1080\" \/>\n\t<meta property=\"og:image:type\" content=\"image\/jpeg\" \/>\n<meta name=\"twitter:card\" content=\"summary_large_image\" \/>\n<meta name=\"twitter:title\" content=\"Corona navide\u00f1a del Sr. y la Sra. Claus\" \/>\n<meta name=\"twitter:description\" content=\"Compra aqu\u00ed mi patr\u00f3n de ganchillo &quot;Corona de Navidad Sr. y Sra. Claus&quot; en ingl\u00e9s y holand\u00e9s. Con enlaces a Etsy, Ravelry y Haked\" \/>\n<meta name=\"twitter:image\" content=\"https:\/\/craftygenesindonesia.com\/wp-content\/uploads\/2022\/11\/image0-11-1024x1024.jpeg\" \/>\n<meta name=\"twitter:label1\" content=\"Tiempo de lectura\" \/>\n\t<meta name=\"twitter:data1\" content=\"2 minutos\" \/>\n<script type=\"application\/ld+json\" class=\"yoast-schema-graph\">{\"@context\":\"https:\\\/\\\/schema.org\",\"@graph\":[{\"@type\":\"WebPage\",\"@id\":\"https:\\\/\\\/craftygenesindonesia.com\\\/es\\\/shop\\\/navidad\\\/corona-navidena-del-sr-y-la-sra-claus\\\/\",\"url\":\"https:\\\/\\\/craftygenesindonesia.com\\\/es\\\/shop\\\/navidad\\\/corona-navidena-del-sr-y-la-sra-claus\\\/\",\"name\":\"Corona navide\u00f1a del Sr. y la Sra. Claus patr\u00f3n de ganchillo - Craftygenesindonesia\",\"isPartOf\":{\"@id\":\"https:\\\/\\\/craftygenesindonesia.com\\\/es\\\/#website\"},\"primaryImageOfPage\":{\"@id\":\"https:\\\/\\\/craftygenesindonesia.com\\\/es\\\/shop\\\/navidad\\\/corona-navidena-del-sr-y-la-sra-claus\\\/#primaryimage\"},\"image\":{\"@id\":\"https:\\\/\\\/craftygenesindonesia.com\\\/es\\\/shop\\\/navidad\\\/corona-navidena-del-sr-y-la-sra-claus\\\/#primaryimage\"},\"thumbnailUrl\":\"https:\\\/\\\/craftygenesindonesia.com\\\/wp-content\\\/uploads\\\/2022\\\/11\\\/Copy-of-Mr-Mrs-Claus-Christmas-Wreath.jpg\",\"datePublished\":\"2022-11-23T00:59:48+00:00\",\"dateModified\":\"2026-02-27T21:48:57+00:00\",\"description\":\"Compra aqu\u00ed mi patr\u00f3n de ganchillo \u00abCorona de Navidad del Sr. y la Sra. Claus\u00bb. Tambi\u00e9n est\u00e1 disponible en Etsy, Haked.nl, Ravelry, Payhip.\",\"breadcrumb\":{\"@id\":\"https:\\\/\\\/craftygenesindonesia.com\\\/es\\\/shop\\\/navidad\\\/corona-navidena-del-sr-y-la-sra-claus\\\/#breadcrumb\"},\"inLanguage\":\"es\",\"potentialAction\":[{\"@type\":\"ReadAction\",\"target\":[\"https:\\\/\\\/craftygenesindonesia.com\\\/es\\\/shop\\\/navidad\\\/corona-navidena-del-sr-y-la-sra-claus\\\/\"]}]},{\"@type\":\"ImageObject\",\"inLanguage\":\"es\",\"@id\":\"https:\\\/\\\/craftygenesindonesia.com\\\/es\\\/shop\\\/navidad\\\/corona-navidena-del-sr-y-la-sra-claus\\\/#primaryimage\",\"url\":\"https:\\\/\\\/craftygenesindonesia.com\\\/wp-content\\\/uploads\\\/2022\\\/11\\\/Copy-of-Mr-Mrs-Claus-Christmas-Wreath.jpg\",\"contentUrl\":\"https:\\\/\\\/craftygenesindonesia.com\\\/wp-content\\\/uploads\\\/2022\\\/11\\\/Copy-of-Mr-Mrs-Claus-Christmas-Wreath.jpg\",\"width\":1080,\"height\":1080,\"caption\":\"crochet Santa Claus with Mrs Claus, standing in a crochet Christmas wreath\"},{\"@type\":\"BreadcrumbList\",\"@id\":\"https:\\\/\\\/craftygenesindonesia.com\\\/es\\\/shop\\\/navidad\\\/corona-navidena-del-sr-y-la-sra-claus\\\/#breadcrumb\",\"itemListElement\":[{\"@type\":\"ListItem\",\"position\":1,\"name\":\"Home\",\"item\":\"https:\\\/\\\/craftygenesindonesia.com\\\/es\\\/\"},{\"@type\":\"ListItem\",\"position\":2,\"name\":\"Tienda de patrones\",\"item\":\"https:\\\/\\\/craftygenesindonesia.com\\\/es\\\/tienda-de-patrones\\\/\"},{\"@type\":\"ListItem\",\"position\":3,\"name\":\"Corona navide\u00f1a del Sr. y la Sra. Claus\"}]},{\"@type\":\"WebSite\",\"@id\":\"https:\\\/\\\/craftygenesindonesia.com\\\/es\\\/#website\",\"url\":\"https:\\\/\\\/craftygenesindonesia.com\\\/es\\\/\",\"name\":\"Craftygenesindonesia\",\"description\":\"\",\"publisher\":{\"@id\":\"https:\\\/\\\/craftygenesindonesia.com\\\/es\\\/#organization\"},\"potentialAction\":[{\"@type\":\"SearchAction\",\"target\":{\"@type\":\"EntryPoint\",\"urlTemplate\":\"https:\\\/\\\/craftygenesindonesia.com\\\/es\\\/?s={search_term_string}\"},\"query-input\":{\"@type\":\"PropertyValueSpecification\",\"valueRequired\":true,\"valueName\":\"search_term_string\"}}],\"inLanguage\":\"es\"},{\"@type\":\"Organization\",\"@id\":\"https:\\\/\\\/craftygenesindonesia.com\\\/es\\\/#organization\",\"name\":\"Craftygenesindonesia\",\"url\":\"https:\\\/\\\/craftygenesindonesia.com\\\/es\\\/\",\"logo\":{\"@type\":\"ImageObject\",\"inLanguage\":\"es\",\"@id\":\"https:\\\/\\\/craftygenesindonesia.com\\\/es\\\/#\\\/schema\\\/logo\\\/image\\\/\",\"url\":\"https:\\\/\\\/craftygenesindonesia.com\\\/wp-content\\\/uploads\\\/2025\\\/11\\\/cropped-Copy-of-Craftygenesindonesia.jpg\",\"contentUrl\":\"https:\\\/\\\/craftygenesindonesia.com\\\/wp-content\\\/uploads\\\/2025\\\/11\\\/cropped-Copy-of-Craftygenesindonesia.jpg\",\"width\":180,\"height\":60,\"caption\":\"Craftygenesindonesia\"},\"image\":{\"@id\":\"https:\\\/\\\/craftygenesindonesia.com\\\/es\\\/#\\\/schema\\\/logo\\\/image\\\/\"}}]}<\/script>\n<!-- \/ Yoast SEO plugin. -->","yoast_head_json":{"title":"Corona navide\u00f1a del Sr. y la Sra. Claus patr\u00f3n de ganchillo - Craftygenesindonesia","description":"Compra aqu\u00ed mi patr\u00f3n de ganchillo \u00abCorona de Navidad del Sr. y la Sra. Claus\u00bb. Tambi\u00e9n est\u00e1 disponible en Etsy, Haked.nl, Ravelry, Payhip.","robots":{"index":"index","follow":"follow","max-snippet":"max-snippet:-1","max-image-preview":"max-image-preview:large","max-video-preview":"max-video-preview:-1"},"canonical":"https:\/\/craftygenesindonesia.com\/es\/shop\/navidad\/corona-navidena-del-sr-y-la-sra-claus\/","og_locale":"es_ES","og_type":"article","og_title":"Patr\u00f3n de ganchillo \"Corona de Navidad del Sr. y la Sra. Claus\"","og_description":"Compra aqu\u00ed mi patr\u00f3n de ganchillo \u00abCorona de Navidad del Sr. y la Sra. Claus\u00bb. Tambi\u00e9n est\u00e1 disponible en Etsy, Haked.nl, Ravelry, Payhip.","og_url":"https:\/\/craftygenesindonesia.com\/es\/shop\/navidad\/corona-navidena-del-sr-y-la-sra-claus\/","og_site_name":"Craftygenesindonesia","article_modified_time":"2026-02-27T21:48:57+00:00","og_image":[{"width":1080,"height":1080,"url":"https:\/\/craftygenesindonesia.com\/wp-content\/uploads\/2022\/11\/Copy-of-Mr-Mrs-Claus-Christmas-Wreath.jpg","type":"image\/jpeg"}],"twitter_card":"summary_large_image","twitter_title":"Corona navide\u00f1a del Sr. y la Sra. Claus","twitter_description":"Compra aqu\u00ed mi patr\u00f3n de ganchillo \"Corona de Navidad Sr. y Sra. Claus\" en ingl\u00e9s y holand\u00e9s. Con enlaces a Etsy, Ravelry y Haked","twitter_image":"https:\/\/craftygenesindonesia.com\/wp-content\/uploads\/2022\/11\/image0-11-1024x1024.jpeg","twitter_misc":{"Tiempo de lectura":"2 minutos"},"schema":{"@context":"https:\/\/schema.org","@graph":[{"@type":"WebPage","@id":"https:\/\/craftygenesindonesia.com\/es\/shop\/navidad\/corona-navidena-del-sr-y-la-sra-claus\/","url":"https:\/\/craftygenesindonesia.com\/es\/shop\/navidad\/corona-navidena-del-sr-y-la-sra-claus\/","name":"Corona navide\u00f1a del Sr. y la Sra. Claus patr\u00f3n de ganchillo - Craftygenesindonesia","isPartOf":{"@id":"https:\/\/craftygenesindonesia.com\/es\/#website"},"primaryImageOfPage":{"@id":"https:\/\/craftygenesindonesia.com\/es\/shop\/navidad\/corona-navidena-del-sr-y-la-sra-claus\/#primaryimage"},"image":{"@id":"https:\/\/craftygenesindonesia.com\/es\/shop\/navidad\/corona-navidena-del-sr-y-la-sra-claus\/#primaryimage"},"thumbnailUrl":"https:\/\/craftygenesindonesia.com\/wp-content\/uploads\/2022\/11\/Copy-of-Mr-Mrs-Claus-Christmas-Wreath.jpg","datePublished":"2022-11-23T00:59:48+00:00","dateModified":"2026-02-27T21:48:57+00:00","description":"Compra aqu\u00ed mi patr\u00f3n de ganchillo \u00abCorona de Navidad del Sr. y la Sra. Claus\u00bb. Tambi\u00e9n est\u00e1 disponible en Etsy, Haked.nl, Ravelry, Payhip.","breadcrumb":{"@id":"https:\/\/craftygenesindonesia.com\/es\/shop\/navidad\/corona-navidena-del-sr-y-la-sra-claus\/#breadcrumb"},"inLanguage":"es","potentialAction":[{"@type":"ReadAction","target":["https:\/\/craftygenesindonesia.com\/es\/shop\/navidad\/corona-navidena-del-sr-y-la-sra-claus\/"]}]},{"@type":"ImageObject","inLanguage":"es","@id":"https:\/\/craftygenesindonesia.com\/es\/shop\/navidad\/corona-navidena-del-sr-y-la-sra-claus\/#primaryimage","url":"https:\/\/craftygenesindonesia.com\/wp-content\/uploads\/2022\/11\/Copy-of-Mr-Mrs-Claus-Christmas-Wreath.jpg","contentUrl":"https:\/\/craftygenesindonesia.com\/wp-content\/uploads\/2022\/11\/Copy-of-Mr-Mrs-Claus-Christmas-Wreath.jpg","width":1080,"height":1080,"caption":"crochet Santa Claus with Mrs Claus, standing in a crochet Christmas wreath"},{"@type":"BreadcrumbList","@id":"https:\/\/craftygenesindonesia.com\/es\/shop\/navidad\/corona-navidena-del-sr-y-la-sra-claus\/#breadcrumb","itemListElement":[{"@type":"ListItem","position":1,"name":"Home","item":"https:\/\/craftygenesindonesia.com\/es\/"},{"@type":"ListItem","position":2,"name":"Tienda de patrones","item":"https:\/\/craftygenesindonesia.com\/es\/tienda-de-patrones\/"},{"@type":"ListItem","position":3,"name":"Corona navide\u00f1a del Sr. y la Sra. Claus"}]},{"@type":"WebSite","@id":"https:\/\/craftygenesindonesia.com\/es\/#website","url":"https:\/\/craftygenesindonesia.com\/es\/","name":"Craftygenesindonesia","description":"","publisher":{"@id":"https:\/\/craftygenesindonesia.com\/es\/#organization"},"potentialAction":[{"@type":"SearchAction","target":{"@type":"EntryPoint","urlTemplate":"https:\/\/craftygenesindonesia.com\/es\/?s={search_term_string}"},"query-input":{"@type":"PropertyValueSpecification","valueRequired":true,"valueName":"search_term_string"}}],"inLanguage":"es"},{"@type":"Organization","@id":"https:\/\/craftygenesindonesia.com\/es\/#organization","name":"Craftygenesindonesia","url":"https:\/\/craftygenesindonesia.com\/es\/","logo":{"@type":"ImageObject","inLanguage":"es","@id":"https:\/\/craftygenesindonesia.com\/es\/#\/schema\/logo\/image\/","url":"https:\/\/craftygenesindonesia.com\/wp-content\/uploads\/2025\/11\/cropped-Copy-of-Craftygenesindonesia.jpg","contentUrl":"https:\/\/craftygenesindonesia.com\/wp-content\/uploads\/2025\/11\/cropped-Copy-of-Craftygenesindonesia.jpg","width":180,"height":60,"caption":"Craftygenesindonesia"},"image":{"@id":"https:\/\/craftygenesindonesia.com\/es\/#\/schema\/logo\/image\/"}}]}},"_links":{"self":[{"href":"https:\/\/craftygenesindonesia.com\/es\/wp-json\/wp\/v2\/product\/17538","targetHints":{"allow":["GET"]}}],"collection":[{"href":"https:\/\/craftygenesindonesia.com\/es\/wp-json\/wp\/v2\/product"}],"about":[{"href":"https:\/\/craftygenesindonesia.com\/es\/wp-json\/wp\/v2\/types\/product"}],"replies":[{"embeddable":true,"href":"https:\/\/craftygenesindonesia.com\/es\/wp-json\/wp\/v2\/comments?post=17538"}],"wp:featuredmedia":[{"embeddable":true,"href":"https:\/\/craftygenesindonesia.com\/es\/wp-json\/wp\/v2\/media\/987531115"}],"wp:attachment":[{"href":"https:\/\/craftygenesindonesia.com\/es\/wp-json\/wp\/v2\/media?parent=17538"}],"wp:term":[{"taxonomy":"product_brand","embeddable":true,"href":"https:\/\/craftygenesindonesia.com\/es\/wp-json\/wp\/v2\/product_brand?post=17538"},{"taxonomy":"product_cat","embeddable":true,"href":"https:\/\/craftygenesindonesia.com\/es\/wp-json\/wp\/v2\/product_cat?post=17538"},{"taxonomy":"product_tag","embeddable":true,"href":"https:\/\/craftygenesindonesia.com\/es\/wp-json\/wp\/v2\/product_tag?post=17538"}],"curies":[{"name":"wp","href":"https:\/\/api.w.org\/{rel}","templated":true}]}}