{"id":17530,"date":"2022-12-17T09:14:06","date_gmt":"2022-12-17T01:14:06","guid":{"rendered":"https:\/\/craftygenesindonesia.com\/?post_type=product&#038;p=17530"},"modified":"2025-11-14T06:44:31","modified_gmt":"2025-11-13T22:44:31","slug":"la-duquesa-edicion-de-invierno","status":"publish","type":"product","link":"https:\/\/craftygenesindonesia.com\/es\/shop\/animales\/la-duquesa-edicion-de-invierno\/","title":{"rendered":"La Duquesa, edici\u00f3n de invierno"},"content":{"rendered":"<p>La duquesa, edici\u00f3n de invierno<\/p>\n<p>La duquesa mide 24 cm. El caballo mide 26 cm. Ambos est\u00e1n hechos con hilo de peso \u00abFINGERING\u00bb adecuado para amigurumi y una aguja de ganchillo de tama\u00f1o 2 mm.<\/p>\n<p>Necesitar\u00e1 estos colores:<\/p>\n<ul>\n<li>Azul: 105-120m\/115-130yd (Catona Electric Blue o Catania Royal son opciones maravillosas)<\/li>\n<li>Marr\u00f3n oscuro: 25-35m\/30-40yd<\/li>\n<li>Blanco hueso: 101-5m\/10-15yd<\/li>\n<li>Color piel: 10-15m\/10-15yd<\/li>\n<li>Blanco: 270-285m\/295-310yd Tambi\u00e9n necesitar\u00e1 hilo de chenilla blanco. Tambi\u00e9n necesitar\u00e1: relleno &#8211; marcadores de puntos &#8211; aguja de tapicer\u00eda &#8211; tijeras &#8211; l\u00e1piz &#8211; pegamento &#8211; pistola de pegamento &#8211; bastoncillo de algod\u00f3n &#8211; alfileres de coser &#8211; cartulina &#8211; adorno de strass<\/li>\n<\/ul>\n<p>Aguja de ganchillo: tama\u00f1o 2 mm<\/p>\n<p>Este patr\u00f3n es un patr\u00f3n escrito con muchas fotos para ayudarte. Si tienes alguna pregunta, env\u00edame un mensaje a:\u00a0<a href=\"mailto:craftygenesindonesia@gmail.com\">craftygenesindonesia@gmail.com<\/a><\/p>\n<p><strong>-Este patr\u00f3n es s\u00f3lo para uso personal y tiene un COPYRIGHT en \u00e9l. Por lo tanto, el patr\u00f3n no puede ser copiado, vendido, revendido, traducido, reclamado como su dise\u00f1o, distribuido, compartido, publicado, publicado en l\u00ednea en cualquier forma sin mi permiso. Ni siquiera una parte.<\/strong><\/p>\n<p><strong>-Puedes vender el producto acabado en peque\u00f1as cantidades, PERO NO EL PATR\u00d3N EN S\u00cd. Menciona que el patr\u00f3n es de Craftygenesindonesia y d\u00f3nde se puede comprar.<\/strong><\/p>\n","protected":false},"excerpt":{"rendered":"<p>El patr\u00f3n de ganchillo de esta dama de ganchillo y su caballo es f\u00e1cil de seguir y perfecto para los aficionados a los patrones de ganchillo de Duquesa y para aquellos a los que les guste tejer caballos a ganchillo.<\/p>\n<p>Haz <a href=\"https:\/\/craftygenesindonesia.com\/es\/categor%C3%ADa-producto\/duquesa\/\" target=\"_blank\" rel=\"noopener\"><strong>clic aqu\u00ed<\/strong><\/a> para ver todos los patrones de ganchillo de Duquesa.<\/p>\n","protected":false},"featured_media":987525889,"comment_status":"open","ping_status":"closed","template":"","meta":{"_acf_changed":false},"product_brand":[],"product_cat":[3037,3051,3047,3049],"product_tag":[11247,11681,11033,10625,10793,11610,11684,10908],"class_list":{"0":"post-17530","1":"product","2":"type-product","3":"status-publish","4":"has-post-thumbnail","6":"product_cat-animales","7":"product_cat-duquesa","8":"product_cat-navidad","9":"product_cat-senoras-y-senores","10":"product_tag-paard-nl","11":"product_tag-wit-paard","12":"product_tag-gehaakt-paard-nl","13":"product_tag-kerst-dame","14":"product_tag-winter-nl","15":"product_tag-de-hertogin","16":"product_tag-vrouw-nl","17":"product_tag-blauwe-jurk","18":"pa_available_on-craftygenesindonesia","19":"pa_available_on-etsy","20":"pa_available_on-haked-nl","21":"pa_available_on-payhip","22":"pa_available_on-ravelry","23":"pa_languages-aleman","24":"pa_languages-espanol","25":"pa_languages-estados-unidos-ingles","26":"pa_languages-frances","27":"pa_languages-holandes","29":"first","30":"instock","31":"downloadable","32":"virtual","33":"purchasable","34":"product-type-simple"},"acf":[],"yoast_head":"<!-- This site is optimized with the Yoast SEO plugin v27.3 - https:\/\/yoast.com\/product\/yoast-seo-wordpress\/ -->\n<title>La Duquesa, edici\u00f3n de invierno patr\u00f3n de ganchillo - Craftygenesindonesia<\/title>\n<meta name=\"description\" content=\"Pide mi patr\u00f3n de ganchillo &quot;La Duquesa, Edici\u00f3n de Invierno&quot; aqu\u00ed. El patr\u00f3n de ganchillo tambi\u00e9n est\u00e1 disponible en Etsy, Haked, Ravelry, Payhip\" \/>\n<meta name=\"robots\" content=\"index, follow, max-snippet:-1, max-image-preview:large, max-video-preview:-1\" \/>\n<link rel=\"canonical\" href=\"https:\/\/craftygenesindonesia.com\/es\/shop\/animales\/la-duquesa-edicion-de-invierno\/\" \/>\n<meta property=\"og:locale\" content=\"es_ES\" \/>\n<meta property=\"og:type\" content=\"article\" \/>\n<meta property=\"og:title\" content=\"Patr\u00f3n de ganchillo &quot;La Duquesa, Edici\u00f3n de Invierno&quot;\" \/>\n<meta property=\"og:description\" content=\"Pide mi patr\u00f3n de ganchillo &quot;La Duquesa, Edici\u00f3n de Invierno&quot; aqu\u00ed. El patr\u00f3n de ganchillo tambi\u00e9n est\u00e1 disponible en Etsy, Haked, Ravelry, Payhip\" \/>\n<meta property=\"og:url\" content=\"https:\/\/craftygenesindonesia.com\/es\/shop\/animales\/la-duquesa-edicion-de-invierno\/\" \/>\n<meta property=\"og:site_name\" content=\"Craftygenesindonesia\" \/>\n<meta property=\"article:modified_time\" content=\"2025-11-13T22:44:31+00:00\" \/>\n<meta property=\"og:image\" content=\"https:\/\/craftygenesindonesia.com\/wp-content\/uploads\/2022\/12\/Duchess-Winter-1.jpg\" \/>\n\t<meta property=\"og:image:width\" content=\"1080\" \/>\n\t<meta property=\"og:image:height\" content=\"1080\" \/>\n\t<meta property=\"og:image:type\" content=\"image\/jpeg\" \/>\n<meta name=\"twitter:card\" content=\"summary_large_image\" \/>\n<meta name=\"twitter:image\" content=\"https:\/\/craftygenesindonesia.com\/wp-content\/uploads\/2022\/12\/20221216_172627-1024x1024.jpg\" \/>\n<meta name=\"twitter:label1\" content=\"Tiempo de lectura\" \/>\n\t<meta name=\"twitter:data1\" content=\"2 minutos\" \/>\n<script type=\"application\/ld+json\" class=\"yoast-schema-graph\">{\"@context\":\"https:\\\/\\\/schema.org\",\"@graph\":[{\"@type\":\"WebPage\",\"@id\":\"https:\\\/\\\/craftygenesindonesia.com\\\/es\\\/shop\\\/animales\\\/la-duquesa-edicion-de-invierno\\\/\",\"url\":\"https:\\\/\\\/craftygenesindonesia.com\\\/es\\\/shop\\\/animales\\\/la-duquesa-edicion-de-invierno\\\/\",\"name\":\"La Duquesa, edici\u00f3n de invierno patr\u00f3n de ganchillo - Craftygenesindonesia\",\"isPartOf\":{\"@id\":\"https:\\\/\\\/craftygenesindonesia.com\\\/es\\\/#website\"},\"primaryImageOfPage\":{\"@id\":\"https:\\\/\\\/craftygenesindonesia.com\\\/es\\\/shop\\\/animales\\\/la-duquesa-edicion-de-invierno\\\/#primaryimage\"},\"image\":{\"@id\":\"https:\\\/\\\/craftygenesindonesia.com\\\/es\\\/shop\\\/animales\\\/la-duquesa-edicion-de-invierno\\\/#primaryimage\"},\"thumbnailUrl\":\"https:\\\/\\\/craftygenesindonesia.com\\\/wp-content\\\/uploads\\\/2022\\\/12\\\/Duchess-Winter-1.jpg\",\"datePublished\":\"2022-12-17T01:14:06+00:00\",\"dateModified\":\"2025-11-13T22:44:31+00:00\",\"description\":\"Pide mi patr\u00f3n de ganchillo \\\"La Duquesa, Edici\u00f3n de Invierno\\\" aqu\u00ed. El patr\u00f3n de ganchillo tambi\u00e9n est\u00e1 disponible en Etsy, Haked, Ravelry, Payhip\",\"breadcrumb\":{\"@id\":\"https:\\\/\\\/craftygenesindonesia.com\\\/es\\\/shop\\\/animales\\\/la-duquesa-edicion-de-invierno\\\/#breadcrumb\"},\"inLanguage\":\"es\",\"potentialAction\":[{\"@type\":\"ReadAction\",\"target\":[\"https:\\\/\\\/craftygenesindonesia.com\\\/es\\\/shop\\\/animales\\\/la-duquesa-edicion-de-invierno\\\/\"]}]},{\"@type\":\"ImageObject\",\"inLanguage\":\"es\",\"@id\":\"https:\\\/\\\/craftygenesindonesia.com\\\/es\\\/shop\\\/animales\\\/la-duquesa-edicion-de-invierno\\\/#primaryimage\",\"url\":\"https:\\\/\\\/craftygenesindonesia.com\\\/wp-content\\\/uploads\\\/2022\\\/12\\\/Duchess-Winter-1.jpg\",\"contentUrl\":\"https:\\\/\\\/craftygenesindonesia.com\\\/wp-content\\\/uploads\\\/2022\\\/12\\\/Duchess-Winter-1.jpg\",\"width\":1080,\"height\":1080,\"caption\":\"crochet lady with crochet horse\"},{\"@type\":\"BreadcrumbList\",\"@id\":\"https:\\\/\\\/craftygenesindonesia.com\\\/es\\\/shop\\\/animales\\\/la-duquesa-edicion-de-invierno\\\/#breadcrumb\",\"itemListElement\":[{\"@type\":\"ListItem\",\"position\":1,\"name\":\"Home\",\"item\":\"https:\\\/\\\/craftygenesindonesia.com\\\/es\\\/\"},{\"@type\":\"ListItem\",\"position\":2,\"name\":\"Tienda de patrones\",\"item\":\"https:\\\/\\\/craftygenesindonesia.com\\\/es\\\/tienda-de-patrones\\\/\"},{\"@type\":\"ListItem\",\"position\":3,\"name\":\"La Duquesa, edici\u00f3n de invierno\"}]},{\"@type\":\"WebSite\",\"@id\":\"https:\\\/\\\/craftygenesindonesia.com\\\/es\\\/#website\",\"url\":\"https:\\\/\\\/craftygenesindonesia.com\\\/es\\\/\",\"name\":\"Craftygenesindonesia\",\"description\":\"\",\"publisher\":{\"@id\":\"https:\\\/\\\/craftygenesindonesia.com\\\/es\\\/#organization\"},\"potentialAction\":[{\"@type\":\"SearchAction\",\"target\":{\"@type\":\"EntryPoint\",\"urlTemplate\":\"https:\\\/\\\/craftygenesindonesia.com\\\/es\\\/?s={search_term_string}\"},\"query-input\":{\"@type\":\"PropertyValueSpecification\",\"valueRequired\":true,\"valueName\":\"search_term_string\"}}],\"inLanguage\":\"es\"},{\"@type\":\"Organization\",\"@id\":\"https:\\\/\\\/craftygenesindonesia.com\\\/es\\\/#organization\",\"name\":\"Craftygenesindonesia\",\"url\":\"https:\\\/\\\/craftygenesindonesia.com\\\/es\\\/\",\"logo\":{\"@type\":\"ImageObject\",\"inLanguage\":\"es\",\"@id\":\"https:\\\/\\\/craftygenesindonesia.com\\\/es\\\/#\\\/schema\\\/logo\\\/image\\\/\",\"url\":\"https:\\\/\\\/craftygenesindonesia.com\\\/wp-content\\\/uploads\\\/2025\\\/11\\\/cropped-Copy-of-Craftygenesindonesia.jpg\",\"contentUrl\":\"https:\\\/\\\/craftygenesindonesia.com\\\/wp-content\\\/uploads\\\/2025\\\/11\\\/cropped-Copy-of-Craftygenesindonesia.jpg\",\"width\":180,\"height\":60,\"caption\":\"Craftygenesindonesia\"},\"image\":{\"@id\":\"https:\\\/\\\/craftygenesindonesia.com\\\/es\\\/#\\\/schema\\\/logo\\\/image\\\/\"}}]}<\/script>\n<!-- \/ Yoast SEO plugin. -->","yoast_head_json":{"title":"La Duquesa, edici\u00f3n de invierno patr\u00f3n de ganchillo - Craftygenesindonesia","description":"Pide mi patr\u00f3n de ganchillo \"La Duquesa, Edici\u00f3n de Invierno\" aqu\u00ed. El patr\u00f3n de ganchillo tambi\u00e9n est\u00e1 disponible en Etsy, Haked, Ravelry, Payhip","robots":{"index":"index","follow":"follow","max-snippet":"max-snippet:-1","max-image-preview":"max-image-preview:large","max-video-preview":"max-video-preview:-1"},"canonical":"https:\/\/craftygenesindonesia.com\/es\/shop\/animales\/la-duquesa-edicion-de-invierno\/","og_locale":"es_ES","og_type":"article","og_title":"Patr\u00f3n de ganchillo \"La Duquesa, Edici\u00f3n de Invierno\"","og_description":"Pide mi patr\u00f3n de ganchillo \"La Duquesa, Edici\u00f3n de Invierno\" aqu\u00ed. El patr\u00f3n de ganchillo tambi\u00e9n est\u00e1 disponible en Etsy, Haked, Ravelry, Payhip","og_url":"https:\/\/craftygenesindonesia.com\/es\/shop\/animales\/la-duquesa-edicion-de-invierno\/","og_site_name":"Craftygenesindonesia","article_modified_time":"2025-11-13T22:44:31+00:00","og_image":[{"width":1080,"height":1080,"url":"https:\/\/craftygenesindonesia.com\/wp-content\/uploads\/2022\/12\/Duchess-Winter-1.jpg","type":"image\/jpeg"}],"twitter_card":"summary_large_image","twitter_image":"https:\/\/craftygenesindonesia.com\/wp-content\/uploads\/2022\/12\/20221216_172627-1024x1024.jpg","twitter_misc":{"Tiempo de lectura":"2 minutos"},"schema":{"@context":"https:\/\/schema.org","@graph":[{"@type":"WebPage","@id":"https:\/\/craftygenesindonesia.com\/es\/shop\/animales\/la-duquesa-edicion-de-invierno\/","url":"https:\/\/craftygenesindonesia.com\/es\/shop\/animales\/la-duquesa-edicion-de-invierno\/","name":"La Duquesa, edici\u00f3n de invierno patr\u00f3n de ganchillo - Craftygenesindonesia","isPartOf":{"@id":"https:\/\/craftygenesindonesia.com\/es\/#website"},"primaryImageOfPage":{"@id":"https:\/\/craftygenesindonesia.com\/es\/shop\/animales\/la-duquesa-edicion-de-invierno\/#primaryimage"},"image":{"@id":"https:\/\/craftygenesindonesia.com\/es\/shop\/animales\/la-duquesa-edicion-de-invierno\/#primaryimage"},"thumbnailUrl":"https:\/\/craftygenesindonesia.com\/wp-content\/uploads\/2022\/12\/Duchess-Winter-1.jpg","datePublished":"2022-12-17T01:14:06+00:00","dateModified":"2025-11-13T22:44:31+00:00","description":"Pide mi patr\u00f3n de ganchillo \"La Duquesa, Edici\u00f3n de Invierno\" aqu\u00ed. El patr\u00f3n de ganchillo tambi\u00e9n est\u00e1 disponible en Etsy, Haked, Ravelry, Payhip","breadcrumb":{"@id":"https:\/\/craftygenesindonesia.com\/es\/shop\/animales\/la-duquesa-edicion-de-invierno\/#breadcrumb"},"inLanguage":"es","potentialAction":[{"@type":"ReadAction","target":["https:\/\/craftygenesindonesia.com\/es\/shop\/animales\/la-duquesa-edicion-de-invierno\/"]}]},{"@type":"ImageObject","inLanguage":"es","@id":"https:\/\/craftygenesindonesia.com\/es\/shop\/animales\/la-duquesa-edicion-de-invierno\/#primaryimage","url":"https:\/\/craftygenesindonesia.com\/wp-content\/uploads\/2022\/12\/Duchess-Winter-1.jpg","contentUrl":"https:\/\/craftygenesindonesia.com\/wp-content\/uploads\/2022\/12\/Duchess-Winter-1.jpg","width":1080,"height":1080,"caption":"crochet lady with crochet horse"},{"@type":"BreadcrumbList","@id":"https:\/\/craftygenesindonesia.com\/es\/shop\/animales\/la-duquesa-edicion-de-invierno\/#breadcrumb","itemListElement":[{"@type":"ListItem","position":1,"name":"Home","item":"https:\/\/craftygenesindonesia.com\/es\/"},{"@type":"ListItem","position":2,"name":"Tienda de patrones","item":"https:\/\/craftygenesindonesia.com\/es\/tienda-de-patrones\/"},{"@type":"ListItem","position":3,"name":"La Duquesa, edici\u00f3n de invierno"}]},{"@type":"WebSite","@id":"https:\/\/craftygenesindonesia.com\/es\/#website","url":"https:\/\/craftygenesindonesia.com\/es\/","name":"Craftygenesindonesia","description":"","publisher":{"@id":"https:\/\/craftygenesindonesia.com\/es\/#organization"},"potentialAction":[{"@type":"SearchAction","target":{"@type":"EntryPoint","urlTemplate":"https:\/\/craftygenesindonesia.com\/es\/?s={search_term_string}"},"query-input":{"@type":"PropertyValueSpecification","valueRequired":true,"valueName":"search_term_string"}}],"inLanguage":"es"},{"@type":"Organization","@id":"https:\/\/craftygenesindonesia.com\/es\/#organization","name":"Craftygenesindonesia","url":"https:\/\/craftygenesindonesia.com\/es\/","logo":{"@type":"ImageObject","inLanguage":"es","@id":"https:\/\/craftygenesindonesia.com\/es\/#\/schema\/logo\/image\/","url":"https:\/\/craftygenesindonesia.com\/wp-content\/uploads\/2025\/11\/cropped-Copy-of-Craftygenesindonesia.jpg","contentUrl":"https:\/\/craftygenesindonesia.com\/wp-content\/uploads\/2025\/11\/cropped-Copy-of-Craftygenesindonesia.jpg","width":180,"height":60,"caption":"Craftygenesindonesia"},"image":{"@id":"https:\/\/craftygenesindonesia.com\/es\/#\/schema\/logo\/image\/"}}]}},"_links":{"self":[{"href":"https:\/\/craftygenesindonesia.com\/es\/wp-json\/wp\/v2\/product\/17530","targetHints":{"allow":["GET"]}}],"collection":[{"href":"https:\/\/craftygenesindonesia.com\/es\/wp-json\/wp\/v2\/product"}],"about":[{"href":"https:\/\/craftygenesindonesia.com\/es\/wp-json\/wp\/v2\/types\/product"}],"replies":[{"embeddable":true,"href":"https:\/\/craftygenesindonesia.com\/es\/wp-json\/wp\/v2\/comments?post=17530"}],"wp:featuredmedia":[{"embeddable":true,"href":"https:\/\/craftygenesindonesia.com\/es\/wp-json\/wp\/v2\/media\/987525889"}],"wp:attachment":[{"href":"https:\/\/craftygenesindonesia.com\/es\/wp-json\/wp\/v2\/media?parent=17530"}],"wp:term":[{"taxonomy":"product_brand","embeddable":true,"href":"https:\/\/craftygenesindonesia.com\/es\/wp-json\/wp\/v2\/product_brand?post=17530"},{"taxonomy":"product_cat","embeddable":true,"href":"https:\/\/craftygenesindonesia.com\/es\/wp-json\/wp\/v2\/product_cat?post=17530"},{"taxonomy":"product_tag","embeddable":true,"href":"https:\/\/craftygenesindonesia.com\/es\/wp-json\/wp\/v2\/product_tag?post=17530"}],"curies":[{"name":"wp","href":"https:\/\/api.w.org\/{rel}","templated":true}]}}