{"id":17527,"date":"2022-12-30T12:55:30","date_gmt":"2022-12-30T04:55:30","guid":{"rendered":"https:\/\/craftygenesindonesia.com\/?post_type=product&#038;p=17527"},"modified":"2025-11-14T06:42:09","modified_gmt":"2025-11-13T22:42:09","slug":"amor-eterno","status":"publish","type":"product","link":"https:\/\/craftygenesindonesia.com\/es\/shop\/senoras-y-senores\/amor-eterno\/","title":{"rendered":"Amor eterno"},"content":{"rendered":"<p>El conjunto mide 25 cm y est\u00e1 hecho con hilo ligero (3) apto para amigurumi y una aguja de ganchillo de 2 mm.<\/p>\n<p>Necesitar\u00e1 estos colores:<\/p>\n<p>Marr\u00f3n oscuro: 65-75m<br \/>\nRojo oscuro: 5-10m<br \/>\nBlanco roto: 170-180m<br \/>\nGris: 1 m<br \/>\nColor piel: 75-85m<br \/>\nBlanco: 65-75m<br \/>\nNegro: 55-65m<\/p>\n<p>Tambi\u00e9n necesitar\u00e1s Relleno &#8211; marcadores de puntos &#8211; aguja de zurcir &#8211; l\u00e1piz &#8211; tijeras &#8211; pegamento &#8211; pistola de pegamento &#8211; aguja e hilo de coser &#8211; alfileres de cabeza &#8211; alfileres de oreja &#8211; cenefa de strass &#8211; cart\u00f3n<\/p>\n<p>&nbsp;<\/p>\n<p>Aguja de ganchillo: 2 mm<\/p>\n<p>&nbsp;<\/p>\n<p>Este patr\u00f3n incluye fotos para ayudarte.\u00a0 Si todav\u00eda tienes preguntas, por favor env\u00edame un mensaje a esta direcci\u00f3n: craftygenesindonesia@gmail.com<\/p>\n<p>&nbsp;<\/p>\n<p>\u00a1Este patr\u00f3n es un patr\u00f3n de COMPRA y tiene un COPYRIGHT en \u00e9l!\u00a0 As\u00ed que el patr\u00f3n es s\u00f3lo para uso personal y NO puede ser copiado, vendido, revendido, traducido, dejado atr\u00e1s, reclamado como su dise\u00f1o, distribuido, compartido, publicado, publicado en l\u00ednea &#8230; en cualquier forma sin mi permiso.\u00a0 \u00a1Ni siquiera una parte!<\/p>\n<p>&nbsp;<\/p>\n<p>Puedes vender el conjunto Forever Love ACABADO en peque\u00f1as cantidades, PERO NO EL PATR\u00d3N EN S\u00cd.\u00a0 Por favor, menciona que el patr\u00f3n es de Craftygenesindonesia y d\u00f3nde se puede comprar el patr\u00f3n de ganchillo.<\/p>\n","protected":false},"excerpt":{"rendered":"<p>Este es un patr\u00f3n de ganchillo f\u00e1cil de seguir para una sencilla pero muy bonita pareja de novios de ganchillo. Es perfecto para ti si te vas a casar. Tambi\u00e9n puedes hacerla para regalar como detalle de boda. Incluso puedes utilizarlo para decorar la tarta de bodas.<\/p>\n<p>&nbsp;<\/p>\n","protected":false},"featured_media":987527684,"comment_status":"open","ping_status":"closed","template":"","meta":{"_acf_changed":false},"product_brand":[],"product_cat":[3049,3067],"product_tag":[11723,11345,11677,10926,10941,11049,11026,10804,10787,10446,11720,10803],"class_list":{"0":"post-17527","1":"product","2":"type-product","3":"status-publish","4":"has-post-thumbnail","6":"product_cat-senoras-y-senores","7":"product_cat-amor","8":"product_tag-adorno-para-tarta-de-boda","9":"product_tag-amor-es","10":"product_tag-boda-es","11":"product_tag-novia-es-2","12":"product_tag-novio","13":"product_tag-novios-de-ganchillo","14":"product_tag-pareja-es","15":"product_tag-pareja-de-san-valentin","16":"product_tag-san-valentin","17":"product_tag-tarta","18":"product_tag-tarta-de-boda","19":"product_tag-valentin-es","20":"pa_available_on-craftygenesindonesia","21":"pa_available_on-etsy","22":"pa_available_on-haked-nl","23":"pa_available_on-payhip","24":"pa_available_on-ravelry","25":"pa_languages-aleman","26":"pa_languages-espanol","27":"pa_languages-estados-unidos-ingles","28":"pa_languages-frances","29":"pa_languages-holandes","31":"first","32":"instock","33":"sale","34":"downloadable","35":"virtual","36":"purchasable","37":"product-type-simple"},"acf":[],"yoast_head":"<!-- This site is optimized with the Yoast SEO plugin v27.4 - https:\/\/yoast.com\/product\/yoast-seo-wordpress\/ -->\n<title>Amor eterno patr\u00f3n de ganchillo - Craftygenesindonesia<\/title>\n<meta name=\"description\" content=\"Compra aqu\u00ed mi patr\u00f3n de ganchillo para novios \u00abForever Love\u00bb. El patr\u00f3n de ganchillo tambi\u00e9n est\u00e1 disponible en Etsy, Haked y Ravelry.\" \/>\n<meta name=\"robots\" content=\"index, follow, max-snippet:-1, max-image-preview:large, max-video-preview:-1\" \/>\n<link rel=\"canonical\" href=\"https:\/\/craftygenesindonesia.com\/es\/shop\/senoras-y-senores\/amor-eterno\/\" \/>\n<meta property=\"og:locale\" content=\"es_ES\" \/>\n<meta property=\"og:type\" content=\"article\" \/>\n<meta property=\"og:title\" content=\"Amor eterno, patr\u00f3n de ganchillo para novios\" \/>\n<meta property=\"og:description\" content=\"Compra aqu\u00ed mi patr\u00f3n de ganchillo para novios \u00abForever Love\u00bb. El patr\u00f3n de ganchillo tambi\u00e9n est\u00e1 disponible en Etsy, Haked y Ravelry.\" \/>\n<meta property=\"og:url\" content=\"https:\/\/craftygenesindonesia.com\/es\/shop\/senoras-y-senores\/amor-eterno\/\" \/>\n<meta property=\"og:site_name\" content=\"Craftygenesindonesia\" \/>\n<meta property=\"article:modified_time\" content=\"2025-11-13T22:42:09+00:00\" \/>\n<meta property=\"og:image\" content=\"https:\/\/craftygenesindonesia.com\/wp-content\/uploads\/2022\/12\/Forever-Love-1.jpg\" \/>\n\t<meta property=\"og:image:width\" content=\"1080\" \/>\n\t<meta property=\"og:image:height\" content=\"1080\" \/>\n\t<meta property=\"og:image:type\" content=\"image\/jpeg\" \/>\n<meta name=\"twitter:card\" content=\"summary_large_image\" \/>\n<meta name=\"twitter:title\" content=\"Amor eterno\" \/>\n<meta name=\"twitter:description\" content=\"Pide mi patr\u00f3n de ganchillo para pareja de novios &quot;Forever Love&quot; en holand\u00e9s e ingl\u00e9s aqu\u00ed. Aqu\u00ed tambi\u00e9n encontrar\u00e1 enlaces al patr\u00f3n en Haked, Etsy y Ravelry.\" \/>\n<meta name=\"twitter:image\" content=\"https:\/\/craftygenesindonesia.com\/wp-content\/uploads\/2022\/12\/image0-35-1024x1024.jpeg\" \/>\n<meta name=\"twitter:label1\" content=\"Tiempo de lectura\" \/>\n\t<meta name=\"twitter:data1\" content=\"2 minutos\" \/>\n<script type=\"application\/ld+json\" class=\"yoast-schema-graph\">{\"@context\":\"https:\\\/\\\/schema.org\",\"@graph\":[{\"@type\":\"WebPage\",\"@id\":\"https:\\\/\\\/craftygenesindonesia.com\\\/es\\\/shop\\\/senoras-y-senores\\\/amor-eterno\\\/\",\"url\":\"https:\\\/\\\/craftygenesindonesia.com\\\/es\\\/shop\\\/senoras-y-senores\\\/amor-eterno\\\/\",\"name\":\"Amor eterno patr\u00f3n de ganchillo - Craftygenesindonesia\",\"isPartOf\":{\"@id\":\"https:\\\/\\\/craftygenesindonesia.com\\\/es\\\/#website\"},\"primaryImageOfPage\":{\"@id\":\"https:\\\/\\\/craftygenesindonesia.com\\\/es\\\/shop\\\/senoras-y-senores\\\/amor-eterno\\\/#primaryimage\"},\"image\":{\"@id\":\"https:\\\/\\\/craftygenesindonesia.com\\\/es\\\/shop\\\/senoras-y-senores\\\/amor-eterno\\\/#primaryimage\"},\"thumbnailUrl\":\"https:\\\/\\\/craftygenesindonesia.com\\\/wp-content\\\/uploads\\\/2022\\\/12\\\/Forever-Love-1.jpg\",\"datePublished\":\"2022-12-30T04:55:30+00:00\",\"dateModified\":\"2025-11-13T22:42:09+00:00\",\"description\":\"Compra aqu\u00ed mi patr\u00f3n de ganchillo para novios \u00abForever Love\u00bb. El patr\u00f3n de ganchillo tambi\u00e9n est\u00e1 disponible en Etsy, Haked y Ravelry.\",\"breadcrumb\":{\"@id\":\"https:\\\/\\\/craftygenesindonesia.com\\\/es\\\/shop\\\/senoras-y-senores\\\/amor-eterno\\\/#breadcrumb\"},\"inLanguage\":\"es\",\"potentialAction\":[{\"@type\":\"ReadAction\",\"target\":[\"https:\\\/\\\/craftygenesindonesia.com\\\/es\\\/shop\\\/senoras-y-senores\\\/amor-eterno\\\/\"]}]},{\"@type\":\"ImageObject\",\"inLanguage\":\"es\",\"@id\":\"https:\\\/\\\/craftygenesindonesia.com\\\/es\\\/shop\\\/senoras-y-senores\\\/amor-eterno\\\/#primaryimage\",\"url\":\"https:\\\/\\\/craftygenesindonesia.com\\\/wp-content\\\/uploads\\\/2022\\\/12\\\/Forever-Love-1.jpg\",\"contentUrl\":\"https:\\\/\\\/craftygenesindonesia.com\\\/wp-content\\\/uploads\\\/2022\\\/12\\\/Forever-Love-1.jpg\",\"width\":1080,\"height\":1080,\"caption\":\"crochet bride and groom\"},{\"@type\":\"BreadcrumbList\",\"@id\":\"https:\\\/\\\/craftygenesindonesia.com\\\/es\\\/shop\\\/senoras-y-senores\\\/amor-eterno\\\/#breadcrumb\",\"itemListElement\":[{\"@type\":\"ListItem\",\"position\":1,\"name\":\"Home\",\"item\":\"https:\\\/\\\/craftygenesindonesia.com\\\/es\\\/\"},{\"@type\":\"ListItem\",\"position\":2,\"name\":\"Tienda de patrones\",\"item\":\"https:\\\/\\\/craftygenesindonesia.com\\\/es\\\/tienda-de-patrones\\\/\"},{\"@type\":\"ListItem\",\"position\":3,\"name\":\"Amor eterno\"}]},{\"@type\":\"WebSite\",\"@id\":\"https:\\\/\\\/craftygenesindonesia.com\\\/es\\\/#website\",\"url\":\"https:\\\/\\\/craftygenesindonesia.com\\\/es\\\/\",\"name\":\"Craftygenesindonesia\",\"description\":\"\",\"publisher\":{\"@id\":\"https:\\\/\\\/craftygenesindonesia.com\\\/es\\\/#organization\"},\"potentialAction\":[{\"@type\":\"SearchAction\",\"target\":{\"@type\":\"EntryPoint\",\"urlTemplate\":\"https:\\\/\\\/craftygenesindonesia.com\\\/es\\\/?s={search_term_string}\"},\"query-input\":{\"@type\":\"PropertyValueSpecification\",\"valueRequired\":true,\"valueName\":\"search_term_string\"}}],\"inLanguage\":\"es\"},{\"@type\":\"Organization\",\"@id\":\"https:\\\/\\\/craftygenesindonesia.com\\\/es\\\/#organization\",\"name\":\"Craftygenesindonesia\",\"url\":\"https:\\\/\\\/craftygenesindonesia.com\\\/es\\\/\",\"logo\":{\"@type\":\"ImageObject\",\"inLanguage\":\"es\",\"@id\":\"https:\\\/\\\/craftygenesindonesia.com\\\/es\\\/#\\\/schema\\\/logo\\\/image\\\/\",\"url\":\"https:\\\/\\\/craftygenesindonesia.com\\\/wp-content\\\/uploads\\\/2025\\\/11\\\/cropped-Copy-of-Craftygenesindonesia.jpg\",\"contentUrl\":\"https:\\\/\\\/craftygenesindonesia.com\\\/wp-content\\\/uploads\\\/2025\\\/11\\\/cropped-Copy-of-Craftygenesindonesia.jpg\",\"width\":180,\"height\":60,\"caption\":\"Craftygenesindonesia\"},\"image\":{\"@id\":\"https:\\\/\\\/craftygenesindonesia.com\\\/es\\\/#\\\/schema\\\/logo\\\/image\\\/\"}}]}<\/script>\n<!-- \/ Yoast SEO plugin. -->","yoast_head_json":{"title":"Amor eterno patr\u00f3n de ganchillo - Craftygenesindonesia","description":"Compra aqu\u00ed mi patr\u00f3n de ganchillo para novios \u00abForever Love\u00bb. El patr\u00f3n de ganchillo tambi\u00e9n est\u00e1 disponible en Etsy, Haked y Ravelry.","robots":{"index":"index","follow":"follow","max-snippet":"max-snippet:-1","max-image-preview":"max-image-preview:large","max-video-preview":"max-video-preview:-1"},"canonical":"https:\/\/craftygenesindonesia.com\/es\/shop\/senoras-y-senores\/amor-eterno\/","og_locale":"es_ES","og_type":"article","og_title":"Amor eterno, patr\u00f3n de ganchillo para novios","og_description":"Compra aqu\u00ed mi patr\u00f3n de ganchillo para novios \u00abForever Love\u00bb. El patr\u00f3n de ganchillo tambi\u00e9n est\u00e1 disponible en Etsy, Haked y Ravelry.","og_url":"https:\/\/craftygenesindonesia.com\/es\/shop\/senoras-y-senores\/amor-eterno\/","og_site_name":"Craftygenesindonesia","article_modified_time":"2025-11-13T22:42:09+00:00","og_image":[{"width":1080,"height":1080,"url":"https:\/\/craftygenesindonesia.com\/wp-content\/uploads\/2022\/12\/Forever-Love-1.jpg","type":"image\/jpeg"}],"twitter_card":"summary_large_image","twitter_title":"Amor eterno","twitter_description":"Pide mi patr\u00f3n de ganchillo para pareja de novios \"Forever Love\" en holand\u00e9s e ingl\u00e9s aqu\u00ed. Aqu\u00ed tambi\u00e9n encontrar\u00e1 enlaces al patr\u00f3n en Haked, Etsy y Ravelry.","twitter_image":"https:\/\/craftygenesindonesia.com\/wp-content\/uploads\/2022\/12\/image0-35-1024x1024.jpeg","twitter_misc":{"Tiempo de lectura":"2 minutos"},"schema":{"@context":"https:\/\/schema.org","@graph":[{"@type":"WebPage","@id":"https:\/\/craftygenesindonesia.com\/es\/shop\/senoras-y-senores\/amor-eterno\/","url":"https:\/\/craftygenesindonesia.com\/es\/shop\/senoras-y-senores\/amor-eterno\/","name":"Amor eterno patr\u00f3n de ganchillo - Craftygenesindonesia","isPartOf":{"@id":"https:\/\/craftygenesindonesia.com\/es\/#website"},"primaryImageOfPage":{"@id":"https:\/\/craftygenesindonesia.com\/es\/shop\/senoras-y-senores\/amor-eterno\/#primaryimage"},"image":{"@id":"https:\/\/craftygenesindonesia.com\/es\/shop\/senoras-y-senores\/amor-eterno\/#primaryimage"},"thumbnailUrl":"https:\/\/craftygenesindonesia.com\/wp-content\/uploads\/2022\/12\/Forever-Love-1.jpg","datePublished":"2022-12-30T04:55:30+00:00","dateModified":"2025-11-13T22:42:09+00:00","description":"Compra aqu\u00ed mi patr\u00f3n de ganchillo para novios \u00abForever Love\u00bb. El patr\u00f3n de ganchillo tambi\u00e9n est\u00e1 disponible en Etsy, Haked y Ravelry.","breadcrumb":{"@id":"https:\/\/craftygenesindonesia.com\/es\/shop\/senoras-y-senores\/amor-eterno\/#breadcrumb"},"inLanguage":"es","potentialAction":[{"@type":"ReadAction","target":["https:\/\/craftygenesindonesia.com\/es\/shop\/senoras-y-senores\/amor-eterno\/"]}]},{"@type":"ImageObject","inLanguage":"es","@id":"https:\/\/craftygenesindonesia.com\/es\/shop\/senoras-y-senores\/amor-eterno\/#primaryimage","url":"https:\/\/craftygenesindonesia.com\/wp-content\/uploads\/2022\/12\/Forever-Love-1.jpg","contentUrl":"https:\/\/craftygenesindonesia.com\/wp-content\/uploads\/2022\/12\/Forever-Love-1.jpg","width":1080,"height":1080,"caption":"crochet bride and groom"},{"@type":"BreadcrumbList","@id":"https:\/\/craftygenesindonesia.com\/es\/shop\/senoras-y-senores\/amor-eterno\/#breadcrumb","itemListElement":[{"@type":"ListItem","position":1,"name":"Home","item":"https:\/\/craftygenesindonesia.com\/es\/"},{"@type":"ListItem","position":2,"name":"Tienda de patrones","item":"https:\/\/craftygenesindonesia.com\/es\/tienda-de-patrones\/"},{"@type":"ListItem","position":3,"name":"Amor eterno"}]},{"@type":"WebSite","@id":"https:\/\/craftygenesindonesia.com\/es\/#website","url":"https:\/\/craftygenesindonesia.com\/es\/","name":"Craftygenesindonesia","description":"","publisher":{"@id":"https:\/\/craftygenesindonesia.com\/es\/#organization"},"potentialAction":[{"@type":"SearchAction","target":{"@type":"EntryPoint","urlTemplate":"https:\/\/craftygenesindonesia.com\/es\/?s={search_term_string}"},"query-input":{"@type":"PropertyValueSpecification","valueRequired":true,"valueName":"search_term_string"}}],"inLanguage":"es"},{"@type":"Organization","@id":"https:\/\/craftygenesindonesia.com\/es\/#organization","name":"Craftygenesindonesia","url":"https:\/\/craftygenesindonesia.com\/es\/","logo":{"@type":"ImageObject","inLanguage":"es","@id":"https:\/\/craftygenesindonesia.com\/es\/#\/schema\/logo\/image\/","url":"https:\/\/craftygenesindonesia.com\/wp-content\/uploads\/2025\/11\/cropped-Copy-of-Craftygenesindonesia.jpg","contentUrl":"https:\/\/craftygenesindonesia.com\/wp-content\/uploads\/2025\/11\/cropped-Copy-of-Craftygenesindonesia.jpg","width":180,"height":60,"caption":"Craftygenesindonesia"},"image":{"@id":"https:\/\/craftygenesindonesia.com\/es\/#\/schema\/logo\/image\/"}}]}},"_links":{"self":[{"href":"https:\/\/craftygenesindonesia.com\/es\/wp-json\/wp\/v2\/product\/17527","targetHints":{"allow":["GET"]}}],"collection":[{"href":"https:\/\/craftygenesindonesia.com\/es\/wp-json\/wp\/v2\/product"}],"about":[{"href":"https:\/\/craftygenesindonesia.com\/es\/wp-json\/wp\/v2\/types\/product"}],"replies":[{"embeddable":true,"href":"https:\/\/craftygenesindonesia.com\/es\/wp-json\/wp\/v2\/comments?post=17527"}],"wp:featuredmedia":[{"embeddable":true,"href":"https:\/\/craftygenesindonesia.com\/es\/wp-json\/wp\/v2\/media\/987527684"}],"wp:attachment":[{"href":"https:\/\/craftygenesindonesia.com\/es\/wp-json\/wp\/v2\/media?parent=17527"}],"wp:term":[{"taxonomy":"product_brand","embeddable":true,"href":"https:\/\/craftygenesindonesia.com\/es\/wp-json\/wp\/v2\/product_brand?post=17527"},{"taxonomy":"product_cat","embeddable":true,"href":"https:\/\/craftygenesindonesia.com\/es\/wp-json\/wp\/v2\/product_cat?post=17527"},{"taxonomy":"product_tag","embeddable":true,"href":"https:\/\/craftygenesindonesia.com\/es\/wp-json\/wp\/v2\/product_tag?post=17527"}],"curies":[{"name":"wp","href":"https:\/\/api.w.org\/{rel}","templated":true}]}}