{"id":17514,"date":"2023-01-13T15:03:30","date_gmt":"2023-01-13T07:03:30","guid":{"rendered":"https:\/\/craftygenesindonesia.com\/?post_type=product&#038;p=17514"},"modified":"2025-11-14T06:36:20","modified_gmt":"2025-11-13T22:36:20","slug":"mimi-edicion-san-valentin","status":"publish","type":"product","link":"https:\/\/craftygenesindonesia.com\/es\/shop\/senoras-y-senores\/mimi-edicion-san-valentin\/","title":{"rendered":"Mimi, Edici\u00f3n San Valent\u00edn"},"content":{"rendered":"<p>Esta linda mu\u00f1equita mide 17cm\/6.7inch con gorro y 13cm\/5.1inch sin el gorro. Est\u00e1 hecha con hilo de peso \u201cFINGERING\u201d adecuado para amigurumi y un ganchillo de tama\u00f1o 2mm.<\/p>\n<p>Necesitar\u00e1s estos colores: rosa claro, rojo, color piel, blanco<\/p>\n<p>Tambi\u00e9n necesitar\u00e1s: relleno &#8211; marcadores de puntos &#8211; aguja de tapicer\u00eda &#8211; tijeras &#8211; l\u00e1piz &#8211; pegamento &#8211; pistola de pegamento &#8211; bastoncillos de algod\u00f3n &#8211; cart\u00f3n &#8211; ojos de seguridad de 8 mm &#8211; corazones de 22&#215;20 mm<\/p>\n<p>Aguja de ganchillo: tama\u00f1o 2mm<\/p>\n<p>Este patr\u00f3n es un patr\u00f3n escrito con muchas fotos para ayudarte. Si todav\u00eda tiene preguntas, por favor env\u00edeme un mensaje a:\u00a0<a href=\"mailto:craftygenesindonesia@gmail.com\">craftygenesindonesia@gmail.com<\/a><\/p>\n<p><strong>-Este patr\u00f3n es s\u00f3lo para uso personal y hay un COPYRIGHT en \u00e9l. El patr\u00f3n por lo tanto NO puede ser copiado, vendido, revendido, traducido, reclamado como su dise\u00f1o, distribuido, compartido, publicado, publicado en l\u00ednea \u2026 en cualquier forma sin mi consentimiento. Ni siquiera una parte.<\/strong><\/p>\n<p><strong>-Puedes vender el art\u00edculo terminado en peque\u00f1as cantidades, \u00a1PERO NO EL PATR\u00d3N MISMO! Por favor, menciona que el patr\u00f3n es de Craftygenesindonesia y d\u00f3nde se puede comprar<\/strong><\/p>\n","protected":false},"excerpt":{"rendered":"<p>Este simp\u00e1tico mu\u00f1eco de orejas grandes y nudosas es muy f\u00e1cil de hacer. Incluso para principiantes.<\/p>\n","protected":false},"featured_media":987520191,"comment_status":"open","ping_status":"closed","template":"","meta":{"_acf_changed":false},"product_brand":[],"product_cat":[3063,3049,3067],"product_tag":[11051,11284,10756,10787,10803],"class_list":{"0":"post-17514","1":"product","2":"type-product","3":"status-publish","4":"has-post-thumbnail","6":"product_cat-munecas-infantiles","7":"product_cat-senoras-y-senores","8":"product_cat-amor","9":"product_tag-muneca-de-ganchillo","10":"product_tag-munecas-infantiles","11":"product_tag-rojo","12":"product_tag-san-valentin","13":"product_tag-valentin-es","14":"pa_available_on-craftygenesindonesia","15":"pa_available_on-etsy","16":"pa_available_on-haked-nl","17":"pa_available_on-payhip","18":"pa_available_on-ravelry","19":"pa_languages-espanol","20":"pa_languages-estados-unidos-ingles","21":"pa_languages-frances","22":"pa_languages-holandes","24":"first","25":"instock","26":"downloadable","27":"virtual","28":"purchasable","29":"product-type-simple"},"acf":[],"yoast_head":"<!-- This site is optimized with the Yoast SEO plugin v27.3 - https:\/\/yoast.com\/product\/yoast-seo-wordpress\/ -->\n<title>Mimi, Edici\u00f3n San Valent\u00edn patr\u00f3n de ganchillo - Craftygenesindonesia<\/title>\n<meta name=\"description\" content=\"Compra aqu\u00ed mi patr\u00f3n de ganchillo &quot;Mimi, Edici\u00f3n San Valent\u00edn&quot;. El patr\u00f3n, f\u00e1cil de seguir, tambi\u00e9n est\u00e1 disponible en Etsy, Haked y Ravelry.\" \/>\n<meta name=\"robots\" content=\"index, follow, max-snippet:-1, max-image-preview:large, max-video-preview:-1\" \/>\n<link rel=\"canonical\" href=\"https:\/\/craftygenesindonesia.com\/es\/shop\/senoras-y-senores\/mimi-edicion-san-valentin\/\" \/>\n<meta property=\"og:locale\" content=\"es_ES\" \/>\n<meta property=\"og:type\" content=\"article\" \/>\n<meta property=\"og:title\" content=\"Mimi, Edici\u00f3n San Valent\u00edn - patr\u00f3n de ganchillo\" \/>\n<meta property=\"og:description\" content=\"Compra aqu\u00ed mi patr\u00f3n de ganchillo &quot;Mimi, Edici\u00f3n San Valent\u00edn&quot;. El patr\u00f3n, f\u00e1cil de seguir, tambi\u00e9n est\u00e1 disponible en Etsy, Haked y Ravelry.\" \/>\n<meta property=\"og:url\" content=\"https:\/\/craftygenesindonesia.com\/es\/shop\/senoras-y-senores\/mimi-edicion-san-valentin\/\" \/>\n<meta property=\"og:site_name\" content=\"Craftygenesindonesia\" \/>\n<meta property=\"article:modified_time\" content=\"2025-11-13T22:36:20+00:00\" \/>\n<meta property=\"og:image\" content=\"https:\/\/craftygenesindonesia.com\/wp-content\/uploads\/2023\/01\/Mimi-Valentine-1.jpg\" \/>\n\t<meta property=\"og:image:width\" content=\"1080\" \/>\n\t<meta property=\"og:image:height\" content=\"1080\" \/>\n\t<meta property=\"og:image:type\" content=\"image\/jpeg\" \/>\n<meta name=\"twitter:card\" content=\"summary_large_image\" \/>\n<meta name=\"twitter:title\" content=\"Mimi, Edici\u00f3n San Valent\u00edn\" \/>\n<meta name=\"twitter:description\" content=\"Compra aqu\u00ed mi patr\u00f3n de ganchillo &quot;Mimi, Edici\u00f3n San Valent\u00edn&quot; en ingl\u00e9s y neerland\u00e9s. Tambi\u00e9n encontrar\u00e1s enlaces al patr\u00f3n en Etsy, Haked y Ravelry.\" \/>\n<meta name=\"twitter:image\" content=\"https:\/\/craftygenesindonesia.com\/wp-content\/uploads\/2023\/01\/Mimi-for-Etsy.png\" \/>\n<meta name=\"twitter:label1\" content=\"Tiempo de lectura\" \/>\n\t<meta name=\"twitter:data1\" content=\"1 minuto\" \/>\n<script type=\"application\/ld+json\" class=\"yoast-schema-graph\">{\"@context\":\"https:\\\/\\\/schema.org\",\"@graph\":[{\"@type\":\"WebPage\",\"@id\":\"https:\\\/\\\/craftygenesindonesia.com\\\/es\\\/shop\\\/senoras-y-senores\\\/mimi-edicion-san-valentin\\\/\",\"url\":\"https:\\\/\\\/craftygenesindonesia.com\\\/es\\\/shop\\\/senoras-y-senores\\\/mimi-edicion-san-valentin\\\/\",\"name\":\"Mimi, Edici\u00f3n San Valent\u00edn patr\u00f3n de ganchillo - Craftygenesindonesia\",\"isPartOf\":{\"@id\":\"https:\\\/\\\/craftygenesindonesia.com\\\/es\\\/#website\"},\"primaryImageOfPage\":{\"@id\":\"https:\\\/\\\/craftygenesindonesia.com\\\/es\\\/shop\\\/senoras-y-senores\\\/mimi-edicion-san-valentin\\\/#primaryimage\"},\"image\":{\"@id\":\"https:\\\/\\\/craftygenesindonesia.com\\\/es\\\/shop\\\/senoras-y-senores\\\/mimi-edicion-san-valentin\\\/#primaryimage\"},\"thumbnailUrl\":\"https:\\\/\\\/craftygenesindonesia.com\\\/wp-content\\\/uploads\\\/2023\\\/01\\\/Mimi-Valentine-2.jpg\",\"datePublished\":\"2023-01-13T07:03:30+00:00\",\"dateModified\":\"2025-11-13T22:36:20+00:00\",\"description\":\"Compra aqu\u00ed mi patr\u00f3n de ganchillo \\\"Mimi, Edici\u00f3n San Valent\u00edn\\\". El patr\u00f3n, f\u00e1cil de seguir, tambi\u00e9n est\u00e1 disponible en Etsy, Haked y Ravelry.\",\"breadcrumb\":{\"@id\":\"https:\\\/\\\/craftygenesindonesia.com\\\/es\\\/shop\\\/senoras-y-senores\\\/mimi-edicion-san-valentin\\\/#breadcrumb\"},\"inLanguage\":\"es\",\"potentialAction\":[{\"@type\":\"ReadAction\",\"target\":[\"https:\\\/\\\/craftygenesindonesia.com\\\/es\\\/shop\\\/senoras-y-senores\\\/mimi-edicion-san-valentin\\\/\"]}]},{\"@type\":\"ImageObject\",\"inLanguage\":\"es\",\"@id\":\"https:\\\/\\\/craftygenesindonesia.com\\\/es\\\/shop\\\/senoras-y-senores\\\/mimi-edicion-san-valentin\\\/#primaryimage\",\"url\":\"https:\\\/\\\/craftygenesindonesia.com\\\/wp-content\\\/uploads\\\/2023\\\/01\\\/Mimi-Valentine-2.jpg\",\"contentUrl\":\"https:\\\/\\\/craftygenesindonesia.com\\\/wp-content\\\/uploads\\\/2023\\\/01\\\/Mimi-Valentine-2.jpg\",\"width\":1080,\"height\":1080,\"caption\":\"crochet Valentine doll\"},{\"@type\":\"BreadcrumbList\",\"@id\":\"https:\\\/\\\/craftygenesindonesia.com\\\/es\\\/shop\\\/senoras-y-senores\\\/mimi-edicion-san-valentin\\\/#breadcrumb\",\"itemListElement\":[{\"@type\":\"ListItem\",\"position\":1,\"name\":\"Home\",\"item\":\"https:\\\/\\\/craftygenesindonesia.com\\\/es\\\/\"},{\"@type\":\"ListItem\",\"position\":2,\"name\":\"Tienda de patrones\",\"item\":\"https:\\\/\\\/craftygenesindonesia.com\\\/es\\\/tienda-de-patrones\\\/\"},{\"@type\":\"ListItem\",\"position\":3,\"name\":\"Mimi, Edici\u00f3n San Valent\u00edn\"}]},{\"@type\":\"WebSite\",\"@id\":\"https:\\\/\\\/craftygenesindonesia.com\\\/es\\\/#website\",\"url\":\"https:\\\/\\\/craftygenesindonesia.com\\\/es\\\/\",\"name\":\"Craftygenesindonesia\",\"description\":\"\",\"publisher\":{\"@id\":\"https:\\\/\\\/craftygenesindonesia.com\\\/es\\\/#organization\"},\"potentialAction\":[{\"@type\":\"SearchAction\",\"target\":{\"@type\":\"EntryPoint\",\"urlTemplate\":\"https:\\\/\\\/craftygenesindonesia.com\\\/es\\\/?s={search_term_string}\"},\"query-input\":{\"@type\":\"PropertyValueSpecification\",\"valueRequired\":true,\"valueName\":\"search_term_string\"}}],\"inLanguage\":\"es\"},{\"@type\":\"Organization\",\"@id\":\"https:\\\/\\\/craftygenesindonesia.com\\\/es\\\/#organization\",\"name\":\"Craftygenesindonesia\",\"url\":\"https:\\\/\\\/craftygenesindonesia.com\\\/es\\\/\",\"logo\":{\"@type\":\"ImageObject\",\"inLanguage\":\"es\",\"@id\":\"https:\\\/\\\/craftygenesindonesia.com\\\/es\\\/#\\\/schema\\\/logo\\\/image\\\/\",\"url\":\"https:\\\/\\\/craftygenesindonesia.com\\\/wp-content\\\/uploads\\\/2025\\\/11\\\/cropped-Copy-of-Craftygenesindonesia.jpg\",\"contentUrl\":\"https:\\\/\\\/craftygenesindonesia.com\\\/wp-content\\\/uploads\\\/2025\\\/11\\\/cropped-Copy-of-Craftygenesindonesia.jpg\",\"width\":180,\"height\":60,\"caption\":\"Craftygenesindonesia\"},\"image\":{\"@id\":\"https:\\\/\\\/craftygenesindonesia.com\\\/es\\\/#\\\/schema\\\/logo\\\/image\\\/\"}}]}<\/script>\n<!-- \/ Yoast SEO plugin. -->","yoast_head_json":{"title":"Mimi, Edici\u00f3n San Valent\u00edn patr\u00f3n de ganchillo - Craftygenesindonesia","description":"Compra aqu\u00ed mi patr\u00f3n de ganchillo \"Mimi, Edici\u00f3n San Valent\u00edn\". El patr\u00f3n, f\u00e1cil de seguir, tambi\u00e9n est\u00e1 disponible en Etsy, Haked y Ravelry.","robots":{"index":"index","follow":"follow","max-snippet":"max-snippet:-1","max-image-preview":"max-image-preview:large","max-video-preview":"max-video-preview:-1"},"canonical":"https:\/\/craftygenesindonesia.com\/es\/shop\/senoras-y-senores\/mimi-edicion-san-valentin\/","og_locale":"es_ES","og_type":"article","og_title":"Mimi, Edici\u00f3n San Valent\u00edn - patr\u00f3n de ganchillo","og_description":"Compra aqu\u00ed mi patr\u00f3n de ganchillo \"Mimi, Edici\u00f3n San Valent\u00edn\". El patr\u00f3n, f\u00e1cil de seguir, tambi\u00e9n est\u00e1 disponible en Etsy, Haked y Ravelry.","og_url":"https:\/\/craftygenesindonesia.com\/es\/shop\/senoras-y-senores\/mimi-edicion-san-valentin\/","og_site_name":"Craftygenesindonesia","article_modified_time":"2025-11-13T22:36:20+00:00","og_image":[{"width":1080,"height":1080,"url":"https:\/\/craftygenesindonesia.com\/wp-content\/uploads\/2023\/01\/Mimi-Valentine-1.jpg","type":"image\/jpeg"}],"twitter_card":"summary_large_image","twitter_title":"Mimi, Edici\u00f3n San Valent\u00edn","twitter_description":"Compra aqu\u00ed mi patr\u00f3n de ganchillo \"Mimi, Edici\u00f3n San Valent\u00edn\" en ingl\u00e9s y neerland\u00e9s. Tambi\u00e9n encontrar\u00e1s enlaces al patr\u00f3n en Etsy, Haked y Ravelry.","twitter_image":"https:\/\/craftygenesindonesia.com\/wp-content\/uploads\/2023\/01\/Mimi-for-Etsy.png","twitter_misc":{"Tiempo de lectura":"1 minuto"},"schema":{"@context":"https:\/\/schema.org","@graph":[{"@type":"WebPage","@id":"https:\/\/craftygenesindonesia.com\/es\/shop\/senoras-y-senores\/mimi-edicion-san-valentin\/","url":"https:\/\/craftygenesindonesia.com\/es\/shop\/senoras-y-senores\/mimi-edicion-san-valentin\/","name":"Mimi, Edici\u00f3n San Valent\u00edn patr\u00f3n de ganchillo - Craftygenesindonesia","isPartOf":{"@id":"https:\/\/craftygenesindonesia.com\/es\/#website"},"primaryImageOfPage":{"@id":"https:\/\/craftygenesindonesia.com\/es\/shop\/senoras-y-senores\/mimi-edicion-san-valentin\/#primaryimage"},"image":{"@id":"https:\/\/craftygenesindonesia.com\/es\/shop\/senoras-y-senores\/mimi-edicion-san-valentin\/#primaryimage"},"thumbnailUrl":"https:\/\/craftygenesindonesia.com\/wp-content\/uploads\/2023\/01\/Mimi-Valentine-2.jpg","datePublished":"2023-01-13T07:03:30+00:00","dateModified":"2025-11-13T22:36:20+00:00","description":"Compra aqu\u00ed mi patr\u00f3n de ganchillo \"Mimi, Edici\u00f3n San Valent\u00edn\". El patr\u00f3n, f\u00e1cil de seguir, tambi\u00e9n est\u00e1 disponible en Etsy, Haked y Ravelry.","breadcrumb":{"@id":"https:\/\/craftygenesindonesia.com\/es\/shop\/senoras-y-senores\/mimi-edicion-san-valentin\/#breadcrumb"},"inLanguage":"es","potentialAction":[{"@type":"ReadAction","target":["https:\/\/craftygenesindonesia.com\/es\/shop\/senoras-y-senores\/mimi-edicion-san-valentin\/"]}]},{"@type":"ImageObject","inLanguage":"es","@id":"https:\/\/craftygenesindonesia.com\/es\/shop\/senoras-y-senores\/mimi-edicion-san-valentin\/#primaryimage","url":"https:\/\/craftygenesindonesia.com\/wp-content\/uploads\/2023\/01\/Mimi-Valentine-2.jpg","contentUrl":"https:\/\/craftygenesindonesia.com\/wp-content\/uploads\/2023\/01\/Mimi-Valentine-2.jpg","width":1080,"height":1080,"caption":"crochet Valentine doll"},{"@type":"BreadcrumbList","@id":"https:\/\/craftygenesindonesia.com\/es\/shop\/senoras-y-senores\/mimi-edicion-san-valentin\/#breadcrumb","itemListElement":[{"@type":"ListItem","position":1,"name":"Home","item":"https:\/\/craftygenesindonesia.com\/es\/"},{"@type":"ListItem","position":2,"name":"Tienda de patrones","item":"https:\/\/craftygenesindonesia.com\/es\/tienda-de-patrones\/"},{"@type":"ListItem","position":3,"name":"Mimi, Edici\u00f3n San Valent\u00edn"}]},{"@type":"WebSite","@id":"https:\/\/craftygenesindonesia.com\/es\/#website","url":"https:\/\/craftygenesindonesia.com\/es\/","name":"Craftygenesindonesia","description":"","publisher":{"@id":"https:\/\/craftygenesindonesia.com\/es\/#organization"},"potentialAction":[{"@type":"SearchAction","target":{"@type":"EntryPoint","urlTemplate":"https:\/\/craftygenesindonesia.com\/es\/?s={search_term_string}"},"query-input":{"@type":"PropertyValueSpecification","valueRequired":true,"valueName":"search_term_string"}}],"inLanguage":"es"},{"@type":"Organization","@id":"https:\/\/craftygenesindonesia.com\/es\/#organization","name":"Craftygenesindonesia","url":"https:\/\/craftygenesindonesia.com\/es\/","logo":{"@type":"ImageObject","inLanguage":"es","@id":"https:\/\/craftygenesindonesia.com\/es\/#\/schema\/logo\/image\/","url":"https:\/\/craftygenesindonesia.com\/wp-content\/uploads\/2025\/11\/cropped-Copy-of-Craftygenesindonesia.jpg","contentUrl":"https:\/\/craftygenesindonesia.com\/wp-content\/uploads\/2025\/11\/cropped-Copy-of-Craftygenesindonesia.jpg","width":180,"height":60,"caption":"Craftygenesindonesia"},"image":{"@id":"https:\/\/craftygenesindonesia.com\/es\/#\/schema\/logo\/image\/"}}]}},"_links":{"self":[{"href":"https:\/\/craftygenesindonesia.com\/es\/wp-json\/wp\/v2\/product\/17514","targetHints":{"allow":["GET"]}}],"collection":[{"href":"https:\/\/craftygenesindonesia.com\/es\/wp-json\/wp\/v2\/product"}],"about":[{"href":"https:\/\/craftygenesindonesia.com\/es\/wp-json\/wp\/v2\/types\/product"}],"replies":[{"embeddable":true,"href":"https:\/\/craftygenesindonesia.com\/es\/wp-json\/wp\/v2\/comments?post=17514"}],"wp:featuredmedia":[{"embeddable":true,"href":"https:\/\/craftygenesindonesia.com\/es\/wp-json\/wp\/v2\/media\/987520191"}],"wp:attachment":[{"href":"https:\/\/craftygenesindonesia.com\/es\/wp-json\/wp\/v2\/media?parent=17514"}],"wp:term":[{"taxonomy":"product_brand","embeddable":true,"href":"https:\/\/craftygenesindonesia.com\/es\/wp-json\/wp\/v2\/product_brand?post=17514"},{"taxonomy":"product_cat","embeddable":true,"href":"https:\/\/craftygenesindonesia.com\/es\/wp-json\/wp\/v2\/product_cat?post=17514"},{"taxonomy":"product_tag","embeddable":true,"href":"https:\/\/craftygenesindonesia.com\/es\/wp-json\/wp\/v2\/product_tag?post=17514"}],"curies":[{"name":"wp","href":"https:\/\/api.w.org\/{rel}","templated":true}]}}