{"id":17493,"date":"2023-01-27T06:02:41","date_gmt":"2023-01-26T22:02:41","guid":{"rendered":"https:\/\/craftygenesindonesia.com\/?post_type=product&#038;p=17493"},"modified":"2025-11-14T06:29:16","modified_gmt":"2025-11-13T22:29:16","slug":"elias-el-conejo-de-pascua","status":"publish","type":"product","link":"https:\/\/craftygenesindonesia.com\/es\/shop\/kids-dolls-crochet-patterns\/elias-el-conejo-de-pascua\/","title":{"rendered":"Elias El Conejo de Pascua"},"content":{"rendered":"<p>Mide 45 cm. Incluye el gorro y las orejas. Est\u00e1 hecho con hilo ligero (3) apto para amigurumi y una aguja de ganchillo de 2 mm.<\/p>\n<p>Necesitar\u00e1s estos colores:<\/p>\n<p>Negro: 15-25m = metros<br \/>\nBlanco roto: 65-75m<br \/>\nGris: 45-55m<br \/>\nRosa: 15-25m<br \/>\nCrema: 10-20m<br \/>\nMarr\u00f3n claro: 75-85m<br \/>\nVerde: 130-140m<br \/>\nMorado claro: 15-25m<br \/>\nAzul: sobrante<br \/>\nTambi\u00e9n necesitar\u00e1s: relleno &#8211; aguja de zurcir &#8211; marcadores de puntos &#8211; tijeras &#8211; l\u00e1piz &#8211; pegamento &#8211; pistola de pegamento &#8211; palillos para las orejas &#8211; cart\u00f3n &#8211; ojos de seguridad &#8211; palillo de madera<\/p>\n<p>&nbsp;<\/p>\n<p>Aguja de ganchillo: 2 mm<\/p>\n<p>&nbsp;<\/p>\n<p>Este patr\u00f3n de ganchillo incluye muchas fotos para ayudarte. Si tienes alguna pregunta, no dudes en enviarme un correo electr\u00f3nico a: craftygenesindonesia@gmail.com<\/p>\n<p>&nbsp;<\/p>\n<p>Este patr\u00f3n es un patr\u00f3n de COMPRA y tiene COPYRIGHT. Por lo tanto, el patr\u00f3n es s\u00f3lo para uso personal y NO puede ser copiado, vendido, revendido, traducido, dejado atr\u00e1s, reclamado como su dise\u00f1o, distribuido, compartido, publicado, publicado en l\u00ednea &#8230; en cualquier forma sin mi permiso. \u00a1\u00a1\u00a1Ni siquiera una parte!!!<\/p>\n","protected":false},"excerpt":{"rendered":"<p>Este patr\u00f3n de ganchillo es muy f\u00e1cil de seguir y absolutamente perfecto para los aficionados a los conejitos de Pascua que adoran hacer ganchillo.<\/p>\n<p>Haz clic <a href=\"https:\/\/craftygenesindonesia.com\/es\/producto\/isabella-el-conejo-de-pascua\/\" target=\"_blank\" rel=\"noopener\"><strong>aqu\u00ed si<\/strong><\/a> buscas una hembra de conejo de Pascua.<\/p>\n<p>**Traducci\u00f3n al espa\u00f1ol en breve<\/p>\n","protected":false},"featured_media":987525361,"comment_status":"open","ping_status":"closed","template":"","meta":{"_acf_changed":false},"product_brand":[],"product_cat":[296,91,298],"product_tag":[4603,3966,2459,5128,2461,5125,2463],"class_list":{"0":"post-17493","1":"product","2":"type-product","3":"status-publish","4":"has-post-thumbnail","6":"product_cat-animal-crochet-patterns","7":"product_cat-kids-dolls-crochet-patterns","8":"product_cat-easter-crochet-patterns","9":"product_tag-walking-stick","10":"product_tag-gentleman","11":"product_tag-bunny","12":"product_tag-easter-bunny","13":"product_tag-georgian","14":"product_tag-easter","15":"product_tag-victorian","16":"pa_available_on-craftygenesindonesia","17":"pa_available_on-etsy","18":"pa_available_on-haked-nl","19":"pa_available_on-payhip","20":"pa_available_on-ravelry","21":"pa_languages-german","22":"pa_languages-spanish","23":"pa_languages-us-english","24":"pa_languages-french","25":"pa_languages-dutch","27":"first","28":"instock","29":"downloadable","30":"virtual","31":"purchasable","32":"product-type-simple"},"acf":[],"yoast_head":"<!-- This site is optimized with the Yoast SEO plugin v27.3 - https:\/\/yoast.com\/product\/yoast-seo-wordpress\/ -->\n<title>Elias El Conejo de Pascua patron de ganchillo - Craftygenesindonesia<\/title>\n<meta name=\"description\" content=\"Compra aqu\u00ed mi patr\u00f3n de ganchillo \u00abElias El Conejo de Pascua\u00bb. El patr\u00f3n de ganchillo f\u00e1cil tambi\u00e9n est\u00e1 disponible en Etsy, Haked, Ravelry, Payhip\" \/>\n<meta name=\"robots\" content=\"index, follow, max-snippet:-1, max-image-preview:large, max-video-preview:-1\" \/>\n<link rel=\"canonical\" href=\"https:\/\/craftygenesindonesia.com\/es\/shop\/kids-dolls-crochet-patterns\/elias-el-conejo-de-pascua\/\" \/>\n<meta property=\"og:locale\" content=\"es_ES\" \/>\n<meta property=\"og:type\" content=\"article\" \/>\n<meta property=\"og:title\" content=\"Patr\u00f3n de ganchillo \u00abElias El Conejo de Pascua\u00bb\" \/>\n<meta property=\"og:description\" content=\"Compra aqu\u00ed mi patr\u00f3n de ganchillo \u00abElias El Conejo de Pascua\u00bb. El patr\u00f3n de ganchillo f\u00e1cil tambi\u00e9n est\u00e1 disponible en Etsy, Haked, Ravelry, Payhip\" \/>\n<meta property=\"og:url\" content=\"https:\/\/craftygenesindonesia.com\/es\/shop\/kids-dolls-crochet-patterns\/elias-el-conejo-de-pascua\/\" \/>\n<meta property=\"og:site_name\" content=\"Craftygenesindonesia\" \/>\n<meta property=\"article:modified_time\" content=\"2025-11-13T22:29:16+00:00\" \/>\n<meta property=\"og:image\" content=\"https:\/\/craftygenesindonesia.com\/wp-content\/uploads\/2023\/01\/Elias.jpg\" \/>\n\t<meta property=\"og:image:width\" content=\"1080\" \/>\n\t<meta property=\"og:image:height\" content=\"1080\" \/>\n\t<meta property=\"og:image:type\" content=\"image\/jpeg\" \/>\n<meta name=\"twitter:card\" content=\"summary_large_image\" \/>\n<meta name=\"twitter:title\" content=\"El\u00edas el conejo de Pascua\" \/>\n<meta name=\"twitter:description\" content=\"Compra aqu\u00ed mi patr\u00f3n de ganchillo &quot;Elias The Easter Bunny&quot; en ingl\u00e9s y holand\u00e9s. Aqu\u00ed tambi\u00e9n encontrar\u00e1s enlaces al patr\u00f3n en Etsy, Haked &amp; Ravelry\" \/>\n<meta name=\"twitter:image\" content=\"https:\/\/craftygenesindonesia.com\/wp-content\/uploads\/2023\/01\/Picsart_23-01-25_13-25-34-933-1024x1024.jpg\" \/>\n<meta name=\"twitter:label1\" content=\"Tiempo de lectura\" \/>\n\t<meta name=\"twitter:data1\" content=\"1 minuto\" \/>\n<script type=\"application\/ld+json\" class=\"yoast-schema-graph\">{\"@context\":\"https:\\\/\\\/schema.org\",\"@graph\":[{\"@type\":\"WebPage\",\"@id\":\"https:\\\/\\\/craftygenesindonesia.com\\\/es\\\/shop\\\/kids-dolls-crochet-patterns\\\/elias-el-conejo-de-pascua\\\/\",\"url\":\"https:\\\/\\\/craftygenesindonesia.com\\\/es\\\/shop\\\/kids-dolls-crochet-patterns\\\/elias-el-conejo-de-pascua\\\/\",\"name\":\"Elias El Conejo de Pascua patron de ganchillo - Craftygenesindonesia\",\"isPartOf\":{\"@id\":\"https:\\\/\\\/craftygenesindonesia.com\\\/es\\\/#website\"},\"primaryImageOfPage\":{\"@id\":\"https:\\\/\\\/craftygenesindonesia.com\\\/es\\\/shop\\\/kids-dolls-crochet-patterns\\\/elias-el-conejo-de-pascua\\\/#primaryimage\"},\"image\":{\"@id\":\"https:\\\/\\\/craftygenesindonesia.com\\\/es\\\/shop\\\/kids-dolls-crochet-patterns\\\/elias-el-conejo-de-pascua\\\/#primaryimage\"},\"thumbnailUrl\":\"https:\\\/\\\/craftygenesindonesia.com\\\/wp-content\\\/uploads\\\/2023\\\/01\\\/Elias.jpg\",\"datePublished\":\"2023-01-26T22:02:41+00:00\",\"dateModified\":\"2025-11-13T22:29:16+00:00\",\"description\":\"Compra aqu\u00ed mi patr\u00f3n de ganchillo \u00abElias El Conejo de Pascua\u00bb. El patr\u00f3n de ganchillo f\u00e1cil tambi\u00e9n est\u00e1 disponible en Etsy, Haked, Ravelry, Payhip\",\"breadcrumb\":{\"@id\":\"https:\\\/\\\/craftygenesindonesia.com\\\/es\\\/shop\\\/kids-dolls-crochet-patterns\\\/elias-el-conejo-de-pascua\\\/#breadcrumb\"},\"inLanguage\":\"es\",\"potentialAction\":[{\"@type\":\"ReadAction\",\"target\":[\"https:\\\/\\\/craftygenesindonesia.com\\\/es\\\/shop\\\/kids-dolls-crochet-patterns\\\/elias-el-conejo-de-pascua\\\/\"]}]},{\"@type\":\"ImageObject\",\"inLanguage\":\"es\",\"@id\":\"https:\\\/\\\/craftygenesindonesia.com\\\/es\\\/shop\\\/kids-dolls-crochet-patterns\\\/elias-el-conejo-de-pascua\\\/#primaryimage\",\"url\":\"https:\\\/\\\/craftygenesindonesia.com\\\/wp-content\\\/uploads\\\/2023\\\/01\\\/Elias.jpg\",\"contentUrl\":\"https:\\\/\\\/craftygenesindonesia.com\\\/wp-content\\\/uploads\\\/2023\\\/01\\\/Elias.jpg\",\"width\":1080,\"height\":1080,\"caption\":\"crochet Victorian Eastern bunny\"},{\"@type\":\"BreadcrumbList\",\"@id\":\"https:\\\/\\\/craftygenesindonesia.com\\\/es\\\/shop\\\/kids-dolls-crochet-patterns\\\/elias-el-conejo-de-pascua\\\/#breadcrumb\",\"itemListElement\":[{\"@type\":\"ListItem\",\"position\":1,\"name\":\"Home\",\"item\":\"https:\\\/\\\/craftygenesindonesia.com\\\/es\\\/\"},{\"@type\":\"ListItem\",\"position\":2,\"name\":\"Tienda de patrones\",\"item\":\"https:\\\/\\\/craftygenesindonesia.com\\\/es\\\/tienda-de-patrones\\\/\"},{\"@type\":\"ListItem\",\"position\":3,\"name\":\"Elias El Conejo de Pascua\"}]},{\"@type\":\"WebSite\",\"@id\":\"https:\\\/\\\/craftygenesindonesia.com\\\/es\\\/#website\",\"url\":\"https:\\\/\\\/craftygenesindonesia.com\\\/es\\\/\",\"name\":\"Craftygenesindonesia\",\"description\":\"\",\"publisher\":{\"@id\":\"https:\\\/\\\/craftygenesindonesia.com\\\/es\\\/#organization\"},\"potentialAction\":[{\"@type\":\"SearchAction\",\"target\":{\"@type\":\"EntryPoint\",\"urlTemplate\":\"https:\\\/\\\/craftygenesindonesia.com\\\/es\\\/?s={search_term_string}\"},\"query-input\":{\"@type\":\"PropertyValueSpecification\",\"valueRequired\":true,\"valueName\":\"search_term_string\"}}],\"inLanguage\":\"es\"},{\"@type\":\"Organization\",\"@id\":\"https:\\\/\\\/craftygenesindonesia.com\\\/es\\\/#organization\",\"name\":\"Craftygenesindonesia\",\"url\":\"https:\\\/\\\/craftygenesindonesia.com\\\/es\\\/\",\"logo\":{\"@type\":\"ImageObject\",\"inLanguage\":\"es\",\"@id\":\"https:\\\/\\\/craftygenesindonesia.com\\\/es\\\/#\\\/schema\\\/logo\\\/image\\\/\",\"url\":\"https:\\\/\\\/craftygenesindonesia.com\\\/wp-content\\\/uploads\\\/2025\\\/11\\\/cropped-Copy-of-Craftygenesindonesia.jpg\",\"contentUrl\":\"https:\\\/\\\/craftygenesindonesia.com\\\/wp-content\\\/uploads\\\/2025\\\/11\\\/cropped-Copy-of-Craftygenesindonesia.jpg\",\"width\":180,\"height\":60,\"caption\":\"Craftygenesindonesia\"},\"image\":{\"@id\":\"https:\\\/\\\/craftygenesindonesia.com\\\/es\\\/#\\\/schema\\\/logo\\\/image\\\/\"}}]}<\/script>\n<!-- \/ Yoast SEO plugin. -->","yoast_head_json":{"title":"Elias El Conejo de Pascua patron de ganchillo - Craftygenesindonesia","description":"Compra aqu\u00ed mi patr\u00f3n de ganchillo \u00abElias El Conejo de Pascua\u00bb. El patr\u00f3n de ganchillo f\u00e1cil tambi\u00e9n est\u00e1 disponible en Etsy, Haked, Ravelry, Payhip","robots":{"index":"index","follow":"follow","max-snippet":"max-snippet:-1","max-image-preview":"max-image-preview:large","max-video-preview":"max-video-preview:-1"},"canonical":"https:\/\/craftygenesindonesia.com\/es\/shop\/kids-dolls-crochet-patterns\/elias-el-conejo-de-pascua\/","og_locale":"es_ES","og_type":"article","og_title":"Patr\u00f3n de ganchillo \u00abElias El Conejo de Pascua\u00bb","og_description":"Compra aqu\u00ed mi patr\u00f3n de ganchillo \u00abElias El Conejo de Pascua\u00bb. El patr\u00f3n de ganchillo f\u00e1cil tambi\u00e9n est\u00e1 disponible en Etsy, Haked, Ravelry, Payhip","og_url":"https:\/\/craftygenesindonesia.com\/es\/shop\/kids-dolls-crochet-patterns\/elias-el-conejo-de-pascua\/","og_site_name":"Craftygenesindonesia","article_modified_time":"2025-11-13T22:29:16+00:00","og_image":[{"width":1080,"height":1080,"url":"https:\/\/craftygenesindonesia.com\/wp-content\/uploads\/2023\/01\/Elias.jpg","type":"image\/jpeg"}],"twitter_card":"summary_large_image","twitter_title":"El\u00edas el conejo de Pascua","twitter_description":"Compra aqu\u00ed mi patr\u00f3n de ganchillo \"Elias The Easter Bunny\" en ingl\u00e9s y holand\u00e9s. Aqu\u00ed tambi\u00e9n encontrar\u00e1s enlaces al patr\u00f3n en Etsy, Haked & Ravelry","twitter_image":"https:\/\/craftygenesindonesia.com\/wp-content\/uploads\/2023\/01\/Picsart_23-01-25_13-25-34-933-1024x1024.jpg","twitter_misc":{"Tiempo de lectura":"1 minuto"},"schema":{"@context":"https:\/\/schema.org","@graph":[{"@type":"WebPage","@id":"https:\/\/craftygenesindonesia.com\/es\/shop\/kids-dolls-crochet-patterns\/elias-el-conejo-de-pascua\/","url":"https:\/\/craftygenesindonesia.com\/es\/shop\/kids-dolls-crochet-patterns\/elias-el-conejo-de-pascua\/","name":"Elias El Conejo de Pascua patron de ganchillo - Craftygenesindonesia","isPartOf":{"@id":"https:\/\/craftygenesindonesia.com\/es\/#website"},"primaryImageOfPage":{"@id":"https:\/\/craftygenesindonesia.com\/es\/shop\/kids-dolls-crochet-patterns\/elias-el-conejo-de-pascua\/#primaryimage"},"image":{"@id":"https:\/\/craftygenesindonesia.com\/es\/shop\/kids-dolls-crochet-patterns\/elias-el-conejo-de-pascua\/#primaryimage"},"thumbnailUrl":"https:\/\/craftygenesindonesia.com\/wp-content\/uploads\/2023\/01\/Elias.jpg","datePublished":"2023-01-26T22:02:41+00:00","dateModified":"2025-11-13T22:29:16+00:00","description":"Compra aqu\u00ed mi patr\u00f3n de ganchillo \u00abElias El Conejo de Pascua\u00bb. El patr\u00f3n de ganchillo f\u00e1cil tambi\u00e9n est\u00e1 disponible en Etsy, Haked, Ravelry, Payhip","breadcrumb":{"@id":"https:\/\/craftygenesindonesia.com\/es\/shop\/kids-dolls-crochet-patterns\/elias-el-conejo-de-pascua\/#breadcrumb"},"inLanguage":"es","potentialAction":[{"@type":"ReadAction","target":["https:\/\/craftygenesindonesia.com\/es\/shop\/kids-dolls-crochet-patterns\/elias-el-conejo-de-pascua\/"]}]},{"@type":"ImageObject","inLanguage":"es","@id":"https:\/\/craftygenesindonesia.com\/es\/shop\/kids-dolls-crochet-patterns\/elias-el-conejo-de-pascua\/#primaryimage","url":"https:\/\/craftygenesindonesia.com\/wp-content\/uploads\/2023\/01\/Elias.jpg","contentUrl":"https:\/\/craftygenesindonesia.com\/wp-content\/uploads\/2023\/01\/Elias.jpg","width":1080,"height":1080,"caption":"crochet Victorian Eastern bunny"},{"@type":"BreadcrumbList","@id":"https:\/\/craftygenesindonesia.com\/es\/shop\/kids-dolls-crochet-patterns\/elias-el-conejo-de-pascua\/#breadcrumb","itemListElement":[{"@type":"ListItem","position":1,"name":"Home","item":"https:\/\/craftygenesindonesia.com\/es\/"},{"@type":"ListItem","position":2,"name":"Tienda de patrones","item":"https:\/\/craftygenesindonesia.com\/es\/tienda-de-patrones\/"},{"@type":"ListItem","position":3,"name":"Elias El Conejo de Pascua"}]},{"@type":"WebSite","@id":"https:\/\/craftygenesindonesia.com\/es\/#website","url":"https:\/\/craftygenesindonesia.com\/es\/","name":"Craftygenesindonesia","description":"","publisher":{"@id":"https:\/\/craftygenesindonesia.com\/es\/#organization"},"potentialAction":[{"@type":"SearchAction","target":{"@type":"EntryPoint","urlTemplate":"https:\/\/craftygenesindonesia.com\/es\/?s={search_term_string}"},"query-input":{"@type":"PropertyValueSpecification","valueRequired":true,"valueName":"search_term_string"}}],"inLanguage":"es"},{"@type":"Organization","@id":"https:\/\/craftygenesindonesia.com\/es\/#organization","name":"Craftygenesindonesia","url":"https:\/\/craftygenesindonesia.com\/es\/","logo":{"@type":"ImageObject","inLanguage":"es","@id":"https:\/\/craftygenesindonesia.com\/es\/#\/schema\/logo\/image\/","url":"https:\/\/craftygenesindonesia.com\/wp-content\/uploads\/2025\/11\/cropped-Copy-of-Craftygenesindonesia.jpg","contentUrl":"https:\/\/craftygenesindonesia.com\/wp-content\/uploads\/2025\/11\/cropped-Copy-of-Craftygenesindonesia.jpg","width":180,"height":60,"caption":"Craftygenesindonesia"},"image":{"@id":"https:\/\/craftygenesindonesia.com\/es\/#\/schema\/logo\/image\/"}}]}},"_links":{"self":[{"href":"https:\/\/craftygenesindonesia.com\/es\/wp-json\/wp\/v2\/product\/17493","targetHints":{"allow":["GET"]}}],"collection":[{"href":"https:\/\/craftygenesindonesia.com\/es\/wp-json\/wp\/v2\/product"}],"about":[{"href":"https:\/\/craftygenesindonesia.com\/es\/wp-json\/wp\/v2\/types\/product"}],"replies":[{"embeddable":true,"href":"https:\/\/craftygenesindonesia.com\/es\/wp-json\/wp\/v2\/comments?post=17493"}],"wp:featuredmedia":[{"embeddable":true,"href":"https:\/\/craftygenesindonesia.com\/es\/wp-json\/wp\/v2\/media\/987525361"}],"wp:attachment":[{"href":"https:\/\/craftygenesindonesia.com\/es\/wp-json\/wp\/v2\/media?parent=17493"}],"wp:term":[{"taxonomy":"product_brand","embeddable":true,"href":"https:\/\/craftygenesindonesia.com\/es\/wp-json\/wp\/v2\/product_brand?post=17493"},{"taxonomy":"product_cat","embeddable":true,"href":"https:\/\/craftygenesindonesia.com\/es\/wp-json\/wp\/v2\/product_cat?post=17493"},{"taxonomy":"product_tag","embeddable":true,"href":"https:\/\/craftygenesindonesia.com\/es\/wp-json\/wp\/v2\/product_tag?post=17493"}],"curies":[{"name":"wp","href":"https:\/\/api.w.org\/{rel}","templated":true}]}}