{"id":17482,"date":"2023-01-30T08:41:39","date_gmt":"2023-01-30T00:41:39","guid":{"rendered":"https:\/\/craftygenesindonesia.com\/?post_type=product&#038;p=17482"},"modified":"2025-11-14T06:28:05","modified_gmt":"2025-11-13T22:28:05","slug":"for-the-fallen-paquette-todo-en-uno","status":"publish","type":"product","link":"https:\/\/craftygenesindonesia.com\/es\/shop\/paquetes\/for-the-fallen-paquette-todo-en-uno\/","title":{"rendered":"For The Fallen &#8211; Paquete todo en uno"},"content":{"rendered":"<p>En este paquete tienes todos los patrones que ves en mi foto = los soldados, las plataformas, la cruz, las alas, las amapolas, los portavelas.<\/p>\n<p>Todos est\u00e1n hechos con hilo de peso &#8220;FINGERING&#8221; adecuado para amigurumi y un ganchillo de tama\u00f1o 2mm.<\/p>\n<p>Necesitar\u00e1s estos colores: color piel, blanco, negro, gris, gris oscuro, rojo, beige, marr\u00f3n uniforme, marr\u00f3n, (Brodie) verde casco, azul, azul marino, azul gris\u00e1ceo, azul claro<\/p>\n<p>Hilo de ganchillo: tama\u00f1o 2mm.<\/p>\n<p>Este conjunto de patrones incluye patrones escritos y un mont\u00f3n de fotos para ayudarte.<br \/>\nEn caso de que tengas problemas para entender los patrones, no dudes en enviarme un mensaje a: craftygenesindonesia@gmail.com<\/p>\n<p>Este conjunto de patrones es s\u00f3lo para uso personal y hay un COPYRIGHT en \u00e9l. El conjunto de patrones es por lo tanto s\u00f3lo para uso personal y NO puede ser copiado, vendido, revendido, traducido, reclamado como su dise\u00f1o, distribuido, compartido, publicado, publicado en l\u00ednea &#8230; en cualquier forma sin mi consentimiento. Ni siquiera una parte!!!<\/p>\n<p>\u00a1Puedes vender los art\u00edculos terminados pero no los patrones en s\u00ed!!!<\/p>\n","protected":false},"excerpt":{"rendered":"<p>Este paquete es perfecto para los fans de For The Fallen. En este paquete, obtendr\u00e1s todos los cartuchos de For The Fallen a un precio reducido.<\/p>\n<p>Te llevas:<\/p>\n<ul>\n<li>Por las fuerzas armadas caidas<\/li>\n<li>Para el guardian caido<\/li>\n<li>Crus de los guardianes<\/li>\n<\/ul>\n","protected":false},"featured_media":987520529,"comment_status":"open","ping_status":"closed","template":"","meta":{"_acf_changed":false},"product_brand":[],"product_cat":[3045,3049,3071,10143],"product_tag":[10520,10518,11057,10514,10516,10256,10158,10159,10517,10521,9778,10160,11675,10519,10515],"class_list":{"0":"post-17482","1":"product","2":"type-product","3":"status-publish","4":"has-post-thumbnail","6":"product_cat-paquetes","7":"product_cat-senoras-y-senores","8":"product_cat-memorial","9":"product_cat-militar","10":"product_tag-amapola-es","11":"product_tag-armada","12":"product_tag-cruz-es-2","13":"product_tag-dia-de-la-memoria","14":"product_tag-dia-de-los-caidos","15":"product_tag-dia-del-armisticio","16":"product_tag-ejercito","17":"product_tag-ejercito-del-aire","18":"product_tag-marina-es","19":"product_tag-marinero-es","20":"product_tag-memorial-es","21":"product_tag-militar-es","22":"product_tag-monumento-de-guerra","23":"product_tag-piloto-es","24":"product_tag-soldado-es","25":"pa_available_on-craftygenesindonesia","26":"pa_available_on-etsy","27":"pa_available_on-haked-nl","28":"pa_available_on-payhip","29":"pa_available_on-ravelry","30":"pa_languages-espanol","31":"pa_languages-estados-unidos-ingles","32":"pa_languages-frances","33":"pa_languages-holandes","35":"first","36":"instock","37":"downloadable","38":"virtual","39":"purchasable","40":"product-type-simple"},"acf":[],"yoast_head":"<!-- This site is optimized with the Yoast SEO plugin v27.3 - https:\/\/yoast.com\/product\/yoast-seo-wordpress\/ -->\n<title>For The Fallen - Paquete todo en uno - Craftygenesindonesia<\/title>\n<meta name=\"description\" content=\"Compra aqu\u00ed mi set de patrones de ganchillo para soldado &quot;For The Fallen&quot; all in 1. El patr\u00f3n tambi\u00e9n est\u00e1 disponible en Etsy, Haked y Ravelry.\" \/>\n<meta name=\"robots\" content=\"index, follow, max-snippet:-1, max-image-preview:large, max-video-preview:-1\" \/>\n<link rel=\"canonical\" href=\"https:\/\/craftygenesindonesia.com\/es\/shop\/paquetes\/for-the-fallen-paquette-todo-en-uno\/\" \/>\n<meta property=\"og:locale\" content=\"es_ES\" \/>\n<meta property=\"og:type\" content=\"article\" \/>\n<meta property=\"og:title\" content=\"For The Fallen - Paquete todo en uno\" \/>\n<meta property=\"og:description\" content=\"Compra aqu\u00ed mi set de patrones de ganchillo para soldado &quot;For The Fallen&quot; all in 1. El patr\u00f3n tambi\u00e9n est\u00e1 disponible en Etsy, Haked y Ravelry.\" \/>\n<meta property=\"og:url\" content=\"https:\/\/craftygenesindonesia.com\/es\/shop\/paquetes\/for-the-fallen-paquette-todo-en-uno\/\" \/>\n<meta property=\"og:site_name\" content=\"Craftygenesindonesia\" \/>\n<meta property=\"article:modified_time\" content=\"2025-11-13T22:28:05+00:00\" \/>\n<meta property=\"og:image\" content=\"https:\/\/craftygenesindonesia.com\/wp-content\/uploads\/2023\/01\/For-The-Fallen-All-in-1-2.jpg\" \/>\n\t<meta property=\"og:image:width\" content=\"1080\" \/>\n\t<meta property=\"og:image:height\" content=\"1080\" \/>\n\t<meta property=\"og:image:type\" content=\"image\/jpeg\" \/>\n<meta name=\"twitter:card\" content=\"summary_large_image\" \/>\n<meta name=\"twitter:title\" content=\"For The Fallen - Paquete todo en uno\" \/>\n<meta name=\"twitter:description\" content=\"Compra mi &quot;For The Fallen - Paquete todo en uno&quot; aqu\u00ed. Incluye TODOS mis patrones de ganchillo For The Fallen en ingl\u00e9s y holand\u00e9s.\" \/>\n<meta name=\"twitter:image\" content=\"https:\/\/craftygenesindonesia.com\/wp-content\/uploads\/2023\/01\/For-The-Fallen.png\" \/>\n<meta name=\"twitter:label1\" content=\"Tiempo de lectura\" \/>\n\t<meta name=\"twitter:data1\" content=\"1 minuto\" \/>\n<script type=\"application\/ld+json\" class=\"yoast-schema-graph\">{\"@context\":\"https:\\\/\\\/schema.org\",\"@graph\":[{\"@type\":\"WebPage\",\"@id\":\"https:\\\/\\\/craftygenesindonesia.com\\\/es\\\/shop\\\/paquetes\\\/for-the-fallen-paquette-todo-en-uno\\\/\",\"url\":\"https:\\\/\\\/craftygenesindonesia.com\\\/es\\\/shop\\\/paquetes\\\/for-the-fallen-paquette-todo-en-uno\\\/\",\"name\":\"For The Fallen - Paquete todo en uno - Craftygenesindonesia\",\"isPartOf\":{\"@id\":\"https:\\\/\\\/craftygenesindonesia.com\\\/es\\\/#website\"},\"primaryImageOfPage\":{\"@id\":\"https:\\\/\\\/craftygenesindonesia.com\\\/es\\\/shop\\\/paquetes\\\/for-the-fallen-paquette-todo-en-uno\\\/#primaryimage\"},\"image\":{\"@id\":\"https:\\\/\\\/craftygenesindonesia.com\\\/es\\\/shop\\\/paquetes\\\/for-the-fallen-paquette-todo-en-uno\\\/#primaryimage\"},\"thumbnailUrl\":\"https:\\\/\\\/craftygenesindonesia.com\\\/wp-content\\\/uploads\\\/2023\\\/01\\\/For-The-Fallen-All-in-1-2.jpg\",\"datePublished\":\"2023-01-30T00:41:39+00:00\",\"dateModified\":\"2025-11-13T22:28:05+00:00\",\"description\":\"Compra aqu\u00ed mi set de patrones de ganchillo para soldado \\\"For The Fallen\\\" all in 1. El patr\u00f3n tambi\u00e9n est\u00e1 disponible en Etsy, Haked y Ravelry.\",\"breadcrumb\":{\"@id\":\"https:\\\/\\\/craftygenesindonesia.com\\\/es\\\/shop\\\/paquetes\\\/for-the-fallen-paquette-todo-en-uno\\\/#breadcrumb\"},\"inLanguage\":\"es\",\"potentialAction\":[{\"@type\":\"ReadAction\",\"target\":[\"https:\\\/\\\/craftygenesindonesia.com\\\/es\\\/shop\\\/paquetes\\\/for-the-fallen-paquette-todo-en-uno\\\/\"]}]},{\"@type\":\"ImageObject\",\"inLanguage\":\"es\",\"@id\":\"https:\\\/\\\/craftygenesindonesia.com\\\/es\\\/shop\\\/paquetes\\\/for-the-fallen-paquette-todo-en-uno\\\/#primaryimage\",\"url\":\"https:\\\/\\\/craftygenesindonesia.com\\\/wp-content\\\/uploads\\\/2023\\\/01\\\/For-The-Fallen-All-in-1-2.jpg\",\"contentUrl\":\"https:\\\/\\\/craftygenesindonesia.com\\\/wp-content\\\/uploads\\\/2023\\\/01\\\/For-The-Fallen-All-in-1-2.jpg\",\"width\":1080,\"height\":1080,\"caption\":\"crochet soldier, pilot and sailor with poppy and LED candle\"},{\"@type\":\"BreadcrumbList\",\"@id\":\"https:\\\/\\\/craftygenesindonesia.com\\\/es\\\/shop\\\/paquetes\\\/for-the-fallen-paquette-todo-en-uno\\\/#breadcrumb\",\"itemListElement\":[{\"@type\":\"ListItem\",\"position\":1,\"name\":\"Home\",\"item\":\"https:\\\/\\\/craftygenesindonesia.com\\\/es\\\/\"},{\"@type\":\"ListItem\",\"position\":2,\"name\":\"Tienda de patrones\",\"item\":\"https:\\\/\\\/craftygenesindonesia.com\\\/es\\\/tienda-de-patrones\\\/\"},{\"@type\":\"ListItem\",\"position\":3,\"name\":\"For The Fallen &#8211; Paquete todo en uno\"}]},{\"@type\":\"WebSite\",\"@id\":\"https:\\\/\\\/craftygenesindonesia.com\\\/es\\\/#website\",\"url\":\"https:\\\/\\\/craftygenesindonesia.com\\\/es\\\/\",\"name\":\"Craftygenesindonesia\",\"description\":\"\",\"publisher\":{\"@id\":\"https:\\\/\\\/craftygenesindonesia.com\\\/es\\\/#organization\"},\"potentialAction\":[{\"@type\":\"SearchAction\",\"target\":{\"@type\":\"EntryPoint\",\"urlTemplate\":\"https:\\\/\\\/craftygenesindonesia.com\\\/es\\\/?s={search_term_string}\"},\"query-input\":{\"@type\":\"PropertyValueSpecification\",\"valueRequired\":true,\"valueName\":\"search_term_string\"}}],\"inLanguage\":\"es\"},{\"@type\":\"Organization\",\"@id\":\"https:\\\/\\\/craftygenesindonesia.com\\\/es\\\/#organization\",\"name\":\"Craftygenesindonesia\",\"url\":\"https:\\\/\\\/craftygenesindonesia.com\\\/es\\\/\",\"logo\":{\"@type\":\"ImageObject\",\"inLanguage\":\"es\",\"@id\":\"https:\\\/\\\/craftygenesindonesia.com\\\/es\\\/#\\\/schema\\\/logo\\\/image\\\/\",\"url\":\"https:\\\/\\\/craftygenesindonesia.com\\\/wp-content\\\/uploads\\\/2025\\\/11\\\/cropped-Copy-of-Craftygenesindonesia.jpg\",\"contentUrl\":\"https:\\\/\\\/craftygenesindonesia.com\\\/wp-content\\\/uploads\\\/2025\\\/11\\\/cropped-Copy-of-Craftygenesindonesia.jpg\",\"width\":180,\"height\":60,\"caption\":\"Craftygenesindonesia\"},\"image\":{\"@id\":\"https:\\\/\\\/craftygenesindonesia.com\\\/es\\\/#\\\/schema\\\/logo\\\/image\\\/\"}}]}<\/script>\n<!-- \/ Yoast SEO plugin. -->","yoast_head_json":{"title":"For The Fallen - Paquete todo en uno - Craftygenesindonesia","description":"Compra aqu\u00ed mi set de patrones de ganchillo para soldado \"For The Fallen\" all in 1. El patr\u00f3n tambi\u00e9n est\u00e1 disponible en Etsy, Haked y Ravelry.","robots":{"index":"index","follow":"follow","max-snippet":"max-snippet:-1","max-image-preview":"max-image-preview:large","max-video-preview":"max-video-preview:-1"},"canonical":"https:\/\/craftygenesindonesia.com\/es\/shop\/paquetes\/for-the-fallen-paquette-todo-en-uno\/","og_locale":"es_ES","og_type":"article","og_title":"For The Fallen - Paquete todo en uno","og_description":"Compra aqu\u00ed mi set de patrones de ganchillo para soldado \"For The Fallen\" all in 1. El patr\u00f3n tambi\u00e9n est\u00e1 disponible en Etsy, Haked y Ravelry.","og_url":"https:\/\/craftygenesindonesia.com\/es\/shop\/paquetes\/for-the-fallen-paquette-todo-en-uno\/","og_site_name":"Craftygenesindonesia","article_modified_time":"2025-11-13T22:28:05+00:00","og_image":[{"width":1080,"height":1080,"url":"https:\/\/craftygenesindonesia.com\/wp-content\/uploads\/2023\/01\/For-The-Fallen-All-in-1-2.jpg","type":"image\/jpeg"}],"twitter_card":"summary_large_image","twitter_title":"For The Fallen - Paquete todo en uno","twitter_description":"Compra mi \"For The Fallen - Paquete todo en uno\" aqu\u00ed. Incluye TODOS mis patrones de ganchillo For The Fallen en ingl\u00e9s y holand\u00e9s.","twitter_image":"https:\/\/craftygenesindonesia.com\/wp-content\/uploads\/2023\/01\/For-The-Fallen.png","twitter_misc":{"Tiempo de lectura":"1 minuto"},"schema":{"@context":"https:\/\/schema.org","@graph":[{"@type":"WebPage","@id":"https:\/\/craftygenesindonesia.com\/es\/shop\/paquetes\/for-the-fallen-paquette-todo-en-uno\/","url":"https:\/\/craftygenesindonesia.com\/es\/shop\/paquetes\/for-the-fallen-paquette-todo-en-uno\/","name":"For The Fallen - Paquete todo en uno - Craftygenesindonesia","isPartOf":{"@id":"https:\/\/craftygenesindonesia.com\/es\/#website"},"primaryImageOfPage":{"@id":"https:\/\/craftygenesindonesia.com\/es\/shop\/paquetes\/for-the-fallen-paquette-todo-en-uno\/#primaryimage"},"image":{"@id":"https:\/\/craftygenesindonesia.com\/es\/shop\/paquetes\/for-the-fallen-paquette-todo-en-uno\/#primaryimage"},"thumbnailUrl":"https:\/\/craftygenesindonesia.com\/wp-content\/uploads\/2023\/01\/For-The-Fallen-All-in-1-2.jpg","datePublished":"2023-01-30T00:41:39+00:00","dateModified":"2025-11-13T22:28:05+00:00","description":"Compra aqu\u00ed mi set de patrones de ganchillo para soldado \"For The Fallen\" all in 1. El patr\u00f3n tambi\u00e9n est\u00e1 disponible en Etsy, Haked y Ravelry.","breadcrumb":{"@id":"https:\/\/craftygenesindonesia.com\/es\/shop\/paquetes\/for-the-fallen-paquette-todo-en-uno\/#breadcrumb"},"inLanguage":"es","potentialAction":[{"@type":"ReadAction","target":["https:\/\/craftygenesindonesia.com\/es\/shop\/paquetes\/for-the-fallen-paquette-todo-en-uno\/"]}]},{"@type":"ImageObject","inLanguage":"es","@id":"https:\/\/craftygenesindonesia.com\/es\/shop\/paquetes\/for-the-fallen-paquette-todo-en-uno\/#primaryimage","url":"https:\/\/craftygenesindonesia.com\/wp-content\/uploads\/2023\/01\/For-The-Fallen-All-in-1-2.jpg","contentUrl":"https:\/\/craftygenesindonesia.com\/wp-content\/uploads\/2023\/01\/For-The-Fallen-All-in-1-2.jpg","width":1080,"height":1080,"caption":"crochet soldier, pilot and sailor with poppy and LED candle"},{"@type":"BreadcrumbList","@id":"https:\/\/craftygenesindonesia.com\/es\/shop\/paquetes\/for-the-fallen-paquette-todo-en-uno\/#breadcrumb","itemListElement":[{"@type":"ListItem","position":1,"name":"Home","item":"https:\/\/craftygenesindonesia.com\/es\/"},{"@type":"ListItem","position":2,"name":"Tienda de patrones","item":"https:\/\/craftygenesindonesia.com\/es\/tienda-de-patrones\/"},{"@type":"ListItem","position":3,"name":"For The Fallen &#8211; Paquete todo en uno"}]},{"@type":"WebSite","@id":"https:\/\/craftygenesindonesia.com\/es\/#website","url":"https:\/\/craftygenesindonesia.com\/es\/","name":"Craftygenesindonesia","description":"","publisher":{"@id":"https:\/\/craftygenesindonesia.com\/es\/#organization"},"potentialAction":[{"@type":"SearchAction","target":{"@type":"EntryPoint","urlTemplate":"https:\/\/craftygenesindonesia.com\/es\/?s={search_term_string}"},"query-input":{"@type":"PropertyValueSpecification","valueRequired":true,"valueName":"search_term_string"}}],"inLanguage":"es"},{"@type":"Organization","@id":"https:\/\/craftygenesindonesia.com\/es\/#organization","name":"Craftygenesindonesia","url":"https:\/\/craftygenesindonesia.com\/es\/","logo":{"@type":"ImageObject","inLanguage":"es","@id":"https:\/\/craftygenesindonesia.com\/es\/#\/schema\/logo\/image\/","url":"https:\/\/craftygenesindonesia.com\/wp-content\/uploads\/2025\/11\/cropped-Copy-of-Craftygenesindonesia.jpg","contentUrl":"https:\/\/craftygenesindonesia.com\/wp-content\/uploads\/2025\/11\/cropped-Copy-of-Craftygenesindonesia.jpg","width":180,"height":60,"caption":"Craftygenesindonesia"},"image":{"@id":"https:\/\/craftygenesindonesia.com\/es\/#\/schema\/logo\/image\/"}}]}},"_links":{"self":[{"href":"https:\/\/craftygenesindonesia.com\/es\/wp-json\/wp\/v2\/product\/17482","targetHints":{"allow":["GET"]}}],"collection":[{"href":"https:\/\/craftygenesindonesia.com\/es\/wp-json\/wp\/v2\/product"}],"about":[{"href":"https:\/\/craftygenesindonesia.com\/es\/wp-json\/wp\/v2\/types\/product"}],"replies":[{"embeddable":true,"href":"https:\/\/craftygenesindonesia.com\/es\/wp-json\/wp\/v2\/comments?post=17482"}],"wp:featuredmedia":[{"embeddable":true,"href":"https:\/\/craftygenesindonesia.com\/es\/wp-json\/wp\/v2\/media\/987520529"}],"wp:attachment":[{"href":"https:\/\/craftygenesindonesia.com\/es\/wp-json\/wp\/v2\/media?parent=17482"}],"wp:term":[{"taxonomy":"product_brand","embeddable":true,"href":"https:\/\/craftygenesindonesia.com\/es\/wp-json\/wp\/v2\/product_brand?post=17482"},{"taxonomy":"product_cat","embeddable":true,"href":"https:\/\/craftygenesindonesia.com\/es\/wp-json\/wp\/v2\/product_cat?post=17482"},{"taxonomy":"product_tag","embeddable":true,"href":"https:\/\/craftygenesindonesia.com\/es\/wp-json\/wp\/v2\/product_tag?post=17482"}],"curies":[{"name":"wp","href":"https:\/\/api.w.org\/{rel}","templated":true}]}}