{"id":17478,"date":"2023-02-15T05:43:23","date_gmt":"2023-02-14T21:43:23","guid":{"rendered":"https:\/\/craftygenesindonesia.com\/?post_type=product&#038;p=17478"},"modified":"2025-11-14T06:22:56","modified_gmt":"2025-11-13T22:22:56","slug":"isabella-el-conejo-de-pascua","status":"publish","type":"product","link":"https:\/\/craftygenesindonesia.com\/es\/shop\/animales\/isabella-el-conejo-de-pascua\/","title":{"rendered":"Isabella El conejo de Pascua"},"content":{"rendered":"<p>Mide 43 cm y est\u00e1 hecha con hilo ligero (3) apto para amigurumi y una aguja de ganchillo de 2 mm.<\/p>\n<p>&nbsp;<\/p>\n<p>Necesitar\u00e1s estos colores<\/p>\n<p>Azul: un sobrante<br \/>\nCrema: 50-60m (metro)<br \/>\nBlanco hueso: 5-10m<br \/>\nVerde: 15-25m<br \/>\nMarr\u00f3n claro: 80-90m<br \/>\nMorado claro: 15-25m<br \/>\nRosa: 180-200 m<\/p>\n<p>Tambi\u00e9n necesitar\u00e1s esto Relleno &#8211; marcadores de puntos &#8211; aguja de zurcir &#8211; tijeras &#8211; l\u00e1piz &#8211; pegamento &#8211; pistola de pegamento &#8211; palillos para las orejas (para mantener la cabeza erguida &#8211; se pueden sustituir por un palillo) &#8211; cart\u00f3n &#8211; ojos de seguridad<\/p>\n<p>&nbsp;<\/p>\n<p>Aguja de ganchillo: 2 mm<\/p>\n<p>&nbsp;<\/p>\n<p>Este patr\u00f3n de ganchillo incluye muchas fotos para ayudarte. Si tienes alguna pregunta, no dudes en enviarme un correo electr\u00f3nico a: craftygenesindonesia@gmail.com<\/p>\n<p>&nbsp;<\/p>\n<p>Este patr\u00f3n es un patr\u00f3n de COMPRA y tiene COPYRIGHT. Por lo tanto, el patr\u00f3n es s\u00f3lo para uso personal y NO puede ser copiado, vendido, revendido, traducido, dejado atr\u00e1s, reclamado como su dise\u00f1o, distribuido, compartido, publicado, publicado en l\u00ednea &#8230; en cualquier forma sin mi permiso. \u00a1Ni siquiera una parte!<\/p>\n<p>&nbsp;<\/p>\n<p>Podr\u00e1s vender el dise\u00f1o ACABADO de Isabella El conejo de Pascuaen peque\u00f1as cantidades, PERO NO EL PATR\u00d3N MISMO. Por favor, menciona que el patr\u00f3n es de Craftygenesindonesia y d\u00f3nde est\u00e1 a la venta<\/p>\n","protected":false},"excerpt":{"rendered":"<p>\u00a1\u00a1\u00a1Este patr\u00f3n de ganchillo f\u00e1cil de seguir es uno que simplemente debes tener!!! Especialmente si te gusta tejer conejitos de ganchillo o conejitos de Pascua, y especialmente si ya has hecho a su maridito <a href=\"https:\/\/craftygenesindonesia.com\/es\/producto\/elias-el-conejo-de-pascua\/\" target=\"_blank\" rel=\"noopener\"><strong>El\u00edas El Conejo de Pascua<\/strong><\/a>. (Haz clic en su nombre para ver el patr\u00f3n)<\/p>\n","protected":false},"featured_media":987525404,"comment_status":"open","ping_status":"closed","template":"","meta":{"_acf_changed":false},"product_brand":[],"product_cat":[3037,3056],"product_tag":[10945,11484,9168,11123,10922,12124],"class_list":{"0":"post-17478","1":"product","2":"type-product","3":"status-publish","4":"has-post-thumbnail","6":"product_cat-animales","7":"product_cat-pascua","8":"product_tag-conejito-es","9":"product_tag-conejo-es","10":"product_tag-conejo-de-pascua-es","11":"product_tag-pascua-es","12":"product_tag-sombrero-es","13":"product_tag-victorian-es","14":"pa_available_on-craftygenesindonesia","15":"pa_available_on-etsy","16":"pa_available_on-haked-nl","17":"pa_available_on-payhip","18":"pa_available_on-ravelry","19":"pa_languages-aleman","20":"pa_languages-espanol","21":"pa_languages-estados-unidos-ingles","22":"pa_languages-frances","23":"pa_languages-holandes","25":"first","26":"instock","27":"downloadable","28":"virtual","29":"purchasable","30":"product-type-simple"},"acf":[],"yoast_head":"<!-- This site is optimized with the Yoast SEO plugin v27.4 - https:\/\/yoast.com\/product\/yoast-seo-wordpress\/ -->\n<title>Isabella El conejo de Pascua patron de ganchillo - Craftygenesindonesia<\/title>\n<meta name=\"description\" content=\"Compra aqu\u00ed mi patr\u00f3n de ganchillo \u00abIsabella la conejita de Pascua\u00bb. El patr\u00f3n de ganchillo f\u00e1cil tambi\u00e9n est\u00e1 disponible en Etsy, Haked, Ravelry, Payhip\" \/>\n<meta name=\"robots\" content=\"index, follow, max-snippet:-1, max-image-preview:large, max-video-preview:-1\" \/>\n<link rel=\"canonical\" href=\"https:\/\/craftygenesindonesia.com\/es\/shop\/animales\/isabella-el-conejo-de-pascua\/\" \/>\n<meta property=\"og:locale\" content=\"es_ES\" \/>\n<meta property=\"og:type\" content=\"article\" \/>\n<meta property=\"og:title\" content=\"Patr\u00f3n de ganchillo \u00abIsabella la conejita de Pascua\u00bb\" \/>\n<meta property=\"og:description\" content=\"Compra aqu\u00ed mi patr\u00f3n de ganchillo \u00abIsabella la conejita de Pascua\u00bb. El patr\u00f3n de ganchillo f\u00e1cil tambi\u00e9n est\u00e1 disponible en Etsy, Haked, Ravelry, Payhip\" \/>\n<meta property=\"og:url\" content=\"https:\/\/craftygenesindonesia.com\/es\/shop\/animales\/isabella-el-conejo-de-pascua\/\" \/>\n<meta property=\"og:site_name\" content=\"Craftygenesindonesia\" \/>\n<meta property=\"article:modified_time\" content=\"2025-11-13T22:22:56+00:00\" \/>\n<meta property=\"og:image\" content=\"https:\/\/craftygenesindonesia.com\/wp-content\/uploads\/2023\/02\/Isabella-1.jpg\" \/>\n\t<meta property=\"og:image:width\" content=\"1080\" \/>\n\t<meta property=\"og:image:height\" content=\"1080\" \/>\n\t<meta property=\"og:image:type\" content=\"image\/jpeg\" \/>\n<meta name=\"twitter:card\" content=\"summary_large_image\" \/>\n<meta name=\"twitter:title\" content=\"Isabella El conejo de Pascua\" \/>\n<meta name=\"twitter:description\" content=\"Compra aqu\u00ed mi patr\u00f3n de ganchillo &quot;Isabella El conejo de Pascua&quot; en ingl\u00e9s y holand\u00e9s. Aqu\u00ed tambi\u00e9n encontrar\u00e1s enlaces al patr\u00f3n en Etsy, Haked &amp; Ravelry\" \/>\n<meta name=\"twitter:image\" content=\"https:\/\/craftygenesindonesia.com\/wp-content\/uploads\/2023\/02\/Picsart_23-02-14_12-45-26-296-1024x1024.png\" \/>\n<meta name=\"twitter:label1\" content=\"Tiempo de lectura\" \/>\n\t<meta name=\"twitter:data1\" content=\"2 minutos\" \/>\n<script type=\"application\/ld+json\" class=\"yoast-schema-graph\">{\"@context\":\"https:\\\/\\\/schema.org\",\"@graph\":[{\"@type\":\"WebPage\",\"@id\":\"https:\\\/\\\/craftygenesindonesia.com\\\/es\\\/shop\\\/animales\\\/isabella-el-conejo-de-pascua\\\/\",\"url\":\"https:\\\/\\\/craftygenesindonesia.com\\\/es\\\/shop\\\/animales\\\/isabella-el-conejo-de-pascua\\\/\",\"name\":\"Isabella El conejo de Pascua patron de ganchillo - Craftygenesindonesia\",\"isPartOf\":{\"@id\":\"https:\\\/\\\/craftygenesindonesia.com\\\/es\\\/#website\"},\"primaryImageOfPage\":{\"@id\":\"https:\\\/\\\/craftygenesindonesia.com\\\/es\\\/shop\\\/animales\\\/isabella-el-conejo-de-pascua\\\/#primaryimage\"},\"image\":{\"@id\":\"https:\\\/\\\/craftygenesindonesia.com\\\/es\\\/shop\\\/animales\\\/isabella-el-conejo-de-pascua\\\/#primaryimage\"},\"thumbnailUrl\":\"https:\\\/\\\/craftygenesindonesia.com\\\/wp-content\\\/uploads\\\/2023\\\/02\\\/Isabella-1.jpg\",\"datePublished\":\"2023-02-14T21:43:23+00:00\",\"dateModified\":\"2025-11-13T22:22:56+00:00\",\"description\":\"Compra aqu\u00ed mi patr\u00f3n de ganchillo \u00abIsabella la conejita de Pascua\u00bb. El patr\u00f3n de ganchillo f\u00e1cil tambi\u00e9n est\u00e1 disponible en Etsy, Haked, Ravelry, Payhip\",\"breadcrumb\":{\"@id\":\"https:\\\/\\\/craftygenesindonesia.com\\\/es\\\/shop\\\/animales\\\/isabella-el-conejo-de-pascua\\\/#breadcrumb\"},\"inLanguage\":\"es\",\"potentialAction\":[{\"@type\":\"ReadAction\",\"target\":[\"https:\\\/\\\/craftygenesindonesia.com\\\/es\\\/shop\\\/animales\\\/isabella-el-conejo-de-pascua\\\/\"]}]},{\"@type\":\"ImageObject\",\"inLanguage\":\"es\",\"@id\":\"https:\\\/\\\/craftygenesindonesia.com\\\/es\\\/shop\\\/animales\\\/isabella-el-conejo-de-pascua\\\/#primaryimage\",\"url\":\"https:\\\/\\\/craftygenesindonesia.com\\\/wp-content\\\/uploads\\\/2023\\\/02\\\/Isabella-1.jpg\",\"contentUrl\":\"https:\\\/\\\/craftygenesindonesia.com\\\/wp-content\\\/uploads\\\/2023\\\/02\\\/Isabella-1.jpg\",\"width\":1080,\"height\":1080,\"caption\":\"crochet girl Easter bunny\"},{\"@type\":\"BreadcrumbList\",\"@id\":\"https:\\\/\\\/craftygenesindonesia.com\\\/es\\\/shop\\\/animales\\\/isabella-el-conejo-de-pascua\\\/#breadcrumb\",\"itemListElement\":[{\"@type\":\"ListItem\",\"position\":1,\"name\":\"Home\",\"item\":\"https:\\\/\\\/craftygenesindonesia.com\\\/es\\\/\"},{\"@type\":\"ListItem\",\"position\":2,\"name\":\"Tienda de patrones\",\"item\":\"https:\\\/\\\/craftygenesindonesia.com\\\/es\\\/tienda-de-patrones\\\/\"},{\"@type\":\"ListItem\",\"position\":3,\"name\":\"Isabella El conejo de Pascua\"}]},{\"@type\":\"WebSite\",\"@id\":\"https:\\\/\\\/craftygenesindonesia.com\\\/es\\\/#website\",\"url\":\"https:\\\/\\\/craftygenesindonesia.com\\\/es\\\/\",\"name\":\"Craftygenesindonesia\",\"description\":\"\",\"publisher\":{\"@id\":\"https:\\\/\\\/craftygenesindonesia.com\\\/es\\\/#organization\"},\"potentialAction\":[{\"@type\":\"SearchAction\",\"target\":{\"@type\":\"EntryPoint\",\"urlTemplate\":\"https:\\\/\\\/craftygenesindonesia.com\\\/es\\\/?s={search_term_string}\"},\"query-input\":{\"@type\":\"PropertyValueSpecification\",\"valueRequired\":true,\"valueName\":\"search_term_string\"}}],\"inLanguage\":\"es\"},{\"@type\":\"Organization\",\"@id\":\"https:\\\/\\\/craftygenesindonesia.com\\\/es\\\/#organization\",\"name\":\"Craftygenesindonesia\",\"url\":\"https:\\\/\\\/craftygenesindonesia.com\\\/es\\\/\",\"logo\":{\"@type\":\"ImageObject\",\"inLanguage\":\"es\",\"@id\":\"https:\\\/\\\/craftygenesindonesia.com\\\/es\\\/#\\\/schema\\\/logo\\\/image\\\/\",\"url\":\"https:\\\/\\\/craftygenesindonesia.com\\\/wp-content\\\/uploads\\\/2025\\\/11\\\/cropped-Copy-of-Craftygenesindonesia.jpg\",\"contentUrl\":\"https:\\\/\\\/craftygenesindonesia.com\\\/wp-content\\\/uploads\\\/2025\\\/11\\\/cropped-Copy-of-Craftygenesindonesia.jpg\",\"width\":180,\"height\":60,\"caption\":\"Craftygenesindonesia\"},\"image\":{\"@id\":\"https:\\\/\\\/craftygenesindonesia.com\\\/es\\\/#\\\/schema\\\/logo\\\/image\\\/\"}}]}<\/script>\n<!-- \/ Yoast SEO plugin. -->","yoast_head_json":{"title":"Isabella El conejo de Pascua patron de ganchillo - Craftygenesindonesia","description":"Compra aqu\u00ed mi patr\u00f3n de ganchillo \u00abIsabella la conejita de Pascua\u00bb. El patr\u00f3n de ganchillo f\u00e1cil tambi\u00e9n est\u00e1 disponible en Etsy, Haked, Ravelry, Payhip","robots":{"index":"index","follow":"follow","max-snippet":"max-snippet:-1","max-image-preview":"max-image-preview:large","max-video-preview":"max-video-preview:-1"},"canonical":"https:\/\/craftygenesindonesia.com\/es\/shop\/animales\/isabella-el-conejo-de-pascua\/","og_locale":"es_ES","og_type":"article","og_title":"Patr\u00f3n de ganchillo \u00abIsabella la conejita de Pascua\u00bb","og_description":"Compra aqu\u00ed mi patr\u00f3n de ganchillo \u00abIsabella la conejita de Pascua\u00bb. El patr\u00f3n de ganchillo f\u00e1cil tambi\u00e9n est\u00e1 disponible en Etsy, Haked, Ravelry, Payhip","og_url":"https:\/\/craftygenesindonesia.com\/es\/shop\/animales\/isabella-el-conejo-de-pascua\/","og_site_name":"Craftygenesindonesia","article_modified_time":"2025-11-13T22:22:56+00:00","og_image":[{"width":1080,"height":1080,"url":"https:\/\/craftygenesindonesia.com\/wp-content\/uploads\/2023\/02\/Isabella-1.jpg","type":"image\/jpeg"}],"twitter_card":"summary_large_image","twitter_title":"Isabella El conejo de Pascua","twitter_description":"Compra aqu\u00ed mi patr\u00f3n de ganchillo \"Isabella El conejo de Pascua\" en ingl\u00e9s y holand\u00e9s. Aqu\u00ed tambi\u00e9n encontrar\u00e1s enlaces al patr\u00f3n en Etsy, Haked & Ravelry","twitter_image":"https:\/\/craftygenesindonesia.com\/wp-content\/uploads\/2023\/02\/Picsart_23-02-14_12-45-26-296-1024x1024.png","twitter_misc":{"Tiempo de lectura":"2 minutos"},"schema":{"@context":"https:\/\/schema.org","@graph":[{"@type":"WebPage","@id":"https:\/\/craftygenesindonesia.com\/es\/shop\/animales\/isabella-el-conejo-de-pascua\/","url":"https:\/\/craftygenesindonesia.com\/es\/shop\/animales\/isabella-el-conejo-de-pascua\/","name":"Isabella El conejo de Pascua patron de ganchillo - Craftygenesindonesia","isPartOf":{"@id":"https:\/\/craftygenesindonesia.com\/es\/#website"},"primaryImageOfPage":{"@id":"https:\/\/craftygenesindonesia.com\/es\/shop\/animales\/isabella-el-conejo-de-pascua\/#primaryimage"},"image":{"@id":"https:\/\/craftygenesindonesia.com\/es\/shop\/animales\/isabella-el-conejo-de-pascua\/#primaryimage"},"thumbnailUrl":"https:\/\/craftygenesindonesia.com\/wp-content\/uploads\/2023\/02\/Isabella-1.jpg","datePublished":"2023-02-14T21:43:23+00:00","dateModified":"2025-11-13T22:22:56+00:00","description":"Compra aqu\u00ed mi patr\u00f3n de ganchillo \u00abIsabella la conejita de Pascua\u00bb. El patr\u00f3n de ganchillo f\u00e1cil tambi\u00e9n est\u00e1 disponible en Etsy, Haked, Ravelry, Payhip","breadcrumb":{"@id":"https:\/\/craftygenesindonesia.com\/es\/shop\/animales\/isabella-el-conejo-de-pascua\/#breadcrumb"},"inLanguage":"es","potentialAction":[{"@type":"ReadAction","target":["https:\/\/craftygenesindonesia.com\/es\/shop\/animales\/isabella-el-conejo-de-pascua\/"]}]},{"@type":"ImageObject","inLanguage":"es","@id":"https:\/\/craftygenesindonesia.com\/es\/shop\/animales\/isabella-el-conejo-de-pascua\/#primaryimage","url":"https:\/\/craftygenesindonesia.com\/wp-content\/uploads\/2023\/02\/Isabella-1.jpg","contentUrl":"https:\/\/craftygenesindonesia.com\/wp-content\/uploads\/2023\/02\/Isabella-1.jpg","width":1080,"height":1080,"caption":"crochet girl Easter bunny"},{"@type":"BreadcrumbList","@id":"https:\/\/craftygenesindonesia.com\/es\/shop\/animales\/isabella-el-conejo-de-pascua\/#breadcrumb","itemListElement":[{"@type":"ListItem","position":1,"name":"Home","item":"https:\/\/craftygenesindonesia.com\/es\/"},{"@type":"ListItem","position":2,"name":"Tienda de patrones","item":"https:\/\/craftygenesindonesia.com\/es\/tienda-de-patrones\/"},{"@type":"ListItem","position":3,"name":"Isabella El conejo de Pascua"}]},{"@type":"WebSite","@id":"https:\/\/craftygenesindonesia.com\/es\/#website","url":"https:\/\/craftygenesindonesia.com\/es\/","name":"Craftygenesindonesia","description":"","publisher":{"@id":"https:\/\/craftygenesindonesia.com\/es\/#organization"},"potentialAction":[{"@type":"SearchAction","target":{"@type":"EntryPoint","urlTemplate":"https:\/\/craftygenesindonesia.com\/es\/?s={search_term_string}"},"query-input":{"@type":"PropertyValueSpecification","valueRequired":true,"valueName":"search_term_string"}}],"inLanguage":"es"},{"@type":"Organization","@id":"https:\/\/craftygenesindonesia.com\/es\/#organization","name":"Craftygenesindonesia","url":"https:\/\/craftygenesindonesia.com\/es\/","logo":{"@type":"ImageObject","inLanguage":"es","@id":"https:\/\/craftygenesindonesia.com\/es\/#\/schema\/logo\/image\/","url":"https:\/\/craftygenesindonesia.com\/wp-content\/uploads\/2025\/11\/cropped-Copy-of-Craftygenesindonesia.jpg","contentUrl":"https:\/\/craftygenesindonesia.com\/wp-content\/uploads\/2025\/11\/cropped-Copy-of-Craftygenesindonesia.jpg","width":180,"height":60,"caption":"Craftygenesindonesia"},"image":{"@id":"https:\/\/craftygenesindonesia.com\/es\/#\/schema\/logo\/image\/"}}]}},"_links":{"self":[{"href":"https:\/\/craftygenesindonesia.com\/es\/wp-json\/wp\/v2\/product\/17478","targetHints":{"allow":["GET"]}}],"collection":[{"href":"https:\/\/craftygenesindonesia.com\/es\/wp-json\/wp\/v2\/product"}],"about":[{"href":"https:\/\/craftygenesindonesia.com\/es\/wp-json\/wp\/v2\/types\/product"}],"replies":[{"embeddable":true,"href":"https:\/\/craftygenesindonesia.com\/es\/wp-json\/wp\/v2\/comments?post=17478"}],"wp:featuredmedia":[{"embeddable":true,"href":"https:\/\/craftygenesindonesia.com\/es\/wp-json\/wp\/v2\/media\/987525404"}],"wp:attachment":[{"href":"https:\/\/craftygenesindonesia.com\/es\/wp-json\/wp\/v2\/media?parent=17478"}],"wp:term":[{"taxonomy":"product_brand","embeddable":true,"href":"https:\/\/craftygenesindonesia.com\/es\/wp-json\/wp\/v2\/product_brand?post=17478"},{"taxonomy":"product_cat","embeddable":true,"href":"https:\/\/craftygenesindonesia.com\/es\/wp-json\/wp\/v2\/product_cat?post=17478"},{"taxonomy":"product_tag","embeddable":true,"href":"https:\/\/craftygenesindonesia.com\/es\/wp-json\/wp\/v2\/product_tag?post=17478"}],"curies":[{"name":"wp","href":"https:\/\/api.w.org\/{rel}","templated":true}]}}