{"id":17473,"date":"2023-02-15T06:12:14","date_gmt":"2023-02-14T22:12:14","guid":{"rendered":"https:\/\/craftygenesindonesia.com\/?post_type=product&#038;p=17473"},"modified":"2025-11-14T06:20:28","modified_gmt":"2025-11-13T22:20:28","slug":"elias-isabella-el-conejo-de-pascua-paquete","status":"publish","type":"product","link":"https:\/\/craftygenesindonesia.com\/es\/shop\/animales\/elias-isabella-el-conejo-de-pascua-paquete\/","title":{"rendered":"Elias &#038; Isabella El Conejo de Pascua Paquete"},"content":{"rendered":"<p>Elias mide 45 cm e Isabella 43 cm. Esto incluye las orejas. Est\u00e1n hechos con hilo ligero (3)<br \/>\npara amigurumi y una aguja de ganchillo de 2 mm.<\/p>\n<p>Necesitar\u00e1s estos colores para El\u00edas:<br \/>\n&#8211; Negro: 15-25m = metros<br \/>\n&#8211; Blanco roto: 65-75m<br \/>\n&#8211; Gris: 45-55m<br \/>\n&#8211; Rosa: 15-25m<br \/>\n&#8211; Crema: 10-20m<br \/>\n&#8211; Marr\u00f3n claro: 75-85m<br \/>\n&#8211; Verde: 130-140m<br \/>\n&#8211; Morado claro: 15-25m<br \/>\n&#8211; Azul: sobrante<br \/>\nNecesitar\u00e1s estos colores para Isabella:<br \/>\n&#8211; Azul: un sobrante<br \/>\n&#8211; Crema: 50-60m (metros)<br \/>\n&#8211; Blanco hueso: 5-10m<br \/>\n&#8211; Verde: 15-25m<br \/>\n&#8211; Marr\u00f3n claro: 80-90m<br \/>\n&#8211; Morado claro: 15-25m<br \/>\n&#8211; Rosa: 180-200m<\/p>\n<p>Tambi\u00e9n necesitar\u00e1s: relleno &#8211; aguja de zurcir &#8211; marcadores de puntos &#8211; tijeras &#8211; l\u00e1piz &#8211; pegamento &#8211; pistola de pegamento &#8211; palitos para las orejas &#8211; cartulina &#8211; ojos de seguridad &#8211; palillo de madera<br \/>\npistola de pegamento &#8211; palitos para las orejas &#8211; cart\u00f3n &#8211; ojitos de seguridad &#8211; palillo de madera<\/p>\n<p>Aguja de ganchillo: 2 mm<\/p>\n<p>Estos patrones de ganchillo incluyen muchas fotos para ayudarte a ayuda. Si tienes alguna pregunta, no dudes en enviarme un correo electr\u00f3nico a craftygenesindonesia@gmail.com<\/p>\n<p>\u00a1Estos patrones son patrones de COMPRA y tienen COPYRIGHT! Los patrones son por lo tanto s\u00f3lo<br \/>\npara uso personal y no puede ser copiado, vendido, revendido, traducido<br \/>\nabandonado, reclamado como su dise\u00f1o, distribuido, compartido, publicado, publicado en l\u00ednea<br \/>\nen cualquier forma sin mi permiso. \u00a1Ni siquiera una parte!<\/p>\n<p>Usted puede vender el FINISHED Elias El Conejo de Pascua y Isabella El Conejo de Pascua en peque\u00f1as cantidades<br \/>\nPERO NO LOS PLANTILLOS. Por favor, mencione que los patrones son de<br \/>\nCraftygenesindonesia y donde est\u00e1n a la venta<\/p>\n","protected":false},"excerpt":{"rendered":"<p>Este paquete de patrones de ganchillo es imprescindible. Es perfecto para quienes les gusta tejer conejitos y conejitos de Pascua. Por supuesto, ambos patrones tambi\u00e9n est\u00e1n disponibles por separado como <a href=\"https:\/\/craftygenesindonesia.com\/es\/producto\/elias-el-conejo-de-pascua\/\" target=\"_blank\" rel=\"noopener\"><strong>Elias El Conejo de Pascua<\/strong><\/a> e <a href=\"http:\/\/Isabella El conejo de Pascua\" target=\"_blank\" rel=\"noopener\"><strong>Isabella El conejo de Pascua<\/strong><\/a> (haz clic en los nombres para ver esos patrones).<\/p>\n","protected":false},"featured_media":987525422,"comment_status":"open","ping_status":"closed","template":"","meta":{"_acf_changed":false},"product_brand":[],"product_cat":[3037,3056],"product_tag":[11672,10945,11484,9168,11123,10922,11651,12124],"class_list":{"0":"post-17473","1":"product","2":"type-product","3":"status-publish","4":"has-post-thumbnail","6":"product_cat-animales","7":"product_cat-pascua","8":"product_tag-baston","9":"product_tag-conejito-es","10":"product_tag-conejo-es","11":"product_tag-conejo-de-pascua-es","12":"product_tag-pascua-es","13":"product_tag-sombrero-es","14":"product_tag-sombrero-de-copa","15":"product_tag-victorian-es","16":"pa_available_on-craftygenesindonesia","17":"pa_available_on-etsy","18":"pa_available_on-haked-nl","19":"pa_available_on-payhip","20":"pa_available_on-ravelry","21":"pa_languages-aleman","22":"pa_languages-espanol","23":"pa_languages-estados-unidos-ingles","24":"pa_languages-frances","25":"pa_languages-holandes","27":"first","28":"instock","29":"sale","30":"downloadable","31":"virtual","32":"purchasable","33":"product-type-simple"},"acf":[],"yoast_head":"<!-- This site is optimized with the Yoast SEO plugin v27.3 - https:\/\/yoast.com\/product\/yoast-seo-wordpress\/ -->\n<title>Elias &amp; Isabella El Conejo de Pascua Paquete patron de ganchillo - Craftygenesindonesia<\/title>\n<meta name=\"description\" content=\"Compra aqu\u00ed mi \u00abElias &amp; Isabella El Conejo de Pascua \u00bb. El patr\u00f3n de ganchillo f\u00e1cil tambi\u00e9n est\u00e1 disponible en Etsy, Haked, Ravelry, Payhip\" \/>\n<meta name=\"robots\" content=\"index, follow, max-snippet:-1, max-image-preview:large, max-video-preview:-1\" \/>\n<link rel=\"canonical\" href=\"https:\/\/craftygenesindonesia.com\/es\/shop\/animales\/elias-isabella-el-conejo-de-pascua-paquete\/\" \/>\n<meta property=\"og:locale\" content=\"es_ES\" \/>\n<meta property=\"og:type\" content=\"article\" \/>\n<meta property=\"og:title\" content=\"Elias &amp; Isabella El Conejo de Pascua Paquete\" \/>\n<meta property=\"og:description\" content=\"Compra aqu\u00ed mi \u00abElias &amp; Isabella El Conejo de Pascua \u00bb. El patr\u00f3n de ganchillo f\u00e1cil tambi\u00e9n est\u00e1 disponible en Etsy, Haked, Ravelry, Payhip\" \/>\n<meta property=\"og:url\" content=\"https:\/\/craftygenesindonesia.com\/es\/shop\/animales\/elias-isabella-el-conejo-de-pascua-paquete\/\" \/>\n<meta property=\"og:site_name\" content=\"Craftygenesindonesia\" \/>\n<meta property=\"article:modified_time\" content=\"2025-11-13T22:20:28+00:00\" \/>\n<meta property=\"og:image\" content=\"https:\/\/craftygenesindonesia.com\/wp-content\/uploads\/2023\/02\/Elias-Isabella-1.jpg\" \/>\n\t<meta property=\"og:image:width\" content=\"1080\" \/>\n\t<meta property=\"og:image:height\" content=\"1080\" \/>\n\t<meta property=\"og:image:type\" content=\"image\/jpeg\" \/>\n<meta name=\"twitter:card\" content=\"summary_large_image\" \/>\n<meta name=\"twitter:title\" content=\"Elias &amp; Isabella El Conejo de Pascua Paquete\" \/>\n<meta name=\"twitter:description\" content=\"Compra aqu\u00ed mi &quot;Elias &amp; Isabella El Conejo de Pascua Paquete&quot; en ingl\u00e9s y holand\u00e9s. Con enlaces a los patrones en Etsy, Haked &amp; Ravelry\" \/>\n<meta name=\"twitter:image\" content=\"https:\/\/craftygenesindonesia.com\/wp-content\/uploads\/2023\/02\/Picsart_23-02-14_12-24-00-036-1024x1024.jpg\" \/>\n<meta name=\"twitter:label1\" content=\"Tiempo de lectura\" \/>\n\t<meta name=\"twitter:data1\" content=\"2 minutos\" \/>\n<script type=\"application\/ld+json\" class=\"yoast-schema-graph\">{\"@context\":\"https:\\\/\\\/schema.org\",\"@graph\":[{\"@type\":\"WebPage\",\"@id\":\"https:\\\/\\\/craftygenesindonesia.com\\\/es\\\/shop\\\/animales\\\/elias-isabella-el-conejo-de-pascua-paquete\\\/\",\"url\":\"https:\\\/\\\/craftygenesindonesia.com\\\/es\\\/shop\\\/animales\\\/elias-isabella-el-conejo-de-pascua-paquete\\\/\",\"name\":\"Elias & Isabella El Conejo de Pascua Paquete patron de ganchillo - Craftygenesindonesia\",\"isPartOf\":{\"@id\":\"https:\\\/\\\/craftygenesindonesia.com\\\/es\\\/#website\"},\"primaryImageOfPage\":{\"@id\":\"https:\\\/\\\/craftygenesindonesia.com\\\/es\\\/shop\\\/animales\\\/elias-isabella-el-conejo-de-pascua-paquete\\\/#primaryimage\"},\"image\":{\"@id\":\"https:\\\/\\\/craftygenesindonesia.com\\\/es\\\/shop\\\/animales\\\/elias-isabella-el-conejo-de-pascua-paquete\\\/#primaryimage\"},\"thumbnailUrl\":\"https:\\\/\\\/craftygenesindonesia.com\\\/wp-content\\\/uploads\\\/2023\\\/02\\\/Elias-Isabella-1.jpg\",\"datePublished\":\"2023-02-14T22:12:14+00:00\",\"dateModified\":\"2025-11-13T22:20:28+00:00\",\"description\":\"Compra aqu\u00ed mi \u00abElias & Isabella El Conejo de Pascua \u00bb. El patr\u00f3n de ganchillo f\u00e1cil tambi\u00e9n est\u00e1 disponible en Etsy, Haked, Ravelry, Payhip\",\"breadcrumb\":{\"@id\":\"https:\\\/\\\/craftygenesindonesia.com\\\/es\\\/shop\\\/animales\\\/elias-isabella-el-conejo-de-pascua-paquete\\\/#breadcrumb\"},\"inLanguage\":\"es\",\"potentialAction\":[{\"@type\":\"ReadAction\",\"target\":[\"https:\\\/\\\/craftygenesindonesia.com\\\/es\\\/shop\\\/animales\\\/elias-isabella-el-conejo-de-pascua-paquete\\\/\"]}]},{\"@type\":\"ImageObject\",\"inLanguage\":\"es\",\"@id\":\"https:\\\/\\\/craftygenesindonesia.com\\\/es\\\/shop\\\/animales\\\/elias-isabella-el-conejo-de-pascua-paquete\\\/#primaryimage\",\"url\":\"https:\\\/\\\/craftygenesindonesia.com\\\/wp-content\\\/uploads\\\/2023\\\/02\\\/Elias-Isabella-1.jpg\",\"contentUrl\":\"https:\\\/\\\/craftygenesindonesia.com\\\/wp-content\\\/uploads\\\/2023\\\/02\\\/Elias-Isabella-1.jpg\",\"width\":1080,\"height\":1080,\"caption\":\"Victorian Easter Bunnies\"},{\"@type\":\"BreadcrumbList\",\"@id\":\"https:\\\/\\\/craftygenesindonesia.com\\\/es\\\/shop\\\/animales\\\/elias-isabella-el-conejo-de-pascua-paquete\\\/#breadcrumb\",\"itemListElement\":[{\"@type\":\"ListItem\",\"position\":1,\"name\":\"Home\",\"item\":\"https:\\\/\\\/craftygenesindonesia.com\\\/es\\\/\"},{\"@type\":\"ListItem\",\"position\":2,\"name\":\"Tienda de patrones\",\"item\":\"https:\\\/\\\/craftygenesindonesia.com\\\/es\\\/tienda-de-patrones\\\/\"},{\"@type\":\"ListItem\",\"position\":3,\"name\":\"Elias &#038; Isabella El Conejo de Pascua Paquete\"}]},{\"@type\":\"WebSite\",\"@id\":\"https:\\\/\\\/craftygenesindonesia.com\\\/es\\\/#website\",\"url\":\"https:\\\/\\\/craftygenesindonesia.com\\\/es\\\/\",\"name\":\"Craftygenesindonesia\",\"description\":\"\",\"publisher\":{\"@id\":\"https:\\\/\\\/craftygenesindonesia.com\\\/es\\\/#organization\"},\"potentialAction\":[{\"@type\":\"SearchAction\",\"target\":{\"@type\":\"EntryPoint\",\"urlTemplate\":\"https:\\\/\\\/craftygenesindonesia.com\\\/es\\\/?s={search_term_string}\"},\"query-input\":{\"@type\":\"PropertyValueSpecification\",\"valueRequired\":true,\"valueName\":\"search_term_string\"}}],\"inLanguage\":\"es\"},{\"@type\":\"Organization\",\"@id\":\"https:\\\/\\\/craftygenesindonesia.com\\\/es\\\/#organization\",\"name\":\"Craftygenesindonesia\",\"url\":\"https:\\\/\\\/craftygenesindonesia.com\\\/es\\\/\",\"logo\":{\"@type\":\"ImageObject\",\"inLanguage\":\"es\",\"@id\":\"https:\\\/\\\/craftygenesindonesia.com\\\/es\\\/#\\\/schema\\\/logo\\\/image\\\/\",\"url\":\"https:\\\/\\\/craftygenesindonesia.com\\\/wp-content\\\/uploads\\\/2025\\\/11\\\/cropped-Copy-of-Craftygenesindonesia.jpg\",\"contentUrl\":\"https:\\\/\\\/craftygenesindonesia.com\\\/wp-content\\\/uploads\\\/2025\\\/11\\\/cropped-Copy-of-Craftygenesindonesia.jpg\",\"width\":180,\"height\":60,\"caption\":\"Craftygenesindonesia\"},\"image\":{\"@id\":\"https:\\\/\\\/craftygenesindonesia.com\\\/es\\\/#\\\/schema\\\/logo\\\/image\\\/\"}}]}<\/script>\n<!-- \/ Yoast SEO plugin. -->","yoast_head_json":{"title":"Elias & Isabella El Conejo de Pascua Paquete patron de ganchillo - Craftygenesindonesia","description":"Compra aqu\u00ed mi \u00abElias & Isabella El Conejo de Pascua \u00bb. El patr\u00f3n de ganchillo f\u00e1cil tambi\u00e9n est\u00e1 disponible en Etsy, Haked, Ravelry, Payhip","robots":{"index":"index","follow":"follow","max-snippet":"max-snippet:-1","max-image-preview":"max-image-preview:large","max-video-preview":"max-video-preview:-1"},"canonical":"https:\/\/craftygenesindonesia.com\/es\/shop\/animales\/elias-isabella-el-conejo-de-pascua-paquete\/","og_locale":"es_ES","og_type":"article","og_title":"Elias & Isabella El Conejo de Pascua Paquete","og_description":"Compra aqu\u00ed mi \u00abElias & Isabella El Conejo de Pascua \u00bb. El patr\u00f3n de ganchillo f\u00e1cil tambi\u00e9n est\u00e1 disponible en Etsy, Haked, Ravelry, Payhip","og_url":"https:\/\/craftygenesindonesia.com\/es\/shop\/animales\/elias-isabella-el-conejo-de-pascua-paquete\/","og_site_name":"Craftygenesindonesia","article_modified_time":"2025-11-13T22:20:28+00:00","og_image":[{"width":1080,"height":1080,"url":"https:\/\/craftygenesindonesia.com\/wp-content\/uploads\/2023\/02\/Elias-Isabella-1.jpg","type":"image\/jpeg"}],"twitter_card":"summary_large_image","twitter_title":"Elias & Isabella El Conejo de Pascua Paquete","twitter_description":"Compra aqu\u00ed mi \"Elias & Isabella El Conejo de Pascua Paquete\" en ingl\u00e9s y holand\u00e9s. Con enlaces a los patrones en Etsy, Haked & Ravelry","twitter_image":"https:\/\/craftygenesindonesia.com\/wp-content\/uploads\/2023\/02\/Picsart_23-02-14_12-24-00-036-1024x1024.jpg","twitter_misc":{"Tiempo de lectura":"2 minutos"},"schema":{"@context":"https:\/\/schema.org","@graph":[{"@type":"WebPage","@id":"https:\/\/craftygenesindonesia.com\/es\/shop\/animales\/elias-isabella-el-conejo-de-pascua-paquete\/","url":"https:\/\/craftygenesindonesia.com\/es\/shop\/animales\/elias-isabella-el-conejo-de-pascua-paquete\/","name":"Elias & Isabella El Conejo de Pascua Paquete patron de ganchillo - Craftygenesindonesia","isPartOf":{"@id":"https:\/\/craftygenesindonesia.com\/es\/#website"},"primaryImageOfPage":{"@id":"https:\/\/craftygenesindonesia.com\/es\/shop\/animales\/elias-isabella-el-conejo-de-pascua-paquete\/#primaryimage"},"image":{"@id":"https:\/\/craftygenesindonesia.com\/es\/shop\/animales\/elias-isabella-el-conejo-de-pascua-paquete\/#primaryimage"},"thumbnailUrl":"https:\/\/craftygenesindonesia.com\/wp-content\/uploads\/2023\/02\/Elias-Isabella-1.jpg","datePublished":"2023-02-14T22:12:14+00:00","dateModified":"2025-11-13T22:20:28+00:00","description":"Compra aqu\u00ed mi \u00abElias & Isabella El Conejo de Pascua \u00bb. El patr\u00f3n de ganchillo f\u00e1cil tambi\u00e9n est\u00e1 disponible en Etsy, Haked, Ravelry, Payhip","breadcrumb":{"@id":"https:\/\/craftygenesindonesia.com\/es\/shop\/animales\/elias-isabella-el-conejo-de-pascua-paquete\/#breadcrumb"},"inLanguage":"es","potentialAction":[{"@type":"ReadAction","target":["https:\/\/craftygenesindonesia.com\/es\/shop\/animales\/elias-isabella-el-conejo-de-pascua-paquete\/"]}]},{"@type":"ImageObject","inLanguage":"es","@id":"https:\/\/craftygenesindonesia.com\/es\/shop\/animales\/elias-isabella-el-conejo-de-pascua-paquete\/#primaryimage","url":"https:\/\/craftygenesindonesia.com\/wp-content\/uploads\/2023\/02\/Elias-Isabella-1.jpg","contentUrl":"https:\/\/craftygenesindonesia.com\/wp-content\/uploads\/2023\/02\/Elias-Isabella-1.jpg","width":1080,"height":1080,"caption":"Victorian Easter Bunnies"},{"@type":"BreadcrumbList","@id":"https:\/\/craftygenesindonesia.com\/es\/shop\/animales\/elias-isabella-el-conejo-de-pascua-paquete\/#breadcrumb","itemListElement":[{"@type":"ListItem","position":1,"name":"Home","item":"https:\/\/craftygenesindonesia.com\/es\/"},{"@type":"ListItem","position":2,"name":"Tienda de patrones","item":"https:\/\/craftygenesindonesia.com\/es\/tienda-de-patrones\/"},{"@type":"ListItem","position":3,"name":"Elias &#038; Isabella El Conejo de Pascua Paquete"}]},{"@type":"WebSite","@id":"https:\/\/craftygenesindonesia.com\/es\/#website","url":"https:\/\/craftygenesindonesia.com\/es\/","name":"Craftygenesindonesia","description":"","publisher":{"@id":"https:\/\/craftygenesindonesia.com\/es\/#organization"},"potentialAction":[{"@type":"SearchAction","target":{"@type":"EntryPoint","urlTemplate":"https:\/\/craftygenesindonesia.com\/es\/?s={search_term_string}"},"query-input":{"@type":"PropertyValueSpecification","valueRequired":true,"valueName":"search_term_string"}}],"inLanguage":"es"},{"@type":"Organization","@id":"https:\/\/craftygenesindonesia.com\/es\/#organization","name":"Craftygenesindonesia","url":"https:\/\/craftygenesindonesia.com\/es\/","logo":{"@type":"ImageObject","inLanguage":"es","@id":"https:\/\/craftygenesindonesia.com\/es\/#\/schema\/logo\/image\/","url":"https:\/\/craftygenesindonesia.com\/wp-content\/uploads\/2025\/11\/cropped-Copy-of-Craftygenesindonesia.jpg","contentUrl":"https:\/\/craftygenesindonesia.com\/wp-content\/uploads\/2025\/11\/cropped-Copy-of-Craftygenesindonesia.jpg","width":180,"height":60,"caption":"Craftygenesindonesia"},"image":{"@id":"https:\/\/craftygenesindonesia.com\/es\/#\/schema\/logo\/image\/"}}]}},"_links":{"self":[{"href":"https:\/\/craftygenesindonesia.com\/es\/wp-json\/wp\/v2\/product\/17473","targetHints":{"allow":["GET"]}}],"collection":[{"href":"https:\/\/craftygenesindonesia.com\/es\/wp-json\/wp\/v2\/product"}],"about":[{"href":"https:\/\/craftygenesindonesia.com\/es\/wp-json\/wp\/v2\/types\/product"}],"replies":[{"embeddable":true,"href":"https:\/\/craftygenesindonesia.com\/es\/wp-json\/wp\/v2\/comments?post=17473"}],"wp:featuredmedia":[{"embeddable":true,"href":"https:\/\/craftygenesindonesia.com\/es\/wp-json\/wp\/v2\/media\/987525422"}],"wp:attachment":[{"href":"https:\/\/craftygenesindonesia.com\/es\/wp-json\/wp\/v2\/media?parent=17473"}],"wp:term":[{"taxonomy":"product_brand","embeddable":true,"href":"https:\/\/craftygenesindonesia.com\/es\/wp-json\/wp\/v2\/product_brand?post=17473"},{"taxonomy":"product_cat","embeddable":true,"href":"https:\/\/craftygenesindonesia.com\/es\/wp-json\/wp\/v2\/product_cat?post=17473"},{"taxonomy":"product_tag","embeddable":true,"href":"https:\/\/craftygenesindonesia.com\/es\/wp-json\/wp\/v2\/product_tag?post=17473"}],"curies":[{"name":"wp","href":"https:\/\/api.w.org\/{rel}","templated":true}]}}