{"id":17471,"date":"2023-03-01T07:19:56","date_gmt":"2023-02-28T23:19:56","guid":{"rendered":"https:\/\/craftygenesindonesia.com\/?post_type=product&#038;p=17471"},"modified":"2025-11-14T06:18:26","modified_gmt":"2025-11-13T22:18:26","slug":"lola-edicion-primera-comunion","status":"publish","type":"product","link":"https:\/\/craftygenesindonesia.com\/es\/shop\/munecas-infantiles\/lola-edicion-primera-comunion\/","title":{"rendered":"Lola, Edici\u00f3n Primera Comuni\u00f3n"},"content":{"rendered":"<p><strong>Este patr\u00f3n incluye el cirio de Primera Comuni\u00f3n que ves en la foto<\/strong><\/p>\n<p>Medidas: Ella mide 35cm\/13.8inch alto. La vela de Primera Comuni\u00f3n mide 21 cm (sin incluir la llama).<\/p>\n<p>Hilo: Ambos est\u00e1n hechos con hilo de peso \u201cFINGERING\u201d adecuado para amigurumi y un ganchillo de tama\u00f1o 2mm.<\/p>\n<p>Necesitar\u00e1s los siguientes colores: marr\u00f3n claro, plata met\u00e1lica, blanco roto, color piel y blanco.<\/p>\n<p>Aguja de ganchillo: tama\u00f1o 2 mm<\/p>\n<p>Este patr\u00f3n es un patr\u00f3n escrito con muchas fotos para ayudarte. Si todav\u00eda tiene preguntas, por favor env\u00edeme un mensaje a:\u00a0<a href=\"mailto:craftygenesindonesia@gmail.com\">craftygenesindonesia@gmail.com<\/a><\/p>\n<p><strong>-Este patr\u00f3n es s\u00f3lo para uso personal y hay un COPYRIGHT en \u00e9l. El patr\u00f3n por lo tanto NO puede ser copiado, vendido, revendido, traducido, reclamado como su dise\u00f1o, distribuido, compartido, publicado, publicado en l\u00ednea \u2026 en cualquier forma sin mi consentimiento. Ni siquiera una parte.<\/strong><\/p>\n<p><strong>-Puedes vender el art\u00edculo terminado en peque\u00f1as cantidades, \u00a1PERO NO EL PATR\u00d3N MISMO! Por favor, menciona que el patr\u00f3n es de Craftygenesindonesia y d\u00f3nde se puede comprar<\/strong><\/p>\n","protected":false},"excerpt":{"rendered":"<p>En este patr\u00f3n f\u00e1cil de seguir, obtendr\u00e1s el patr\u00f3n para esta preciosa Lola de Primera Comuni\u00f3n Y TAMBI\u00c9N el patr\u00f3n para la vela de Primera Comuni\u00f3n.<\/p>\n<p>Lola forma parte de mi serie Lola. Haz clic <a href=\"http:\/\/En este patr\u00f3n f\u00e1cil de seguir, obtendr\u00e1s el patr\u00f3n para esta preciosa Lola de Primera Comuni\u00f3n Y TAMBI\u00c9N el patr\u00f3n para la vela de Primera Comuni\u00f3n. Lola forma parte de mi serie Lola. Haz clic aqu\u00ed para ver los otros patrones de Lola. **Traducci\u00f3n al espa\u00f1ol pr\u00f3ximamente\" target=\"_blank\" rel=\"noopener\"><strong>aqu\u00ed<\/strong><\/a> para ver los otros patrones de Lola.<\/p>\n","protected":false},"featured_media":987526554,"comment_status":"open","ping_status":"closed","template":"","meta":{"_acf_changed":false},"product_brand":[],"product_cat":[3063,3065,3077],"product_tag":[12090,12092,11057,10693,11051,11284,10682,10965],"class_list":{"0":"post-17471","1":"product","2":"type-product","3":"status-publish","4":"has-post-thumbnail","6":"product_cat-munecas-infantiles","7":"product_cat-munecas-lola","8":"product_cat-religioso","9":"product_tag-catholic-es","10":"product_tag-christian-es","11":"product_tag-cruz-es-2","12":"product_tag-la-sagrada-comunion-es","13":"product_tag-muneca-de-ganchillo","14":"product_tag-munecas-infantiles","15":"product_tag-primera-comunion-es","16":"product_tag-vela-es","17":"pa_available_on-craftygenesindonesia","18":"pa_available_on-etsy","19":"pa_available_on-haked-nl","20":"pa_available_on-payhip","21":"pa_available_on-ravelry","22":"pa_languages-aleman","23":"pa_languages-espanol","24":"pa_languages-estados-unidos-ingles","25":"pa_languages-frances","26":"pa_languages-holandes","28":"first","29":"instock","30":"downloadable","31":"virtual","32":"purchasable","33":"product-type-simple"},"acf":[],"yoast_head":"<!-- This site is optimized with the Yoast SEO plugin v27.3 - https:\/\/yoast.com\/product\/yoast-seo-wordpress\/ -->\n<title>Lola, Edici\u00f3n Primera Comuni\u00f3n patr\u00f3n de ganchillo - Craftygenesindonesia<\/title>\n<meta name=\"description\" content=\"Compra mi patr\u00f3n de ganchillo &quot;Lola, Edici\u00f3n Primera Comuni\u00f3n&quot; aqu\u00ed. El patr\u00f3n de ganchillo tambi\u00e9n est\u00e1 disponible en Etsy, Haked y Ravelry.\" \/>\n<meta name=\"robots\" content=\"index, follow, max-snippet:-1, max-image-preview:large, max-video-preview:-1\" \/>\n<link rel=\"canonical\" href=\"https:\/\/craftygenesindonesia.com\/es\/shop\/munecas-infantiles\/lola-edicion-primera-comunion\/\" \/>\n<meta property=\"og:locale\" content=\"es_ES\" \/>\n<meta property=\"og:type\" content=\"article\" \/>\n<meta property=\"og:title\" content=\"Patr\u00f3n de ganchillo &quot;Lola, Edici\u00f3n Primera Comuni\u00f3n&quot;\" \/>\n<meta property=\"og:description\" content=\"Compra mi patr\u00f3n de ganchillo &quot;Lola, Edici\u00f3n Primera Comuni\u00f3n&quot; aqu\u00ed. El patr\u00f3n de ganchillo tambi\u00e9n est\u00e1 disponible en Etsy, Haked y Ravelry.\" \/>\n<meta property=\"og:url\" content=\"https:\/\/craftygenesindonesia.com\/es\/shop\/munecas-infantiles\/lola-edicion-primera-comunion\/\" \/>\n<meta property=\"og:site_name\" content=\"Craftygenesindonesia\" \/>\n<meta property=\"article:modified_time\" content=\"2025-11-13T22:18:26+00:00\" \/>\n<meta property=\"og:image\" content=\"https:\/\/craftygenesindonesia.com\/wp-content\/uploads\/2023\/03\/Lola-First-Communion-2.jpg\" \/>\n\t<meta property=\"og:image:width\" content=\"1080\" \/>\n\t<meta property=\"og:image:height\" content=\"1080\" \/>\n\t<meta property=\"og:image:type\" content=\"image\/jpeg\" \/>\n<meta name=\"twitter:card\" content=\"summary_large_image\" \/>\n<meta name=\"twitter:title\" content=\"Lola, Edici\u00f3n Primera Comuni\u00f3n\" \/>\n<meta name=\"twitter:description\" content=\"Pide mi patr\u00f3n de ganchillo &quot;Lola, Edici\u00f3n Primera Comuni\u00f3n&quot; en holand\u00e9s e ingl\u00e9s aqu\u00ed. Aqu\u00ed tambi\u00e9n encontrar\u00e1s enlaces al patr\u00f3n en Etsy, Haked y Ravelry.\" \/>\n<meta name=\"twitter:image\" content=\"https:\/\/craftygenesindonesia.com\/wp-content\/uploads\/2023\/03\/image0-56-1024x1024.jpeg\" \/>\n<meta name=\"twitter:label1\" content=\"Tiempo de lectura\" \/>\n\t<meta name=\"twitter:data1\" content=\"1 minuto\" \/>\n<script type=\"application\/ld+json\" class=\"yoast-schema-graph\">{\"@context\":\"https:\\\/\\\/schema.org\",\"@graph\":[{\"@type\":\"WebPage\",\"@id\":\"https:\\\/\\\/craftygenesindonesia.com\\\/es\\\/shop\\\/munecas-infantiles\\\/lola-edicion-primera-comunion\\\/\",\"url\":\"https:\\\/\\\/craftygenesindonesia.com\\\/es\\\/shop\\\/munecas-infantiles\\\/lola-edicion-primera-comunion\\\/\",\"name\":\"Lola, Edici\u00f3n Primera Comuni\u00f3n patr\u00f3n de ganchillo - Craftygenesindonesia\",\"isPartOf\":{\"@id\":\"https:\\\/\\\/craftygenesindonesia.com\\\/es\\\/#website\"},\"primaryImageOfPage\":{\"@id\":\"https:\\\/\\\/craftygenesindonesia.com\\\/es\\\/shop\\\/munecas-infantiles\\\/lola-edicion-primera-comunion\\\/#primaryimage\"},\"image\":{\"@id\":\"https:\\\/\\\/craftygenesindonesia.com\\\/es\\\/shop\\\/munecas-infantiles\\\/lola-edicion-primera-comunion\\\/#primaryimage\"},\"thumbnailUrl\":\"https:\\\/\\\/craftygenesindonesia.com\\\/wp-content\\\/uploads\\\/2023\\\/03\\\/Lola-First-Communion-2.jpg\",\"datePublished\":\"2023-02-28T23:19:56+00:00\",\"dateModified\":\"2025-11-13T22:18:26+00:00\",\"description\":\"Compra mi patr\u00f3n de ganchillo \\\"Lola, Edici\u00f3n Primera Comuni\u00f3n\\\" aqu\u00ed. El patr\u00f3n de ganchillo tambi\u00e9n est\u00e1 disponible en Etsy, Haked y Ravelry.\",\"breadcrumb\":{\"@id\":\"https:\\\/\\\/craftygenesindonesia.com\\\/es\\\/shop\\\/munecas-infantiles\\\/lola-edicion-primera-comunion\\\/#breadcrumb\"},\"inLanguage\":\"es\",\"potentialAction\":[{\"@type\":\"ReadAction\",\"target\":[\"https:\\\/\\\/craftygenesindonesia.com\\\/es\\\/shop\\\/munecas-infantiles\\\/lola-edicion-primera-comunion\\\/\"]}]},{\"@type\":\"ImageObject\",\"inLanguage\":\"es\",\"@id\":\"https:\\\/\\\/craftygenesindonesia.com\\\/es\\\/shop\\\/munecas-infantiles\\\/lola-edicion-primera-comunion\\\/#primaryimage\",\"url\":\"https:\\\/\\\/craftygenesindonesia.com\\\/wp-content\\\/uploads\\\/2023\\\/03\\\/Lola-First-Communion-2.jpg\",\"contentUrl\":\"https:\\\/\\\/craftygenesindonesia.com\\\/wp-content\\\/uploads\\\/2023\\\/03\\\/Lola-First-Communion-2.jpg\",\"width\":1080,\"height\":1080,\"caption\":\"crochet First Communion girl doll with crochet First Communion candle\"},{\"@type\":\"BreadcrumbList\",\"@id\":\"https:\\\/\\\/craftygenesindonesia.com\\\/es\\\/shop\\\/munecas-infantiles\\\/lola-edicion-primera-comunion\\\/#breadcrumb\",\"itemListElement\":[{\"@type\":\"ListItem\",\"position\":1,\"name\":\"Home\",\"item\":\"https:\\\/\\\/craftygenesindonesia.com\\\/es\\\/\"},{\"@type\":\"ListItem\",\"position\":2,\"name\":\"Tienda de patrones\",\"item\":\"https:\\\/\\\/craftygenesindonesia.com\\\/es\\\/tienda-de-patrones\\\/\"},{\"@type\":\"ListItem\",\"position\":3,\"name\":\"Lola, Edici\u00f3n Primera Comuni\u00f3n\"}]},{\"@type\":\"WebSite\",\"@id\":\"https:\\\/\\\/craftygenesindonesia.com\\\/es\\\/#website\",\"url\":\"https:\\\/\\\/craftygenesindonesia.com\\\/es\\\/\",\"name\":\"Craftygenesindonesia\",\"description\":\"\",\"publisher\":{\"@id\":\"https:\\\/\\\/craftygenesindonesia.com\\\/es\\\/#organization\"},\"potentialAction\":[{\"@type\":\"SearchAction\",\"target\":{\"@type\":\"EntryPoint\",\"urlTemplate\":\"https:\\\/\\\/craftygenesindonesia.com\\\/es\\\/?s={search_term_string}\"},\"query-input\":{\"@type\":\"PropertyValueSpecification\",\"valueRequired\":true,\"valueName\":\"search_term_string\"}}],\"inLanguage\":\"es\"},{\"@type\":\"Organization\",\"@id\":\"https:\\\/\\\/craftygenesindonesia.com\\\/es\\\/#organization\",\"name\":\"Craftygenesindonesia\",\"url\":\"https:\\\/\\\/craftygenesindonesia.com\\\/es\\\/\",\"logo\":{\"@type\":\"ImageObject\",\"inLanguage\":\"es\",\"@id\":\"https:\\\/\\\/craftygenesindonesia.com\\\/es\\\/#\\\/schema\\\/logo\\\/image\\\/\",\"url\":\"https:\\\/\\\/craftygenesindonesia.com\\\/wp-content\\\/uploads\\\/2025\\\/11\\\/cropped-Copy-of-Craftygenesindonesia.jpg\",\"contentUrl\":\"https:\\\/\\\/craftygenesindonesia.com\\\/wp-content\\\/uploads\\\/2025\\\/11\\\/cropped-Copy-of-Craftygenesindonesia.jpg\",\"width\":180,\"height\":60,\"caption\":\"Craftygenesindonesia\"},\"image\":{\"@id\":\"https:\\\/\\\/craftygenesindonesia.com\\\/es\\\/#\\\/schema\\\/logo\\\/image\\\/\"}}]}<\/script>\n<!-- \/ Yoast SEO plugin. -->","yoast_head_json":{"title":"Lola, Edici\u00f3n Primera Comuni\u00f3n patr\u00f3n de ganchillo - Craftygenesindonesia","description":"Compra mi patr\u00f3n de ganchillo \"Lola, Edici\u00f3n Primera Comuni\u00f3n\" aqu\u00ed. El patr\u00f3n de ganchillo tambi\u00e9n est\u00e1 disponible en Etsy, Haked y Ravelry.","robots":{"index":"index","follow":"follow","max-snippet":"max-snippet:-1","max-image-preview":"max-image-preview:large","max-video-preview":"max-video-preview:-1"},"canonical":"https:\/\/craftygenesindonesia.com\/es\/shop\/munecas-infantiles\/lola-edicion-primera-comunion\/","og_locale":"es_ES","og_type":"article","og_title":"Patr\u00f3n de ganchillo \"Lola, Edici\u00f3n Primera Comuni\u00f3n\"","og_description":"Compra mi patr\u00f3n de ganchillo \"Lola, Edici\u00f3n Primera Comuni\u00f3n\" aqu\u00ed. El patr\u00f3n de ganchillo tambi\u00e9n est\u00e1 disponible en Etsy, Haked y Ravelry.","og_url":"https:\/\/craftygenesindonesia.com\/es\/shop\/munecas-infantiles\/lola-edicion-primera-comunion\/","og_site_name":"Craftygenesindonesia","article_modified_time":"2025-11-13T22:18:26+00:00","og_image":[{"width":1080,"height":1080,"url":"https:\/\/craftygenesindonesia.com\/wp-content\/uploads\/2023\/03\/Lola-First-Communion-2.jpg","type":"image\/jpeg"}],"twitter_card":"summary_large_image","twitter_title":"Lola, Edici\u00f3n Primera Comuni\u00f3n","twitter_description":"Pide mi patr\u00f3n de ganchillo \"Lola, Edici\u00f3n Primera Comuni\u00f3n\" en holand\u00e9s e ingl\u00e9s aqu\u00ed. Aqu\u00ed tambi\u00e9n encontrar\u00e1s enlaces al patr\u00f3n en Etsy, Haked y Ravelry.","twitter_image":"https:\/\/craftygenesindonesia.com\/wp-content\/uploads\/2023\/03\/image0-56-1024x1024.jpeg","twitter_misc":{"Tiempo de lectura":"1 minuto"},"schema":{"@context":"https:\/\/schema.org","@graph":[{"@type":"WebPage","@id":"https:\/\/craftygenesindonesia.com\/es\/shop\/munecas-infantiles\/lola-edicion-primera-comunion\/","url":"https:\/\/craftygenesindonesia.com\/es\/shop\/munecas-infantiles\/lola-edicion-primera-comunion\/","name":"Lola, Edici\u00f3n Primera Comuni\u00f3n patr\u00f3n de ganchillo - Craftygenesindonesia","isPartOf":{"@id":"https:\/\/craftygenesindonesia.com\/es\/#website"},"primaryImageOfPage":{"@id":"https:\/\/craftygenesindonesia.com\/es\/shop\/munecas-infantiles\/lola-edicion-primera-comunion\/#primaryimage"},"image":{"@id":"https:\/\/craftygenesindonesia.com\/es\/shop\/munecas-infantiles\/lola-edicion-primera-comunion\/#primaryimage"},"thumbnailUrl":"https:\/\/craftygenesindonesia.com\/wp-content\/uploads\/2023\/03\/Lola-First-Communion-2.jpg","datePublished":"2023-02-28T23:19:56+00:00","dateModified":"2025-11-13T22:18:26+00:00","description":"Compra mi patr\u00f3n de ganchillo \"Lola, Edici\u00f3n Primera Comuni\u00f3n\" aqu\u00ed. El patr\u00f3n de ganchillo tambi\u00e9n est\u00e1 disponible en Etsy, Haked y Ravelry.","breadcrumb":{"@id":"https:\/\/craftygenesindonesia.com\/es\/shop\/munecas-infantiles\/lola-edicion-primera-comunion\/#breadcrumb"},"inLanguage":"es","potentialAction":[{"@type":"ReadAction","target":["https:\/\/craftygenesindonesia.com\/es\/shop\/munecas-infantiles\/lola-edicion-primera-comunion\/"]}]},{"@type":"ImageObject","inLanguage":"es","@id":"https:\/\/craftygenesindonesia.com\/es\/shop\/munecas-infantiles\/lola-edicion-primera-comunion\/#primaryimage","url":"https:\/\/craftygenesindonesia.com\/wp-content\/uploads\/2023\/03\/Lola-First-Communion-2.jpg","contentUrl":"https:\/\/craftygenesindonesia.com\/wp-content\/uploads\/2023\/03\/Lola-First-Communion-2.jpg","width":1080,"height":1080,"caption":"crochet First Communion girl doll with crochet First Communion candle"},{"@type":"BreadcrumbList","@id":"https:\/\/craftygenesindonesia.com\/es\/shop\/munecas-infantiles\/lola-edicion-primera-comunion\/#breadcrumb","itemListElement":[{"@type":"ListItem","position":1,"name":"Home","item":"https:\/\/craftygenesindonesia.com\/es\/"},{"@type":"ListItem","position":2,"name":"Tienda de patrones","item":"https:\/\/craftygenesindonesia.com\/es\/tienda-de-patrones\/"},{"@type":"ListItem","position":3,"name":"Lola, Edici\u00f3n Primera Comuni\u00f3n"}]},{"@type":"WebSite","@id":"https:\/\/craftygenesindonesia.com\/es\/#website","url":"https:\/\/craftygenesindonesia.com\/es\/","name":"Craftygenesindonesia","description":"","publisher":{"@id":"https:\/\/craftygenesindonesia.com\/es\/#organization"},"potentialAction":[{"@type":"SearchAction","target":{"@type":"EntryPoint","urlTemplate":"https:\/\/craftygenesindonesia.com\/es\/?s={search_term_string}"},"query-input":{"@type":"PropertyValueSpecification","valueRequired":true,"valueName":"search_term_string"}}],"inLanguage":"es"},{"@type":"Organization","@id":"https:\/\/craftygenesindonesia.com\/es\/#organization","name":"Craftygenesindonesia","url":"https:\/\/craftygenesindonesia.com\/es\/","logo":{"@type":"ImageObject","inLanguage":"es","@id":"https:\/\/craftygenesindonesia.com\/es\/#\/schema\/logo\/image\/","url":"https:\/\/craftygenesindonesia.com\/wp-content\/uploads\/2025\/11\/cropped-Copy-of-Craftygenesindonesia.jpg","contentUrl":"https:\/\/craftygenesindonesia.com\/wp-content\/uploads\/2025\/11\/cropped-Copy-of-Craftygenesindonesia.jpg","width":180,"height":60,"caption":"Craftygenesindonesia"},"image":{"@id":"https:\/\/craftygenesindonesia.com\/es\/#\/schema\/logo\/image\/"}}]}},"_links":{"self":[{"href":"https:\/\/craftygenesindonesia.com\/es\/wp-json\/wp\/v2\/product\/17471","targetHints":{"allow":["GET"]}}],"collection":[{"href":"https:\/\/craftygenesindonesia.com\/es\/wp-json\/wp\/v2\/product"}],"about":[{"href":"https:\/\/craftygenesindonesia.com\/es\/wp-json\/wp\/v2\/types\/product"}],"replies":[{"embeddable":true,"href":"https:\/\/craftygenesindonesia.com\/es\/wp-json\/wp\/v2\/comments?post=17471"}],"wp:featuredmedia":[{"embeddable":true,"href":"https:\/\/craftygenesindonesia.com\/es\/wp-json\/wp\/v2\/media\/987526554"}],"wp:attachment":[{"href":"https:\/\/craftygenesindonesia.com\/es\/wp-json\/wp\/v2\/media?parent=17471"}],"wp:term":[{"taxonomy":"product_brand","embeddable":true,"href":"https:\/\/craftygenesindonesia.com\/es\/wp-json\/wp\/v2\/product_brand?post=17471"},{"taxonomy":"product_cat","embeddable":true,"href":"https:\/\/craftygenesindonesia.com\/es\/wp-json\/wp\/v2\/product_cat?post=17471"},{"taxonomy":"product_tag","embeddable":true,"href":"https:\/\/craftygenesindonesia.com\/es\/wp-json\/wp\/v2\/product_tag?post=17471"}],"curies":[{"name":"wp","href":"https:\/\/api.w.org\/{rel}","templated":true}]}}