{"id":17468,"date":"2023-03-10T05:32:41","date_gmt":"2023-03-09T21:32:41","guid":{"rendered":"https:\/\/craftygenesindonesia.com\/?post_type=product&#038;p=17468"},"modified":"2025-11-14T06:17:08","modified_gmt":"2025-11-13T22:17:08","slug":"muneca-mona","status":"publish","type":"product","link":"https:\/\/craftygenesindonesia.com\/es\/shop\/munecas-infantiles\/muneca-mona\/","title":{"rendered":"Mu\u00f1eca Mona"},"content":{"rendered":"<p>Mona mide 18,5 cm y el marcador 12,5 cm. Ambos est\u00e1n hechos con hilo ligero (3) apto para amigurumi y una aguja de ganchillo de 2 mm.<\/p>\n<p>&nbsp;<\/p>\n<p>Necesitar\u00e1s estos colores<\/p>\n<p>Marr\u00f3n<br \/>\nNegro<br \/>\nRosa<br \/>\nRosa claro (sobrante)<br \/>\nAzul claro<br \/>\nAzul<br \/>\nAzul oscuro<br \/>\nAzul marino (sobrante)<br \/>\nBlanco<br \/>\nAmarillo (sobrante)<br \/>\nRojo (sobrante)<br \/>\nRojo oscuro (sobrante)<br \/>\nNaranja (sobrante)<br \/>\nTambi\u00e9n necesitar\u00e1s: relleno &#8211; marcadores de puntos &#8211; aguja de zurcir &#8211; tijeras &#8211; cartulina &#8211; l\u00e1piz &#8211; 2 anillas de 30 mm de di\u00e1metro &#8211; sacacorchos<\/p>\n<p>&nbsp;<\/p>\n<p>Aguja de ganchillo: 2 mm<\/p>\n<p>&nbsp;<\/p>\n<p>Este patr\u00f3n de ganchillo, disponible en neerland\u00e9s e ingl\u00e9s, incluye muchas fotos para ayudarte. Si tienes alguna pregunta, no dudes en enviarme un correo electr\u00f3nico a: craftygenesindonesia@gmail.com<\/p>\n<p>&nbsp;<\/p>\n<p>\u00a1Este patr\u00f3n es un patr\u00f3n de COMPRA y tiene un COPYRIGHT en \u00e9l! As\u00ed que el patr\u00f3n es s\u00f3lo para uso personal y NO puede ser copiado, vendido, revendido, traducido, dejado atr\u00e1s, reclamado como su dise\u00f1o, distribuido, compartido, publicado, publicado en l\u00ednea &#8230; en cualquier forma sin mi permiso. \u00a1\u00a1\u00a1Ni siquiera una parte!!!<\/p>\n<p>&nbsp;<\/p>\n<p>Puedes vender el mu\u00f1eco TERMINADO en peque\u00f1as cantidades, PERO NO EL PATR\u00d3N EN S\u00cd. Por favor, menciona que el patr\u00f3n es de Craftygenesindonesia y d\u00f3nde est\u00e1 a la venta<\/p>\n","protected":false},"excerpt":{"rendered":"<p>Este es un patr\u00f3n de ganchillo f\u00e1cil de seguir para una linda ni\u00f1a y su marcador. Es un regalo perfecto para una ni\u00f1a.<\/p>\n<p>**Traducci\u00f3n al espa\u00f1ol en breve<\/p>\n","protected":false},"featured_media":339194,"comment_status":"open","ping_status":"closed","template":"","meta":{"_acf_changed":false},"product_brand":[],"product_cat":[3063],"product_tag":[10970,12716],"class_list":{"0":"post-17468","1":"product","2":"type-product","3":"status-publish","4":"has-post-thumbnail","6":"product_cat-munecas-infantiles","7":"product_tag-cartoon-es","8":"product_tag-meisje-es","9":"pa_available_on-craftygenesindonesia","10":"pa_languages-estados-unidos-ingles","11":"pa_languages-holandes","13":"first","14":"instock","15":"downloadable","16":"virtual","17":"purchasable","18":"product-type-simple"},"acf":[],"yoast_head":"<!-- This site is optimized with the Yoast SEO plugin v27.3 - https:\/\/yoast.com\/product\/yoast-seo-wordpress\/ -->\n<title>Mu\u00f1eca Mona patr\u00f3n de ganchillo - Craftygenesindonesia<\/title>\n<meta name=\"description\" content=\"Pide mi patr\u00f3n de ganchillo &quot;Mona&quot; en holand\u00e9s e ingl\u00e9s aqu\u00ed. Es un patr\u00f3n de ganchillo f\u00e1cil de seguir con im\u00e1genes para ayudarte.\" \/>\n<meta name=\"robots\" content=\"index, follow, max-snippet:-1, max-image-preview:large, max-video-preview:-1\" \/>\n<link rel=\"canonical\" href=\"https:\/\/craftygenesindonesia.com\/es\/shop\/munecas-infantiles\/muneca-mona\/\" \/>\n<meta property=\"og:locale\" content=\"es_ES\" \/>\n<meta property=\"og:type\" content=\"article\" \/>\n<meta property=\"og:title\" content=\"Mu\u00f1eca Mona\" \/>\n<meta property=\"og:description\" content=\"Pide mi patr\u00f3n de ganchillo &quot;Mona&quot; en holand\u00e9s e ingl\u00e9s aqu\u00ed. Es un patr\u00f3n de ganchillo f\u00e1cil de seguir con im\u00e1genes para ayudarte.\" \/>\n<meta property=\"og:url\" content=\"https:\/\/craftygenesindonesia.com\/es\/shop\/munecas-infantiles\/muneca-mona\/\" \/>\n<meta property=\"og:site_name\" content=\"Craftygenesindonesia\" \/>\n<meta property=\"article:modified_time\" content=\"2025-11-13T22:17:08+00:00\" \/>\n<meta property=\"og:image\" content=\"https:\/\/craftygenesindonesia.com\/wp-content\/uploads\/2023\/03\/image0_medium2-300x300.webp\" \/>\n<meta name=\"twitter:card\" content=\"summary_large_image\" \/>\n<meta name=\"twitter:title\" content=\"Mu\u00f1eca Mona\" \/>\n<meta name=\"twitter:description\" content=\"Pide mi patr\u00f3n de ganchillo &quot;Mona&quot; en holand\u00e9s e ingl\u00e9s aqu\u00ed. Es un patr\u00f3n de ganchillo f\u00e1cil de seguir con im\u00e1genes para ayudarte.\" \/>\n<meta name=\"twitter:image\" content=\"https:\/\/craftygenesindonesia.com\/wp-content\/uploads\/2023\/03\/image0_medium2.webp\" \/>\n<meta name=\"twitter:label1\" content=\"Tiempo de lectura\" \/>\n\t<meta name=\"twitter:data1\" content=\"2 minutos\" \/>\n<script type=\"application\/ld+json\" class=\"yoast-schema-graph\">{\"@context\":\"https:\\\/\\\/schema.org\",\"@graph\":[{\"@type\":\"WebPage\",\"@id\":\"https:\\\/\\\/craftygenesindonesia.com\\\/es\\\/shop\\\/munecas-infantiles\\\/muneca-mona\\\/\",\"url\":\"https:\\\/\\\/craftygenesindonesia.com\\\/es\\\/shop\\\/munecas-infantiles\\\/muneca-mona\\\/\",\"name\":\"Mu\u00f1eca Mona patr\u00f3n de ganchillo - Craftygenesindonesia\",\"isPartOf\":{\"@id\":\"https:\\\/\\\/craftygenesindonesia.com\\\/es\\\/#website\"},\"primaryImageOfPage\":{\"@id\":\"https:\\\/\\\/craftygenesindonesia.com\\\/es\\\/shop\\\/munecas-infantiles\\\/muneca-mona\\\/#primaryimage\"},\"image\":{\"@id\":\"https:\\\/\\\/craftygenesindonesia.com\\\/es\\\/shop\\\/munecas-infantiles\\\/muneca-mona\\\/#primaryimage\"},\"thumbnailUrl\":\"https:\\\/\\\/craftygenesindonesia.com\\\/wp-content\\\/uploads\\\/2023\\\/03\\\/Untitled-design-2023-08-17T082324.661.jpg\",\"datePublished\":\"2023-03-09T21:32:41+00:00\",\"dateModified\":\"2025-11-13T22:17:08+00:00\",\"description\":\"Pide mi patr\u00f3n de ganchillo \\\"Mona\\\" en holand\u00e9s e ingl\u00e9s aqu\u00ed. Es un patr\u00f3n de ganchillo f\u00e1cil de seguir con im\u00e1genes para ayudarte.\",\"breadcrumb\":{\"@id\":\"https:\\\/\\\/craftygenesindonesia.com\\\/es\\\/shop\\\/munecas-infantiles\\\/muneca-mona\\\/#breadcrumb\"},\"inLanguage\":\"es\",\"potentialAction\":[{\"@type\":\"ReadAction\",\"target\":[\"https:\\\/\\\/craftygenesindonesia.com\\\/es\\\/shop\\\/munecas-infantiles\\\/muneca-mona\\\/\"]}]},{\"@type\":\"ImageObject\",\"inLanguage\":\"es\",\"@id\":\"https:\\\/\\\/craftygenesindonesia.com\\\/es\\\/shop\\\/munecas-infantiles\\\/muneca-mona\\\/#primaryimage\",\"url\":\"https:\\\/\\\/craftygenesindonesia.com\\\/wp-content\\\/uploads\\\/2023\\\/03\\\/Untitled-design-2023-08-17T082324.661.jpg\",\"contentUrl\":\"https:\\\/\\\/craftygenesindonesia.com\\\/wp-content\\\/uploads\\\/2023\\\/03\\\/Untitled-design-2023-08-17T082324.661.jpg\",\"width\":1024,\"height\":1024,\"caption\":\"Mona\"},{\"@type\":\"BreadcrumbList\",\"@id\":\"https:\\\/\\\/craftygenesindonesia.com\\\/es\\\/shop\\\/munecas-infantiles\\\/muneca-mona\\\/#breadcrumb\",\"itemListElement\":[{\"@type\":\"ListItem\",\"position\":1,\"name\":\"Home\",\"item\":\"https:\\\/\\\/craftygenesindonesia.com\\\/es\\\/\"},{\"@type\":\"ListItem\",\"position\":2,\"name\":\"Tienda de patrones\",\"item\":\"https:\\\/\\\/craftygenesindonesia.com\\\/es\\\/tienda-de-patrones\\\/\"},{\"@type\":\"ListItem\",\"position\":3,\"name\":\"Mu\u00f1eca Mona\"}]},{\"@type\":\"WebSite\",\"@id\":\"https:\\\/\\\/craftygenesindonesia.com\\\/es\\\/#website\",\"url\":\"https:\\\/\\\/craftygenesindonesia.com\\\/es\\\/\",\"name\":\"Craftygenesindonesia\",\"description\":\"\",\"publisher\":{\"@id\":\"https:\\\/\\\/craftygenesindonesia.com\\\/es\\\/#organization\"},\"potentialAction\":[{\"@type\":\"SearchAction\",\"target\":{\"@type\":\"EntryPoint\",\"urlTemplate\":\"https:\\\/\\\/craftygenesindonesia.com\\\/es\\\/?s={search_term_string}\"},\"query-input\":{\"@type\":\"PropertyValueSpecification\",\"valueRequired\":true,\"valueName\":\"search_term_string\"}}],\"inLanguage\":\"es\"},{\"@type\":\"Organization\",\"@id\":\"https:\\\/\\\/craftygenesindonesia.com\\\/es\\\/#organization\",\"name\":\"Craftygenesindonesia\",\"url\":\"https:\\\/\\\/craftygenesindonesia.com\\\/es\\\/\",\"logo\":{\"@type\":\"ImageObject\",\"inLanguage\":\"es\",\"@id\":\"https:\\\/\\\/craftygenesindonesia.com\\\/es\\\/#\\\/schema\\\/logo\\\/image\\\/\",\"url\":\"https:\\\/\\\/craftygenesindonesia.com\\\/wp-content\\\/uploads\\\/2025\\\/11\\\/cropped-Copy-of-Craftygenesindonesia.jpg\",\"contentUrl\":\"https:\\\/\\\/craftygenesindonesia.com\\\/wp-content\\\/uploads\\\/2025\\\/11\\\/cropped-Copy-of-Craftygenesindonesia.jpg\",\"width\":180,\"height\":60,\"caption\":\"Craftygenesindonesia\"},\"image\":{\"@id\":\"https:\\\/\\\/craftygenesindonesia.com\\\/es\\\/#\\\/schema\\\/logo\\\/image\\\/\"}}]}<\/script>\n<!-- \/ Yoast SEO plugin. -->","yoast_head_json":{"title":"Mu\u00f1eca Mona patr\u00f3n de ganchillo - Craftygenesindonesia","description":"Pide mi patr\u00f3n de ganchillo \"Mona\" en holand\u00e9s e ingl\u00e9s aqu\u00ed. Es un patr\u00f3n de ganchillo f\u00e1cil de seguir con im\u00e1genes para ayudarte.","robots":{"index":"index","follow":"follow","max-snippet":"max-snippet:-1","max-image-preview":"max-image-preview:large","max-video-preview":"max-video-preview:-1"},"canonical":"https:\/\/craftygenesindonesia.com\/es\/shop\/munecas-infantiles\/muneca-mona\/","og_locale":"es_ES","og_type":"article","og_title":"Mu\u00f1eca Mona","og_description":"Pide mi patr\u00f3n de ganchillo \"Mona\" en holand\u00e9s e ingl\u00e9s aqu\u00ed. Es un patr\u00f3n de ganchillo f\u00e1cil de seguir con im\u00e1genes para ayudarte.","og_url":"https:\/\/craftygenesindonesia.com\/es\/shop\/munecas-infantiles\/muneca-mona\/","og_site_name":"Craftygenesindonesia","article_modified_time":"2025-11-13T22:17:08+00:00","og_image":[{"url":"https:\/\/craftygenesindonesia.com\/wp-content\/uploads\/2023\/03\/image0_medium2-300x300.webp","type":"","width":"","height":""}],"twitter_card":"summary_large_image","twitter_title":"Mu\u00f1eca Mona","twitter_description":"Pide mi patr\u00f3n de ganchillo \"Mona\" en holand\u00e9s e ingl\u00e9s aqu\u00ed. Es un patr\u00f3n de ganchillo f\u00e1cil de seguir con im\u00e1genes para ayudarte.","twitter_image":"https:\/\/craftygenesindonesia.com\/wp-content\/uploads\/2023\/03\/image0_medium2.webp","twitter_misc":{"Tiempo de lectura":"2 minutos"},"schema":{"@context":"https:\/\/schema.org","@graph":[{"@type":"WebPage","@id":"https:\/\/craftygenesindonesia.com\/es\/shop\/munecas-infantiles\/muneca-mona\/","url":"https:\/\/craftygenesindonesia.com\/es\/shop\/munecas-infantiles\/muneca-mona\/","name":"Mu\u00f1eca Mona patr\u00f3n de ganchillo - Craftygenesindonesia","isPartOf":{"@id":"https:\/\/craftygenesindonesia.com\/es\/#website"},"primaryImageOfPage":{"@id":"https:\/\/craftygenesindonesia.com\/es\/shop\/munecas-infantiles\/muneca-mona\/#primaryimage"},"image":{"@id":"https:\/\/craftygenesindonesia.com\/es\/shop\/munecas-infantiles\/muneca-mona\/#primaryimage"},"thumbnailUrl":"https:\/\/craftygenesindonesia.com\/wp-content\/uploads\/2023\/03\/Untitled-design-2023-08-17T082324.661.jpg","datePublished":"2023-03-09T21:32:41+00:00","dateModified":"2025-11-13T22:17:08+00:00","description":"Pide mi patr\u00f3n de ganchillo \"Mona\" en holand\u00e9s e ingl\u00e9s aqu\u00ed. Es un patr\u00f3n de ganchillo f\u00e1cil de seguir con im\u00e1genes para ayudarte.","breadcrumb":{"@id":"https:\/\/craftygenesindonesia.com\/es\/shop\/munecas-infantiles\/muneca-mona\/#breadcrumb"},"inLanguage":"es","potentialAction":[{"@type":"ReadAction","target":["https:\/\/craftygenesindonesia.com\/es\/shop\/munecas-infantiles\/muneca-mona\/"]}]},{"@type":"ImageObject","inLanguage":"es","@id":"https:\/\/craftygenesindonesia.com\/es\/shop\/munecas-infantiles\/muneca-mona\/#primaryimage","url":"https:\/\/craftygenesindonesia.com\/wp-content\/uploads\/2023\/03\/Untitled-design-2023-08-17T082324.661.jpg","contentUrl":"https:\/\/craftygenesindonesia.com\/wp-content\/uploads\/2023\/03\/Untitled-design-2023-08-17T082324.661.jpg","width":1024,"height":1024,"caption":"Mona"},{"@type":"BreadcrumbList","@id":"https:\/\/craftygenesindonesia.com\/es\/shop\/munecas-infantiles\/muneca-mona\/#breadcrumb","itemListElement":[{"@type":"ListItem","position":1,"name":"Home","item":"https:\/\/craftygenesindonesia.com\/es\/"},{"@type":"ListItem","position":2,"name":"Tienda de patrones","item":"https:\/\/craftygenesindonesia.com\/es\/tienda-de-patrones\/"},{"@type":"ListItem","position":3,"name":"Mu\u00f1eca Mona"}]},{"@type":"WebSite","@id":"https:\/\/craftygenesindonesia.com\/es\/#website","url":"https:\/\/craftygenesindonesia.com\/es\/","name":"Craftygenesindonesia","description":"","publisher":{"@id":"https:\/\/craftygenesindonesia.com\/es\/#organization"},"potentialAction":[{"@type":"SearchAction","target":{"@type":"EntryPoint","urlTemplate":"https:\/\/craftygenesindonesia.com\/es\/?s={search_term_string}"},"query-input":{"@type":"PropertyValueSpecification","valueRequired":true,"valueName":"search_term_string"}}],"inLanguage":"es"},{"@type":"Organization","@id":"https:\/\/craftygenesindonesia.com\/es\/#organization","name":"Craftygenesindonesia","url":"https:\/\/craftygenesindonesia.com\/es\/","logo":{"@type":"ImageObject","inLanguage":"es","@id":"https:\/\/craftygenesindonesia.com\/es\/#\/schema\/logo\/image\/","url":"https:\/\/craftygenesindonesia.com\/wp-content\/uploads\/2025\/11\/cropped-Copy-of-Craftygenesindonesia.jpg","contentUrl":"https:\/\/craftygenesindonesia.com\/wp-content\/uploads\/2025\/11\/cropped-Copy-of-Craftygenesindonesia.jpg","width":180,"height":60,"caption":"Craftygenesindonesia"},"image":{"@id":"https:\/\/craftygenesindonesia.com\/es\/#\/schema\/logo\/image\/"}}]}},"_links":{"self":[{"href":"https:\/\/craftygenesindonesia.com\/es\/wp-json\/wp\/v2\/product\/17468","targetHints":{"allow":["GET"]}}],"collection":[{"href":"https:\/\/craftygenesindonesia.com\/es\/wp-json\/wp\/v2\/product"}],"about":[{"href":"https:\/\/craftygenesindonesia.com\/es\/wp-json\/wp\/v2\/types\/product"}],"replies":[{"embeddable":true,"href":"https:\/\/craftygenesindonesia.com\/es\/wp-json\/wp\/v2\/comments?post=17468"}],"wp:featuredmedia":[{"embeddable":true,"href":"https:\/\/craftygenesindonesia.com\/es\/wp-json\/wp\/v2\/media\/339194"}],"wp:attachment":[{"href":"https:\/\/craftygenesindonesia.com\/es\/wp-json\/wp\/v2\/media?parent=17468"}],"wp:term":[{"taxonomy":"product_brand","embeddable":true,"href":"https:\/\/craftygenesindonesia.com\/es\/wp-json\/wp\/v2\/product_brand?post=17468"},{"taxonomy":"product_cat","embeddable":true,"href":"https:\/\/craftygenesindonesia.com\/es\/wp-json\/wp\/v2\/product_cat?post=17468"},{"taxonomy":"product_tag","embeddable":true,"href":"https:\/\/craftygenesindonesia.com\/es\/wp-json\/wp\/v2\/product_tag?post=17468"}],"curies":[{"name":"wp","href":"https:\/\/api.w.org\/{rel}","templated":true}]}}