{"id":17463,"date":"2023-03-29T05:31:33","date_gmt":"2023-03-28T21:31:33","guid":{"rendered":"https:\/\/craftygenesindonesia.com\/?post_type=product&#038;p=17463"},"modified":"2025-11-14T06:03:05","modified_gmt":"2025-11-13T22:03:05","slug":"lola-payaso-editie","status":"publish","type":"product","link":"https:\/\/craftygenesindonesia.com\/es\/shop\/munecas-infantiles\/lola-payaso-editie\/","title":{"rendered":"Lola, payaso Edici\u00f3n"},"content":{"rendered":"<p><strong>Lola, Edici\u00f3n Payaso<\/strong><\/p>\n<p>Tipo de archivo: patr\u00f3n de ganchillo &#8211; descarga digital, no es un art\u00edculo f\u00edsico.<br \/>\n<strong>Idiomas disponibles: ingl\u00e9s, neerland\u00e9s, franc\u00e9s, espa\u00f1ol y alem\u00e1n.<\/strong><\/p>\n<p>Tama\u00f1o del art\u00edculo terminado: 35 cm \/ 13,8 pulgadas de alto.<\/p>\n<p>Tipo de hilo: hilo de grosor \u00abfingering\u00bb = tama\u00f1o 3.<br \/>\nMarcas recomendadas: Catona de Scheepjes, Durable Coral.<br \/>\nColores de hilo necesarios: azul claro, rosa claro, morado claro, amarillo claro, verde menta, color piel, blanco.<\/p>\n<p>Aguja de ganchillo: 2 mm.<\/p>\n<p>Otros materiales necesarios: relleno, marcadores de puntos, aguja de tapiz, tijeras, pegamento, pistola de pegamento, ojos de seguridad.<\/p>\n<p><strong>Informaci\u00f3n sobre derechos de autor y ayuda:<\/strong><br \/>\nEste patr\u00f3n es un patr\u00f3n escrito (digital) con muchas im\u00e1genes para ayudarte. Si tienes alguna pregunta sobre el patr\u00f3n, env\u00edame un correo electr\u00f3nico a craftygenesindonesia@gmail.com.<\/p>\n<p><strong>Este patr\u00f3n digital de ganchillo es solo para uso personal y tiene derechos de autor. Por lo tanto, no puedes copiarlo, venderlo, revenderlo, traducirlo, reclamarlo como tu propio dise\u00f1o, distribuirlo, compartirlo, publicarlo, solo publicarlo&#8230; de ninguna manera ni forma sin mi permiso. \u00a1Ni siquiera una parte!<\/strong><\/p>\n<p><strong>Se permite vender el producto o art\u00edculo terminado, en peque\u00f1as cantidades, pero no se permite vender el patr\u00f3n de ganchillo en s\u00ed. Mencione que el patr\u00f3n de ganchillo es m\u00edo, Craftygenesindonesia, y d\u00f3nde se puede comprar.<\/strong><\/p>\n","protected":false},"excerpt":{"rendered":"<p>El patr\u00f3n de ganchillo para este bonito payaso en tonos pastel es un regalo perfecto para un ni\u00f1o.\u00a0 O para quien le guste tejer payasos a ganchillo.<\/p>\n<p>Esta Lola forma parte de mi serie Lola.\u00a0 Haz clic <a href=\"https:\/\/craftygenesindonesia.com\/es\/categor%C3%ADa-producto\/munecas-lola\/\" target=\"_blank\" rel=\"noopener\"><strong>aqu\u00ed<\/strong> <\/a>para ver toda la serie.<\/p>\n","protected":false},"featured_media":987530878,"comment_status":"open","ping_status":"closed","template":"","meta":{"_acf_changed":false},"product_brand":[],"product_cat":[3063,3065],"product_tag":[11421,11051,11284,11022],"class_list":{"0":"post-17463","1":"product","2":"type-product","3":"status-publish","4":"has-post-thumbnail","6":"product_cat-munecas-infantiles","7":"product_cat-munecas-lola","8":"product_tag-colores-pastel-es","9":"product_tag-muneca-de-ganchillo","10":"product_tag-munecas-infantiles","11":"product_tag-payaso-es","12":"pa_available_on-craftygenesindonesia","13":"pa_available_on-etsy","14":"pa_available_on-haked-nl","15":"pa_available_on-payhip","16":"pa_available_on-ravelry","17":"pa_languages-aleman","18":"pa_languages-espanol","19":"pa_languages-estados-unidos-ingles","20":"pa_languages-frances","21":"pa_languages-holandes","23":"first","24":"instock","25":"downloadable","26":"virtual","27":"purchasable","28":"product-type-simple"},"acf":[],"yoast_head":"<!-- This site is optimized with the Yoast SEO plugin v27.5 - https:\/\/yoast.com\/product\/yoast-seo-wordpress\/ -->\n<title>Lola, payaso Edici\u00f3n patr\u00f3n de ganchillo - Craftygenesindonesia<\/title>\n<meta name=\"description\" content=\"Compra aqu\u00ed mi patr\u00f3n de ganchillo Lola, edici\u00f3n payaso. El patr\u00f3n de ganchillo tambi\u00e9n est\u00e1 disponible en Etsy, Haked.nl, Ravelry y Payhip.\" \/>\n<meta name=\"robots\" content=\"index, follow, max-snippet:-1, max-image-preview:large, max-video-preview:-1\" \/>\n<link rel=\"canonical\" href=\"https:\/\/craftygenesindonesia.com\/es\/shop\/munecas-infantiles\/lola-payaso-editie\/\" \/>\n<meta property=\"og:locale\" content=\"es_ES\" \/>\n<meta property=\"og:type\" content=\"article\" \/>\n<meta property=\"og:title\" content=\"Patr\u00f3n de ganchillo &quot;Lola, edici\u00f3n payaso&quot;\" \/>\n<meta property=\"og:description\" content=\"Compra aqu\u00ed mi patr\u00f3n de ganchillo Lola, edici\u00f3n payaso. El patr\u00f3n de ganchillo tambi\u00e9n est\u00e1 disponible en Etsy, Haked.nl, Ravelry y Payhip.\" \/>\n<meta property=\"og:url\" content=\"https:\/\/craftygenesindonesia.com\/es\/shop\/munecas-infantiles\/lola-payaso-editie\/\" \/>\n<meta property=\"og:site_name\" content=\"Craftygenesindonesia\" \/>\n<meta property=\"article:modified_time\" content=\"2025-11-13T22:03:05+00:00\" \/>\n<meta property=\"og:image\" content=\"https:\/\/craftygenesindonesia.com\/wp-content\/uploads\/2023\/03\/Lola-Clown-2.jpg\" \/>\n\t<meta property=\"og:image:width\" content=\"1080\" \/>\n\t<meta property=\"og:image:height\" content=\"1080\" \/>\n\t<meta property=\"og:image:type\" content=\"image\/jpeg\" \/>\n<meta name=\"twitter:card\" content=\"summary_large_image\" \/>\n<meta name=\"twitter:title\" content=\"Lola, payaso Editie\" \/>\n<meta name=\"twitter:description\" content=\"Pide mi patr\u00f3n de ganchillo &quot;Lola, Clown Edition&quot; en holand\u00e9s e ingl\u00e9s aqu\u00ed. Aqu\u00ed tambi\u00e9n puedes encontrar enlaces al patr\u00f3n en Etsy, Haked y Ravelry.\" \/>\n<meta name=\"twitter:image\" content=\"https:\/\/craftygenesindonesia.com\/wp-content\/uploads\/2023\/03\/Lola-Clown-with-Flags-1-1024x1024.png\" \/>\n<meta name=\"twitter:label1\" content=\"Tiempo de lectura\" \/>\n\t<meta name=\"twitter:data1\" content=\"2 minutos\" \/>\n<script type=\"application\/ld+json\" class=\"yoast-schema-graph\">{\"@context\":\"https:\\\/\\\/schema.org\",\"@graph\":[{\"@type\":\"WebPage\",\"@id\":\"https:\\\/\\\/craftygenesindonesia.com\\\/es\\\/shop\\\/munecas-infantiles\\\/lola-payaso-editie\\\/\",\"url\":\"https:\\\/\\\/craftygenesindonesia.com\\\/es\\\/shop\\\/munecas-infantiles\\\/lola-payaso-editie\\\/\",\"name\":\"Lola, payaso Edici\u00f3n patr\u00f3n de ganchillo - Craftygenesindonesia\",\"isPartOf\":{\"@id\":\"https:\\\/\\\/craftygenesindonesia.com\\\/es\\\/#website\"},\"primaryImageOfPage\":{\"@id\":\"https:\\\/\\\/craftygenesindonesia.com\\\/es\\\/shop\\\/munecas-infantiles\\\/lola-payaso-editie\\\/#primaryimage\"},\"image\":{\"@id\":\"https:\\\/\\\/craftygenesindonesia.com\\\/es\\\/shop\\\/munecas-infantiles\\\/lola-payaso-editie\\\/#primaryimage\"},\"thumbnailUrl\":\"https:\\\/\\\/craftygenesindonesia.com\\\/wp-content\\\/uploads\\\/2023\\\/03\\\/Lola-Clown-2.jpg\",\"datePublished\":\"2023-03-28T21:31:33+00:00\",\"dateModified\":\"2025-11-13T22:03:05+00:00\",\"description\":\"Compra aqu\u00ed mi patr\u00f3n de ganchillo Lola, edici\u00f3n payaso. El patr\u00f3n de ganchillo tambi\u00e9n est\u00e1 disponible en Etsy, Haked.nl, Ravelry y Payhip.\",\"breadcrumb\":{\"@id\":\"https:\\\/\\\/craftygenesindonesia.com\\\/es\\\/shop\\\/munecas-infantiles\\\/lola-payaso-editie\\\/#breadcrumb\"},\"inLanguage\":\"es\",\"potentialAction\":[{\"@type\":\"ReadAction\",\"target\":[\"https:\\\/\\\/craftygenesindonesia.com\\\/es\\\/shop\\\/munecas-infantiles\\\/lola-payaso-editie\\\/\"]}]},{\"@type\":\"ImageObject\",\"inLanguage\":\"es\",\"@id\":\"https:\\\/\\\/craftygenesindonesia.com\\\/es\\\/shop\\\/munecas-infantiles\\\/lola-payaso-editie\\\/#primaryimage\",\"url\":\"https:\\\/\\\/craftygenesindonesia.com\\\/wp-content\\\/uploads\\\/2023\\\/03\\\/Lola-Clown-2.jpg\",\"contentUrl\":\"https:\\\/\\\/craftygenesindonesia.com\\\/wp-content\\\/uploads\\\/2023\\\/03\\\/Lola-Clown-2.jpg\",\"width\":1080,\"height\":1080,\"caption\":\"crochet pastel colored clown doll\"},{\"@type\":\"BreadcrumbList\",\"@id\":\"https:\\\/\\\/craftygenesindonesia.com\\\/es\\\/shop\\\/munecas-infantiles\\\/lola-payaso-editie\\\/#breadcrumb\",\"itemListElement\":[{\"@type\":\"ListItem\",\"position\":1,\"name\":\"Home\",\"item\":\"https:\\\/\\\/craftygenesindonesia.com\\\/es\\\/\"},{\"@type\":\"ListItem\",\"position\":2,\"name\":\"Tienda de patrones\",\"item\":\"https:\\\/\\\/craftygenesindonesia.com\\\/es\\\/tienda-de-patrones\\\/\"},{\"@type\":\"ListItem\",\"position\":3,\"name\":\"Lola, payaso Edici\u00f3n\"}]},{\"@type\":\"WebSite\",\"@id\":\"https:\\\/\\\/craftygenesindonesia.com\\\/es\\\/#website\",\"url\":\"https:\\\/\\\/craftygenesindonesia.com\\\/es\\\/\",\"name\":\"Craftygenesindonesia\",\"description\":\"\",\"publisher\":{\"@id\":\"https:\\\/\\\/craftygenesindonesia.com\\\/es\\\/#organization\"},\"potentialAction\":[{\"@type\":\"SearchAction\",\"target\":{\"@type\":\"EntryPoint\",\"urlTemplate\":\"https:\\\/\\\/craftygenesindonesia.com\\\/es\\\/?s={search_term_string}\"},\"query-input\":{\"@type\":\"PropertyValueSpecification\",\"valueRequired\":true,\"valueName\":\"search_term_string\"}}],\"inLanguage\":\"es\"},{\"@type\":\"Organization\",\"@id\":\"https:\\\/\\\/craftygenesindonesia.com\\\/es\\\/#organization\",\"name\":\"Craftygenesindonesia\",\"url\":\"https:\\\/\\\/craftygenesindonesia.com\\\/es\\\/\",\"logo\":{\"@type\":\"ImageObject\",\"inLanguage\":\"es\",\"@id\":\"https:\\\/\\\/craftygenesindonesia.com\\\/es\\\/#\\\/schema\\\/logo\\\/image\\\/\",\"url\":\"https:\\\/\\\/craftygenesindonesia.com\\\/wp-content\\\/uploads\\\/2025\\\/11\\\/cropped-Copy-of-Craftygenesindonesia.jpg\",\"contentUrl\":\"https:\\\/\\\/craftygenesindonesia.com\\\/wp-content\\\/uploads\\\/2025\\\/11\\\/cropped-Copy-of-Craftygenesindonesia.jpg\",\"width\":180,\"height\":60,\"caption\":\"Craftygenesindonesia\"},\"image\":{\"@id\":\"https:\\\/\\\/craftygenesindonesia.com\\\/es\\\/#\\\/schema\\\/logo\\\/image\\\/\"}}]}<\/script>\n<!-- \/ Yoast SEO plugin. -->","yoast_head_json":{"title":"Lola, payaso Edici\u00f3n patr\u00f3n de ganchillo - Craftygenesindonesia","description":"Compra aqu\u00ed mi patr\u00f3n de ganchillo Lola, edici\u00f3n payaso. El patr\u00f3n de ganchillo tambi\u00e9n est\u00e1 disponible en Etsy, Haked.nl, Ravelry y Payhip.","robots":{"index":"index","follow":"follow","max-snippet":"max-snippet:-1","max-image-preview":"max-image-preview:large","max-video-preview":"max-video-preview:-1"},"canonical":"https:\/\/craftygenesindonesia.com\/es\/shop\/munecas-infantiles\/lola-payaso-editie\/","og_locale":"es_ES","og_type":"article","og_title":"Patr\u00f3n de ganchillo \"Lola, edici\u00f3n payaso\"","og_description":"Compra aqu\u00ed mi patr\u00f3n de ganchillo Lola, edici\u00f3n payaso. El patr\u00f3n de ganchillo tambi\u00e9n est\u00e1 disponible en Etsy, Haked.nl, Ravelry y Payhip.","og_url":"https:\/\/craftygenesindonesia.com\/es\/shop\/munecas-infantiles\/lola-payaso-editie\/","og_site_name":"Craftygenesindonesia","article_modified_time":"2025-11-13T22:03:05+00:00","og_image":[{"width":1080,"height":1080,"url":"https:\/\/craftygenesindonesia.com\/wp-content\/uploads\/2023\/03\/Lola-Clown-2.jpg","type":"image\/jpeg"}],"twitter_card":"summary_large_image","twitter_title":"Lola, payaso Editie","twitter_description":"Pide mi patr\u00f3n de ganchillo \"Lola, Clown Edition\" en holand\u00e9s e ingl\u00e9s aqu\u00ed. Aqu\u00ed tambi\u00e9n puedes encontrar enlaces al patr\u00f3n en Etsy, Haked y Ravelry.","twitter_image":"https:\/\/craftygenesindonesia.com\/wp-content\/uploads\/2023\/03\/Lola-Clown-with-Flags-1-1024x1024.png","twitter_misc":{"Tiempo de lectura":"2 minutos"},"schema":{"@context":"https:\/\/schema.org","@graph":[{"@type":"WebPage","@id":"https:\/\/craftygenesindonesia.com\/es\/shop\/munecas-infantiles\/lola-payaso-editie\/","url":"https:\/\/craftygenesindonesia.com\/es\/shop\/munecas-infantiles\/lola-payaso-editie\/","name":"Lola, payaso Edici\u00f3n patr\u00f3n de ganchillo - Craftygenesindonesia","isPartOf":{"@id":"https:\/\/craftygenesindonesia.com\/es\/#website"},"primaryImageOfPage":{"@id":"https:\/\/craftygenesindonesia.com\/es\/shop\/munecas-infantiles\/lola-payaso-editie\/#primaryimage"},"image":{"@id":"https:\/\/craftygenesindonesia.com\/es\/shop\/munecas-infantiles\/lola-payaso-editie\/#primaryimage"},"thumbnailUrl":"https:\/\/craftygenesindonesia.com\/wp-content\/uploads\/2023\/03\/Lola-Clown-2.jpg","datePublished":"2023-03-28T21:31:33+00:00","dateModified":"2025-11-13T22:03:05+00:00","description":"Compra aqu\u00ed mi patr\u00f3n de ganchillo Lola, edici\u00f3n payaso. El patr\u00f3n de ganchillo tambi\u00e9n est\u00e1 disponible en Etsy, Haked.nl, Ravelry y Payhip.","breadcrumb":{"@id":"https:\/\/craftygenesindonesia.com\/es\/shop\/munecas-infantiles\/lola-payaso-editie\/#breadcrumb"},"inLanguage":"es","potentialAction":[{"@type":"ReadAction","target":["https:\/\/craftygenesindonesia.com\/es\/shop\/munecas-infantiles\/lola-payaso-editie\/"]}]},{"@type":"ImageObject","inLanguage":"es","@id":"https:\/\/craftygenesindonesia.com\/es\/shop\/munecas-infantiles\/lola-payaso-editie\/#primaryimage","url":"https:\/\/craftygenesindonesia.com\/wp-content\/uploads\/2023\/03\/Lola-Clown-2.jpg","contentUrl":"https:\/\/craftygenesindonesia.com\/wp-content\/uploads\/2023\/03\/Lola-Clown-2.jpg","width":1080,"height":1080,"caption":"crochet pastel colored clown doll"},{"@type":"BreadcrumbList","@id":"https:\/\/craftygenesindonesia.com\/es\/shop\/munecas-infantiles\/lola-payaso-editie\/#breadcrumb","itemListElement":[{"@type":"ListItem","position":1,"name":"Home","item":"https:\/\/craftygenesindonesia.com\/es\/"},{"@type":"ListItem","position":2,"name":"Tienda de patrones","item":"https:\/\/craftygenesindonesia.com\/es\/tienda-de-patrones\/"},{"@type":"ListItem","position":3,"name":"Lola, payaso Edici\u00f3n"}]},{"@type":"WebSite","@id":"https:\/\/craftygenesindonesia.com\/es\/#website","url":"https:\/\/craftygenesindonesia.com\/es\/","name":"Craftygenesindonesia","description":"","publisher":{"@id":"https:\/\/craftygenesindonesia.com\/es\/#organization"},"potentialAction":[{"@type":"SearchAction","target":{"@type":"EntryPoint","urlTemplate":"https:\/\/craftygenesindonesia.com\/es\/?s={search_term_string}"},"query-input":{"@type":"PropertyValueSpecification","valueRequired":true,"valueName":"search_term_string"}}],"inLanguage":"es"},{"@type":"Organization","@id":"https:\/\/craftygenesindonesia.com\/es\/#organization","name":"Craftygenesindonesia","url":"https:\/\/craftygenesindonesia.com\/es\/","logo":{"@type":"ImageObject","inLanguage":"es","@id":"https:\/\/craftygenesindonesia.com\/es\/#\/schema\/logo\/image\/","url":"https:\/\/craftygenesindonesia.com\/wp-content\/uploads\/2025\/11\/cropped-Copy-of-Craftygenesindonesia.jpg","contentUrl":"https:\/\/craftygenesindonesia.com\/wp-content\/uploads\/2025\/11\/cropped-Copy-of-Craftygenesindonesia.jpg","width":180,"height":60,"caption":"Craftygenesindonesia"},"image":{"@id":"https:\/\/craftygenesindonesia.com\/es\/#\/schema\/logo\/image\/"}}]}},"_links":{"self":[{"href":"https:\/\/craftygenesindonesia.com\/es\/wp-json\/wp\/v2\/product\/17463","targetHints":{"allow":["GET"]}}],"collection":[{"href":"https:\/\/craftygenesindonesia.com\/es\/wp-json\/wp\/v2\/product"}],"about":[{"href":"https:\/\/craftygenesindonesia.com\/es\/wp-json\/wp\/v2\/types\/product"}],"replies":[{"embeddable":true,"href":"https:\/\/craftygenesindonesia.com\/es\/wp-json\/wp\/v2\/comments?post=17463"}],"wp:featuredmedia":[{"embeddable":true,"href":"https:\/\/craftygenesindonesia.com\/es\/wp-json\/wp\/v2\/media\/987530878"}],"wp:attachment":[{"href":"https:\/\/craftygenesindonesia.com\/es\/wp-json\/wp\/v2\/media?parent=17463"}],"wp:term":[{"taxonomy":"product_brand","embeddable":true,"href":"https:\/\/craftygenesindonesia.com\/es\/wp-json\/wp\/v2\/product_brand?post=17463"},{"taxonomy":"product_cat","embeddable":true,"href":"https:\/\/craftygenesindonesia.com\/es\/wp-json\/wp\/v2\/product_cat?post=17463"},{"taxonomy":"product_tag","embeddable":true,"href":"https:\/\/craftygenesindonesia.com\/es\/wp-json\/wp\/v2\/product_tag?post=17463"}],"curies":[{"name":"wp","href":"https:\/\/api.w.org\/{rel}","templated":true}]}}