{"id":17396,"date":"2023-05-19T11:00:39","date_gmt":"2023-05-19T03:00:39","guid":{"rendered":"https:\/\/craftygenesindonesia.com\/?post_type=product&#038;p=17396"},"modified":"2026-03-24T06:49:50","modified_gmt":"2026-03-23T22:49:50","slug":"mimi-edicion-de-cuento-de-hadas","status":"publish","type":"product","link":"https:\/\/craftygenesindonesia.com\/es\/shop\/munecas-infantiles\/mimi-edicion-de-cuento-de-hadas\/","title":{"rendered":"Mimi, edici\u00f3n de cuento de hadas"},"content":{"rendered":"<p>Los 4 mu\u00f1ecos miden 16 cm de alto y est\u00e1n hechos con hilo ligero (3) apto para amigurumi y una aguja de ganchillo de 2 mm.<\/p>\n<p>Necesitar\u00e1 estos colores:<br \/>\n&#8211; Azul: 5-10m<br \/>\n&#8211; Marr\u00f3n oscuro: 75-95m<br \/>\n&#8211; Amarillo oscuro: 10-20m<br \/>\n&#8211; Rosa oscuro: 5-10m<br \/>\n&#8211; Amarillo: 135-155m<br \/>\n&#8211; Color piel: 220m-230m<br \/>\n&#8211; Azul claro: 30-40m<br \/>\n&#8211; Rojo: 15-25m<br \/>\n&#8211; Rosa: 35-45m<br \/>\n&#8211; Blanco: 20-30m<br \/>\n&#8211; Negro: 40-60m<\/p>\n<p>Tambi\u00e9n necesitar\u00e1s: relleno &#8211; marcadores de puntos &#8211; aguja de zurcir &#8211; tijeras &#8211; pegamento &#8211; pistola de pegamento &#8211; cart\u00f3n &#8211; palillos (para mantener las cabezas erguidas) &#8211; ojos de seguridad de 8mm<\/p>\n<p>Aguja de ganchillo: 2 mm<\/p>\n<p>Este patr\u00f3n de ganchillo, disponible en holand\u00e9s e ingl\u00e9s, incluye muchas fotos para ayudarte. Si tienes alguna pregunta, no dudes en enviarme un correo electr\u00f3nico a: craftygenesindonesia@gmail.com<\/p>\n<p>\u00a1Este patr\u00f3n es un patr\u00f3n de COMPRA y tiene un COPYRIGHT en \u00e9l! Por lo tanto, el patr\u00f3n es s\u00f3lo para uso personal y NO puede ser copiado, vendido, revendido, traducido, dejado atr\u00e1s, reclamado como su dise\u00f1o, distribuido, compartido, publicado, publicado en l\u00ednea &#8230; en cualquier forma sin mi permiso. \u00a1Ni siquiera una parte!<\/p>\n<p>Puedes vender las mu\u00f1ecas Mimi ACABADAS en peque\u00f1as cantidades, PERO NO EL PATR\u00d3N EN S\u00cd. Por favor, menciona que el patr\u00f3n es de Craftygenesindonesia y d\u00f3nde est\u00e1 a la venta.<\/p>\n","protected":false},"excerpt":{"rendered":"<p>Este patr\u00f3n es perfecto para los que quieren hacer felices a los m\u00e1s peque\u00f1os con simp\u00e1ticas mu\u00f1ecas de hadas.<\/p>\n<p>**Traducci\u00f3n al espa\u00f1ol en breve<\/p>\n","protected":false},"featured_media":339161,"comment_status":"open","ping_status":"closed","template":"","meta":{"_acf_changed":false},"product_brand":[],"product_cat":[3063],"product_tag":[11556,11572,11000,11128,11097,11051,11284],"class_list":{"0":"post-17396","1":"product","2":"type-product","3":"status-publish","4":"has-post-thumbnail","6":"product_cat-munecas-infantiles","7":"product_tag-bella-durmiente","8":"product_tag-blancanieves","9":"product_tag-cenicienta-es","10":"product_tag-cuento-de-hadas","11":"product_tag-muneca-es-2","12":"product_tag-muneca-de-ganchillo","13":"product_tag-munecas-infantiles","14":"pa_available_on-craftygenesindonesia","15":"pa_available_on-ravelry","16":"pa_languages-estados-unidos-ingles","17":"pa_languages-holandes","19":"first","20":"instock","21":"downloadable","22":"virtual","23":"purchasable","24":"product-type-simple"},"acf":[],"yoast_head":"<!-- This site is optimized with the Yoast SEO plugin v27.3 - https:\/\/yoast.com\/product\/yoast-seo-wordpress\/ -->\n<title>Mimi, edici\u00f3n de cuento de hadas - Craftygenesindonesia<\/title>\n<meta name=\"description\" content=\"Compra aqu\u00ed mi patr\u00f3n de ganchillo &quot;Mimi, Fairy Tale Edition&quot; en ingl\u00e9s y neerland\u00e9s. Tambi\u00e9n disponible en Haked y Ravelry\" \/>\n<meta name=\"robots\" content=\"index, follow, max-snippet:-1, max-image-preview:large, max-video-preview:-1\" \/>\n<link rel=\"canonical\" href=\"https:\/\/craftygenesindonesia.com\/es\/shop\/munecas-infantiles\/mimi-edicion-de-cuento-de-hadas\/\" \/>\n<meta property=\"og:locale\" content=\"es_ES\" \/>\n<meta property=\"og:type\" content=\"article\" \/>\n<meta property=\"og:title\" content=\"Mimi, edici\u00f3n de cuento de hadas\" \/>\n<meta property=\"og:description\" content=\"Compra aqu\u00ed mi patr\u00f3n de ganchillo &quot;Mimi, Fairy Tale Edition&quot; en ingl\u00e9s y neerland\u00e9s. Tambi\u00e9n disponible en Haked y Ravelry\" \/>\n<meta property=\"og:url\" content=\"https:\/\/craftygenesindonesia.com\/es\/shop\/munecas-infantiles\/mimi-edicion-de-cuento-de-hadas\/\" \/>\n<meta property=\"og:site_name\" content=\"Craftygenesindonesia\" \/>\n<meta property=\"article:modified_time\" content=\"2026-03-23T22:49:50+00:00\" \/>\n<meta property=\"og:image\" content=\"https:\/\/craftygenesindonesia.com\/wp-content\/uploads\/2023\/05\/IMG_1320-300x300.jpg\" \/>\n<meta name=\"twitter:card\" content=\"summary_large_image\" \/>\n<meta name=\"twitter:title\" content=\"Mimi, edici\u00f3n de cuento de hadas\" \/>\n<meta name=\"twitter:description\" content=\"Compra aqu\u00ed mi patr\u00f3n de ganchillo &quot;Mimi, Fairy Tale Edition&quot; en ingl\u00e9s y neerland\u00e9s. Tambi\u00e9n disponible en Haked y Ravelry\" \/>\n<meta name=\"twitter:image\" content=\"https:\/\/craftygenesindonesia.com\/wp-content\/uploads\/2023\/05\/IMG_1320.jpg\" \/>\n<meta name=\"twitter:label1\" content=\"Tiempo de lectura\" \/>\n\t<meta name=\"twitter:data1\" content=\"2 minutos\" \/>\n<script type=\"application\/ld+json\" class=\"yoast-schema-graph\">{\"@context\":\"https:\\\/\\\/schema.org\",\"@graph\":[{\"@type\":\"WebPage\",\"@id\":\"https:\\\/\\\/craftygenesindonesia.com\\\/es\\\/shop\\\/munecas-infantiles\\\/mimi-edicion-de-cuento-de-hadas\\\/\",\"url\":\"https:\\\/\\\/craftygenesindonesia.com\\\/es\\\/shop\\\/munecas-infantiles\\\/mimi-edicion-de-cuento-de-hadas\\\/\",\"name\":\"Mimi, edici\u00f3n de cuento de hadas - Craftygenesindonesia\",\"isPartOf\":{\"@id\":\"https:\\\/\\\/craftygenesindonesia.com\\\/es\\\/#website\"},\"primaryImageOfPage\":{\"@id\":\"https:\\\/\\\/craftygenesindonesia.com\\\/es\\\/shop\\\/munecas-infantiles\\\/mimi-edicion-de-cuento-de-hadas\\\/#primaryimage\"},\"image\":{\"@id\":\"https:\\\/\\\/craftygenesindonesia.com\\\/es\\\/shop\\\/munecas-infantiles\\\/mimi-edicion-de-cuento-de-hadas\\\/#primaryimage\"},\"thumbnailUrl\":\"https:\\\/\\\/craftygenesindonesia.com\\\/wp-content\\\/uploads\\\/2023\\\/05\\\/IMG_1315.jpg\",\"datePublished\":\"2023-05-19T03:00:39+00:00\",\"dateModified\":\"2026-03-23T22:49:50+00:00\",\"description\":\"Compra aqu\u00ed mi patr\u00f3n de ganchillo \\\"Mimi, Fairy Tale Edition\\\" en ingl\u00e9s y neerland\u00e9s. Tambi\u00e9n disponible en Haked y Ravelry\",\"breadcrumb\":{\"@id\":\"https:\\\/\\\/craftygenesindonesia.com\\\/es\\\/shop\\\/munecas-infantiles\\\/mimi-edicion-de-cuento-de-hadas\\\/#breadcrumb\"},\"inLanguage\":\"es\",\"potentialAction\":[{\"@type\":\"ReadAction\",\"target\":[\"https:\\\/\\\/craftygenesindonesia.com\\\/es\\\/shop\\\/munecas-infantiles\\\/mimi-edicion-de-cuento-de-hadas\\\/\"]}]},{\"@type\":\"ImageObject\",\"inLanguage\":\"es\",\"@id\":\"https:\\\/\\\/craftygenesindonesia.com\\\/es\\\/shop\\\/munecas-infantiles\\\/mimi-edicion-de-cuento-de-hadas\\\/#primaryimage\",\"url\":\"https:\\\/\\\/craftygenesindonesia.com\\\/wp-content\\\/uploads\\\/2023\\\/05\\\/IMG_1315.jpg\",\"contentUrl\":\"https:\\\/\\\/craftygenesindonesia.com\\\/wp-content\\\/uploads\\\/2023\\\/05\\\/IMG_1315.jpg\",\"width\":1024,\"height\":1024,\"caption\":\"Mimi, Fairy Tale Edition\"},{\"@type\":\"BreadcrumbList\",\"@id\":\"https:\\\/\\\/craftygenesindonesia.com\\\/es\\\/shop\\\/munecas-infantiles\\\/mimi-edicion-de-cuento-de-hadas\\\/#breadcrumb\",\"itemListElement\":[{\"@type\":\"ListItem\",\"position\":1,\"name\":\"Home\",\"item\":\"https:\\\/\\\/craftygenesindonesia.com\\\/es\\\/\"},{\"@type\":\"ListItem\",\"position\":2,\"name\":\"Tienda de patrones\",\"item\":\"https:\\\/\\\/craftygenesindonesia.com\\\/es\\\/tienda-de-patrones\\\/\"},{\"@type\":\"ListItem\",\"position\":3,\"name\":\"Mimi, edici\u00f3n de cuento de hadas\"}]},{\"@type\":\"WebSite\",\"@id\":\"https:\\\/\\\/craftygenesindonesia.com\\\/es\\\/#website\",\"url\":\"https:\\\/\\\/craftygenesindonesia.com\\\/es\\\/\",\"name\":\"Craftygenesindonesia\",\"description\":\"\",\"publisher\":{\"@id\":\"https:\\\/\\\/craftygenesindonesia.com\\\/es\\\/#organization\"},\"potentialAction\":[{\"@type\":\"SearchAction\",\"target\":{\"@type\":\"EntryPoint\",\"urlTemplate\":\"https:\\\/\\\/craftygenesindonesia.com\\\/es\\\/?s={search_term_string}\"},\"query-input\":{\"@type\":\"PropertyValueSpecification\",\"valueRequired\":true,\"valueName\":\"search_term_string\"}}],\"inLanguage\":\"es\"},{\"@type\":\"Organization\",\"@id\":\"https:\\\/\\\/craftygenesindonesia.com\\\/es\\\/#organization\",\"name\":\"Craftygenesindonesia\",\"url\":\"https:\\\/\\\/craftygenesindonesia.com\\\/es\\\/\",\"logo\":{\"@type\":\"ImageObject\",\"inLanguage\":\"es\",\"@id\":\"https:\\\/\\\/craftygenesindonesia.com\\\/es\\\/#\\\/schema\\\/logo\\\/image\\\/\",\"url\":\"https:\\\/\\\/craftygenesindonesia.com\\\/wp-content\\\/uploads\\\/2025\\\/11\\\/cropped-Copy-of-Craftygenesindonesia.jpg\",\"contentUrl\":\"https:\\\/\\\/craftygenesindonesia.com\\\/wp-content\\\/uploads\\\/2025\\\/11\\\/cropped-Copy-of-Craftygenesindonesia.jpg\",\"width\":180,\"height\":60,\"caption\":\"Craftygenesindonesia\"},\"image\":{\"@id\":\"https:\\\/\\\/craftygenesindonesia.com\\\/es\\\/#\\\/schema\\\/logo\\\/image\\\/\"}}]}<\/script>\n<!-- \/ Yoast SEO plugin. -->","yoast_head_json":{"title":"Mimi, edici\u00f3n de cuento de hadas - Craftygenesindonesia","description":"Compra aqu\u00ed mi patr\u00f3n de ganchillo \"Mimi, Fairy Tale Edition\" en ingl\u00e9s y neerland\u00e9s. Tambi\u00e9n disponible en Haked y Ravelry","robots":{"index":"index","follow":"follow","max-snippet":"max-snippet:-1","max-image-preview":"max-image-preview:large","max-video-preview":"max-video-preview:-1"},"canonical":"https:\/\/craftygenesindonesia.com\/es\/shop\/munecas-infantiles\/mimi-edicion-de-cuento-de-hadas\/","og_locale":"es_ES","og_type":"article","og_title":"Mimi, edici\u00f3n de cuento de hadas","og_description":"Compra aqu\u00ed mi patr\u00f3n de ganchillo \"Mimi, Fairy Tale Edition\" en ingl\u00e9s y neerland\u00e9s. Tambi\u00e9n disponible en Haked y Ravelry","og_url":"https:\/\/craftygenesindonesia.com\/es\/shop\/munecas-infantiles\/mimi-edicion-de-cuento-de-hadas\/","og_site_name":"Craftygenesindonesia","article_modified_time":"2026-03-23T22:49:50+00:00","og_image":[{"url":"https:\/\/craftygenesindonesia.com\/wp-content\/uploads\/2023\/05\/IMG_1320-300x300.jpg","type":"","width":"","height":""}],"twitter_card":"summary_large_image","twitter_title":"Mimi, edici\u00f3n de cuento de hadas","twitter_description":"Compra aqu\u00ed mi patr\u00f3n de ganchillo \"Mimi, Fairy Tale Edition\" en ingl\u00e9s y neerland\u00e9s. Tambi\u00e9n disponible en Haked y Ravelry","twitter_image":"https:\/\/craftygenesindonesia.com\/wp-content\/uploads\/2023\/05\/IMG_1320.jpg","twitter_misc":{"Tiempo de lectura":"2 minutos"},"schema":{"@context":"https:\/\/schema.org","@graph":[{"@type":"WebPage","@id":"https:\/\/craftygenesindonesia.com\/es\/shop\/munecas-infantiles\/mimi-edicion-de-cuento-de-hadas\/","url":"https:\/\/craftygenesindonesia.com\/es\/shop\/munecas-infantiles\/mimi-edicion-de-cuento-de-hadas\/","name":"Mimi, edici\u00f3n de cuento de hadas - Craftygenesindonesia","isPartOf":{"@id":"https:\/\/craftygenesindonesia.com\/es\/#website"},"primaryImageOfPage":{"@id":"https:\/\/craftygenesindonesia.com\/es\/shop\/munecas-infantiles\/mimi-edicion-de-cuento-de-hadas\/#primaryimage"},"image":{"@id":"https:\/\/craftygenesindonesia.com\/es\/shop\/munecas-infantiles\/mimi-edicion-de-cuento-de-hadas\/#primaryimage"},"thumbnailUrl":"https:\/\/craftygenesindonesia.com\/wp-content\/uploads\/2023\/05\/IMG_1315.jpg","datePublished":"2023-05-19T03:00:39+00:00","dateModified":"2026-03-23T22:49:50+00:00","description":"Compra aqu\u00ed mi patr\u00f3n de ganchillo \"Mimi, Fairy Tale Edition\" en ingl\u00e9s y neerland\u00e9s. Tambi\u00e9n disponible en Haked y Ravelry","breadcrumb":{"@id":"https:\/\/craftygenesindonesia.com\/es\/shop\/munecas-infantiles\/mimi-edicion-de-cuento-de-hadas\/#breadcrumb"},"inLanguage":"es","potentialAction":[{"@type":"ReadAction","target":["https:\/\/craftygenesindonesia.com\/es\/shop\/munecas-infantiles\/mimi-edicion-de-cuento-de-hadas\/"]}]},{"@type":"ImageObject","inLanguage":"es","@id":"https:\/\/craftygenesindonesia.com\/es\/shop\/munecas-infantiles\/mimi-edicion-de-cuento-de-hadas\/#primaryimage","url":"https:\/\/craftygenesindonesia.com\/wp-content\/uploads\/2023\/05\/IMG_1315.jpg","contentUrl":"https:\/\/craftygenesindonesia.com\/wp-content\/uploads\/2023\/05\/IMG_1315.jpg","width":1024,"height":1024,"caption":"Mimi, Fairy Tale Edition"},{"@type":"BreadcrumbList","@id":"https:\/\/craftygenesindonesia.com\/es\/shop\/munecas-infantiles\/mimi-edicion-de-cuento-de-hadas\/#breadcrumb","itemListElement":[{"@type":"ListItem","position":1,"name":"Home","item":"https:\/\/craftygenesindonesia.com\/es\/"},{"@type":"ListItem","position":2,"name":"Tienda de patrones","item":"https:\/\/craftygenesindonesia.com\/es\/tienda-de-patrones\/"},{"@type":"ListItem","position":3,"name":"Mimi, edici\u00f3n de cuento de hadas"}]},{"@type":"WebSite","@id":"https:\/\/craftygenesindonesia.com\/es\/#website","url":"https:\/\/craftygenesindonesia.com\/es\/","name":"Craftygenesindonesia","description":"","publisher":{"@id":"https:\/\/craftygenesindonesia.com\/es\/#organization"},"potentialAction":[{"@type":"SearchAction","target":{"@type":"EntryPoint","urlTemplate":"https:\/\/craftygenesindonesia.com\/es\/?s={search_term_string}"},"query-input":{"@type":"PropertyValueSpecification","valueRequired":true,"valueName":"search_term_string"}}],"inLanguage":"es"},{"@type":"Organization","@id":"https:\/\/craftygenesindonesia.com\/es\/#organization","name":"Craftygenesindonesia","url":"https:\/\/craftygenesindonesia.com\/es\/","logo":{"@type":"ImageObject","inLanguage":"es","@id":"https:\/\/craftygenesindonesia.com\/es\/#\/schema\/logo\/image\/","url":"https:\/\/craftygenesindonesia.com\/wp-content\/uploads\/2025\/11\/cropped-Copy-of-Craftygenesindonesia.jpg","contentUrl":"https:\/\/craftygenesindonesia.com\/wp-content\/uploads\/2025\/11\/cropped-Copy-of-Craftygenesindonesia.jpg","width":180,"height":60,"caption":"Craftygenesindonesia"},"image":{"@id":"https:\/\/craftygenesindonesia.com\/es\/#\/schema\/logo\/image\/"}}]}},"_links":{"self":[{"href":"https:\/\/craftygenesindonesia.com\/es\/wp-json\/wp\/v2\/product\/17396","targetHints":{"allow":["GET"]}}],"collection":[{"href":"https:\/\/craftygenesindonesia.com\/es\/wp-json\/wp\/v2\/product"}],"about":[{"href":"https:\/\/craftygenesindonesia.com\/es\/wp-json\/wp\/v2\/types\/product"}],"replies":[{"embeddable":true,"href":"https:\/\/craftygenesindonesia.com\/es\/wp-json\/wp\/v2\/comments?post=17396"}],"wp:featuredmedia":[{"embeddable":true,"href":"https:\/\/craftygenesindonesia.com\/es\/wp-json\/wp\/v2\/media\/339161"}],"wp:attachment":[{"href":"https:\/\/craftygenesindonesia.com\/es\/wp-json\/wp\/v2\/media?parent=17396"}],"wp:term":[{"taxonomy":"product_brand","embeddable":true,"href":"https:\/\/craftygenesindonesia.com\/es\/wp-json\/wp\/v2\/product_brand?post=17396"},{"taxonomy":"product_cat","embeddable":true,"href":"https:\/\/craftygenesindonesia.com\/es\/wp-json\/wp\/v2\/product_cat?post=17396"},{"taxonomy":"product_tag","embeddable":true,"href":"https:\/\/craftygenesindonesia.com\/es\/wp-json\/wp\/v2\/product_tag?post=17396"}],"curies":[{"name":"wp","href":"https:\/\/api.w.org\/{rel}","templated":true}]}}