{"id":17378,"date":"2023-05-24T07:25:01","date_gmt":"2023-05-23T23:25:01","guid":{"rendered":"https:\/\/craftygenesindonesia.com\/?post_type=product&#038;p=17378"},"modified":"2026-03-24T06:42:51","modified_gmt":"2026-03-23T22:42:51","slug":"bolso-anna-marie","status":"publish","type":"product","link":"https:\/\/craftygenesindonesia.com\/es\/shop\/patrones-de-bolsas\/bolso-anna-marie\/","title":{"rendered":"Bolso Anna Marie"},"content":{"rendered":"<p>Este bolso est\u00e1 hecho con hilo de peso medio (4) adecuado para una aguja de ganchillo de 2,5 mm.<\/p>\n<p>Necesitas este hilo:<\/p>\n<p>Hilo multicolor (455-475m\/500-520yd)<br \/>\nBlanco (50-75m\/55-82yd)<\/p>\n<p>Tambi\u00e9n necesitas: marcadores de puntos &#8211; tijeras &#8211; l\u00e1piz &#8211; hilo y aguja de coser &#8211; tela de forro &#8211; espuma eva (u otra entretela para bolsas) &#8211; aguja de tapicer\u00eda &#8211; plancha &#8211; m\u00e1quina de coser<\/p>\n<p>Aguja de ganchillo: tama\u00f1o 2,5 mm<\/p>\n<p>Este patr\u00f3n incluye un patr\u00f3n escrito y un mont\u00f3n de fotos para ayudarte.<br \/>\nEn caso de que tengas problemas para entenderlo, no dudes en enviarme un mensaje a:\u00a0<a href=\"mailto:craftygenesindonesia@gmail.com\">craftygenesindonesia@gmail.com<\/a><\/p>\n<p><strong>Este patr\u00f3n es s\u00f3lo para uso personal y hay un COPYRIGHT en \u00e9l. Por lo tanto, el patr\u00f3n es s\u00f3lo para uso personal y NO puede ser copiado, vendido, revendido, traducido, reclamado como su dise\u00f1o, distribuido, compartido, publicado, publicado en l\u00ednea &#8230; en cualquier forma sin mi consentimiento. Ni siquiera una parte.<\/strong><\/p>\n<p><strong>Puede vender el art\u00edculo acabado, pero no el patr\u00f3n.<\/strong><\/p>\n","protected":false},"excerpt":{"rendered":"<p>Este bolso es f\u00e1cil de hacer y est\u00e1 hecho con una puntada de estrella. Tengo un video claro en <a href=\"https:\/\/www.youtube.com\/watch?v=Dv1LmnwK5qw&amp;t=9s\" target=\"_blank\" rel=\"noopener\"><strong>YouTube<\/strong><\/a> para aquellos que no est\u00e1n seguros acerca de c\u00f3mo hacer esta puntada simple pero hermosa.<\/p>\n","protected":false},"featured_media":987520556,"comment_status":"open","ping_status":"closed","template":"","meta":{"_acf_changed":false},"product_brand":[],"product_cat":[3040],"product_tag":[11234,10862,11056],"class_list":{"0":"post-17378","1":"product","2":"type-product","3":"status-publish","4":"has-post-thumbnail","6":"product_cat-patrones-de-bolsas","7":"product_tag-bolsa-es-2","8":"product_tag-bolsa","9":"product_tag-bolso-de-ganchillo","10":"pa_available_on-craftygenesindonesia","11":"pa_available_on-creative-fabrica","12":"pa_available_on-etsy","13":"pa_available_on-haked-nl","14":"pa_available_on-payhip","15":"pa_available_on-ravelry","16":"pa_languages-espanol","17":"pa_languages-estados-unidos-ingles","18":"pa_languages-frances","19":"pa_languages-holandes","21":"first","22":"instock","23":"downloadable","24":"virtual","25":"purchasable","26":"product-type-simple"},"acf":[],"yoast_head":"<!-- This site is optimized with the Yoast SEO plugin v27.4 - https:\/\/yoast.com\/product\/yoast-seo-wordpress\/ -->\n<title>Bolso Anna Marie patr\u00f3n de ganchillo - Craftygenesindonesia<\/title>\n<meta name=\"description\" content=\"Compra aqu\u00ed mi patr\u00f3n de ganchillo &quot;Bolso Anna Marie&quot;. El patr\u00f3n de ganchillo f\u00e1cil de seguir tambi\u00e9n est\u00e1 disponible en Etsy, Haked, Raverly\" \/>\n<meta name=\"robots\" content=\"index, follow, max-snippet:-1, max-image-preview:large, max-video-preview:-1\" \/>\n<link rel=\"canonical\" href=\"https:\/\/craftygenesindonesia.com\/es\/shop\/patrones-de-bolsas\/bolso-anna-marie\/\" \/>\n<meta property=\"og:locale\" content=\"es_ES\" \/>\n<meta property=\"og:type\" content=\"article\" \/>\n<meta property=\"og:title\" content=\"Patr\u00f3n de ganchillo &quot;Bolso Anna Marie&quot;\" \/>\n<meta property=\"og:description\" content=\"Compra aqu\u00ed mi patr\u00f3n de ganchillo &quot;Bolso Anna Marie&quot;. El patr\u00f3n de ganchillo f\u00e1cil de seguir tambi\u00e9n est\u00e1 disponible en Etsy, Haked, Raverly\" \/>\n<meta property=\"og:url\" content=\"https:\/\/craftygenesindonesia.com\/es\/shop\/patrones-de-bolsas\/bolso-anna-marie\/\" \/>\n<meta property=\"og:site_name\" content=\"Craftygenesindonesia\" \/>\n<meta property=\"article:modified_time\" content=\"2026-03-23T22:42:51+00:00\" \/>\n<meta property=\"og:image\" content=\"https:\/\/craftygenesindonesia.com\/wp-content\/uploads\/2023\/05\/Anna-Marie-Bag-2.jpg\" \/>\n\t<meta property=\"og:image:width\" content=\"1080\" \/>\n\t<meta property=\"og:image:height\" content=\"1080\" \/>\n\t<meta property=\"og:image:type\" content=\"image\/jpeg\" \/>\n<meta name=\"twitter:card\" content=\"summary_large_image\" \/>\n<meta name=\"twitter:title\" content=\"Bolso Anna Marie\" \/>\n<meta name=\"twitter:description\" content=\"Pide aqu\u00ed mi patr\u00f3n de ganchillo &quot;Bolso Anna Marie&quot; en holand\u00e9s e ingl\u00e9s. El patr\u00f3n incluye fotos claras para ayudarte.\" \/>\n<meta name=\"twitter:image\" content=\"https:\/\/craftygenesindonesia.com\/wp-content\/uploads\/2023\/05\/1684883889197.jpg\" \/>\n<meta name=\"twitter:label1\" content=\"Tiempo de lectura\" \/>\n\t<meta name=\"twitter:data1\" content=\"1 minuto\" \/>\n<script type=\"application\/ld+json\" class=\"yoast-schema-graph\">{\"@context\":\"https:\\\/\\\/schema.org\",\"@graph\":[{\"@type\":\"WebPage\",\"@id\":\"https:\\\/\\\/craftygenesindonesia.com\\\/es\\\/shop\\\/patrones-de-bolsas\\\/bolso-anna-marie\\\/\",\"url\":\"https:\\\/\\\/craftygenesindonesia.com\\\/es\\\/shop\\\/patrones-de-bolsas\\\/bolso-anna-marie\\\/\",\"name\":\"Bolso Anna Marie patr\u00f3n de ganchillo - Craftygenesindonesia\",\"isPartOf\":{\"@id\":\"https:\\\/\\\/craftygenesindonesia.com\\\/es\\\/#website\"},\"primaryImageOfPage\":{\"@id\":\"https:\\\/\\\/craftygenesindonesia.com\\\/es\\\/shop\\\/patrones-de-bolsas\\\/bolso-anna-marie\\\/#primaryimage\"},\"image\":{\"@id\":\"https:\\\/\\\/craftygenesindonesia.com\\\/es\\\/shop\\\/patrones-de-bolsas\\\/bolso-anna-marie\\\/#primaryimage\"},\"thumbnailUrl\":\"https:\\\/\\\/craftygenesindonesia.com\\\/wp-content\\\/uploads\\\/2023\\\/05\\\/Anna-Marie-Bag-2.jpg\",\"datePublished\":\"2023-05-23T23:25:01+00:00\",\"dateModified\":\"2026-03-23T22:42:51+00:00\",\"description\":\"Compra aqu\u00ed mi patr\u00f3n de ganchillo \\\"Bolso Anna Marie\\\". El patr\u00f3n de ganchillo f\u00e1cil de seguir tambi\u00e9n est\u00e1 disponible en Etsy, Haked, Raverly\",\"breadcrumb\":{\"@id\":\"https:\\\/\\\/craftygenesindonesia.com\\\/es\\\/shop\\\/patrones-de-bolsas\\\/bolso-anna-marie\\\/#breadcrumb\"},\"inLanguage\":\"es\",\"potentialAction\":[{\"@type\":\"ReadAction\",\"target\":[\"https:\\\/\\\/craftygenesindonesia.com\\\/es\\\/shop\\\/patrones-de-bolsas\\\/bolso-anna-marie\\\/\"]}]},{\"@type\":\"ImageObject\",\"inLanguage\":\"es\",\"@id\":\"https:\\\/\\\/craftygenesindonesia.com\\\/es\\\/shop\\\/patrones-de-bolsas\\\/bolso-anna-marie\\\/#primaryimage\",\"url\":\"https:\\\/\\\/craftygenesindonesia.com\\\/wp-content\\\/uploads\\\/2023\\\/05\\\/Anna-Marie-Bag-2.jpg\",\"contentUrl\":\"https:\\\/\\\/craftygenesindonesia.com\\\/wp-content\\\/uploads\\\/2023\\\/05\\\/Anna-Marie-Bag-2.jpg\",\"width\":1080,\"height\":1080,\"caption\":\"crochet handbag with colorful yarn\"},{\"@type\":\"BreadcrumbList\",\"@id\":\"https:\\\/\\\/craftygenesindonesia.com\\\/es\\\/shop\\\/patrones-de-bolsas\\\/bolso-anna-marie\\\/#breadcrumb\",\"itemListElement\":[{\"@type\":\"ListItem\",\"position\":1,\"name\":\"Home\",\"item\":\"https:\\\/\\\/craftygenesindonesia.com\\\/es\\\/\"},{\"@type\":\"ListItem\",\"position\":2,\"name\":\"Tienda de patrones\",\"item\":\"https:\\\/\\\/craftygenesindonesia.com\\\/es\\\/tienda-de-patrones\\\/\"},{\"@type\":\"ListItem\",\"position\":3,\"name\":\"Bolso Anna Marie\"}]},{\"@type\":\"WebSite\",\"@id\":\"https:\\\/\\\/craftygenesindonesia.com\\\/es\\\/#website\",\"url\":\"https:\\\/\\\/craftygenesindonesia.com\\\/es\\\/\",\"name\":\"Craftygenesindonesia\",\"description\":\"\",\"publisher\":{\"@id\":\"https:\\\/\\\/craftygenesindonesia.com\\\/es\\\/#organization\"},\"potentialAction\":[{\"@type\":\"SearchAction\",\"target\":{\"@type\":\"EntryPoint\",\"urlTemplate\":\"https:\\\/\\\/craftygenesindonesia.com\\\/es\\\/?s={search_term_string}\"},\"query-input\":{\"@type\":\"PropertyValueSpecification\",\"valueRequired\":true,\"valueName\":\"search_term_string\"}}],\"inLanguage\":\"es\"},{\"@type\":\"Organization\",\"@id\":\"https:\\\/\\\/craftygenesindonesia.com\\\/es\\\/#organization\",\"name\":\"Craftygenesindonesia\",\"url\":\"https:\\\/\\\/craftygenesindonesia.com\\\/es\\\/\",\"logo\":{\"@type\":\"ImageObject\",\"inLanguage\":\"es\",\"@id\":\"https:\\\/\\\/craftygenesindonesia.com\\\/es\\\/#\\\/schema\\\/logo\\\/image\\\/\",\"url\":\"https:\\\/\\\/craftygenesindonesia.com\\\/wp-content\\\/uploads\\\/2025\\\/11\\\/cropped-Copy-of-Craftygenesindonesia.jpg\",\"contentUrl\":\"https:\\\/\\\/craftygenesindonesia.com\\\/wp-content\\\/uploads\\\/2025\\\/11\\\/cropped-Copy-of-Craftygenesindonesia.jpg\",\"width\":180,\"height\":60,\"caption\":\"Craftygenesindonesia\"},\"image\":{\"@id\":\"https:\\\/\\\/craftygenesindonesia.com\\\/es\\\/#\\\/schema\\\/logo\\\/image\\\/\"}}]}<\/script>\n<!-- \/ Yoast SEO plugin. -->","yoast_head_json":{"title":"Bolso Anna Marie patr\u00f3n de ganchillo - Craftygenesindonesia","description":"Compra aqu\u00ed mi patr\u00f3n de ganchillo \"Bolso Anna Marie\". El patr\u00f3n de ganchillo f\u00e1cil de seguir tambi\u00e9n est\u00e1 disponible en Etsy, Haked, Raverly","robots":{"index":"index","follow":"follow","max-snippet":"max-snippet:-1","max-image-preview":"max-image-preview:large","max-video-preview":"max-video-preview:-1"},"canonical":"https:\/\/craftygenesindonesia.com\/es\/shop\/patrones-de-bolsas\/bolso-anna-marie\/","og_locale":"es_ES","og_type":"article","og_title":"Patr\u00f3n de ganchillo \"Bolso Anna Marie\"","og_description":"Compra aqu\u00ed mi patr\u00f3n de ganchillo \"Bolso Anna Marie\". El patr\u00f3n de ganchillo f\u00e1cil de seguir tambi\u00e9n est\u00e1 disponible en Etsy, Haked, Raverly","og_url":"https:\/\/craftygenesindonesia.com\/es\/shop\/patrones-de-bolsas\/bolso-anna-marie\/","og_site_name":"Craftygenesindonesia","article_modified_time":"2026-03-23T22:42:51+00:00","og_image":[{"width":1080,"height":1080,"url":"https:\/\/craftygenesindonesia.com\/wp-content\/uploads\/2023\/05\/Anna-Marie-Bag-2.jpg","type":"image\/jpeg"}],"twitter_card":"summary_large_image","twitter_title":"Bolso Anna Marie","twitter_description":"Pide aqu\u00ed mi patr\u00f3n de ganchillo \"Bolso Anna Marie\" en holand\u00e9s e ingl\u00e9s. El patr\u00f3n incluye fotos claras para ayudarte.","twitter_image":"https:\/\/craftygenesindonesia.com\/wp-content\/uploads\/2023\/05\/1684883889197.jpg","twitter_misc":{"Tiempo de lectura":"1 minuto"},"schema":{"@context":"https:\/\/schema.org","@graph":[{"@type":"WebPage","@id":"https:\/\/craftygenesindonesia.com\/es\/shop\/patrones-de-bolsas\/bolso-anna-marie\/","url":"https:\/\/craftygenesindonesia.com\/es\/shop\/patrones-de-bolsas\/bolso-anna-marie\/","name":"Bolso Anna Marie patr\u00f3n de ganchillo - Craftygenesindonesia","isPartOf":{"@id":"https:\/\/craftygenesindonesia.com\/es\/#website"},"primaryImageOfPage":{"@id":"https:\/\/craftygenesindonesia.com\/es\/shop\/patrones-de-bolsas\/bolso-anna-marie\/#primaryimage"},"image":{"@id":"https:\/\/craftygenesindonesia.com\/es\/shop\/patrones-de-bolsas\/bolso-anna-marie\/#primaryimage"},"thumbnailUrl":"https:\/\/craftygenesindonesia.com\/wp-content\/uploads\/2023\/05\/Anna-Marie-Bag-2.jpg","datePublished":"2023-05-23T23:25:01+00:00","dateModified":"2026-03-23T22:42:51+00:00","description":"Compra aqu\u00ed mi patr\u00f3n de ganchillo \"Bolso Anna Marie\". El patr\u00f3n de ganchillo f\u00e1cil de seguir tambi\u00e9n est\u00e1 disponible en Etsy, Haked, Raverly","breadcrumb":{"@id":"https:\/\/craftygenesindonesia.com\/es\/shop\/patrones-de-bolsas\/bolso-anna-marie\/#breadcrumb"},"inLanguage":"es","potentialAction":[{"@type":"ReadAction","target":["https:\/\/craftygenesindonesia.com\/es\/shop\/patrones-de-bolsas\/bolso-anna-marie\/"]}]},{"@type":"ImageObject","inLanguage":"es","@id":"https:\/\/craftygenesindonesia.com\/es\/shop\/patrones-de-bolsas\/bolso-anna-marie\/#primaryimage","url":"https:\/\/craftygenesindonesia.com\/wp-content\/uploads\/2023\/05\/Anna-Marie-Bag-2.jpg","contentUrl":"https:\/\/craftygenesindonesia.com\/wp-content\/uploads\/2023\/05\/Anna-Marie-Bag-2.jpg","width":1080,"height":1080,"caption":"crochet handbag with colorful yarn"},{"@type":"BreadcrumbList","@id":"https:\/\/craftygenesindonesia.com\/es\/shop\/patrones-de-bolsas\/bolso-anna-marie\/#breadcrumb","itemListElement":[{"@type":"ListItem","position":1,"name":"Home","item":"https:\/\/craftygenesindonesia.com\/es\/"},{"@type":"ListItem","position":2,"name":"Tienda de patrones","item":"https:\/\/craftygenesindonesia.com\/es\/tienda-de-patrones\/"},{"@type":"ListItem","position":3,"name":"Bolso Anna Marie"}]},{"@type":"WebSite","@id":"https:\/\/craftygenesindonesia.com\/es\/#website","url":"https:\/\/craftygenesindonesia.com\/es\/","name":"Craftygenesindonesia","description":"","publisher":{"@id":"https:\/\/craftygenesindonesia.com\/es\/#organization"},"potentialAction":[{"@type":"SearchAction","target":{"@type":"EntryPoint","urlTemplate":"https:\/\/craftygenesindonesia.com\/es\/?s={search_term_string}"},"query-input":{"@type":"PropertyValueSpecification","valueRequired":true,"valueName":"search_term_string"}}],"inLanguage":"es"},{"@type":"Organization","@id":"https:\/\/craftygenesindonesia.com\/es\/#organization","name":"Craftygenesindonesia","url":"https:\/\/craftygenesindonesia.com\/es\/","logo":{"@type":"ImageObject","inLanguage":"es","@id":"https:\/\/craftygenesindonesia.com\/es\/#\/schema\/logo\/image\/","url":"https:\/\/craftygenesindonesia.com\/wp-content\/uploads\/2025\/11\/cropped-Copy-of-Craftygenesindonesia.jpg","contentUrl":"https:\/\/craftygenesindonesia.com\/wp-content\/uploads\/2025\/11\/cropped-Copy-of-Craftygenesindonesia.jpg","width":180,"height":60,"caption":"Craftygenesindonesia"},"image":{"@id":"https:\/\/craftygenesindonesia.com\/es\/#\/schema\/logo\/image\/"}}]}},"_links":{"self":[{"href":"https:\/\/craftygenesindonesia.com\/es\/wp-json\/wp\/v2\/product\/17378","targetHints":{"allow":["GET"]}}],"collection":[{"href":"https:\/\/craftygenesindonesia.com\/es\/wp-json\/wp\/v2\/product"}],"about":[{"href":"https:\/\/craftygenesindonesia.com\/es\/wp-json\/wp\/v2\/types\/product"}],"replies":[{"embeddable":true,"href":"https:\/\/craftygenesindonesia.com\/es\/wp-json\/wp\/v2\/comments?post=17378"}],"wp:featuredmedia":[{"embeddable":true,"href":"https:\/\/craftygenesindonesia.com\/es\/wp-json\/wp\/v2\/media\/987520556"}],"wp:attachment":[{"href":"https:\/\/craftygenesindonesia.com\/es\/wp-json\/wp\/v2\/media?parent=17378"}],"wp:term":[{"taxonomy":"product_brand","embeddable":true,"href":"https:\/\/craftygenesindonesia.com\/es\/wp-json\/wp\/v2\/product_brand?post=17378"},{"taxonomy":"product_cat","embeddable":true,"href":"https:\/\/craftygenesindonesia.com\/es\/wp-json\/wp\/v2\/product_cat?post=17378"},{"taxonomy":"product_tag","embeddable":true,"href":"https:\/\/craftygenesindonesia.com\/es\/wp-json\/wp\/v2\/product_tag?post=17378"}],"curies":[{"name":"wp","href":"https:\/\/api.w.org\/{rel}","templated":true}]}}