{"id":17372,"date":"2023-06-06T17:55:51","date_gmt":"2023-06-06T09:55:51","guid":{"rendered":"https:\/\/craftygenesindonesia.com\/?post_type=product&#038;p=17372"},"modified":"2026-03-24T06:41:20","modified_gmt":"2026-03-23T22:41:20","slug":"bola-de-navidad-3","status":"publish","type":"product","link":"https:\/\/craftygenesindonesia.com\/es\/shop\/navidad\/bola-de-navidad-3\/","title":{"rendered":"Bola de Navidad 3"},"content":{"rendered":"<p>Este adorno est\u00e1 hecho con hilo ligero (3) apto para amigurumi y una aguja de ganchillo de 2 mm.<\/p>\n<p>&nbsp;<\/p>\n<p>Necesitar\u00e1 los siguientes colores: azul &#8211; plata met\u00e1lica<\/p>\n<p>Tambi\u00e9n necesitar\u00e1s: relleno &#8211; marcador de puntos &#8211; aguja de zurcir &#8211; tijeras<\/p>\n<p>&nbsp;<\/p>\n<p>Aguja de ganchillo: 2 mm<\/p>\n<p>&nbsp;<\/p>\n<p>Si tienes alguna pregunta, no dudes en enviarme un correo electr\u00f3nico a: craftygenesindonesia@gmail.com<\/p>\n<p>&nbsp;<\/p>\n<p>Este patr\u00f3n es un patr\u00f3n de COMPRA y tiene COPYRIGHT. As\u00ed que el patr\u00f3n es s\u00f3lo para uso personal y NO puede ser copiado, vendido, revendido, traducido, dejado atr\u00e1s, reclamado como su dise\u00f1o, distribuido, compartido, publicado, publicado en l\u00ednea &#8230; en cualquier forma sin mi permiso. \u00a1Ni siquiera una parte!<\/p>\n<p>&nbsp;<\/p>\n<p>Puedes vender el adorno TERMINADO en peque\u00f1as cantidades, PERO NO EL PATR\u00d3N EN S\u00cd. Por favor, menciona que el patr\u00f3n es de Craftygenesindonesia y d\u00f3nde est\u00e1 a la venta.<\/p>\n","protected":false},"excerpt":{"rendered":"<p>\u00bfBuscas un patr\u00f3n de ganchillo para una sencilla pero bonita bola de Navidad? Entonces \u00e9ste es perfecto para ti. Puedes hacerla en todos los colores del arco iris. Un sinf\u00edn de combinaciones de colores.<br \/>\n**Traducci\u00f3n al espa\u00f1ol en breve<\/p>\n","protected":false},"featured_media":987522536,"comment_status":"open","ping_status":"closed","template":"","meta":{"_acf_changed":false},"product_brand":[],"product_cat":[3047,7639],"product_tag":[10636,10630,10637,12115,10876,11811,12078],"class_list":{"0":"post-17372","1":"product","2":"type-product","3":"status-publish","4":"has-post-thumbnail","6":"product_cat-navidad","7":"product_cat-adornos-navidenos","8":"product_tag-ornement-de-noel-fr","9":"product_tag-boule-de-noel","10":"product_tag-decorations-de-noel-fr","11":"product_tag-christmas-tree-ornament-fr","12":"product_tag-boules","13":"product_tag-kerst-versiering-fr","14":"product_tag-xmas-fr","15":"pa_available_on-craftygenesindonesia","16":"pa_available_on-creative-fabrica","17":"pa_languages-espagnol","18":"pa_languages-americain","19":"pa_languages-francais","20":"pa_languages-neerlandais","22":"first","23":"instock","24":"downloadable","25":"virtual","26":"purchasable","27":"product-type-simple"},"acf":[],"yoast_head":"<!-- This site is optimized with the Yoast SEO plugin v27.5 - https:\/\/yoast.com\/product\/yoast-seo-wordpress\/ -->\n<title>Bola de Navidad 3 haakpatroon - Craftygenesindonesia<\/title>\n<meta name=\"description\" content=\"Pide aqu\u00ed el patr\u00f3n de ganchillo &quot;Bola de Navidad 3&quot;. Es un patr\u00f3n de ganchillo f\u00e1cil de seguir para una sencilla pero bonita bola de Navidad.\" \/>\n<meta name=\"robots\" content=\"index, follow, max-snippet:-1, max-image-preview:large, max-video-preview:-1\" \/>\n<link rel=\"canonical\" href=\"https:\/\/craftygenesindonesia.com\/es\/shop\/navidad\/bola-de-navidad-3\/\" \/>\n<meta property=\"og:locale\" content=\"es_ES\" \/>\n<meta property=\"og:type\" content=\"article\" \/>\n<meta property=\"og:title\" content=\"Bola de Navidad 3\" \/>\n<meta property=\"og:description\" content=\"Pide aqu\u00ed el patr\u00f3n de ganchillo &quot;Bola de Navidad 3&quot;. Es un patr\u00f3n de ganchillo f\u00e1cil de seguir para una sencilla pero bonita bola de Navidad.\" \/>\n<meta property=\"og:url\" content=\"https:\/\/craftygenesindonesia.com\/es\/shop\/navidad\/bola-de-navidad-3\/\" \/>\n<meta property=\"og:site_name\" content=\"Craftygenesindonesia\" \/>\n<meta property=\"article:modified_time\" content=\"2026-03-23T22:41:20+00:00\" \/>\n<meta property=\"og:image\" content=\"https:\/\/craftygenesindonesia.com\/wp-content\/uploads\/2023\/05\/image0-11-300x300.jpeg\" \/>\n<meta name=\"twitter:card\" content=\"summary_large_image\" \/>\n<meta name=\"twitter:title\" content=\"Bola de Navidad 3\" \/>\n<meta name=\"twitter:description\" content=\"Pide aqu\u00ed el patr\u00f3n de ganchillo &quot;Bola de Navidad 3&quot; en holand\u00e9s e ingl\u00e9s. Es un patr\u00f3n de ganchillo f\u00e1cil de seguir para una sencilla pero bonita bola de Navidad.\" \/>\n<meta name=\"twitter:image\" content=\"https:\/\/craftygenesindonesia.com\/wp-content\/uploads\/2023\/05\/image0-11.jpeg\" \/>\n<meta name=\"twitter:label1\" content=\"Tiempo de lectura\" \/>\n\t<meta name=\"twitter:data1\" content=\"1 minuto\" \/>\n<script type=\"application\/ld+json\" class=\"yoast-schema-graph\">{\"@context\":\"https:\\\/\\\/schema.org\",\"@graph\":[{\"@type\":\"WebPage\",\"@id\":\"https:\\\/\\\/craftygenesindonesia.com\\\/es\\\/shop\\\/navidad\\\/bola-de-navidad-3\\\/\",\"url\":\"https:\\\/\\\/craftygenesindonesia.com\\\/es\\\/shop\\\/navidad\\\/bola-de-navidad-3\\\/\",\"name\":\"Bola de Navidad 3 haakpatroon - Craftygenesindonesia\",\"isPartOf\":{\"@id\":\"https:\\\/\\\/craftygenesindonesia.com\\\/es\\\/#website\"},\"primaryImageOfPage\":{\"@id\":\"https:\\\/\\\/craftygenesindonesia.com\\\/es\\\/shop\\\/navidad\\\/bola-de-navidad-3\\\/#primaryimage\"},\"image\":{\"@id\":\"https:\\\/\\\/craftygenesindonesia.com\\\/es\\\/shop\\\/navidad\\\/bola-de-navidad-3\\\/#primaryimage\"},\"thumbnailUrl\":\"https:\\\/\\\/craftygenesindonesia.com\\\/wp-content\\\/uploads\\\/2023\\\/06\\\/Ornament-3.jpg\",\"datePublished\":\"2023-06-06T09:55:51+00:00\",\"dateModified\":\"2026-03-23T22:41:20+00:00\",\"description\":\"Pide aqu\u00ed el patr\u00f3n de ganchillo \\\"Bola de Navidad 3\\\". Es un patr\u00f3n de ganchillo f\u00e1cil de seguir para una sencilla pero bonita bola de Navidad.\",\"breadcrumb\":{\"@id\":\"https:\\\/\\\/craftygenesindonesia.com\\\/es\\\/shop\\\/navidad\\\/bola-de-navidad-3\\\/#breadcrumb\"},\"inLanguage\":\"es\",\"potentialAction\":[{\"@type\":\"ReadAction\",\"target\":[\"https:\\\/\\\/craftygenesindonesia.com\\\/es\\\/shop\\\/navidad\\\/bola-de-navidad-3\\\/\"]}]},{\"@type\":\"ImageObject\",\"inLanguage\":\"es\",\"@id\":\"https:\\\/\\\/craftygenesindonesia.com\\\/es\\\/shop\\\/navidad\\\/bola-de-navidad-3\\\/#primaryimage\",\"url\":\"https:\\\/\\\/craftygenesindonesia.com\\\/wp-content\\\/uploads\\\/2023\\\/06\\\/Ornament-3.jpg\",\"contentUrl\":\"https:\\\/\\\/craftygenesindonesia.com\\\/wp-content\\\/uploads\\\/2023\\\/06\\\/Ornament-3.jpg\",\"width\":1080,\"height\":1080,\"caption\":\"crochet Christmas ornament\"},{\"@type\":\"BreadcrumbList\",\"@id\":\"https:\\\/\\\/craftygenesindonesia.com\\\/es\\\/shop\\\/navidad\\\/bola-de-navidad-3\\\/#breadcrumb\",\"itemListElement\":[{\"@type\":\"ListItem\",\"position\":1,\"name\":\"Home\",\"item\":\"https:\\\/\\\/craftygenesindonesia.com\\\/es\\\/\"},{\"@type\":\"ListItem\",\"position\":2,\"name\":\"Tienda de patrones\",\"item\":\"https:\\\/\\\/craftygenesindonesia.com\\\/es\\\/tienda-de-patrones\\\/\"},{\"@type\":\"ListItem\",\"position\":3,\"name\":\"Bola de Navidad 3\"}]},{\"@type\":\"WebSite\",\"@id\":\"https:\\\/\\\/craftygenesindonesia.com\\\/es\\\/#website\",\"url\":\"https:\\\/\\\/craftygenesindonesia.com\\\/es\\\/\",\"name\":\"Craftygenesindonesia\",\"description\":\"\",\"publisher\":{\"@id\":\"https:\\\/\\\/craftygenesindonesia.com\\\/es\\\/#organization\"},\"potentialAction\":[{\"@type\":\"SearchAction\",\"target\":{\"@type\":\"EntryPoint\",\"urlTemplate\":\"https:\\\/\\\/craftygenesindonesia.com\\\/es\\\/?s={search_term_string}\"},\"query-input\":{\"@type\":\"PropertyValueSpecification\",\"valueRequired\":true,\"valueName\":\"search_term_string\"}}],\"inLanguage\":\"es\"},{\"@type\":\"Organization\",\"@id\":\"https:\\\/\\\/craftygenesindonesia.com\\\/es\\\/#organization\",\"name\":\"Craftygenesindonesia\",\"url\":\"https:\\\/\\\/craftygenesindonesia.com\\\/es\\\/\",\"logo\":{\"@type\":\"ImageObject\",\"inLanguage\":\"es\",\"@id\":\"https:\\\/\\\/craftygenesindonesia.com\\\/es\\\/#\\\/schema\\\/logo\\\/image\\\/\",\"url\":\"https:\\\/\\\/craftygenesindonesia.com\\\/wp-content\\\/uploads\\\/2025\\\/11\\\/cropped-Copy-of-Craftygenesindonesia.jpg\",\"contentUrl\":\"https:\\\/\\\/craftygenesindonesia.com\\\/wp-content\\\/uploads\\\/2025\\\/11\\\/cropped-Copy-of-Craftygenesindonesia.jpg\",\"width\":180,\"height\":60,\"caption\":\"Craftygenesindonesia\"},\"image\":{\"@id\":\"https:\\\/\\\/craftygenesindonesia.com\\\/es\\\/#\\\/schema\\\/logo\\\/image\\\/\"}}]}<\/script>\n<!-- \/ Yoast SEO plugin. -->","yoast_head_json":{"title":"Bola de Navidad 3 haakpatroon - Craftygenesindonesia","description":"Pide aqu\u00ed el patr\u00f3n de ganchillo \"Bola de Navidad 3\". Es un patr\u00f3n de ganchillo f\u00e1cil de seguir para una sencilla pero bonita bola de Navidad.","robots":{"index":"index","follow":"follow","max-snippet":"max-snippet:-1","max-image-preview":"max-image-preview:large","max-video-preview":"max-video-preview:-1"},"canonical":"https:\/\/craftygenesindonesia.com\/es\/shop\/navidad\/bola-de-navidad-3\/","og_locale":"es_ES","og_type":"article","og_title":"Bola de Navidad 3","og_description":"Pide aqu\u00ed el patr\u00f3n de ganchillo \"Bola de Navidad 3\". Es un patr\u00f3n de ganchillo f\u00e1cil de seguir para una sencilla pero bonita bola de Navidad.","og_url":"https:\/\/craftygenesindonesia.com\/es\/shop\/navidad\/bola-de-navidad-3\/","og_site_name":"Craftygenesindonesia","article_modified_time":"2026-03-23T22:41:20+00:00","og_image":[{"url":"https:\/\/craftygenesindonesia.com\/wp-content\/uploads\/2023\/05\/image0-11-300x300.jpeg","type":"","width":"","height":""}],"twitter_card":"summary_large_image","twitter_title":"Bola de Navidad 3","twitter_description":"Pide aqu\u00ed el patr\u00f3n de ganchillo \"Bola de Navidad 3\" en holand\u00e9s e ingl\u00e9s. Es un patr\u00f3n de ganchillo f\u00e1cil de seguir para una sencilla pero bonita bola de Navidad.","twitter_image":"https:\/\/craftygenesindonesia.com\/wp-content\/uploads\/2023\/05\/image0-11.jpeg","twitter_misc":{"Tiempo de lectura":"1 minuto"},"schema":{"@context":"https:\/\/schema.org","@graph":[{"@type":"WebPage","@id":"https:\/\/craftygenesindonesia.com\/es\/shop\/navidad\/bola-de-navidad-3\/","url":"https:\/\/craftygenesindonesia.com\/es\/shop\/navidad\/bola-de-navidad-3\/","name":"Bola de Navidad 3 haakpatroon - Craftygenesindonesia","isPartOf":{"@id":"https:\/\/craftygenesindonesia.com\/es\/#website"},"primaryImageOfPage":{"@id":"https:\/\/craftygenesindonesia.com\/es\/shop\/navidad\/bola-de-navidad-3\/#primaryimage"},"image":{"@id":"https:\/\/craftygenesindonesia.com\/es\/shop\/navidad\/bola-de-navidad-3\/#primaryimage"},"thumbnailUrl":"https:\/\/craftygenesindonesia.com\/wp-content\/uploads\/2023\/06\/Ornament-3.jpg","datePublished":"2023-06-06T09:55:51+00:00","dateModified":"2026-03-23T22:41:20+00:00","description":"Pide aqu\u00ed el patr\u00f3n de ganchillo \"Bola de Navidad 3\". Es un patr\u00f3n de ganchillo f\u00e1cil de seguir para una sencilla pero bonita bola de Navidad.","breadcrumb":{"@id":"https:\/\/craftygenesindonesia.com\/es\/shop\/navidad\/bola-de-navidad-3\/#breadcrumb"},"inLanguage":"es","potentialAction":[{"@type":"ReadAction","target":["https:\/\/craftygenesindonesia.com\/es\/shop\/navidad\/bola-de-navidad-3\/"]}]},{"@type":"ImageObject","inLanguage":"es","@id":"https:\/\/craftygenesindonesia.com\/es\/shop\/navidad\/bola-de-navidad-3\/#primaryimage","url":"https:\/\/craftygenesindonesia.com\/wp-content\/uploads\/2023\/06\/Ornament-3.jpg","contentUrl":"https:\/\/craftygenesindonesia.com\/wp-content\/uploads\/2023\/06\/Ornament-3.jpg","width":1080,"height":1080,"caption":"crochet Christmas ornament"},{"@type":"BreadcrumbList","@id":"https:\/\/craftygenesindonesia.com\/es\/shop\/navidad\/bola-de-navidad-3\/#breadcrumb","itemListElement":[{"@type":"ListItem","position":1,"name":"Home","item":"https:\/\/craftygenesindonesia.com\/es\/"},{"@type":"ListItem","position":2,"name":"Tienda de patrones","item":"https:\/\/craftygenesindonesia.com\/es\/tienda-de-patrones\/"},{"@type":"ListItem","position":3,"name":"Bola de Navidad 3"}]},{"@type":"WebSite","@id":"https:\/\/craftygenesindonesia.com\/es\/#website","url":"https:\/\/craftygenesindonesia.com\/es\/","name":"Craftygenesindonesia","description":"","publisher":{"@id":"https:\/\/craftygenesindonesia.com\/es\/#organization"},"potentialAction":[{"@type":"SearchAction","target":{"@type":"EntryPoint","urlTemplate":"https:\/\/craftygenesindonesia.com\/es\/?s={search_term_string}"},"query-input":{"@type":"PropertyValueSpecification","valueRequired":true,"valueName":"search_term_string"}}],"inLanguage":"es"},{"@type":"Organization","@id":"https:\/\/craftygenesindonesia.com\/es\/#organization","name":"Craftygenesindonesia","url":"https:\/\/craftygenesindonesia.com\/es\/","logo":{"@type":"ImageObject","inLanguage":"es","@id":"https:\/\/craftygenesindonesia.com\/es\/#\/schema\/logo\/image\/","url":"https:\/\/craftygenesindonesia.com\/wp-content\/uploads\/2025\/11\/cropped-Copy-of-Craftygenesindonesia.jpg","contentUrl":"https:\/\/craftygenesindonesia.com\/wp-content\/uploads\/2025\/11\/cropped-Copy-of-Craftygenesindonesia.jpg","width":180,"height":60,"caption":"Craftygenesindonesia"},"image":{"@id":"https:\/\/craftygenesindonesia.com\/es\/#\/schema\/logo\/image\/"}}]}},"_links":{"self":[{"href":"https:\/\/craftygenesindonesia.com\/es\/wp-json\/wp\/v2\/product\/17372","targetHints":{"allow":["GET"]}}],"collection":[{"href":"https:\/\/craftygenesindonesia.com\/es\/wp-json\/wp\/v2\/product"}],"about":[{"href":"https:\/\/craftygenesindonesia.com\/es\/wp-json\/wp\/v2\/types\/product"}],"replies":[{"embeddable":true,"href":"https:\/\/craftygenesindonesia.com\/es\/wp-json\/wp\/v2\/comments?post=17372"}],"wp:featuredmedia":[{"embeddable":true,"href":"https:\/\/craftygenesindonesia.com\/es\/wp-json\/wp\/v2\/media\/987522536"}],"wp:attachment":[{"href":"https:\/\/craftygenesindonesia.com\/es\/wp-json\/wp\/v2\/media?parent=17372"}],"wp:term":[{"taxonomy":"product_brand","embeddable":true,"href":"https:\/\/craftygenesindonesia.com\/es\/wp-json\/wp\/v2\/product_brand?post=17372"},{"taxonomy":"product_cat","embeddable":true,"href":"https:\/\/craftygenesindonesia.com\/es\/wp-json\/wp\/v2\/product_cat?post=17372"},{"taxonomy":"product_tag","embeddable":true,"href":"https:\/\/craftygenesindonesia.com\/es\/wp-json\/wp\/v2\/product_tag?post=17372"}],"curies":[{"name":"wp","href":"https:\/\/api.w.org\/{rel}","templated":true}]}}