{"id":17358,"date":"2023-07-07T07:36:31","date_gmt":"2023-07-06T23:36:31","guid":{"rendered":"https:\/\/craftygenesindonesia.com\/?post_type=product&#038;p=17358"},"modified":"2026-03-24T06:18:30","modified_gmt":"2026-03-23T22:18:30","slug":"nuestra-senora-de-lourdes-con-santa-bernadette","status":"publish","type":"product","link":"https:\/\/craftygenesindonesia.com\/es\/shop\/religioso\/nuestra-senora-de-lourdes-con-santa-bernadette\/","title":{"rendered":"Nuestra Se\u00f1ora de Lourdes con Santa Bernadette"},"content":{"rendered":"<p>Mide 39 cm y est\u00e1 hecho con hilo de 4 cabos (tama\u00f1o 3) apto para amigurumi y un ganchillo de 2 mm.<\/p>\n<p>&nbsp;<\/p>\n<p>Necesitar\u00e1 los siguientes colores: azul &#8211; marr\u00f3n oscuro &#8211; verde oscuro &#8211; 4 tonos de gris &#8211; azul claro &#8211; magenta &#8211; dorado met\u00e1lico &#8211; blanco leche &#8211; naranja &#8211; rojo &#8211; color piel<\/p>\n<p>&nbsp;<\/p>\n<p>Aguja de ganchillo: tama\u00f1o 2 mm<\/p>\n<p>&nbsp;<\/p>\n<p>Tambi\u00e9n necesitar\u00e1s: relleno &#8211; marcadores de puntos &#8211; alfileres de cabeza &#8211; aguja de encintar &#8211; aguja de coser &#8211; hilo de coser blanco &#8211; tijeras &#8211; l\u00e1piz &#8211; pegamento &#8211; pistola de pegamento &#8211; regla &#8211; cutter &#8211; 2 bastoncillos de algod\u00f3n &#8211; papel &#8211; cinta m\u00e9trica &#8211; cart\u00f3n &#8211; hilo de aluminio &#8211; espuma eva o una esterilla de yoga razonablemente r\u00edgida o una tabla de espuma &#8211; cruces &#8211; cuentas<\/p>\n<p>&nbsp;<\/p>\n<p>Este patr\u00f3n de ganchillo contiene muchas im\u00e1genes para ayudarte. Si todav\u00eda tienes alguna pregunta, no dudes en ponerte en contacto conmigo: craftygenesindonesia@gmail.com<\/p>\n<p>&nbsp;<\/p>\n<p>Este patr\u00f3n es un patr\u00f3n PAGADO y hay un COPYRIGHT en \u00e9l. Por lo tanto, el patr\u00f3n es s\u00f3lo para uso personal y NO puede ser copiado, vendido, revendido, traducido, reclamado como su dise\u00f1o, distribuido, compartido, publicado, publicado en l\u00ednea &#8230; en cualquier forma sin mi permiso. Ni siquiera una parte.<\/p>\n<p>&nbsp;<\/p>\n<p>Puedes vender la Virgen de Lourdes con Santa Bernadette terminada en peque\u00f1as cantidades, \u00a1pero NO EL PATR\u00d3N MISMO! Por favor, mencionad que el patr\u00f3n es de Craftygenesindonesia y d\u00f3nde se puede comprar.<\/p>\n<p>&nbsp;<\/p>\n<p>Colores de catona para los que quieran usar catona:<\/p>\n<p>Azul: 201 Electric Blue<\/p>\n<p>Verde oscuro: 391 Deep Ocean<\/p>\n<p>Gris 1: 242 Metal Grey<\/p>\n<p>Gris 2: 074 Mercury<\/p>\n<p>Gris 3: 501 Antracite<\/p>\n<p>Gris 4: 393 Charcoal<\/p>\n<p>Magenta: 413 Cherry<\/p>\n<p>Blanco leche: 130 Old Lace<\/p>\n<p>Naranja: 411 Sweet Orange<\/p>\n<p>Rojo: 115 Hot Red<\/p>\n<p>Color piel: 255 Shell<\/p>\n<p>Marr\u00f3n oscuro: 162 Black Coffee<\/p>\n<p>Azul claro: 173 Bluebell<\/p>\n","protected":false},"excerpt":{"rendered":"<p>En este divertido patr\u00f3n, tienes todo lo que ves en la imagen = Nuestra Se\u00f1ora de Lourdes, Santa Bernadette, la gruta y la plataforma con rocas y rosas.<\/p>\n","protected":false},"featured_media":987525870,"comment_status":"open","ping_status":"closed","template":"","meta":{"_acf_changed":false},"product_brand":[],"product_cat":[3077],"product_tag":[12103,12090,12092,10972,12102,12104,11335,10091,11400,11505,8809,11576,8813,10281,12108],"class_list":{"0":"post-17358","1":"product","2":"type-product","3":"status-publish","4":"has-post-thumbnail","6":"product_cat-religioso","7":"product_tag-blessed-mary-es","8":"product_tag-catholic-es","9":"product_tag-christian-es","10":"product_tag-cueva-es","11":"product_tag-holy-mary-es","12":"product_tag-holy-saint-mary-es","13":"product_tag-lourdes-es","14":"product_tag-mary-es","15":"product_tag-nuestra-senora-es","16":"product_tag-rosas-es","17":"product_tag-san","18":"product_tag-santa-bernadette","19":"product_tag-santo-es","20":"product_tag-santo-catolico","21":"product_tag-virgin-mary-es","22":"pa_available_on-craftygenesindonesia","23":"pa_available_on-etsy","24":"pa_available_on-haked-nl","25":"pa_available_on-payhip","26":"pa_available_on-ravelry","27":"pa_languages-aleman","28":"pa_languages-espanol","29":"pa_languages-estados-unidos-ingles","30":"pa_languages-frances","31":"pa_languages-holandes","33":"first","34":"instock","35":"downloadable","36":"virtual","37":"purchasable","38":"product-type-simple"},"acf":[],"yoast_head":"<!-- This site is optimized with the Yoast SEO plugin v27.3 - https:\/\/yoast.com\/product\/yoast-seo-wordpress\/ -->\n<title>Nuestra Se\u00f1ora de Lourdes con Santa Bernadette patr\u00f3n de ganchillo<\/title>\n<meta name=\"description\" content=\"Compre aqu\u00ed mi patr\u00f3n de ganchillo \u00abNuestra Se\u00f1ora de Lourdes con Santa Bernadette\u00bb. Tambi\u00e9n disponible en Etsy, Haked, Raverly, Payhip\" \/>\n<meta name=\"robots\" content=\"index, follow, max-snippet:-1, max-image-preview:large, max-video-preview:-1\" \/>\n<link rel=\"canonical\" href=\"https:\/\/craftygenesindonesia.com\/es\/shop\/religioso\/nuestra-senora-de-lourdes-con-santa-bernadette\/\" \/>\n<meta property=\"og:locale\" content=\"es_ES\" \/>\n<meta property=\"og:type\" content=\"article\" \/>\n<meta property=\"og:title\" content=\"Patr\u00f3n de ganchillo \u00abNuestra Se\u00f1ora de Lourdes con Santa Bernadette\u00bb\" \/>\n<meta property=\"og:description\" content=\"Compre aqu\u00ed mi patr\u00f3n de ganchillo \u00abNuestra Se\u00f1ora de Lourdes con Santa Bernadette\u00bb. Tambi\u00e9n disponible en Etsy, Haked, Raverly, Payhip\" \/>\n<meta property=\"og:url\" content=\"https:\/\/craftygenesindonesia.com\/es\/shop\/religioso\/nuestra-senora-de-lourdes-con-santa-bernadette\/\" \/>\n<meta property=\"og:site_name\" content=\"Craftygenesindonesia\" \/>\n<meta property=\"article:modified_time\" content=\"2026-03-23T22:18:30+00:00\" \/>\n<meta property=\"og:image\" content=\"https:\/\/craftygenesindonesia.com\/wp-content\/uploads\/2023\/07\/Our-Lady-Lourdes-1.jpg\" \/>\n\t<meta property=\"og:image:width\" content=\"1080\" \/>\n\t<meta property=\"og:image:height\" content=\"1080\" \/>\n\t<meta property=\"og:image:type\" content=\"image\/jpeg\" \/>\n<meta name=\"twitter:card\" content=\"summary_large_image\" \/>\n<meta name=\"twitter:title\" content=\"Nuestra Se\u00f1ora de Lourdes con Santa Bernadette\" \/>\n<meta name=\"twitter:description\" content=\"Pida mi patr\u00f3n de ganchillo &quot;Nuestra Se\u00f1ora de Lourdes con Santa Bernadette&quot; en holand\u00e9s, ingl\u00e9s, espa\u00f1ol y franc\u00e9s aqu\u00ed. Tambi\u00e9n en Etsy, Haked &amp; Ravelry.\" \/>\n<meta name=\"twitter:image\" content=\"https:\/\/craftygenesindonesia.com\/wp-content\/uploads\/2023\/07\/3BFE1BD1-3FBD-42E7-B7C8-B10113C0B84C.png\" \/>\n<meta name=\"twitter:label1\" content=\"Tiempo de lectura\" \/>\n\t<meta name=\"twitter:data1\" content=\"2 minutos\" \/>\n<script type=\"application\/ld+json\" class=\"yoast-schema-graph\">{\"@context\":\"https:\\\/\\\/schema.org\",\"@graph\":[{\"@type\":\"WebPage\",\"@id\":\"https:\\\/\\\/craftygenesindonesia.com\\\/es\\\/shop\\\/religioso\\\/nuestra-senora-de-lourdes-con-santa-bernadette\\\/\",\"url\":\"https:\\\/\\\/craftygenesindonesia.com\\\/es\\\/shop\\\/religioso\\\/nuestra-senora-de-lourdes-con-santa-bernadette\\\/\",\"name\":\"Nuestra Se\u00f1ora de Lourdes con Santa Bernadette patr\u00f3n de ganchillo\",\"isPartOf\":{\"@id\":\"https:\\\/\\\/craftygenesindonesia.com\\\/es\\\/#website\"},\"primaryImageOfPage\":{\"@id\":\"https:\\\/\\\/craftygenesindonesia.com\\\/es\\\/shop\\\/religioso\\\/nuestra-senora-de-lourdes-con-santa-bernadette\\\/#primaryimage\"},\"image\":{\"@id\":\"https:\\\/\\\/craftygenesindonesia.com\\\/es\\\/shop\\\/religioso\\\/nuestra-senora-de-lourdes-con-santa-bernadette\\\/#primaryimage\"},\"thumbnailUrl\":\"https:\\\/\\\/craftygenesindonesia.com\\\/wp-content\\\/uploads\\\/2023\\\/07\\\/Our-Lady-Lourdes-1.jpg\",\"datePublished\":\"2023-07-06T23:36:31+00:00\",\"dateModified\":\"2026-03-23T22:18:30+00:00\",\"description\":\"Compre aqu\u00ed mi patr\u00f3n de ganchillo \u00abNuestra Se\u00f1ora de Lourdes con Santa Bernadette\u00bb. Tambi\u00e9n disponible en Etsy, Haked, Raverly, Payhip\",\"breadcrumb\":{\"@id\":\"https:\\\/\\\/craftygenesindonesia.com\\\/es\\\/shop\\\/religioso\\\/nuestra-senora-de-lourdes-con-santa-bernadette\\\/#breadcrumb\"},\"inLanguage\":\"es\",\"potentialAction\":[{\"@type\":\"ReadAction\",\"target\":[\"https:\\\/\\\/craftygenesindonesia.com\\\/es\\\/shop\\\/religioso\\\/nuestra-senora-de-lourdes-con-santa-bernadette\\\/\"]}]},{\"@type\":\"ImageObject\",\"inLanguage\":\"es\",\"@id\":\"https:\\\/\\\/craftygenesindonesia.com\\\/es\\\/shop\\\/religioso\\\/nuestra-senora-de-lourdes-con-santa-bernadette\\\/#primaryimage\",\"url\":\"https:\\\/\\\/craftygenesindonesia.com\\\/wp-content\\\/uploads\\\/2023\\\/07\\\/Our-Lady-Lourdes-1.jpg\",\"contentUrl\":\"https:\\\/\\\/craftygenesindonesia.com\\\/wp-content\\\/uploads\\\/2023\\\/07\\\/Our-Lady-Lourdes-1.jpg\",\"width\":1080,\"height\":1080,\"caption\":\"crochet Our Lady of Lourdes in crochet grotto with crochet St Bernadette\"},{\"@type\":\"BreadcrumbList\",\"@id\":\"https:\\\/\\\/craftygenesindonesia.com\\\/es\\\/shop\\\/religioso\\\/nuestra-senora-de-lourdes-con-santa-bernadette\\\/#breadcrumb\",\"itemListElement\":[{\"@type\":\"ListItem\",\"position\":1,\"name\":\"Home\",\"item\":\"https:\\\/\\\/craftygenesindonesia.com\\\/es\\\/\"},{\"@type\":\"ListItem\",\"position\":2,\"name\":\"Tienda de patrones\",\"item\":\"https:\\\/\\\/craftygenesindonesia.com\\\/es\\\/tienda-de-patrones\\\/\"},{\"@type\":\"ListItem\",\"position\":3,\"name\":\"Nuestra Se\u00f1ora de Lourdes con Santa Bernadette\"}]},{\"@type\":\"WebSite\",\"@id\":\"https:\\\/\\\/craftygenesindonesia.com\\\/es\\\/#website\",\"url\":\"https:\\\/\\\/craftygenesindonesia.com\\\/es\\\/\",\"name\":\"Craftygenesindonesia\",\"description\":\"\",\"publisher\":{\"@id\":\"https:\\\/\\\/craftygenesindonesia.com\\\/es\\\/#organization\"},\"potentialAction\":[{\"@type\":\"SearchAction\",\"target\":{\"@type\":\"EntryPoint\",\"urlTemplate\":\"https:\\\/\\\/craftygenesindonesia.com\\\/es\\\/?s={search_term_string}\"},\"query-input\":{\"@type\":\"PropertyValueSpecification\",\"valueRequired\":true,\"valueName\":\"search_term_string\"}}],\"inLanguage\":\"es\"},{\"@type\":\"Organization\",\"@id\":\"https:\\\/\\\/craftygenesindonesia.com\\\/es\\\/#organization\",\"name\":\"Craftygenesindonesia\",\"url\":\"https:\\\/\\\/craftygenesindonesia.com\\\/es\\\/\",\"logo\":{\"@type\":\"ImageObject\",\"inLanguage\":\"es\",\"@id\":\"https:\\\/\\\/craftygenesindonesia.com\\\/es\\\/#\\\/schema\\\/logo\\\/image\\\/\",\"url\":\"https:\\\/\\\/craftygenesindonesia.com\\\/wp-content\\\/uploads\\\/2025\\\/11\\\/cropped-Copy-of-Craftygenesindonesia.jpg\",\"contentUrl\":\"https:\\\/\\\/craftygenesindonesia.com\\\/wp-content\\\/uploads\\\/2025\\\/11\\\/cropped-Copy-of-Craftygenesindonesia.jpg\",\"width\":180,\"height\":60,\"caption\":\"Craftygenesindonesia\"},\"image\":{\"@id\":\"https:\\\/\\\/craftygenesindonesia.com\\\/es\\\/#\\\/schema\\\/logo\\\/image\\\/\"}}]}<\/script>\n<!-- \/ Yoast SEO plugin. -->","yoast_head_json":{"title":"Nuestra Se\u00f1ora de Lourdes con Santa Bernadette patr\u00f3n de ganchillo","description":"Compre aqu\u00ed mi patr\u00f3n de ganchillo \u00abNuestra Se\u00f1ora de Lourdes con Santa Bernadette\u00bb. Tambi\u00e9n disponible en Etsy, Haked, Raverly, Payhip","robots":{"index":"index","follow":"follow","max-snippet":"max-snippet:-1","max-image-preview":"max-image-preview:large","max-video-preview":"max-video-preview:-1"},"canonical":"https:\/\/craftygenesindonesia.com\/es\/shop\/religioso\/nuestra-senora-de-lourdes-con-santa-bernadette\/","og_locale":"es_ES","og_type":"article","og_title":"Patr\u00f3n de ganchillo \u00abNuestra Se\u00f1ora de Lourdes con Santa Bernadette\u00bb","og_description":"Compre aqu\u00ed mi patr\u00f3n de ganchillo \u00abNuestra Se\u00f1ora de Lourdes con Santa Bernadette\u00bb. Tambi\u00e9n disponible en Etsy, Haked, Raverly, Payhip","og_url":"https:\/\/craftygenesindonesia.com\/es\/shop\/religioso\/nuestra-senora-de-lourdes-con-santa-bernadette\/","og_site_name":"Craftygenesindonesia","article_modified_time":"2026-03-23T22:18:30+00:00","og_image":[{"width":1080,"height":1080,"url":"https:\/\/craftygenesindonesia.com\/wp-content\/uploads\/2023\/07\/Our-Lady-Lourdes-1.jpg","type":"image\/jpeg"}],"twitter_card":"summary_large_image","twitter_title":"Nuestra Se\u00f1ora de Lourdes con Santa Bernadette","twitter_description":"Pida mi patr\u00f3n de ganchillo \"Nuestra Se\u00f1ora de Lourdes con Santa Bernadette\" en holand\u00e9s, ingl\u00e9s, espa\u00f1ol y franc\u00e9s aqu\u00ed. Tambi\u00e9n en Etsy, Haked & Ravelry.","twitter_image":"https:\/\/craftygenesindonesia.com\/wp-content\/uploads\/2023\/07\/3BFE1BD1-3FBD-42E7-B7C8-B10113C0B84C.png","twitter_misc":{"Tiempo de lectura":"2 minutos"},"schema":{"@context":"https:\/\/schema.org","@graph":[{"@type":"WebPage","@id":"https:\/\/craftygenesindonesia.com\/es\/shop\/religioso\/nuestra-senora-de-lourdes-con-santa-bernadette\/","url":"https:\/\/craftygenesindonesia.com\/es\/shop\/religioso\/nuestra-senora-de-lourdes-con-santa-bernadette\/","name":"Nuestra Se\u00f1ora de Lourdes con Santa Bernadette patr\u00f3n de ganchillo","isPartOf":{"@id":"https:\/\/craftygenesindonesia.com\/es\/#website"},"primaryImageOfPage":{"@id":"https:\/\/craftygenesindonesia.com\/es\/shop\/religioso\/nuestra-senora-de-lourdes-con-santa-bernadette\/#primaryimage"},"image":{"@id":"https:\/\/craftygenesindonesia.com\/es\/shop\/religioso\/nuestra-senora-de-lourdes-con-santa-bernadette\/#primaryimage"},"thumbnailUrl":"https:\/\/craftygenesindonesia.com\/wp-content\/uploads\/2023\/07\/Our-Lady-Lourdes-1.jpg","datePublished":"2023-07-06T23:36:31+00:00","dateModified":"2026-03-23T22:18:30+00:00","description":"Compre aqu\u00ed mi patr\u00f3n de ganchillo \u00abNuestra Se\u00f1ora de Lourdes con Santa Bernadette\u00bb. Tambi\u00e9n disponible en Etsy, Haked, Raverly, Payhip","breadcrumb":{"@id":"https:\/\/craftygenesindonesia.com\/es\/shop\/religioso\/nuestra-senora-de-lourdes-con-santa-bernadette\/#breadcrumb"},"inLanguage":"es","potentialAction":[{"@type":"ReadAction","target":["https:\/\/craftygenesindonesia.com\/es\/shop\/religioso\/nuestra-senora-de-lourdes-con-santa-bernadette\/"]}]},{"@type":"ImageObject","inLanguage":"es","@id":"https:\/\/craftygenesindonesia.com\/es\/shop\/religioso\/nuestra-senora-de-lourdes-con-santa-bernadette\/#primaryimage","url":"https:\/\/craftygenesindonesia.com\/wp-content\/uploads\/2023\/07\/Our-Lady-Lourdes-1.jpg","contentUrl":"https:\/\/craftygenesindonesia.com\/wp-content\/uploads\/2023\/07\/Our-Lady-Lourdes-1.jpg","width":1080,"height":1080,"caption":"crochet Our Lady of Lourdes in crochet grotto with crochet St Bernadette"},{"@type":"BreadcrumbList","@id":"https:\/\/craftygenesindonesia.com\/es\/shop\/religioso\/nuestra-senora-de-lourdes-con-santa-bernadette\/#breadcrumb","itemListElement":[{"@type":"ListItem","position":1,"name":"Home","item":"https:\/\/craftygenesindonesia.com\/es\/"},{"@type":"ListItem","position":2,"name":"Tienda de patrones","item":"https:\/\/craftygenesindonesia.com\/es\/tienda-de-patrones\/"},{"@type":"ListItem","position":3,"name":"Nuestra Se\u00f1ora de Lourdes con Santa Bernadette"}]},{"@type":"WebSite","@id":"https:\/\/craftygenesindonesia.com\/es\/#website","url":"https:\/\/craftygenesindonesia.com\/es\/","name":"Craftygenesindonesia","description":"","publisher":{"@id":"https:\/\/craftygenesindonesia.com\/es\/#organization"},"potentialAction":[{"@type":"SearchAction","target":{"@type":"EntryPoint","urlTemplate":"https:\/\/craftygenesindonesia.com\/es\/?s={search_term_string}"},"query-input":{"@type":"PropertyValueSpecification","valueRequired":true,"valueName":"search_term_string"}}],"inLanguage":"es"},{"@type":"Organization","@id":"https:\/\/craftygenesindonesia.com\/es\/#organization","name":"Craftygenesindonesia","url":"https:\/\/craftygenesindonesia.com\/es\/","logo":{"@type":"ImageObject","inLanguage":"es","@id":"https:\/\/craftygenesindonesia.com\/es\/#\/schema\/logo\/image\/","url":"https:\/\/craftygenesindonesia.com\/wp-content\/uploads\/2025\/11\/cropped-Copy-of-Craftygenesindonesia.jpg","contentUrl":"https:\/\/craftygenesindonesia.com\/wp-content\/uploads\/2025\/11\/cropped-Copy-of-Craftygenesindonesia.jpg","width":180,"height":60,"caption":"Craftygenesindonesia"},"image":{"@id":"https:\/\/craftygenesindonesia.com\/es\/#\/schema\/logo\/image\/"}}]}},"_links":{"self":[{"href":"https:\/\/craftygenesindonesia.com\/es\/wp-json\/wp\/v2\/product\/17358","targetHints":{"allow":["GET"]}}],"collection":[{"href":"https:\/\/craftygenesindonesia.com\/es\/wp-json\/wp\/v2\/product"}],"about":[{"href":"https:\/\/craftygenesindonesia.com\/es\/wp-json\/wp\/v2\/types\/product"}],"replies":[{"embeddable":true,"href":"https:\/\/craftygenesindonesia.com\/es\/wp-json\/wp\/v2\/comments?post=17358"}],"wp:featuredmedia":[{"embeddable":true,"href":"https:\/\/craftygenesindonesia.com\/es\/wp-json\/wp\/v2\/media\/987525870"}],"wp:attachment":[{"href":"https:\/\/craftygenesindonesia.com\/es\/wp-json\/wp\/v2\/media?parent=17358"}],"wp:term":[{"taxonomy":"product_brand","embeddable":true,"href":"https:\/\/craftygenesindonesia.com\/es\/wp-json\/wp\/v2\/product_brand?post=17358"},{"taxonomy":"product_cat","embeddable":true,"href":"https:\/\/craftygenesindonesia.com\/es\/wp-json\/wp\/v2\/product_cat?post=17358"},{"taxonomy":"product_tag","embeddable":true,"href":"https:\/\/craftygenesindonesia.com\/es\/wp-json\/wp\/v2\/product_tag?post=17358"}],"curies":[{"name":"wp","href":"https:\/\/api.w.org\/{rel}","templated":true}]}}