{"id":987540035,"date":"2022-10-30T14:37:28","date_gmt":"2022-10-30T06:37:28","guid":{"rendered":"https:\/\/craftygenesindonesia.com\/enlaces-craftygenesindonesia\/"},"modified":"2026-03-18T06:30:24","modified_gmt":"2026-03-17T22:30:24","slug":"enlaces-craftygenesindonesia","status":"publish","type":"page","link":"https:\/\/craftygenesindonesia.com\/es\/enlaces-craftygenesindonesia\/","title":{"rendered":"Enlaces Craftygenesindonesia"},"content":{"rendered":"<div class=\"et_pb_section_0 et_pb_section et_section_regular et_flex_section\"><span class=\"et_pb_background_pattern\"><\/span>\n<div class=\"et_pb_row_0 et_pb_row et_flex_row et_flex_column_24_24 et_flex_column_24_24_tablet et_flex_column_24_24_phone\">\n<div class=\"et_pb_column_0 et_pb_column et-last-child et_flex_column et_pb_css_mix_blend_mode_passthrough et_flex_column_24_24 et_flex_column_24_24_tablet et_flex_column_24_24_phone\">\n<div class=\"et_pb_heading_0 et_pb_heading et_pb_module et_flex_module\"><div class=\"et_pb_heading_container\"><h1 class=\"et_pb_module_header\">Enlaces Craftygenesindonesia<\/h1><\/div><\/div>\n<\/div>\n<\/div>\n\n<div class=\"et_pb_row_1 et_pb_row et_flex_row\">\n<div class=\"et_pb_column_1 et_pb_column et-last-child et_flex_column et_pb_css_mix_blend_mode_passthrough et_flex_column_24_24 et_flex_column_24_24_tablet et_flex_column_24_24_phone\">\n<div class=\"et_pb_text_0 et_pb_text et_pb_bg_layout_light et_clickable et_pb_module et_flex_module\"><div class=\"et_pb_text_inner\"><p>Mi tienda en Craftygenesindonesia.com<\/p>\n<\/div><\/div>\n\n<div class=\"et_pb_text_1 et_pb_text et_pb_bg_layout_light et_clickable et_pb_module et_flex_module\"><div class=\"et_pb_text_inner\"><p>Mi tienda oficial en Etsy<\/p>\n<\/div><\/div>\n\n<div class=\"et_pb_text_2 et_pb_text et_pb_bg_layout_light et_clickable et_pb_module et_flex_module\"><div class=\"et_pb_text_inner\"><p>Mi tienda oficial en Haked.nl<\/p>\n<\/div><\/div>\n\n<div class=\"et_pb_text_3 et_pb_text et_pb_bg_layout_light et_clickable et_pb_module et_flex_module\"><div class=\"et_pb_text_inner\"><p>Mi tienda oficial en Ravelry<\/p>\n<\/div><\/div>\n\n<div class=\"et_pb_text_4 et_pb_text et_pb_bg_layout_light et_clickable et_pb_module et_flex_module\"><div class=\"et_pb_text_inner\"><p>Mi tienda oficial en Payhip<\/p>\n<\/div><\/div>\n\n<div class=\"et_pb_text_5 et_pb_text et_pb_bg_layout_light et_clickable et_pb_module et_flex_module\"><div class=\"et_pb_text_inner\"><p>Mi tienda oficial en Creative Fabrica<\/p>\n<\/div><\/div>\n<\/div>\n<\/div>\n<\/div>","protected":false},"excerpt":{"rendered":"","protected":false},"author":1,"featured_media":0,"parent":0,"menu_order":0,"comment_status":"closed","ping_status":"closed","template":"","meta":{"_acf_changed":false,"footnotes":""},"class_list":["post-987540035","page","type-page","status-publish","hentry"],"acf":[],"yoast_head":"<!-- This site is optimized with the Yoast SEO plugin v27.5 - https:\/\/yoast.com\/product\/yoast-seo-wordpress\/ -->\n<title>Enlaces Craftygenesindonesia - Craftygenesindonesia - ImagiHeaven<\/title>\n<meta name=\"description\" content=\"Aqu\u00ed encontrar\u00e1s todos los enlaces a los sitios donde puedes encontrar mis patrones de ganchillo y punto de Craftygenesindonesia, adem\u00e1s de mis imprimibles de ImagiHeaven\" \/>\n<meta name=\"robots\" content=\"index, follow, max-snippet:-1, max-image-preview:large, max-video-preview:-1\" \/>\n<link rel=\"canonical\" href=\"https:\/\/craftygenesindonesia.com\/es\/enlaces-craftygenesindonesia\/\" \/>\n<meta property=\"og:locale\" content=\"es_ES\" \/>\n<meta property=\"og:type\" content=\"article\" \/>\n<meta property=\"og:title\" content=\"Links Craftygenesindonesia - ImagiHeaven\" \/>\n<meta property=\"og:description\" content=\"Aqu\u00ed encontrar\u00e1s todos los enlaces a los sitios donde puedes encontrar mis patrones de ganchillo y punto de Craftygenesindonesia, adem\u00e1s de mis imprimibles de ImagiHeaven\" \/>\n<meta property=\"og:url\" content=\"https:\/\/craftygenesindonesia.com\/es\/enlaces-craftygenesindonesia\/\" \/>\n<meta property=\"og:site_name\" content=\"Craftygenesindonesia\" \/>\n<meta property=\"article:modified_time\" content=\"2026-03-17T22:30:24+00:00\" \/>\n<meta name=\"twitter:card\" content=\"summary_large_image\" \/>\n<meta name=\"twitter:title\" content=\"Links Craftygenesindonesia - ImagiHeaven\" \/>\n<meta name=\"twitter:description\" content=\"Aqu\u00ed encontrar\u00e1s todos los enlaces a los sitios donde puedes encontrar mis patrones de ganchillo y punto de Craftygenesindonesia, adem\u00e1s de mis imprimibles de ImagiHeaven\" \/>\n<script type=\"application\/ld+json\" class=\"yoast-schema-graph\">{\"@context\":\"https:\\\/\\\/schema.org\",\"@graph\":[{\"@type\":\"WebPage\",\"@id\":\"https:\\\/\\\/craftygenesindonesia.com\\\/es\\\/enlaces-craftygenesindonesia\\\/\",\"url\":\"https:\\\/\\\/craftygenesindonesia.com\\\/es\\\/enlaces-craftygenesindonesia\\\/\",\"name\":\"Enlaces Craftygenesindonesia - Craftygenesindonesia - ImagiHeaven\",\"isPartOf\":{\"@id\":\"https:\\\/\\\/craftygenesindonesia.com\\\/es\\\/#website\"},\"datePublished\":\"2022-10-30T06:37:28+00:00\",\"dateModified\":\"2026-03-17T22:30:24+00:00\",\"description\":\"Aqu\u00ed encontrar\u00e1s todos los enlaces a los sitios donde puedes encontrar mis patrones de ganchillo y punto de Craftygenesindonesia, adem\u00e1s de mis imprimibles de ImagiHeaven\",\"breadcrumb\":{\"@id\":\"https:\\\/\\\/craftygenesindonesia.com\\\/es\\\/enlaces-craftygenesindonesia\\\/#breadcrumb\"},\"inLanguage\":\"es\",\"potentialAction\":[{\"@type\":\"ReadAction\",\"target\":[\"https:\\\/\\\/craftygenesindonesia.com\\\/es\\\/enlaces-craftygenesindonesia\\\/\"]}]},{\"@type\":\"BreadcrumbList\",\"@id\":\"https:\\\/\\\/craftygenesindonesia.com\\\/es\\\/enlaces-craftygenesindonesia\\\/#breadcrumb\",\"itemListElement\":[{\"@type\":\"ListItem\",\"position\":1,\"name\":\"Home\",\"item\":\"https:\\\/\\\/craftygenesindonesia.com\\\/es\\\/\"},{\"@type\":\"ListItem\",\"position\":2,\"name\":\"Enlaces Craftygenesindonesia\"}]},{\"@type\":\"WebSite\",\"@id\":\"https:\\\/\\\/craftygenesindonesia.com\\\/es\\\/#website\",\"url\":\"https:\\\/\\\/craftygenesindonesia.com\\\/es\\\/\",\"name\":\"Craftygenesindonesia\",\"description\":\"\",\"publisher\":{\"@id\":\"https:\\\/\\\/craftygenesindonesia.com\\\/es\\\/#organization\"},\"potentialAction\":[{\"@type\":\"SearchAction\",\"target\":{\"@type\":\"EntryPoint\",\"urlTemplate\":\"https:\\\/\\\/craftygenesindonesia.com\\\/es\\\/?s={search_term_string}\"},\"query-input\":{\"@type\":\"PropertyValueSpecification\",\"valueRequired\":true,\"valueName\":\"search_term_string\"}}],\"inLanguage\":\"es\"},{\"@type\":\"Organization\",\"@id\":\"https:\\\/\\\/craftygenesindonesia.com\\\/es\\\/#organization\",\"name\":\"Craftygenesindonesia\",\"url\":\"https:\\\/\\\/craftygenesindonesia.com\\\/es\\\/\",\"logo\":{\"@type\":\"ImageObject\",\"inLanguage\":\"es\",\"@id\":\"https:\\\/\\\/craftygenesindonesia.com\\\/es\\\/#\\\/schema\\\/logo\\\/image\\\/\",\"url\":\"https:\\\/\\\/craftygenesindonesia.com\\\/wp-content\\\/uploads\\\/2025\\\/11\\\/cropped-Copy-of-Craftygenesindonesia.jpg\",\"contentUrl\":\"https:\\\/\\\/craftygenesindonesia.com\\\/wp-content\\\/uploads\\\/2025\\\/11\\\/cropped-Copy-of-Craftygenesindonesia.jpg\",\"width\":180,\"height\":60,\"caption\":\"Craftygenesindonesia\"},\"image\":{\"@id\":\"https:\\\/\\\/craftygenesindonesia.com\\\/es\\\/#\\\/schema\\\/logo\\\/image\\\/\"}}]}<\/script>\n<!-- \/ Yoast SEO plugin. -->","yoast_head_json":{"title":"Enlaces Craftygenesindonesia - Craftygenesindonesia - ImagiHeaven","description":"Aqu\u00ed encontrar\u00e1s todos los enlaces a los sitios donde puedes encontrar mis patrones de ganchillo y punto de Craftygenesindonesia, adem\u00e1s de mis imprimibles de ImagiHeaven","robots":{"index":"index","follow":"follow","max-snippet":"max-snippet:-1","max-image-preview":"max-image-preview:large","max-video-preview":"max-video-preview:-1"},"canonical":"https:\/\/craftygenesindonesia.com\/es\/enlaces-craftygenesindonesia\/","og_locale":"es_ES","og_type":"article","og_title":"Links Craftygenesindonesia - ImagiHeaven","og_description":"Aqu\u00ed encontrar\u00e1s todos los enlaces a los sitios donde puedes encontrar mis patrones de ganchillo y punto de Craftygenesindonesia, adem\u00e1s de mis imprimibles de ImagiHeaven","og_url":"https:\/\/craftygenesindonesia.com\/es\/enlaces-craftygenesindonesia\/","og_site_name":"Craftygenesindonesia","article_modified_time":"2026-03-17T22:30:24+00:00","twitter_card":"summary_large_image","twitter_title":"Links Craftygenesindonesia - ImagiHeaven","twitter_description":"Aqu\u00ed encontrar\u00e1s todos los enlaces a los sitios donde puedes encontrar mis patrones de ganchillo y punto de Craftygenesindonesia, adem\u00e1s de mis imprimibles de ImagiHeaven","schema":{"@context":"https:\/\/schema.org","@graph":[{"@type":"WebPage","@id":"https:\/\/craftygenesindonesia.com\/es\/enlaces-craftygenesindonesia\/","url":"https:\/\/craftygenesindonesia.com\/es\/enlaces-craftygenesindonesia\/","name":"Enlaces Craftygenesindonesia - Craftygenesindonesia - ImagiHeaven","isPartOf":{"@id":"https:\/\/craftygenesindonesia.com\/es\/#website"},"datePublished":"2022-10-30T06:37:28+00:00","dateModified":"2026-03-17T22:30:24+00:00","description":"Aqu\u00ed encontrar\u00e1s todos los enlaces a los sitios donde puedes encontrar mis patrones de ganchillo y punto de Craftygenesindonesia, adem\u00e1s de mis imprimibles de ImagiHeaven","breadcrumb":{"@id":"https:\/\/craftygenesindonesia.com\/es\/enlaces-craftygenesindonesia\/#breadcrumb"},"inLanguage":"es","potentialAction":[{"@type":"ReadAction","target":["https:\/\/craftygenesindonesia.com\/es\/enlaces-craftygenesindonesia\/"]}]},{"@type":"BreadcrumbList","@id":"https:\/\/craftygenesindonesia.com\/es\/enlaces-craftygenesindonesia\/#breadcrumb","itemListElement":[{"@type":"ListItem","position":1,"name":"Home","item":"https:\/\/craftygenesindonesia.com\/es\/"},{"@type":"ListItem","position":2,"name":"Enlaces Craftygenesindonesia"}]},{"@type":"WebSite","@id":"https:\/\/craftygenesindonesia.com\/es\/#website","url":"https:\/\/craftygenesindonesia.com\/es\/","name":"Craftygenesindonesia","description":"","publisher":{"@id":"https:\/\/craftygenesindonesia.com\/es\/#organization"},"potentialAction":[{"@type":"SearchAction","target":{"@type":"EntryPoint","urlTemplate":"https:\/\/craftygenesindonesia.com\/es\/?s={search_term_string}"},"query-input":{"@type":"PropertyValueSpecification","valueRequired":true,"valueName":"search_term_string"}}],"inLanguage":"es"},{"@type":"Organization","@id":"https:\/\/craftygenesindonesia.com\/es\/#organization","name":"Craftygenesindonesia","url":"https:\/\/craftygenesindonesia.com\/es\/","logo":{"@type":"ImageObject","inLanguage":"es","@id":"https:\/\/craftygenesindonesia.com\/es\/#\/schema\/logo\/image\/","url":"https:\/\/craftygenesindonesia.com\/wp-content\/uploads\/2025\/11\/cropped-Copy-of-Craftygenesindonesia.jpg","contentUrl":"https:\/\/craftygenesindonesia.com\/wp-content\/uploads\/2025\/11\/cropped-Copy-of-Craftygenesindonesia.jpg","width":180,"height":60,"caption":"Craftygenesindonesia"},"image":{"@id":"https:\/\/craftygenesindonesia.com\/es\/#\/schema\/logo\/image\/"}}]}},"_links":{"self":[{"href":"https:\/\/craftygenesindonesia.com\/es\/wp-json\/wp\/v2\/pages\/987540035","targetHints":{"allow":["GET"]}}],"collection":[{"href":"https:\/\/craftygenesindonesia.com\/es\/wp-json\/wp\/v2\/pages"}],"about":[{"href":"https:\/\/craftygenesindonesia.com\/es\/wp-json\/wp\/v2\/types\/page"}],"author":[{"embeddable":true,"href":"https:\/\/craftygenesindonesia.com\/es\/wp-json\/wp\/v2\/users\/1"}],"replies":[{"embeddable":true,"href":"https:\/\/craftygenesindonesia.com\/es\/wp-json\/wp\/v2\/comments?post=987540035"}],"version-history":[{"count":0,"href":"https:\/\/craftygenesindonesia.com\/es\/wp-json\/wp\/v2\/pages\/987540035\/revisions"}],"wp:attachment":[{"href":"https:\/\/craftygenesindonesia.com\/es\/wp-json\/wp\/v2\/media?parent=987540035"}],"curies":[{"name":"wp","href":"https:\/\/api.w.org\/{rel}","templated":true}]}}