{"id":340709,"date":"2023-12-09T08:26:57","date_gmt":"2023-12-09T00:26:57","guid":{"rendered":"https:\/\/craftygenesindonesia.com\/lista-de-deseos\/"},"modified":"2026-03-16T14:17:17","modified_gmt":"2026-03-16T06:17:17","slug":"lista-de-deseos","status":"publish","type":"page","link":"https:\/\/craftygenesindonesia.com\/es\/lista-de-deseos\/","title":{"rendered":"Lista de deseos"},"content":{"rendered":"<div class=\"et_pb_section_0 et_pb_section et_section_regular et_flex_section\">\n<div class=\"et_pb_row_0 et_pb_row et_flex_row et_flex_column_24_24 et_flex_column_24_24_tablet et_flex_column_24_24_phone\">\n<div class=\"et_pb_column_0 et_pb_column et-last-child et_flex_column et_pb_css_mix_blend_mode_passthrough et_flex_column_24_24 et_flex_column_24_24_tablet et_flex_column_24_24_phone\">\n<div class=\"et_pb_post_title_0 et_pb_post_title et_pb_bg_layout_light et_pb_module et_flex_module\"><div class=\"et_pb_title_container\"><h1 class=\"entry-title\">Lista de deseos<\/h1><\/div><\/div>\n<\/div>\n<\/div>\n\n<div class=\"et_pb_row_1 et_pb_row et_flex_row et_flex_column_24_24 et_flex_column_24_24_tablet et_flex_column_24_24_phone\">\n<div class=\"et_pb_column_1 et_pb_column et-last-child et_flex_column et_pb_css_mix_blend_mode_passthrough et_flex_column_24_24 et_flex_column_24_24_tablet et_flex_column_24_24_phone\">\n<div class=\"et_pb_code_0 et_pb_code et_pb_module\"><div class=\"et_pb_code_inner\">\n\n\n<form id=\"wlfmc-wishlist-form\" action=\"https:\/\/craftygenesindonesia.com\/?page_id=987538054\" method=\"post\" class=\"wlfmc-wishlist-form wlfmc-wishlist-1 wlfmc-wishlist-fragment woocommerce on-first-load\" data-fragment-options=\"{&quot;unique_id&quot;:&quot;1&quot;,&quot;is_elementor&quot;:false,&quot;has_access&quot;:true,&quot;wishlist_id&quot;:false,&quot;action_params&quot;:false,&quot;per_page&quot;:&quot;12&quot;,&quot;current_page&quot;:1,&quot;pagination&quot;:true,&quot;wishlist_url&quot;:&quot;https:\\\/\\\/craftygenesindonesia.com\\\/?page_id=987538054&amp;lang=es&quot;,&quot;no_interactions&quot;:false,&quot;items_show&quot;:&quot;product-checkbox,product-name,product-thumbnail,product-price,product-quantity,product-date-added,product-add-to-cart,product-remove&quot;,&quot;total_price_mode&quot;:&quot;classic&quot;,&quot;total_position&quot;:&quot;below-action-bar&quot;,&quot;enable_layout_toggle&quot;:false,&quot;product_move&quot;:false,&quot;product_copy&quot;:false,&quot;move_all_to_list_label&quot;:&quot;Move all to list&quot;,&quot;copy_all_to_list_label&quot;:&quot;Copy all to list&quot;,&quot;show_total_price&quot;:false,&quot;enable_drag_n_drop&quot;:false,&quot;is_cache_enabled&quot;:&quot;1&quot;,&quot;wishlist_page_title&quot;:&quot;My Wishlist&quot;,&quot;view_mode&quot;:&quot;list&quot;,&quot;button_add_to_cart_style&quot;:&quot;1&quot;,&quot;qty_style&quot;:&quot;1&quot;,&quot;pagination_style&quot;:&quot;1&quot;,&quot;custom_template&quot;:&quot;&quot;,&quot;enable_actions&quot;:true,&quot;enable_all_add_to_cart&quot;:true,&quot;enable_share&quot;:&quot;1&quot;,&quot;share_position&quot;:&quot;after_table&quot;,&quot;share_items&quot;:&quot;facebook,messenger,twitter,whatsapp,telegram,email,copy,pdf&quot;,&quot;socials_title&quot;:&quot;My Wishlist on Craftygenesindonesia&quot;,&quot;login_notice&quot;:false,&quot;base_url&quot;:&quot;&quot;,&quot;wishlist&quot;:false,&quot;wishlist_token&quot;:&quot;&quot;,&quot;is_private&quot;:false,&quot;count&quot;:0,&quot;wishlist_items&quot;:&quot;&quot;,&quot;page_links&quot;:false,&quot;is_user_logged_in&quot;:false,&quot;is_user_owner&quot;:false,&quot;merge_lists&quot;:false,&quot;popup_vertical&quot;:&quot;center&quot;,&quot;popup_horizontal&quot;:&quot;center&quot;,&quot;empty_wishlist_title&quot;:&quot;YOUR WISHLIST IS EMPTY!&quot;,&quot;empty_wishlist_content&quot;:&quot;&lt;p&gt;You have not added any products to your wishlist.&lt;\\\/p&gt;&quot;,&quot;tooltip_class&quot;:&quot; wlfmc-tooltip wlfmc-tooltip-top&quot;,&quot;tooltip_type&quot;:&quot;custom&quot;,&quot;wishlist_class&quot;:&quot;wlfmc-default-table add-to-card-same-button qty-same-button&quot;,&quot;wishlist_header_class&quot;:&quot;wlfmc-default-table-header&quot;,&quot;wishlist_pagination_class&quot;:&quot;wishlist-pagination&quot;,&quot;share_enabled&quot;:false,&quot;template_part&quot;:&quot;view&quot;,&quot;additional_info&quot;:false,&quot;available_multi_list&quot;:false,&quot;gdpr_enable&quot;:false,&quot;unsubscribed&quot;:false,&quot;users_wishlists&quot;:&quot;&quot;,&quot;redirect_to_cart&quot;:&quot;&quot;,&quot;form_action&quot;:&quot;https:\\\/\\\/craftygenesindonesia.com\\\/?page_id=987538054&quot;,&quot;item&quot;:&quot;wishlist&quot;}\" data-fragment-ref=\"wishlist\">\n\t\n\t\n\t\n\t\n\t<div class=\"wlfmc-wishlist-table-wrapper\">\n\n\t\t\n\t\t<table\n\t\t\tclass=\"wlfmc-wishlist-table wlfmc-wishlist-items-wrapper wlfmc-list   view-mode-list  wlfmc-default-table add-to-card-same-button qty-same-button\"\n\t\t\tdata-pagination=\"1\"\n\t\t\tdata-per-page=\"12\"\n\t\t\tdata-page=\"1\"\n\t\t\tdata-id=\"\"\n\t\t\tdata-wishlist-type=\"\"\n\t\t\tdata-customer-id=\"\"\n\t\t\tdata-is-owner=\"\"\n\t\t\tdata-token=\"\"\n\t\t\tdata-nonce=\"2cb06bbdfc\">\n\t\t\t<tbody class=\"wishlist-items-wrapper wishlist-empty\">\n\n\t\t\t\t\t\t\t<tr class=\"wishlist-empty-row\">\n\t\t\t\t\t<td colspan=\"3\" class=\"last-column\">\n\t\t\t\t\t\t<img decoding=\"async\" class=\"empty-image lazyload\" data-src=\"https:\/\/craftygenesindonesia.com\/wp-content\/plugins\/smart-wishlist-for-more-convert\/assets\/frontend\/images\/empty-wishlist.svg\" width=\"400\" height=\"216\" src=\"data:image\/svg+xml;base64,PHN2ZyB3aWR0aD0iMSIgaGVpZ2h0PSIxIiB4bWxucz0iaHR0cDovL3d3dy53My5vcmcvMjAwMC9zdmciPjwvc3ZnPg==\" style=\"--smush-placeholder-width: 400px; --smush-placeholder-aspect-ratio: 400\/216;\"><h3 class=\"empty-title\">YOUR WISHLIST IS EMPTY!<\/h3><div class=\"empty-content\"><p>You have not added any products to your wishlist.<\/p><\/div><a href=\"https:\/\/craftygenesindonesia.com\/es\/tienda-de-patrones\/\" class=\"wc-forward button empty-button\">Ir a la tienda<\/a>\t\t\t\t\t<\/td>\n\t\t\t\t<\/tr>\n\t\t\t\t\t\t<\/tbody>\n\t\t\t<tfoot class=\"wlfmc-wishlist-footer\">\n\t\t\t\t\t\t\n\t\t\t\n\t\t\t\n\t\t\t\n\t\t\t\n\t\t\t\n\t\t\t<\/tfoot>\n\t\t<\/table>\n\n\t\t\n\t\t\n\t\t\n\t<\/div>\n<\/form>\n\n<\/div><\/div>\n<\/div>\n<\/div>\n<\/div>","protected":false},"excerpt":{"rendered":"","protected":false},"author":1,"featured_media":0,"parent":0,"menu_order":0,"comment_status":"closed","ping_status":"closed","template":"","meta":{"_acf_changed":false,"footnotes":""},"class_list":["post-340709","page","type-page","status-publish","hentry"],"acf":[],"yoast_head":"<!-- This site is optimized with the Yoast SEO plugin v27.4 - https:\/\/yoast.com\/product\/yoast-seo-wordpress\/ -->\n<title>Lista de deseos - Craftygenesindonesia<\/title>\n<meta name=\"description\" content=\"En esta p\u00e1gina puede ver todos los productos que ha a\u00f1adido a su lista de deseos Desde all\u00ed puede ir a la p\u00e1gina del carrito y comprarlos\" \/>\n<meta name=\"robots\" content=\"index, follow, max-snippet:-1, max-image-preview:large, max-video-preview:-1\" \/>\n<link rel=\"canonical\" href=\"https:\/\/craftygenesindonesia.com\/es\/lista-de-deseos\/\" \/>\n<meta property=\"og:locale\" content=\"es_ES\" \/>\n<meta property=\"og:type\" content=\"article\" \/>\n<meta property=\"og:title\" content=\"Lista de deseos\" \/>\n<meta property=\"og:description\" content=\"En esta p\u00e1gina puedes ver todos los productos que has a\u00f1adido a tu lista de deseos. Desde all\u00ed puedes ir a la p\u00e1gina del carrito y comprarlos.\" \/>\n<meta property=\"og:url\" content=\"https:\/\/craftygenesindonesia.com\/es\/lista-de-deseos\/\" \/>\n<meta property=\"og:site_name\" content=\"Craftygenesindonesia\" \/>\n<meta property=\"article:modified_time\" content=\"2026-03-16T06:17:17+00:00\" \/>\n<meta name=\"twitter:card\" content=\"summary_large_image\" \/>\n<meta name=\"twitter:label1\" content=\"Tiempo de lectura\" \/>\n\t<meta name=\"twitter:data1\" content=\"1 minuto\" \/>\n<script type=\"application\/ld+json\" class=\"yoast-schema-graph\">{\"@context\":\"https:\\\/\\\/schema.org\",\"@graph\":[{\"@type\":\"WebPage\",\"@id\":\"https:\\\/\\\/craftygenesindonesia.com\\\/es\\\/lista-de-deseos\\\/\",\"url\":\"https:\\\/\\\/craftygenesindonesia.com\\\/es\\\/lista-de-deseos\\\/\",\"name\":\"Lista de deseos - Craftygenesindonesia\",\"isPartOf\":{\"@id\":\"https:\\\/\\\/craftygenesindonesia.com\\\/es\\\/#website\"},\"datePublished\":\"2023-12-09T00:26:57+00:00\",\"dateModified\":\"2026-03-16T06:17:17+00:00\",\"description\":\"En esta p\u00e1gina puede ver todos los productos que ha a\u00f1adido a su lista de deseos Desde all\u00ed puede ir a la p\u00e1gina del carrito y comprarlos\",\"breadcrumb\":{\"@id\":\"https:\\\/\\\/craftygenesindonesia.com\\\/es\\\/lista-de-deseos\\\/#breadcrumb\"},\"inLanguage\":\"es\",\"potentialAction\":[{\"@type\":\"ReadAction\",\"target\":[\"https:\\\/\\\/craftygenesindonesia.com\\\/es\\\/lista-de-deseos\\\/\"]}]},{\"@type\":\"BreadcrumbList\",\"@id\":\"https:\\\/\\\/craftygenesindonesia.com\\\/es\\\/lista-de-deseos\\\/#breadcrumb\",\"itemListElement\":[{\"@type\":\"ListItem\",\"position\":1,\"name\":\"Home\",\"item\":\"https:\\\/\\\/craftygenesindonesia.com\\\/es\\\/\"},{\"@type\":\"ListItem\",\"position\":2,\"name\":\"Lista de deseos\"}]},{\"@type\":\"WebSite\",\"@id\":\"https:\\\/\\\/craftygenesindonesia.com\\\/es\\\/#website\",\"url\":\"https:\\\/\\\/craftygenesindonesia.com\\\/es\\\/\",\"name\":\"Craftygenesindonesia\",\"description\":\"\",\"publisher\":{\"@id\":\"https:\\\/\\\/craftygenesindonesia.com\\\/es\\\/#organization\"},\"potentialAction\":[{\"@type\":\"SearchAction\",\"target\":{\"@type\":\"EntryPoint\",\"urlTemplate\":\"https:\\\/\\\/craftygenesindonesia.com\\\/es\\\/?s={search_term_string}\"},\"query-input\":{\"@type\":\"PropertyValueSpecification\",\"valueRequired\":true,\"valueName\":\"search_term_string\"}}],\"inLanguage\":\"es\"},{\"@type\":\"Organization\",\"@id\":\"https:\\\/\\\/craftygenesindonesia.com\\\/es\\\/#organization\",\"name\":\"Craftygenesindonesia\",\"url\":\"https:\\\/\\\/craftygenesindonesia.com\\\/es\\\/\",\"logo\":{\"@type\":\"ImageObject\",\"inLanguage\":\"es\",\"@id\":\"https:\\\/\\\/craftygenesindonesia.com\\\/es\\\/#\\\/schema\\\/logo\\\/image\\\/\",\"url\":\"https:\\\/\\\/craftygenesindonesia.com\\\/wp-content\\\/uploads\\\/2025\\\/11\\\/cropped-Copy-of-Craftygenesindonesia.jpg\",\"contentUrl\":\"https:\\\/\\\/craftygenesindonesia.com\\\/wp-content\\\/uploads\\\/2025\\\/11\\\/cropped-Copy-of-Craftygenesindonesia.jpg\",\"width\":180,\"height\":60,\"caption\":\"Craftygenesindonesia\"},\"image\":{\"@id\":\"https:\\\/\\\/craftygenesindonesia.com\\\/es\\\/#\\\/schema\\\/logo\\\/image\\\/\"}}]}<\/script>\n<!-- \/ Yoast SEO plugin. -->","yoast_head_json":{"title":"Lista de deseos - Craftygenesindonesia","description":"En esta p\u00e1gina puede ver todos los productos que ha a\u00f1adido a su lista de deseos Desde all\u00ed puede ir a la p\u00e1gina del carrito y comprarlos","robots":{"index":"index","follow":"follow","max-snippet":"max-snippet:-1","max-image-preview":"max-image-preview:large","max-video-preview":"max-video-preview:-1"},"canonical":"https:\/\/craftygenesindonesia.com\/es\/lista-de-deseos\/","og_locale":"es_ES","og_type":"article","og_title":"Lista de deseos","og_description":"En esta p\u00e1gina puedes ver todos los productos que has a\u00f1adido a tu lista de deseos. Desde all\u00ed puedes ir a la p\u00e1gina del carrito y comprarlos.","og_url":"https:\/\/craftygenesindonesia.com\/es\/lista-de-deseos\/","og_site_name":"Craftygenesindonesia","article_modified_time":"2026-03-16T06:17:17+00:00","twitter_card":"summary_large_image","twitter_misc":{"Tiempo de lectura":"1 minuto"},"schema":{"@context":"https:\/\/schema.org","@graph":[{"@type":"WebPage","@id":"https:\/\/craftygenesindonesia.com\/es\/lista-de-deseos\/","url":"https:\/\/craftygenesindonesia.com\/es\/lista-de-deseos\/","name":"Lista de deseos - Craftygenesindonesia","isPartOf":{"@id":"https:\/\/craftygenesindonesia.com\/es\/#website"},"datePublished":"2023-12-09T00:26:57+00:00","dateModified":"2026-03-16T06:17:17+00:00","description":"En esta p\u00e1gina puede ver todos los productos que ha a\u00f1adido a su lista de deseos Desde all\u00ed puede ir a la p\u00e1gina del carrito y comprarlos","breadcrumb":{"@id":"https:\/\/craftygenesindonesia.com\/es\/lista-de-deseos\/#breadcrumb"},"inLanguage":"es","potentialAction":[{"@type":"ReadAction","target":["https:\/\/craftygenesindonesia.com\/es\/lista-de-deseos\/"]}]},{"@type":"BreadcrumbList","@id":"https:\/\/craftygenesindonesia.com\/es\/lista-de-deseos\/#breadcrumb","itemListElement":[{"@type":"ListItem","position":1,"name":"Home","item":"https:\/\/craftygenesindonesia.com\/es\/"},{"@type":"ListItem","position":2,"name":"Lista de deseos"}]},{"@type":"WebSite","@id":"https:\/\/craftygenesindonesia.com\/es\/#website","url":"https:\/\/craftygenesindonesia.com\/es\/","name":"Craftygenesindonesia","description":"","publisher":{"@id":"https:\/\/craftygenesindonesia.com\/es\/#organization"},"potentialAction":[{"@type":"SearchAction","target":{"@type":"EntryPoint","urlTemplate":"https:\/\/craftygenesindonesia.com\/es\/?s={search_term_string}"},"query-input":{"@type":"PropertyValueSpecification","valueRequired":true,"valueName":"search_term_string"}}],"inLanguage":"es"},{"@type":"Organization","@id":"https:\/\/craftygenesindonesia.com\/es\/#organization","name":"Craftygenesindonesia","url":"https:\/\/craftygenesindonesia.com\/es\/","logo":{"@type":"ImageObject","inLanguage":"es","@id":"https:\/\/craftygenesindonesia.com\/es\/#\/schema\/logo\/image\/","url":"https:\/\/craftygenesindonesia.com\/wp-content\/uploads\/2025\/11\/cropped-Copy-of-Craftygenesindonesia.jpg","contentUrl":"https:\/\/craftygenesindonesia.com\/wp-content\/uploads\/2025\/11\/cropped-Copy-of-Craftygenesindonesia.jpg","width":180,"height":60,"caption":"Craftygenesindonesia"},"image":{"@id":"https:\/\/craftygenesindonesia.com\/es\/#\/schema\/logo\/image\/"}}]}},"_links":{"self":[{"href":"https:\/\/craftygenesindonesia.com\/es\/wp-json\/wp\/v2\/pages\/340709","targetHints":{"allow":["GET"]}}],"collection":[{"href":"https:\/\/craftygenesindonesia.com\/es\/wp-json\/wp\/v2\/pages"}],"about":[{"href":"https:\/\/craftygenesindonesia.com\/es\/wp-json\/wp\/v2\/types\/page"}],"author":[{"embeddable":true,"href":"https:\/\/craftygenesindonesia.com\/es\/wp-json\/wp\/v2\/users\/1"}],"replies":[{"embeddable":true,"href":"https:\/\/craftygenesindonesia.com\/es\/wp-json\/wp\/v2\/comments?post=340709"}],"version-history":[{"count":0,"href":"https:\/\/craftygenesindonesia.com\/es\/wp-json\/wp\/v2\/pages\/340709\/revisions"}],"wp:attachment":[{"href":"https:\/\/craftygenesindonesia.com\/es\/wp-json\/wp\/v2\/media?parent=340709"}],"curies":[{"name":"wp","href":"https:\/\/api.w.org\/{rel}","templated":true}]}}