{"id":17282,"date":"2022-05-10T13:59:09","date_gmt":"2022-05-10T05:59:09","guid":{"rendered":"https:\/\/craftygenesindonesia.com\/?page_id=17282"},"modified":"2026-03-25T10:35:30","modified_gmt":"2026-03-25T02:35:30","slug":"descargo-de-responsabilidad","status":"publish","type":"page","link":"https:\/\/craftygenesindonesia.com\/es\/descargo-de-responsabilidad\/","title":{"rendered":"Descargo de responsabilidad"},"content":{"rendered":"<div class=\"et_pb_section_0 et_pb_section et_section_regular et_flex_section\">\n<div class=\"et_pb_row_0 et_pb_row et_flex_row et_flex_column_24_24 et_flex_column_24_24_tablet et_flex_column_24_24_phone\">\n<div class=\"et_pb_column_0 et_pb_column et-last-child et_flex_column et_pb_css_mix_blend_mode_passthrough et_flex_column_24_24 et_flex_column_24_24_tablet et_flex_column_24_24_phone\">\n<div class=\"et_pb_text_0 et_pb_text et_pb_bg_layout_light et_pb_module et_flex_module\"><div class=\"et_pb_text_inner\"><h2><strong>Descargo de responsabilidad<\/strong><\/h2>\n<p><strong><\/strong><\/p>\n<p>La informaci\u00f3n que se ofrece en Craftygenesindonesia se publica de buena fe y con fines informativos y educativos generales relacionados con el ganchillo, el punto y las manualidades.<\/p>\n<p>Aunque se hace todo lo posible por garantizar que la informaci\u00f3n de este sitio web sea precisa y est\u00e9 actualizada, Craftygenesindonesia no ofrece ninguna garant\u00eda sobre la exhaustividad, fiabilidad o exactitud de la informaci\u00f3n publicada en este sitio web.<\/p>\n<p>Cualquier acci\u00f3n que realices bas\u00e1ndote en la informaci\u00f3n que aparece en este sitio web es bajo tu propia responsabilidad. Craftygenesindonesia no se hace responsable de ninguna p\u00e9rdida, da\u00f1o o lesi\u00f3n que se derive del uso de este sitio web o de la informaci\u00f3n proporcionada. <\/p>\n<hr>\n<h2><\/h2>\n<h2>Aviso legal sobre manualidades y patrones<\/h2>\n<p>Los patrones de ganchillo y punto que se ofrecen en este sitio web est\u00e1n destinados a personas que cuentan con los conocimientos y la experiencia necesarios para confeccionar art\u00edculos hechos a mano de forma segura.<\/p>\n<p>Craftygenesindonesia no puede garantizar que todos los patrones funcionen exactamente igual para todos los usuarios, ya que los resultados pueden variar en funci\u00f3n de:<\/p>\n<ul>\n<li>Elecci\u00f3n del hilo<\/li>\n<li>Tama\u00f1o del ganchillo o de la aguja<\/li>\n<li>Tensi\u00f3n o calibre<\/li>\n<li>T\u00e9cnicas artesanales individuales<\/li>\n<li>Materiales utilizados<\/li>\n<\/ul>\n<p>Los usuarios son responsables de asegurarse de que los materiales y herramientas que utilizan sean adecuados para sus proyectos.<\/p>\n<p>Craftygenesindonesia no se hace responsable de los da\u00f1os que puedan sufrir los materiales, las herramientas o los art\u00edculos terminados como consecuencia del uso de los patrones o las instrucciones de este sitio web.<\/p>\n<hr>\n<h2><\/h2>\n<h2>Aviso legal sobre seguridad<\/h2>\n<p>El ganchillo y el punto requieren el uso de herramientas como ganchillos, agujas, tijeras y otros materiales de manualidades.<\/p>\n<p>Los usuarios deben trabajar siempre con cuidado y seguir las medidas de seguridad adecuadas al utilizar herramientas de bricolaje.<\/p>\n<p>Craftygenesindonesia no se hace responsable de:<\/p>\n<ul>\n<li>Lesiones derivadas del uso de herramientas de bricolaje<\/li>\n<li>Da\u00f1os causados durante la creaci\u00f3n de proyectos<\/li>\n<li>Uso inadecuado de materiales o equipos<\/li>\n<\/ul>\n<p>Todas las actividades de manualidades se realizan bajo la responsabilidad del usuario.<\/p>\n<hr>\n<h2><\/h2>\n<h2>Aviso legal sobre los art\u00edculos terminados<\/h2>\n<p>Los patrones disponibles en este sitio web est\u00e1n dise\u00f1ados para crear art\u00edculos hechos a mano. Craftygenesindonesia no se hace responsable de la calidad, la seguridad ni el rendimiento de los art\u00edculos terminados que otras personas elaboren utilizando estos patrones. <\/p>\n<p>Si los art\u00edculos terminados se venden o se regalan a otras personas, quien los haya creado y distribuido asume toda la responsabilidad sobre su seguridad e idoneidad.<\/p>\n<hr>\n<h2><\/h2>\n<h2>Aviso legal sobre enlaces externos<\/h2>\n<p>Este sitio web puede contener enlaces a sitios web externos con fines informativos o para mayor comodidad.<\/p>\n<p>Craftygenesindonesia no tiene control alguno sobre el contenido, las pol\u00edticas o las pr\u00e1cticas de estos sitios web externos y no puede garantizar su exactitud, fiabilidad o seguridad.<\/p>\n<p>La inclusi\u00f3n de enlaces externos no implica que se respalde el contenido de dichos sitios web.<\/p>\n<p>Los usuarios deben consultar los t\u00e9rminos y las pol\u00edticas de privacidad de cualquier sitio web externo que visiten.<\/p>\n<hr>\n<h2><\/h2>\n<h2>Aviso legal sobre productos digitales<\/h2>\n<p>Todos los productos digitales que se venden o se ofrecen en este sitio web, incluidos los patrones de ganchillo y punto, se entregan en forma de archivos descargables.<\/p>\n<p>Craftygenesindonesia no se hace responsable de los problemas relacionados con:<\/p>\n<ul>\n<li>Compatibilidad con dispositivos<\/li>\n<li>Programas utilizados para abrir archivos<\/li>\n<li>Problemas con la conexi\u00f3n a Internet<\/li>\n<li>Almacenamiento o p\u00e9rdida de archivos tras la descarga<\/li>\n<\/ul>\n<p>Es responsabilidad del comprador asegurarse de que su dispositivo pueda descargar y abrir formatos de archivo est\u00e1ndar, como el PDF.<\/p>\n<hr>\n<h2><\/h2>\n<h2>Aviso legal sobre programas de afiliados y recomendaciones<\/h2>\n<p>De vez en cuando, Craftygenesindonesia puede recomendar herramientas, lanas, libros u otros productos relacionados con las manualidades.<\/p>\n<p>Estas recomendaciones se basan en la experiencia o la opini\u00f3n personal y se ofrecen \u00fanicamente con fines informativos.<\/p>\n<p>Craftygenesindonesia no garantiza la calidad, la seguridad ni el rendimiento de los productos adquiridos a vendedores externos.<\/p>\n<hr>\n<h2><\/h2>\n<h2>Modificaciones de este aviso legal<\/h2>\n<p>Craftygenesindonesia se reserva el derecho a actualizar, modificar o cambiar este aviso legal en cualquier momento sin previo aviso.<\/p>\n<p>Al utilizar este sitio web, usted acepta este aviso legal y cualquier actualizaci\u00f3n futura.<\/p>\n<\/div><\/div>\n<\/div>\n<\/div>\n<\/div>","protected":false},"excerpt":{"rendered":"","protected":false},"author":1,"featured_media":0,"parent":0,"menu_order":0,"comment_status":"closed","ping_status":"closed","template":"","meta":{"_acf_changed":false,"footnotes":""},"class_list":["post-17282","page","type-page","status-publish","hentry"],"acf":[],"yoast_head":"<!-- This site is optimized with the Yoast SEO plugin v27.4 - https:\/\/yoast.com\/product\/yoast-seo-wordpress\/ -->\n<title>Descargo de responsabilidad - Craftygenesindonesia<\/title>\n<meta name=\"description\" content=\"Esta es mi p\u00e1gina de descargo de responsabilidad.\" \/>\n<meta name=\"robots\" content=\"index, follow, max-snippet:-1, max-image-preview:large, max-video-preview:-1\" \/>\n<link rel=\"canonical\" href=\"https:\/\/craftygenesindonesia.com\/es\/descargo-de-responsabilidad\/\" \/>\n<meta property=\"og:locale\" content=\"es_ES\" \/>\n<meta property=\"og:type\" content=\"article\" \/>\n<meta property=\"og:title\" content=\"Descargo de responsabilidad - Craftygenesindonesia\" \/>\n<meta property=\"og:description\" content=\"Esta es mi p\u00e1gina de descargo de responsabilidad.\" \/>\n<meta property=\"og:url\" content=\"https:\/\/craftygenesindonesia.com\/es\/descargo-de-responsabilidad\/\" \/>\n<meta property=\"og:site_name\" content=\"Craftygenesindonesia\" \/>\n<meta property=\"article:modified_time\" content=\"2026-03-25T02:35:30+00:00\" \/>\n<meta name=\"twitter:card\" content=\"summary_large_image\" \/>\n<meta name=\"twitter:label1\" content=\"Tiempo de lectura\" \/>\n\t<meta name=\"twitter:data1\" content=\"2 minutos\" \/>\n<script type=\"application\/ld+json\" class=\"yoast-schema-graph\">{\"@context\":\"https:\\\/\\\/schema.org\",\"@graph\":[{\"@type\":\"WebPage\",\"@id\":\"https:\\\/\\\/craftygenesindonesia.com\\\/es\\\/descargo-de-responsabilidad\\\/\",\"url\":\"https:\\\/\\\/craftygenesindonesia.com\\\/es\\\/descargo-de-responsabilidad\\\/\",\"name\":\"Descargo de responsabilidad - Craftygenesindonesia\",\"isPartOf\":{\"@id\":\"https:\\\/\\\/craftygenesindonesia.com\\\/es\\\/#website\"},\"datePublished\":\"2022-05-10T05:59:09+00:00\",\"dateModified\":\"2026-03-25T02:35:30+00:00\",\"description\":\"Esta es mi p\u00e1gina de descargo de responsabilidad.\",\"breadcrumb\":{\"@id\":\"https:\\\/\\\/craftygenesindonesia.com\\\/es\\\/descargo-de-responsabilidad\\\/#breadcrumb\"},\"inLanguage\":\"es\",\"potentialAction\":[{\"@type\":\"ReadAction\",\"target\":[\"https:\\\/\\\/craftygenesindonesia.com\\\/es\\\/descargo-de-responsabilidad\\\/\"]}]},{\"@type\":\"BreadcrumbList\",\"@id\":\"https:\\\/\\\/craftygenesindonesia.com\\\/es\\\/descargo-de-responsabilidad\\\/#breadcrumb\",\"itemListElement\":[{\"@type\":\"ListItem\",\"position\":1,\"name\":\"Home\",\"item\":\"https:\\\/\\\/craftygenesindonesia.com\\\/es\\\/\"},{\"@type\":\"ListItem\",\"position\":2,\"name\":\"Descargo de responsabilidad\"}]},{\"@type\":\"WebSite\",\"@id\":\"https:\\\/\\\/craftygenesindonesia.com\\\/es\\\/#website\",\"url\":\"https:\\\/\\\/craftygenesindonesia.com\\\/es\\\/\",\"name\":\"Craftygenesindonesia\",\"description\":\"\",\"publisher\":{\"@id\":\"https:\\\/\\\/craftygenesindonesia.com\\\/es\\\/#organization\"},\"potentialAction\":[{\"@type\":\"SearchAction\",\"target\":{\"@type\":\"EntryPoint\",\"urlTemplate\":\"https:\\\/\\\/craftygenesindonesia.com\\\/es\\\/?s={search_term_string}\"},\"query-input\":{\"@type\":\"PropertyValueSpecification\",\"valueRequired\":true,\"valueName\":\"search_term_string\"}}],\"inLanguage\":\"es\"},{\"@type\":\"Organization\",\"@id\":\"https:\\\/\\\/craftygenesindonesia.com\\\/es\\\/#organization\",\"name\":\"Craftygenesindonesia\",\"url\":\"https:\\\/\\\/craftygenesindonesia.com\\\/es\\\/\",\"logo\":{\"@type\":\"ImageObject\",\"inLanguage\":\"es\",\"@id\":\"https:\\\/\\\/craftygenesindonesia.com\\\/es\\\/#\\\/schema\\\/logo\\\/image\\\/\",\"url\":\"https:\\\/\\\/craftygenesindonesia.com\\\/wp-content\\\/uploads\\\/2025\\\/11\\\/cropped-Copy-of-Craftygenesindonesia.jpg\",\"contentUrl\":\"https:\\\/\\\/craftygenesindonesia.com\\\/wp-content\\\/uploads\\\/2025\\\/11\\\/cropped-Copy-of-Craftygenesindonesia.jpg\",\"width\":180,\"height\":60,\"caption\":\"Craftygenesindonesia\"},\"image\":{\"@id\":\"https:\\\/\\\/craftygenesindonesia.com\\\/es\\\/#\\\/schema\\\/logo\\\/image\\\/\"}}]}<\/script>\n<!-- \/ Yoast SEO plugin. -->","yoast_head_json":{"title":"Descargo de responsabilidad - Craftygenesindonesia","description":"Esta es mi p\u00e1gina de descargo de responsabilidad.","robots":{"index":"index","follow":"follow","max-snippet":"max-snippet:-1","max-image-preview":"max-image-preview:large","max-video-preview":"max-video-preview:-1"},"canonical":"https:\/\/craftygenesindonesia.com\/es\/descargo-de-responsabilidad\/","og_locale":"es_ES","og_type":"article","og_title":"Descargo de responsabilidad - Craftygenesindonesia","og_description":"Esta es mi p\u00e1gina de descargo de responsabilidad.","og_url":"https:\/\/craftygenesindonesia.com\/es\/descargo-de-responsabilidad\/","og_site_name":"Craftygenesindonesia","article_modified_time":"2026-03-25T02:35:30+00:00","twitter_card":"summary_large_image","twitter_misc":{"Tiempo de lectura":"2 minutos"},"schema":{"@context":"https:\/\/schema.org","@graph":[{"@type":"WebPage","@id":"https:\/\/craftygenesindonesia.com\/es\/descargo-de-responsabilidad\/","url":"https:\/\/craftygenesindonesia.com\/es\/descargo-de-responsabilidad\/","name":"Descargo de responsabilidad - Craftygenesindonesia","isPartOf":{"@id":"https:\/\/craftygenesindonesia.com\/es\/#website"},"datePublished":"2022-05-10T05:59:09+00:00","dateModified":"2026-03-25T02:35:30+00:00","description":"Esta es mi p\u00e1gina de descargo de responsabilidad.","breadcrumb":{"@id":"https:\/\/craftygenesindonesia.com\/es\/descargo-de-responsabilidad\/#breadcrumb"},"inLanguage":"es","potentialAction":[{"@type":"ReadAction","target":["https:\/\/craftygenesindonesia.com\/es\/descargo-de-responsabilidad\/"]}]},{"@type":"BreadcrumbList","@id":"https:\/\/craftygenesindonesia.com\/es\/descargo-de-responsabilidad\/#breadcrumb","itemListElement":[{"@type":"ListItem","position":1,"name":"Home","item":"https:\/\/craftygenesindonesia.com\/es\/"},{"@type":"ListItem","position":2,"name":"Descargo de responsabilidad"}]},{"@type":"WebSite","@id":"https:\/\/craftygenesindonesia.com\/es\/#website","url":"https:\/\/craftygenesindonesia.com\/es\/","name":"Craftygenesindonesia","description":"","publisher":{"@id":"https:\/\/craftygenesindonesia.com\/es\/#organization"},"potentialAction":[{"@type":"SearchAction","target":{"@type":"EntryPoint","urlTemplate":"https:\/\/craftygenesindonesia.com\/es\/?s={search_term_string}"},"query-input":{"@type":"PropertyValueSpecification","valueRequired":true,"valueName":"search_term_string"}}],"inLanguage":"es"},{"@type":"Organization","@id":"https:\/\/craftygenesindonesia.com\/es\/#organization","name":"Craftygenesindonesia","url":"https:\/\/craftygenesindonesia.com\/es\/","logo":{"@type":"ImageObject","inLanguage":"es","@id":"https:\/\/craftygenesindonesia.com\/es\/#\/schema\/logo\/image\/","url":"https:\/\/craftygenesindonesia.com\/wp-content\/uploads\/2025\/11\/cropped-Copy-of-Craftygenesindonesia.jpg","contentUrl":"https:\/\/craftygenesindonesia.com\/wp-content\/uploads\/2025\/11\/cropped-Copy-of-Craftygenesindonesia.jpg","width":180,"height":60,"caption":"Craftygenesindonesia"},"image":{"@id":"https:\/\/craftygenesindonesia.com\/es\/#\/schema\/logo\/image\/"}}]}},"_links":{"self":[{"href":"https:\/\/craftygenesindonesia.com\/es\/wp-json\/wp\/v2\/pages\/17282","targetHints":{"allow":["GET"]}}],"collection":[{"href":"https:\/\/craftygenesindonesia.com\/es\/wp-json\/wp\/v2\/pages"}],"about":[{"href":"https:\/\/craftygenesindonesia.com\/es\/wp-json\/wp\/v2\/types\/page"}],"author":[{"embeddable":true,"href":"https:\/\/craftygenesindonesia.com\/es\/wp-json\/wp\/v2\/users\/1"}],"replies":[{"embeddable":true,"href":"https:\/\/craftygenesindonesia.com\/es\/wp-json\/wp\/v2\/comments?post=17282"}],"version-history":[{"count":3,"href":"https:\/\/craftygenesindonesia.com\/es\/wp-json\/wp\/v2\/pages\/17282\/revisions"}],"predecessor-version":[{"id":987540152,"href":"https:\/\/craftygenesindonesia.com\/es\/wp-json\/wp\/v2\/pages\/17282\/revisions\/987540152"}],"wp:attachment":[{"href":"https:\/\/craftygenesindonesia.com\/es\/wp-json\/wp\/v2\/media?parent=17282"}],"curies":[{"name":"wp","href":"https:\/\/api.w.org\/{rel}","templated":true}]}}