{"id":987540288,"date":"2026-03-25T20:01:46","date_gmt":"2026-03-25T12:01:46","guid":{"rendered":"https:\/\/craftygenesindonesia.com\/shop\/unkategorisiert\/3in1-jesus\/"},"modified":"2026-03-25T20:01:46","modified_gmt":"2026-03-25T12:01:46","slug":"3in1-jesus","status":"publish","type":"product","link":"https:\/\/craftygenesindonesia.com\/de\/shop\/religiose-hakelmuster\/3in1-jesus\/","title":{"rendered":"3in1 Jesus"},"content":{"rendered":"<p style=\"font-weight: 400;\"><strong>3in1 Jesus<\/strong><\/p>\n<p style=\"font-weight: 400;\"><strong>Dateityp<\/strong>: H\u00e4kelmuster &#8211; digitaler Download, kein physischer Gegenstand<\/p>\n<p style=\"font-weight: 400;\"><strong>Verf\u00fcgbare Sprachen<\/strong>: Englisch, Niederl\u00e4ndisch, Franz\u00f6sisch, Spanisch, Deutsch<\/p>\n<p style=\"font-weight: 400;\"><strong>Ma\u00dfe des fertigen Artikels<\/strong>: 31 x 73 x 43 cm \/ 12,2 x 28,7 x 16,9 Zoll<\/p>\n<p style=\"font-weight: 400;\"><strong> <\/strong><\/p>\n<p style=\"font-weight: 400;\"><strong>Garnart: <\/strong>\u201eFingering\u201c-Garn (St\u00e4rke 3)<\/p>\n<p style=\"font-weight: 400;\"><strong>Empfohlene Marken<\/strong>: Catona by Scheepjes, Durable Coral, &#8230;<\/p>\n<p style=\"font-weight: 400;\"><strong>Ben\u00f6tigte Garnfarben:<\/strong> Hautfarbe, Wei\u00df, Braun, Dunkelbraun, Schwarz, Sandfarben, Grau, Goldbraun, Hellgrau, Hellblau, Magenta, Dunkles Lachsrosa, Dunkles Olivgr\u00fcn, Marineblau, Dunkelorange<\/p>\n<p style=\"font-weight: 400;\"><strong>H\u00e4kelnadel<\/strong>: 2mm<\/p>\n<p style=\"font-weight: 400;\"><strong>Sonstiges, was du ben\u00f6tigst:<\/strong> 1-mm-Basteldraht, 2-mm-Aluminiumdraht, F\u00fcllmaterial, Schere, Maschenmarkierer, Stecknadeln, Bleistift, Lineale, 1-mm-Pappe, 3-mm-Pappe, 20-mm-Sperrholz (+ Werkzeuge zum Zuschneiden), Schrauben + Schraubendreher, Tapisserienadel, Kleber, Hei\u00dfklebepistole, Plastikgitter (kann durch 1-mm-Pappe ersetzt werden), roter Filzstift, dunkelbrauner Filz<\/p>\n<p style=\"font-weight: 400;\"><strong>Copyright und Hilfe-Informationen:<\/strong><\/p>\n<p style=\"font-weight: 400;\">Dieses Muster ist ein schriftliches Muster (digital) mit vielen Bildern, um Ihnen zu helfen. Wenn Sie Fragen zum Muster haben, schicken Sie mir eine E-Mail an <a href=\"mailto:craftygenesindonesia@gmail.com\">Craftygenesindonesia@gmail.com<\/a> <\/p>\n<p style=\"font-weight: 400;\"><strong>Dieses digitale H\u00e4kelmuster ist nur f\u00fcr den pers\u00f6nlichen Gebrauch bestimmt und unterliegt dem Copyright. Daher d\u00fcrfen Sie ohne meine Erlaubnis nicht kopieren, verkaufen, weiterverkaufen, \u00fcbersetzen, als Ihr eigenes Design ausgeben, verteilen, teilen, ver\u00f6ffentlichen, nur posten, &#8230; in irgendeiner Weise oder Form. Nicht einmal ein Teil davon!  <\/strong><\/p>\n<p style=\"font-weight: 400;\"><strong> <\/strong><\/p>\n<p><strong>Sie d\u00fcrfen das fertige Produkt oder den Gegenstand in kleinen Mengen verkaufen, aber nicht das H\u00e4kelmuster selbst! Bitte erw\u00e4hnen Sie, dass das H\u00e4kelmuster von mir, Craftygenesindonesia, stammt und wo man es kaufen kann. <\/strong><\/p>\n","protected":false},"excerpt":{"rendered":"<p>Gestalten Sie mit diesem 3-in-1-H\u00e4kelmuster-Set, das von der Ostergeschichte inspiriert ist, eine aussagekr\u00e4ftige handgefertigte Dekoration. Dieses Muster enth\u00e4lt Entw\u00fcrfe f\u00fcr die Kreuzigung, die Auferstehung und die Himmelfahrt sowie detaillierte Puppen von Maria, Maria Magdalena, dem Apostel Johannes und dem Apostel Petrus. <\/p>\n<p>Mit den klaren, schrittweisen Anleitungen k\u00f6nnen Sie jede Szene zum Leben erwecken und ein komplettes, symboltr\u00e4chtiges Set gestalten \u2013 ideal als Dekorationsst\u00fcck oder saisonale Dekoration mit einer pers\u00f6nlichen, handgemachten Note.<\/p>\n","protected":false},"featured_media":987540230,"comment_status":"open","ping_status":"closed","template":"","meta":{"_acf_changed":false},"product_brand":[],"product_cat":[12196,12129],"product_tag":[13691,12147,12145,13688,13689,12135,13716,12150,12151,13687,13717],"class_list":{"0":"post-987540288","1":"product","2":"type-product","3":"status-publish","4":"has-post-thumbnail","6":"product_cat-ostern-hakelmuster","7":"product_cat-religiose-hakelmuster","8":"product_tag-apostel","9":"product_tag-christian-de","10":"product_tag-heilige-maria","11":"product_tag-heiliger-johannes","12":"product_tag-heiliger-petrus","13":"product_tag-jesus-de","14":"product_tag-jesus-christus","15":"product_tag-jungfrau-maria","16":"product_tag-katholisch","17":"product_tag-maria-magdalena","18":"product_tag-simon","19":"pa_available_on-craftygenesindonesia","20":"pa_available_on-etsy","21":"pa_available_on-haked-nl","22":"pa_available_on-payhip","23":"pa_available_on-ravelry","24":"pa_languages-deutsch","25":"pa_languages-franzoesisch","26":"pa_languages-niederlaendisch","27":"pa_languages-spanisch","28":"pa_languages-us-englisch","30":"first","31":"instock","32":"downloadable","33":"virtual","34":"purchasable","35":"product-type-simple"},"acf":[],"yoast_head":"<!-- This site is optimized with the Yoast SEO plugin v27.4 - https:\/\/yoast.com\/product\/yoast-seo-wordpress\/ -->\n<title>3in1 Jesus - Craftygenesindonesia<\/title>\n<meta name=\"robots\" content=\"index, follow, max-snippet:-1, max-image-preview:large, max-video-preview:-1\" \/>\n<link rel=\"canonical\" href=\"https:\/\/craftygenesindonesia.com\/de\/shop\/religiose-hakelmuster\/3in1-jesus\/\" \/>\n<meta property=\"og:locale\" content=\"de_DE\" \/>\n<meta property=\"og:type\" content=\"article\" \/>\n<meta property=\"og:title\" content=\"3in1 Jesus - Craftygenesindonesia\" \/>\n<meta property=\"og:description\" content=\"Gestalten Sie mit diesem 3-in-1-H\u00e4kelmuster-Set, das von der Ostergeschichte inspiriert ist, eine aussagekr\u00e4ftige handgefertigte Dekoration. Dieses Muster enth\u00e4lt Entw\u00fcrfe f\u00fcr die Kreuzigung, die Auferstehung und die Himmelfahrt sowie detaillierte Puppen von Maria, Maria Magdalena, dem Apostel Johannes und dem Apostel Petrus.  Mit den klaren, schrittweisen Anleitungen k\u00f6nnen Sie jede Szene zum Leben erwecken und ein komplettes, symboltr\u00e4chtiges Set gestalten \u2013 ideal als Dekorationsst\u00fcck oder saisonale Dekoration mit einer pers\u00f6nlichen, handgemachten Note.\" \/>\n<meta property=\"og:url\" content=\"https:\/\/craftygenesindonesia.com\/de\/shop\/religiose-hakelmuster\/3in1-jesus\/\" \/>\n<meta property=\"og:site_name\" content=\"Craftygenesindonesia\" \/>\n<meta property=\"og:image\" content=\"https:\/\/craftygenesindonesia.com\/wp-content\/uploads\/2026\/03\/1.png\" \/>\n\t<meta property=\"og:image:width\" content=\"1080\" \/>\n\t<meta property=\"og:image:height\" content=\"1080\" \/>\n\t<meta property=\"og:image:type\" content=\"image\/png\" \/>\n<meta name=\"twitter:card\" content=\"summary_large_image\" \/>\n<meta name=\"twitter:label1\" content=\"Gesch\u00e4tzte Lesezeit\" \/>\n\t<meta name=\"twitter:data1\" content=\"1\u00a0Minute\" \/>\n<script type=\"application\/ld+json\" class=\"yoast-schema-graph\">{\"@context\":\"https:\\\/\\\/schema.org\",\"@graph\":[{\"@type\":\"WebPage\",\"@id\":\"https:\\\/\\\/craftygenesindonesia.com\\\/de\\\/shop\\\/religiose-hakelmuster\\\/3in1-jesus\\\/\",\"url\":\"https:\\\/\\\/craftygenesindonesia.com\\\/de\\\/shop\\\/religiose-hakelmuster\\\/3in1-jesus\\\/\",\"name\":\"3in1 Jesus - Craftygenesindonesia\",\"isPartOf\":{\"@id\":\"https:\\\/\\\/craftygenesindonesia.com\\\/de\\\/#website\"},\"primaryImageOfPage\":{\"@id\":\"https:\\\/\\\/craftygenesindonesia.com\\\/de\\\/shop\\\/religiose-hakelmuster\\\/3in1-jesus\\\/#primaryimage\"},\"image\":{\"@id\":\"https:\\\/\\\/craftygenesindonesia.com\\\/de\\\/shop\\\/religiose-hakelmuster\\\/3in1-jesus\\\/#primaryimage\"},\"thumbnailUrl\":\"https:\\\/\\\/craftygenesindonesia.com\\\/wp-content\\\/uploads\\\/2026\\\/03\\\/1.png\",\"datePublished\":\"2026-03-25T12:01:46+00:00\",\"breadcrumb\":{\"@id\":\"https:\\\/\\\/craftygenesindonesia.com\\\/de\\\/shop\\\/religiose-hakelmuster\\\/3in1-jesus\\\/#breadcrumb\"},\"inLanguage\":\"de\",\"potentialAction\":[{\"@type\":\"ReadAction\",\"target\":[\"https:\\\/\\\/craftygenesindonesia.com\\\/de\\\/shop\\\/religiose-hakelmuster\\\/3in1-jesus\\\/\"]}]},{\"@type\":\"ImageObject\",\"inLanguage\":\"de\",\"@id\":\"https:\\\/\\\/craftygenesindonesia.com\\\/de\\\/shop\\\/religiose-hakelmuster\\\/3in1-jesus\\\/#primaryimage\",\"url\":\"https:\\\/\\\/craftygenesindonesia.com\\\/wp-content\\\/uploads\\\/2026\\\/03\\\/1.png\",\"contentUrl\":\"https:\\\/\\\/craftygenesindonesia.com\\\/wp-content\\\/uploads\\\/2026\\\/03\\\/1.png\",\"width\":1080,\"height\":1080,\"caption\":\"3-in-1-Set aus geh\u00e4kelten Figuren: Kreuzigung, Auferstehung und Himmelfahrt Jesu. Mit geh\u00e4kelten Figuren von Jesus, Maria, Maria Magdalena, dem Apostel Johannes und dem Apostel Petrus\"},{\"@type\":\"BreadcrumbList\",\"@id\":\"https:\\\/\\\/craftygenesindonesia.com\\\/de\\\/shop\\\/religiose-hakelmuster\\\/3in1-jesus\\\/#breadcrumb\",\"itemListElement\":[{\"@type\":\"ListItem\",\"position\":1,\"name\":\"Home\",\"item\":\"https:\\\/\\\/craftygenesindonesia.com\\\/de\\\/\"},{\"@type\":\"ListItem\",\"position\":2,\"name\":\"Mustershop\",\"item\":\"https:\\\/\\\/craftygenesindonesia.com\\\/de\\\/muster-shop\\\/\"},{\"@type\":\"ListItem\",\"position\":3,\"name\":\"3in1 Jesus\"}]},{\"@type\":\"WebSite\",\"@id\":\"https:\\\/\\\/craftygenesindonesia.com\\\/de\\\/#website\",\"url\":\"https:\\\/\\\/craftygenesindonesia.com\\\/de\\\/\",\"name\":\"Craftygenesindonesia\",\"description\":\"\",\"publisher\":{\"@id\":\"https:\\\/\\\/craftygenesindonesia.com\\\/de\\\/#organization\"},\"potentialAction\":[{\"@type\":\"SearchAction\",\"target\":{\"@type\":\"EntryPoint\",\"urlTemplate\":\"https:\\\/\\\/craftygenesindonesia.com\\\/de\\\/?s={search_term_string}\"},\"query-input\":{\"@type\":\"PropertyValueSpecification\",\"valueRequired\":true,\"valueName\":\"search_term_string\"}}],\"inLanguage\":\"de\"},{\"@type\":\"Organization\",\"@id\":\"https:\\\/\\\/craftygenesindonesia.com\\\/de\\\/#organization\",\"name\":\"Craftygenesindonesia\",\"url\":\"https:\\\/\\\/craftygenesindonesia.com\\\/de\\\/\",\"logo\":{\"@type\":\"ImageObject\",\"inLanguage\":\"de\",\"@id\":\"https:\\\/\\\/craftygenesindonesia.com\\\/de\\\/#\\\/schema\\\/logo\\\/image\\\/\",\"url\":\"https:\\\/\\\/craftygenesindonesia.com\\\/wp-content\\\/uploads\\\/2025\\\/11\\\/cropped-Copy-of-Craftygenesindonesia.jpg\",\"contentUrl\":\"https:\\\/\\\/craftygenesindonesia.com\\\/wp-content\\\/uploads\\\/2025\\\/11\\\/cropped-Copy-of-Craftygenesindonesia.jpg\",\"width\":180,\"height\":60,\"caption\":\"Craftygenesindonesia\"},\"image\":{\"@id\":\"https:\\\/\\\/craftygenesindonesia.com\\\/de\\\/#\\\/schema\\\/logo\\\/image\\\/\"}}]}<\/script>\n<!-- \/ Yoast SEO plugin. -->","yoast_head_json":{"title":"3in1 Jesus - Craftygenesindonesia","robots":{"index":"index","follow":"follow","max-snippet":"max-snippet:-1","max-image-preview":"max-image-preview:large","max-video-preview":"max-video-preview:-1"},"canonical":"https:\/\/craftygenesindonesia.com\/de\/shop\/religiose-hakelmuster\/3in1-jesus\/","og_locale":"de_DE","og_type":"article","og_title":"3in1 Jesus - Craftygenesindonesia","og_description":"Gestalten Sie mit diesem 3-in-1-H\u00e4kelmuster-Set, das von der Ostergeschichte inspiriert ist, eine aussagekr\u00e4ftige handgefertigte Dekoration. Dieses Muster enth\u00e4lt Entw\u00fcrfe f\u00fcr die Kreuzigung, die Auferstehung und die Himmelfahrt sowie detaillierte Puppen von Maria, Maria Magdalena, dem Apostel Johannes und dem Apostel Petrus.  Mit den klaren, schrittweisen Anleitungen k\u00f6nnen Sie jede Szene zum Leben erwecken und ein komplettes, symboltr\u00e4chtiges Set gestalten \u2013 ideal als Dekorationsst\u00fcck oder saisonale Dekoration mit einer pers\u00f6nlichen, handgemachten Note.","og_url":"https:\/\/craftygenesindonesia.com\/de\/shop\/religiose-hakelmuster\/3in1-jesus\/","og_site_name":"Craftygenesindonesia","og_image":[{"width":1080,"height":1080,"url":"https:\/\/craftygenesindonesia.com\/wp-content\/uploads\/2026\/03\/1.png","type":"image\/png"}],"twitter_card":"summary_large_image","twitter_misc":{"Gesch\u00e4tzte Lesezeit":"1\u00a0Minute"},"schema":{"@context":"https:\/\/schema.org","@graph":[{"@type":"WebPage","@id":"https:\/\/craftygenesindonesia.com\/de\/shop\/religiose-hakelmuster\/3in1-jesus\/","url":"https:\/\/craftygenesindonesia.com\/de\/shop\/religiose-hakelmuster\/3in1-jesus\/","name":"3in1 Jesus - Craftygenesindonesia","isPartOf":{"@id":"https:\/\/craftygenesindonesia.com\/de\/#website"},"primaryImageOfPage":{"@id":"https:\/\/craftygenesindonesia.com\/de\/shop\/religiose-hakelmuster\/3in1-jesus\/#primaryimage"},"image":{"@id":"https:\/\/craftygenesindonesia.com\/de\/shop\/religiose-hakelmuster\/3in1-jesus\/#primaryimage"},"thumbnailUrl":"https:\/\/craftygenesindonesia.com\/wp-content\/uploads\/2026\/03\/1.png","datePublished":"2026-03-25T12:01:46+00:00","breadcrumb":{"@id":"https:\/\/craftygenesindonesia.com\/de\/shop\/religiose-hakelmuster\/3in1-jesus\/#breadcrumb"},"inLanguage":"de","potentialAction":[{"@type":"ReadAction","target":["https:\/\/craftygenesindonesia.com\/de\/shop\/religiose-hakelmuster\/3in1-jesus\/"]}]},{"@type":"ImageObject","inLanguage":"de","@id":"https:\/\/craftygenesindonesia.com\/de\/shop\/religiose-hakelmuster\/3in1-jesus\/#primaryimage","url":"https:\/\/craftygenesindonesia.com\/wp-content\/uploads\/2026\/03\/1.png","contentUrl":"https:\/\/craftygenesindonesia.com\/wp-content\/uploads\/2026\/03\/1.png","width":1080,"height":1080,"caption":"3-in-1-Set aus geh\u00e4kelten Figuren: Kreuzigung, Auferstehung und Himmelfahrt Jesu. Mit geh\u00e4kelten Figuren von Jesus, Maria, Maria Magdalena, dem Apostel Johannes und dem Apostel Petrus"},{"@type":"BreadcrumbList","@id":"https:\/\/craftygenesindonesia.com\/de\/shop\/religiose-hakelmuster\/3in1-jesus\/#breadcrumb","itemListElement":[{"@type":"ListItem","position":1,"name":"Home","item":"https:\/\/craftygenesindonesia.com\/de\/"},{"@type":"ListItem","position":2,"name":"Mustershop","item":"https:\/\/craftygenesindonesia.com\/de\/muster-shop\/"},{"@type":"ListItem","position":3,"name":"3in1 Jesus"}]},{"@type":"WebSite","@id":"https:\/\/craftygenesindonesia.com\/de\/#website","url":"https:\/\/craftygenesindonesia.com\/de\/","name":"Craftygenesindonesia","description":"","publisher":{"@id":"https:\/\/craftygenesindonesia.com\/de\/#organization"},"potentialAction":[{"@type":"SearchAction","target":{"@type":"EntryPoint","urlTemplate":"https:\/\/craftygenesindonesia.com\/de\/?s={search_term_string}"},"query-input":{"@type":"PropertyValueSpecification","valueRequired":true,"valueName":"search_term_string"}}],"inLanguage":"de"},{"@type":"Organization","@id":"https:\/\/craftygenesindonesia.com\/de\/#organization","name":"Craftygenesindonesia","url":"https:\/\/craftygenesindonesia.com\/de\/","logo":{"@type":"ImageObject","inLanguage":"de","@id":"https:\/\/craftygenesindonesia.com\/de\/#\/schema\/logo\/image\/","url":"https:\/\/craftygenesindonesia.com\/wp-content\/uploads\/2025\/11\/cropped-Copy-of-Craftygenesindonesia.jpg","contentUrl":"https:\/\/craftygenesindonesia.com\/wp-content\/uploads\/2025\/11\/cropped-Copy-of-Craftygenesindonesia.jpg","width":180,"height":60,"caption":"Craftygenesindonesia"},"image":{"@id":"https:\/\/craftygenesindonesia.com\/de\/#\/schema\/logo\/image\/"}}]}},"_links":{"self":[{"href":"https:\/\/craftygenesindonesia.com\/de\/wp-json\/wp\/v2\/product\/987540288","targetHints":{"allow":["GET"]}}],"collection":[{"href":"https:\/\/craftygenesindonesia.com\/de\/wp-json\/wp\/v2\/product"}],"about":[{"href":"https:\/\/craftygenesindonesia.com\/de\/wp-json\/wp\/v2\/types\/product"}],"replies":[{"embeddable":true,"href":"https:\/\/craftygenesindonesia.com\/de\/wp-json\/wp\/v2\/comments?post=987540288"}],"wp:featuredmedia":[{"embeddable":true,"href":"https:\/\/craftygenesindonesia.com\/de\/wp-json\/wp\/v2\/media\/987540230"}],"wp:attachment":[{"href":"https:\/\/craftygenesindonesia.com\/de\/wp-json\/wp\/v2\/media?parent=987540288"}],"wp:term":[{"taxonomy":"product_brand","embeddable":true,"href":"https:\/\/craftygenesindonesia.com\/de\/wp-json\/wp\/v2\/product_brand?post=987540288"},{"taxonomy":"product_cat","embeddable":true,"href":"https:\/\/craftygenesindonesia.com\/de\/wp-json\/wp\/v2\/product_cat?post=987540288"},{"taxonomy":"product_tag","embeddable":true,"href":"https:\/\/craftygenesindonesia.com\/de\/wp-json\/wp\/v2\/product_tag?post=987540288"}],"curies":[{"name":"wp","href":"https:\/\/api.w.org\/{rel}","templated":true}]}}