{"id":987532118,"date":"2025-10-30T10:44:05","date_gmt":"2025-10-30T02:44:05","guid":{"rendered":"https:\/\/craftygenesindonesia.com\/shop\/unkategorisiert\/3in1-weihnachtsengel-maedchen\/"},"modified":"2026-03-17T22:44:11","modified_gmt":"2026-03-17T14:44:11","slug":"3in1-weihnachtsengel-maedchen","status":"publish","type":"product","link":"https:\/\/craftygenesindonesia.com\/de\/shop\/weihnachts-hakelmuster\/3in1-weihnachtsengel-maedchen\/","title":{"rendered":"3in1 Weihnachtsengel M\u00e4dchen"},"content":{"rendered":"<p><b>3in1 Weihnachtsengel M\u00e4dchen<\/b><b><\/b><\/p>\n<p><b>Dateityp<\/b>: H\u00e4kelmuster &#8211; digitaler Download, kein physischer Gegenstand<\/p>\n<p><b>Verf\u00fcgbare Sprachen<\/b>: Englisch (US &amp; UK Begriffe), Niederl\u00e4ndisch, Franz\u00f6sisch, Spanisch, Deutsch<\/p>\n<p><b>Gr\u00f6\u00dfe des fertigen Artikels<\/b>: 20 cm \u2013 7,8 Zoll hoch<\/p>\n<p><b>Garnart: <\/b>\u201eFingering\u201c-Garn (St\u00e4rke 3)<\/p>\n<p><b>Empfohlene Marken<\/b>: Catona by Scheepjes, Durable Coral, &#8230;<\/p>\n<p>Ben\u00f6tigte Garnfarben: Hautfarbe, Wei\u00df, Goldbraun, Dunkelbraun, Hellblau, Hellgelb<\/p>\n<p><b>Ben\u00f6tigtes Metallgarn:<\/b> Metallic-Gold, Metallic-Hellblau, Metallic-Dunkelgold<\/p>\n<p><b>H\u00e4kelnadel:<\/b> 2.5mm<\/p>\n<p><b>Sonstiges, was Sie ben\u00f6tigen:<\/b> F\u00fcllmaterial, Schere, Stecknadeln, Maschenmarkierer, Tapisserienadel, 6 Wattest\u00e4bchen, 25 mm Schl\u00fcsselring, 5 mm dicker Karton, 1,5 mm dicker Aluminiumdraht, Schneidezange, Kleber, eine silberfarbene 10 mm Glocke<\/p>\n<p><b>Copyright und Hilfe-Informationen:<\/b><\/p>\n<p>Dieses Muster ist ein schriftliches Muster (digital) mit vielen Bildern, um Ihnen zu helfen. Wenn Sie Fragen zum Muster haben, schicken Sie mir eine E-Mail an <a href=\"mailto:craftygenesindonesia@gmail.com\">Craftygenesindonesia@gmail.com<\/a> <\/p>\n<p><b>Dieses digitale H\u00e4kelmuster ist nur f\u00fcr den pers\u00f6nlichen Gebrauch bestimmt und unterliegt dem Copyright. Daher d\u00fcrfen Sie ohne meine Erlaubnis nicht kopieren, verkaufen, weiterverkaufen, \u00fcbersetzen, als Ihr eigenes Design ausgeben, verteilen, teilen, ver\u00f6ffentlichen, nur posten, &#8230; in irgendeiner Weise oder Form. Nicht einmal ein Teil davon!  <\/b><\/p>\n<p><b>Sie d\u00fcrfen das fertige Produkt oder den Gegenstand in kleinen Mengen verkaufen, aber nicht das H\u00e4kelmuster selbst! Bitte erw\u00e4hnen Sie, dass das H\u00e4kelmuster von mir, Craftygenesindonesia, stammt und wo man es kaufen kann. <\/b><\/p>\n","protected":false},"excerpt":{"rendered":"<p>Dies ist eine unterhaltsame und leicht verst\u00e4ndliche 3-in-1-H\u00e4kelanleitung f\u00fcr drei niedliche kleine Weihnachtsengel. Alle drei sind nat\u00fcrlich in der Anleitung enthalten. <\/p>\n","protected":false},"featured_media":987532114,"comment_status":"open","ping_status":"closed","template":"","meta":{"_acf_changed":false},"product_brand":[],"product_cat":[12251,12130],"product_tag":[12256,12254],"class_list":{"0":"post-987532118","1":"product","2":"type-product","3":"status-publish","4":"has-post-thumbnail","6":"product_cat-engel-hakelmuster","7":"product_cat-weihnachts-hakelmuster","8":"product_tag-engel-de","9":"product_tag-weihnachtsengel","10":"pa_available_on-craftygenesindonesia","11":"pa_available_on-etsy","12":"pa_available_on-haked-nl","13":"pa_available_on-payhip","14":"pa_available_on-ravelry","15":"pa_languages-deutsch","16":"pa_languages-franzoesisch","17":"pa_languages-grossbritannien-englisch","18":"pa_languages-niederlaendisch","19":"pa_languages-spanisch","20":"pa_languages-us-englisch","22":"first","23":"instock","24":"downloadable","25":"virtual","26":"purchasable","27":"product-type-simple"},"acf":[],"yoast_head":"<!-- This site is optimized with the Yoast SEO plugin v27.4 - https:\/\/yoast.com\/product\/yoast-seo-wordpress\/ -->\n<title>3in1 Weihnachtsengel M\u00e4dchen H\u00e4kelmuster - Craftygenesindonesia<\/title>\n<meta name=\"description\" content=\"Kaufen Sie hier meine H\u00e4kelanleitung \u201e3in1 Weihnachtsengel-M\u00e4dchen\u201c. Die H\u00e4kelanleitung ist auch auf Etsy, Haked.nl, Ravelry und Payhip erh\u00e4ltlich.\" \/>\n<meta name=\"robots\" content=\"index, follow, max-snippet:-1, max-image-preview:large, max-video-preview:-1\" \/>\n<link rel=\"canonical\" href=\"https:\/\/craftygenesindonesia.com\/de\/shop\/weihnachts-hakelmuster\/3in1-weihnachtsengel-maedchen\/\" \/>\n<meta property=\"og:locale\" content=\"de_DE\" \/>\n<meta property=\"og:type\" content=\"article\" \/>\n<meta property=\"og:title\" content=\"3in1 Weihnachtsengel-M\u00e4dchen H\u00e4kelanleitung\" \/>\n<meta property=\"og:description\" content=\"Kaufen Sie hier meine H\u00e4kelanleitung \u201e3in1 Weihnachtsengel-M\u00e4dchen\u201c. Die H\u00e4kelanleitung ist auch auf Etsy, Haked.nl, Ravelry und Payhip erh\u00e4ltlich.\" \/>\n<meta property=\"og:url\" content=\"https:\/\/craftygenesindonesia.com\/de\/shop\/weihnachts-hakelmuster\/3in1-weihnachtsengel-maedchen\/\" \/>\n<meta property=\"og:site_name\" content=\"Craftygenesindonesia\" \/>\n<meta property=\"article:modified_time\" content=\"2026-03-17T14:44:11+00:00\" \/>\n<meta property=\"og:image\" content=\"https:\/\/craftygenesindonesia.com\/wp-content\/uploads\/2025\/10\/1-300x300.jpg\" \/>\n<meta name=\"twitter:card\" content=\"summary_large_image\" \/>\n<meta name=\"twitter:label1\" content=\"Gesch\u00e4tzte Lesezeit\" \/>\n\t<meta name=\"twitter:data1\" content=\"2\u00a0Minuten\" \/>\n<script type=\"application\/ld+json\" class=\"yoast-schema-graph\">{\"@context\":\"https:\\\/\\\/schema.org\",\"@graph\":[{\"@type\":\"WebPage\",\"@id\":\"https:\\\/\\\/craftygenesindonesia.com\\\/de\\\/shop\\\/weihnachts-hakelmuster\\\/3in1-weihnachtsengel-maedchen\\\/\",\"url\":\"https:\\\/\\\/craftygenesindonesia.com\\\/de\\\/shop\\\/weihnachts-hakelmuster\\\/3in1-weihnachtsengel-maedchen\\\/\",\"name\":\"3in1 Weihnachtsengel M\u00e4dchen H\u00e4kelmuster - Craftygenesindonesia\",\"isPartOf\":{\"@id\":\"https:\\\/\\\/craftygenesindonesia.com\\\/de\\\/#website\"},\"primaryImageOfPage\":{\"@id\":\"https:\\\/\\\/craftygenesindonesia.com\\\/de\\\/shop\\\/weihnachts-hakelmuster\\\/3in1-weihnachtsengel-maedchen\\\/#primaryimage\"},\"image\":{\"@id\":\"https:\\\/\\\/craftygenesindonesia.com\\\/de\\\/shop\\\/weihnachts-hakelmuster\\\/3in1-weihnachtsengel-maedchen\\\/#primaryimage\"},\"thumbnailUrl\":\"https:\\\/\\\/craftygenesindonesia.com\\\/wp-content\\\/uploads\\\/2025\\\/10\\\/1.jpg\",\"datePublished\":\"2025-10-30T02:44:05+00:00\",\"dateModified\":\"2026-03-17T14:44:11+00:00\",\"description\":\"Kaufen Sie hier meine H\u00e4kelanleitung \u201e3in1 Weihnachtsengel-M\u00e4dchen\u201c. Die H\u00e4kelanleitung ist auch auf Etsy, Haked.nl, Ravelry und Payhip erh\u00e4ltlich.\",\"breadcrumb\":{\"@id\":\"https:\\\/\\\/craftygenesindonesia.com\\\/de\\\/shop\\\/weihnachts-hakelmuster\\\/3in1-weihnachtsengel-maedchen\\\/#breadcrumb\"},\"inLanguage\":\"de\",\"potentialAction\":[{\"@type\":\"ReadAction\",\"target\":[\"https:\\\/\\\/craftygenesindonesia.com\\\/de\\\/shop\\\/weihnachts-hakelmuster\\\/3in1-weihnachtsengel-maedchen\\\/\"]}]},{\"@type\":\"ImageObject\",\"inLanguage\":\"de\",\"@id\":\"https:\\\/\\\/craftygenesindonesia.com\\\/de\\\/shop\\\/weihnachts-hakelmuster\\\/3in1-weihnachtsengel-maedchen\\\/#primaryimage\",\"url\":\"https:\\\/\\\/craftygenesindonesia.com\\\/wp-content\\\/uploads\\\/2025\\\/10\\\/1.jpg\",\"contentUrl\":\"https:\\\/\\\/craftygenesindonesia.com\\\/wp-content\\\/uploads\\\/2025\\\/10\\\/1.jpg\",\"width\":1080,\"height\":1080,\"caption\":\"3 geh\u00e4kelte Weihnachtsengel-Puppen\"},{\"@type\":\"BreadcrumbList\",\"@id\":\"https:\\\/\\\/craftygenesindonesia.com\\\/de\\\/shop\\\/weihnachts-hakelmuster\\\/3in1-weihnachtsengel-maedchen\\\/#breadcrumb\",\"itemListElement\":[{\"@type\":\"ListItem\",\"position\":1,\"name\":\"Home\",\"item\":\"https:\\\/\\\/craftygenesindonesia.com\\\/de\\\/\"},{\"@type\":\"ListItem\",\"position\":2,\"name\":\"Mustershop\",\"item\":\"https:\\\/\\\/craftygenesindonesia.com\\\/de\\\/muster-shop\\\/\"},{\"@type\":\"ListItem\",\"position\":3,\"name\":\"3in1 Weihnachtsengel M\u00e4dchen\"}]},{\"@type\":\"WebSite\",\"@id\":\"https:\\\/\\\/craftygenesindonesia.com\\\/de\\\/#website\",\"url\":\"https:\\\/\\\/craftygenesindonesia.com\\\/de\\\/\",\"name\":\"Craftygenesindonesia\",\"description\":\"\",\"publisher\":{\"@id\":\"https:\\\/\\\/craftygenesindonesia.com\\\/de\\\/#organization\"},\"potentialAction\":[{\"@type\":\"SearchAction\",\"target\":{\"@type\":\"EntryPoint\",\"urlTemplate\":\"https:\\\/\\\/craftygenesindonesia.com\\\/de\\\/?s={search_term_string}\"},\"query-input\":{\"@type\":\"PropertyValueSpecification\",\"valueRequired\":true,\"valueName\":\"search_term_string\"}}],\"inLanguage\":\"de\"},{\"@type\":\"Organization\",\"@id\":\"https:\\\/\\\/craftygenesindonesia.com\\\/de\\\/#organization\",\"name\":\"Craftygenesindonesia\",\"url\":\"https:\\\/\\\/craftygenesindonesia.com\\\/de\\\/\",\"logo\":{\"@type\":\"ImageObject\",\"inLanguage\":\"de\",\"@id\":\"https:\\\/\\\/craftygenesindonesia.com\\\/de\\\/#\\\/schema\\\/logo\\\/image\\\/\",\"url\":\"https:\\\/\\\/craftygenesindonesia.com\\\/wp-content\\\/uploads\\\/2025\\\/11\\\/cropped-Copy-of-Craftygenesindonesia.jpg\",\"contentUrl\":\"https:\\\/\\\/craftygenesindonesia.com\\\/wp-content\\\/uploads\\\/2025\\\/11\\\/cropped-Copy-of-Craftygenesindonesia.jpg\",\"width\":180,\"height\":60,\"caption\":\"Craftygenesindonesia\"},\"image\":{\"@id\":\"https:\\\/\\\/craftygenesindonesia.com\\\/de\\\/#\\\/schema\\\/logo\\\/image\\\/\"}}]}<\/script>\n<!-- \/ Yoast SEO plugin. -->","yoast_head_json":{"title":"3in1 Weihnachtsengel M\u00e4dchen H\u00e4kelmuster - Craftygenesindonesia","description":"Kaufen Sie hier meine H\u00e4kelanleitung \u201e3in1 Weihnachtsengel-M\u00e4dchen\u201c. Die H\u00e4kelanleitung ist auch auf Etsy, Haked.nl, Ravelry und Payhip erh\u00e4ltlich.","robots":{"index":"index","follow":"follow","max-snippet":"max-snippet:-1","max-image-preview":"max-image-preview:large","max-video-preview":"max-video-preview:-1"},"canonical":"https:\/\/craftygenesindonesia.com\/de\/shop\/weihnachts-hakelmuster\/3in1-weihnachtsengel-maedchen\/","og_locale":"de_DE","og_type":"article","og_title":"3in1 Weihnachtsengel-M\u00e4dchen H\u00e4kelanleitung","og_description":"Kaufen Sie hier meine H\u00e4kelanleitung \u201e3in1 Weihnachtsengel-M\u00e4dchen\u201c. Die H\u00e4kelanleitung ist auch auf Etsy, Haked.nl, Ravelry und Payhip erh\u00e4ltlich.","og_url":"https:\/\/craftygenesindonesia.com\/de\/shop\/weihnachts-hakelmuster\/3in1-weihnachtsengel-maedchen\/","og_site_name":"Craftygenesindonesia","article_modified_time":"2026-03-17T14:44:11+00:00","og_image":[{"url":"https:\/\/craftygenesindonesia.com\/wp-content\/uploads\/2025\/10\/1-300x300.jpg","type":"","width":"","height":""}],"twitter_card":"summary_large_image","twitter_misc":{"Gesch\u00e4tzte Lesezeit":"2\u00a0Minuten"},"schema":{"@context":"https:\/\/schema.org","@graph":[{"@type":"WebPage","@id":"https:\/\/craftygenesindonesia.com\/de\/shop\/weihnachts-hakelmuster\/3in1-weihnachtsengel-maedchen\/","url":"https:\/\/craftygenesindonesia.com\/de\/shop\/weihnachts-hakelmuster\/3in1-weihnachtsengel-maedchen\/","name":"3in1 Weihnachtsengel M\u00e4dchen H\u00e4kelmuster - Craftygenesindonesia","isPartOf":{"@id":"https:\/\/craftygenesindonesia.com\/de\/#website"},"primaryImageOfPage":{"@id":"https:\/\/craftygenesindonesia.com\/de\/shop\/weihnachts-hakelmuster\/3in1-weihnachtsengel-maedchen\/#primaryimage"},"image":{"@id":"https:\/\/craftygenesindonesia.com\/de\/shop\/weihnachts-hakelmuster\/3in1-weihnachtsengel-maedchen\/#primaryimage"},"thumbnailUrl":"https:\/\/craftygenesindonesia.com\/wp-content\/uploads\/2025\/10\/1.jpg","datePublished":"2025-10-30T02:44:05+00:00","dateModified":"2026-03-17T14:44:11+00:00","description":"Kaufen Sie hier meine H\u00e4kelanleitung \u201e3in1 Weihnachtsengel-M\u00e4dchen\u201c. Die H\u00e4kelanleitung ist auch auf Etsy, Haked.nl, Ravelry und Payhip erh\u00e4ltlich.","breadcrumb":{"@id":"https:\/\/craftygenesindonesia.com\/de\/shop\/weihnachts-hakelmuster\/3in1-weihnachtsengel-maedchen\/#breadcrumb"},"inLanguage":"de","potentialAction":[{"@type":"ReadAction","target":["https:\/\/craftygenesindonesia.com\/de\/shop\/weihnachts-hakelmuster\/3in1-weihnachtsengel-maedchen\/"]}]},{"@type":"ImageObject","inLanguage":"de","@id":"https:\/\/craftygenesindonesia.com\/de\/shop\/weihnachts-hakelmuster\/3in1-weihnachtsengel-maedchen\/#primaryimage","url":"https:\/\/craftygenesindonesia.com\/wp-content\/uploads\/2025\/10\/1.jpg","contentUrl":"https:\/\/craftygenesindonesia.com\/wp-content\/uploads\/2025\/10\/1.jpg","width":1080,"height":1080,"caption":"3 geh\u00e4kelte Weihnachtsengel-Puppen"},{"@type":"BreadcrumbList","@id":"https:\/\/craftygenesindonesia.com\/de\/shop\/weihnachts-hakelmuster\/3in1-weihnachtsengel-maedchen\/#breadcrumb","itemListElement":[{"@type":"ListItem","position":1,"name":"Home","item":"https:\/\/craftygenesindonesia.com\/de\/"},{"@type":"ListItem","position":2,"name":"Mustershop","item":"https:\/\/craftygenesindonesia.com\/de\/muster-shop\/"},{"@type":"ListItem","position":3,"name":"3in1 Weihnachtsengel M\u00e4dchen"}]},{"@type":"WebSite","@id":"https:\/\/craftygenesindonesia.com\/de\/#website","url":"https:\/\/craftygenesindonesia.com\/de\/","name":"Craftygenesindonesia","description":"","publisher":{"@id":"https:\/\/craftygenesindonesia.com\/de\/#organization"},"potentialAction":[{"@type":"SearchAction","target":{"@type":"EntryPoint","urlTemplate":"https:\/\/craftygenesindonesia.com\/de\/?s={search_term_string}"},"query-input":{"@type":"PropertyValueSpecification","valueRequired":true,"valueName":"search_term_string"}}],"inLanguage":"de"},{"@type":"Organization","@id":"https:\/\/craftygenesindonesia.com\/de\/#organization","name":"Craftygenesindonesia","url":"https:\/\/craftygenesindonesia.com\/de\/","logo":{"@type":"ImageObject","inLanguage":"de","@id":"https:\/\/craftygenesindonesia.com\/de\/#\/schema\/logo\/image\/","url":"https:\/\/craftygenesindonesia.com\/wp-content\/uploads\/2025\/11\/cropped-Copy-of-Craftygenesindonesia.jpg","contentUrl":"https:\/\/craftygenesindonesia.com\/wp-content\/uploads\/2025\/11\/cropped-Copy-of-Craftygenesindonesia.jpg","width":180,"height":60,"caption":"Craftygenesindonesia"},"image":{"@id":"https:\/\/craftygenesindonesia.com\/de\/#\/schema\/logo\/image\/"}}]}},"_links":{"self":[{"href":"https:\/\/craftygenesindonesia.com\/de\/wp-json\/wp\/v2\/product\/987532118","targetHints":{"allow":["GET"]}}],"collection":[{"href":"https:\/\/craftygenesindonesia.com\/de\/wp-json\/wp\/v2\/product"}],"about":[{"href":"https:\/\/craftygenesindonesia.com\/de\/wp-json\/wp\/v2\/types\/product"}],"replies":[{"embeddable":true,"href":"https:\/\/craftygenesindonesia.com\/de\/wp-json\/wp\/v2\/comments?post=987532118"}],"wp:featuredmedia":[{"embeddable":true,"href":"https:\/\/craftygenesindonesia.com\/de\/wp-json\/wp\/v2\/media\/987532114"}],"wp:attachment":[{"href":"https:\/\/craftygenesindonesia.com\/de\/wp-json\/wp\/v2\/media?parent=987532118"}],"wp:term":[{"taxonomy":"product_brand","embeddable":true,"href":"https:\/\/craftygenesindonesia.com\/de\/wp-json\/wp\/v2\/product_brand?post=987532118"},{"taxonomy":"product_cat","embeddable":true,"href":"https:\/\/craftygenesindonesia.com\/de\/wp-json\/wp\/v2\/product_cat?post=987532118"},{"taxonomy":"product_tag","embeddable":true,"href":"https:\/\/craftygenesindonesia.com\/de\/wp-json\/wp\/v2\/product_tag?post=987532118"}],"curies":[{"name":"wp","href":"https:\/\/api.w.org\/{rel}","templated":true}]}}