{"id":987531303,"date":"2025-10-28T05:20:42","date_gmt":"2025-10-27T21:20:42","guid":{"rendered":"https:\/\/craftygenesindonesia.com\/shop\/unkategorisiert\/weihnachtskleid-2\/"},"modified":"2026-03-18T11:48:47","modified_gmt":"2026-03-18T03:48:47","slug":"weihnachtskleid-2","status":"publish","type":"product","link":"https:\/\/craftygenesindonesia.com\/de\/shop\/puppenkleider\/weihnachtskleid-2\/","title":{"rendered":"Weihnachtskleid 2"},"content":{"rendered":"<p>Weihnachtskleid 2<\/p>\n<div class=\"et_pb_module et_pb_wc_description et_pb_wc_description_1_tb_body et_pb_bg_layout_light et_pb_text_align_left\">\n<div class=\"et_pb_module_inner\">\n<p>Dateityp: H\u00e4kelanleitung \u2013 digitaler Download, kein physischer Artikel<br \/>\n<strong>Verf\u00fcgbare Sprachen: Englisch, Niederl\u00e4ndisch, Franz\u00f6sisch, Spanisch<\/strong><\/p>\n<p>Passend f\u00fcr: die meisten Modepuppen wie Barbie<\/p>\n<p>&nbsp;<\/p>\n<p>Garnart: DK-Garn<br \/>\nEmpfohlene Marken: Softfun von Scheepjes, Durable Cosy Fine, 4-f\u00e4dige Milchbaumwolle, ...<br \/>\n<strong>Ben\u00f6tigte Garnfarben:<\/strong> Wei\u00df<\/p>\n<p><strong>Garn 2: <\/strong>Metallic-Gold<\/p>\n<p><strong>H\u00e4kelnadelgr\u00f6\u00dfe: <\/strong>2 mm<\/p>\n<p><strong>Maschenprobe:<\/strong> 8 Reihen x 7 Maschen pro 2,5 cm\/1 Zoll<\/p>\n<p><strong><em>Tippfehler-Korrektur: Die letzte Farb\u00e4nderung auf Seite 11 muss wei\u00dfes Chenille-Garn sein. Ich bitte um Entschuldigung f\u00fcr den Tippfehler. <\/em><\/strong><\/p>\n<p>Weitere ben\u00f6tigte Utensilien: Schere, Stecknadeln, Klettverschluss oder Druckkn\u00f6pfe, Tapisserienadel und Maschenmarkierer<\/p>\n<p><strong>Copyright und Hilfe-Informationen:<\/strong><br \/>\nDieses Muster ist ein schriftliches Muster (digital) mit vielen Bildern, die Ihnen helfen. Wenn Sie Fragen zum Muster haben, schicken Sie mir eine E-Mail an <a href=\"mailto:craftygenesindonesia@gmail.com\">Craftygenesindonesia@gmail.com<\/a> <\/p>\n<p><strong>Dieses digitale H\u00e4kelmuster ist nur f\u00fcr den pers\u00f6nlichen Gebrauch bestimmt und unterliegt dem Copyright. Daher d\u00fcrfen Sie ohne meine Erlaubnis nicht kopieren, verkaufen, weiterverkaufen, \u00fcbersetzen, als Ihr eigenes Design ausgeben, verteilen, teilen, ver\u00f6ffentlichen, nur posten, ... in irgendeiner Weise oder Form. Nicht einmal ein Teil davon!  <\/strong><\/p>\n<p><strong>Sie d\u00fcrfen das fertige Produkt oder den Gegenstand in kleinen Mengen verkaufen, aber nicht das H\u00e4kelmuster selbst! Bitte erw\u00e4hnen Sie, dass das H\u00e4kelmuster von mir, Craftygenesindonesia, stammt und wo man es kaufen kann. <\/strong><\/p>\n<\/div>\n<\/div>\n","protected":false},"excerpt":{"rendered":"<div class=\"et_pb_module et_pb_wc_description et_pb_wc_description_0_tb_body et_pb_bg_layout_light et_pb_text_align_left\">\n<div class=\"et_pb_module_inner\">\n<p>Dies ist ein lustiges und einfaches Weihnachtskleid f\u00fcr Modepuppen wie Barbie.<\/p>\n<\/div>\n<\/div>\n<div class=\"et_pb_with_border et_pb_module et_pb_wc_add_to_cart et_pb_wc_add_to_cart_0_tb_body et_pb_hide_input_quantity et_pb_hide_stock et_pb_fields_label_position_default et_pb_bg_layout_ et_pb_text_align_left\">\n<div class=\"et_pb_module_inner\">\n<form class=\"cart\" action=\"https:\/\/craftygenesindonesia.com\/shop\/doll-dresses\/christmas-dress-1\/\" enctype=\"multipart\/form-data\" method=\"post\">\n<div id=\"yith-wapo-container\" class=\"yith-wapo-container yith-wapo-form-style-theme\" data-product-price=\"1.85\" data-default-product-price=\"1.85\" data-product-id=\"987531166\">\n<div id=\"yith-wapo-block-1\" class=\"yith-wapo-block\">\n<div id=\"yith-wapo-addon-3\" class=\"yith-wapo-addon yith-wapo-addon-type-html_separator default-closed toggle-closed \" data-min=\"\" data-max=\"\" data-exa=\"\" data-addon-type=\"html_separator\">\n<div class=\"addon-header\"><\/div>\n<\/div>\n<\/div>\n<\/div>\n<\/form>\n<\/div>\n<\/div>\n","protected":false},"featured_media":987531302,"comment_status":"open","ping_status":"closed","template":"","meta":{"_acf_changed":false},"product_brand":[],"product_cat":[12157],"product_tag":[12158,12808,12162],"class_list":{"0":"post-987531303","1":"product","2":"type-product","3":"status-publish","4":"has-post-thumbnail","6":"product_cat-puppenkleider","7":"product_tag-barbie-de","8":"product_tag-kleid","9":"product_tag-puppenkleid","10":"pa_available_on-craftygenesindonesia","11":"pa_available_on-ravelry","12":"pa_languages-franzoesisch","13":"pa_languages-niederlaendisch","14":"pa_languages-spanisch","15":"pa_languages-us-englisch","17":"first","18":"instock","19":"downloadable","20":"virtual","21":"purchasable","22":"product-type-simple"},"acf":[],"yoast_head":"<!-- This site is optimized with the Yoast SEO plugin v27.3 - https:\/\/yoast.com\/product\/yoast-seo-wordpress\/ -->\n<title>Weihnachtskleid 2 H\u00e4kelmuster - Craftygenesindonesia<\/title>\n<meta name=\"description\" content=\"Kaufen Sie hier meine H\u00e4kelanleitung \u201eWeihnachtskleid 2\u201d. Die einfache H\u00e4kelanleitung ist auf Englisch, Niederl\u00e4ndisch, Franz\u00f6sisch und Spanisch erh\u00e4ltlich.\" \/>\n<meta name=\"robots\" content=\"index, follow, max-snippet:-1, max-image-preview:large, max-video-preview:-1\" \/>\n<link rel=\"canonical\" href=\"https:\/\/craftygenesindonesia.com\/de\/shop\/puppenkleider\/weihnachtskleid-2\/\" \/>\n<meta property=\"og:locale\" content=\"de_DE\" \/>\n<meta property=\"og:type\" content=\"article\" \/>\n<meta property=\"og:title\" content=\"Weihnachtskleid 2 H\u00e4kelanleitung\" \/>\n<meta property=\"og:description\" content=\"Kaufen Sie hier meine H\u00e4kelanleitung \u201eWeihnachtskleid 2\u201d. Die einfache H\u00e4kelanleitung ist auf Englisch, Niederl\u00e4ndisch, Franz\u00f6sisch und Spanisch erh\u00e4ltlich.\" \/>\n<meta property=\"og:url\" content=\"https:\/\/craftygenesindonesia.com\/de\/shop\/puppenkleider\/weihnachtskleid-2\/\" \/>\n<meta property=\"og:site_name\" content=\"Craftygenesindonesia\" \/>\n<meta property=\"article:modified_time\" content=\"2026-03-18T03:48:47+00:00\" \/>\n<meta property=\"og:image\" content=\"https:\/\/craftygenesindonesia.com\/wp-content\/uploads\/2023\/11\/Copy-of-Untitled-9-300x300.jpg\" \/>\n<meta name=\"twitter:card\" content=\"summary_large_image\" \/>\n<meta name=\"twitter:label1\" content=\"Gesch\u00e4tzte Lesezeit\" \/>\n\t<meta name=\"twitter:data1\" content=\"2\u00a0Minuten\" \/>\n<script type=\"application\/ld+json\" class=\"yoast-schema-graph\">{\"@context\":\"https:\\\/\\\/schema.org\",\"@graph\":[{\"@type\":\"WebPage\",\"@id\":\"https:\\\/\\\/craftygenesindonesia.com\\\/de\\\/shop\\\/puppenkleider\\\/weihnachtskleid-2\\\/\",\"url\":\"https:\\\/\\\/craftygenesindonesia.com\\\/de\\\/shop\\\/puppenkleider\\\/weihnachtskleid-2\\\/\",\"name\":\"Weihnachtskleid 2 H\u00e4kelmuster - Craftygenesindonesia\",\"isPartOf\":{\"@id\":\"https:\\\/\\\/craftygenesindonesia.com\\\/de\\\/#website\"},\"primaryImageOfPage\":{\"@id\":\"https:\\\/\\\/craftygenesindonesia.com\\\/de\\\/shop\\\/puppenkleider\\\/weihnachtskleid-2\\\/#primaryimage\"},\"image\":{\"@id\":\"https:\\\/\\\/craftygenesindonesia.com\\\/de\\\/shop\\\/puppenkleider\\\/weihnachtskleid-2\\\/#primaryimage\"},\"thumbnailUrl\":\"https:\\\/\\\/craftygenesindonesia.com\\\/wp-content\\\/uploads\\\/2023\\\/11\\\/Copy-of-Untitled-9.jpg\",\"datePublished\":\"2025-10-27T21:20:42+00:00\",\"dateModified\":\"2026-03-18T03:48:47+00:00\",\"description\":\"Kaufen Sie hier meine H\u00e4kelanleitung \u201eWeihnachtskleid 2\u201d. Die einfache H\u00e4kelanleitung ist auf Englisch, Niederl\u00e4ndisch, Franz\u00f6sisch und Spanisch erh\u00e4ltlich.\",\"breadcrumb\":{\"@id\":\"https:\\\/\\\/craftygenesindonesia.com\\\/de\\\/shop\\\/puppenkleider\\\/weihnachtskleid-2\\\/#breadcrumb\"},\"inLanguage\":\"de\",\"potentialAction\":[{\"@type\":\"ReadAction\",\"target\":[\"https:\\\/\\\/craftygenesindonesia.com\\\/de\\\/shop\\\/puppenkleider\\\/weihnachtskleid-2\\\/\"]}]},{\"@type\":\"ImageObject\",\"inLanguage\":\"de\",\"@id\":\"https:\\\/\\\/craftygenesindonesia.com\\\/de\\\/shop\\\/puppenkleider\\\/weihnachtskleid-2\\\/#primaryimage\",\"url\":\"https:\\\/\\\/craftygenesindonesia.com\\\/wp-content\\\/uploads\\\/2023\\\/11\\\/Copy-of-Untitled-9.jpg\",\"contentUrl\":\"https:\\\/\\\/craftygenesindonesia.com\\\/wp-content\\\/uploads\\\/2023\\\/11\\\/Copy-of-Untitled-9.jpg\",\"width\":1080,\"height\":1080,\"caption\":\"Weihnachtskleid 2\"},{\"@type\":\"BreadcrumbList\",\"@id\":\"https:\\\/\\\/craftygenesindonesia.com\\\/de\\\/shop\\\/puppenkleider\\\/weihnachtskleid-2\\\/#breadcrumb\",\"itemListElement\":[{\"@type\":\"ListItem\",\"position\":1,\"name\":\"Home\",\"item\":\"https:\\\/\\\/craftygenesindonesia.com\\\/de\\\/\"},{\"@type\":\"ListItem\",\"position\":2,\"name\":\"Mustershop\",\"item\":\"https:\\\/\\\/craftygenesindonesia.com\\\/de\\\/muster-shop\\\/\"},{\"@type\":\"ListItem\",\"position\":3,\"name\":\"Weihnachtskleid 2\"}]},{\"@type\":\"WebSite\",\"@id\":\"https:\\\/\\\/craftygenesindonesia.com\\\/de\\\/#website\",\"url\":\"https:\\\/\\\/craftygenesindonesia.com\\\/de\\\/\",\"name\":\"Craftygenesindonesia\",\"description\":\"\",\"publisher\":{\"@id\":\"https:\\\/\\\/craftygenesindonesia.com\\\/de\\\/#organization\"},\"potentialAction\":[{\"@type\":\"SearchAction\",\"target\":{\"@type\":\"EntryPoint\",\"urlTemplate\":\"https:\\\/\\\/craftygenesindonesia.com\\\/de\\\/?s={search_term_string}\"},\"query-input\":{\"@type\":\"PropertyValueSpecification\",\"valueRequired\":true,\"valueName\":\"search_term_string\"}}],\"inLanguage\":\"de\"},{\"@type\":\"Organization\",\"@id\":\"https:\\\/\\\/craftygenesindonesia.com\\\/de\\\/#organization\",\"name\":\"Craftygenesindonesia\",\"url\":\"https:\\\/\\\/craftygenesindonesia.com\\\/de\\\/\",\"logo\":{\"@type\":\"ImageObject\",\"inLanguage\":\"de\",\"@id\":\"https:\\\/\\\/craftygenesindonesia.com\\\/de\\\/#\\\/schema\\\/logo\\\/image\\\/\",\"url\":\"https:\\\/\\\/craftygenesindonesia.com\\\/wp-content\\\/uploads\\\/2025\\\/11\\\/cropped-Copy-of-Craftygenesindonesia.jpg\",\"contentUrl\":\"https:\\\/\\\/craftygenesindonesia.com\\\/wp-content\\\/uploads\\\/2025\\\/11\\\/cropped-Copy-of-Craftygenesindonesia.jpg\",\"width\":180,\"height\":60,\"caption\":\"Craftygenesindonesia\"},\"image\":{\"@id\":\"https:\\\/\\\/craftygenesindonesia.com\\\/de\\\/#\\\/schema\\\/logo\\\/image\\\/\"}}]}<\/script>\n<!-- \/ Yoast SEO plugin. -->","yoast_head_json":{"title":"Weihnachtskleid 2 H\u00e4kelmuster - Craftygenesindonesia","description":"Kaufen Sie hier meine H\u00e4kelanleitung \u201eWeihnachtskleid 2\u201d. Die einfache H\u00e4kelanleitung ist auf Englisch, Niederl\u00e4ndisch, Franz\u00f6sisch und Spanisch erh\u00e4ltlich.","robots":{"index":"index","follow":"follow","max-snippet":"max-snippet:-1","max-image-preview":"max-image-preview:large","max-video-preview":"max-video-preview:-1"},"canonical":"https:\/\/craftygenesindonesia.com\/de\/shop\/puppenkleider\/weihnachtskleid-2\/","og_locale":"de_DE","og_type":"article","og_title":"Weihnachtskleid 2 H\u00e4kelanleitung","og_description":"Kaufen Sie hier meine H\u00e4kelanleitung \u201eWeihnachtskleid 2\u201d. Die einfache H\u00e4kelanleitung ist auf Englisch, Niederl\u00e4ndisch, Franz\u00f6sisch und Spanisch erh\u00e4ltlich.","og_url":"https:\/\/craftygenesindonesia.com\/de\/shop\/puppenkleider\/weihnachtskleid-2\/","og_site_name":"Craftygenesindonesia","article_modified_time":"2026-03-18T03:48:47+00:00","og_image":[{"url":"https:\/\/craftygenesindonesia.com\/wp-content\/uploads\/2023\/11\/Copy-of-Untitled-9-300x300.jpg","type":"","width":"","height":""}],"twitter_card":"summary_large_image","twitter_misc":{"Gesch\u00e4tzte Lesezeit":"2\u00a0Minuten"},"schema":{"@context":"https:\/\/schema.org","@graph":[{"@type":"WebPage","@id":"https:\/\/craftygenesindonesia.com\/de\/shop\/puppenkleider\/weihnachtskleid-2\/","url":"https:\/\/craftygenesindonesia.com\/de\/shop\/puppenkleider\/weihnachtskleid-2\/","name":"Weihnachtskleid 2 H\u00e4kelmuster - Craftygenesindonesia","isPartOf":{"@id":"https:\/\/craftygenesindonesia.com\/de\/#website"},"primaryImageOfPage":{"@id":"https:\/\/craftygenesindonesia.com\/de\/shop\/puppenkleider\/weihnachtskleid-2\/#primaryimage"},"image":{"@id":"https:\/\/craftygenesindonesia.com\/de\/shop\/puppenkleider\/weihnachtskleid-2\/#primaryimage"},"thumbnailUrl":"https:\/\/craftygenesindonesia.com\/wp-content\/uploads\/2023\/11\/Copy-of-Untitled-9.jpg","datePublished":"2025-10-27T21:20:42+00:00","dateModified":"2026-03-18T03:48:47+00:00","description":"Kaufen Sie hier meine H\u00e4kelanleitung \u201eWeihnachtskleid 2\u201d. Die einfache H\u00e4kelanleitung ist auf Englisch, Niederl\u00e4ndisch, Franz\u00f6sisch und Spanisch erh\u00e4ltlich.","breadcrumb":{"@id":"https:\/\/craftygenesindonesia.com\/de\/shop\/puppenkleider\/weihnachtskleid-2\/#breadcrumb"},"inLanguage":"de","potentialAction":[{"@type":"ReadAction","target":["https:\/\/craftygenesindonesia.com\/de\/shop\/puppenkleider\/weihnachtskleid-2\/"]}]},{"@type":"ImageObject","inLanguage":"de","@id":"https:\/\/craftygenesindonesia.com\/de\/shop\/puppenkleider\/weihnachtskleid-2\/#primaryimage","url":"https:\/\/craftygenesindonesia.com\/wp-content\/uploads\/2023\/11\/Copy-of-Untitled-9.jpg","contentUrl":"https:\/\/craftygenesindonesia.com\/wp-content\/uploads\/2023\/11\/Copy-of-Untitled-9.jpg","width":1080,"height":1080,"caption":"Weihnachtskleid 2"},{"@type":"BreadcrumbList","@id":"https:\/\/craftygenesindonesia.com\/de\/shop\/puppenkleider\/weihnachtskleid-2\/#breadcrumb","itemListElement":[{"@type":"ListItem","position":1,"name":"Home","item":"https:\/\/craftygenesindonesia.com\/de\/"},{"@type":"ListItem","position":2,"name":"Mustershop","item":"https:\/\/craftygenesindonesia.com\/de\/muster-shop\/"},{"@type":"ListItem","position":3,"name":"Weihnachtskleid 2"}]},{"@type":"WebSite","@id":"https:\/\/craftygenesindonesia.com\/de\/#website","url":"https:\/\/craftygenesindonesia.com\/de\/","name":"Craftygenesindonesia","description":"","publisher":{"@id":"https:\/\/craftygenesindonesia.com\/de\/#organization"},"potentialAction":[{"@type":"SearchAction","target":{"@type":"EntryPoint","urlTemplate":"https:\/\/craftygenesindonesia.com\/de\/?s={search_term_string}"},"query-input":{"@type":"PropertyValueSpecification","valueRequired":true,"valueName":"search_term_string"}}],"inLanguage":"de"},{"@type":"Organization","@id":"https:\/\/craftygenesindonesia.com\/de\/#organization","name":"Craftygenesindonesia","url":"https:\/\/craftygenesindonesia.com\/de\/","logo":{"@type":"ImageObject","inLanguage":"de","@id":"https:\/\/craftygenesindonesia.com\/de\/#\/schema\/logo\/image\/","url":"https:\/\/craftygenesindonesia.com\/wp-content\/uploads\/2025\/11\/cropped-Copy-of-Craftygenesindonesia.jpg","contentUrl":"https:\/\/craftygenesindonesia.com\/wp-content\/uploads\/2025\/11\/cropped-Copy-of-Craftygenesindonesia.jpg","width":180,"height":60,"caption":"Craftygenesindonesia"},"image":{"@id":"https:\/\/craftygenesindonesia.com\/de\/#\/schema\/logo\/image\/"}}]}},"_links":{"self":[{"href":"https:\/\/craftygenesindonesia.com\/de\/wp-json\/wp\/v2\/product\/987531303","targetHints":{"allow":["GET"]}}],"collection":[{"href":"https:\/\/craftygenesindonesia.com\/de\/wp-json\/wp\/v2\/product"}],"about":[{"href":"https:\/\/craftygenesindonesia.com\/de\/wp-json\/wp\/v2\/types\/product"}],"replies":[{"embeddable":true,"href":"https:\/\/craftygenesindonesia.com\/de\/wp-json\/wp\/v2\/comments?post=987531303"}],"wp:featuredmedia":[{"embeddable":true,"href":"https:\/\/craftygenesindonesia.com\/de\/wp-json\/wp\/v2\/media\/987531302"}],"wp:attachment":[{"href":"https:\/\/craftygenesindonesia.com\/de\/wp-json\/wp\/v2\/media?parent=987531303"}],"wp:term":[{"taxonomy":"product_brand","embeddable":true,"href":"https:\/\/craftygenesindonesia.com\/de\/wp-json\/wp\/v2\/product_brand?post=987531303"},{"taxonomy":"product_cat","embeddable":true,"href":"https:\/\/craftygenesindonesia.com\/de\/wp-json\/wp\/v2\/product_cat?post=987531303"},{"taxonomy":"product_tag","embeddable":true,"href":"https:\/\/craftygenesindonesia.com\/de\/wp-json\/wp\/v2\/product_tag?post=987531303"}],"curies":[{"name":"wp","href":"https:\/\/api.w.org\/{rel}","templated":true}]}}