{"id":987530675,"date":"2025-09-17T17:44:39","date_gmt":"2025-09-17T09:44:39","guid":{"rendered":"https:\/\/craftygenesindonesia.com\/?post_type=product&#038;p=987530675"},"modified":"2026-03-18T13:09:54","modified_gmt":"2026-03-18T05:09:54","slug":"weihnachtssterne-weihnachtskerzen","status":"publish","type":"product","link":"https:\/\/craftygenesindonesia.com\/de\/shop\/weihnachts-hakelmuster\/weihnachtssterne-weihnachtskerzen\/","title":{"rendered":"Weihnachtssterne Weihnachtskerzen"},"content":{"rendered":"<p><b>Weihnachtssterne Weihnachtskerzen<\/b><\/p>\n<p><b>Dateityp<\/b>: H\u00e4kelmuster &#8211; digitaler Download, kein physischer Gegenstand<\/p>\n<p><b>Verf\u00fcgbare Sprachen<\/b>: Englisch (US &amp; UK Begriffe), Niederl\u00e4ndisch, Franz\u00f6sisch, Spanisch, Deutsch<\/p>\n<p><b>Gr\u00f6\u00dfe des fertigen Artikels<\/b>: 28 x 25 x 25 cm\/ 11 x 9,8 x 9,8 Zoll<\/p>\n<p><b>Garnsorte<\/b>: Garn der St\u00e4rke &#8220;Fingerling&#8221; = Gr\u00f6\u00dfe 3<\/p>\n<p><b>Empfohlene Marken: <\/b>Catona von Scheepjes, Durable Coral<\/p>\n<p><b>Ben\u00f6tigte Garnfarben<\/b>: Rot, Schokoladenbraun, Wei\u00df, Dunkelbraun, Goldbraun, Gr\u00fcn<\/p>\n<p><b>H\u00e4kelnadel<\/b>: 2mm<\/p>\n<p><b>Weitere ben\u00f6tigte Materialien:<\/b> 3 LED-Kerzen, 1 Lampe mit Batterie und Schalter, Papprolle oder PVC-Rohre, die zu Ihren Kerzen passen, 2 mm flexibler Karton, 8 mm Pappe, goldfarbene Schaumstoffplatte, F\u00fcllmaterial, Schere, Maschenmarkierer, Bleistift, Lineal, Kleber, Stecknadeln, goldfarbene 10 mm Weihnachtskirschen, rote 10 mm Weihnachtskirschen, k\u00fcnstliche Weihnachtsbaumzweige, 70 mm Plastikschild \u201eMerry Christmas\u201c, eine 25 mm goldfarbene Weihnachtskugel, 1 Spiegelplatte<\/p>\n<p>**In der H\u00e4kelanleitung finden Sie Bilder der oben genannten Dinge.<\/p>\n<p><b>Copyright und Hilfe-Informationen:<\/b><\/p>\n<p>Dieses Muster ist ein schriftliches Muster (digital) mit vielen Bildern, um Ihnen zu helfen. Wenn Sie Fragen zum Muster haben, schicken Sie mir eine E-Mail an <a href=\"mailto:craftygenesindonesia@gmail.com\">Craftygenesindonesia@gmail.com<\/a> <\/p>\n<p><b>Dieses digitale H\u00e4kelmuster ist nur f\u00fcr den pers\u00f6nlichen Gebrauch bestimmt und unterliegt dem Copyright. Daher d\u00fcrfen Sie ohne meine Erlaubnis nicht kopieren, verkaufen, weiterverkaufen, \u00fcbersetzen, als Ihr eigenes Design ausgeben, verteilen, teilen, ver\u00f6ffentlichen, nur posten, &#8230; in irgendeiner Weise oder Form. Nicht einmal ein Teil davon!  <\/b><\/p>\n<p><b>Sie d\u00fcrfen das fertige Produkt oder den Gegenstand in kleinen Mengen verkaufen, aber nicht das H\u00e4kelmuster selbst! Bitte erw\u00e4hnen Sie, dass das H\u00e4kelmuster von mir, Craftygenesindonesia, stammt und wo man es kaufen kann. <\/b><\/p>\n","protected":false},"excerpt":{"rendered":"<p>Dies ist eine wundersch\u00f6ne, aber leicht nachzuarbeitende H\u00e4kelanleitung f\u00fcr ein kleines Lebkuchenhaus, umgeben von Weihnachtskerzen, Weihnachtssternen, Pilzen, Stechpalmenbl\u00e4ttern &#8230; = eine absolute Must-have-H\u00e4kelanleitung, wenn Sie Weihnachten lieben!<\/p>\n","protected":false},"featured_media":987530670,"comment_status":"open","ping_status":"closed","template":"","meta":{"_acf_changed":false},"product_brand":[],"product_cat":[12164,12130],"product_tag":[12284,12289,12271,12435,12273,12431,12441,12309,12272,12269,12285,12552],"class_list":{"0":"post-987530675","1":"product","2":"type-product","3":"status-publish","4":"has-post-thumbnail","6":"product_cat-3d-hakelmuster","7":"product_cat-weihnachts-hakelmuster","8":"product_tag-kerze","9":"product_tag-kerzen","10":"product_tag-kirsche","11":"product_tag-kugeln","12":"product_tag-lebkuchen","13":"product_tag-lebkuchenhaus-hakeln","14":"product_tag-led-kerze","15":"product_tag-pilz","16":"product_tag-stechpalme","17":"product_tag-stechpalmenblatt","18":"product_tag-weihnachtskerzen","19":"product_tag-weihnachtsstern","20":"pa_available_on-craftygenesindonesia","21":"pa_available_on-etsy","22":"pa_available_on-haked-nl","23":"pa_available_on-payhip","24":"pa_available_on-ravelry","25":"pa_languages-deutsch","26":"pa_languages-franzoesisch","27":"pa_languages-grossbritannien-englisch","28":"pa_languages-niederlaendisch","29":"pa_languages-spanisch","30":"pa_languages-us-englisch","32":"first","33":"instock","34":"featured","35":"downloadable","36":"virtual","37":"purchasable","38":"product-type-simple"},"acf":[],"yoast_head":"<!-- This site is optimized with the Yoast SEO plugin v27.4 - https:\/\/yoast.com\/product\/yoast-seo-wordpress\/ -->\n<title>Weihnachtssterne Weihnachtskerzen H\u00e4kelmuster - Craftygenesindonesia<\/title>\n<meta name=\"description\" content=\"Kaufen Sie hier meine H\u00e4kelanleitung \u201ePoinsettia Christmas Candles\u201c. Die einfache H\u00e4kelanleitung ist auch auf Etsy, Haked.nl, Ravelry und Payhip erh\u00e4ltlich.\" \/>\n<meta name=\"robots\" content=\"index, follow, max-snippet:-1, max-image-preview:large, max-video-preview:-1\" \/>\n<link rel=\"canonical\" href=\"https:\/\/craftygenesindonesia.com\/de\/shop\/weihnachts-hakelmuster\/weihnachtssterne-weihnachtskerzen\/\" \/>\n<meta property=\"og:locale\" content=\"de_DE\" \/>\n<meta property=\"og:type\" content=\"article\" \/>\n<meta property=\"og:title\" content=\"Weihnachtskerzen mit Weihnachtsstern H\u00e4kelanleitung\" \/>\n<meta property=\"og:description\" content=\"Kaufen Sie hier meine H\u00e4kelanleitung \u201ePoinsettia Christmas Candles\u201c. Die einfache H\u00e4kelanleitung ist auch auf Etsy, Haked.nl, Ravelry und Payhip erh\u00e4ltlich.\" \/>\n<meta property=\"og:url\" content=\"https:\/\/craftygenesindonesia.com\/de\/shop\/weihnachts-hakelmuster\/weihnachtssterne-weihnachtskerzen\/\" \/>\n<meta property=\"og:site_name\" content=\"Craftygenesindonesia\" \/>\n<meta property=\"article:modified_time\" content=\"2026-03-18T05:09:54+00:00\" \/>\n<meta property=\"og:image\" content=\"https:\/\/craftygenesindonesia.com\/wp-content\/uploads\/2025\/09\/1-300x300.jpg\" \/>\n<meta name=\"twitter:card\" content=\"summary_large_image\" \/>\n<meta name=\"twitter:label1\" content=\"Gesch\u00e4tzte Lesezeit\" \/>\n\t<meta name=\"twitter:data1\" content=\"2\u00a0Minuten\" \/>\n<script type=\"application\/ld+json\" class=\"yoast-schema-graph\">{\"@context\":\"https:\\\/\\\/schema.org\",\"@graph\":[{\"@type\":\"WebPage\",\"@id\":\"https:\\\/\\\/craftygenesindonesia.com\\\/de\\\/shop\\\/weihnachts-hakelmuster\\\/weihnachtssterne-weihnachtskerzen\\\/\",\"url\":\"https:\\\/\\\/craftygenesindonesia.com\\\/de\\\/shop\\\/weihnachts-hakelmuster\\\/weihnachtssterne-weihnachtskerzen\\\/\",\"name\":\"Weihnachtssterne Weihnachtskerzen H\u00e4kelmuster - Craftygenesindonesia\",\"isPartOf\":{\"@id\":\"https:\\\/\\\/craftygenesindonesia.com\\\/de\\\/#website\"},\"primaryImageOfPage\":{\"@id\":\"https:\\\/\\\/craftygenesindonesia.com\\\/de\\\/shop\\\/weihnachts-hakelmuster\\\/weihnachtssterne-weihnachtskerzen\\\/#primaryimage\"},\"image\":{\"@id\":\"https:\\\/\\\/craftygenesindonesia.com\\\/de\\\/shop\\\/weihnachts-hakelmuster\\\/weihnachtssterne-weihnachtskerzen\\\/#primaryimage\"},\"thumbnailUrl\":\"https:\\\/\\\/craftygenesindonesia.com\\\/wp-content\\\/uploads\\\/2025\\\/09\\\/1.jpg\",\"datePublished\":\"2025-09-17T09:44:39+00:00\",\"dateModified\":\"2026-03-18T05:09:54+00:00\",\"description\":\"Kaufen Sie hier meine H\u00e4kelanleitung \u201ePoinsettia Christmas Candles\u201c. Die einfache H\u00e4kelanleitung ist auch auf Etsy, Haked.nl, Ravelry und Payhip erh\u00e4ltlich.\",\"breadcrumb\":{\"@id\":\"https:\\\/\\\/craftygenesindonesia.com\\\/de\\\/shop\\\/weihnachts-hakelmuster\\\/weihnachtssterne-weihnachtskerzen\\\/#breadcrumb\"},\"inLanguage\":\"de\",\"potentialAction\":[{\"@type\":\"ReadAction\",\"target\":[\"https:\\\/\\\/craftygenesindonesia.com\\\/de\\\/shop\\\/weihnachts-hakelmuster\\\/weihnachtssterne-weihnachtskerzen\\\/\"]}]},{\"@type\":\"ImageObject\",\"inLanguage\":\"de\",\"@id\":\"https:\\\/\\\/craftygenesindonesia.com\\\/de\\\/shop\\\/weihnachts-hakelmuster\\\/weihnachtssterne-weihnachtskerzen\\\/#primaryimage\",\"url\":\"https:\\\/\\\/craftygenesindonesia.com\\\/wp-content\\\/uploads\\\/2025\\\/09\\\/1.jpg\",\"contentUrl\":\"https:\\\/\\\/craftygenesindonesia.com\\\/wp-content\\\/uploads\\\/2025\\\/09\\\/1.jpg\",\"width\":1080,\"height\":1080,\"caption\":\"H\u00e4kel-Weihnachtskerzen mit H\u00e4kel-Weihnachtsstern, Lebkuchenhaus, Stechpalmenbl\u00e4ttern und Pilzen\"},{\"@type\":\"BreadcrumbList\",\"@id\":\"https:\\\/\\\/craftygenesindonesia.com\\\/de\\\/shop\\\/weihnachts-hakelmuster\\\/weihnachtssterne-weihnachtskerzen\\\/#breadcrumb\",\"itemListElement\":[{\"@type\":\"ListItem\",\"position\":1,\"name\":\"Home\",\"item\":\"https:\\\/\\\/craftygenesindonesia.com\\\/de\\\/\"},{\"@type\":\"ListItem\",\"position\":2,\"name\":\"Mustershop\",\"item\":\"https:\\\/\\\/craftygenesindonesia.com\\\/de\\\/muster-shop\\\/\"},{\"@type\":\"ListItem\",\"position\":3,\"name\":\"Weihnachtssterne Weihnachtskerzen\"}]},{\"@type\":\"WebSite\",\"@id\":\"https:\\\/\\\/craftygenesindonesia.com\\\/de\\\/#website\",\"url\":\"https:\\\/\\\/craftygenesindonesia.com\\\/de\\\/\",\"name\":\"Craftygenesindonesia\",\"description\":\"\",\"publisher\":{\"@id\":\"https:\\\/\\\/craftygenesindonesia.com\\\/de\\\/#organization\"},\"potentialAction\":[{\"@type\":\"SearchAction\",\"target\":{\"@type\":\"EntryPoint\",\"urlTemplate\":\"https:\\\/\\\/craftygenesindonesia.com\\\/de\\\/?s={search_term_string}\"},\"query-input\":{\"@type\":\"PropertyValueSpecification\",\"valueRequired\":true,\"valueName\":\"search_term_string\"}}],\"inLanguage\":\"de\"},{\"@type\":\"Organization\",\"@id\":\"https:\\\/\\\/craftygenesindonesia.com\\\/de\\\/#organization\",\"name\":\"Craftygenesindonesia\",\"url\":\"https:\\\/\\\/craftygenesindonesia.com\\\/de\\\/\",\"logo\":{\"@type\":\"ImageObject\",\"inLanguage\":\"de\",\"@id\":\"https:\\\/\\\/craftygenesindonesia.com\\\/de\\\/#\\\/schema\\\/logo\\\/image\\\/\",\"url\":\"https:\\\/\\\/craftygenesindonesia.com\\\/wp-content\\\/uploads\\\/2025\\\/11\\\/cropped-Copy-of-Craftygenesindonesia.jpg\",\"contentUrl\":\"https:\\\/\\\/craftygenesindonesia.com\\\/wp-content\\\/uploads\\\/2025\\\/11\\\/cropped-Copy-of-Craftygenesindonesia.jpg\",\"width\":180,\"height\":60,\"caption\":\"Craftygenesindonesia\"},\"image\":{\"@id\":\"https:\\\/\\\/craftygenesindonesia.com\\\/de\\\/#\\\/schema\\\/logo\\\/image\\\/\"}}]}<\/script>\n<!-- \/ Yoast SEO plugin. -->","yoast_head_json":{"title":"Weihnachtssterne Weihnachtskerzen H\u00e4kelmuster - Craftygenesindonesia","description":"Kaufen Sie hier meine H\u00e4kelanleitung \u201ePoinsettia Christmas Candles\u201c. Die einfache H\u00e4kelanleitung ist auch auf Etsy, Haked.nl, Ravelry und Payhip erh\u00e4ltlich.","robots":{"index":"index","follow":"follow","max-snippet":"max-snippet:-1","max-image-preview":"max-image-preview:large","max-video-preview":"max-video-preview:-1"},"canonical":"https:\/\/craftygenesindonesia.com\/de\/shop\/weihnachts-hakelmuster\/weihnachtssterne-weihnachtskerzen\/","og_locale":"de_DE","og_type":"article","og_title":"Weihnachtskerzen mit Weihnachtsstern H\u00e4kelanleitung","og_description":"Kaufen Sie hier meine H\u00e4kelanleitung \u201ePoinsettia Christmas Candles\u201c. Die einfache H\u00e4kelanleitung ist auch auf Etsy, Haked.nl, Ravelry und Payhip erh\u00e4ltlich.","og_url":"https:\/\/craftygenesindonesia.com\/de\/shop\/weihnachts-hakelmuster\/weihnachtssterne-weihnachtskerzen\/","og_site_name":"Craftygenesindonesia","article_modified_time":"2026-03-18T05:09:54+00:00","og_image":[{"url":"https:\/\/craftygenesindonesia.com\/wp-content\/uploads\/2025\/09\/1-300x300.jpg","type":"","width":"","height":""}],"twitter_card":"summary_large_image","twitter_misc":{"Gesch\u00e4tzte Lesezeit":"2\u00a0Minuten"},"schema":{"@context":"https:\/\/schema.org","@graph":[{"@type":"WebPage","@id":"https:\/\/craftygenesindonesia.com\/de\/shop\/weihnachts-hakelmuster\/weihnachtssterne-weihnachtskerzen\/","url":"https:\/\/craftygenesindonesia.com\/de\/shop\/weihnachts-hakelmuster\/weihnachtssterne-weihnachtskerzen\/","name":"Weihnachtssterne Weihnachtskerzen H\u00e4kelmuster - Craftygenesindonesia","isPartOf":{"@id":"https:\/\/craftygenesindonesia.com\/de\/#website"},"primaryImageOfPage":{"@id":"https:\/\/craftygenesindonesia.com\/de\/shop\/weihnachts-hakelmuster\/weihnachtssterne-weihnachtskerzen\/#primaryimage"},"image":{"@id":"https:\/\/craftygenesindonesia.com\/de\/shop\/weihnachts-hakelmuster\/weihnachtssterne-weihnachtskerzen\/#primaryimage"},"thumbnailUrl":"https:\/\/craftygenesindonesia.com\/wp-content\/uploads\/2025\/09\/1.jpg","datePublished":"2025-09-17T09:44:39+00:00","dateModified":"2026-03-18T05:09:54+00:00","description":"Kaufen Sie hier meine H\u00e4kelanleitung \u201ePoinsettia Christmas Candles\u201c. Die einfache H\u00e4kelanleitung ist auch auf Etsy, Haked.nl, Ravelry und Payhip erh\u00e4ltlich.","breadcrumb":{"@id":"https:\/\/craftygenesindonesia.com\/de\/shop\/weihnachts-hakelmuster\/weihnachtssterne-weihnachtskerzen\/#breadcrumb"},"inLanguage":"de","potentialAction":[{"@type":"ReadAction","target":["https:\/\/craftygenesindonesia.com\/de\/shop\/weihnachts-hakelmuster\/weihnachtssterne-weihnachtskerzen\/"]}]},{"@type":"ImageObject","inLanguage":"de","@id":"https:\/\/craftygenesindonesia.com\/de\/shop\/weihnachts-hakelmuster\/weihnachtssterne-weihnachtskerzen\/#primaryimage","url":"https:\/\/craftygenesindonesia.com\/wp-content\/uploads\/2025\/09\/1.jpg","contentUrl":"https:\/\/craftygenesindonesia.com\/wp-content\/uploads\/2025\/09\/1.jpg","width":1080,"height":1080,"caption":"H\u00e4kel-Weihnachtskerzen mit H\u00e4kel-Weihnachtsstern, Lebkuchenhaus, Stechpalmenbl\u00e4ttern und Pilzen"},{"@type":"BreadcrumbList","@id":"https:\/\/craftygenesindonesia.com\/de\/shop\/weihnachts-hakelmuster\/weihnachtssterne-weihnachtskerzen\/#breadcrumb","itemListElement":[{"@type":"ListItem","position":1,"name":"Home","item":"https:\/\/craftygenesindonesia.com\/de\/"},{"@type":"ListItem","position":2,"name":"Mustershop","item":"https:\/\/craftygenesindonesia.com\/de\/muster-shop\/"},{"@type":"ListItem","position":3,"name":"Weihnachtssterne Weihnachtskerzen"}]},{"@type":"WebSite","@id":"https:\/\/craftygenesindonesia.com\/de\/#website","url":"https:\/\/craftygenesindonesia.com\/de\/","name":"Craftygenesindonesia","description":"","publisher":{"@id":"https:\/\/craftygenesindonesia.com\/de\/#organization"},"potentialAction":[{"@type":"SearchAction","target":{"@type":"EntryPoint","urlTemplate":"https:\/\/craftygenesindonesia.com\/de\/?s={search_term_string}"},"query-input":{"@type":"PropertyValueSpecification","valueRequired":true,"valueName":"search_term_string"}}],"inLanguage":"de"},{"@type":"Organization","@id":"https:\/\/craftygenesindonesia.com\/de\/#organization","name":"Craftygenesindonesia","url":"https:\/\/craftygenesindonesia.com\/de\/","logo":{"@type":"ImageObject","inLanguage":"de","@id":"https:\/\/craftygenesindonesia.com\/de\/#\/schema\/logo\/image\/","url":"https:\/\/craftygenesindonesia.com\/wp-content\/uploads\/2025\/11\/cropped-Copy-of-Craftygenesindonesia.jpg","contentUrl":"https:\/\/craftygenesindonesia.com\/wp-content\/uploads\/2025\/11\/cropped-Copy-of-Craftygenesindonesia.jpg","width":180,"height":60,"caption":"Craftygenesindonesia"},"image":{"@id":"https:\/\/craftygenesindonesia.com\/de\/#\/schema\/logo\/image\/"}}]}},"_links":{"self":[{"href":"https:\/\/craftygenesindonesia.com\/de\/wp-json\/wp\/v2\/product\/987530675","targetHints":{"allow":["GET"]}}],"collection":[{"href":"https:\/\/craftygenesindonesia.com\/de\/wp-json\/wp\/v2\/product"}],"about":[{"href":"https:\/\/craftygenesindonesia.com\/de\/wp-json\/wp\/v2\/types\/product"}],"replies":[{"embeddable":true,"href":"https:\/\/craftygenesindonesia.com\/de\/wp-json\/wp\/v2\/comments?post=987530675"}],"wp:featuredmedia":[{"embeddable":true,"href":"https:\/\/craftygenesindonesia.com\/de\/wp-json\/wp\/v2\/media\/987530670"}],"wp:attachment":[{"href":"https:\/\/craftygenesindonesia.com\/de\/wp-json\/wp\/v2\/media?parent=987530675"}],"wp:term":[{"taxonomy":"product_brand","embeddable":true,"href":"https:\/\/craftygenesindonesia.com\/de\/wp-json\/wp\/v2\/product_brand?post=987530675"},{"taxonomy":"product_cat","embeddable":true,"href":"https:\/\/craftygenesindonesia.com\/de\/wp-json\/wp\/v2\/product_cat?post=987530675"},{"taxonomy":"product_tag","embeddable":true,"href":"https:\/\/craftygenesindonesia.com\/de\/wp-json\/wp\/v2\/product_tag?post=987530675"}],"curies":[{"name":"wp","href":"https:\/\/api.w.org\/{rel}","templated":true}]}}