{"id":987530303,"date":"2025-08-15T16:50:03","date_gmt":"2025-08-15T08:50:03","guid":{"rendered":"https:\/\/craftygenesindonesia.com\/?post_type=product&#038;p=987530303"},"modified":"2026-03-18T14:35:50","modified_gmt":"2026-03-18T06:35:50","slug":"krankenschwester-denkmal-strickanleitung","status":"publish","type":"product","link":"https:\/\/craftygenesindonesia.com\/de\/shop\/strickmuster\/krankenschwester-denkmal-strickanleitung\/","title":{"rendered":"Krankenschwester Denkmal Strickanleitung"},"content":{"rendered":"<p><b>KRANKENSCHWESTER-DENKMAL<\/b><\/p>\n<p><b>Dateityp<\/b>: Strickmuster \u2013 digitaler Download, kein physischer Artikel<\/p>\n<p><b>Verf\u00fcgbare Sprachen<\/b>: Englisch, Niederl\u00e4ndisch, Franz\u00f6sisch, Spanisch, Deutsch<\/p>\n<p><b>Gr\u00f6\u00dfe des fertigen Artikels<\/b>: 26 cm\/10,25 Zoll<\/p>\n<p><b>Garnart<\/b>: \u201eDK\u201c-Garn = Gr\u00f6\u00dfe 4<\/p>\n<p><b>Empfohlene Marken<\/b>: 4-f\u00e4dige Milchbaumwolle oder Softfun von Scheepjes<\/p>\n<p><b>Ben\u00f6tigte Garnfarben<\/b>: Hellblau, Hautfarbe, Wei\u00df, Dunkelbraun, Rot<\/p>\n<p><b>Stricknadeln<\/b>: 2,5 mm gerade Stricknadeln<\/p>\n<p><b>Weitere ben\u00f6tigte Materialien<\/b>: F\u00fcllmaterial, Schere, Stecknadeln, Tapisserienadel, Wattest\u00e4bchen, 6 mm Pappe, Kleber, Filz (wenn m\u00f6glich hellblau), N\u00e4hnadel** (**<i>nur erforderlich, wenn Ihre Tapisserienadel nicht leicht durch den Filz geht<\/i>)<\/p>\n<p><b>Copyright und Hilfe-Informationen:<\/b><\/p>\n<p>Dieses Muster ist ein schriftliches Muster (digital) mit vielen Bildern, um Ihnen zu helfen. Wenn Sie Fragen zum Muster haben, schicken Sie mir eine E-Mail an Craftygenesindonesia@gmail.com <\/p>\n<p><b>Dieses digitale Strickmuster ist nur f\u00fcr den pers\u00f6nlichen Gebrauch bestimmt und urheberrechtlich gesch\u00fctzt.<span class=\"Apple-converted-space\">  <\/span>Daher d\u00fcrfen Sie ohne meine Erlaubnis nicht kopieren, verkaufen, weiterverkaufen, \u00fcbersetzen, als Ihr eigenes Design ausgeben, verteilen, teilen, ver\u00f6ffentlichen, nur posten, &#8230; in irgendeiner Weise oder Form. Nicht einmal ein Teil davon! <\/b><\/p>\n<p><b>Sie d\u00fcrfen das fertige Produkt oder den fertigen Artikel in kleinen Mengen verkaufen, aber Sie d\u00fcrfen das Strickmuster selbst nicht verkaufen! Bitte erw\u00e4hnen Sie, dass das Strickmuster von mir, Craftygenesindonesia, stammt und wo es gekauft werden kann. <\/b><\/p>\n","protected":false},"excerpt":{"rendered":"<p>Dies ist eine schnelle und einfache Strickanleitung f\u00fcr eine gestrickte Rotkreuzschwester aus dem Ersten Weltkrieg. Eine H\u00e4kelversion dieser Anleitung finden Sie <a href=\"https:\/\/craftygenesindonesia.com\/de\/shop\/damen-und-herren-hakelmuster\/fuer-die-krankenschwestern\/\" target=\"_blank\" rel=\"noopener\"><strong>hier<\/strong><\/a>. <\/p>\n","protected":false},"featured_media":987530274,"comment_status":"open","ping_status":"closed","template":"","meta":{"_acf_changed":false},"product_brand":[],"product_cat":[12295],"product_tag":[12253,12596,12466,12597,12598,12192],"class_list":{"0":"post-987530303","1":"product","2":"type-product","3":"status-publish","4":"has-post-thumbnail","6":"product_cat-strickmuster","7":"product_tag-gedenkstatte","8":"product_tag-krankenschwester","9":"product_tag-kriegsdenkmal","10":"product_tag-kriegskrankenschwester","11":"product_tag-rotes-kreuz","12":"product_tag-weltkrieg","13":"pa_available_on-craftygenesindonesia","14":"pa_available_on-etsy","15":"pa_available_on-haked-nl","16":"pa_available_on-payhip","17":"pa_available_on-ravelry","18":"pa_languages-deutsch","19":"pa_languages-franzoesisch","20":"pa_languages-niederlaendisch","21":"pa_languages-spanisch","22":"pa_languages-us-englisch","24":"first","25":"instock","26":"downloadable","27":"virtual","28":"purchasable","29":"product-type-simple"},"acf":[],"yoast_head":"<!-- This site is optimized with the Yoast SEO plugin v27.4 - https:\/\/yoast.com\/product\/yoast-seo-wordpress\/ -->\n<title>Krankenschwester Denkmal Strickanleitung Strickmuster - Craftygenesindonesia<\/title>\n<meta name=\"description\" content=\"Kaufen Sie hier meine Strickanleitung zum Krankenschwester Denkmal. Die einfache Strickanleitung ist auch auf Etsy, Haked.nl, Ravelry und Payhip erh\u00e4ltlich.\" \/>\n<meta name=\"robots\" content=\"index, follow, max-snippet:-1, max-image-preview:large, max-video-preview:-1\" \/>\n<link rel=\"canonical\" href=\"https:\/\/craftygenesindonesia.com\/de\/shop\/strickmuster\/krankenschwester-denkmal-strickanleitung\/\" \/>\n<meta property=\"og:locale\" content=\"de_DE\" \/>\n<meta property=\"og:type\" content=\"article\" \/>\n<meta property=\"og:title\" content=\"Krankenschwester Denkmal Strickmuster\" \/>\n<meta property=\"og:description\" content=\"Kaufen Sie hier meine Strickanleitung zum Krankenschwester Denkmal. Die einfache Strickanleitung ist auch auf Etsy, Haked.nl, Ravelry und Payhip erh\u00e4ltlich.\" \/>\n<meta property=\"og:url\" content=\"https:\/\/craftygenesindonesia.com\/de\/shop\/strickmuster\/krankenschwester-denkmal-strickanleitung\/\" \/>\n<meta property=\"og:site_name\" content=\"Craftygenesindonesia\" \/>\n<meta property=\"article:modified_time\" content=\"2026-03-18T06:35:50+00:00\" \/>\n<meta property=\"og:image\" content=\"https:\/\/craftygenesindonesia.com\/wp-content\/uploads\/2025\/08\/1-1-300x300.jpg\" \/>\n<meta name=\"twitter:card\" content=\"summary_large_image\" \/>\n<meta name=\"twitter:label1\" content=\"Gesch\u00e4tzte Lesezeit\" \/>\n\t<meta name=\"twitter:data1\" content=\"2\u00a0Minuten\" \/>\n<script type=\"application\/ld+json\" class=\"yoast-schema-graph\">{\"@context\":\"https:\\\/\\\/schema.org\",\"@graph\":[{\"@type\":\"WebPage\",\"@id\":\"https:\\\/\\\/craftygenesindonesia.com\\\/de\\\/shop\\\/strickmuster\\\/krankenschwester-denkmal-strickanleitung\\\/\",\"url\":\"https:\\\/\\\/craftygenesindonesia.com\\\/de\\\/shop\\\/strickmuster\\\/krankenschwester-denkmal-strickanleitung\\\/\",\"name\":\"Krankenschwester Denkmal Strickanleitung Strickmuster - Craftygenesindonesia\",\"isPartOf\":{\"@id\":\"https:\\\/\\\/craftygenesindonesia.com\\\/de\\\/#website\"},\"primaryImageOfPage\":{\"@id\":\"https:\\\/\\\/craftygenesindonesia.com\\\/de\\\/shop\\\/strickmuster\\\/krankenschwester-denkmal-strickanleitung\\\/#primaryimage\"},\"image\":{\"@id\":\"https:\\\/\\\/craftygenesindonesia.com\\\/de\\\/shop\\\/strickmuster\\\/krankenschwester-denkmal-strickanleitung\\\/#primaryimage\"},\"thumbnailUrl\":\"https:\\\/\\\/craftygenesindonesia.com\\\/wp-content\\\/uploads\\\/2025\\\/08\\\/1-1.jpg\",\"datePublished\":\"2025-08-15T08:50:03+00:00\",\"dateModified\":\"2026-03-18T06:35:50+00:00\",\"description\":\"Kaufen Sie hier meine Strickanleitung zum Krankenschwester Denkmal. Die einfache Strickanleitung ist auch auf Etsy, Haked.nl, Ravelry und Payhip erh\u00e4ltlich.\",\"breadcrumb\":{\"@id\":\"https:\\\/\\\/craftygenesindonesia.com\\\/de\\\/shop\\\/strickmuster\\\/krankenschwester-denkmal-strickanleitung\\\/#breadcrumb\"},\"inLanguage\":\"de\",\"potentialAction\":[{\"@type\":\"ReadAction\",\"target\":[\"https:\\\/\\\/craftygenesindonesia.com\\\/de\\\/shop\\\/strickmuster\\\/krankenschwester-denkmal-strickanleitung\\\/\"]}]},{\"@type\":\"ImageObject\",\"inLanguage\":\"de\",\"@id\":\"https:\\\/\\\/craftygenesindonesia.com\\\/de\\\/shop\\\/strickmuster\\\/krankenschwester-denkmal-strickanleitung\\\/#primaryimage\",\"url\":\"https:\\\/\\\/craftygenesindonesia.com\\\/wp-content\\\/uploads\\\/2025\\\/08\\\/1-1.jpg\",\"contentUrl\":\"https:\\\/\\\/craftygenesindonesia.com\\\/wp-content\\\/uploads\\\/2025\\\/08\\\/1-1.jpg\",\"width\":1080,\"height\":1080,\"caption\":\"Strick-Weltkrieg: Krankenschwester des Roten Kreuzes\"},{\"@type\":\"BreadcrumbList\",\"@id\":\"https:\\\/\\\/craftygenesindonesia.com\\\/de\\\/shop\\\/strickmuster\\\/krankenschwester-denkmal-strickanleitung\\\/#breadcrumb\",\"itemListElement\":[{\"@type\":\"ListItem\",\"position\":1,\"name\":\"Home\",\"item\":\"https:\\\/\\\/craftygenesindonesia.com\\\/de\\\/\"},{\"@type\":\"ListItem\",\"position\":2,\"name\":\"Mustershop\",\"item\":\"https:\\\/\\\/craftygenesindonesia.com\\\/de\\\/muster-shop\\\/\"},{\"@type\":\"ListItem\",\"position\":3,\"name\":\"Krankenschwester Denkmal Strickanleitung\"}]},{\"@type\":\"WebSite\",\"@id\":\"https:\\\/\\\/craftygenesindonesia.com\\\/de\\\/#website\",\"url\":\"https:\\\/\\\/craftygenesindonesia.com\\\/de\\\/\",\"name\":\"Craftygenesindonesia\",\"description\":\"\",\"publisher\":{\"@id\":\"https:\\\/\\\/craftygenesindonesia.com\\\/de\\\/#organization\"},\"potentialAction\":[{\"@type\":\"SearchAction\",\"target\":{\"@type\":\"EntryPoint\",\"urlTemplate\":\"https:\\\/\\\/craftygenesindonesia.com\\\/de\\\/?s={search_term_string}\"},\"query-input\":{\"@type\":\"PropertyValueSpecification\",\"valueRequired\":true,\"valueName\":\"search_term_string\"}}],\"inLanguage\":\"de\"},{\"@type\":\"Organization\",\"@id\":\"https:\\\/\\\/craftygenesindonesia.com\\\/de\\\/#organization\",\"name\":\"Craftygenesindonesia\",\"url\":\"https:\\\/\\\/craftygenesindonesia.com\\\/de\\\/\",\"logo\":{\"@type\":\"ImageObject\",\"inLanguage\":\"de\",\"@id\":\"https:\\\/\\\/craftygenesindonesia.com\\\/de\\\/#\\\/schema\\\/logo\\\/image\\\/\",\"url\":\"https:\\\/\\\/craftygenesindonesia.com\\\/wp-content\\\/uploads\\\/2025\\\/11\\\/cropped-Copy-of-Craftygenesindonesia.jpg\",\"contentUrl\":\"https:\\\/\\\/craftygenesindonesia.com\\\/wp-content\\\/uploads\\\/2025\\\/11\\\/cropped-Copy-of-Craftygenesindonesia.jpg\",\"width\":180,\"height\":60,\"caption\":\"Craftygenesindonesia\"},\"image\":{\"@id\":\"https:\\\/\\\/craftygenesindonesia.com\\\/de\\\/#\\\/schema\\\/logo\\\/image\\\/\"}}]}<\/script>\n<!-- \/ Yoast SEO plugin. -->","yoast_head_json":{"title":"Krankenschwester Denkmal Strickanleitung Strickmuster - Craftygenesindonesia","description":"Kaufen Sie hier meine Strickanleitung zum Krankenschwester Denkmal. Die einfache Strickanleitung ist auch auf Etsy, Haked.nl, Ravelry und Payhip erh\u00e4ltlich.","robots":{"index":"index","follow":"follow","max-snippet":"max-snippet:-1","max-image-preview":"max-image-preview:large","max-video-preview":"max-video-preview:-1"},"canonical":"https:\/\/craftygenesindonesia.com\/de\/shop\/strickmuster\/krankenschwester-denkmal-strickanleitung\/","og_locale":"de_DE","og_type":"article","og_title":"Krankenschwester Denkmal Strickmuster","og_description":"Kaufen Sie hier meine Strickanleitung zum Krankenschwester Denkmal. Die einfache Strickanleitung ist auch auf Etsy, Haked.nl, Ravelry und Payhip erh\u00e4ltlich.","og_url":"https:\/\/craftygenesindonesia.com\/de\/shop\/strickmuster\/krankenschwester-denkmal-strickanleitung\/","og_site_name":"Craftygenesindonesia","article_modified_time":"2026-03-18T06:35:50+00:00","og_image":[{"url":"https:\/\/craftygenesindonesia.com\/wp-content\/uploads\/2025\/08\/1-1-300x300.jpg","type":"","width":"","height":""}],"twitter_card":"summary_large_image","twitter_misc":{"Gesch\u00e4tzte Lesezeit":"2\u00a0Minuten"},"schema":{"@context":"https:\/\/schema.org","@graph":[{"@type":"WebPage","@id":"https:\/\/craftygenesindonesia.com\/de\/shop\/strickmuster\/krankenschwester-denkmal-strickanleitung\/","url":"https:\/\/craftygenesindonesia.com\/de\/shop\/strickmuster\/krankenschwester-denkmal-strickanleitung\/","name":"Krankenschwester Denkmal Strickanleitung Strickmuster - Craftygenesindonesia","isPartOf":{"@id":"https:\/\/craftygenesindonesia.com\/de\/#website"},"primaryImageOfPage":{"@id":"https:\/\/craftygenesindonesia.com\/de\/shop\/strickmuster\/krankenschwester-denkmal-strickanleitung\/#primaryimage"},"image":{"@id":"https:\/\/craftygenesindonesia.com\/de\/shop\/strickmuster\/krankenschwester-denkmal-strickanleitung\/#primaryimage"},"thumbnailUrl":"https:\/\/craftygenesindonesia.com\/wp-content\/uploads\/2025\/08\/1-1.jpg","datePublished":"2025-08-15T08:50:03+00:00","dateModified":"2026-03-18T06:35:50+00:00","description":"Kaufen Sie hier meine Strickanleitung zum Krankenschwester Denkmal. Die einfache Strickanleitung ist auch auf Etsy, Haked.nl, Ravelry und Payhip erh\u00e4ltlich.","breadcrumb":{"@id":"https:\/\/craftygenesindonesia.com\/de\/shop\/strickmuster\/krankenschwester-denkmal-strickanleitung\/#breadcrumb"},"inLanguage":"de","potentialAction":[{"@type":"ReadAction","target":["https:\/\/craftygenesindonesia.com\/de\/shop\/strickmuster\/krankenschwester-denkmal-strickanleitung\/"]}]},{"@type":"ImageObject","inLanguage":"de","@id":"https:\/\/craftygenesindonesia.com\/de\/shop\/strickmuster\/krankenschwester-denkmal-strickanleitung\/#primaryimage","url":"https:\/\/craftygenesindonesia.com\/wp-content\/uploads\/2025\/08\/1-1.jpg","contentUrl":"https:\/\/craftygenesindonesia.com\/wp-content\/uploads\/2025\/08\/1-1.jpg","width":1080,"height":1080,"caption":"Strick-Weltkrieg: Krankenschwester des Roten Kreuzes"},{"@type":"BreadcrumbList","@id":"https:\/\/craftygenesindonesia.com\/de\/shop\/strickmuster\/krankenschwester-denkmal-strickanleitung\/#breadcrumb","itemListElement":[{"@type":"ListItem","position":1,"name":"Home","item":"https:\/\/craftygenesindonesia.com\/de\/"},{"@type":"ListItem","position":2,"name":"Mustershop","item":"https:\/\/craftygenesindonesia.com\/de\/muster-shop\/"},{"@type":"ListItem","position":3,"name":"Krankenschwester Denkmal Strickanleitung"}]},{"@type":"WebSite","@id":"https:\/\/craftygenesindonesia.com\/de\/#website","url":"https:\/\/craftygenesindonesia.com\/de\/","name":"Craftygenesindonesia","description":"","publisher":{"@id":"https:\/\/craftygenesindonesia.com\/de\/#organization"},"potentialAction":[{"@type":"SearchAction","target":{"@type":"EntryPoint","urlTemplate":"https:\/\/craftygenesindonesia.com\/de\/?s={search_term_string}"},"query-input":{"@type":"PropertyValueSpecification","valueRequired":true,"valueName":"search_term_string"}}],"inLanguage":"de"},{"@type":"Organization","@id":"https:\/\/craftygenesindonesia.com\/de\/#organization","name":"Craftygenesindonesia","url":"https:\/\/craftygenesindonesia.com\/de\/","logo":{"@type":"ImageObject","inLanguage":"de","@id":"https:\/\/craftygenesindonesia.com\/de\/#\/schema\/logo\/image\/","url":"https:\/\/craftygenesindonesia.com\/wp-content\/uploads\/2025\/11\/cropped-Copy-of-Craftygenesindonesia.jpg","contentUrl":"https:\/\/craftygenesindonesia.com\/wp-content\/uploads\/2025\/11\/cropped-Copy-of-Craftygenesindonesia.jpg","width":180,"height":60,"caption":"Craftygenesindonesia"},"image":{"@id":"https:\/\/craftygenesindonesia.com\/de\/#\/schema\/logo\/image\/"}}]}},"_links":{"self":[{"href":"https:\/\/craftygenesindonesia.com\/de\/wp-json\/wp\/v2\/product\/987530303","targetHints":{"allow":["GET"]}}],"collection":[{"href":"https:\/\/craftygenesindonesia.com\/de\/wp-json\/wp\/v2\/product"}],"about":[{"href":"https:\/\/craftygenesindonesia.com\/de\/wp-json\/wp\/v2\/types\/product"}],"replies":[{"embeddable":true,"href":"https:\/\/craftygenesindonesia.com\/de\/wp-json\/wp\/v2\/comments?post=987530303"}],"wp:featuredmedia":[{"embeddable":true,"href":"https:\/\/craftygenesindonesia.com\/de\/wp-json\/wp\/v2\/media\/987530274"}],"wp:attachment":[{"href":"https:\/\/craftygenesindonesia.com\/de\/wp-json\/wp\/v2\/media?parent=987530303"}],"wp:term":[{"taxonomy":"product_brand","embeddable":true,"href":"https:\/\/craftygenesindonesia.com\/de\/wp-json\/wp\/v2\/product_brand?post=987530303"},{"taxonomy":"product_cat","embeddable":true,"href":"https:\/\/craftygenesindonesia.com\/de\/wp-json\/wp\/v2\/product_cat?post=987530303"},{"taxonomy":"product_tag","embeddable":true,"href":"https:\/\/craftygenesindonesia.com\/de\/wp-json\/wp\/v2\/product_tag?post=987530303"}],"curies":[{"name":"wp","href":"https:\/\/api.w.org\/{rel}","templated":true}]}}