{"id":987529842,"date":"2022-06-11T09:44:38","date_gmt":"2022-06-11T01:44:38","guid":{"rendered":"https:\/\/craftygenesindonesia.com\/shop\/unkategorisiert\/koenigin-elisabeth-i\/"},"modified":"2025-11-13T15:47:00","modified_gmt":"2025-11-13T07:47:00","slug":"koenigin-elisabeth-i","status":"publish","type":"product","link":"https:\/\/craftygenesindonesia.com\/de\/shop\/damen-und-herren-hakelmuster\/koenigin-elisabeth-i\/","title":{"rendered":"K\u00f6nigin Elisabeth I."},"content":{"rendered":"<p>Gr\u00f6\u00dfe: Sie ist 15cm (6&#8243;) gro\u00df<\/p>\n<p>Garn: Sie wird mit Garn der St\u00e4rke &#8220;FINGERING&#8221; und einer H\u00e4kelnadel der Gr\u00f6\u00dfe 2mm hergestellt.<\/p>\n<p>Sie ben\u00f6tigen folgende Farben: hautfarben, cremefarben, kastanienbraun, goldrot.<\/p>\n<p>H\u00e4kelnadel: Gr\u00f6\u00dfe 2mm<\/p>\n<p>Dieses Muster ist ein schriftliches Muster mit vielen Bildern, um Ihnen zu helfen. Wenn Sie noch Fragen haben, senden Sie mir bitte eine Nachricht an: <a href=\"mailto:craftygenesindonesia@gmail.com\">craftygenesindonesia@gmail.com<\/a><\/p>\n<p><strong>-Dieses Muster ist nur f\u00fcr den pers\u00f6nlichen Gebrauch bestimmt und unterliegt dem COPYRIGHT. Das Muster darf daher NICHT kopiert, verkauft, weiterverkauft, \u00fcbersetzt, als eigenes Design beansprucht, verteilt, geteilt, ver\u00f6ffentlicht, online gestellt werden&#8230; in keiner Form ohne meine Zustimmung. Nicht einmal ein Teil davon!!!<\/strong><\/p>\n<p><strong>-Sie d\u00fcrfen das fertige Produkt in kleinen Mengen verkaufen, ABER NICHT DAS MUSTER SELBST! Bitte erw\u00e4hnen Sie, dass das Muster von Craftygenesindonesia ist und wo man es kaufen kann <\/strong><\/p>\n","protected":false},"excerpt":{"rendered":"<p>Dies ist ein leicht zu befolgendes H\u00e4kelmuster von K\u00f6nigin Elisabeth I. (Elizabeth Tudor).<\/p>\n","protected":false},"featured_media":987529843,"comment_status":"open","ping_status":"closed","template":"","meta":{"_acf_changed":false},"product_brand":[],"product_cat":[12177,12325],"product_tag":[12587,12588,12681,12370,12368,12605,12604,12603],"class_list":{"0":"post-987529842","1":"product","2":"type-product","3":"status-publish","4":"has-post-thumbnail","6":"product_cat-damen-und-herren-hakelmuster","7":"product_cat-monarchen-hakelmuster","8":"product_tag-historisch-de","9":"product_tag-historische-dame","10":"product_tag-historische-konigin","11":"product_tag-konigin","12":"product_tag-konigin-elisabeth","13":"product_tag-tudor-de","14":"product_tag-tudor-dame","15":"product_tag-tudors-de","16":"pa_available_on-craftygenesindonesia","17":"pa_available_on-etsy","18":"pa_available_on-haked-nl","19":"pa_available_on-payhip","20":"pa_available_on-ravelry","21":"pa_languages-franzoesisch","22":"pa_languages-niederlaendisch","23":"pa_languages-spanisch","24":"pa_languages-us-englisch","26":"first","27":"instock","28":"downloadable","29":"virtual","30":"purchasable","31":"product-type-simple"},"acf":[],"yoast_head":"<!-- This site is optimized with the Yoast SEO plugin v27.3 - https:\/\/yoast.com\/product\/yoast-seo-wordpress\/ -->\n<title>K\u00f6nigin Elisabeth I. H\u00e4kelmuster - Craftygenesindonesia<\/title>\n<meta name=\"description\" content=\"Kaufen Sie hier mein &quot;K\u00f6nigin Elisabeth I&quot; Tudor K\u00f6nigin H\u00e4kelmuster. Das einfach zu befolgende H\u00e4kelmuster ist auch auf Haked.nl, Etsy &amp; Ravelry erh\u00e4ltlich.\" \/>\n<meta name=\"robots\" content=\"index, follow, max-snippet:-1, max-image-preview:large, max-video-preview:-1\" \/>\n<link rel=\"canonical\" href=\"https:\/\/craftygenesindonesia.com\/de\/shop\/damen-und-herren-hakelmuster\/koenigin-elisabeth-i\/\" \/>\n<meta property=\"og:locale\" content=\"de_DE\" \/>\n<meta property=\"og:type\" content=\"article\" \/>\n<meta property=\"og:title\" content=\"&quot;K\u00f6nigin Elisabeth I.&quot; Tudor K\u00f6nigin H\u00e4kelmuster\" \/>\n<meta property=\"og:description\" content=\"Kaufen Sie hier mein &quot;K\u00f6nigin Elisabeth I&quot; Tudor K\u00f6nigin H\u00e4kelmuster. Das einfach zu befolgende H\u00e4kelmuster ist auch auf Haked.nl, Etsy &amp; Ravelry erh\u00e4ltlich.\" \/>\n<meta property=\"og:url\" content=\"https:\/\/craftygenesindonesia.com\/de\/shop\/damen-und-herren-hakelmuster\/koenigin-elisabeth-i\/\" \/>\n<meta property=\"og:site_name\" content=\"Craftygenesindonesia\" \/>\n<meta property=\"article:modified_time\" content=\"2025-11-13T07:47:00+00:00\" \/>\n<meta property=\"og:image\" content=\"https:\/\/craftygenesindonesia.com\/wp-content\/uploads\/2022\/06\/Queen-Elizabeth-I-300x300.jpg\" \/>\n<meta name=\"twitter:card\" content=\"summary_large_image\" \/>\n<meta name=\"twitter:label1\" content=\"Gesch\u00e4tzte Lesezeit\" \/>\n\t<meta name=\"twitter:data1\" content=\"1\u00a0Minute\" \/>\n<script type=\"application\/ld+json\" class=\"yoast-schema-graph\">{\"@context\":\"https:\\\/\\\/schema.org\",\"@graph\":[{\"@type\":\"WebPage\",\"@id\":\"https:\\\/\\\/craftygenesindonesia.com\\\/de\\\/shop\\\/damen-und-herren-hakelmuster\\\/koenigin-elisabeth-i\\\/\",\"url\":\"https:\\\/\\\/craftygenesindonesia.com\\\/de\\\/shop\\\/damen-und-herren-hakelmuster\\\/koenigin-elisabeth-i\\\/\",\"name\":\"K\u00f6nigin Elisabeth I. H\u00e4kelmuster - Craftygenesindonesia\",\"isPartOf\":{\"@id\":\"https:\\\/\\\/craftygenesindonesia.com\\\/de\\\/#website\"},\"primaryImageOfPage\":{\"@id\":\"https:\\\/\\\/craftygenesindonesia.com\\\/de\\\/shop\\\/damen-und-herren-hakelmuster\\\/koenigin-elisabeth-i\\\/#primaryimage\"},\"image\":{\"@id\":\"https:\\\/\\\/craftygenesindonesia.com\\\/de\\\/shop\\\/damen-und-herren-hakelmuster\\\/koenigin-elisabeth-i\\\/#primaryimage\"},\"thumbnailUrl\":\"https:\\\/\\\/craftygenesindonesia.com\\\/wp-content\\\/uploads\\\/2022\\\/06\\\/Queen-Elizabeth-I-1.jpg\",\"datePublished\":\"2022-06-11T01:44:38+00:00\",\"dateModified\":\"2025-11-13T07:47:00+00:00\",\"description\":\"Kaufen Sie hier mein \\\"K\u00f6nigin Elisabeth I\\\" Tudor K\u00f6nigin H\u00e4kelmuster. Das einfach zu befolgende H\u00e4kelmuster ist auch auf Haked.nl, Etsy & Ravelry erh\u00e4ltlich.\",\"breadcrumb\":{\"@id\":\"https:\\\/\\\/craftygenesindonesia.com\\\/de\\\/shop\\\/damen-und-herren-hakelmuster\\\/koenigin-elisabeth-i\\\/#breadcrumb\"},\"inLanguage\":\"de\",\"potentialAction\":[{\"@type\":\"ReadAction\",\"target\":[\"https:\\\/\\\/craftygenesindonesia.com\\\/de\\\/shop\\\/damen-und-herren-hakelmuster\\\/koenigin-elisabeth-i\\\/\"]}]},{\"@type\":\"ImageObject\",\"inLanguage\":\"de\",\"@id\":\"https:\\\/\\\/craftygenesindonesia.com\\\/de\\\/shop\\\/damen-und-herren-hakelmuster\\\/koenigin-elisabeth-i\\\/#primaryimage\",\"url\":\"https:\\\/\\\/craftygenesindonesia.com\\\/wp-content\\\/uploads\\\/2022\\\/06\\\/Queen-Elizabeth-I-1.jpg\",\"contentUrl\":\"https:\\\/\\\/craftygenesindonesia.com\\\/wp-content\\\/uploads\\\/2022\\\/06\\\/Queen-Elizabeth-I-1.jpg\",\"width\":1080,\"height\":1080,\"caption\":\"crochet queen Elizabeth Tudor\"},{\"@type\":\"BreadcrumbList\",\"@id\":\"https:\\\/\\\/craftygenesindonesia.com\\\/de\\\/shop\\\/damen-und-herren-hakelmuster\\\/koenigin-elisabeth-i\\\/#breadcrumb\",\"itemListElement\":[{\"@type\":\"ListItem\",\"position\":1,\"name\":\"Home\",\"item\":\"https:\\\/\\\/craftygenesindonesia.com\\\/de\\\/\"},{\"@type\":\"ListItem\",\"position\":2,\"name\":\"Mustershop\",\"item\":\"https:\\\/\\\/craftygenesindonesia.com\\\/de\\\/muster-shop\\\/\"},{\"@type\":\"ListItem\",\"position\":3,\"name\":\"K\u00f6nigin Elisabeth I.\"}]},{\"@type\":\"WebSite\",\"@id\":\"https:\\\/\\\/craftygenesindonesia.com\\\/de\\\/#website\",\"url\":\"https:\\\/\\\/craftygenesindonesia.com\\\/de\\\/\",\"name\":\"Craftygenesindonesia\",\"description\":\"\",\"publisher\":{\"@id\":\"https:\\\/\\\/craftygenesindonesia.com\\\/de\\\/#organization\"},\"potentialAction\":[{\"@type\":\"SearchAction\",\"target\":{\"@type\":\"EntryPoint\",\"urlTemplate\":\"https:\\\/\\\/craftygenesindonesia.com\\\/de\\\/?s={search_term_string}\"},\"query-input\":{\"@type\":\"PropertyValueSpecification\",\"valueRequired\":true,\"valueName\":\"search_term_string\"}}],\"inLanguage\":\"de\"},{\"@type\":\"Organization\",\"@id\":\"https:\\\/\\\/craftygenesindonesia.com\\\/de\\\/#organization\",\"name\":\"Craftygenesindonesia\",\"url\":\"https:\\\/\\\/craftygenesindonesia.com\\\/de\\\/\",\"logo\":{\"@type\":\"ImageObject\",\"inLanguage\":\"de\",\"@id\":\"https:\\\/\\\/craftygenesindonesia.com\\\/de\\\/#\\\/schema\\\/logo\\\/image\\\/\",\"url\":\"https:\\\/\\\/craftygenesindonesia.com\\\/wp-content\\\/uploads\\\/2025\\\/11\\\/cropped-Copy-of-Craftygenesindonesia.jpg\",\"contentUrl\":\"https:\\\/\\\/craftygenesindonesia.com\\\/wp-content\\\/uploads\\\/2025\\\/11\\\/cropped-Copy-of-Craftygenesindonesia.jpg\",\"width\":180,\"height\":60,\"caption\":\"Craftygenesindonesia\"},\"image\":{\"@id\":\"https:\\\/\\\/craftygenesindonesia.com\\\/de\\\/#\\\/schema\\\/logo\\\/image\\\/\"}}]}<\/script>\n<!-- \/ Yoast SEO plugin. -->","yoast_head_json":{"title":"K\u00f6nigin Elisabeth I. H\u00e4kelmuster - Craftygenesindonesia","description":"Kaufen Sie hier mein \"K\u00f6nigin Elisabeth I\" Tudor K\u00f6nigin H\u00e4kelmuster. Das einfach zu befolgende H\u00e4kelmuster ist auch auf Haked.nl, Etsy & Ravelry erh\u00e4ltlich.","robots":{"index":"index","follow":"follow","max-snippet":"max-snippet:-1","max-image-preview":"max-image-preview:large","max-video-preview":"max-video-preview:-1"},"canonical":"https:\/\/craftygenesindonesia.com\/de\/shop\/damen-und-herren-hakelmuster\/koenigin-elisabeth-i\/","og_locale":"de_DE","og_type":"article","og_title":"\"K\u00f6nigin Elisabeth I.\" Tudor K\u00f6nigin H\u00e4kelmuster","og_description":"Kaufen Sie hier mein \"K\u00f6nigin Elisabeth I\" Tudor K\u00f6nigin H\u00e4kelmuster. Das einfach zu befolgende H\u00e4kelmuster ist auch auf Haked.nl, Etsy & Ravelry erh\u00e4ltlich.","og_url":"https:\/\/craftygenesindonesia.com\/de\/shop\/damen-und-herren-hakelmuster\/koenigin-elisabeth-i\/","og_site_name":"Craftygenesindonesia","article_modified_time":"2025-11-13T07:47:00+00:00","og_image":[{"url":"https:\/\/craftygenesindonesia.com\/wp-content\/uploads\/2022\/06\/Queen-Elizabeth-I-300x300.jpg","type":"","width":"","height":""}],"twitter_card":"summary_large_image","twitter_misc":{"Gesch\u00e4tzte Lesezeit":"1\u00a0Minute"},"schema":{"@context":"https:\/\/schema.org","@graph":[{"@type":"WebPage","@id":"https:\/\/craftygenesindonesia.com\/de\/shop\/damen-und-herren-hakelmuster\/koenigin-elisabeth-i\/","url":"https:\/\/craftygenesindonesia.com\/de\/shop\/damen-und-herren-hakelmuster\/koenigin-elisabeth-i\/","name":"K\u00f6nigin Elisabeth I. H\u00e4kelmuster - Craftygenesindonesia","isPartOf":{"@id":"https:\/\/craftygenesindonesia.com\/de\/#website"},"primaryImageOfPage":{"@id":"https:\/\/craftygenesindonesia.com\/de\/shop\/damen-und-herren-hakelmuster\/koenigin-elisabeth-i\/#primaryimage"},"image":{"@id":"https:\/\/craftygenesindonesia.com\/de\/shop\/damen-und-herren-hakelmuster\/koenigin-elisabeth-i\/#primaryimage"},"thumbnailUrl":"https:\/\/craftygenesindonesia.com\/wp-content\/uploads\/2022\/06\/Queen-Elizabeth-I-1.jpg","datePublished":"2022-06-11T01:44:38+00:00","dateModified":"2025-11-13T07:47:00+00:00","description":"Kaufen Sie hier mein \"K\u00f6nigin Elisabeth I\" Tudor K\u00f6nigin H\u00e4kelmuster. Das einfach zu befolgende H\u00e4kelmuster ist auch auf Haked.nl, Etsy & Ravelry erh\u00e4ltlich.","breadcrumb":{"@id":"https:\/\/craftygenesindonesia.com\/de\/shop\/damen-und-herren-hakelmuster\/koenigin-elisabeth-i\/#breadcrumb"},"inLanguage":"de","potentialAction":[{"@type":"ReadAction","target":["https:\/\/craftygenesindonesia.com\/de\/shop\/damen-und-herren-hakelmuster\/koenigin-elisabeth-i\/"]}]},{"@type":"ImageObject","inLanguage":"de","@id":"https:\/\/craftygenesindonesia.com\/de\/shop\/damen-und-herren-hakelmuster\/koenigin-elisabeth-i\/#primaryimage","url":"https:\/\/craftygenesindonesia.com\/wp-content\/uploads\/2022\/06\/Queen-Elizabeth-I-1.jpg","contentUrl":"https:\/\/craftygenesindonesia.com\/wp-content\/uploads\/2022\/06\/Queen-Elizabeth-I-1.jpg","width":1080,"height":1080,"caption":"crochet queen Elizabeth Tudor"},{"@type":"BreadcrumbList","@id":"https:\/\/craftygenesindonesia.com\/de\/shop\/damen-und-herren-hakelmuster\/koenigin-elisabeth-i\/#breadcrumb","itemListElement":[{"@type":"ListItem","position":1,"name":"Home","item":"https:\/\/craftygenesindonesia.com\/de\/"},{"@type":"ListItem","position":2,"name":"Mustershop","item":"https:\/\/craftygenesindonesia.com\/de\/muster-shop\/"},{"@type":"ListItem","position":3,"name":"K\u00f6nigin Elisabeth I."}]},{"@type":"WebSite","@id":"https:\/\/craftygenesindonesia.com\/de\/#website","url":"https:\/\/craftygenesindonesia.com\/de\/","name":"Craftygenesindonesia","description":"","publisher":{"@id":"https:\/\/craftygenesindonesia.com\/de\/#organization"},"potentialAction":[{"@type":"SearchAction","target":{"@type":"EntryPoint","urlTemplate":"https:\/\/craftygenesindonesia.com\/de\/?s={search_term_string}"},"query-input":{"@type":"PropertyValueSpecification","valueRequired":true,"valueName":"search_term_string"}}],"inLanguage":"de"},{"@type":"Organization","@id":"https:\/\/craftygenesindonesia.com\/de\/#organization","name":"Craftygenesindonesia","url":"https:\/\/craftygenesindonesia.com\/de\/","logo":{"@type":"ImageObject","inLanguage":"de","@id":"https:\/\/craftygenesindonesia.com\/de\/#\/schema\/logo\/image\/","url":"https:\/\/craftygenesindonesia.com\/wp-content\/uploads\/2025\/11\/cropped-Copy-of-Craftygenesindonesia.jpg","contentUrl":"https:\/\/craftygenesindonesia.com\/wp-content\/uploads\/2025\/11\/cropped-Copy-of-Craftygenesindonesia.jpg","width":180,"height":60,"caption":"Craftygenesindonesia"},"image":{"@id":"https:\/\/craftygenesindonesia.com\/de\/#\/schema\/logo\/image\/"}}]}},"_links":{"self":[{"href":"https:\/\/craftygenesindonesia.com\/de\/wp-json\/wp\/v2\/product\/987529842","targetHints":{"allow":["GET"]}}],"collection":[{"href":"https:\/\/craftygenesindonesia.com\/de\/wp-json\/wp\/v2\/product"}],"about":[{"href":"https:\/\/craftygenesindonesia.com\/de\/wp-json\/wp\/v2\/types\/product"}],"replies":[{"embeddable":true,"href":"https:\/\/craftygenesindonesia.com\/de\/wp-json\/wp\/v2\/comments?post=987529842"}],"wp:featuredmedia":[{"embeddable":true,"href":"https:\/\/craftygenesindonesia.com\/de\/wp-json\/wp\/v2\/media\/987529843"}],"wp:attachment":[{"href":"https:\/\/craftygenesindonesia.com\/de\/wp-json\/wp\/v2\/media?parent=987529842"}],"wp:term":[{"taxonomy":"product_brand","embeddable":true,"href":"https:\/\/craftygenesindonesia.com\/de\/wp-json\/wp\/v2\/product_brand?post=987529842"},{"taxonomy":"product_cat","embeddable":true,"href":"https:\/\/craftygenesindonesia.com\/de\/wp-json\/wp\/v2\/product_cat?post=987529842"},{"taxonomy":"product_tag","embeddable":true,"href":"https:\/\/craftygenesindonesia.com\/de\/wp-json\/wp\/v2\/product_tag?post=987529842"}],"curies":[{"name":"wp","href":"https:\/\/api.w.org\/{rel}","templated":true}]}}