{"id":987529800,"date":"2022-06-10T08:52:37","date_gmt":"2022-06-10T00:52:37","guid":{"rendered":"https:\/\/craftygenesindonesia.com\/shop\/unkategorisiert\/gedenk-engel\/"},"modified":"2026-03-26T11:30:04","modified_gmt":"2026-03-26T03:30:04","slug":"gedenk-engel","status":"publish","type":"product","link":"https:\/\/craftygenesindonesia.com\/de\/shop\/weihnachts-hakelmuster\/gedenk-engel\/","title":{"rendered":"Gedenk-Engel"},"content":{"rendered":"<p style=\"font-weight: 400;\"><strong>Gedenk engel<\/strong><\/p>\n<p style=\"font-weight: 400;\">\n<p style=\"font-weight: 400;\"><strong>Dateityp<\/strong>: H\u00e4kelmuster &#8211; digitaler Download, kein physischer Gegenstand<\/p>\n<p style=\"font-weight: 400;\">Verf\u00fcgbare Sprachen: Englisch, Niederl\u00e4ndisch, Franz\u00f6sisch, Spanisch, Deutsch, Portugiesisch, Italienisch<\/p>\n<p style=\"font-weight: 400;\">\n<p style=\"font-weight: 400;\">Gr\u00f6\u00dfe des fertigen St\u00fccks: 17 cm (6,5 Zoll)<\/p>\n<p style=\"font-weight: 400;\"><strong> <\/strong><\/p>\n<p style=\"font-weight: 400;\"><strong>Garnart: <\/strong>\u201eFingering\u201c-Garn (St\u00e4rke 3)<\/p>\n<p style=\"font-weight: 400;\"><strong>Empfohlene Marken<\/strong>: Catona by Scheepjes, Durable Coral, &#8230;<\/p>\n<p style=\"font-weight: 400;\"><strong>Ben\u00f6tigte Garnfarben<\/strong>: Wei\u00df, Metallic-Silber<\/p>\n<p style=\"font-weight: 400;\">\n<p style=\"font-weight: 400;\"><strong>H\u00e4kelnadel<\/strong>: 2mm<\/p>\n<p style=\"font-weight: 400;\">\n<p style=\"font-weight: 400;\"><strong>Copyright und Hilfe-Informationen:<\/strong><\/p>\n<p style=\"font-weight: 400;\">Dieses Muster ist ein schriftliches Muster (digital) mit vielen Bildern, um Ihnen zu helfen. Wenn Sie Fragen zum Muster haben, schicken Sie mir eine E-Mail an <a href=\"mailto:craftygenesindonesia@gmail.com\">Craftygenesindonesia@gmail.com<\/a> <\/p>\n<p style=\"font-weight: 400;\">\n<p style=\"font-weight: 400;\"><strong>Dieses digitale H\u00e4kelmuster ist nur f\u00fcr den pers\u00f6nlichen Gebrauch bestimmt und unterliegt dem Copyright. Daher d\u00fcrfen Sie ohne meine Erlaubnis nicht kopieren, verkaufen, weiterverkaufen, \u00fcbersetzen, als Ihr eigenes Design ausgeben, verteilen, teilen, ver\u00f6ffentlichen, nur posten, &#8230; in irgendeiner Weise oder Form. Nicht einmal ein Teil davon!  <\/strong><\/p>\n<p style=\"font-weight: 400;\"><strong> <\/strong><\/p>\n<p><strong>Sie d\u00fcrfen das fertige Produkt oder den Gegenstand in kleinen Mengen verkaufen, aber nicht das H\u00e4kelmuster selbst! Bitte erw\u00e4hnen Sie, dass das H\u00e4kelmuster von mir, Craftygenesindonesia, stammt und wo man es kaufen kann. <\/strong><\/p>\n","protected":false},"excerpt":{"rendered":"<p>Schaffen Sie mit dieser H\u00e4kelanleitung f\u00fcr einen Gedenkengel ein bedeutungsvolles, handgefertigtes Andenken. Dieser Engel, der als liebevolle Erinnerung gedacht ist, kann das ganze Jahr \u00fcber aufgestellt oder als besonderer Christbaumschmuck verwendet werden. <\/p>\n<p>Mit den klaren, schrittweisen Anleitungen k\u00f6nnen Sie dieses Werk zum Leben erwecken und eine liebevolle Dekoration gestalten, die Ihrem Zuhause oder Ihrer Weihnachtsdekoration eine pers\u00f6nliche, handgemachte Note verleiht.<\/p>\n","protected":false},"featured_media":987530225,"comment_status":"open","ping_status":"closed","template":"","meta":{"_acf_changed":false},"product_brand":[],"product_cat":[12251,12250,12130,12433],"product_tag":[12438,12256,12252,12255,12253,13707,12254,12257],"class_list":{"0":"post-987529800","1":"product","2":"type-product","3":"status-publish","4":"has-post-thumbnail","6":"product_cat-engel-hakelmuster","7":"product_cat-gedenk-hakelmuster","8":"product_cat-weihnachts-hakelmuster","9":"product_cat-weihnachtsschmuck","10":"product_tag-baumschmuck","11":"product_tag-engel-de","12":"product_tag-flugel","13":"product_tag-gedenk-kaiserfisch","14":"product_tag-gedenkstatte","15":"product_tag-weihnachten-2","16":"product_tag-weihnachtsengel","17":"product_tag-weis","18":"pa_available_on-craftygenesindonesia","19":"pa_available_on-etsy","20":"pa_available_on-haked-nl","21":"pa_available_on-payhip","22":"pa_available_on-ravelry","23":"pa_languages-deutsch","24":"pa_languages-franzoesisch","25":"pa_languages-italienisch","26":"pa_languages-niederlaendisch","27":"pa_languages-portugiesisch","28":"pa_languages-spanisch","29":"pa_languages-us-englisch","31":"first","32":"instock","33":"downloadable","34":"virtual","35":"purchasable","36":"product-type-simple"},"acf":[],"yoast_head":"<!-- This site is optimized with the Yoast SEO plugin v27.3 - https:\/\/yoast.com\/product\/yoast-seo-wordpress\/ -->\n<title>Gedenk-Engel H\u00e4kelmuster - Craftygenesindonesia<\/title>\n<meta name=\"description\" content=\"Hier kannst du meine H\u00e4kelanleitung f\u00fcr den \u201eGedenkengel\u201c kaufen. Die einfache H\u00e4kelanleitung ist auch auf Etsy, Haked.nl, Ravelry und Payhip erh\u00e4ltlich.\" \/>\n<meta name=\"robots\" content=\"index, follow, max-snippet:-1, max-image-preview:large, max-video-preview:-1\" \/>\n<link rel=\"canonical\" href=\"https:\/\/craftygenesindonesia.com\/de\/shop\/weihnachts-hakelmuster\/gedenk-engel\/\" \/>\n<meta property=\"og:locale\" content=\"de_DE\" \/>\n<meta property=\"og:type\" content=\"article\" \/>\n<meta property=\"og:title\" content=\"&quot;Gedenk-Engel&quot; H\u00e4kelmuster\" \/>\n<meta property=\"og:description\" content=\"Purchase here my Memorial angel crochet pattern. The easy crochet pattern is also available on Etsy, Haked.nl, Ravelry, Payhip\" \/>\n<meta property=\"og:url\" content=\"https:\/\/craftygenesindonesia.com\/de\/shop\/weihnachts-hakelmuster\/gedenk-engel\/\" \/>\n<meta property=\"og:site_name\" content=\"Craftygenesindonesia\" \/>\n<meta property=\"article:modified_time\" content=\"2026-03-26T03:30:04+00:00\" \/>\n<meta property=\"og:image\" content=\"https:\/\/craftygenesindonesia.com\/wp-content\/uploads\/2022\/06\/Memorial-Angel-2.jpg\" \/>\n\t<meta property=\"og:image:width\" content=\"1080\" \/>\n\t<meta property=\"og:image:height\" content=\"1080\" \/>\n\t<meta property=\"og:image:type\" content=\"image\/jpeg\" \/>\n<meta name=\"twitter:card\" content=\"summary_large_image\" \/>\n<meta name=\"twitter:label1\" content=\"Gesch\u00e4tzte Lesezeit\" \/>\n\t<meta name=\"twitter:data1\" content=\"1\u00a0Minute\" \/>\n<script type=\"application\/ld+json\" class=\"yoast-schema-graph\">{\"@context\":\"https:\\\/\\\/schema.org\",\"@graph\":[{\"@type\":\"WebPage\",\"@id\":\"https:\\\/\\\/craftygenesindonesia.com\\\/de\\\/shop\\\/weihnachts-hakelmuster\\\/gedenk-engel\\\/\",\"url\":\"https:\\\/\\\/craftygenesindonesia.com\\\/de\\\/shop\\\/weihnachts-hakelmuster\\\/gedenk-engel\\\/\",\"name\":\"Gedenk-Engel H\u00e4kelmuster - Craftygenesindonesia\",\"isPartOf\":{\"@id\":\"https:\\\/\\\/craftygenesindonesia.com\\\/de\\\/#website\"},\"primaryImageOfPage\":{\"@id\":\"https:\\\/\\\/craftygenesindonesia.com\\\/de\\\/shop\\\/weihnachts-hakelmuster\\\/gedenk-engel\\\/#primaryimage\"},\"image\":{\"@id\":\"https:\\\/\\\/craftygenesindonesia.com\\\/de\\\/shop\\\/weihnachts-hakelmuster\\\/gedenk-engel\\\/#primaryimage\"},\"thumbnailUrl\":\"https:\\\/\\\/craftygenesindonesia.com\\\/wp-content\\\/uploads\\\/2022\\\/06\\\/Memorial-Angel-2.jpg\",\"datePublished\":\"2022-06-10T00:52:37+00:00\",\"dateModified\":\"2026-03-26T03:30:04+00:00\",\"description\":\"Hier kannst du meine H\u00e4kelanleitung f\u00fcr den \u201eGedenkengel\u201c kaufen. Die einfache H\u00e4kelanleitung ist auch auf Etsy, Haked.nl, Ravelry und Payhip erh\u00e4ltlich.\",\"breadcrumb\":{\"@id\":\"https:\\\/\\\/craftygenesindonesia.com\\\/de\\\/shop\\\/weihnachts-hakelmuster\\\/gedenk-engel\\\/#breadcrumb\"},\"inLanguage\":\"de\",\"potentialAction\":[{\"@type\":\"ReadAction\",\"target\":[\"https:\\\/\\\/craftygenesindonesia.com\\\/de\\\/shop\\\/weihnachts-hakelmuster\\\/gedenk-engel\\\/\"]}]},{\"@type\":\"ImageObject\",\"inLanguage\":\"de\",\"@id\":\"https:\\\/\\\/craftygenesindonesia.com\\\/de\\\/shop\\\/weihnachts-hakelmuster\\\/gedenk-engel\\\/#primaryimage\",\"url\":\"https:\\\/\\\/craftygenesindonesia.com\\\/wp-content\\\/uploads\\\/2022\\\/06\\\/Memorial-Angel-2.jpg\",\"contentUrl\":\"https:\\\/\\\/craftygenesindonesia.com\\\/wp-content\\\/uploads\\\/2022\\\/06\\\/Memorial-Angel-2.jpg\",\"width\":1080,\"height\":1080,\"caption\":\"Gedenkengel aus H\u00e4kelarbeit\"},{\"@type\":\"BreadcrumbList\",\"@id\":\"https:\\\/\\\/craftygenesindonesia.com\\\/de\\\/shop\\\/weihnachts-hakelmuster\\\/gedenk-engel\\\/#breadcrumb\",\"itemListElement\":[{\"@type\":\"ListItem\",\"position\":1,\"name\":\"Home\",\"item\":\"https:\\\/\\\/craftygenesindonesia.com\\\/de\\\/\"},{\"@type\":\"ListItem\",\"position\":2,\"name\":\"Mustershop\",\"item\":\"https:\\\/\\\/craftygenesindonesia.com\\\/de\\\/muster-shop\\\/\"},{\"@type\":\"ListItem\",\"position\":3,\"name\":\"Gedenk-Engel\"}]},{\"@type\":\"WebSite\",\"@id\":\"https:\\\/\\\/craftygenesindonesia.com\\\/de\\\/#website\",\"url\":\"https:\\\/\\\/craftygenesindonesia.com\\\/de\\\/\",\"name\":\"Craftygenesindonesia\",\"description\":\"\",\"publisher\":{\"@id\":\"https:\\\/\\\/craftygenesindonesia.com\\\/de\\\/#organization\"},\"potentialAction\":[{\"@type\":\"SearchAction\",\"target\":{\"@type\":\"EntryPoint\",\"urlTemplate\":\"https:\\\/\\\/craftygenesindonesia.com\\\/de\\\/?s={search_term_string}\"},\"query-input\":{\"@type\":\"PropertyValueSpecification\",\"valueRequired\":true,\"valueName\":\"search_term_string\"}}],\"inLanguage\":\"de\"},{\"@type\":\"Organization\",\"@id\":\"https:\\\/\\\/craftygenesindonesia.com\\\/de\\\/#organization\",\"name\":\"Craftygenesindonesia\",\"url\":\"https:\\\/\\\/craftygenesindonesia.com\\\/de\\\/\",\"logo\":{\"@type\":\"ImageObject\",\"inLanguage\":\"de\",\"@id\":\"https:\\\/\\\/craftygenesindonesia.com\\\/de\\\/#\\\/schema\\\/logo\\\/image\\\/\",\"url\":\"https:\\\/\\\/craftygenesindonesia.com\\\/wp-content\\\/uploads\\\/2025\\\/11\\\/cropped-Copy-of-Craftygenesindonesia.jpg\",\"contentUrl\":\"https:\\\/\\\/craftygenesindonesia.com\\\/wp-content\\\/uploads\\\/2025\\\/11\\\/cropped-Copy-of-Craftygenesindonesia.jpg\",\"width\":180,\"height\":60,\"caption\":\"Craftygenesindonesia\"},\"image\":{\"@id\":\"https:\\\/\\\/craftygenesindonesia.com\\\/de\\\/#\\\/schema\\\/logo\\\/image\\\/\"}}]}<\/script>\n<!-- \/ Yoast SEO plugin. -->","yoast_head_json":{"title":"Gedenk-Engel H\u00e4kelmuster - Craftygenesindonesia","description":"Hier kannst du meine H\u00e4kelanleitung f\u00fcr den \u201eGedenkengel\u201c kaufen. Die einfache H\u00e4kelanleitung ist auch auf Etsy, Haked.nl, Ravelry und Payhip erh\u00e4ltlich.","robots":{"index":"index","follow":"follow","max-snippet":"max-snippet:-1","max-image-preview":"max-image-preview:large","max-video-preview":"max-video-preview:-1"},"canonical":"https:\/\/craftygenesindonesia.com\/de\/shop\/weihnachts-hakelmuster\/gedenk-engel\/","og_locale":"de_DE","og_type":"article","og_title":"\"Gedenk-Engel\" H\u00e4kelmuster","og_description":"Purchase here my Memorial angel crochet pattern. The easy crochet pattern is also available on Etsy, Haked.nl, Ravelry, Payhip","og_url":"https:\/\/craftygenesindonesia.com\/de\/shop\/weihnachts-hakelmuster\/gedenk-engel\/","og_site_name":"Craftygenesindonesia","article_modified_time":"2026-03-26T03:30:04+00:00","og_image":[{"width":1080,"height":1080,"url":"https:\/\/craftygenesindonesia.com\/wp-content\/uploads\/2022\/06\/Memorial-Angel-2.jpg","type":"image\/jpeg"}],"twitter_card":"summary_large_image","twitter_misc":{"Gesch\u00e4tzte Lesezeit":"1\u00a0Minute"},"schema":{"@context":"https:\/\/schema.org","@graph":[{"@type":"WebPage","@id":"https:\/\/craftygenesindonesia.com\/de\/shop\/weihnachts-hakelmuster\/gedenk-engel\/","url":"https:\/\/craftygenesindonesia.com\/de\/shop\/weihnachts-hakelmuster\/gedenk-engel\/","name":"Gedenk-Engel H\u00e4kelmuster - Craftygenesindonesia","isPartOf":{"@id":"https:\/\/craftygenesindonesia.com\/de\/#website"},"primaryImageOfPage":{"@id":"https:\/\/craftygenesindonesia.com\/de\/shop\/weihnachts-hakelmuster\/gedenk-engel\/#primaryimage"},"image":{"@id":"https:\/\/craftygenesindonesia.com\/de\/shop\/weihnachts-hakelmuster\/gedenk-engel\/#primaryimage"},"thumbnailUrl":"https:\/\/craftygenesindonesia.com\/wp-content\/uploads\/2022\/06\/Memorial-Angel-2.jpg","datePublished":"2022-06-10T00:52:37+00:00","dateModified":"2026-03-26T03:30:04+00:00","description":"Hier kannst du meine H\u00e4kelanleitung f\u00fcr den \u201eGedenkengel\u201c kaufen. Die einfache H\u00e4kelanleitung ist auch auf Etsy, Haked.nl, Ravelry und Payhip erh\u00e4ltlich.","breadcrumb":{"@id":"https:\/\/craftygenesindonesia.com\/de\/shop\/weihnachts-hakelmuster\/gedenk-engel\/#breadcrumb"},"inLanguage":"de","potentialAction":[{"@type":"ReadAction","target":["https:\/\/craftygenesindonesia.com\/de\/shop\/weihnachts-hakelmuster\/gedenk-engel\/"]}]},{"@type":"ImageObject","inLanguage":"de","@id":"https:\/\/craftygenesindonesia.com\/de\/shop\/weihnachts-hakelmuster\/gedenk-engel\/#primaryimage","url":"https:\/\/craftygenesindonesia.com\/wp-content\/uploads\/2022\/06\/Memorial-Angel-2.jpg","contentUrl":"https:\/\/craftygenesindonesia.com\/wp-content\/uploads\/2022\/06\/Memorial-Angel-2.jpg","width":1080,"height":1080,"caption":"Gedenkengel aus H\u00e4kelarbeit"},{"@type":"BreadcrumbList","@id":"https:\/\/craftygenesindonesia.com\/de\/shop\/weihnachts-hakelmuster\/gedenk-engel\/#breadcrumb","itemListElement":[{"@type":"ListItem","position":1,"name":"Home","item":"https:\/\/craftygenesindonesia.com\/de\/"},{"@type":"ListItem","position":2,"name":"Mustershop","item":"https:\/\/craftygenesindonesia.com\/de\/muster-shop\/"},{"@type":"ListItem","position":3,"name":"Gedenk-Engel"}]},{"@type":"WebSite","@id":"https:\/\/craftygenesindonesia.com\/de\/#website","url":"https:\/\/craftygenesindonesia.com\/de\/","name":"Craftygenesindonesia","description":"","publisher":{"@id":"https:\/\/craftygenesindonesia.com\/de\/#organization"},"potentialAction":[{"@type":"SearchAction","target":{"@type":"EntryPoint","urlTemplate":"https:\/\/craftygenesindonesia.com\/de\/?s={search_term_string}"},"query-input":{"@type":"PropertyValueSpecification","valueRequired":true,"valueName":"search_term_string"}}],"inLanguage":"de"},{"@type":"Organization","@id":"https:\/\/craftygenesindonesia.com\/de\/#organization","name":"Craftygenesindonesia","url":"https:\/\/craftygenesindonesia.com\/de\/","logo":{"@type":"ImageObject","inLanguage":"de","@id":"https:\/\/craftygenesindonesia.com\/de\/#\/schema\/logo\/image\/","url":"https:\/\/craftygenesindonesia.com\/wp-content\/uploads\/2025\/11\/cropped-Copy-of-Craftygenesindonesia.jpg","contentUrl":"https:\/\/craftygenesindonesia.com\/wp-content\/uploads\/2025\/11\/cropped-Copy-of-Craftygenesindonesia.jpg","width":180,"height":60,"caption":"Craftygenesindonesia"},"image":{"@id":"https:\/\/craftygenesindonesia.com\/de\/#\/schema\/logo\/image\/"}}]}},"_links":{"self":[{"href":"https:\/\/craftygenesindonesia.com\/de\/wp-json\/wp\/v2\/product\/987529800","targetHints":{"allow":["GET"]}}],"collection":[{"href":"https:\/\/craftygenesindonesia.com\/de\/wp-json\/wp\/v2\/product"}],"about":[{"href":"https:\/\/craftygenesindonesia.com\/de\/wp-json\/wp\/v2\/types\/product"}],"replies":[{"embeddable":true,"href":"https:\/\/craftygenesindonesia.com\/de\/wp-json\/wp\/v2\/comments?post=987529800"}],"wp:featuredmedia":[{"embeddable":true,"href":"https:\/\/craftygenesindonesia.com\/de\/wp-json\/wp\/v2\/media\/987530225"}],"wp:attachment":[{"href":"https:\/\/craftygenesindonesia.com\/de\/wp-json\/wp\/v2\/media?parent=987529800"}],"wp:term":[{"taxonomy":"product_brand","embeddable":true,"href":"https:\/\/craftygenesindonesia.com\/de\/wp-json\/wp\/v2\/product_brand?post=987529800"},{"taxonomy":"product_cat","embeddable":true,"href":"https:\/\/craftygenesindonesia.com\/de\/wp-json\/wp\/v2\/product_cat?post=987529800"},{"taxonomy":"product_tag","embeddable":true,"href":"https:\/\/craftygenesindonesia.com\/de\/wp-json\/wp\/v2\/product_tag?post=987529800"}],"curies":[{"name":"wp","href":"https:\/\/api.w.org\/{rel}","templated":true}]}}