{"id":987529744,"date":"2022-06-23T21:19:29","date_gmt":"2022-06-23T13:19:29","guid":{"rendered":"https:\/\/craftygenesindonesia.com\/shop\/unkategorisiert\/das-craftygenesindonesia-krippenspiel\/"},"modified":"2026-02-21T18:22:46","modified_gmt":"2026-02-21T10:22:46","slug":"das-craftygenesindonesia-krippenspiel","status":"publish","type":"product","link":"https:\/\/craftygenesindonesia.com\/de\/shop\/religiose-hakelmuster\/das-craftygenesindonesia-krippenspiel\/","title":{"rendered":"Das Craftygenesindonesia-Krippenspiel"},"content":{"rendered":"<p>In diesem Muster finden Sie die Muster von:<\/p>\n<p>*Jesuskind, Maria und Josef<\/p>\n<p>*Die drei Weisen<\/p>\n<p>*Ein Hirte mit seinen Schafen<\/p>\n<p>*Der Ochse und der Esel<\/p>\n<p>*Ein Stall mit Engel und Stern von Bethlehem<\/p>\n<p>*Ein Kamel<\/p>\n<p>Alle sind mit &#8220;FINGERING&#8221;-Garnen wie Catona, Durable Coral<\/p>\n<p>H\u00e4kelnadel: 2mm<\/p>\n<p>Das Jesuskind ist 7cm (2.75&#8243;) lang<\/p>\n<p>Maria und der Engel sind 15cm (5.9&#8243;) gro\u00df<\/p>\n<p>Joseph und alle anderen M\u00e4nner im ebook sind 17cm gro\u00df (6.7&#8243;)<\/p>\n<p>Der Ochse und der Esel sind 13cm (5.1&#8243;) gro\u00df<\/p>\n<p>Das Kamel ist 19cm (7.5&#8243;) gro\u00df<\/p>\n<p>Die Stallgr\u00f6\u00dfe betr\u00e4gt 25cm(H)x 24cm(B)x 15cm(T) oder<\/p>\n<p>9.8&#8243;H x 9.4&#8243;W x 5.9&#8243;D<\/p>\n<p>Dieses Muster ist ein schriftliches Muster mit vielen Bildern, um Ihnen zu helfen. Wenn Sie Fragen haben, schicken Sie mir eine Nachricht an: craftygenesindonesia@gmail.com<\/p>\n<p><strong>-Dieses Muster ist nur f\u00fcr den pers\u00f6nlichen Gebrauch bestimmt und ist mit einem COPYRIGHT versehen. Daher darf das Muster NICHT kopiert, verkauft, weiterverkauft, \u00fcbersetzt, als eigenes Design beansprucht, verteilt, geteilt, ver\u00f6ffentlicht oder in irgendeiner Form online gestellt werden ohne meine Erlaubnis. Nicht einmal ein Teil davon!!!<\/strong><\/p>\n<p><strong>-Sie d\u00fcrfen das fertige Produkt in kleinen Mengen verkaufen, ABER NICHT DAS MUSTER SELBST! Erw\u00e4hnen Sie, dass das Schnittmuster von Craftygenesindonesia ist und wo man es kaufen kann <\/strong><\/p>\n","protected":false},"excerpt":{"rendered":"<p>Dies ist ein leicht zu befolgendes H\u00e4kelmuster f\u00fcr eine wundersch\u00f6ne H\u00e4kelkrippe. Ein absolutes Muss f\u00fcr alle, die Krippen lieben.<\/p>\n<p>**Diese Vorlage enth\u00e4lt Jesus in seiner Krippe, Maria, Josef, einen Ochsen und einen Esel, die drei Weisen, einen Hirten und seine Schafe, den Felsen, auf dem das kleine Babyschaf steht, eine Krippe, einen Stern, einen Engel und ein Kamel.<\/p>\n","protected":false},"featured_media":987529926,"comment_status":"open","ping_status":"closed","template":"","meta":{"_acf_changed":false},"product_brand":[],"product_cat":[12131,12129,12130],"product_tag":[12617,12147,12256,12239,12619,12252,12355,12135,12137,12351,12151,12676,12454,12455,12349,12350,12143,12141,12445],"class_list":{"0":"post-987529744","1":"product","2":"type-product","3":"status-publish","4":"has-post-thumbnail","6":"product_cat-krippen-hakelmuster","7":"product_cat-religiose-hakelmuster","8":"product_cat-weihnachts-hakelmuster","9":"product_tag-3-weise-manner","10":"product_tag-christian-de","11":"product_tag-engel-de","12":"product_tag-esel","13":"product_tag-felsen-de","14":"product_tag-flugel","15":"product_tag-hirte","16":"product_tag-jesus-de","17":"product_tag-joseph-de","18":"product_tag-kamel","19":"product_tag-katholisch","20":"product_tag-konige","21":"product_tag-krippe","22":"product_tag-krippe-de","23":"product_tag-ox-de","24":"product_tag-schafe","25":"product_tag-stall","26":"product_tag-stern","27":"product_tag-unsere-dame","28":"pa_available_on-craftygenesindonesia","29":"pa_available_on-etsy","30":"pa_available_on-haked-nl","31":"pa_available_on-payhip","32":"pa_available_on-ravelry","33":"pa_languages-deutsch","34":"pa_languages-franzoesisch","35":"pa_languages-italienisch","36":"pa_languages-niederlaendisch","37":"pa_languages-spanisch","38":"pa_languages-us-englisch","40":"first","41":"instock","42":"downloadable","43":"virtual","44":"purchasable","45":"product-type-simple"},"acf":[],"yoast_head":"<!-- This site is optimized with the Yoast SEO plugin v27.4 - https:\/\/yoast.com\/product\/yoast-seo-wordpress\/ -->\n<title>Das Craftygenesindonesia-Krippenspiel H\u00e4kelmuster - Craftygenesindonesia<\/title>\n<meta name=\"description\" content=\"Kaufen Sie hier meine Craftygenesindonesia-Krippe. Das H\u00e4kelmuster ist auch auf Etsy, Haked.nl, Ravelry und Payhip erh\u00e4ltlich\" \/>\n<meta name=\"robots\" content=\"index, follow, max-snippet:-1, max-image-preview:large, max-video-preview:-1\" \/>\n<link rel=\"canonical\" href=\"https:\/\/craftygenesindonesia.com\/de\/shop\/religiose-hakelmuster\/das-craftygenesindonesia-krippenspiel\/\" \/>\n<meta property=\"og:locale\" content=\"de_DE\" \/>\n<meta property=\"og:type\" content=\"article\" \/>\n<meta property=\"og:title\" content=\"Craftygenesindonesia Krippenspiel\" \/>\n<meta property=\"og:description\" content=\"Kaufen Sie hier meine Craftygenesindonesia-Krippe. Das H\u00e4kelmuster ist auch auf Etsy, Haked.nl, Ravelry und Payhip erh\u00e4ltlich\" \/>\n<meta property=\"og:url\" content=\"https:\/\/craftygenesindonesia.com\/de\/shop\/religiose-hakelmuster\/das-craftygenesindonesia-krippenspiel\/\" \/>\n<meta property=\"og:site_name\" content=\"Craftygenesindonesia\" \/>\n<meta property=\"article:modified_time\" content=\"2026-02-21T10:22:46+00:00\" \/>\n<meta property=\"og:image\" content=\"https:\/\/craftygenesindonesia.com\/wp-content\/uploads\/2022\/06\/Craftygenesindonesia-2-300x300.jpg\" \/>\n<meta name=\"twitter:card\" content=\"summary_large_image\" \/>\n<meta name=\"twitter:label1\" content=\"Gesch\u00e4tzte Lesezeit\" \/>\n\t<meta name=\"twitter:data1\" content=\"2\u00a0Minuten\" \/>\n<script type=\"application\/ld+json\" class=\"yoast-schema-graph\">{\"@context\":\"https:\\\/\\\/schema.org\",\"@graph\":[{\"@type\":\"WebPage\",\"@id\":\"https:\\\/\\\/craftygenesindonesia.com\\\/de\\\/shop\\\/religiose-hakelmuster\\\/das-craftygenesindonesia-krippenspiel\\\/\",\"url\":\"https:\\\/\\\/craftygenesindonesia.com\\\/de\\\/shop\\\/religiose-hakelmuster\\\/das-craftygenesindonesia-krippenspiel\\\/\",\"name\":\"Das Craftygenesindonesia-Krippenspiel H\u00e4kelmuster - Craftygenesindonesia\",\"isPartOf\":{\"@id\":\"https:\\\/\\\/craftygenesindonesia.com\\\/de\\\/#website\"},\"primaryImageOfPage\":{\"@id\":\"https:\\\/\\\/craftygenesindonesia.com\\\/de\\\/shop\\\/religiose-hakelmuster\\\/das-craftygenesindonesia-krippenspiel\\\/#primaryimage\"},\"image\":{\"@id\":\"https:\\\/\\\/craftygenesindonesia.com\\\/de\\\/shop\\\/religiose-hakelmuster\\\/das-craftygenesindonesia-krippenspiel\\\/#primaryimage\"},\"thumbnailUrl\":\"https:\\\/\\\/craftygenesindonesia.com\\\/wp-content\\\/uploads\\\/2022\\\/06\\\/Craftygenesindonesia-2.jpg\",\"datePublished\":\"2022-06-23T13:19:29+00:00\",\"dateModified\":\"2026-02-21T10:22:46+00:00\",\"description\":\"Kaufen Sie hier meine Craftygenesindonesia-Krippe. Das H\u00e4kelmuster ist auch auf Etsy, Haked.nl, Ravelry und Payhip erh\u00e4ltlich\",\"breadcrumb\":{\"@id\":\"https:\\\/\\\/craftygenesindonesia.com\\\/de\\\/shop\\\/religiose-hakelmuster\\\/das-craftygenesindonesia-krippenspiel\\\/#breadcrumb\"},\"inLanguage\":\"de\",\"potentialAction\":[{\"@type\":\"ReadAction\",\"target\":[\"https:\\\/\\\/craftygenesindonesia.com\\\/de\\\/shop\\\/religiose-hakelmuster\\\/das-craftygenesindonesia-krippenspiel\\\/\"]}]},{\"@type\":\"ImageObject\",\"inLanguage\":\"de\",\"@id\":\"https:\\\/\\\/craftygenesindonesia.com\\\/de\\\/shop\\\/religiose-hakelmuster\\\/das-craftygenesindonesia-krippenspiel\\\/#primaryimage\",\"url\":\"https:\\\/\\\/craftygenesindonesia.com\\\/wp-content\\\/uploads\\\/2022\\\/06\\\/Craftygenesindonesia-2.jpg\",\"contentUrl\":\"https:\\\/\\\/craftygenesindonesia.com\\\/wp-content\\\/uploads\\\/2022\\\/06\\\/Craftygenesindonesia-2.jpg\",\"width\":1080,\"height\":1080,\"caption\":\"crochet nativity set with crochet Jesus, Mary, Joseph, Camel, three wise men, shepherd, sheep, donkey, ox, angel, star, stable\"},{\"@type\":\"BreadcrumbList\",\"@id\":\"https:\\\/\\\/craftygenesindonesia.com\\\/de\\\/shop\\\/religiose-hakelmuster\\\/das-craftygenesindonesia-krippenspiel\\\/#breadcrumb\",\"itemListElement\":[{\"@type\":\"ListItem\",\"position\":1,\"name\":\"Home\",\"item\":\"https:\\\/\\\/craftygenesindonesia.com\\\/de\\\/\"},{\"@type\":\"ListItem\",\"position\":2,\"name\":\"Mustershop\",\"item\":\"https:\\\/\\\/craftygenesindonesia.com\\\/de\\\/muster-shop\\\/\"},{\"@type\":\"ListItem\",\"position\":3,\"name\":\"Das Craftygenesindonesia-Krippenspiel\"}]},{\"@type\":\"WebSite\",\"@id\":\"https:\\\/\\\/craftygenesindonesia.com\\\/de\\\/#website\",\"url\":\"https:\\\/\\\/craftygenesindonesia.com\\\/de\\\/\",\"name\":\"Craftygenesindonesia\",\"description\":\"\",\"publisher\":{\"@id\":\"https:\\\/\\\/craftygenesindonesia.com\\\/de\\\/#organization\"},\"potentialAction\":[{\"@type\":\"SearchAction\",\"target\":{\"@type\":\"EntryPoint\",\"urlTemplate\":\"https:\\\/\\\/craftygenesindonesia.com\\\/de\\\/?s={search_term_string}\"},\"query-input\":{\"@type\":\"PropertyValueSpecification\",\"valueRequired\":true,\"valueName\":\"search_term_string\"}}],\"inLanguage\":\"de\"},{\"@type\":\"Organization\",\"@id\":\"https:\\\/\\\/craftygenesindonesia.com\\\/de\\\/#organization\",\"name\":\"Craftygenesindonesia\",\"url\":\"https:\\\/\\\/craftygenesindonesia.com\\\/de\\\/\",\"logo\":{\"@type\":\"ImageObject\",\"inLanguage\":\"de\",\"@id\":\"https:\\\/\\\/craftygenesindonesia.com\\\/de\\\/#\\\/schema\\\/logo\\\/image\\\/\",\"url\":\"https:\\\/\\\/craftygenesindonesia.com\\\/wp-content\\\/uploads\\\/2025\\\/11\\\/cropped-Copy-of-Craftygenesindonesia.jpg\",\"contentUrl\":\"https:\\\/\\\/craftygenesindonesia.com\\\/wp-content\\\/uploads\\\/2025\\\/11\\\/cropped-Copy-of-Craftygenesindonesia.jpg\",\"width\":180,\"height\":60,\"caption\":\"Craftygenesindonesia\"},\"image\":{\"@id\":\"https:\\\/\\\/craftygenesindonesia.com\\\/de\\\/#\\\/schema\\\/logo\\\/image\\\/\"}}]}<\/script>\n<!-- \/ Yoast SEO plugin. -->","yoast_head_json":{"title":"Das Craftygenesindonesia-Krippenspiel H\u00e4kelmuster - Craftygenesindonesia","description":"Kaufen Sie hier meine Craftygenesindonesia-Krippe. Das H\u00e4kelmuster ist auch auf Etsy, Haked.nl, Ravelry und Payhip erh\u00e4ltlich","robots":{"index":"index","follow":"follow","max-snippet":"max-snippet:-1","max-image-preview":"max-image-preview:large","max-video-preview":"max-video-preview:-1"},"canonical":"https:\/\/craftygenesindonesia.com\/de\/shop\/religiose-hakelmuster\/das-craftygenesindonesia-krippenspiel\/","og_locale":"de_DE","og_type":"article","og_title":"Craftygenesindonesia Krippenspiel","og_description":"Kaufen Sie hier meine Craftygenesindonesia-Krippe. Das H\u00e4kelmuster ist auch auf Etsy, Haked.nl, Ravelry und Payhip erh\u00e4ltlich","og_url":"https:\/\/craftygenesindonesia.com\/de\/shop\/religiose-hakelmuster\/das-craftygenesindonesia-krippenspiel\/","og_site_name":"Craftygenesindonesia","article_modified_time":"2026-02-21T10:22:46+00:00","og_image":[{"url":"https:\/\/craftygenesindonesia.com\/wp-content\/uploads\/2022\/06\/Craftygenesindonesia-2-300x300.jpg","type":"","width":"","height":""}],"twitter_card":"summary_large_image","twitter_misc":{"Gesch\u00e4tzte Lesezeit":"2\u00a0Minuten"},"schema":{"@context":"https:\/\/schema.org","@graph":[{"@type":"WebPage","@id":"https:\/\/craftygenesindonesia.com\/de\/shop\/religiose-hakelmuster\/das-craftygenesindonesia-krippenspiel\/","url":"https:\/\/craftygenesindonesia.com\/de\/shop\/religiose-hakelmuster\/das-craftygenesindonesia-krippenspiel\/","name":"Das Craftygenesindonesia-Krippenspiel H\u00e4kelmuster - Craftygenesindonesia","isPartOf":{"@id":"https:\/\/craftygenesindonesia.com\/de\/#website"},"primaryImageOfPage":{"@id":"https:\/\/craftygenesindonesia.com\/de\/shop\/religiose-hakelmuster\/das-craftygenesindonesia-krippenspiel\/#primaryimage"},"image":{"@id":"https:\/\/craftygenesindonesia.com\/de\/shop\/religiose-hakelmuster\/das-craftygenesindonesia-krippenspiel\/#primaryimage"},"thumbnailUrl":"https:\/\/craftygenesindonesia.com\/wp-content\/uploads\/2022\/06\/Craftygenesindonesia-2.jpg","datePublished":"2022-06-23T13:19:29+00:00","dateModified":"2026-02-21T10:22:46+00:00","description":"Kaufen Sie hier meine Craftygenesindonesia-Krippe. Das H\u00e4kelmuster ist auch auf Etsy, Haked.nl, Ravelry und Payhip erh\u00e4ltlich","breadcrumb":{"@id":"https:\/\/craftygenesindonesia.com\/de\/shop\/religiose-hakelmuster\/das-craftygenesindonesia-krippenspiel\/#breadcrumb"},"inLanguage":"de","potentialAction":[{"@type":"ReadAction","target":["https:\/\/craftygenesindonesia.com\/de\/shop\/religiose-hakelmuster\/das-craftygenesindonesia-krippenspiel\/"]}]},{"@type":"ImageObject","inLanguage":"de","@id":"https:\/\/craftygenesindonesia.com\/de\/shop\/religiose-hakelmuster\/das-craftygenesindonesia-krippenspiel\/#primaryimage","url":"https:\/\/craftygenesindonesia.com\/wp-content\/uploads\/2022\/06\/Craftygenesindonesia-2.jpg","contentUrl":"https:\/\/craftygenesindonesia.com\/wp-content\/uploads\/2022\/06\/Craftygenesindonesia-2.jpg","width":1080,"height":1080,"caption":"crochet nativity set with crochet Jesus, Mary, Joseph, Camel, three wise men, shepherd, sheep, donkey, ox, angel, star, stable"},{"@type":"BreadcrumbList","@id":"https:\/\/craftygenesindonesia.com\/de\/shop\/religiose-hakelmuster\/das-craftygenesindonesia-krippenspiel\/#breadcrumb","itemListElement":[{"@type":"ListItem","position":1,"name":"Home","item":"https:\/\/craftygenesindonesia.com\/de\/"},{"@type":"ListItem","position":2,"name":"Mustershop","item":"https:\/\/craftygenesindonesia.com\/de\/muster-shop\/"},{"@type":"ListItem","position":3,"name":"Das Craftygenesindonesia-Krippenspiel"}]},{"@type":"WebSite","@id":"https:\/\/craftygenesindonesia.com\/de\/#website","url":"https:\/\/craftygenesindonesia.com\/de\/","name":"Craftygenesindonesia","description":"","publisher":{"@id":"https:\/\/craftygenesindonesia.com\/de\/#organization"},"potentialAction":[{"@type":"SearchAction","target":{"@type":"EntryPoint","urlTemplate":"https:\/\/craftygenesindonesia.com\/de\/?s={search_term_string}"},"query-input":{"@type":"PropertyValueSpecification","valueRequired":true,"valueName":"search_term_string"}}],"inLanguage":"de"},{"@type":"Organization","@id":"https:\/\/craftygenesindonesia.com\/de\/#organization","name":"Craftygenesindonesia","url":"https:\/\/craftygenesindonesia.com\/de\/","logo":{"@type":"ImageObject","inLanguage":"de","@id":"https:\/\/craftygenesindonesia.com\/de\/#\/schema\/logo\/image\/","url":"https:\/\/craftygenesindonesia.com\/wp-content\/uploads\/2025\/11\/cropped-Copy-of-Craftygenesindonesia.jpg","contentUrl":"https:\/\/craftygenesindonesia.com\/wp-content\/uploads\/2025\/11\/cropped-Copy-of-Craftygenesindonesia.jpg","width":180,"height":60,"caption":"Craftygenesindonesia"},"image":{"@id":"https:\/\/craftygenesindonesia.com\/de\/#\/schema\/logo\/image\/"}}]}},"_links":{"self":[{"href":"https:\/\/craftygenesindonesia.com\/de\/wp-json\/wp\/v2\/product\/987529744","targetHints":{"allow":["GET"]}}],"collection":[{"href":"https:\/\/craftygenesindonesia.com\/de\/wp-json\/wp\/v2\/product"}],"about":[{"href":"https:\/\/craftygenesindonesia.com\/de\/wp-json\/wp\/v2\/types\/product"}],"replies":[{"embeddable":true,"href":"https:\/\/craftygenesindonesia.com\/de\/wp-json\/wp\/v2\/comments?post=987529744"}],"wp:featuredmedia":[{"embeddable":true,"href":"https:\/\/craftygenesindonesia.com\/de\/wp-json\/wp\/v2\/media\/987529926"}],"wp:attachment":[{"href":"https:\/\/craftygenesindonesia.com\/de\/wp-json\/wp\/v2\/media?parent=987529744"}],"wp:term":[{"taxonomy":"product_brand","embeddable":true,"href":"https:\/\/craftygenesindonesia.com\/de\/wp-json\/wp\/v2\/product_brand?post=987529744"},{"taxonomy":"product_cat","embeddable":true,"href":"https:\/\/craftygenesindonesia.com\/de\/wp-json\/wp\/v2\/product_cat?post=987529744"},{"taxonomy":"product_tag","embeddable":true,"href":"https:\/\/craftygenesindonesia.com\/de\/wp-json\/wp\/v2\/product_tag?post=987529744"}],"curies":[{"name":"wp","href":"https:\/\/api.w.org\/{rel}","templated":true}]}}