{"id":987529663,"date":"2022-06-22T21:22:45","date_gmt":"2022-06-22T13:22:45","guid":{"rendered":"https:\/\/craftygenesindonesia.com\/shop\/unkategorisiert\/wandrosenkranz\/"},"modified":"2025-11-13T11:58:57","modified_gmt":"2025-11-13T03:58:57","slug":"wandrosenkranz","status":"publish","type":"product","link":"https:\/\/craftygenesindonesia.com\/de\/shop\/religiose-hakelmuster\/wandrosenkranz\/","title":{"rendered":"Wandrosenkranz"},"content":{"rendered":"<p>Wandrosenkranz 2in1<br \/>\n&#8212;&#8212;&#8212;&#8212;&#8212;&#8212;&#8212;&#8212;&#8212;&#8212;&#8212;&#8212;-<\/p>\n<p>Dateityp: H\u00e4kelanleitung \u2013 digitaler Download, kein physischer Artikel<br \/>\nVerf\u00fcgbare Sprachen: Englisch (US-Begriffe), Niederl\u00e4ndisch, Franz\u00f6sisch, Spanisch, Deutsch<\/p>\n<p>&#8212;&#8212;&#8212;&#8212;&#8212;&#8211; &#8212;&#8212;&#8212;&#8212;&#8212;&#8212;&#8212;&#8212;&#8212;&#8212;&#8212;<\/p>\n<p>Garn: \u201eFingering\u201d-Garn wie Catona, Durable Coral<br \/>\nFarben: Hautfarbe, Wei\u00df, Rosa, Blau, Dunkelbraun<\/p>\n<p>H\u00e4kelnadel: 2 mm<\/p>\n<p>Der rosa Rosenkranz besteht aus 4 cm gro\u00dfen Rosen, 7 und 5 mm gro\u00dfen wei\u00dfen Perlen und einem 8 cm gro\u00dfen Kreuz.<br \/>\nDer Umfang dieses Rosenkranzes betr\u00e4gt 32 cm.<\/p>\n<p>Der blaue Rosenkranz besteht aus 4 cm gro\u00dfen Rosen, 7 mm gro\u00dfen wei\u00dfen Perlen und 3 mm gro\u00dfen silbernen Perlen, einem 8 cm gro\u00dfen Kreuz und einer 11 cm gro\u00dfen Marienfigur.<br \/>\nDer Umfang dieses Rosenkranzes betr\u00e4gt 65 cm.<\/p>\n<p>Copyright und Hilfe-Informationen:<br \/>\nDiese Anleitung ist eine schriftliche Anleitung (digital) mit vielen Bildern, die Ihnen helfen sollen. Wenn Sie Fragen zur Anleitung haben, senden Sie mir bitte eine E-Mail an craftygenesindonesia@gmail.com.<\/p>\n<p>Diese digitale H\u00e4kelanleitung ist nur f\u00fcr den pers\u00f6nlichen Gebrauch bestimmt und unterliegt dem Urheberrecht. Daher d\u00fcrfen Sie es ohne meine Genehmigung in keiner Weise kopieren, verkaufen, weiterverkaufen, \u00fcbersetzen, als Ihr eigenes Design ausgeben, verbreiten, teilen, ver\u00f6ffentlichen, posten usw. Nicht einmal einen Teil davon!<\/p>\n<p>Sie d\u00fcrfen das fertige Produkt oder den fertigen Artikel in kleinen Mengen verkaufen, aber Sie d\u00fcrfen die H\u00e4kelanleitung selbst nicht verkaufen! Geben Sie bitte an, dass die H\u00e4kelanleitung von mir, Craftygenesindonesia, stammt und wo sie gekauft werden kann.<\/p>\n","protected":false},"excerpt":{"rendered":"<p>Dies ist ein leicht zu befolgendes H\u00e4kelmuster f\u00fcr 2 sch\u00f6ne Rosenkr\u00e4nze. 1 gro\u00dfer und 1 kleiner.<\/p>\n<p>Die kleine Jungfrau Maria ist klein genug, um als Schl\u00fcsselanh\u00e4nger verwendet zu werden, falls Sie dies w\u00fcnschen.<\/p>\n","protected":false},"featured_media":987530091,"comment_status":"open","ping_status":"closed","template":"","meta":{"_acf_changed":false},"product_brand":[],"product_cat":[12129],"product_tag":[12197,12147,12145,12150,12151,12237,12178,12238,12179,12357,12425,12445,12653],"class_list":{"0":"post-987529663","1":"product","2":"type-product","3":"status-publish","4":"has-post-thumbnail","6":"product_cat-religiose-hakelmuster","7":"product_tag-blumen","8":"product_tag-christian-de","9":"product_tag-heilige-maria","10":"product_tag-jungfrau-maria","11":"product_tag-katholisch","12":"product_tag-katholischer-heiliger","13":"product_tag-kreuz","14":"product_tag-religious-de","15":"product_tag-rosen","16":"product_tag-rosenkranz","17":"product_tag-schutzpatronin","18":"product_tag-unsere-dame","19":"product_tag-wandrosenkranz","20":"pa_available_on-craftygenesindonesia","21":"pa_available_on-etsy","22":"pa_available_on-haked-nl","23":"pa_available_on-payhip","24":"pa_available_on-ravelry","25":"pa_languages-deutsch","26":"pa_languages-franzoesisch","27":"pa_languages-niederlaendisch","28":"pa_languages-spanisch","29":"pa_languages-us-englisch","31":"first","32":"instock","33":"downloadable","34":"virtual","35":"purchasable","36":"product-type-simple"},"acf":[],"yoast_head":"<!-- This site is optimized with the Yoast SEO plugin v27.5 - https:\/\/yoast.com\/product\/yoast-seo-wordpress\/ -->\n<title>Wandrosenkranz H\u00e4kelmuster - Craftygenesindonesia<\/title>\n<meta name=\"description\" content=\"Kaufen Sie hier meine 2-in-1-H\u00e4kelanleitung f\u00fcr einen Rosenkranz. Die einfache H\u00e4kelanleitung ist auch auf Etsy, Haked.nl, Ravelry und Payhip erh\u00e4ltlich.\" \/>\n<meta name=\"robots\" content=\"index, follow, max-snippet:-1, max-image-preview:large, max-video-preview:-1\" \/>\n<link rel=\"canonical\" href=\"https:\/\/craftygenesindonesia.com\/de\/shop\/religiose-hakelmuster\/wandrosenkranz\/\" \/>\n<meta property=\"og:locale\" content=\"de_DE\" \/>\n<meta property=\"og:type\" content=\"article\" \/>\n<meta property=\"og:title\" content=\"2-in-1-Rosenkranz H\u00e4kelanleitung\" \/>\n<meta property=\"og:description\" content=\"Kaufen Sie hier meine 2-in-1-H\u00e4kelanleitung f\u00fcr einen Rosenkranz. Die einfache H\u00e4kelanleitung ist auch auf Etsy, Haked.nl, Ravelry und Payhip erh\u00e4ltlich.\" \/>\n<meta property=\"og:url\" content=\"https:\/\/craftygenesindonesia.com\/de\/shop\/religiose-hakelmuster\/wandrosenkranz\/\" \/>\n<meta property=\"og:site_name\" content=\"Craftygenesindonesia\" \/>\n<meta property=\"article:modified_time\" content=\"2025-11-13T03:58:57+00:00\" \/>\n<meta property=\"og:image\" content=\"https:\/\/craftygenesindonesia.com\/wp-content\/uploads\/2022\/06\/Wall-Rosary-1.jpg\" \/>\n\t<meta property=\"og:image:width\" content=\"1080\" \/>\n\t<meta property=\"og:image:height\" content=\"1080\" \/>\n\t<meta property=\"og:image:type\" content=\"image\/jpeg\" \/>\n<meta name=\"twitter:card\" content=\"summary_large_image\" \/>\n<meta name=\"twitter:label1\" content=\"Gesch\u00e4tzte Lesezeit\" \/>\n\t<meta name=\"twitter:data1\" content=\"2\u00a0Minuten\" \/>\n<script type=\"application\/ld+json\" class=\"yoast-schema-graph\">{\"@context\":\"https:\\\/\\\/schema.org\",\"@graph\":[{\"@type\":\"WebPage\",\"@id\":\"https:\\\/\\\/craftygenesindonesia.com\\\/de\\\/shop\\\/religiose-hakelmuster\\\/wandrosenkranz\\\/\",\"url\":\"https:\\\/\\\/craftygenesindonesia.com\\\/de\\\/shop\\\/religiose-hakelmuster\\\/wandrosenkranz\\\/\",\"name\":\"Wandrosenkranz H\u00e4kelmuster - Craftygenesindonesia\",\"isPartOf\":{\"@id\":\"https:\\\/\\\/craftygenesindonesia.com\\\/de\\\/#website\"},\"primaryImageOfPage\":{\"@id\":\"https:\\\/\\\/craftygenesindonesia.com\\\/de\\\/shop\\\/religiose-hakelmuster\\\/wandrosenkranz\\\/#primaryimage\"},\"image\":{\"@id\":\"https:\\\/\\\/craftygenesindonesia.com\\\/de\\\/shop\\\/religiose-hakelmuster\\\/wandrosenkranz\\\/#primaryimage\"},\"thumbnailUrl\":\"https:\\\/\\\/craftygenesindonesia.com\\\/wp-content\\\/uploads\\\/2022\\\/06\\\/Wall-Rosary-1.jpg\",\"datePublished\":\"2022-06-22T13:22:45+00:00\",\"dateModified\":\"2025-11-13T03:58:57+00:00\",\"description\":\"Kaufen Sie hier meine 2-in-1-H\u00e4kelanleitung f\u00fcr einen Rosenkranz. Die einfache H\u00e4kelanleitung ist auch auf Etsy, Haked.nl, Ravelry und Payhip erh\u00e4ltlich.\",\"breadcrumb\":{\"@id\":\"https:\\\/\\\/craftygenesindonesia.com\\\/de\\\/shop\\\/religiose-hakelmuster\\\/wandrosenkranz\\\/#breadcrumb\"},\"inLanguage\":\"de\",\"potentialAction\":[{\"@type\":\"ReadAction\",\"target\":[\"https:\\\/\\\/craftygenesindonesia.com\\\/de\\\/shop\\\/religiose-hakelmuster\\\/wandrosenkranz\\\/\"]}]},{\"@type\":\"ImageObject\",\"inLanguage\":\"de\",\"@id\":\"https:\\\/\\\/craftygenesindonesia.com\\\/de\\\/shop\\\/religiose-hakelmuster\\\/wandrosenkranz\\\/#primaryimage\",\"url\":\"https:\\\/\\\/craftygenesindonesia.com\\\/wp-content\\\/uploads\\\/2022\\\/06\\\/Wall-Rosary-1.jpg\",\"contentUrl\":\"https:\\\/\\\/craftygenesindonesia.com\\\/wp-content\\\/uploads\\\/2022\\\/06\\\/Wall-Rosary-1.jpg\",\"width\":1080,\"height\":1080,\"caption\":\"crochet rosary with crochet Virgin Mary and cross\"},{\"@type\":\"BreadcrumbList\",\"@id\":\"https:\\\/\\\/craftygenesindonesia.com\\\/de\\\/shop\\\/religiose-hakelmuster\\\/wandrosenkranz\\\/#breadcrumb\",\"itemListElement\":[{\"@type\":\"ListItem\",\"position\":1,\"name\":\"Home\",\"item\":\"https:\\\/\\\/craftygenesindonesia.com\\\/de\\\/\"},{\"@type\":\"ListItem\",\"position\":2,\"name\":\"Mustershop\",\"item\":\"https:\\\/\\\/craftygenesindonesia.com\\\/de\\\/muster-shop\\\/\"},{\"@type\":\"ListItem\",\"position\":3,\"name\":\"Wandrosenkranz\"}]},{\"@type\":\"WebSite\",\"@id\":\"https:\\\/\\\/craftygenesindonesia.com\\\/de\\\/#website\",\"url\":\"https:\\\/\\\/craftygenesindonesia.com\\\/de\\\/\",\"name\":\"Craftygenesindonesia\",\"description\":\"\",\"publisher\":{\"@id\":\"https:\\\/\\\/craftygenesindonesia.com\\\/de\\\/#organization\"},\"potentialAction\":[{\"@type\":\"SearchAction\",\"target\":{\"@type\":\"EntryPoint\",\"urlTemplate\":\"https:\\\/\\\/craftygenesindonesia.com\\\/de\\\/?s={search_term_string}\"},\"query-input\":{\"@type\":\"PropertyValueSpecification\",\"valueRequired\":true,\"valueName\":\"search_term_string\"}}],\"inLanguage\":\"de\"},{\"@type\":\"Organization\",\"@id\":\"https:\\\/\\\/craftygenesindonesia.com\\\/de\\\/#organization\",\"name\":\"Craftygenesindonesia\",\"url\":\"https:\\\/\\\/craftygenesindonesia.com\\\/de\\\/\",\"logo\":{\"@type\":\"ImageObject\",\"inLanguage\":\"de\",\"@id\":\"https:\\\/\\\/craftygenesindonesia.com\\\/de\\\/#\\\/schema\\\/logo\\\/image\\\/\",\"url\":\"https:\\\/\\\/craftygenesindonesia.com\\\/wp-content\\\/uploads\\\/2025\\\/11\\\/cropped-Copy-of-Craftygenesindonesia.jpg\",\"contentUrl\":\"https:\\\/\\\/craftygenesindonesia.com\\\/wp-content\\\/uploads\\\/2025\\\/11\\\/cropped-Copy-of-Craftygenesindonesia.jpg\",\"width\":180,\"height\":60,\"caption\":\"Craftygenesindonesia\"},\"image\":{\"@id\":\"https:\\\/\\\/craftygenesindonesia.com\\\/de\\\/#\\\/schema\\\/logo\\\/image\\\/\"}}]}<\/script>\n<!-- \/ Yoast SEO plugin. -->","yoast_head_json":{"title":"Wandrosenkranz H\u00e4kelmuster - Craftygenesindonesia","description":"Kaufen Sie hier meine 2-in-1-H\u00e4kelanleitung f\u00fcr einen Rosenkranz. Die einfache H\u00e4kelanleitung ist auch auf Etsy, Haked.nl, Ravelry und Payhip erh\u00e4ltlich.","robots":{"index":"index","follow":"follow","max-snippet":"max-snippet:-1","max-image-preview":"max-image-preview:large","max-video-preview":"max-video-preview:-1"},"canonical":"https:\/\/craftygenesindonesia.com\/de\/shop\/religiose-hakelmuster\/wandrosenkranz\/","og_locale":"de_DE","og_type":"article","og_title":"2-in-1-Rosenkranz H\u00e4kelanleitung","og_description":"Kaufen Sie hier meine 2-in-1-H\u00e4kelanleitung f\u00fcr einen Rosenkranz. Die einfache H\u00e4kelanleitung ist auch auf Etsy, Haked.nl, Ravelry und Payhip erh\u00e4ltlich.","og_url":"https:\/\/craftygenesindonesia.com\/de\/shop\/religiose-hakelmuster\/wandrosenkranz\/","og_site_name":"Craftygenesindonesia","article_modified_time":"2025-11-13T03:58:57+00:00","og_image":[{"width":1080,"height":1080,"url":"https:\/\/craftygenesindonesia.com\/wp-content\/uploads\/2022\/06\/Wall-Rosary-1.jpg","type":"image\/jpeg"}],"twitter_card":"summary_large_image","twitter_misc":{"Gesch\u00e4tzte Lesezeit":"2\u00a0Minuten"},"schema":{"@context":"https:\/\/schema.org","@graph":[{"@type":"WebPage","@id":"https:\/\/craftygenesindonesia.com\/de\/shop\/religiose-hakelmuster\/wandrosenkranz\/","url":"https:\/\/craftygenesindonesia.com\/de\/shop\/religiose-hakelmuster\/wandrosenkranz\/","name":"Wandrosenkranz H\u00e4kelmuster - Craftygenesindonesia","isPartOf":{"@id":"https:\/\/craftygenesindonesia.com\/de\/#website"},"primaryImageOfPage":{"@id":"https:\/\/craftygenesindonesia.com\/de\/shop\/religiose-hakelmuster\/wandrosenkranz\/#primaryimage"},"image":{"@id":"https:\/\/craftygenesindonesia.com\/de\/shop\/religiose-hakelmuster\/wandrosenkranz\/#primaryimage"},"thumbnailUrl":"https:\/\/craftygenesindonesia.com\/wp-content\/uploads\/2022\/06\/Wall-Rosary-1.jpg","datePublished":"2022-06-22T13:22:45+00:00","dateModified":"2025-11-13T03:58:57+00:00","description":"Kaufen Sie hier meine 2-in-1-H\u00e4kelanleitung f\u00fcr einen Rosenkranz. Die einfache H\u00e4kelanleitung ist auch auf Etsy, Haked.nl, Ravelry und Payhip erh\u00e4ltlich.","breadcrumb":{"@id":"https:\/\/craftygenesindonesia.com\/de\/shop\/religiose-hakelmuster\/wandrosenkranz\/#breadcrumb"},"inLanguage":"de","potentialAction":[{"@type":"ReadAction","target":["https:\/\/craftygenesindonesia.com\/de\/shop\/religiose-hakelmuster\/wandrosenkranz\/"]}]},{"@type":"ImageObject","inLanguage":"de","@id":"https:\/\/craftygenesindonesia.com\/de\/shop\/religiose-hakelmuster\/wandrosenkranz\/#primaryimage","url":"https:\/\/craftygenesindonesia.com\/wp-content\/uploads\/2022\/06\/Wall-Rosary-1.jpg","contentUrl":"https:\/\/craftygenesindonesia.com\/wp-content\/uploads\/2022\/06\/Wall-Rosary-1.jpg","width":1080,"height":1080,"caption":"crochet rosary with crochet Virgin Mary and cross"},{"@type":"BreadcrumbList","@id":"https:\/\/craftygenesindonesia.com\/de\/shop\/religiose-hakelmuster\/wandrosenkranz\/#breadcrumb","itemListElement":[{"@type":"ListItem","position":1,"name":"Home","item":"https:\/\/craftygenesindonesia.com\/de\/"},{"@type":"ListItem","position":2,"name":"Mustershop","item":"https:\/\/craftygenesindonesia.com\/de\/muster-shop\/"},{"@type":"ListItem","position":3,"name":"Wandrosenkranz"}]},{"@type":"WebSite","@id":"https:\/\/craftygenesindonesia.com\/de\/#website","url":"https:\/\/craftygenesindonesia.com\/de\/","name":"Craftygenesindonesia","description":"","publisher":{"@id":"https:\/\/craftygenesindonesia.com\/de\/#organization"},"potentialAction":[{"@type":"SearchAction","target":{"@type":"EntryPoint","urlTemplate":"https:\/\/craftygenesindonesia.com\/de\/?s={search_term_string}"},"query-input":{"@type":"PropertyValueSpecification","valueRequired":true,"valueName":"search_term_string"}}],"inLanguage":"de"},{"@type":"Organization","@id":"https:\/\/craftygenesindonesia.com\/de\/#organization","name":"Craftygenesindonesia","url":"https:\/\/craftygenesindonesia.com\/de\/","logo":{"@type":"ImageObject","inLanguage":"de","@id":"https:\/\/craftygenesindonesia.com\/de\/#\/schema\/logo\/image\/","url":"https:\/\/craftygenesindonesia.com\/wp-content\/uploads\/2025\/11\/cropped-Copy-of-Craftygenesindonesia.jpg","contentUrl":"https:\/\/craftygenesindonesia.com\/wp-content\/uploads\/2025\/11\/cropped-Copy-of-Craftygenesindonesia.jpg","width":180,"height":60,"caption":"Craftygenesindonesia"},"image":{"@id":"https:\/\/craftygenesindonesia.com\/de\/#\/schema\/logo\/image\/"}}]}},"_links":{"self":[{"href":"https:\/\/craftygenesindonesia.com\/de\/wp-json\/wp\/v2\/product\/987529663","targetHints":{"allow":["GET"]}}],"collection":[{"href":"https:\/\/craftygenesindonesia.com\/de\/wp-json\/wp\/v2\/product"}],"about":[{"href":"https:\/\/craftygenesindonesia.com\/de\/wp-json\/wp\/v2\/types\/product"}],"replies":[{"embeddable":true,"href":"https:\/\/craftygenesindonesia.com\/de\/wp-json\/wp\/v2\/comments?post=987529663"}],"wp:featuredmedia":[{"embeddable":true,"href":"https:\/\/craftygenesindonesia.com\/de\/wp-json\/wp\/v2\/media\/987530091"}],"wp:attachment":[{"href":"https:\/\/craftygenesindonesia.com\/de\/wp-json\/wp\/v2\/media?parent=987529663"}],"wp:term":[{"taxonomy":"product_brand","embeddable":true,"href":"https:\/\/craftygenesindonesia.com\/de\/wp-json\/wp\/v2\/product_brand?post=987529663"},{"taxonomy":"product_cat","embeddable":true,"href":"https:\/\/craftygenesindonesia.com\/de\/wp-json\/wp\/v2\/product_cat?post=987529663"},{"taxonomy":"product_tag","embeddable":true,"href":"https:\/\/craftygenesindonesia.com\/de\/wp-json\/wp\/v2\/product_tag?post=987529663"}],"curies":[{"name":"wp","href":"https:\/\/api.w.org\/{rel}","templated":true}]}}