{"id":987529616,"date":"2022-06-22T06:14:29","date_gmt":"2022-06-21T22:14:29","guid":{"rendered":"https:\/\/craftygenesindonesia.com\/shop\/unkategorisiert\/das-clown-trio\/"},"modified":"2025-11-13T12:49:04","modified_gmt":"2025-11-13T04:49:04","slug":"das-clown-trio","status":"publish","type":"product","link":"https:\/\/craftygenesindonesia.com\/de\/shop\/kinder-puppen-hakeln-muster\/das-clown-trio\/","title":{"rendered":"Das Clown-Trio"},"content":{"rendered":"<p>Diese Clowns werden mit Garn der St\u00e4rke &#8220;FINGERING&#8221; gestrickt. Marken wie Catona, Catania, &#8230; eignen sich gut f\u00fcr dieses Muster.<br \/>\nIch habe eine 2mm-H\u00e4kelnadel verwendet.<\/p>\n<p>Du brauchst diese Farben: Hautfarbe, Gelb, Orange, Rosa, Lila, Blau, Neongr\u00fcn, Rot.<\/p>\n<p>H\u00e4kelnadel: Gr\u00f6\u00dfe 2mm<\/p>\n<p>Dieses Muster ist ein schriftliches Muster mit vielen Bildern, um Ihnen zu helfen. Wenn Sie noch Fragen haben, senden Sie mir bitte eine Nachricht an: <a href=\"mailto:craftygenesindonesia@gmail.com\">craftygenesindonesia@gmail.com<\/a><\/p>\n<p><strong>-Dieses Muster ist nur f\u00fcr den pers\u00f6nlichen Gebrauch bestimmt und unterliegt dem COPYRIGHT. Das Muster darf daher NICHT kopiert, verkauft, weiterverkauft, \u00fcbersetzt, als eigenes Design beansprucht, verteilt, geteilt, ver\u00f6ffentlicht, online gestellt werden&#8230; in keiner Form ohne meine Zustimmung. Nicht einmal ein Teil davon!!!<\/strong><\/p>\n<p><strong>-Sie k\u00f6nnen das fertige Produkt in kleinen Mengen verkaufen, ABER NICHT DAS MUSTER SELBST! Bitte erw\u00e4hnen Sie, dass das Muster von Craftygenesindonesia ist und wo man es kaufen kann <\/strong><\/p>\n","protected":false},"excerpt":{"rendered":"<p>Dies ist ein leicht zu befolgendes H\u00e4kelmuster f\u00fcr 3 sehr niedliche und bunte Clowns. Sie sind wunderbare Geschenke f\u00fcr Kinder und eignen sich hervorragend, um Garnreste zu verwerten.<\/p>\n<p>Die Vorlagen f\u00fcr jeden Clown sind auch einzeln als <strong><a href=\"https:\/\/craftygenesindonesia.com\/de\/?attachment_id=987520152\" target=\"_blank\" rel=\"noopener\">Charlie Die Clown<\/a><\/strong>, <a href=\"https:\/\/craftygenesindonesia.com\/de\/?attachment_id=987520258\" target=\"_blank\" rel=\"noopener\"><strong>Charlotte Die Clown<\/strong><\/a> und <a href=\"https:\/\/craftygenesindonesia.com\/de\/?attachment_id=987520254\" target=\"_blank\" rel=\"noopener\"><strong>Chachi Die Clown<\/strong><\/a> erh\u00e4ltlich.<\/p>\n","protected":false},"featured_media":987529617,"comment_status":"open","ping_status":"closed","template":"","meta":{"_acf_changed":false},"product_brand":[],"product_cat":[12348,12218],"product_tag":[12231,12490,12536,12643,12302,12644],"class_list":{"0":"post-987529616","1":"product","2":"type-product","3":"status-publish","4":"has-post-thumbnail","6":"product_cat-bundel","7":"product_cat-kinder-puppen-hakeln-muster","8":"product_tag-bogen","9":"product_tag-clown-de","10":"product_tag-colorful-de","11":"product_tag-fliege","12":"product_tag-hut","13":"product_tag-krawatte","14":"pa_available_on-craftygenesindonesia","15":"pa_available_on-etsy","16":"pa_available_on-haked-nl","17":"pa_available_on-payhip","18":"pa_available_on-ravelry","19":"pa_languages-franzoesisch","20":"pa_languages-niederlaendisch","21":"pa_languages-spanisch","22":"pa_languages-us-englisch","24":"first","25":"instock","26":"downloadable","27":"virtual","28":"purchasable","29":"product-type-simple"},"acf":[],"yoast_head":"<!-- This site is optimized with the Yoast SEO plugin v27.3 - https:\/\/yoast.com\/product\/yoast-seo-wordpress\/ -->\n<title>Das Clown-Trio H\u00e4kelmuster - Craftygenesindonesia<\/title>\n<meta name=\"description\" content=\"Kaufen Sie mein &quot;Das Clown Trio&quot; H\u00e4kelmuster hier. Das einfach zu befolgende H\u00e4kelmuster ist auch auf Haked.nl, Etsy und Ravelry erh\u00e4ltlich.\" \/>\n<meta name=\"robots\" content=\"index, follow, max-snippet:-1, max-image-preview:large, max-video-preview:-1\" \/>\n<link rel=\"canonical\" href=\"https:\/\/craftygenesindonesia.com\/de\/shop\/kinder-puppen-hakeln-muster\/das-clown-trio\/\" \/>\n<meta property=\"og:locale\" content=\"de_DE\" \/>\n<meta property=\"og:type\" content=\"article\" \/>\n<meta property=\"og:title\" content=\"Das Clown Trio H\u00e4kelmuster\" \/>\n<meta property=\"og:description\" content=\"Kaufen Sie mein &quot;Das Clown Trio&quot; H\u00e4kelmuster hier. Das einfach zu befolgende H\u00e4kelmuster ist auch auf Haked.nl, Etsy und Ravelry erh\u00e4ltlich.\" \/>\n<meta property=\"og:url\" content=\"https:\/\/craftygenesindonesia.com\/de\/shop\/kinder-puppen-hakeln-muster\/das-clown-trio\/\" \/>\n<meta property=\"og:site_name\" content=\"Craftygenesindonesia\" \/>\n<meta property=\"article:modified_time\" content=\"2025-11-13T04:49:04+00:00\" \/>\n<meta property=\"og:image\" content=\"https:\/\/craftygenesindonesia.com\/wp-content\/uploads\/2022\/06\/Clown-Trio-300x300.jpg\" \/>\n<meta name=\"twitter:card\" content=\"summary_large_image\" \/>\n<meta name=\"twitter:label1\" content=\"Gesch\u00e4tzte Lesezeit\" \/>\n\t<meta name=\"twitter:data1\" content=\"1\u00a0Minute\" \/>\n<script type=\"application\/ld+json\" class=\"yoast-schema-graph\">{\"@context\":\"https:\\\/\\\/schema.org\",\"@graph\":[{\"@type\":\"WebPage\",\"@id\":\"https:\\\/\\\/craftygenesindonesia.com\\\/de\\\/shop\\\/kinder-puppen-hakeln-muster\\\/das-clown-trio\\\/\",\"url\":\"https:\\\/\\\/craftygenesindonesia.com\\\/de\\\/shop\\\/kinder-puppen-hakeln-muster\\\/das-clown-trio\\\/\",\"name\":\"Das Clown-Trio H\u00e4kelmuster - Craftygenesindonesia\",\"isPartOf\":{\"@id\":\"https:\\\/\\\/craftygenesindonesia.com\\\/de\\\/#website\"},\"primaryImageOfPage\":{\"@id\":\"https:\\\/\\\/craftygenesindonesia.com\\\/de\\\/shop\\\/kinder-puppen-hakeln-muster\\\/das-clown-trio\\\/#primaryimage\"},\"image\":{\"@id\":\"https:\\\/\\\/craftygenesindonesia.com\\\/de\\\/shop\\\/kinder-puppen-hakeln-muster\\\/das-clown-trio\\\/#primaryimage\"},\"thumbnailUrl\":\"https:\\\/\\\/craftygenesindonesia.com\\\/wp-content\\\/uploads\\\/2022\\\/06\\\/Clown-Trio-1.jpg\",\"datePublished\":\"2022-06-21T22:14:29+00:00\",\"dateModified\":\"2025-11-13T04:49:04+00:00\",\"description\":\"Kaufen Sie mein \\\"Das Clown Trio\\\" H\u00e4kelmuster hier. Das einfach zu befolgende H\u00e4kelmuster ist auch auf Haked.nl, Etsy und Ravelry erh\u00e4ltlich.\",\"breadcrumb\":{\"@id\":\"https:\\\/\\\/craftygenesindonesia.com\\\/de\\\/shop\\\/kinder-puppen-hakeln-muster\\\/das-clown-trio\\\/#breadcrumb\"},\"inLanguage\":\"de\",\"potentialAction\":[{\"@type\":\"ReadAction\",\"target\":[\"https:\\\/\\\/craftygenesindonesia.com\\\/de\\\/shop\\\/kinder-puppen-hakeln-muster\\\/das-clown-trio\\\/\"]}]},{\"@type\":\"ImageObject\",\"inLanguage\":\"de\",\"@id\":\"https:\\\/\\\/craftygenesindonesia.com\\\/de\\\/shop\\\/kinder-puppen-hakeln-muster\\\/das-clown-trio\\\/#primaryimage\",\"url\":\"https:\\\/\\\/craftygenesindonesia.com\\\/wp-content\\\/uploads\\\/2022\\\/06\\\/Clown-Trio-1.jpg\",\"contentUrl\":\"https:\\\/\\\/craftygenesindonesia.com\\\/wp-content\\\/uploads\\\/2022\\\/06\\\/Clown-Trio-1.jpg\",\"width\":1080,\"height\":1080,\"caption\":\"crochet clowns\"},{\"@type\":\"BreadcrumbList\",\"@id\":\"https:\\\/\\\/craftygenesindonesia.com\\\/de\\\/shop\\\/kinder-puppen-hakeln-muster\\\/das-clown-trio\\\/#breadcrumb\",\"itemListElement\":[{\"@type\":\"ListItem\",\"position\":1,\"name\":\"Home\",\"item\":\"https:\\\/\\\/craftygenesindonesia.com\\\/de\\\/\"},{\"@type\":\"ListItem\",\"position\":2,\"name\":\"Mustershop\",\"item\":\"https:\\\/\\\/craftygenesindonesia.com\\\/de\\\/muster-shop\\\/\"},{\"@type\":\"ListItem\",\"position\":3,\"name\":\"Das Clown-Trio\"}]},{\"@type\":\"WebSite\",\"@id\":\"https:\\\/\\\/craftygenesindonesia.com\\\/de\\\/#website\",\"url\":\"https:\\\/\\\/craftygenesindonesia.com\\\/de\\\/\",\"name\":\"Craftygenesindonesia\",\"description\":\"\",\"publisher\":{\"@id\":\"https:\\\/\\\/craftygenesindonesia.com\\\/de\\\/#organization\"},\"potentialAction\":[{\"@type\":\"SearchAction\",\"target\":{\"@type\":\"EntryPoint\",\"urlTemplate\":\"https:\\\/\\\/craftygenesindonesia.com\\\/de\\\/?s={search_term_string}\"},\"query-input\":{\"@type\":\"PropertyValueSpecification\",\"valueRequired\":true,\"valueName\":\"search_term_string\"}}],\"inLanguage\":\"de\"},{\"@type\":\"Organization\",\"@id\":\"https:\\\/\\\/craftygenesindonesia.com\\\/de\\\/#organization\",\"name\":\"Craftygenesindonesia\",\"url\":\"https:\\\/\\\/craftygenesindonesia.com\\\/de\\\/\",\"logo\":{\"@type\":\"ImageObject\",\"inLanguage\":\"de\",\"@id\":\"https:\\\/\\\/craftygenesindonesia.com\\\/de\\\/#\\\/schema\\\/logo\\\/image\\\/\",\"url\":\"https:\\\/\\\/craftygenesindonesia.com\\\/wp-content\\\/uploads\\\/2025\\\/11\\\/cropped-Copy-of-Craftygenesindonesia.jpg\",\"contentUrl\":\"https:\\\/\\\/craftygenesindonesia.com\\\/wp-content\\\/uploads\\\/2025\\\/11\\\/cropped-Copy-of-Craftygenesindonesia.jpg\",\"width\":180,\"height\":60,\"caption\":\"Craftygenesindonesia\"},\"image\":{\"@id\":\"https:\\\/\\\/craftygenesindonesia.com\\\/de\\\/#\\\/schema\\\/logo\\\/image\\\/\"}}]}<\/script>\n<!-- \/ Yoast SEO plugin. -->","yoast_head_json":{"title":"Das Clown-Trio H\u00e4kelmuster - Craftygenesindonesia","description":"Kaufen Sie mein \"Das Clown Trio\" H\u00e4kelmuster hier. Das einfach zu befolgende H\u00e4kelmuster ist auch auf Haked.nl, Etsy und Ravelry erh\u00e4ltlich.","robots":{"index":"index","follow":"follow","max-snippet":"max-snippet:-1","max-image-preview":"max-image-preview:large","max-video-preview":"max-video-preview:-1"},"canonical":"https:\/\/craftygenesindonesia.com\/de\/shop\/kinder-puppen-hakeln-muster\/das-clown-trio\/","og_locale":"de_DE","og_type":"article","og_title":"Das Clown Trio H\u00e4kelmuster","og_description":"Kaufen Sie mein \"Das Clown Trio\" H\u00e4kelmuster hier. Das einfach zu befolgende H\u00e4kelmuster ist auch auf Haked.nl, Etsy und Ravelry erh\u00e4ltlich.","og_url":"https:\/\/craftygenesindonesia.com\/de\/shop\/kinder-puppen-hakeln-muster\/das-clown-trio\/","og_site_name":"Craftygenesindonesia","article_modified_time":"2025-11-13T04:49:04+00:00","og_image":[{"url":"https:\/\/craftygenesindonesia.com\/wp-content\/uploads\/2022\/06\/Clown-Trio-300x300.jpg","type":"","width":"","height":""}],"twitter_card":"summary_large_image","twitter_misc":{"Gesch\u00e4tzte Lesezeit":"1\u00a0Minute"},"schema":{"@context":"https:\/\/schema.org","@graph":[{"@type":"WebPage","@id":"https:\/\/craftygenesindonesia.com\/de\/shop\/kinder-puppen-hakeln-muster\/das-clown-trio\/","url":"https:\/\/craftygenesindonesia.com\/de\/shop\/kinder-puppen-hakeln-muster\/das-clown-trio\/","name":"Das Clown-Trio H\u00e4kelmuster - Craftygenesindonesia","isPartOf":{"@id":"https:\/\/craftygenesindonesia.com\/de\/#website"},"primaryImageOfPage":{"@id":"https:\/\/craftygenesindonesia.com\/de\/shop\/kinder-puppen-hakeln-muster\/das-clown-trio\/#primaryimage"},"image":{"@id":"https:\/\/craftygenesindonesia.com\/de\/shop\/kinder-puppen-hakeln-muster\/das-clown-trio\/#primaryimage"},"thumbnailUrl":"https:\/\/craftygenesindonesia.com\/wp-content\/uploads\/2022\/06\/Clown-Trio-1.jpg","datePublished":"2022-06-21T22:14:29+00:00","dateModified":"2025-11-13T04:49:04+00:00","description":"Kaufen Sie mein \"Das Clown Trio\" H\u00e4kelmuster hier. Das einfach zu befolgende H\u00e4kelmuster ist auch auf Haked.nl, Etsy und Ravelry erh\u00e4ltlich.","breadcrumb":{"@id":"https:\/\/craftygenesindonesia.com\/de\/shop\/kinder-puppen-hakeln-muster\/das-clown-trio\/#breadcrumb"},"inLanguage":"de","potentialAction":[{"@type":"ReadAction","target":["https:\/\/craftygenesindonesia.com\/de\/shop\/kinder-puppen-hakeln-muster\/das-clown-trio\/"]}]},{"@type":"ImageObject","inLanguage":"de","@id":"https:\/\/craftygenesindonesia.com\/de\/shop\/kinder-puppen-hakeln-muster\/das-clown-trio\/#primaryimage","url":"https:\/\/craftygenesindonesia.com\/wp-content\/uploads\/2022\/06\/Clown-Trio-1.jpg","contentUrl":"https:\/\/craftygenesindonesia.com\/wp-content\/uploads\/2022\/06\/Clown-Trio-1.jpg","width":1080,"height":1080,"caption":"crochet clowns"},{"@type":"BreadcrumbList","@id":"https:\/\/craftygenesindonesia.com\/de\/shop\/kinder-puppen-hakeln-muster\/das-clown-trio\/#breadcrumb","itemListElement":[{"@type":"ListItem","position":1,"name":"Home","item":"https:\/\/craftygenesindonesia.com\/de\/"},{"@type":"ListItem","position":2,"name":"Mustershop","item":"https:\/\/craftygenesindonesia.com\/de\/muster-shop\/"},{"@type":"ListItem","position":3,"name":"Das Clown-Trio"}]},{"@type":"WebSite","@id":"https:\/\/craftygenesindonesia.com\/de\/#website","url":"https:\/\/craftygenesindonesia.com\/de\/","name":"Craftygenesindonesia","description":"","publisher":{"@id":"https:\/\/craftygenesindonesia.com\/de\/#organization"},"potentialAction":[{"@type":"SearchAction","target":{"@type":"EntryPoint","urlTemplate":"https:\/\/craftygenesindonesia.com\/de\/?s={search_term_string}"},"query-input":{"@type":"PropertyValueSpecification","valueRequired":true,"valueName":"search_term_string"}}],"inLanguage":"de"},{"@type":"Organization","@id":"https:\/\/craftygenesindonesia.com\/de\/#organization","name":"Craftygenesindonesia","url":"https:\/\/craftygenesindonesia.com\/de\/","logo":{"@type":"ImageObject","inLanguage":"de","@id":"https:\/\/craftygenesindonesia.com\/de\/#\/schema\/logo\/image\/","url":"https:\/\/craftygenesindonesia.com\/wp-content\/uploads\/2025\/11\/cropped-Copy-of-Craftygenesindonesia.jpg","contentUrl":"https:\/\/craftygenesindonesia.com\/wp-content\/uploads\/2025\/11\/cropped-Copy-of-Craftygenesindonesia.jpg","width":180,"height":60,"caption":"Craftygenesindonesia"},"image":{"@id":"https:\/\/craftygenesindonesia.com\/de\/#\/schema\/logo\/image\/"}}]}},"_links":{"self":[{"href":"https:\/\/craftygenesindonesia.com\/de\/wp-json\/wp\/v2\/product\/987529616","targetHints":{"allow":["GET"]}}],"collection":[{"href":"https:\/\/craftygenesindonesia.com\/de\/wp-json\/wp\/v2\/product"}],"about":[{"href":"https:\/\/craftygenesindonesia.com\/de\/wp-json\/wp\/v2\/types\/product"}],"replies":[{"embeddable":true,"href":"https:\/\/craftygenesindonesia.com\/de\/wp-json\/wp\/v2\/comments?post=987529616"}],"wp:featuredmedia":[{"embeddable":true,"href":"https:\/\/craftygenesindonesia.com\/de\/wp-json\/wp\/v2\/media\/987529617"}],"wp:attachment":[{"href":"https:\/\/craftygenesindonesia.com\/de\/wp-json\/wp\/v2\/media?parent=987529616"}],"wp:term":[{"taxonomy":"product_brand","embeddable":true,"href":"https:\/\/craftygenesindonesia.com\/de\/wp-json\/wp\/v2\/product_brand?post=987529616"},{"taxonomy":"product_cat","embeddable":true,"href":"https:\/\/craftygenesindonesia.com\/de\/wp-json\/wp\/v2\/product_cat?post=987529616"},{"taxonomy":"product_tag","embeddable":true,"href":"https:\/\/craftygenesindonesia.com\/de\/wp-json\/wp\/v2\/product_tag?post=987529616"}],"curies":[{"name":"wp","href":"https:\/\/api.w.org\/{rel}","templated":true}]}}