{"id":987529540,"date":"2022-06-25T06:33:01","date_gmt":"2022-06-24T22:33:01","guid":{"rendered":"https:\/\/craftygenesindonesia.com\/shop\/unkategorisiert\/der-chenice-weihnachtsengel\/"},"modified":"2025-11-13T08:29:18","modified_gmt":"2025-11-13T00:29:18","slug":"der-chenice-weihnachtsengel","status":"publish","type":"product","link":"https:\/\/craftygenesindonesia.com\/de\/shop\/weihnachts-hakelmuster\/der-chenice-weihnachtsengel\/","title":{"rendered":"Der Chenice-Weihnachtsengel"},"content":{"rendered":"<p><strong><em>**Die Kerze ist eine BATTERIEBETRIEBENE LED-KERZE! Es ist KEINE ECHTE KERZE!! BITTE KEINE ECHTE KERZE VERWENDEN!!! <\/em><\/strong><\/p>\n<p>Dieser sch\u00f6ne Engel ist 20cm oder 7.8&#8243; gro\u00df. Er wird mit leichtem Garn (3), das f\u00fcr Amigurumi geeignet ist, und einer H\u00e4kelnadel der Gr\u00f6\u00dfe 2mm hergestellt.<\/p>\n<p>Sie ben\u00f6tigen diese Farben: Wei\u00df und Goldmetallic.<\/p>\n<p>Au\u00dferdem brauchst du: F\u00fcllung, Gobelin-Nadel, Stichmarker, Pappe, Bleistift, Schere, wei\u00dfes N\u00e4hgarn und Nadel, Kleber, Klebepistole, Aluminiumdraht, Schneidezange, Wattest\u00e4bchen und eine LED-Kerze (batteriebetriebene Kerze, KEINE ECHTE KERZE).<\/p>\n<p>H\u00e4kelnadel: Gr\u00f6\u00dfe 2 mm.<\/p>\n<p>&nbsp;<\/p>\n<p>**Sie k\u00f6nnen dickeres\/d\u00fcnneres Garn mit einer geeigneten H\u00e4kelnadel verwenden. Das Endergebnis wird dann nur etwas gr\u00f6\u00dfer\/kleiner als meins sein.<\/p>\n<p>&nbsp;<\/p>\n","protected":false},"excerpt":{"rendered":"<p>Dies ist ein leicht zu befolgendes H\u00e4kelmuster f\u00fcr einen sehr beliebten und sch\u00f6nen geh\u00e4kelten Weihnachts- und Gedenkengel. Ein absolutes Muss f\u00fcr alle, die Engel lieben.<\/p>\n<p><em><strong>**Die Kerze ist eine BATTERIEBETRIEBENE LED-KERZE. Es handelt sich NICHT um eine ECHTE KERZE. VERWENDEN SIE KEINE ECHTE KERZE!! <\/strong><\/em><\/p>\n","protected":false},"featured_media":987529543,"comment_status":"open","ping_status":"closed","template":"","meta":{"_acf_changed":false},"product_brand":[],"product_cat":[12251,12250,12130],"product_tag":[12255,12284,12441,12254,12285],"class_list":{"0":"post-987529540","1":"product","2":"type-product","3":"status-publish","4":"has-post-thumbnail","6":"product_cat-engel-hakelmuster","7":"product_cat-gedenk-hakelmuster","8":"product_cat-weihnachts-hakelmuster","9":"product_tag-gedenk-kaiserfisch","10":"product_tag-kerze","11":"product_tag-led-kerze","12":"product_tag-weihnachtsengel","13":"product_tag-weihnachtskerzen","14":"pa_available_on-craftygenesindonesia","15":"pa_available_on-etsy","16":"pa_available_on-haked-nl","17":"pa_available_on-payhip","18":"pa_available_on-ravelry","19":"pa_languages-deutsch","20":"pa_languages-franzoesisch","21":"pa_languages-italienisch","22":"pa_languages-niederlaendisch","23":"pa_languages-portugiesisch","24":"pa_languages-spanisch","25":"pa_languages-us-englisch","27":"first","28":"instock","29":"downloadable","30":"virtual","31":"purchasable","32":"product-type-simple"},"acf":[],"yoast_head":"<!-- This site is optimized with the Yoast SEO plugin v27.4 - https:\/\/yoast.com\/product\/yoast-seo-wordpress\/ -->\n<title>Der Chenice-Weihnachtsengel - Craftygenesindonesia<\/title>\n<meta name=\"description\" content=\"Kaufen Sie mein H\u00e4kelmuster &quot;Der Chenice Weihnachtsengel&quot;. Auch mit Links zu den Mustern auf Haked.nl, Etsy &amp; Ravelry.\" \/>\n<meta name=\"robots\" content=\"index, follow, max-snippet:-1, max-image-preview:large, max-video-preview:-1\" \/>\n<link rel=\"canonical\" href=\"https:\/\/craftygenesindonesia.com\/de\/shop\/weihnachts-hakelmuster\/der-chenice-weihnachtsengel\/\" \/>\n<meta property=\"og:locale\" content=\"de_DE\" \/>\n<meta property=\"og:type\" content=\"article\" \/>\n<meta property=\"og:title\" content=\"Das Chenice Weihnachtsengel-H\u00e4kelmuster\" \/>\n<meta property=\"og:description\" content=\"Kaufen Sie mein H\u00e4kelmuster &quot;Der Chenice Weihnachtsengel&quot;. Auch mit Links zu den Mustern auf Haked.nl, Etsy &amp; Ravelry.\" \/>\n<meta property=\"og:url\" content=\"https:\/\/craftygenesindonesia.com\/de\/shop\/weihnachts-hakelmuster\/der-chenice-weihnachtsengel\/\" \/>\n<meta property=\"og:site_name\" content=\"Craftygenesindonesia\" \/>\n<meta property=\"article:modified_time\" content=\"2025-11-13T00:29:18+00:00\" \/>\n<meta property=\"og:image\" content=\"https:\/\/craftygenesindonesia.com\/wp-content\/uploads\/2022\/06\/Untitled-design-5-300x300.png\" \/>\n<meta name=\"twitter:card\" content=\"summary_large_image\" \/>\n<meta name=\"twitter:title\" content=\"Das Chenice Weihnachtsengel-H\u00e4kelmuster\" \/>\n<meta name=\"twitter:description\" content=\"Kaufen Sie mein &quot;Der Chenice-Weihnachtsengel&quot; H\u00e4kelmuster in Englisch, Niederl\u00e4ndisch, Franz\u00f6sisch &amp; Spanisch. Auch mit Links zu den Mustern auf Haked.nl, Etsy &amp; Ravelry.\" \/>\n<meta name=\"twitter:image\" content=\"https:\/\/craftygenesindonesia.com\/wp-content\/uploads\/2022\/06\/Untitled-design-5.png\" \/>\n<meta name=\"twitter:label1\" content=\"Gesch\u00e4tzte Lesezeit\" \/>\n\t<meta name=\"twitter:data1\" content=\"1\u00a0Minute\" \/>\n<script type=\"application\/ld+json\" class=\"yoast-schema-graph\">{\"@context\":\"https:\\\/\\\/schema.org\",\"@graph\":[{\"@type\":\"WebPage\",\"@id\":\"https:\\\/\\\/craftygenesindonesia.com\\\/de\\\/shop\\\/weihnachts-hakelmuster\\\/der-chenice-weihnachtsengel\\\/\",\"url\":\"https:\\\/\\\/craftygenesindonesia.com\\\/de\\\/shop\\\/weihnachts-hakelmuster\\\/der-chenice-weihnachtsengel\\\/\",\"name\":\"Der Chenice-Weihnachtsengel - Craftygenesindonesia\",\"isPartOf\":{\"@id\":\"https:\\\/\\\/craftygenesindonesia.com\\\/de\\\/#website\"},\"primaryImageOfPage\":{\"@id\":\"https:\\\/\\\/craftygenesindonesia.com\\\/de\\\/shop\\\/weihnachts-hakelmuster\\\/der-chenice-weihnachtsengel\\\/#primaryimage\"},\"image\":{\"@id\":\"https:\\\/\\\/craftygenesindonesia.com\\\/de\\\/shop\\\/weihnachts-hakelmuster\\\/der-chenice-weihnachtsengel\\\/#primaryimage\"},\"thumbnailUrl\":\"https:\\\/\\\/craftygenesindonesia.com\\\/wp-content\\\/uploads\\\/2022\\\/06\\\/Chenice.jpg\",\"datePublished\":\"2022-06-24T22:33:01+00:00\",\"dateModified\":\"2025-11-13T00:29:18+00:00\",\"description\":\"Kaufen Sie mein H\u00e4kelmuster \\\"Der Chenice Weihnachtsengel\\\". Auch mit Links zu den Mustern auf Haked.nl, Etsy & Ravelry.\",\"breadcrumb\":{\"@id\":\"https:\\\/\\\/craftygenesindonesia.com\\\/de\\\/shop\\\/weihnachts-hakelmuster\\\/der-chenice-weihnachtsengel\\\/#breadcrumb\"},\"inLanguage\":\"de\",\"potentialAction\":[{\"@type\":\"ReadAction\",\"target\":[\"https:\\\/\\\/craftygenesindonesia.com\\\/de\\\/shop\\\/weihnachts-hakelmuster\\\/der-chenice-weihnachtsengel\\\/\"]}]},{\"@type\":\"ImageObject\",\"inLanguage\":\"de\",\"@id\":\"https:\\\/\\\/craftygenesindonesia.com\\\/de\\\/shop\\\/weihnachts-hakelmuster\\\/der-chenice-weihnachtsengel\\\/#primaryimage\",\"url\":\"https:\\\/\\\/craftygenesindonesia.com\\\/wp-content\\\/uploads\\\/2022\\\/06\\\/Chenice.jpg\",\"contentUrl\":\"https:\\\/\\\/craftygenesindonesia.com\\\/wp-content\\\/uploads\\\/2022\\\/06\\\/Chenice.jpg\",\"width\":1080,\"height\":1080,\"caption\":\"Crochet angel with LED light, crochet memorial angel, crochet Christmas angel\"},{\"@type\":\"BreadcrumbList\",\"@id\":\"https:\\\/\\\/craftygenesindonesia.com\\\/de\\\/shop\\\/weihnachts-hakelmuster\\\/der-chenice-weihnachtsengel\\\/#breadcrumb\",\"itemListElement\":[{\"@type\":\"ListItem\",\"position\":1,\"name\":\"Home\",\"item\":\"https:\\\/\\\/craftygenesindonesia.com\\\/de\\\/\"},{\"@type\":\"ListItem\",\"position\":2,\"name\":\"Mustershop\",\"item\":\"https:\\\/\\\/craftygenesindonesia.com\\\/de\\\/muster-shop\\\/\"},{\"@type\":\"ListItem\",\"position\":3,\"name\":\"Der Chenice-Weihnachtsengel\"}]},{\"@type\":\"WebSite\",\"@id\":\"https:\\\/\\\/craftygenesindonesia.com\\\/de\\\/#website\",\"url\":\"https:\\\/\\\/craftygenesindonesia.com\\\/de\\\/\",\"name\":\"Craftygenesindonesia\",\"description\":\"\",\"publisher\":{\"@id\":\"https:\\\/\\\/craftygenesindonesia.com\\\/de\\\/#organization\"},\"potentialAction\":[{\"@type\":\"SearchAction\",\"target\":{\"@type\":\"EntryPoint\",\"urlTemplate\":\"https:\\\/\\\/craftygenesindonesia.com\\\/de\\\/?s={search_term_string}\"},\"query-input\":{\"@type\":\"PropertyValueSpecification\",\"valueRequired\":true,\"valueName\":\"search_term_string\"}}],\"inLanguage\":\"de\"},{\"@type\":\"Organization\",\"@id\":\"https:\\\/\\\/craftygenesindonesia.com\\\/de\\\/#organization\",\"name\":\"Craftygenesindonesia\",\"url\":\"https:\\\/\\\/craftygenesindonesia.com\\\/de\\\/\",\"logo\":{\"@type\":\"ImageObject\",\"inLanguage\":\"de\",\"@id\":\"https:\\\/\\\/craftygenesindonesia.com\\\/de\\\/#\\\/schema\\\/logo\\\/image\\\/\",\"url\":\"https:\\\/\\\/craftygenesindonesia.com\\\/wp-content\\\/uploads\\\/2025\\\/11\\\/cropped-Copy-of-Craftygenesindonesia.jpg\",\"contentUrl\":\"https:\\\/\\\/craftygenesindonesia.com\\\/wp-content\\\/uploads\\\/2025\\\/11\\\/cropped-Copy-of-Craftygenesindonesia.jpg\",\"width\":180,\"height\":60,\"caption\":\"Craftygenesindonesia\"},\"image\":{\"@id\":\"https:\\\/\\\/craftygenesindonesia.com\\\/de\\\/#\\\/schema\\\/logo\\\/image\\\/\"}}]}<\/script>\n<!-- \/ Yoast SEO plugin. -->","yoast_head_json":{"title":"Der Chenice-Weihnachtsengel - Craftygenesindonesia","description":"Kaufen Sie mein H\u00e4kelmuster \"Der Chenice Weihnachtsengel\". Auch mit Links zu den Mustern auf Haked.nl, Etsy & Ravelry.","robots":{"index":"index","follow":"follow","max-snippet":"max-snippet:-1","max-image-preview":"max-image-preview:large","max-video-preview":"max-video-preview:-1"},"canonical":"https:\/\/craftygenesindonesia.com\/de\/shop\/weihnachts-hakelmuster\/der-chenice-weihnachtsengel\/","og_locale":"de_DE","og_type":"article","og_title":"Das Chenice Weihnachtsengel-H\u00e4kelmuster","og_description":"Kaufen Sie mein H\u00e4kelmuster \"Der Chenice Weihnachtsengel\". Auch mit Links zu den Mustern auf Haked.nl, Etsy & Ravelry.","og_url":"https:\/\/craftygenesindonesia.com\/de\/shop\/weihnachts-hakelmuster\/der-chenice-weihnachtsengel\/","og_site_name":"Craftygenesindonesia","article_modified_time":"2025-11-13T00:29:18+00:00","og_image":[{"url":"https:\/\/craftygenesindonesia.com\/wp-content\/uploads\/2022\/06\/Untitled-design-5-300x300.png","type":"","width":"","height":""}],"twitter_card":"summary_large_image","twitter_title":"Das Chenice Weihnachtsengel-H\u00e4kelmuster","twitter_description":"Kaufen Sie mein \"Der Chenice-Weihnachtsengel\" H\u00e4kelmuster in Englisch, Niederl\u00e4ndisch, Franz\u00f6sisch & Spanisch. Auch mit Links zu den Mustern auf Haked.nl, Etsy & Ravelry.","twitter_image":"https:\/\/craftygenesindonesia.com\/wp-content\/uploads\/2022\/06\/Untitled-design-5.png","twitter_misc":{"Gesch\u00e4tzte Lesezeit":"1\u00a0Minute"},"schema":{"@context":"https:\/\/schema.org","@graph":[{"@type":"WebPage","@id":"https:\/\/craftygenesindonesia.com\/de\/shop\/weihnachts-hakelmuster\/der-chenice-weihnachtsengel\/","url":"https:\/\/craftygenesindonesia.com\/de\/shop\/weihnachts-hakelmuster\/der-chenice-weihnachtsengel\/","name":"Der Chenice-Weihnachtsengel - Craftygenesindonesia","isPartOf":{"@id":"https:\/\/craftygenesindonesia.com\/de\/#website"},"primaryImageOfPage":{"@id":"https:\/\/craftygenesindonesia.com\/de\/shop\/weihnachts-hakelmuster\/der-chenice-weihnachtsengel\/#primaryimage"},"image":{"@id":"https:\/\/craftygenesindonesia.com\/de\/shop\/weihnachts-hakelmuster\/der-chenice-weihnachtsengel\/#primaryimage"},"thumbnailUrl":"https:\/\/craftygenesindonesia.com\/wp-content\/uploads\/2022\/06\/Chenice.jpg","datePublished":"2022-06-24T22:33:01+00:00","dateModified":"2025-11-13T00:29:18+00:00","description":"Kaufen Sie mein H\u00e4kelmuster \"Der Chenice Weihnachtsengel\". Auch mit Links zu den Mustern auf Haked.nl, Etsy & Ravelry.","breadcrumb":{"@id":"https:\/\/craftygenesindonesia.com\/de\/shop\/weihnachts-hakelmuster\/der-chenice-weihnachtsengel\/#breadcrumb"},"inLanguage":"de","potentialAction":[{"@type":"ReadAction","target":["https:\/\/craftygenesindonesia.com\/de\/shop\/weihnachts-hakelmuster\/der-chenice-weihnachtsengel\/"]}]},{"@type":"ImageObject","inLanguage":"de","@id":"https:\/\/craftygenesindonesia.com\/de\/shop\/weihnachts-hakelmuster\/der-chenice-weihnachtsengel\/#primaryimage","url":"https:\/\/craftygenesindonesia.com\/wp-content\/uploads\/2022\/06\/Chenice.jpg","contentUrl":"https:\/\/craftygenesindonesia.com\/wp-content\/uploads\/2022\/06\/Chenice.jpg","width":1080,"height":1080,"caption":"Crochet angel with LED light, crochet memorial angel, crochet Christmas angel"},{"@type":"BreadcrumbList","@id":"https:\/\/craftygenesindonesia.com\/de\/shop\/weihnachts-hakelmuster\/der-chenice-weihnachtsengel\/#breadcrumb","itemListElement":[{"@type":"ListItem","position":1,"name":"Home","item":"https:\/\/craftygenesindonesia.com\/de\/"},{"@type":"ListItem","position":2,"name":"Mustershop","item":"https:\/\/craftygenesindonesia.com\/de\/muster-shop\/"},{"@type":"ListItem","position":3,"name":"Der Chenice-Weihnachtsengel"}]},{"@type":"WebSite","@id":"https:\/\/craftygenesindonesia.com\/de\/#website","url":"https:\/\/craftygenesindonesia.com\/de\/","name":"Craftygenesindonesia","description":"","publisher":{"@id":"https:\/\/craftygenesindonesia.com\/de\/#organization"},"potentialAction":[{"@type":"SearchAction","target":{"@type":"EntryPoint","urlTemplate":"https:\/\/craftygenesindonesia.com\/de\/?s={search_term_string}"},"query-input":{"@type":"PropertyValueSpecification","valueRequired":true,"valueName":"search_term_string"}}],"inLanguage":"de"},{"@type":"Organization","@id":"https:\/\/craftygenesindonesia.com\/de\/#organization","name":"Craftygenesindonesia","url":"https:\/\/craftygenesindonesia.com\/de\/","logo":{"@type":"ImageObject","inLanguage":"de","@id":"https:\/\/craftygenesindonesia.com\/de\/#\/schema\/logo\/image\/","url":"https:\/\/craftygenesindonesia.com\/wp-content\/uploads\/2025\/11\/cropped-Copy-of-Craftygenesindonesia.jpg","contentUrl":"https:\/\/craftygenesindonesia.com\/wp-content\/uploads\/2025\/11\/cropped-Copy-of-Craftygenesindonesia.jpg","width":180,"height":60,"caption":"Craftygenesindonesia"},"image":{"@id":"https:\/\/craftygenesindonesia.com\/de\/#\/schema\/logo\/image\/"}}]}},"_links":{"self":[{"href":"https:\/\/craftygenesindonesia.com\/de\/wp-json\/wp\/v2\/product\/987529540","targetHints":{"allow":["GET"]}}],"collection":[{"href":"https:\/\/craftygenesindonesia.com\/de\/wp-json\/wp\/v2\/product"}],"about":[{"href":"https:\/\/craftygenesindonesia.com\/de\/wp-json\/wp\/v2\/types\/product"}],"replies":[{"embeddable":true,"href":"https:\/\/craftygenesindonesia.com\/de\/wp-json\/wp\/v2\/comments?post=987529540"}],"wp:featuredmedia":[{"embeddable":true,"href":"https:\/\/craftygenesindonesia.com\/de\/wp-json\/wp\/v2\/media\/987529543"}],"wp:attachment":[{"href":"https:\/\/craftygenesindonesia.com\/de\/wp-json\/wp\/v2\/media?parent=987529540"}],"wp:term":[{"taxonomy":"product_brand","embeddable":true,"href":"https:\/\/craftygenesindonesia.com\/de\/wp-json\/wp\/v2\/product_brand?post=987529540"},{"taxonomy":"product_cat","embeddable":true,"href":"https:\/\/craftygenesindonesia.com\/de\/wp-json\/wp\/v2\/product_cat?post=987529540"},{"taxonomy":"product_tag","embeddable":true,"href":"https:\/\/craftygenesindonesia.com\/de\/wp-json\/wp\/v2\/product_tag?post=987529540"}],"curies":[{"name":"wp","href":"https:\/\/api.w.org\/{rel}","templated":true}]}}