{"id":987529475,"date":"2022-06-24T19:55:32","date_gmt":"2022-06-24T11:55:32","guid":{"rendered":"https:\/\/craftygenesindonesia.com\/shop\/unkategorisiert\/frau-claus\/"},"modified":"2025-11-13T10:48:05","modified_gmt":"2025-11-13T02:48:05","slug":"frau-claus","status":"publish","type":"product","link":"https:\/\/craftygenesindonesia.com\/de\/shop\/weihnachts-hakelmuster\/frau-claus\/","title":{"rendered":"Frau Claus"},"content":{"rendered":"<p>Sie ist 23cm oder 9.2&#8243; gro\u00df und wurde mit &#8220;FINGERING&#8221;-Garn und einer H\u00e4kelnadel der Gr\u00f6\u00dfe 2mm hergestellt.<\/p>\n<p>Sie ben\u00f6tigen folgende Farben: Wei\u00df, Rot, Gr\u00fcn, Hautfarbe<\/p>\n<p>Ich habe auch ein bisschen wei\u00dfes Chenillegarn verwendet.<\/p>\n<p>H\u00e4kelnadel: Gr\u00f6\u00dfe 2 mm.<\/p>\n<p>Dieses Muster enth\u00e4lt ein schriftliches Muster und viele Bilder, um Ihnen zu helfen.<br \/>\nFalls du Probleme mit dem Verst\u00e4ndnis hast, kannst du mir gerne eine Nachricht schicken: <a href=\"mailto:craftygenesindonesia@gmail.com\">craftygenesindonesia@gmail.com<\/a><\/p>\n<p><strong>-Dieses Muster ist nur f\u00fcr den pers\u00f6nlichen Gebrauch bestimmt und unterliegt einem COPYRIGHT. Das Muster ist daher nur f\u00fcr den pers\u00f6nlichen Gebrauch bestimmt und darf NICHT kopiert, verkauft, weiterverkauft, \u00fcbersetzt, als eigenes Design beansprucht, verteilt, geteilt, ver\u00f6ffentlicht, online gestellt werden&#8230; in keiner Form ohne meine Zustimmung. Nicht einmal ein Teil davon!! <\/strong><\/p>\n<p><strong>-Sie d\u00fcrfen den fertigen Artikel verkaufen, aber nicht das Muster selbst!<\/strong><\/p>\n","protected":false},"excerpt":{"rendered":"<p>Dies ist ein einfach zu befolgendes Schnittmuster f\u00fcr eine wundersch\u00f6ne Frau Claus. Sie ist ein Teil meines <a href=\"https:\/\/craftygenesindonesia.com\/product\/the-christmas-quartet\/\" target=\"_blank\" rel=\"noopener\"><strong>Weihnachtsquartetts<\/strong><\/a> und meines <a href=\"https:\/\/craftygenesindonesia.com\/de\/?attachment_id=987521109\" target=\"_blank\" rel=\"noopener\"><strong>Herr und Frau Claus<\/strong><\/a>.<\/p>\n","protected":false},"featured_media":987529482,"comment_status":"open","ping_status":"closed","template":"","meta":{"_acf_changed":false},"product_brand":[],"product_cat":[12218,12130],"product_tag":[12628,12459,12302,12624,12265],"class_list":{"0":"post-987529475","1":"product","2":"type-product","3":"status-publish","4":"has-post-thumbnail","6":"product_cat-kinder-puppen-hakeln-muster","7":"product_cat-weihnachts-hakelmuster","8":"product_tag-frau-de","9":"product_tag-frau-claus","10":"product_tag-hut","11":"product_tag-schurze","12":"product_tag-weihnachtsmann","13":"pa_available_on-craftygenesindonesia","14":"pa_available_on-etsy","15":"pa_available_on-haked-nl","16":"pa_available_on-payhip","17":"pa_available_on-ravelry","18":"pa_languages-deutsch","19":"pa_languages-franzoesisch","20":"pa_languages-niederlaendisch","21":"pa_languages-portugiesisch","22":"pa_languages-spanisch","23":"pa_languages-us-englisch","25":"first","26":"instock","27":"downloadable","28":"virtual","29":"purchasable","30":"product-type-simple"},"acf":[],"yoast_head":"<!-- This site is optimized with the Yoast SEO plugin v27.3 - https:\/\/yoast.com\/product\/yoast-seo-wordpress\/ -->\n<title>Frau Claus H\u00e4kelmuster - Craftygenesindonesia<\/title>\n<meta name=\"description\" content=\"Kaufen Sie hier mein &quot;Frau Claus&quot; Weihnachtsh\u00e4kelmuster, Das einfach zu befolgende H\u00e4kelmuster ist auch auf Haked.nl, Etsy, Ravelry, Payhip\" \/>\n<meta name=\"robots\" content=\"index, follow, max-snippet:-1, max-image-preview:large, max-video-preview:-1\" \/>\n<link rel=\"canonical\" href=\"https:\/\/craftygenesindonesia.com\/de\/shop\/weihnachts-hakelmuster\/frau-claus\/\" \/>\n<meta property=\"og:locale\" content=\"de_DE\" \/>\n<meta property=\"og:type\" content=\"article\" \/>\n<meta property=\"og:title\" content=\"&quot;Frau Claus&quot; Weihnachts-H\u00e4kelmuster\" \/>\n<meta property=\"og:description\" content=\"Kaufen Sie hier mein &quot;Frau Claus&quot; Weihnachtsh\u00e4kelmuster, Das einfach zu befolgende H\u00e4kelmuster ist auch auf Haked.nl, Etsy, Ravelry, Payhip\" \/>\n<meta property=\"og:url\" content=\"https:\/\/craftygenesindonesia.com\/de\/shop\/weihnachts-hakelmuster\/frau-claus\/\" \/>\n<meta property=\"og:site_name\" content=\"Craftygenesindonesia\" \/>\n<meta property=\"article:modified_time\" content=\"2025-11-13T02:48:05+00:00\" \/>\n<meta property=\"og:image\" content=\"https:\/\/craftygenesindonesia.com\/wp-content\/uploads\/2022\/06\/Mrs-Claus-300x300.jpg\" \/>\n<meta name=\"twitter:card\" content=\"summary_large_image\" \/>\n<meta name=\"twitter:label1\" content=\"Gesch\u00e4tzte Lesezeit\" \/>\n\t<meta name=\"twitter:data1\" content=\"1\u00a0Minute\" \/>\n<script type=\"application\/ld+json\" class=\"yoast-schema-graph\">{\"@context\":\"https:\\\/\\\/schema.org\",\"@graph\":[{\"@type\":\"WebPage\",\"@id\":\"https:\\\/\\\/craftygenesindonesia.com\\\/de\\\/shop\\\/weihnachts-hakelmuster\\\/frau-claus\\\/\",\"url\":\"https:\\\/\\\/craftygenesindonesia.com\\\/de\\\/shop\\\/weihnachts-hakelmuster\\\/frau-claus\\\/\",\"name\":\"Frau Claus H\u00e4kelmuster - Craftygenesindonesia\",\"isPartOf\":{\"@id\":\"https:\\\/\\\/craftygenesindonesia.com\\\/de\\\/#website\"},\"primaryImageOfPage\":{\"@id\":\"https:\\\/\\\/craftygenesindonesia.com\\\/de\\\/shop\\\/weihnachts-hakelmuster\\\/frau-claus\\\/#primaryimage\"},\"image\":{\"@id\":\"https:\\\/\\\/craftygenesindonesia.com\\\/de\\\/shop\\\/weihnachts-hakelmuster\\\/frau-claus\\\/#primaryimage\"},\"thumbnailUrl\":\"https:\\\/\\\/craftygenesindonesia.com\\\/wp-content\\\/uploads\\\/2022\\\/06\\\/Mrs-Claus.jpg\",\"datePublished\":\"2022-06-24T11:55:32+00:00\",\"dateModified\":\"2025-11-13T02:48:05+00:00\",\"description\":\"Kaufen Sie hier mein \\\"Frau Claus\\\" Weihnachtsh\u00e4kelmuster, Das einfach zu befolgende H\u00e4kelmuster ist auch auf Haked.nl, Etsy, Ravelry, Payhip\",\"breadcrumb\":{\"@id\":\"https:\\\/\\\/craftygenesindonesia.com\\\/de\\\/shop\\\/weihnachts-hakelmuster\\\/frau-claus\\\/#breadcrumb\"},\"inLanguage\":\"de\",\"potentialAction\":[{\"@type\":\"ReadAction\",\"target\":[\"https:\\\/\\\/craftygenesindonesia.com\\\/de\\\/shop\\\/weihnachts-hakelmuster\\\/frau-claus\\\/\"]}]},{\"@type\":\"ImageObject\",\"inLanguage\":\"de\",\"@id\":\"https:\\\/\\\/craftygenesindonesia.com\\\/de\\\/shop\\\/weihnachts-hakelmuster\\\/frau-claus\\\/#primaryimage\",\"url\":\"https:\\\/\\\/craftygenesindonesia.com\\\/wp-content\\\/uploads\\\/2022\\\/06\\\/Mrs-Claus.jpg\",\"contentUrl\":\"https:\\\/\\\/craftygenesindonesia.com\\\/wp-content\\\/uploads\\\/2022\\\/06\\\/Mrs-Claus.jpg\",\"width\":1080,\"height\":1080,\"caption\":\"crochet mrs Claus\"},{\"@type\":\"BreadcrumbList\",\"@id\":\"https:\\\/\\\/craftygenesindonesia.com\\\/de\\\/shop\\\/weihnachts-hakelmuster\\\/frau-claus\\\/#breadcrumb\",\"itemListElement\":[{\"@type\":\"ListItem\",\"position\":1,\"name\":\"Home\",\"item\":\"https:\\\/\\\/craftygenesindonesia.com\\\/de\\\/\"},{\"@type\":\"ListItem\",\"position\":2,\"name\":\"Mustershop\",\"item\":\"https:\\\/\\\/craftygenesindonesia.com\\\/de\\\/muster-shop\\\/\"},{\"@type\":\"ListItem\",\"position\":3,\"name\":\"Frau Claus\"}]},{\"@type\":\"WebSite\",\"@id\":\"https:\\\/\\\/craftygenesindonesia.com\\\/de\\\/#website\",\"url\":\"https:\\\/\\\/craftygenesindonesia.com\\\/de\\\/\",\"name\":\"Craftygenesindonesia\",\"description\":\"\",\"publisher\":{\"@id\":\"https:\\\/\\\/craftygenesindonesia.com\\\/de\\\/#organization\"},\"potentialAction\":[{\"@type\":\"SearchAction\",\"target\":{\"@type\":\"EntryPoint\",\"urlTemplate\":\"https:\\\/\\\/craftygenesindonesia.com\\\/de\\\/?s={search_term_string}\"},\"query-input\":{\"@type\":\"PropertyValueSpecification\",\"valueRequired\":true,\"valueName\":\"search_term_string\"}}],\"inLanguage\":\"de\"},{\"@type\":\"Organization\",\"@id\":\"https:\\\/\\\/craftygenesindonesia.com\\\/de\\\/#organization\",\"name\":\"Craftygenesindonesia\",\"url\":\"https:\\\/\\\/craftygenesindonesia.com\\\/de\\\/\",\"logo\":{\"@type\":\"ImageObject\",\"inLanguage\":\"de\",\"@id\":\"https:\\\/\\\/craftygenesindonesia.com\\\/de\\\/#\\\/schema\\\/logo\\\/image\\\/\",\"url\":\"https:\\\/\\\/craftygenesindonesia.com\\\/wp-content\\\/uploads\\\/2025\\\/11\\\/cropped-Copy-of-Craftygenesindonesia.jpg\",\"contentUrl\":\"https:\\\/\\\/craftygenesindonesia.com\\\/wp-content\\\/uploads\\\/2025\\\/11\\\/cropped-Copy-of-Craftygenesindonesia.jpg\",\"width\":180,\"height\":60,\"caption\":\"Craftygenesindonesia\"},\"image\":{\"@id\":\"https:\\\/\\\/craftygenesindonesia.com\\\/de\\\/#\\\/schema\\\/logo\\\/image\\\/\"}}]}<\/script>\n<!-- \/ Yoast SEO plugin. -->","yoast_head_json":{"title":"Frau Claus H\u00e4kelmuster - Craftygenesindonesia","description":"Kaufen Sie hier mein \"Frau Claus\" Weihnachtsh\u00e4kelmuster, Das einfach zu befolgende H\u00e4kelmuster ist auch auf Haked.nl, Etsy, Ravelry, Payhip","robots":{"index":"index","follow":"follow","max-snippet":"max-snippet:-1","max-image-preview":"max-image-preview:large","max-video-preview":"max-video-preview:-1"},"canonical":"https:\/\/craftygenesindonesia.com\/de\/shop\/weihnachts-hakelmuster\/frau-claus\/","og_locale":"de_DE","og_type":"article","og_title":"\"Frau Claus\" Weihnachts-H\u00e4kelmuster","og_description":"Kaufen Sie hier mein \"Frau Claus\" Weihnachtsh\u00e4kelmuster, Das einfach zu befolgende H\u00e4kelmuster ist auch auf Haked.nl, Etsy, Ravelry, Payhip","og_url":"https:\/\/craftygenesindonesia.com\/de\/shop\/weihnachts-hakelmuster\/frau-claus\/","og_site_name":"Craftygenesindonesia","article_modified_time":"2025-11-13T02:48:05+00:00","og_image":[{"url":"https:\/\/craftygenesindonesia.com\/wp-content\/uploads\/2022\/06\/Mrs-Claus-300x300.jpg","type":"","width":"","height":""}],"twitter_card":"summary_large_image","twitter_misc":{"Gesch\u00e4tzte Lesezeit":"1\u00a0Minute"},"schema":{"@context":"https:\/\/schema.org","@graph":[{"@type":"WebPage","@id":"https:\/\/craftygenesindonesia.com\/de\/shop\/weihnachts-hakelmuster\/frau-claus\/","url":"https:\/\/craftygenesindonesia.com\/de\/shop\/weihnachts-hakelmuster\/frau-claus\/","name":"Frau Claus H\u00e4kelmuster - Craftygenesindonesia","isPartOf":{"@id":"https:\/\/craftygenesindonesia.com\/de\/#website"},"primaryImageOfPage":{"@id":"https:\/\/craftygenesindonesia.com\/de\/shop\/weihnachts-hakelmuster\/frau-claus\/#primaryimage"},"image":{"@id":"https:\/\/craftygenesindonesia.com\/de\/shop\/weihnachts-hakelmuster\/frau-claus\/#primaryimage"},"thumbnailUrl":"https:\/\/craftygenesindonesia.com\/wp-content\/uploads\/2022\/06\/Mrs-Claus.jpg","datePublished":"2022-06-24T11:55:32+00:00","dateModified":"2025-11-13T02:48:05+00:00","description":"Kaufen Sie hier mein \"Frau Claus\" Weihnachtsh\u00e4kelmuster, Das einfach zu befolgende H\u00e4kelmuster ist auch auf Haked.nl, Etsy, Ravelry, Payhip","breadcrumb":{"@id":"https:\/\/craftygenesindonesia.com\/de\/shop\/weihnachts-hakelmuster\/frau-claus\/#breadcrumb"},"inLanguage":"de","potentialAction":[{"@type":"ReadAction","target":["https:\/\/craftygenesindonesia.com\/de\/shop\/weihnachts-hakelmuster\/frau-claus\/"]}]},{"@type":"ImageObject","inLanguage":"de","@id":"https:\/\/craftygenesindonesia.com\/de\/shop\/weihnachts-hakelmuster\/frau-claus\/#primaryimage","url":"https:\/\/craftygenesindonesia.com\/wp-content\/uploads\/2022\/06\/Mrs-Claus.jpg","contentUrl":"https:\/\/craftygenesindonesia.com\/wp-content\/uploads\/2022\/06\/Mrs-Claus.jpg","width":1080,"height":1080,"caption":"crochet mrs Claus"},{"@type":"BreadcrumbList","@id":"https:\/\/craftygenesindonesia.com\/de\/shop\/weihnachts-hakelmuster\/frau-claus\/#breadcrumb","itemListElement":[{"@type":"ListItem","position":1,"name":"Home","item":"https:\/\/craftygenesindonesia.com\/de\/"},{"@type":"ListItem","position":2,"name":"Mustershop","item":"https:\/\/craftygenesindonesia.com\/de\/muster-shop\/"},{"@type":"ListItem","position":3,"name":"Frau Claus"}]},{"@type":"WebSite","@id":"https:\/\/craftygenesindonesia.com\/de\/#website","url":"https:\/\/craftygenesindonesia.com\/de\/","name":"Craftygenesindonesia","description":"","publisher":{"@id":"https:\/\/craftygenesindonesia.com\/de\/#organization"},"potentialAction":[{"@type":"SearchAction","target":{"@type":"EntryPoint","urlTemplate":"https:\/\/craftygenesindonesia.com\/de\/?s={search_term_string}"},"query-input":{"@type":"PropertyValueSpecification","valueRequired":true,"valueName":"search_term_string"}}],"inLanguage":"de"},{"@type":"Organization","@id":"https:\/\/craftygenesindonesia.com\/de\/#organization","name":"Craftygenesindonesia","url":"https:\/\/craftygenesindonesia.com\/de\/","logo":{"@type":"ImageObject","inLanguage":"de","@id":"https:\/\/craftygenesindonesia.com\/de\/#\/schema\/logo\/image\/","url":"https:\/\/craftygenesindonesia.com\/wp-content\/uploads\/2025\/11\/cropped-Copy-of-Craftygenesindonesia.jpg","contentUrl":"https:\/\/craftygenesindonesia.com\/wp-content\/uploads\/2025\/11\/cropped-Copy-of-Craftygenesindonesia.jpg","width":180,"height":60,"caption":"Craftygenesindonesia"},"image":{"@id":"https:\/\/craftygenesindonesia.com\/de\/#\/schema\/logo\/image\/"}}]}},"_links":{"self":[{"href":"https:\/\/craftygenesindonesia.com\/de\/wp-json\/wp\/v2\/product\/987529475","targetHints":{"allow":["GET"]}}],"collection":[{"href":"https:\/\/craftygenesindonesia.com\/de\/wp-json\/wp\/v2\/product"}],"about":[{"href":"https:\/\/craftygenesindonesia.com\/de\/wp-json\/wp\/v2\/types\/product"}],"replies":[{"embeddable":true,"href":"https:\/\/craftygenesindonesia.com\/de\/wp-json\/wp\/v2\/comments?post=987529475"}],"wp:featuredmedia":[{"embeddable":true,"href":"https:\/\/craftygenesindonesia.com\/de\/wp-json\/wp\/v2\/media\/987529482"}],"wp:attachment":[{"href":"https:\/\/craftygenesindonesia.com\/de\/wp-json\/wp\/v2\/media?parent=987529475"}],"wp:term":[{"taxonomy":"product_brand","embeddable":true,"href":"https:\/\/craftygenesindonesia.com\/de\/wp-json\/wp\/v2\/product_brand?post=987529475"},{"taxonomy":"product_cat","embeddable":true,"href":"https:\/\/craftygenesindonesia.com\/de\/wp-json\/wp\/v2\/product_cat?post=987529475"},{"taxonomy":"product_tag","embeddable":true,"href":"https:\/\/craftygenesindonesia.com\/de\/wp-json\/wp\/v2\/product_tag?post=987529475"}],"curies":[{"name":"wp","href":"https:\/\/api.w.org\/{rel}","templated":true}]}}