{"id":987529387,"date":"2022-06-23T21:40:32","date_gmt":"2022-06-23T13:40:32","guid":{"rendered":"https:\/\/craftygenesindonesia.com\/shop\/unkategorisiert\/die-heilige-familie\/"},"modified":"2025-11-13T11:16:22","modified_gmt":"2025-11-13T03:16:22","slug":"die-heilige-familie","status":"publish","type":"product","link":"https:\/\/craftygenesindonesia.com\/de\/shop\/religiose-hakelmuster\/die-heilige-familie\/","title":{"rendered":"Die Heilige Familie"},"content":{"rendered":"<p><strong>Die heilige Familie<\/strong><\/p>\n<p>Dateityp: H\u00e4kelanleitung \u2013 digitaler Download, kein physischer Artikel<br \/>\n<strong>Verf\u00fcgbare Sprachen: Englisch, Niederl\u00e4ndisch, Franz\u00f6sisch, Spanisch, Portugiesisch, Italienisch, Deutsch<\/strong><\/p>\n<p>Gr\u00f6\u00dfe des fertigen Artikels:<br \/>\nJosef ist 17 cm gro\u00df.<br \/>\nMaria ist 15 cm gro\u00df.<br \/>\nDie Krippe ist 10 cm breit und 5 cm hoch.<br \/>\nDas Jesuskind ist 7 cm lang.<\/p>\n<p>Garnart: \u201eFingering\u201d-Garn = St\u00e4rke 3<br \/>\nEmpfohlene Marken: Catona von Scheepjes, Durable Coral<br \/>\nBen\u00f6tigte Garnfarben: Wei\u00df, Hautfarbe, Blau, Dunkelbraun, Senffarbe, Metallic-Gold, Beige, Schokoladenbraun, Siena-Braun, Pickle-Gr\u00fcn<\/p>\n<p>H\u00e4kelnadel: 2 mm<\/p>\n<p><strong>Copyright und Hilfe-Info:<\/strong><br \/>\nDiese Anleitung ist eine schriftliche Anleitung (digital) mit vielen Bildern, die Ihnen helfen sollen. Wenn Sie Fragen zur Anleitung haben, senden Sie mir bitte eine E-Mail an craftygenesindonesia@gmail.com.<\/p>\n<p><strong>Diese digitale H\u00e4kelanleitung ist nur f\u00fcr den pers\u00f6nlichen Gebrauch bestimmt und urheberrechtlich gesch\u00fctzt. Daher d\u00fcrfen Sie es ohne meine Genehmigung in keiner Weise kopieren, verkaufen, weiterverkaufen, \u00fcbersetzen, als Ihr eigenes Design ausgeben, verbreiten, teilen, ver\u00f6ffentlichen, posten usw. Nicht einmal einen Teil davon!<\/strong><\/p>\n<p><strong>Sie d\u00fcrfen das fertige Produkt oder den fertigen Artikel in kleinen Mengen verkaufen, aber Sie d\u00fcrfen die H\u00e4kelanleitung selbst nicht verkaufen! Geben Sie bitte an, dass die H\u00e4kelanleitung von mir, Craftygenesindonesia, stammt und wo sie gekauft werden kann.<\/strong><\/p>\n","protected":false},"excerpt":{"rendered":"<p>Dies ist ein leicht zu befolgendes H\u00e4kelmuster der Heiligen Familie. Es umfasst: Jesus in seiner Krippe, Maria und Josef.<\/p>\n<p>Dieses Set ist Teil meines <a href=\"https:\/\/craftygenesindonesia.com\/product\/the-craftygenesindonesia-nativity-set\/\" target=\"_blank\" rel=\"noopener\"><strong>Die Craftygenesindonesia Krippenset<\/strong><\/a> (ein komplettes Krippenset).<\/p>\n","protected":false},"featured_media":987530953,"comment_status":"open","ping_status":"closed","template":"","meta":{"_acf_changed":false},"product_brand":[],"product_cat":[12131,12129,12130],"product_tag":[12147,12388,12452,12145,12453,12135,12137,12616,12454,12455,12489,12425,12445],"class_list":{"0":"post-987529387","1":"product","2":"type-product","3":"status-publish","4":"has-post-thumbnail","6":"product_cat-krippen-hakelmuster","7":"product_cat-religiose-hakelmuster","8":"product_cat-weihnachts-hakelmuster","9":"product_tag-christian-de","10":"product_tag-decke","11":"product_tag-gehstock","12":"product_tag-heilige-maria","13":"product_tag-heu","14":"product_tag-jesus-de","15":"product_tag-joseph-de","16":"product_tag-jozeph-de","17":"product_tag-krippe","18":"product_tag-krippe-de","19":"product_tag-maria-de","20":"product_tag-schutzpatronin","21":"product_tag-unsere-dame","22":"pa_available_on-craftygenesindonesia","23":"pa_available_on-etsy","24":"pa_available_on-haked-nl","25":"pa_available_on-payhip","26":"pa_available_on-ravelry","27":"pa_languages-deutsch","28":"pa_languages-franzoesisch","29":"pa_languages-italienisch","30":"pa_languages-niederlaendisch","31":"pa_languages-portugiesisch","32":"pa_languages-spanisch","33":"pa_languages-us-englisch","35":"first","36":"instock","37":"downloadable","38":"virtual","39":"purchasable","40":"product-type-simple"},"acf":[],"yoast_head":"<!-- This site is optimized with the Yoast SEO plugin v27.4 - https:\/\/yoast.com\/product\/yoast-seo-wordpress\/ -->\n<title>Die Heilige Familie H\u00e4kelmuster - Craftygenesindonesia<\/title>\n<meta name=\"description\" content=\"Kaufen Sie mein H\u00e4kelmuster &quot;Die Heilige Familie&quot; hier. Das einfache H\u00e4kelmuster ist auch erh\u00e4ltlich bei Haked.nl, Etsy, Ravelry, Payhip\" \/>\n<meta name=\"robots\" content=\"index, follow, max-snippet:-1, max-image-preview:large, max-video-preview:-1\" \/>\n<link rel=\"canonical\" href=\"https:\/\/craftygenesindonesia.com\/de\/shop\/religiose-hakelmuster\/die-heilige-familie\/\" \/>\n<meta property=\"og:locale\" content=\"de_DE\" \/>\n<meta property=\"og:type\" content=\"article\" \/>\n<meta property=\"og:title\" content=\"&quot;Die Heilige Familie&quot; H\u00e4kelmuster\" \/>\n<meta property=\"og:description\" content=\"Kaufen Sie mein H\u00e4kelmuster &quot;Die Heilige Familie&quot; hier. Das einfache H\u00e4kelmuster ist auch erh\u00e4ltlich bei Haked.nl, Etsy, Ravelry, Payhip\" \/>\n<meta property=\"og:url\" content=\"https:\/\/craftygenesindonesia.com\/de\/shop\/religiose-hakelmuster\/die-heilige-familie\/\" \/>\n<meta property=\"og:site_name\" content=\"Craftygenesindonesia\" \/>\n<meta property=\"article:modified_time\" content=\"2025-11-13T03:16:22+00:00\" \/>\n<meta property=\"og:image\" content=\"https:\/\/craftygenesindonesia.com\/wp-content\/uploads\/2022\/06\/Holy-Family.jpg\" \/>\n\t<meta property=\"og:image:width\" content=\"1080\" \/>\n\t<meta property=\"og:image:height\" content=\"1080\" \/>\n\t<meta property=\"og:image:type\" content=\"image\/jpeg\" \/>\n<meta name=\"twitter:card\" content=\"summary_large_image\" \/>\n<meta name=\"twitter:label1\" content=\"Gesch\u00e4tzte Lesezeit\" \/>\n\t<meta name=\"twitter:data1\" content=\"2\u00a0Minuten\" \/>\n<script type=\"application\/ld+json\" class=\"yoast-schema-graph\">{\"@context\":\"https:\\\/\\\/schema.org\",\"@graph\":[{\"@type\":\"WebPage\",\"@id\":\"https:\\\/\\\/craftygenesindonesia.com\\\/de\\\/shop\\\/religiose-hakelmuster\\\/die-heilige-familie\\\/\",\"url\":\"https:\\\/\\\/craftygenesindonesia.com\\\/de\\\/shop\\\/religiose-hakelmuster\\\/die-heilige-familie\\\/\",\"name\":\"Die Heilige Familie H\u00e4kelmuster - Craftygenesindonesia\",\"isPartOf\":{\"@id\":\"https:\\\/\\\/craftygenesindonesia.com\\\/de\\\/#website\"},\"primaryImageOfPage\":{\"@id\":\"https:\\\/\\\/craftygenesindonesia.com\\\/de\\\/shop\\\/religiose-hakelmuster\\\/die-heilige-familie\\\/#primaryimage\"},\"image\":{\"@id\":\"https:\\\/\\\/craftygenesindonesia.com\\\/de\\\/shop\\\/religiose-hakelmuster\\\/die-heilige-familie\\\/#primaryimage\"},\"thumbnailUrl\":\"https:\\\/\\\/craftygenesindonesia.com\\\/wp-content\\\/uploads\\\/2022\\\/06\\\/Holy-Family.jpg\",\"datePublished\":\"2022-06-23T13:40:32+00:00\",\"dateModified\":\"2025-11-13T03:16:22+00:00\",\"description\":\"Kaufen Sie mein H\u00e4kelmuster \\\"Die Heilige Familie\\\" hier. Das einfache H\u00e4kelmuster ist auch erh\u00e4ltlich bei Haked.nl, Etsy, Ravelry, Payhip\",\"breadcrumb\":{\"@id\":\"https:\\\/\\\/craftygenesindonesia.com\\\/de\\\/shop\\\/religiose-hakelmuster\\\/die-heilige-familie\\\/#breadcrumb\"},\"inLanguage\":\"de\",\"potentialAction\":[{\"@type\":\"ReadAction\",\"target\":[\"https:\\\/\\\/craftygenesindonesia.com\\\/de\\\/shop\\\/religiose-hakelmuster\\\/die-heilige-familie\\\/\"]}]},{\"@type\":\"ImageObject\",\"inLanguage\":\"de\",\"@id\":\"https:\\\/\\\/craftygenesindonesia.com\\\/de\\\/shop\\\/religiose-hakelmuster\\\/die-heilige-familie\\\/#primaryimage\",\"url\":\"https:\\\/\\\/craftygenesindonesia.com\\\/wp-content\\\/uploads\\\/2022\\\/06\\\/Holy-Family.jpg\",\"contentUrl\":\"https:\\\/\\\/craftygenesindonesia.com\\\/wp-content\\\/uploads\\\/2022\\\/06\\\/Holy-Family.jpg\",\"width\":1080,\"height\":1080,\"caption\":\"crochet holy family with Mary, Jesus and Joseph\"},{\"@type\":\"BreadcrumbList\",\"@id\":\"https:\\\/\\\/craftygenesindonesia.com\\\/de\\\/shop\\\/religiose-hakelmuster\\\/die-heilige-familie\\\/#breadcrumb\",\"itemListElement\":[{\"@type\":\"ListItem\",\"position\":1,\"name\":\"Home\",\"item\":\"https:\\\/\\\/craftygenesindonesia.com\\\/de\\\/\"},{\"@type\":\"ListItem\",\"position\":2,\"name\":\"Mustershop\",\"item\":\"https:\\\/\\\/craftygenesindonesia.com\\\/de\\\/muster-shop\\\/\"},{\"@type\":\"ListItem\",\"position\":3,\"name\":\"Die Heilige Familie\"}]},{\"@type\":\"WebSite\",\"@id\":\"https:\\\/\\\/craftygenesindonesia.com\\\/de\\\/#website\",\"url\":\"https:\\\/\\\/craftygenesindonesia.com\\\/de\\\/\",\"name\":\"Craftygenesindonesia\",\"description\":\"\",\"publisher\":{\"@id\":\"https:\\\/\\\/craftygenesindonesia.com\\\/de\\\/#organization\"},\"potentialAction\":[{\"@type\":\"SearchAction\",\"target\":{\"@type\":\"EntryPoint\",\"urlTemplate\":\"https:\\\/\\\/craftygenesindonesia.com\\\/de\\\/?s={search_term_string}\"},\"query-input\":{\"@type\":\"PropertyValueSpecification\",\"valueRequired\":true,\"valueName\":\"search_term_string\"}}],\"inLanguage\":\"de\"},{\"@type\":\"Organization\",\"@id\":\"https:\\\/\\\/craftygenesindonesia.com\\\/de\\\/#organization\",\"name\":\"Craftygenesindonesia\",\"url\":\"https:\\\/\\\/craftygenesindonesia.com\\\/de\\\/\",\"logo\":{\"@type\":\"ImageObject\",\"inLanguage\":\"de\",\"@id\":\"https:\\\/\\\/craftygenesindonesia.com\\\/de\\\/#\\\/schema\\\/logo\\\/image\\\/\",\"url\":\"https:\\\/\\\/craftygenesindonesia.com\\\/wp-content\\\/uploads\\\/2025\\\/11\\\/cropped-Copy-of-Craftygenesindonesia.jpg\",\"contentUrl\":\"https:\\\/\\\/craftygenesindonesia.com\\\/wp-content\\\/uploads\\\/2025\\\/11\\\/cropped-Copy-of-Craftygenesindonesia.jpg\",\"width\":180,\"height\":60,\"caption\":\"Craftygenesindonesia\"},\"image\":{\"@id\":\"https:\\\/\\\/craftygenesindonesia.com\\\/de\\\/#\\\/schema\\\/logo\\\/image\\\/\"}}]}<\/script>\n<!-- \/ Yoast SEO plugin. -->","yoast_head_json":{"title":"Die Heilige Familie H\u00e4kelmuster - Craftygenesindonesia","description":"Kaufen Sie mein H\u00e4kelmuster \"Die Heilige Familie\" hier. Das einfache H\u00e4kelmuster ist auch erh\u00e4ltlich bei Haked.nl, Etsy, Ravelry, Payhip","robots":{"index":"index","follow":"follow","max-snippet":"max-snippet:-1","max-image-preview":"max-image-preview:large","max-video-preview":"max-video-preview:-1"},"canonical":"https:\/\/craftygenesindonesia.com\/de\/shop\/religiose-hakelmuster\/die-heilige-familie\/","og_locale":"de_DE","og_type":"article","og_title":"\"Die Heilige Familie\" H\u00e4kelmuster","og_description":"Kaufen Sie mein H\u00e4kelmuster \"Die Heilige Familie\" hier. Das einfache H\u00e4kelmuster ist auch erh\u00e4ltlich bei Haked.nl, Etsy, Ravelry, Payhip","og_url":"https:\/\/craftygenesindonesia.com\/de\/shop\/religiose-hakelmuster\/die-heilige-familie\/","og_site_name":"Craftygenesindonesia","article_modified_time":"2025-11-13T03:16:22+00:00","og_image":[{"width":1080,"height":1080,"url":"https:\/\/craftygenesindonesia.com\/wp-content\/uploads\/2022\/06\/Holy-Family.jpg","type":"image\/jpeg"}],"twitter_card":"summary_large_image","twitter_misc":{"Gesch\u00e4tzte Lesezeit":"2\u00a0Minuten"},"schema":{"@context":"https:\/\/schema.org","@graph":[{"@type":"WebPage","@id":"https:\/\/craftygenesindonesia.com\/de\/shop\/religiose-hakelmuster\/die-heilige-familie\/","url":"https:\/\/craftygenesindonesia.com\/de\/shop\/religiose-hakelmuster\/die-heilige-familie\/","name":"Die Heilige Familie H\u00e4kelmuster - Craftygenesindonesia","isPartOf":{"@id":"https:\/\/craftygenesindonesia.com\/de\/#website"},"primaryImageOfPage":{"@id":"https:\/\/craftygenesindonesia.com\/de\/shop\/religiose-hakelmuster\/die-heilige-familie\/#primaryimage"},"image":{"@id":"https:\/\/craftygenesindonesia.com\/de\/shop\/religiose-hakelmuster\/die-heilige-familie\/#primaryimage"},"thumbnailUrl":"https:\/\/craftygenesindonesia.com\/wp-content\/uploads\/2022\/06\/Holy-Family.jpg","datePublished":"2022-06-23T13:40:32+00:00","dateModified":"2025-11-13T03:16:22+00:00","description":"Kaufen Sie mein H\u00e4kelmuster \"Die Heilige Familie\" hier. Das einfache H\u00e4kelmuster ist auch erh\u00e4ltlich bei Haked.nl, Etsy, Ravelry, Payhip","breadcrumb":{"@id":"https:\/\/craftygenesindonesia.com\/de\/shop\/religiose-hakelmuster\/die-heilige-familie\/#breadcrumb"},"inLanguage":"de","potentialAction":[{"@type":"ReadAction","target":["https:\/\/craftygenesindonesia.com\/de\/shop\/religiose-hakelmuster\/die-heilige-familie\/"]}]},{"@type":"ImageObject","inLanguage":"de","@id":"https:\/\/craftygenesindonesia.com\/de\/shop\/religiose-hakelmuster\/die-heilige-familie\/#primaryimage","url":"https:\/\/craftygenesindonesia.com\/wp-content\/uploads\/2022\/06\/Holy-Family.jpg","contentUrl":"https:\/\/craftygenesindonesia.com\/wp-content\/uploads\/2022\/06\/Holy-Family.jpg","width":1080,"height":1080,"caption":"crochet holy family with Mary, Jesus and Joseph"},{"@type":"BreadcrumbList","@id":"https:\/\/craftygenesindonesia.com\/de\/shop\/religiose-hakelmuster\/die-heilige-familie\/#breadcrumb","itemListElement":[{"@type":"ListItem","position":1,"name":"Home","item":"https:\/\/craftygenesindonesia.com\/de\/"},{"@type":"ListItem","position":2,"name":"Mustershop","item":"https:\/\/craftygenesindonesia.com\/de\/muster-shop\/"},{"@type":"ListItem","position":3,"name":"Die Heilige Familie"}]},{"@type":"WebSite","@id":"https:\/\/craftygenesindonesia.com\/de\/#website","url":"https:\/\/craftygenesindonesia.com\/de\/","name":"Craftygenesindonesia","description":"","publisher":{"@id":"https:\/\/craftygenesindonesia.com\/de\/#organization"},"potentialAction":[{"@type":"SearchAction","target":{"@type":"EntryPoint","urlTemplate":"https:\/\/craftygenesindonesia.com\/de\/?s={search_term_string}"},"query-input":{"@type":"PropertyValueSpecification","valueRequired":true,"valueName":"search_term_string"}}],"inLanguage":"de"},{"@type":"Organization","@id":"https:\/\/craftygenesindonesia.com\/de\/#organization","name":"Craftygenesindonesia","url":"https:\/\/craftygenesindonesia.com\/de\/","logo":{"@type":"ImageObject","inLanguage":"de","@id":"https:\/\/craftygenesindonesia.com\/de\/#\/schema\/logo\/image\/","url":"https:\/\/craftygenesindonesia.com\/wp-content\/uploads\/2025\/11\/cropped-Copy-of-Craftygenesindonesia.jpg","contentUrl":"https:\/\/craftygenesindonesia.com\/wp-content\/uploads\/2025\/11\/cropped-Copy-of-Craftygenesindonesia.jpg","width":180,"height":60,"caption":"Craftygenesindonesia"},"image":{"@id":"https:\/\/craftygenesindonesia.com\/de\/#\/schema\/logo\/image\/"}}]}},"_links":{"self":[{"href":"https:\/\/craftygenesindonesia.com\/de\/wp-json\/wp\/v2\/product\/987529387","targetHints":{"allow":["GET"]}}],"collection":[{"href":"https:\/\/craftygenesindonesia.com\/de\/wp-json\/wp\/v2\/product"}],"about":[{"href":"https:\/\/craftygenesindonesia.com\/de\/wp-json\/wp\/v2\/types\/product"}],"replies":[{"embeddable":true,"href":"https:\/\/craftygenesindonesia.com\/de\/wp-json\/wp\/v2\/comments?post=987529387"}],"wp:featuredmedia":[{"embeddable":true,"href":"https:\/\/craftygenesindonesia.com\/de\/wp-json\/wp\/v2\/media\/987530953"}],"wp:attachment":[{"href":"https:\/\/craftygenesindonesia.com\/de\/wp-json\/wp\/v2\/media?parent=987529387"}],"wp:term":[{"taxonomy":"product_brand","embeddable":true,"href":"https:\/\/craftygenesindonesia.com\/de\/wp-json\/wp\/v2\/product_brand?post=987529387"},{"taxonomy":"product_cat","embeddable":true,"href":"https:\/\/craftygenesindonesia.com\/de\/wp-json\/wp\/v2\/product_cat?post=987529387"},{"taxonomy":"product_tag","embeddable":true,"href":"https:\/\/craftygenesindonesia.com\/de\/wp-json\/wp\/v2\/product_tag?post=987529387"}],"curies":[{"name":"wp","href":"https:\/\/api.w.org\/{rel}","templated":true}]}}