{"id":987529338,"date":"2022-06-27T22:58:06","date_gmt":"2022-06-27T14:58:06","guid":{"rendered":"https:\/\/craftygenesindonesia.com\/shop\/unkategorisiert\/lucy-macht-ein-nickerchen\/"},"modified":"2025-11-13T07:25:50","modified_gmt":"2025-11-12T23:25:50","slug":"lucy-macht-ein-nickerchen","status":"publish","type":"product","link":"https:\/\/craftygenesindonesia.com\/de\/shop\/kinder-puppen-hakeln-muster\/lucy-macht-ein-nickerchen\/","title":{"rendered":"Lucy macht ein Nickerchen"},"content":{"rendered":"<p>Gr\u00f6\u00dfe: Das kleine M\u00e4dchen, das in Omas Sessel schl\u00e4ft, ist 20cm\/ 7.8&#8243;. Gro\u00dfmutters Sessel ist (in Zentimeter) 21Hx11Wx16B\/ (in Zoll) 8.2Hx4.3Dx5.1W.<\/p>\n<p>Garn: Alles wird mit einem f\u00fcr Amigurumi geeigneten Garn der St\u00e4rke &#8220;FINGERING&#8221; und einer H\u00e4kelnadel der Gr\u00f6\u00dfe 2mm hergestellt.<\/p>\n<p>Sie ben\u00f6tigen folgende Farben: gebrochenes Wei\u00df, helles Rosa, helles Lila, mehrfarbiges Garn (variegate &#8211; ), Rosa, Hautfarbe, Himmelblau und Gelb<\/p>\n<p>H\u00e4kelnadel: Gr\u00f6\u00dfe 2mm<\/p>\n<p>Dieses Muster ist ein schriftliches Muster mit vielen Bildern, um Ihnen zu helfen. Wenn Sie noch Fragen haben, senden Sie mir bitte eine Nachricht an: <a href=\"mailto:craftygenesindonesia@gmail.com\">craftygenesindonesia@gmail.com<\/a><\/p>\n<p><strong>-Dieses Muster ist nur f\u00fcr den pers\u00f6nlichen Gebrauch bestimmt und unterliegt einem COPYRIGHT. Das Muster darf daher NICHT kopiert, verkauft, weiterverkauft, \u00fcbersetzt, als eigenes Design beansprucht, verteilt, geteilt, ver\u00f6ffentlicht, online gestellt werden&#8230; in keiner Form ohne meine Zustimmung. Nicht einmal einen Teil davon!!! <\/strong><\/p>\n<p><strong>-Sie d\u00fcrfen das fertige Produkt in kleinen Mengen verkaufen, ABER NICHT DAS MUSTER SELBST! Bitte erw\u00e4hnen Sie, dass das Muster von Craftygenesindonesia ist und wo man es kaufen kann <\/strong><\/p>\n","protected":false},"excerpt":{"rendered":"<p>Dies ist ein einfach zu befolgendes H\u00e4kelmuster f\u00fcr ein sehr s\u00fc\u00dfes kleines M\u00e4dchen namens Lucy, das in Omas Sessel eingeschlafen ist. Sie ist die erste aus meiner <a href=\"https:\/\/craftygenesindonesia.com\/de\/produkt-kategorie\/lucy-hakelmuster\/\" target=\"_blank\" rel=\"noopener\"><strong>Lucy<\/strong><\/a>-Serie.<\/p>\n","protected":false},"featured_media":987529344,"comment_status":"open","ping_status":"closed","template":"","meta":{"_acf_changed":false},"product_brand":[],"product_cat":[12218,12380],"product_tag":[12601,12600,12381,12382],"class_list":{"0":"post-987529338","1":"product","2":"type-product","3":"status-publish","4":"has-post-thumbnail","6":"product_cat-kinder-puppen-hakeln-muster","7":"product_cat-lucy-hakelmuster","8":"product_tag-lehnstuhl","9":"product_tag-liebevoll","10":"product_tag-liege","11":"product_tag-sofa-de","12":"pa_available_on-craftygenesindonesia","13":"pa_available_on-etsy","14":"pa_available_on-haked-nl","15":"pa_available_on-payhip","16":"pa_available_on-ravelry","17":"pa_languages-deutsch","18":"pa_languages-franzoesisch","19":"pa_languages-niederlaendisch","20":"pa_languages-portugiesisch","21":"pa_languages-spanisch","22":"pa_languages-us-englisch","24":"first","25":"instock","26":"downloadable","27":"virtual","28":"purchasable","29":"product-type-simple"},"acf":[],"yoast_head":"<!-- This site is optimized with the Yoast SEO plugin v27.4 - https:\/\/yoast.com\/product\/yoast-seo-wordpress\/ -->\n<title>Lucy macht ein Nickerchen H\u00e4kelmuster - Craftygenesindonesia<\/title>\n<meta name=\"description\" content=\"Kaufen Sie hier mein &quot;Lucy macht ein Nickerchen&quot; H\u00e4kelmuster. Dieses einfach zu befolgende H\u00e4kelmuster ist auch erh\u00e4ltlich bei Haked.nl &amp; Etsy &amp; Ravelry &amp; Payhip\" \/>\n<meta name=\"robots\" content=\"index, follow, max-snippet:-1, max-image-preview:large, max-video-preview:-1\" \/>\n<link rel=\"canonical\" href=\"https:\/\/craftygenesindonesia.com\/de\/shop\/kinder-puppen-hakeln-muster\/lucy-macht-ein-nickerchen\/\" \/>\n<meta property=\"og:locale\" content=\"de_DE\" \/>\n<meta property=\"og:type\" content=\"article\" \/>\n<meta property=\"og:title\" content=\"Lucy macht ein Nickerchen H\u00e4kelmuster\" \/>\n<meta property=\"og:description\" content=\"Kaufen Sie hier mein &quot;Lucy macht ein Nickerchen&quot; H\u00e4kelmuster. Dieses einfach zu befolgende H\u00e4kelmuster ist auch erh\u00e4ltlich bei Haked.nl &amp; Etsy &amp; Ravelry &amp; Payhip\" \/>\n<meta property=\"og:url\" content=\"https:\/\/craftygenesindonesia.com\/de\/shop\/kinder-puppen-hakeln-muster\/lucy-macht-ein-nickerchen\/\" \/>\n<meta property=\"og:site_name\" content=\"Craftygenesindonesia\" \/>\n<meta property=\"article:modified_time\" content=\"2025-11-12T23:25:50+00:00\" \/>\n<meta property=\"og:image\" content=\"https:\/\/craftygenesindonesia.com\/wp-content\/uploads\/2022\/06\/Lucy-Takes-a-Nap-1-300x300.jpg\" \/>\n<meta name=\"twitter:card\" content=\"summary_large_image\" \/>\n<meta name=\"twitter:label1\" content=\"Gesch\u00e4tzte Lesezeit\" \/>\n\t<meta name=\"twitter:data1\" content=\"1\u00a0Minute\" \/>\n<script type=\"application\/ld+json\" class=\"yoast-schema-graph\">{\"@context\":\"https:\\\/\\\/schema.org\",\"@graph\":[{\"@type\":\"WebPage\",\"@id\":\"https:\\\/\\\/craftygenesindonesia.com\\\/de\\\/shop\\\/kinder-puppen-hakeln-muster\\\/lucy-macht-ein-nickerchen\\\/\",\"url\":\"https:\\\/\\\/craftygenesindonesia.com\\\/de\\\/shop\\\/kinder-puppen-hakeln-muster\\\/lucy-macht-ein-nickerchen\\\/\",\"name\":\"Lucy macht ein Nickerchen H\u00e4kelmuster - Craftygenesindonesia\",\"isPartOf\":{\"@id\":\"https:\\\/\\\/craftygenesindonesia.com\\\/de\\\/#website\"},\"primaryImageOfPage\":{\"@id\":\"https:\\\/\\\/craftygenesindonesia.com\\\/de\\\/shop\\\/kinder-puppen-hakeln-muster\\\/lucy-macht-ein-nickerchen\\\/#primaryimage\"},\"image\":{\"@id\":\"https:\\\/\\\/craftygenesindonesia.com\\\/de\\\/shop\\\/kinder-puppen-hakeln-muster\\\/lucy-macht-ein-nickerchen\\\/#primaryimage\"},\"thumbnailUrl\":\"https:\\\/\\\/craftygenesindonesia.com\\\/wp-content\\\/uploads\\\/2022\\\/06\\\/Lucy-Takes-a-Nap-1.jpg\",\"datePublished\":\"2022-06-27T14:58:06+00:00\",\"dateModified\":\"2025-11-12T23:25:50+00:00\",\"description\":\"Kaufen Sie hier mein \\\"Lucy macht ein Nickerchen\\\" H\u00e4kelmuster. Dieses einfach zu befolgende H\u00e4kelmuster ist auch erh\u00e4ltlich bei Haked.nl & Etsy & Ravelry & Payhip\",\"breadcrumb\":{\"@id\":\"https:\\\/\\\/craftygenesindonesia.com\\\/de\\\/shop\\\/kinder-puppen-hakeln-muster\\\/lucy-macht-ein-nickerchen\\\/#breadcrumb\"},\"inLanguage\":\"de\",\"potentialAction\":[{\"@type\":\"ReadAction\",\"target\":[\"https:\\\/\\\/craftygenesindonesia.com\\\/de\\\/shop\\\/kinder-puppen-hakeln-muster\\\/lucy-macht-ein-nickerchen\\\/\"]}]},{\"@type\":\"ImageObject\",\"inLanguage\":\"de\",\"@id\":\"https:\\\/\\\/craftygenesindonesia.com\\\/de\\\/shop\\\/kinder-puppen-hakeln-muster\\\/lucy-macht-ein-nickerchen\\\/#primaryimage\",\"url\":\"https:\\\/\\\/craftygenesindonesia.com\\\/wp-content\\\/uploads\\\/2022\\\/06\\\/Lucy-Takes-a-Nap-1.jpg\",\"contentUrl\":\"https:\\\/\\\/craftygenesindonesia.com\\\/wp-content\\\/uploads\\\/2022\\\/06\\\/Lucy-Takes-a-Nap-1.jpg\",\"width\":1080,\"height\":1080,\"caption\":\"crochet doll napping in crochet sofa with blanket\"},{\"@type\":\"BreadcrumbList\",\"@id\":\"https:\\\/\\\/craftygenesindonesia.com\\\/de\\\/shop\\\/kinder-puppen-hakeln-muster\\\/lucy-macht-ein-nickerchen\\\/#breadcrumb\",\"itemListElement\":[{\"@type\":\"ListItem\",\"position\":1,\"name\":\"Home\",\"item\":\"https:\\\/\\\/craftygenesindonesia.com\\\/de\\\/\"},{\"@type\":\"ListItem\",\"position\":2,\"name\":\"Mustershop\",\"item\":\"https:\\\/\\\/craftygenesindonesia.com\\\/de\\\/muster-shop\\\/\"},{\"@type\":\"ListItem\",\"position\":3,\"name\":\"Lucy macht ein Nickerchen\"}]},{\"@type\":\"WebSite\",\"@id\":\"https:\\\/\\\/craftygenesindonesia.com\\\/de\\\/#website\",\"url\":\"https:\\\/\\\/craftygenesindonesia.com\\\/de\\\/\",\"name\":\"Craftygenesindonesia\",\"description\":\"\",\"publisher\":{\"@id\":\"https:\\\/\\\/craftygenesindonesia.com\\\/de\\\/#organization\"},\"potentialAction\":[{\"@type\":\"SearchAction\",\"target\":{\"@type\":\"EntryPoint\",\"urlTemplate\":\"https:\\\/\\\/craftygenesindonesia.com\\\/de\\\/?s={search_term_string}\"},\"query-input\":{\"@type\":\"PropertyValueSpecification\",\"valueRequired\":true,\"valueName\":\"search_term_string\"}}],\"inLanguage\":\"de\"},{\"@type\":\"Organization\",\"@id\":\"https:\\\/\\\/craftygenesindonesia.com\\\/de\\\/#organization\",\"name\":\"Craftygenesindonesia\",\"url\":\"https:\\\/\\\/craftygenesindonesia.com\\\/de\\\/\",\"logo\":{\"@type\":\"ImageObject\",\"inLanguage\":\"de\",\"@id\":\"https:\\\/\\\/craftygenesindonesia.com\\\/de\\\/#\\\/schema\\\/logo\\\/image\\\/\",\"url\":\"https:\\\/\\\/craftygenesindonesia.com\\\/wp-content\\\/uploads\\\/2025\\\/11\\\/cropped-Copy-of-Craftygenesindonesia.jpg\",\"contentUrl\":\"https:\\\/\\\/craftygenesindonesia.com\\\/wp-content\\\/uploads\\\/2025\\\/11\\\/cropped-Copy-of-Craftygenesindonesia.jpg\",\"width\":180,\"height\":60,\"caption\":\"Craftygenesindonesia\"},\"image\":{\"@id\":\"https:\\\/\\\/craftygenesindonesia.com\\\/de\\\/#\\\/schema\\\/logo\\\/image\\\/\"}}]}<\/script>\n<!-- \/ Yoast SEO plugin. -->","yoast_head_json":{"title":"Lucy macht ein Nickerchen H\u00e4kelmuster - Craftygenesindonesia","description":"Kaufen Sie hier mein \"Lucy macht ein Nickerchen\" H\u00e4kelmuster. Dieses einfach zu befolgende H\u00e4kelmuster ist auch erh\u00e4ltlich bei Haked.nl & Etsy & Ravelry & Payhip","robots":{"index":"index","follow":"follow","max-snippet":"max-snippet:-1","max-image-preview":"max-image-preview:large","max-video-preview":"max-video-preview:-1"},"canonical":"https:\/\/craftygenesindonesia.com\/de\/shop\/kinder-puppen-hakeln-muster\/lucy-macht-ein-nickerchen\/","og_locale":"de_DE","og_type":"article","og_title":"Lucy macht ein Nickerchen H\u00e4kelmuster","og_description":"Kaufen Sie hier mein \"Lucy macht ein Nickerchen\" H\u00e4kelmuster. Dieses einfach zu befolgende H\u00e4kelmuster ist auch erh\u00e4ltlich bei Haked.nl & Etsy & Ravelry & Payhip","og_url":"https:\/\/craftygenesindonesia.com\/de\/shop\/kinder-puppen-hakeln-muster\/lucy-macht-ein-nickerchen\/","og_site_name":"Craftygenesindonesia","article_modified_time":"2025-11-12T23:25:50+00:00","og_image":[{"url":"https:\/\/craftygenesindonesia.com\/wp-content\/uploads\/2022\/06\/Lucy-Takes-a-Nap-1-300x300.jpg","type":"","width":"","height":""}],"twitter_card":"summary_large_image","twitter_misc":{"Gesch\u00e4tzte Lesezeit":"1\u00a0Minute"},"schema":{"@context":"https:\/\/schema.org","@graph":[{"@type":"WebPage","@id":"https:\/\/craftygenesindonesia.com\/de\/shop\/kinder-puppen-hakeln-muster\/lucy-macht-ein-nickerchen\/","url":"https:\/\/craftygenesindonesia.com\/de\/shop\/kinder-puppen-hakeln-muster\/lucy-macht-ein-nickerchen\/","name":"Lucy macht ein Nickerchen H\u00e4kelmuster - Craftygenesindonesia","isPartOf":{"@id":"https:\/\/craftygenesindonesia.com\/de\/#website"},"primaryImageOfPage":{"@id":"https:\/\/craftygenesindonesia.com\/de\/shop\/kinder-puppen-hakeln-muster\/lucy-macht-ein-nickerchen\/#primaryimage"},"image":{"@id":"https:\/\/craftygenesindonesia.com\/de\/shop\/kinder-puppen-hakeln-muster\/lucy-macht-ein-nickerchen\/#primaryimage"},"thumbnailUrl":"https:\/\/craftygenesindonesia.com\/wp-content\/uploads\/2022\/06\/Lucy-Takes-a-Nap-1.jpg","datePublished":"2022-06-27T14:58:06+00:00","dateModified":"2025-11-12T23:25:50+00:00","description":"Kaufen Sie hier mein \"Lucy macht ein Nickerchen\" H\u00e4kelmuster. Dieses einfach zu befolgende H\u00e4kelmuster ist auch erh\u00e4ltlich bei Haked.nl & Etsy & Ravelry & Payhip","breadcrumb":{"@id":"https:\/\/craftygenesindonesia.com\/de\/shop\/kinder-puppen-hakeln-muster\/lucy-macht-ein-nickerchen\/#breadcrumb"},"inLanguage":"de","potentialAction":[{"@type":"ReadAction","target":["https:\/\/craftygenesindonesia.com\/de\/shop\/kinder-puppen-hakeln-muster\/lucy-macht-ein-nickerchen\/"]}]},{"@type":"ImageObject","inLanguage":"de","@id":"https:\/\/craftygenesindonesia.com\/de\/shop\/kinder-puppen-hakeln-muster\/lucy-macht-ein-nickerchen\/#primaryimage","url":"https:\/\/craftygenesindonesia.com\/wp-content\/uploads\/2022\/06\/Lucy-Takes-a-Nap-1.jpg","contentUrl":"https:\/\/craftygenesindonesia.com\/wp-content\/uploads\/2022\/06\/Lucy-Takes-a-Nap-1.jpg","width":1080,"height":1080,"caption":"crochet doll napping in crochet sofa with blanket"},{"@type":"BreadcrumbList","@id":"https:\/\/craftygenesindonesia.com\/de\/shop\/kinder-puppen-hakeln-muster\/lucy-macht-ein-nickerchen\/#breadcrumb","itemListElement":[{"@type":"ListItem","position":1,"name":"Home","item":"https:\/\/craftygenesindonesia.com\/de\/"},{"@type":"ListItem","position":2,"name":"Mustershop","item":"https:\/\/craftygenesindonesia.com\/de\/muster-shop\/"},{"@type":"ListItem","position":3,"name":"Lucy macht ein Nickerchen"}]},{"@type":"WebSite","@id":"https:\/\/craftygenesindonesia.com\/de\/#website","url":"https:\/\/craftygenesindonesia.com\/de\/","name":"Craftygenesindonesia","description":"","publisher":{"@id":"https:\/\/craftygenesindonesia.com\/de\/#organization"},"potentialAction":[{"@type":"SearchAction","target":{"@type":"EntryPoint","urlTemplate":"https:\/\/craftygenesindonesia.com\/de\/?s={search_term_string}"},"query-input":{"@type":"PropertyValueSpecification","valueRequired":true,"valueName":"search_term_string"}}],"inLanguage":"de"},{"@type":"Organization","@id":"https:\/\/craftygenesindonesia.com\/de\/#organization","name":"Craftygenesindonesia","url":"https:\/\/craftygenesindonesia.com\/de\/","logo":{"@type":"ImageObject","inLanguage":"de","@id":"https:\/\/craftygenesindonesia.com\/de\/#\/schema\/logo\/image\/","url":"https:\/\/craftygenesindonesia.com\/wp-content\/uploads\/2025\/11\/cropped-Copy-of-Craftygenesindonesia.jpg","contentUrl":"https:\/\/craftygenesindonesia.com\/wp-content\/uploads\/2025\/11\/cropped-Copy-of-Craftygenesindonesia.jpg","width":180,"height":60,"caption":"Craftygenesindonesia"},"image":{"@id":"https:\/\/craftygenesindonesia.com\/de\/#\/schema\/logo\/image\/"}}]}},"_links":{"self":[{"href":"https:\/\/craftygenesindonesia.com\/de\/wp-json\/wp\/v2\/product\/987529338","targetHints":{"allow":["GET"]}}],"collection":[{"href":"https:\/\/craftygenesindonesia.com\/de\/wp-json\/wp\/v2\/product"}],"about":[{"href":"https:\/\/craftygenesindonesia.com\/de\/wp-json\/wp\/v2\/types\/product"}],"replies":[{"embeddable":true,"href":"https:\/\/craftygenesindonesia.com\/de\/wp-json\/wp\/v2\/comments?post=987529338"}],"wp:featuredmedia":[{"embeddable":true,"href":"https:\/\/craftygenesindonesia.com\/de\/wp-json\/wp\/v2\/media\/987529344"}],"wp:attachment":[{"href":"https:\/\/craftygenesindonesia.com\/de\/wp-json\/wp\/v2\/media?parent=987529338"}],"wp:term":[{"taxonomy":"product_brand","embeddable":true,"href":"https:\/\/craftygenesindonesia.com\/de\/wp-json\/wp\/v2\/product_brand?post=987529338"},{"taxonomy":"product_cat","embeddable":true,"href":"https:\/\/craftygenesindonesia.com\/de\/wp-json\/wp\/v2\/product_cat?post=987529338"},{"taxonomy":"product_tag","embeddable":true,"href":"https:\/\/craftygenesindonesia.com\/de\/wp-json\/wp\/v2\/product_tag?post=987529338"}],"curies":[{"name":"wp","href":"https:\/\/api.w.org\/{rel}","templated":true}]}}