{"id":987529332,"date":"2022-06-27T22:40:02","date_gmt":"2022-06-27T14:40:02","guid":{"rendered":"https:\/\/craftygenesindonesia.com\/shop\/unkategorisiert\/unsere-liebe-frau-von-guadalupe\/"},"modified":"2025-11-13T07:30:31","modified_gmt":"2025-11-12T23:30:31","slug":"unsere-liebe-frau-von-guadalupe","status":"publish","type":"product","link":"https:\/\/craftygenesindonesia.com\/de\/shop\/religiose-hakelmuster\/unsere-liebe-frau-von-guadalupe\/","title":{"rendered":"Unsere Liebe Frau von Guadalupe"},"content":{"rendered":"<p>Sie ist 29 cm oder 11,5 cm hoch. Das ist einschlie\u00dflich der Plattform und der flammenden Sonne als Hintergrund.<br \/>\nIch habe ein f\u00fcr Amigurumi geeignetes Garn der Gr\u00f6\u00dfe 3 und eine H\u00e4kelnadel der Gr\u00f6\u00dfe 2mm verwendet. Sie k\u00f6nnen auch ein dickeres oder d\u00fcnneres Garn und eine geeignete H\u00e4kelnadel verwenden, wenn Sie m\u00f6chten. Das Endergebnis wird dann nur etwas gr\u00f6\u00dfer oder kleiner als meins sein.<\/p>\n<p>F\u00fcr dieses Muster ben\u00f6tigen Sie die folgenden Farben:<br \/>\n&#8211; Gebrochenes Wei\u00df: 18-22m\/ 20-25yd (kann durch helles Orange ersetzt werden)<br \/>\n&#8211; Hautfarbe: 15-20m\/ 16-22yd<br \/>\n&#8211; Metallisches Gold: 14-18m\/ 15-20yd<br \/>\n&#8211; Magenta: 47-55m\/ 50-60yd<br \/>\n&#8211; Dunkelt\u00fcrkis: 55-65m\/ 60-72yd<br \/>\n&#8211; Dunkelbraun: 5-10m\/ 5-11yd<br \/>\n&#8211; Ocker: 10-15m\/ 11-16yd<br \/>\n&#8211; Hellorange: 150-175m\/ 165-192yd<br \/>\n&#8211; Dunkelrosa: 18-22m\/ 19-24yd<br \/>\n&#8211; Rosa: 18-22m\/ 19-24yd<br \/>\n&#8211; Hellrosa: 18-22m\/ 19-24yd<br \/>\n&#8211; Sehr helles Rosa: 18-22m\/ 19-24yd<br \/>\n&#8211; Schwarz: Restst\u00fcck ist ausreichend<\/p>\n<p>H\u00e4kelnadel: Gr\u00f6\u00dfe 2 mm.<\/p>\n<p>Dieses Muster ist ein schriftliches Muster mit vielen Bildern, um Ihnen zu helfen. Wenn Sie noch Fragen haben, senden Sie mir bitte eine Nachricht an: <a href=\"mailto:craftygenesindonesia@gmail.com\">craftygenesindonesia@gmail.com<\/a><\/p>\n<p>*<strong><em>Dieses Muster ist nur f\u00fcr den pers\u00f6nlichen Gebrauch bestimmt und unterliegt dem COPYRIGHT. Das Muster darf daher NICHT kopiert, verkauft, weiterverkauft, \u00fcbersetzt, als eigenes Design beansprucht, verteilt, geteilt, ver\u00f6ffentlicht, online gestellt werden&#8230; in keiner Form ohne meine Zustimmung. Nicht einmal ein Teil davon!!!**<\/em><\/strong><\/p>\n<p>*<strong><em>Sie k\u00f6nnen das fertige Produkt in kleinen Mengen verkaufen, ABER NICHT DAS MUSTER SELBST! Bitte erw\u00e4hnen Sie, dass das Muster von Craftygenesindonesia ist und wo man es kaufen kann** <\/em><\/strong><\/p>\n","protected":false},"excerpt":{"rendered":"<p>Dies ist eine einfach zu befolgende H\u00e4kelanleitung f\u00fcr eine sch\u00f6ne H\u00e4kelversion der Madonna von Guadalupe.<\/p>\n","protected":false},"featured_media":987529336,"comment_status":"open","ping_status":"closed","template":"","meta":{"_acf_changed":false},"product_brand":[],"product_cat":[12129],"product_tag":[12147,12148,12145,12356,12150,12237,12179,12425,12599],"class_list":{"0":"post-987529332","1":"product","2":"type-product","3":"status-publish","4":"has-post-thumbnail","6":"product_cat-religiose-hakelmuster","7":"product_tag-christian-de","8":"product_tag-heilige-maria-de","9":"product_tag-heilige-maria","10":"product_tag-heiliger","11":"product_tag-jungfrau-maria","12":"product_tag-katholischer-heiliger","13":"product_tag-rosen","14":"product_tag-schutzpatronin","15":"product_tag-unsere-liebe-frau-von-guadalupe","16":"pa_available_on-craftygenesindonesia","17":"pa_available_on-etsy","18":"pa_available_on-haked-nl","19":"pa_available_on-payhip","20":"pa_available_on-ravelry","21":"pa_languages-deutsch","22":"pa_languages-franzoesisch","23":"pa_languages-niederlaendisch","24":"pa_languages-spanisch","25":"pa_languages-us-englisch","27":"first","28":"instock","29":"downloadable","30":"virtual","31":"purchasable","32":"product-type-simple"},"acf":[],"yoast_head":"<!-- This site is optimized with the Yoast SEO plugin v27.3 - https:\/\/yoast.com\/product\/yoast-seo-wordpress\/ -->\n<title>Unsere Liebe Frau von Guadalupe H\u00e4kelmuster - Craftygenesindonesia<\/title>\n<meta name=\"description\" content=\"Kaufen Sie mein H\u00e4kelmuster &quot;Unsere Liebe Frau von Guadalupe&quot; hier. Das einfach zu befolgende Muster ist auch auf Etsy, Haked.nl, Ravelry, Payhip\" \/>\n<meta name=\"robots\" content=\"index, follow, max-snippet:-1, max-image-preview:large, max-video-preview:-1\" \/>\n<link rel=\"canonical\" href=\"https:\/\/craftygenesindonesia.com\/de\/shop\/religiose-hakelmuster\/unsere-liebe-frau-von-guadalupe\/\" \/>\n<meta property=\"og:locale\" content=\"de_DE\" \/>\n<meta property=\"og:type\" content=\"article\" \/>\n<meta property=\"og:title\" content=\"Unsere Liebe Frau von Guadalupe H\u00e4kelmuster\" \/>\n<meta property=\"og:description\" content=\"Kaufen Sie mein H\u00e4kelmuster &quot;Unsere Liebe Frau von Guadalupe&quot; hier. Das einfach zu befolgende Muster ist auch auf Etsy, Haked.nl, Ravelry, Payhip\" \/>\n<meta property=\"og:url\" content=\"https:\/\/craftygenesindonesia.com\/de\/shop\/religiose-hakelmuster\/unsere-liebe-frau-von-guadalupe\/\" \/>\n<meta property=\"og:site_name\" content=\"Craftygenesindonesia\" \/>\n<meta property=\"article:modified_time\" content=\"2025-11-12T23:30:31+00:00\" \/>\n<meta property=\"og:image\" content=\"https:\/\/craftygenesindonesia.com\/wp-content\/uploads\/2022\/06\/Our-Lady-Guadalupe-1-300x300.jpg\" \/>\n<meta name=\"twitter:card\" content=\"summary_large_image\" \/>\n<meta name=\"twitter:label1\" content=\"Gesch\u00e4tzte Lesezeit\" \/>\n\t<meta name=\"twitter:data1\" content=\"2\u00a0Minuten\" \/>\n<script type=\"application\/ld+json\" class=\"yoast-schema-graph\">{\"@context\":\"https:\\\/\\\/schema.org\",\"@graph\":[{\"@type\":\"WebPage\",\"@id\":\"https:\\\/\\\/craftygenesindonesia.com\\\/de\\\/shop\\\/religiose-hakelmuster\\\/unsere-liebe-frau-von-guadalupe\\\/\",\"url\":\"https:\\\/\\\/craftygenesindonesia.com\\\/de\\\/shop\\\/religiose-hakelmuster\\\/unsere-liebe-frau-von-guadalupe\\\/\",\"name\":\"Unsere Liebe Frau von Guadalupe H\u00e4kelmuster - Craftygenesindonesia\",\"isPartOf\":{\"@id\":\"https:\\\/\\\/craftygenesindonesia.com\\\/de\\\/#website\"},\"primaryImageOfPage\":{\"@id\":\"https:\\\/\\\/craftygenesindonesia.com\\\/de\\\/shop\\\/religiose-hakelmuster\\\/unsere-liebe-frau-von-guadalupe\\\/#primaryimage\"},\"image\":{\"@id\":\"https:\\\/\\\/craftygenesindonesia.com\\\/de\\\/shop\\\/religiose-hakelmuster\\\/unsere-liebe-frau-von-guadalupe\\\/#primaryimage\"},\"thumbnailUrl\":\"https:\\\/\\\/craftygenesindonesia.com\\\/wp-content\\\/uploads\\\/2022\\\/06\\\/Our-Lady-Guadalupe-1.jpg\",\"datePublished\":\"2022-06-27T14:40:02+00:00\",\"dateModified\":\"2025-11-12T23:30:31+00:00\",\"description\":\"Kaufen Sie mein H\u00e4kelmuster \\\"Unsere Liebe Frau von Guadalupe\\\" hier. Das einfach zu befolgende Muster ist auch auf Etsy, Haked.nl, Ravelry, Payhip\",\"breadcrumb\":{\"@id\":\"https:\\\/\\\/craftygenesindonesia.com\\\/de\\\/shop\\\/religiose-hakelmuster\\\/unsere-liebe-frau-von-guadalupe\\\/#breadcrumb\"},\"inLanguage\":\"de\",\"potentialAction\":[{\"@type\":\"ReadAction\",\"target\":[\"https:\\\/\\\/craftygenesindonesia.com\\\/de\\\/shop\\\/religiose-hakelmuster\\\/unsere-liebe-frau-von-guadalupe\\\/\"]}]},{\"@type\":\"ImageObject\",\"inLanguage\":\"de\",\"@id\":\"https:\\\/\\\/craftygenesindonesia.com\\\/de\\\/shop\\\/religiose-hakelmuster\\\/unsere-liebe-frau-von-guadalupe\\\/#primaryimage\",\"url\":\"https:\\\/\\\/craftygenesindonesia.com\\\/wp-content\\\/uploads\\\/2022\\\/06\\\/Our-Lady-Guadalupe-1.jpg\",\"contentUrl\":\"https:\\\/\\\/craftygenesindonesia.com\\\/wp-content\\\/uploads\\\/2022\\\/06\\\/Our-Lady-Guadalupe-1.jpg\",\"width\":1080,\"height\":1080,\"caption\":\"crochet Our Lady of Guadalupe statue\"},{\"@type\":\"BreadcrumbList\",\"@id\":\"https:\\\/\\\/craftygenesindonesia.com\\\/de\\\/shop\\\/religiose-hakelmuster\\\/unsere-liebe-frau-von-guadalupe\\\/#breadcrumb\",\"itemListElement\":[{\"@type\":\"ListItem\",\"position\":1,\"name\":\"Home\",\"item\":\"https:\\\/\\\/craftygenesindonesia.com\\\/de\\\/\"},{\"@type\":\"ListItem\",\"position\":2,\"name\":\"Mustershop\",\"item\":\"https:\\\/\\\/craftygenesindonesia.com\\\/de\\\/muster-shop\\\/\"},{\"@type\":\"ListItem\",\"position\":3,\"name\":\"Unsere Liebe Frau von Guadalupe\"}]},{\"@type\":\"WebSite\",\"@id\":\"https:\\\/\\\/craftygenesindonesia.com\\\/de\\\/#website\",\"url\":\"https:\\\/\\\/craftygenesindonesia.com\\\/de\\\/\",\"name\":\"Craftygenesindonesia\",\"description\":\"\",\"publisher\":{\"@id\":\"https:\\\/\\\/craftygenesindonesia.com\\\/de\\\/#organization\"},\"potentialAction\":[{\"@type\":\"SearchAction\",\"target\":{\"@type\":\"EntryPoint\",\"urlTemplate\":\"https:\\\/\\\/craftygenesindonesia.com\\\/de\\\/?s={search_term_string}\"},\"query-input\":{\"@type\":\"PropertyValueSpecification\",\"valueRequired\":true,\"valueName\":\"search_term_string\"}}],\"inLanguage\":\"de\"},{\"@type\":\"Organization\",\"@id\":\"https:\\\/\\\/craftygenesindonesia.com\\\/de\\\/#organization\",\"name\":\"Craftygenesindonesia\",\"url\":\"https:\\\/\\\/craftygenesindonesia.com\\\/de\\\/\",\"logo\":{\"@type\":\"ImageObject\",\"inLanguage\":\"de\",\"@id\":\"https:\\\/\\\/craftygenesindonesia.com\\\/de\\\/#\\\/schema\\\/logo\\\/image\\\/\",\"url\":\"https:\\\/\\\/craftygenesindonesia.com\\\/wp-content\\\/uploads\\\/2025\\\/11\\\/cropped-Copy-of-Craftygenesindonesia.jpg\",\"contentUrl\":\"https:\\\/\\\/craftygenesindonesia.com\\\/wp-content\\\/uploads\\\/2025\\\/11\\\/cropped-Copy-of-Craftygenesindonesia.jpg\",\"width\":180,\"height\":60,\"caption\":\"Craftygenesindonesia\"},\"image\":{\"@id\":\"https:\\\/\\\/craftygenesindonesia.com\\\/de\\\/#\\\/schema\\\/logo\\\/image\\\/\"}}]}<\/script>\n<!-- \/ Yoast SEO plugin. -->","yoast_head_json":{"title":"Unsere Liebe Frau von Guadalupe H\u00e4kelmuster - Craftygenesindonesia","description":"Kaufen Sie mein H\u00e4kelmuster \"Unsere Liebe Frau von Guadalupe\" hier. Das einfach zu befolgende Muster ist auch auf Etsy, Haked.nl, Ravelry, Payhip","robots":{"index":"index","follow":"follow","max-snippet":"max-snippet:-1","max-image-preview":"max-image-preview:large","max-video-preview":"max-video-preview:-1"},"canonical":"https:\/\/craftygenesindonesia.com\/de\/shop\/religiose-hakelmuster\/unsere-liebe-frau-von-guadalupe\/","og_locale":"de_DE","og_type":"article","og_title":"Unsere Liebe Frau von Guadalupe H\u00e4kelmuster","og_description":"Kaufen Sie mein H\u00e4kelmuster \"Unsere Liebe Frau von Guadalupe\" hier. Das einfach zu befolgende Muster ist auch auf Etsy, Haked.nl, Ravelry, Payhip","og_url":"https:\/\/craftygenesindonesia.com\/de\/shop\/religiose-hakelmuster\/unsere-liebe-frau-von-guadalupe\/","og_site_name":"Craftygenesindonesia","article_modified_time":"2025-11-12T23:30:31+00:00","og_image":[{"url":"https:\/\/craftygenesindonesia.com\/wp-content\/uploads\/2022\/06\/Our-Lady-Guadalupe-1-300x300.jpg","type":"","width":"","height":""}],"twitter_card":"summary_large_image","twitter_misc":{"Gesch\u00e4tzte Lesezeit":"2\u00a0Minuten"},"schema":{"@context":"https:\/\/schema.org","@graph":[{"@type":"WebPage","@id":"https:\/\/craftygenesindonesia.com\/de\/shop\/religiose-hakelmuster\/unsere-liebe-frau-von-guadalupe\/","url":"https:\/\/craftygenesindonesia.com\/de\/shop\/religiose-hakelmuster\/unsere-liebe-frau-von-guadalupe\/","name":"Unsere Liebe Frau von Guadalupe H\u00e4kelmuster - Craftygenesindonesia","isPartOf":{"@id":"https:\/\/craftygenesindonesia.com\/de\/#website"},"primaryImageOfPage":{"@id":"https:\/\/craftygenesindonesia.com\/de\/shop\/religiose-hakelmuster\/unsere-liebe-frau-von-guadalupe\/#primaryimage"},"image":{"@id":"https:\/\/craftygenesindonesia.com\/de\/shop\/religiose-hakelmuster\/unsere-liebe-frau-von-guadalupe\/#primaryimage"},"thumbnailUrl":"https:\/\/craftygenesindonesia.com\/wp-content\/uploads\/2022\/06\/Our-Lady-Guadalupe-1.jpg","datePublished":"2022-06-27T14:40:02+00:00","dateModified":"2025-11-12T23:30:31+00:00","description":"Kaufen Sie mein H\u00e4kelmuster \"Unsere Liebe Frau von Guadalupe\" hier. Das einfach zu befolgende Muster ist auch auf Etsy, Haked.nl, Ravelry, Payhip","breadcrumb":{"@id":"https:\/\/craftygenesindonesia.com\/de\/shop\/religiose-hakelmuster\/unsere-liebe-frau-von-guadalupe\/#breadcrumb"},"inLanguage":"de","potentialAction":[{"@type":"ReadAction","target":["https:\/\/craftygenesindonesia.com\/de\/shop\/religiose-hakelmuster\/unsere-liebe-frau-von-guadalupe\/"]}]},{"@type":"ImageObject","inLanguage":"de","@id":"https:\/\/craftygenesindonesia.com\/de\/shop\/religiose-hakelmuster\/unsere-liebe-frau-von-guadalupe\/#primaryimage","url":"https:\/\/craftygenesindonesia.com\/wp-content\/uploads\/2022\/06\/Our-Lady-Guadalupe-1.jpg","contentUrl":"https:\/\/craftygenesindonesia.com\/wp-content\/uploads\/2022\/06\/Our-Lady-Guadalupe-1.jpg","width":1080,"height":1080,"caption":"crochet Our Lady of Guadalupe statue"},{"@type":"BreadcrumbList","@id":"https:\/\/craftygenesindonesia.com\/de\/shop\/religiose-hakelmuster\/unsere-liebe-frau-von-guadalupe\/#breadcrumb","itemListElement":[{"@type":"ListItem","position":1,"name":"Home","item":"https:\/\/craftygenesindonesia.com\/de\/"},{"@type":"ListItem","position":2,"name":"Mustershop","item":"https:\/\/craftygenesindonesia.com\/de\/muster-shop\/"},{"@type":"ListItem","position":3,"name":"Unsere Liebe Frau von Guadalupe"}]},{"@type":"WebSite","@id":"https:\/\/craftygenesindonesia.com\/de\/#website","url":"https:\/\/craftygenesindonesia.com\/de\/","name":"Craftygenesindonesia","description":"","publisher":{"@id":"https:\/\/craftygenesindonesia.com\/de\/#organization"},"potentialAction":[{"@type":"SearchAction","target":{"@type":"EntryPoint","urlTemplate":"https:\/\/craftygenesindonesia.com\/de\/?s={search_term_string}"},"query-input":{"@type":"PropertyValueSpecification","valueRequired":true,"valueName":"search_term_string"}}],"inLanguage":"de"},{"@type":"Organization","@id":"https:\/\/craftygenesindonesia.com\/de\/#organization","name":"Craftygenesindonesia","url":"https:\/\/craftygenesindonesia.com\/de\/","logo":{"@type":"ImageObject","inLanguage":"de","@id":"https:\/\/craftygenesindonesia.com\/de\/#\/schema\/logo\/image\/","url":"https:\/\/craftygenesindonesia.com\/wp-content\/uploads\/2025\/11\/cropped-Copy-of-Craftygenesindonesia.jpg","contentUrl":"https:\/\/craftygenesindonesia.com\/wp-content\/uploads\/2025\/11\/cropped-Copy-of-Craftygenesindonesia.jpg","width":180,"height":60,"caption":"Craftygenesindonesia"},"image":{"@id":"https:\/\/craftygenesindonesia.com\/de\/#\/schema\/logo\/image\/"}}]}},"_links":{"self":[{"href":"https:\/\/craftygenesindonesia.com\/de\/wp-json\/wp\/v2\/product\/987529332","targetHints":{"allow":["GET"]}}],"collection":[{"href":"https:\/\/craftygenesindonesia.com\/de\/wp-json\/wp\/v2\/product"}],"about":[{"href":"https:\/\/craftygenesindonesia.com\/de\/wp-json\/wp\/v2\/types\/product"}],"replies":[{"embeddable":true,"href":"https:\/\/craftygenesindonesia.com\/de\/wp-json\/wp\/v2\/comments?post=987529332"}],"wp:featuredmedia":[{"embeddable":true,"href":"https:\/\/craftygenesindonesia.com\/de\/wp-json\/wp\/v2\/media\/987529336"}],"wp:attachment":[{"href":"https:\/\/craftygenesindonesia.com\/de\/wp-json\/wp\/v2\/media?parent=987529332"}],"wp:term":[{"taxonomy":"product_brand","embeddable":true,"href":"https:\/\/craftygenesindonesia.com\/de\/wp-json\/wp\/v2\/product_brand?post=987529332"},{"taxonomy":"product_cat","embeddable":true,"href":"https:\/\/craftygenesindonesia.com\/de\/wp-json\/wp\/v2\/product_cat?post=987529332"},{"taxonomy":"product_tag","embeddable":true,"href":"https:\/\/craftygenesindonesia.com\/de\/wp-json\/wp\/v2\/product_tag?post=987529332"}],"curies":[{"name":"wp","href":"https:\/\/api.w.org\/{rel}","templated":true}]}}