{"id":987529318,"date":"2022-06-27T21:55:13","date_gmt":"2022-06-27T13:55:13","guid":{"rendered":"https:\/\/craftygenesindonesia.com\/shop\/unkategorisiert\/lola-karneval-ausgabe\/"},"modified":"2025-11-13T07:38:22","modified_gmt":"2025-11-12T23:38:22","slug":"lola-karneval-ausgabe","status":"publish","type":"product","link":"https:\/\/craftygenesindonesia.com\/de\/shop\/lola-puppen-hakelmuster\/lola-karneval-ausgabe\/","title":{"rendered":"Lola, Karneval Ausgabe"},"content":{"rendered":"<p>Gr\u00f6\u00dfe: Lola ist 35cm oder 13.8&#8243; gro\u00df<\/p>\n<p>Garn: Sie wird mit einem f\u00fcr Amigurumi geeigneten Garn der St\u00e4rke &#8220;FINGERING&#8221; und einer H\u00e4kelnadel der Gr\u00f6\u00dfe 2mm hergestellt.<\/p>\n<p>Sie ben\u00f6tigen die folgenden Farben: Wei\u00df, Hautfarbe, Lila, Magenta, Gr\u00fcn, Metallic-Gold.<br \/>\nDie Menge, die Sie von jeder Farbe ben\u00f6tigen, ist in der Vorlage angegeben.<\/p>\n<p>Au\u00dferdem ben\u00f6tigen Sie 2 schwarze 10-mm-Sicherheitsaugen und 4 14-mm-Glocken (3 in Gold und 1 in Magenta).<\/p>\n<p>H\u00e4kelnadel: Gr\u00f6\u00dfe 2mm<\/p>\n<p>Dieses Muster ist ein schriftliches Muster mit vielen Bildern, um Ihnen zu helfen. Wenn Sie noch Fragen haben, senden Sie mir bitte eine Nachricht an: <a href=\"mailto:craftygenesindonesia@gmail.com\">craftygenesindonesia@gmail.com<\/a><\/p>\n<p><strong>-Dieses Muster ist nur f\u00fcr den pers\u00f6nlichen Gebrauch bestimmt und unterliegt dem COPYRIGHT. Das Muster darf daher NICHT kopiert, verkauft, weiterverkauft, \u00fcbersetzt, als eigenes Design beansprucht, verteilt, geteilt, ver\u00f6ffentlicht, online gestellt werden&#8230; in keiner Form ohne meine Zustimmung. Nicht einmal ein Teil davon!!!<\/strong><\/p>\n<p><strong>-Sie d\u00fcrfen das fertige Produkt in kleinen Mengen verkaufen, ABER NICHT DAS MUSTER SELBST! Bitte erw\u00e4hnen Sie, dass das Muster von Craftygenesindonesia ist und wo man es kaufen kann <\/strong><\/p>\n","protected":false},"excerpt":{"rendered":"<p>Dies ist eine einfach zu befolgende H\u00e4kelanleitung f\u00fcr eine lustige und farbenfrohe Carnival Edition meiner Lola. Diese Ausgabe ist die zweite Ausgabe meiner <a href=\"https:\/\/craftygenesindonesia.com\/de\/produkt-kategorie\/lola-puppen-hakelmuster\/\" target=\"_blank\" rel=\"noopener\"><strong>Lola<\/strong><\/a>-Puppenserie.<\/p>\n","protected":false},"featured_media":987529319,"comment_status":"open","ping_status":"closed","template":"","meta":{"_acf_changed":false},"product_brand":[],"product_cat":[12218,12217],"product_tag":[12259,12220,12592,12593,12594],"class_list":{"0":"post-987529318","1":"product","2":"type-product","3":"status-publish","4":"has-post-thumbnail","6":"product_cat-kinder-puppen-hakeln-muster","7":"product_cat-lola-puppen-hakelmuster","8":"product_tag-glocken","9":"product_tag-hakelpuppe","10":"product_tag-karneval","11":"product_tag-spitzer-hut","12":"product_tag-streifen","13":"pa_available_on-craftygenesindonesia","14":"pa_available_on-etsy","15":"pa_available_on-haked-nl","16":"pa_available_on-payhip","17":"pa_available_on-ravelry","18":"pa_languages-franzoesisch","19":"pa_languages-niederlaendisch","20":"pa_languages-spanisch","21":"pa_languages-us-englisch","23":"first","24":"instock","25":"downloadable","26":"virtual","27":"purchasable","28":"product-type-simple"},"acf":[],"yoast_head":"<!-- This site is optimized with the Yoast SEO plugin v27.5 - https:\/\/yoast.com\/product\/yoast-seo-wordpress\/ -->\n<title>Lola, Karneval Ausgabe H\u00e4kelmuster - Craftygenesindonesia<\/title>\n<meta name=\"description\" content=\"Kaufen Sie hier mein H\u00e4kelmuster &quot;Lola, Karneval Ausgabe&quot;. Das einfach zu befolgende H\u00e4kelmuster ist auch auf Haked.nl, Etsy &amp; Ravelry erh\u00e4ltlich\" \/>\n<meta name=\"robots\" content=\"index, follow, max-snippet:-1, max-image-preview:large, max-video-preview:-1\" \/>\n<link rel=\"canonical\" href=\"https:\/\/craftygenesindonesia.com\/de\/shop\/lola-puppen-hakelmuster\/lola-karneval-ausgabe\/\" \/>\n<meta property=\"og:locale\" content=\"de_DE\" \/>\n<meta property=\"og:type\" content=\"article\" \/>\n<meta property=\"og:title\" content=\"&quot;Lola, Karneval Ausgabe&quot; H\u00e4kelmuster\" \/>\n<meta property=\"og:description\" content=\"Kaufen Sie hier mein H\u00e4kelmuster &quot;Lola, Karneval Ausgabe&quot;. Das einfach zu befolgende H\u00e4kelmuster ist auch auf Haked.nl, Etsy &amp; Ravelry erh\u00e4ltlich\" \/>\n<meta property=\"og:url\" content=\"https:\/\/craftygenesindonesia.com\/de\/shop\/lola-puppen-hakelmuster\/lola-karneval-ausgabe\/\" \/>\n<meta property=\"og:site_name\" content=\"Craftygenesindonesia\" \/>\n<meta property=\"article:modified_time\" content=\"2025-11-12T23:38:22+00:00\" \/>\n<meta property=\"og:image\" content=\"https:\/\/craftygenesindonesia.com\/wp-content\/uploads\/2022\/06\/Lola-Carnival-300x300.jpg\" \/>\n<meta name=\"twitter:card\" content=\"summary_large_image\" \/>\n<meta name=\"twitter:label1\" content=\"Gesch\u00e4tzte Lesezeit\" \/>\n\t<meta name=\"twitter:data1\" content=\"1\u00a0Minute\" \/>\n<script type=\"application\/ld+json\" class=\"yoast-schema-graph\">{\"@context\":\"https:\\\/\\\/schema.org\",\"@graph\":[{\"@type\":\"WebPage\",\"@id\":\"https:\\\/\\\/craftygenesindonesia.com\\\/de\\\/shop\\\/lola-puppen-hakelmuster\\\/lola-karneval-ausgabe\\\/\",\"url\":\"https:\\\/\\\/craftygenesindonesia.com\\\/de\\\/shop\\\/lola-puppen-hakelmuster\\\/lola-karneval-ausgabe\\\/\",\"name\":\"Lola, Karneval Ausgabe H\u00e4kelmuster - Craftygenesindonesia\",\"isPartOf\":{\"@id\":\"https:\\\/\\\/craftygenesindonesia.com\\\/de\\\/#website\"},\"primaryImageOfPage\":{\"@id\":\"https:\\\/\\\/craftygenesindonesia.com\\\/de\\\/shop\\\/lola-puppen-hakelmuster\\\/lola-karneval-ausgabe\\\/#primaryimage\"},\"image\":{\"@id\":\"https:\\\/\\\/craftygenesindonesia.com\\\/de\\\/shop\\\/lola-puppen-hakelmuster\\\/lola-karneval-ausgabe\\\/#primaryimage\"},\"thumbnailUrl\":\"https:\\\/\\\/craftygenesindonesia.com\\\/wp-content\\\/uploads\\\/2022\\\/06\\\/Lola-Carnival-1.jpg\",\"datePublished\":\"2022-06-27T13:55:13+00:00\",\"dateModified\":\"2025-11-12T23:38:22+00:00\",\"description\":\"Kaufen Sie hier mein H\u00e4kelmuster \\\"Lola, Karneval Ausgabe\\\". Das einfach zu befolgende H\u00e4kelmuster ist auch auf Haked.nl, Etsy & Ravelry erh\u00e4ltlich\",\"breadcrumb\":{\"@id\":\"https:\\\/\\\/craftygenesindonesia.com\\\/de\\\/shop\\\/lola-puppen-hakelmuster\\\/lola-karneval-ausgabe\\\/#breadcrumb\"},\"inLanguage\":\"de\",\"potentialAction\":[{\"@type\":\"ReadAction\",\"target\":[\"https:\\\/\\\/craftygenesindonesia.com\\\/de\\\/shop\\\/lola-puppen-hakelmuster\\\/lola-karneval-ausgabe\\\/\"]}]},{\"@type\":\"ImageObject\",\"inLanguage\":\"de\",\"@id\":\"https:\\\/\\\/craftygenesindonesia.com\\\/de\\\/shop\\\/lola-puppen-hakelmuster\\\/lola-karneval-ausgabe\\\/#primaryimage\",\"url\":\"https:\\\/\\\/craftygenesindonesia.com\\\/wp-content\\\/uploads\\\/2022\\\/06\\\/Lola-Carnival-1.jpg\",\"contentUrl\":\"https:\\\/\\\/craftygenesindonesia.com\\\/wp-content\\\/uploads\\\/2022\\\/06\\\/Lola-Carnival-1.jpg\",\"width\":1080,\"height\":1080,\"caption\":\"crochet carnival jester doll\"},{\"@type\":\"BreadcrumbList\",\"@id\":\"https:\\\/\\\/craftygenesindonesia.com\\\/de\\\/shop\\\/lola-puppen-hakelmuster\\\/lola-karneval-ausgabe\\\/#breadcrumb\",\"itemListElement\":[{\"@type\":\"ListItem\",\"position\":1,\"name\":\"Home\",\"item\":\"https:\\\/\\\/craftygenesindonesia.com\\\/de\\\/\"},{\"@type\":\"ListItem\",\"position\":2,\"name\":\"Mustershop\",\"item\":\"https:\\\/\\\/craftygenesindonesia.com\\\/de\\\/muster-shop\\\/\"},{\"@type\":\"ListItem\",\"position\":3,\"name\":\"Lola, Karneval Ausgabe\"}]},{\"@type\":\"WebSite\",\"@id\":\"https:\\\/\\\/craftygenesindonesia.com\\\/de\\\/#website\",\"url\":\"https:\\\/\\\/craftygenesindonesia.com\\\/de\\\/\",\"name\":\"Craftygenesindonesia\",\"description\":\"\",\"publisher\":{\"@id\":\"https:\\\/\\\/craftygenesindonesia.com\\\/de\\\/#organization\"},\"potentialAction\":[{\"@type\":\"SearchAction\",\"target\":{\"@type\":\"EntryPoint\",\"urlTemplate\":\"https:\\\/\\\/craftygenesindonesia.com\\\/de\\\/?s={search_term_string}\"},\"query-input\":{\"@type\":\"PropertyValueSpecification\",\"valueRequired\":true,\"valueName\":\"search_term_string\"}}],\"inLanguage\":\"de\"},{\"@type\":\"Organization\",\"@id\":\"https:\\\/\\\/craftygenesindonesia.com\\\/de\\\/#organization\",\"name\":\"Craftygenesindonesia\",\"url\":\"https:\\\/\\\/craftygenesindonesia.com\\\/de\\\/\",\"logo\":{\"@type\":\"ImageObject\",\"inLanguage\":\"de\",\"@id\":\"https:\\\/\\\/craftygenesindonesia.com\\\/de\\\/#\\\/schema\\\/logo\\\/image\\\/\",\"url\":\"https:\\\/\\\/craftygenesindonesia.com\\\/wp-content\\\/uploads\\\/2025\\\/11\\\/cropped-Copy-of-Craftygenesindonesia.jpg\",\"contentUrl\":\"https:\\\/\\\/craftygenesindonesia.com\\\/wp-content\\\/uploads\\\/2025\\\/11\\\/cropped-Copy-of-Craftygenesindonesia.jpg\",\"width\":180,\"height\":60,\"caption\":\"Craftygenesindonesia\"},\"image\":{\"@id\":\"https:\\\/\\\/craftygenesindonesia.com\\\/de\\\/#\\\/schema\\\/logo\\\/image\\\/\"}}]}<\/script>\n<!-- \/ Yoast SEO plugin. -->","yoast_head_json":{"title":"Lola, Karneval Ausgabe H\u00e4kelmuster - Craftygenesindonesia","description":"Kaufen Sie hier mein H\u00e4kelmuster \"Lola, Karneval Ausgabe\". Das einfach zu befolgende H\u00e4kelmuster ist auch auf Haked.nl, Etsy & Ravelry erh\u00e4ltlich","robots":{"index":"index","follow":"follow","max-snippet":"max-snippet:-1","max-image-preview":"max-image-preview:large","max-video-preview":"max-video-preview:-1"},"canonical":"https:\/\/craftygenesindonesia.com\/de\/shop\/lola-puppen-hakelmuster\/lola-karneval-ausgabe\/","og_locale":"de_DE","og_type":"article","og_title":"\"Lola, Karneval Ausgabe\" H\u00e4kelmuster","og_description":"Kaufen Sie hier mein H\u00e4kelmuster \"Lola, Karneval Ausgabe\". Das einfach zu befolgende H\u00e4kelmuster ist auch auf Haked.nl, Etsy & Ravelry erh\u00e4ltlich","og_url":"https:\/\/craftygenesindonesia.com\/de\/shop\/lola-puppen-hakelmuster\/lola-karneval-ausgabe\/","og_site_name":"Craftygenesindonesia","article_modified_time":"2025-11-12T23:38:22+00:00","og_image":[{"url":"https:\/\/craftygenesindonesia.com\/wp-content\/uploads\/2022\/06\/Lola-Carnival-300x300.jpg","type":"","width":"","height":""}],"twitter_card":"summary_large_image","twitter_misc":{"Gesch\u00e4tzte Lesezeit":"1\u00a0Minute"},"schema":{"@context":"https:\/\/schema.org","@graph":[{"@type":"WebPage","@id":"https:\/\/craftygenesindonesia.com\/de\/shop\/lola-puppen-hakelmuster\/lola-karneval-ausgabe\/","url":"https:\/\/craftygenesindonesia.com\/de\/shop\/lola-puppen-hakelmuster\/lola-karneval-ausgabe\/","name":"Lola, Karneval Ausgabe H\u00e4kelmuster - Craftygenesindonesia","isPartOf":{"@id":"https:\/\/craftygenesindonesia.com\/de\/#website"},"primaryImageOfPage":{"@id":"https:\/\/craftygenesindonesia.com\/de\/shop\/lola-puppen-hakelmuster\/lola-karneval-ausgabe\/#primaryimage"},"image":{"@id":"https:\/\/craftygenesindonesia.com\/de\/shop\/lola-puppen-hakelmuster\/lola-karneval-ausgabe\/#primaryimage"},"thumbnailUrl":"https:\/\/craftygenesindonesia.com\/wp-content\/uploads\/2022\/06\/Lola-Carnival-1.jpg","datePublished":"2022-06-27T13:55:13+00:00","dateModified":"2025-11-12T23:38:22+00:00","description":"Kaufen Sie hier mein H\u00e4kelmuster \"Lola, Karneval Ausgabe\". Das einfach zu befolgende H\u00e4kelmuster ist auch auf Haked.nl, Etsy & Ravelry erh\u00e4ltlich","breadcrumb":{"@id":"https:\/\/craftygenesindonesia.com\/de\/shop\/lola-puppen-hakelmuster\/lola-karneval-ausgabe\/#breadcrumb"},"inLanguage":"de","potentialAction":[{"@type":"ReadAction","target":["https:\/\/craftygenesindonesia.com\/de\/shop\/lola-puppen-hakelmuster\/lola-karneval-ausgabe\/"]}]},{"@type":"ImageObject","inLanguage":"de","@id":"https:\/\/craftygenesindonesia.com\/de\/shop\/lola-puppen-hakelmuster\/lola-karneval-ausgabe\/#primaryimage","url":"https:\/\/craftygenesindonesia.com\/wp-content\/uploads\/2022\/06\/Lola-Carnival-1.jpg","contentUrl":"https:\/\/craftygenesindonesia.com\/wp-content\/uploads\/2022\/06\/Lola-Carnival-1.jpg","width":1080,"height":1080,"caption":"crochet carnival jester doll"},{"@type":"BreadcrumbList","@id":"https:\/\/craftygenesindonesia.com\/de\/shop\/lola-puppen-hakelmuster\/lola-karneval-ausgabe\/#breadcrumb","itemListElement":[{"@type":"ListItem","position":1,"name":"Home","item":"https:\/\/craftygenesindonesia.com\/de\/"},{"@type":"ListItem","position":2,"name":"Mustershop","item":"https:\/\/craftygenesindonesia.com\/de\/muster-shop\/"},{"@type":"ListItem","position":3,"name":"Lola, Karneval Ausgabe"}]},{"@type":"WebSite","@id":"https:\/\/craftygenesindonesia.com\/de\/#website","url":"https:\/\/craftygenesindonesia.com\/de\/","name":"Craftygenesindonesia","description":"","publisher":{"@id":"https:\/\/craftygenesindonesia.com\/de\/#organization"},"potentialAction":[{"@type":"SearchAction","target":{"@type":"EntryPoint","urlTemplate":"https:\/\/craftygenesindonesia.com\/de\/?s={search_term_string}"},"query-input":{"@type":"PropertyValueSpecification","valueRequired":true,"valueName":"search_term_string"}}],"inLanguage":"de"},{"@type":"Organization","@id":"https:\/\/craftygenesindonesia.com\/de\/#organization","name":"Craftygenesindonesia","url":"https:\/\/craftygenesindonesia.com\/de\/","logo":{"@type":"ImageObject","inLanguage":"de","@id":"https:\/\/craftygenesindonesia.com\/de\/#\/schema\/logo\/image\/","url":"https:\/\/craftygenesindonesia.com\/wp-content\/uploads\/2025\/11\/cropped-Copy-of-Craftygenesindonesia.jpg","contentUrl":"https:\/\/craftygenesindonesia.com\/wp-content\/uploads\/2025\/11\/cropped-Copy-of-Craftygenesindonesia.jpg","width":180,"height":60,"caption":"Craftygenesindonesia"},"image":{"@id":"https:\/\/craftygenesindonesia.com\/de\/#\/schema\/logo\/image\/"}}]}},"_links":{"self":[{"href":"https:\/\/craftygenesindonesia.com\/de\/wp-json\/wp\/v2\/product\/987529318","targetHints":{"allow":["GET"]}}],"collection":[{"href":"https:\/\/craftygenesindonesia.com\/de\/wp-json\/wp\/v2\/product"}],"about":[{"href":"https:\/\/craftygenesindonesia.com\/de\/wp-json\/wp\/v2\/types\/product"}],"replies":[{"embeddable":true,"href":"https:\/\/craftygenesindonesia.com\/de\/wp-json\/wp\/v2\/comments?post=987529318"}],"wp:featuredmedia":[{"embeddable":true,"href":"https:\/\/craftygenesindonesia.com\/de\/wp-json\/wp\/v2\/media\/987529319"}],"wp:attachment":[{"href":"https:\/\/craftygenesindonesia.com\/de\/wp-json\/wp\/v2\/media?parent=987529318"}],"wp:term":[{"taxonomy":"product_brand","embeddable":true,"href":"https:\/\/craftygenesindonesia.com\/de\/wp-json\/wp\/v2\/product_brand?post=987529318"},{"taxonomy":"product_cat","embeddable":true,"href":"https:\/\/craftygenesindonesia.com\/de\/wp-json\/wp\/v2\/product_cat?post=987529318"},{"taxonomy":"product_tag","embeddable":true,"href":"https:\/\/craftygenesindonesia.com\/de\/wp-json\/wp\/v2\/product_tag?post=987529318"}],"curies":[{"name":"wp","href":"https:\/\/api.w.org\/{rel}","templated":true}]}}