{"id":987529280,"date":"2022-06-27T05:38:05","date_gmt":"2022-06-26T21:38:05","guid":{"rendered":"https:\/\/craftygenesindonesia.com\/shop\/unkategorisiert\/for-the-fallen-marine\/"},"modified":"2025-11-13T07:46:46","modified_gmt":"2025-11-12T23:46:46","slug":"for-the-fallen-marine","status":"publish","type":"product","link":"https:\/\/craftygenesindonesia.com\/de\/shop\/damen-und-herren-hakelmuster\/for-the-fallen-marine\/","title":{"rendered":"For The Fallen Marine"},"content":{"rendered":"<p>Er ist 22,5 cm gro\u00df und wird mit einem f\u00fcr Amigurumi geeigneten Garn der St\u00e4rke &#8220;FINGERING&#8221; und einer H\u00e4kelnadel der Gr\u00f6\u00dfe 2 mm hergestellt.<\/p>\n<p>Sie ben\u00f6tigen folgende Farben: grau, hautfarben, schwarz, wei\u00df, marineblau, rot, blau<\/p>\n<p>H\u00e4kelnadel: Gr\u00f6\u00dfe 2 mm.<\/p>\n<p>Dieses Muster enth\u00e4lt ein schriftliches Muster und viele Bilder, um Ihnen zu helfen.<br \/>\nFalls du Probleme mit dem Verst\u00e4ndnis hast, kannst du mir gerne eine Nachricht schicken: <a href=\"mailto:craftygenesindonesia@gmail.com\">craftygenesindonesia@gmail.com<\/a><\/p>\n<p><strong>Dieses Muster ist nur f\u00fcr den pers\u00f6nlichen Gebrauch bestimmt und unterliegt dem COPYRIGHT. Das Muster ist daher nur f\u00fcr den pers\u00f6nlichen Gebrauch bestimmt und darf NICHT kopiert, verkauft, weiterverkauft, \u00fcbersetzt, als eigenes Design beansprucht, verteilt, geteilt, ver\u00f6ffentlicht, online gestellt werden&#8230; in keiner Form ohne meine Zustimmung. Nicht einmal ein Teil davon!! <\/strong><\/p>\n<p><strong>Sie d\u00fcrfen das fertige Produkt verkaufen, aber nicht das Muster selbst!<\/strong><\/p>\n","protected":false},"excerpt":{"rendered":"<p>Dies ist ein einfach zu befolgendes H\u00e4kelmuster f\u00fcr eines meiner For The Fallen M\u00e4nner = For The Fallen Marine. Zu Ehren all dieser tapferen M\u00e4nner und Frauen, die dienen\/gedient haben!<\/p>\n<p>Er ist Teil meines <a href=\"https:\/\/craftygenesindonesia.com\/de\/?attachment_id=987527594\" target=\"_blank\" rel=\"noopener\"><strong>For The Fallen Armed Forces<\/strong><\/a>-Musters.<\/p>\n","protected":false},"featured_media":987529281,"comment_status":"open","ping_status":"closed","template":"","meta":{"_acf_changed":false},"product_brand":[],"product_cat":[12177,12250,12182],"product_tag":[12466,12322,12189,12187,12185],"class_list":{"0":"post-987529280","1":"product","2":"type-product","3":"status-publish","4":"has-post-thumbnail","6":"product_cat-damen-und-herren-hakelmuster","7":"product_cat-gedenk-hakelmuster","8":"product_cat-militar-de","9":"product_tag-kriegsdenkmal","10":"product_tag-marine-de-2","11":"product_tag-militar-de","12":"product_tag-tag-des-gedenkens","13":"product_tag-tag-des-waffenstillstands","14":"pa_available_on-craftygenesindonesia","15":"pa_available_on-etsy","16":"pa_available_on-haked-nl","17":"pa_available_on-ravelry","18":"pa_languages-franzoesisch","19":"pa_languages-niederlaendisch","20":"pa_languages-spanisch","21":"pa_languages-us-englisch","23":"first","24":"instock","25":"downloadable","26":"virtual","27":"purchasable","28":"product-type-simple"},"acf":[],"yoast_head":"<!-- This site is optimized with the Yoast SEO plugin v27.3 - https:\/\/yoast.com\/product\/yoast-seo-wordpress\/ -->\n<title>For The Fallen Marine H\u00e4kelmuster - Craftygenesindonesia<\/title>\n<meta name=\"description\" content=\"Kaufen Sie hier mein &quot;For The Fallen Marine&quot; Matrosenh\u00e4kelmuster. Das einfach zu befolgende H\u00e4kelmuster ist auch auf Haked.nl, Etsy und Ravelry erh\u00e4ltlich.\" \/>\n<meta name=\"robots\" content=\"index, follow, max-snippet:-1, max-image-preview:large, max-video-preview:-1\" \/>\n<link rel=\"canonical\" href=\"https:\/\/craftygenesindonesia.com\/de\/shop\/damen-und-herren-hakelmuster\/for-the-fallen-marine\/\" \/>\n<meta property=\"og:locale\" content=\"de_DE\" \/>\n<meta property=\"og:type\" content=\"article\" \/>\n<meta property=\"og:title\" content=\"&quot;For The Fallen Marine&quot; Matrosen-H\u00e4kelmuster\" \/>\n<meta property=\"og:description\" content=\"Kaufen Sie hier mein &quot;For The Fallen Marine&quot; Matrosenh\u00e4kelmuster. Das einfach zu befolgende H\u00e4kelmuster ist auch auf Haked.nl, Etsy und Ravelry erh\u00e4ltlich.\" \/>\n<meta property=\"og:url\" content=\"https:\/\/craftygenesindonesia.com\/de\/shop\/damen-und-herren-hakelmuster\/for-the-fallen-marine\/\" \/>\n<meta property=\"og:site_name\" content=\"Craftygenesindonesia\" \/>\n<meta property=\"article:modified_time\" content=\"2025-11-12T23:46:46+00:00\" \/>\n<meta property=\"og:image\" content=\"https:\/\/craftygenesindonesia.com\/wp-content\/uploads\/2022\/06\/For-the-Fallen-Navy-1-300x300.jpg\" \/>\n<meta name=\"twitter:card\" content=\"summary_large_image\" \/>\n<meta name=\"twitter:label1\" content=\"Gesch\u00e4tzte Lesezeit\" \/>\n\t<meta name=\"twitter:data1\" content=\"1\u00a0Minute\" \/>\n<script type=\"application\/ld+json\" class=\"yoast-schema-graph\">{\"@context\":\"https:\\\/\\\/schema.org\",\"@graph\":[{\"@type\":\"WebPage\",\"@id\":\"https:\\\/\\\/craftygenesindonesia.com\\\/de\\\/shop\\\/damen-und-herren-hakelmuster\\\/for-the-fallen-marine\\\/\",\"url\":\"https:\\\/\\\/craftygenesindonesia.com\\\/de\\\/shop\\\/damen-und-herren-hakelmuster\\\/for-the-fallen-marine\\\/\",\"name\":\"For The Fallen Marine H\u00e4kelmuster - Craftygenesindonesia\",\"isPartOf\":{\"@id\":\"https:\\\/\\\/craftygenesindonesia.com\\\/de\\\/#website\"},\"primaryImageOfPage\":{\"@id\":\"https:\\\/\\\/craftygenesindonesia.com\\\/de\\\/shop\\\/damen-und-herren-hakelmuster\\\/for-the-fallen-marine\\\/#primaryimage\"},\"image\":{\"@id\":\"https:\\\/\\\/craftygenesindonesia.com\\\/de\\\/shop\\\/damen-und-herren-hakelmuster\\\/for-the-fallen-marine\\\/#primaryimage\"},\"thumbnailUrl\":\"https:\\\/\\\/craftygenesindonesia.com\\\/wp-content\\\/uploads\\\/2022\\\/06\\\/For-the-Fallen-Navy-1.jpg\",\"datePublished\":\"2022-06-26T21:38:05+00:00\",\"dateModified\":\"2025-11-12T23:46:46+00:00\",\"description\":\"Kaufen Sie hier mein \\\"For The Fallen Marine\\\" Matrosenh\u00e4kelmuster. Das einfach zu befolgende H\u00e4kelmuster ist auch auf Haked.nl, Etsy und Ravelry erh\u00e4ltlich.\",\"breadcrumb\":{\"@id\":\"https:\\\/\\\/craftygenesindonesia.com\\\/de\\\/shop\\\/damen-und-herren-hakelmuster\\\/for-the-fallen-marine\\\/#breadcrumb\"},\"inLanguage\":\"de\",\"potentialAction\":[{\"@type\":\"ReadAction\",\"target\":[\"https:\\\/\\\/craftygenesindonesia.com\\\/de\\\/shop\\\/damen-und-herren-hakelmuster\\\/for-the-fallen-marine\\\/\"]}]},{\"@type\":\"ImageObject\",\"inLanguage\":\"de\",\"@id\":\"https:\\\/\\\/craftygenesindonesia.com\\\/de\\\/shop\\\/damen-und-herren-hakelmuster\\\/for-the-fallen-marine\\\/#primaryimage\",\"url\":\"https:\\\/\\\/craftygenesindonesia.com\\\/wp-content\\\/uploads\\\/2022\\\/06\\\/For-the-Fallen-Navy-1.jpg\",\"contentUrl\":\"https:\\\/\\\/craftygenesindonesia.com\\\/wp-content\\\/uploads\\\/2022\\\/06\\\/For-the-Fallen-Navy-1.jpg\",\"width\":1080,\"height\":1080},{\"@type\":\"BreadcrumbList\",\"@id\":\"https:\\\/\\\/craftygenesindonesia.com\\\/de\\\/shop\\\/damen-und-herren-hakelmuster\\\/for-the-fallen-marine\\\/#breadcrumb\",\"itemListElement\":[{\"@type\":\"ListItem\",\"position\":1,\"name\":\"Home\",\"item\":\"https:\\\/\\\/craftygenesindonesia.com\\\/de\\\/\"},{\"@type\":\"ListItem\",\"position\":2,\"name\":\"Mustershop\",\"item\":\"https:\\\/\\\/craftygenesindonesia.com\\\/de\\\/muster-shop\\\/\"},{\"@type\":\"ListItem\",\"position\":3,\"name\":\"For The Fallen Marine\"}]},{\"@type\":\"WebSite\",\"@id\":\"https:\\\/\\\/craftygenesindonesia.com\\\/de\\\/#website\",\"url\":\"https:\\\/\\\/craftygenesindonesia.com\\\/de\\\/\",\"name\":\"Craftygenesindonesia\",\"description\":\"\",\"publisher\":{\"@id\":\"https:\\\/\\\/craftygenesindonesia.com\\\/de\\\/#organization\"},\"potentialAction\":[{\"@type\":\"SearchAction\",\"target\":{\"@type\":\"EntryPoint\",\"urlTemplate\":\"https:\\\/\\\/craftygenesindonesia.com\\\/de\\\/?s={search_term_string}\"},\"query-input\":{\"@type\":\"PropertyValueSpecification\",\"valueRequired\":true,\"valueName\":\"search_term_string\"}}],\"inLanguage\":\"de\"},{\"@type\":\"Organization\",\"@id\":\"https:\\\/\\\/craftygenesindonesia.com\\\/de\\\/#organization\",\"name\":\"Craftygenesindonesia\",\"url\":\"https:\\\/\\\/craftygenesindonesia.com\\\/de\\\/\",\"logo\":{\"@type\":\"ImageObject\",\"inLanguage\":\"de\",\"@id\":\"https:\\\/\\\/craftygenesindonesia.com\\\/de\\\/#\\\/schema\\\/logo\\\/image\\\/\",\"url\":\"https:\\\/\\\/craftygenesindonesia.com\\\/wp-content\\\/uploads\\\/2025\\\/11\\\/cropped-Copy-of-Craftygenesindonesia.jpg\",\"contentUrl\":\"https:\\\/\\\/craftygenesindonesia.com\\\/wp-content\\\/uploads\\\/2025\\\/11\\\/cropped-Copy-of-Craftygenesindonesia.jpg\",\"width\":180,\"height\":60,\"caption\":\"Craftygenesindonesia\"},\"image\":{\"@id\":\"https:\\\/\\\/craftygenesindonesia.com\\\/de\\\/#\\\/schema\\\/logo\\\/image\\\/\"}}]}<\/script>\n<!-- \/ Yoast SEO plugin. -->","yoast_head_json":{"title":"For The Fallen Marine H\u00e4kelmuster - Craftygenesindonesia","description":"Kaufen Sie hier mein \"For The Fallen Marine\" Matrosenh\u00e4kelmuster. Das einfach zu befolgende H\u00e4kelmuster ist auch auf Haked.nl, Etsy und Ravelry erh\u00e4ltlich.","robots":{"index":"index","follow":"follow","max-snippet":"max-snippet:-1","max-image-preview":"max-image-preview:large","max-video-preview":"max-video-preview:-1"},"canonical":"https:\/\/craftygenesindonesia.com\/de\/shop\/damen-und-herren-hakelmuster\/for-the-fallen-marine\/","og_locale":"de_DE","og_type":"article","og_title":"\"For The Fallen Marine\" Matrosen-H\u00e4kelmuster","og_description":"Kaufen Sie hier mein \"For The Fallen Marine\" Matrosenh\u00e4kelmuster. Das einfach zu befolgende H\u00e4kelmuster ist auch auf Haked.nl, Etsy und Ravelry erh\u00e4ltlich.","og_url":"https:\/\/craftygenesindonesia.com\/de\/shop\/damen-und-herren-hakelmuster\/for-the-fallen-marine\/","og_site_name":"Craftygenesindonesia","article_modified_time":"2025-11-12T23:46:46+00:00","og_image":[{"url":"https:\/\/craftygenesindonesia.com\/wp-content\/uploads\/2022\/06\/For-the-Fallen-Navy-1-300x300.jpg","type":"","width":"","height":""}],"twitter_card":"summary_large_image","twitter_misc":{"Gesch\u00e4tzte Lesezeit":"1\u00a0Minute"},"schema":{"@context":"https:\/\/schema.org","@graph":[{"@type":"WebPage","@id":"https:\/\/craftygenesindonesia.com\/de\/shop\/damen-und-herren-hakelmuster\/for-the-fallen-marine\/","url":"https:\/\/craftygenesindonesia.com\/de\/shop\/damen-und-herren-hakelmuster\/for-the-fallen-marine\/","name":"For The Fallen Marine H\u00e4kelmuster - Craftygenesindonesia","isPartOf":{"@id":"https:\/\/craftygenesindonesia.com\/de\/#website"},"primaryImageOfPage":{"@id":"https:\/\/craftygenesindonesia.com\/de\/shop\/damen-und-herren-hakelmuster\/for-the-fallen-marine\/#primaryimage"},"image":{"@id":"https:\/\/craftygenesindonesia.com\/de\/shop\/damen-und-herren-hakelmuster\/for-the-fallen-marine\/#primaryimage"},"thumbnailUrl":"https:\/\/craftygenesindonesia.com\/wp-content\/uploads\/2022\/06\/For-the-Fallen-Navy-1.jpg","datePublished":"2022-06-26T21:38:05+00:00","dateModified":"2025-11-12T23:46:46+00:00","description":"Kaufen Sie hier mein \"For The Fallen Marine\" Matrosenh\u00e4kelmuster. Das einfach zu befolgende H\u00e4kelmuster ist auch auf Haked.nl, Etsy und Ravelry erh\u00e4ltlich.","breadcrumb":{"@id":"https:\/\/craftygenesindonesia.com\/de\/shop\/damen-und-herren-hakelmuster\/for-the-fallen-marine\/#breadcrumb"},"inLanguage":"de","potentialAction":[{"@type":"ReadAction","target":["https:\/\/craftygenesindonesia.com\/de\/shop\/damen-und-herren-hakelmuster\/for-the-fallen-marine\/"]}]},{"@type":"ImageObject","inLanguage":"de","@id":"https:\/\/craftygenesindonesia.com\/de\/shop\/damen-und-herren-hakelmuster\/for-the-fallen-marine\/#primaryimage","url":"https:\/\/craftygenesindonesia.com\/wp-content\/uploads\/2022\/06\/For-the-Fallen-Navy-1.jpg","contentUrl":"https:\/\/craftygenesindonesia.com\/wp-content\/uploads\/2022\/06\/For-the-Fallen-Navy-1.jpg","width":1080,"height":1080},{"@type":"BreadcrumbList","@id":"https:\/\/craftygenesindonesia.com\/de\/shop\/damen-und-herren-hakelmuster\/for-the-fallen-marine\/#breadcrumb","itemListElement":[{"@type":"ListItem","position":1,"name":"Home","item":"https:\/\/craftygenesindonesia.com\/de\/"},{"@type":"ListItem","position":2,"name":"Mustershop","item":"https:\/\/craftygenesindonesia.com\/de\/muster-shop\/"},{"@type":"ListItem","position":3,"name":"For The Fallen Marine"}]},{"@type":"WebSite","@id":"https:\/\/craftygenesindonesia.com\/de\/#website","url":"https:\/\/craftygenesindonesia.com\/de\/","name":"Craftygenesindonesia","description":"","publisher":{"@id":"https:\/\/craftygenesindonesia.com\/de\/#organization"},"potentialAction":[{"@type":"SearchAction","target":{"@type":"EntryPoint","urlTemplate":"https:\/\/craftygenesindonesia.com\/de\/?s={search_term_string}"},"query-input":{"@type":"PropertyValueSpecification","valueRequired":true,"valueName":"search_term_string"}}],"inLanguage":"de"},{"@type":"Organization","@id":"https:\/\/craftygenesindonesia.com\/de\/#organization","name":"Craftygenesindonesia","url":"https:\/\/craftygenesindonesia.com\/de\/","logo":{"@type":"ImageObject","inLanguage":"de","@id":"https:\/\/craftygenesindonesia.com\/de\/#\/schema\/logo\/image\/","url":"https:\/\/craftygenesindonesia.com\/wp-content\/uploads\/2025\/11\/cropped-Copy-of-Craftygenesindonesia.jpg","contentUrl":"https:\/\/craftygenesindonesia.com\/wp-content\/uploads\/2025\/11\/cropped-Copy-of-Craftygenesindonesia.jpg","width":180,"height":60,"caption":"Craftygenesindonesia"},"image":{"@id":"https:\/\/craftygenesindonesia.com\/de\/#\/schema\/logo\/image\/"}}]}},"_links":{"self":[{"href":"https:\/\/craftygenesindonesia.com\/de\/wp-json\/wp\/v2\/product\/987529280","targetHints":{"allow":["GET"]}}],"collection":[{"href":"https:\/\/craftygenesindonesia.com\/de\/wp-json\/wp\/v2\/product"}],"about":[{"href":"https:\/\/craftygenesindonesia.com\/de\/wp-json\/wp\/v2\/types\/product"}],"replies":[{"embeddable":true,"href":"https:\/\/craftygenesindonesia.com\/de\/wp-json\/wp\/v2\/comments?post=987529280"}],"wp:featuredmedia":[{"embeddable":true,"href":"https:\/\/craftygenesindonesia.com\/de\/wp-json\/wp\/v2\/media\/987529281"}],"wp:attachment":[{"href":"https:\/\/craftygenesindonesia.com\/de\/wp-json\/wp\/v2\/media?parent=987529280"}],"wp:term":[{"taxonomy":"product_brand","embeddable":true,"href":"https:\/\/craftygenesindonesia.com\/de\/wp-json\/wp\/v2\/product_brand?post=987529280"},{"taxonomy":"product_cat","embeddable":true,"href":"https:\/\/craftygenesindonesia.com\/de\/wp-json\/wp\/v2\/product_cat?post=987529280"},{"taxonomy":"product_tag","embeddable":true,"href":"https:\/\/craftygenesindonesia.com\/de\/wp-json\/wp\/v2\/product_tag?post=987529280"}],"curies":[{"name":"wp","href":"https:\/\/api.w.org\/{rel}","templated":true}]}}