{"id":987529174,"date":"2022-11-19T07:26:42","date_gmt":"2022-11-18T23:26:42","guid":{"rendered":"https:\/\/craftygenesindonesia.com\/shop\/unkategorisiert\/for-our-guardians-strickmuster\/"},"modified":"2025-11-13T05:21:15","modified_gmt":"2025-11-12T21:21:15","slug":"for-our-guardians-strickmuster","status":"publish","type":"product","link":"https:\/\/craftygenesindonesia.com\/de\/shop\/militar-de\/for-our-guardians-strickmuster\/","title":{"rendered":"For Our Guardians Strickmuster"},"content":{"rendered":"<p>(dies ist die GESTRICHENE VERSION MEINES SOLDIER MUSTERS. F\u00fcr eine geh\u00e4kelte Version, schauen Sie sich bitte meine geh\u00e4kelte <a href=\"https:\/\/craftygenesindonesia.com\/de\/?attachment_id=987531288\" target=\"_blank\" rel=\"noopener\"><strong>FOR THE FALLEN MUSTER<\/strong><\/a>)<br \/>\n<strong>Aktualisierung: Am 17. September 2023 habe ich einen Tippfehler in Zeile 29 korrigiert. Dies sollte 16 und nicht 19 sein. <\/strong><\/p>\n<p>Dieser gestrickte Soldat ist 23cm oder 9inches gro\u00df und er ist mit &#8220;FINGERING&#8221; Gewicht Garn geeignet f\u00fcr Amigurumi und Gr\u00f6\u00dfe 2mm gerade Stricknadeln gemacht.<\/p>\n<p>Du brauchst folgende Farben: beige &#8211; braun &#8211; grau &#8211; gr\u00fcn (eine Art Moosgr\u00fcn) &#8211; hautfarben &#8211; rot &#8211; einheitlich braun und einen Strang schwarz<\/p>\n<p>Au\u00dferdem brauchst du: F\u00fcllung &#8211; Gobelin-Nadel &#8211; Schere &#8211; Bleistift &#8211; Kleber &#8211; Klebenadel &#8211; N\u00e4hnadeln &#8211; Pappe &#8211; 14-mm-Sicherheits\u00f6se\/St\u00fcck schwarzer Filz\/schwarzer Knopf<\/p>\n<p>Stricknadeln: 2 mm gerade Stricknadeln<\/p>\n<p>Dieses Muster enth\u00e4lt ein schriftliches Muster und viele Bilder, um Ihnen zu helfen.<br \/>\nFalls du Probleme mit dem Verst\u00e4ndnis hast, kannst du mir gerne eine Nachricht schicken: <a href=\"mailto:craftygenesindonesia@gmail.com\">craftygenesindonesia@gmail.com<\/a><\/p>\n<p><strong>Dieses Muster ist nur f\u00fcr den pers\u00f6nlichen Gebrauch bestimmt und unterliegt dem COPYRIGHT. Das Muster ist daher nur f\u00fcr den pers\u00f6nlichen Gebrauch bestimmt und darf NICHT kopiert, verkauft, weiterverkauft, \u00fcbersetzt, als eigenes Design beansprucht, verteilt, geteilt, ver\u00f6ffentlicht, online gestellt werden&#8230; in keiner Form ohne meine Zustimmung. Nicht einmal ein Teil davon!! <\/strong><\/p>\n<p><strong>Sie d\u00fcrfen das fertige Produkt verkaufen, aber nicht das Muster selbst!<\/strong><\/p>\n","protected":false},"excerpt":{"rendered":"<p>Die lang erwartete <strong>gestrickte<\/strong> Version meines For The Fallen H\u00e4kelsoldaten ist da!!! Wer strickt, kann jetzt auch meinen Soldaten machen. Ich w\u00fcnsche euch viel Spa\u00df beim Stricken dieses kleinen Mannes&#8230;<\/p>\n<p>Klicken Sie <a href=\"https:\/\/craftygenesindonesia.com\/de\/?attachment_id=987531288\" target=\"_blank\" rel=\"noopener\"><strong>hier<\/strong><\/a>, wenn Sie eine geh\u00e4kelte Version meines Soldaten haben m\u00f6chten.<\/p>\n","protected":false},"featured_media":987529175,"comment_status":"open","ping_status":"closed","template":"","meta":{"_acf_changed":false},"product_brand":[],"product_cat":[12182,12295],"product_tag":[12186,12319,12565,12300,12466,12189,12190,12188,12298,12187,12185],"class_list":{"0":"post-987529174","1":"product","2":"type-product","3":"status-publish","4":"has-post-thumbnail","6":"product_cat-militar-de","7":"product_cat-strickmuster","8":"product_tag-armee","9":"product_tag-gedenktag","10":"product_tag-gestrickter-soldat","11":"product_tag-knitting-de","12":"product_tag-kriegsdenkmal","13":"product_tag-militar-de","14":"product_tag-mohn","15":"product_tag-soldat-de","16":"product_tag-strickmuster","17":"product_tag-tag-des-gedenkens","18":"product_tag-tag-des-waffenstillstands","19":"pa_available_on-craftygenesindonesia","20":"pa_available_on-etsy","21":"pa_available_on-haked-nl","22":"pa_available_on-payhip","23":"pa_available_on-ravelry","24":"pa_languages-franzoesisch","25":"pa_languages-niederlaendisch","26":"pa_languages-spanisch","27":"pa_languages-us-englisch","29":"first","30":"instock","31":"downloadable","32":"virtual","33":"purchasable","34":"product-type-simple"},"acf":[],"yoast_head":"<!-- This site is optimized with the Yoast SEO plugin v27.3 - https:\/\/yoast.com\/product\/yoast-seo-wordpress\/ -->\n<title>For Our Guardians Strickmuster - Craftygenesindonesia<\/title>\n<meta name=\"description\" content=\"Kaufen Sie hier mein Strickmuster &quot;For Our Guardians&quot;. Das einfach zu befolgende Strickmuster ist auch auf Etsy, Ravelry, Haked\" \/>\n<meta name=\"robots\" content=\"index, follow, max-snippet:-1, max-image-preview:large, max-video-preview:-1\" \/>\n<link rel=\"canonical\" href=\"https:\/\/craftygenesindonesia.com\/de\/shop\/militar-de\/for-our-guardians-strickmuster\/\" \/>\n<meta property=\"og:locale\" content=\"de_DE\" \/>\n<meta property=\"og:type\" content=\"article\" \/>\n<meta property=\"og:title\" content=\"&quot;For Our Guardians&quot; Strickmuster\" \/>\n<meta property=\"og:description\" content=\"Kaufen Sie hier mein Strickmuster &quot;For Our Guardians&quot;. Das einfach zu befolgende Strickmuster ist auch auf Etsy, Ravelry, Haked\" \/>\n<meta property=\"og:url\" content=\"https:\/\/craftygenesindonesia.com\/de\/shop\/militar-de\/for-our-guardians-strickmuster\/\" \/>\n<meta property=\"og:site_name\" content=\"Craftygenesindonesia\" \/>\n<meta property=\"article:modified_time\" content=\"2025-11-12T21:21:15+00:00\" \/>\n<meta property=\"og:image\" content=\"https:\/\/craftygenesindonesia.com\/wp-content\/uploads\/2022\/11\/For-our-Guardians-1-1-300x300.jpg\" \/>\n<meta name=\"twitter:card\" content=\"summary_large_image\" \/>\n<meta name=\"twitter:title\" content=\"For Our Guardians Strickmuster\" \/>\n<meta name=\"twitter:description\" content=\"Kaufen Sie hier mein For Our Guardians-Strickmuster. Mit Links zu den Mustern auf Etsy, Ravelry, Haked\" \/>\n<meta name=\"twitter:image\" content=\"https:\/\/craftygenesindonesia.com\/wp-content\/uploads\/2022\/11\/image1-18-1024x1024.jpeg\" \/>\n<meta name=\"twitter:label1\" content=\"Gesch\u00e4tzte Lesezeit\" \/>\n\t<meta name=\"twitter:data1\" content=\"2\u00a0Minuten\" \/>\n<script type=\"application\/ld+json\" class=\"yoast-schema-graph\">{\"@context\":\"https:\\\/\\\/schema.org\",\"@graph\":[{\"@type\":\"WebPage\",\"@id\":\"https:\\\/\\\/craftygenesindonesia.com\\\/de\\\/shop\\\/militar-de\\\/for-our-guardians-strickmuster\\\/\",\"url\":\"https:\\\/\\\/craftygenesindonesia.com\\\/de\\\/shop\\\/militar-de\\\/for-our-guardians-strickmuster\\\/\",\"name\":\"For Our Guardians Strickmuster - Craftygenesindonesia\",\"isPartOf\":{\"@id\":\"https:\\\/\\\/craftygenesindonesia.com\\\/de\\\/#website\"},\"primaryImageOfPage\":{\"@id\":\"https:\\\/\\\/craftygenesindonesia.com\\\/de\\\/shop\\\/militar-de\\\/for-our-guardians-strickmuster\\\/#primaryimage\"},\"image\":{\"@id\":\"https:\\\/\\\/craftygenesindonesia.com\\\/de\\\/shop\\\/militar-de\\\/for-our-guardians-strickmuster\\\/#primaryimage\"},\"thumbnailUrl\":\"https:\\\/\\\/craftygenesindonesia.com\\\/wp-content\\\/uploads\\\/2022\\\/11\\\/For-our-Guardians-1-1.jpg\",\"datePublished\":\"2022-11-18T23:26:42+00:00\",\"dateModified\":\"2025-11-12T21:21:15+00:00\",\"description\":\"Kaufen Sie hier mein Strickmuster \\\"For Our Guardians\\\". Das einfach zu befolgende Strickmuster ist auch auf Etsy, Ravelry, Haked\",\"breadcrumb\":{\"@id\":\"https:\\\/\\\/craftygenesindonesia.com\\\/de\\\/shop\\\/militar-de\\\/for-our-guardians-strickmuster\\\/#breadcrumb\"},\"inLanguage\":\"de\",\"potentialAction\":[{\"@type\":\"ReadAction\",\"target\":[\"https:\\\/\\\/craftygenesindonesia.com\\\/de\\\/shop\\\/militar-de\\\/for-our-guardians-strickmuster\\\/\"]}]},{\"@type\":\"ImageObject\",\"inLanguage\":\"de\",\"@id\":\"https:\\\/\\\/craftygenesindonesia.com\\\/de\\\/shop\\\/militar-de\\\/for-our-guardians-strickmuster\\\/#primaryimage\",\"url\":\"https:\\\/\\\/craftygenesindonesia.com\\\/wp-content\\\/uploads\\\/2022\\\/11\\\/For-our-Guardians-1-1.jpg\",\"contentUrl\":\"https:\\\/\\\/craftygenesindonesia.com\\\/wp-content\\\/uploads\\\/2022\\\/11\\\/For-our-Guardians-1-1.jpg\",\"width\":1080,\"height\":1080},{\"@type\":\"BreadcrumbList\",\"@id\":\"https:\\\/\\\/craftygenesindonesia.com\\\/de\\\/shop\\\/militar-de\\\/for-our-guardians-strickmuster\\\/#breadcrumb\",\"itemListElement\":[{\"@type\":\"ListItem\",\"position\":1,\"name\":\"Home\",\"item\":\"https:\\\/\\\/craftygenesindonesia.com\\\/de\\\/\"},{\"@type\":\"ListItem\",\"position\":2,\"name\":\"Mustershop\",\"item\":\"https:\\\/\\\/craftygenesindonesia.com\\\/de\\\/muster-shop\\\/\"},{\"@type\":\"ListItem\",\"position\":3,\"name\":\"For Our Guardians Strickmuster\"}]},{\"@type\":\"WebSite\",\"@id\":\"https:\\\/\\\/craftygenesindonesia.com\\\/de\\\/#website\",\"url\":\"https:\\\/\\\/craftygenesindonesia.com\\\/de\\\/\",\"name\":\"Craftygenesindonesia\",\"description\":\"\",\"publisher\":{\"@id\":\"https:\\\/\\\/craftygenesindonesia.com\\\/de\\\/#organization\"},\"potentialAction\":[{\"@type\":\"SearchAction\",\"target\":{\"@type\":\"EntryPoint\",\"urlTemplate\":\"https:\\\/\\\/craftygenesindonesia.com\\\/de\\\/?s={search_term_string}\"},\"query-input\":{\"@type\":\"PropertyValueSpecification\",\"valueRequired\":true,\"valueName\":\"search_term_string\"}}],\"inLanguage\":\"de\"},{\"@type\":\"Organization\",\"@id\":\"https:\\\/\\\/craftygenesindonesia.com\\\/de\\\/#organization\",\"name\":\"Craftygenesindonesia\",\"url\":\"https:\\\/\\\/craftygenesindonesia.com\\\/de\\\/\",\"logo\":{\"@type\":\"ImageObject\",\"inLanguage\":\"de\",\"@id\":\"https:\\\/\\\/craftygenesindonesia.com\\\/de\\\/#\\\/schema\\\/logo\\\/image\\\/\",\"url\":\"https:\\\/\\\/craftygenesindonesia.com\\\/wp-content\\\/uploads\\\/2025\\\/11\\\/cropped-Copy-of-Craftygenesindonesia.jpg\",\"contentUrl\":\"https:\\\/\\\/craftygenesindonesia.com\\\/wp-content\\\/uploads\\\/2025\\\/11\\\/cropped-Copy-of-Craftygenesindonesia.jpg\",\"width\":180,\"height\":60,\"caption\":\"Craftygenesindonesia\"},\"image\":{\"@id\":\"https:\\\/\\\/craftygenesindonesia.com\\\/de\\\/#\\\/schema\\\/logo\\\/image\\\/\"}}]}<\/script>\n<!-- \/ Yoast SEO plugin. -->","yoast_head_json":{"title":"For Our Guardians Strickmuster - Craftygenesindonesia","description":"Kaufen Sie hier mein Strickmuster \"For Our Guardians\". Das einfach zu befolgende Strickmuster ist auch auf Etsy, Ravelry, Haked","robots":{"index":"index","follow":"follow","max-snippet":"max-snippet:-1","max-image-preview":"max-image-preview:large","max-video-preview":"max-video-preview:-1"},"canonical":"https:\/\/craftygenesindonesia.com\/de\/shop\/militar-de\/for-our-guardians-strickmuster\/","og_locale":"de_DE","og_type":"article","og_title":"\"For Our Guardians\" Strickmuster","og_description":"Kaufen Sie hier mein Strickmuster \"For Our Guardians\". Das einfach zu befolgende Strickmuster ist auch auf Etsy, Ravelry, Haked","og_url":"https:\/\/craftygenesindonesia.com\/de\/shop\/militar-de\/for-our-guardians-strickmuster\/","og_site_name":"Craftygenesindonesia","article_modified_time":"2025-11-12T21:21:15+00:00","og_image":[{"url":"https:\/\/craftygenesindonesia.com\/wp-content\/uploads\/2022\/11\/For-our-Guardians-1-1-300x300.jpg","type":"","width":"","height":""}],"twitter_card":"summary_large_image","twitter_title":"For Our Guardians Strickmuster","twitter_description":"Kaufen Sie hier mein For Our Guardians-Strickmuster. Mit Links zu den Mustern auf Etsy, Ravelry, Haked","twitter_image":"https:\/\/craftygenesindonesia.com\/wp-content\/uploads\/2022\/11\/image1-18-1024x1024.jpeg","twitter_misc":{"Gesch\u00e4tzte Lesezeit":"2\u00a0Minuten"},"schema":{"@context":"https:\/\/schema.org","@graph":[{"@type":"WebPage","@id":"https:\/\/craftygenesindonesia.com\/de\/shop\/militar-de\/for-our-guardians-strickmuster\/","url":"https:\/\/craftygenesindonesia.com\/de\/shop\/militar-de\/for-our-guardians-strickmuster\/","name":"For Our Guardians Strickmuster - Craftygenesindonesia","isPartOf":{"@id":"https:\/\/craftygenesindonesia.com\/de\/#website"},"primaryImageOfPage":{"@id":"https:\/\/craftygenesindonesia.com\/de\/shop\/militar-de\/for-our-guardians-strickmuster\/#primaryimage"},"image":{"@id":"https:\/\/craftygenesindonesia.com\/de\/shop\/militar-de\/for-our-guardians-strickmuster\/#primaryimage"},"thumbnailUrl":"https:\/\/craftygenesindonesia.com\/wp-content\/uploads\/2022\/11\/For-our-Guardians-1-1.jpg","datePublished":"2022-11-18T23:26:42+00:00","dateModified":"2025-11-12T21:21:15+00:00","description":"Kaufen Sie hier mein Strickmuster \"For Our Guardians\". Das einfach zu befolgende Strickmuster ist auch auf Etsy, Ravelry, Haked","breadcrumb":{"@id":"https:\/\/craftygenesindonesia.com\/de\/shop\/militar-de\/for-our-guardians-strickmuster\/#breadcrumb"},"inLanguage":"de","potentialAction":[{"@type":"ReadAction","target":["https:\/\/craftygenesindonesia.com\/de\/shop\/militar-de\/for-our-guardians-strickmuster\/"]}]},{"@type":"ImageObject","inLanguage":"de","@id":"https:\/\/craftygenesindonesia.com\/de\/shop\/militar-de\/for-our-guardians-strickmuster\/#primaryimage","url":"https:\/\/craftygenesindonesia.com\/wp-content\/uploads\/2022\/11\/For-our-Guardians-1-1.jpg","contentUrl":"https:\/\/craftygenesindonesia.com\/wp-content\/uploads\/2022\/11\/For-our-Guardians-1-1.jpg","width":1080,"height":1080},{"@type":"BreadcrumbList","@id":"https:\/\/craftygenesindonesia.com\/de\/shop\/militar-de\/for-our-guardians-strickmuster\/#breadcrumb","itemListElement":[{"@type":"ListItem","position":1,"name":"Home","item":"https:\/\/craftygenesindonesia.com\/de\/"},{"@type":"ListItem","position":2,"name":"Mustershop","item":"https:\/\/craftygenesindonesia.com\/de\/muster-shop\/"},{"@type":"ListItem","position":3,"name":"For Our Guardians Strickmuster"}]},{"@type":"WebSite","@id":"https:\/\/craftygenesindonesia.com\/de\/#website","url":"https:\/\/craftygenesindonesia.com\/de\/","name":"Craftygenesindonesia","description":"","publisher":{"@id":"https:\/\/craftygenesindonesia.com\/de\/#organization"},"potentialAction":[{"@type":"SearchAction","target":{"@type":"EntryPoint","urlTemplate":"https:\/\/craftygenesindonesia.com\/de\/?s={search_term_string}"},"query-input":{"@type":"PropertyValueSpecification","valueRequired":true,"valueName":"search_term_string"}}],"inLanguage":"de"},{"@type":"Organization","@id":"https:\/\/craftygenesindonesia.com\/de\/#organization","name":"Craftygenesindonesia","url":"https:\/\/craftygenesindonesia.com\/de\/","logo":{"@type":"ImageObject","inLanguage":"de","@id":"https:\/\/craftygenesindonesia.com\/de\/#\/schema\/logo\/image\/","url":"https:\/\/craftygenesindonesia.com\/wp-content\/uploads\/2025\/11\/cropped-Copy-of-Craftygenesindonesia.jpg","contentUrl":"https:\/\/craftygenesindonesia.com\/wp-content\/uploads\/2025\/11\/cropped-Copy-of-Craftygenesindonesia.jpg","width":180,"height":60,"caption":"Craftygenesindonesia"},"image":{"@id":"https:\/\/craftygenesindonesia.com\/de\/#\/schema\/logo\/image\/"}}]}},"_links":{"self":[{"href":"https:\/\/craftygenesindonesia.com\/de\/wp-json\/wp\/v2\/product\/987529174","targetHints":{"allow":["GET"]}}],"collection":[{"href":"https:\/\/craftygenesindonesia.com\/de\/wp-json\/wp\/v2\/product"}],"about":[{"href":"https:\/\/craftygenesindonesia.com\/de\/wp-json\/wp\/v2\/types\/product"}],"replies":[{"embeddable":true,"href":"https:\/\/craftygenesindonesia.com\/de\/wp-json\/wp\/v2\/comments?post=987529174"}],"wp:featuredmedia":[{"embeddable":true,"href":"https:\/\/craftygenesindonesia.com\/de\/wp-json\/wp\/v2\/media\/987529175"}],"wp:attachment":[{"href":"https:\/\/craftygenesindonesia.com\/de\/wp-json\/wp\/v2\/media?parent=987529174"}],"wp:term":[{"taxonomy":"product_brand","embeddable":true,"href":"https:\/\/craftygenesindonesia.com\/de\/wp-json\/wp\/v2\/product_brand?post=987529174"},{"taxonomy":"product_cat","embeddable":true,"href":"https:\/\/craftygenesindonesia.com\/de\/wp-json\/wp\/v2\/product_cat?post=987529174"},{"taxonomy":"product_tag","embeddable":true,"href":"https:\/\/craftygenesindonesia.com\/de\/wp-json\/wp\/v2\/product_tag?post=987529174"}],"curies":[{"name":"wp","href":"https:\/\/api.w.org\/{rel}","templated":true}]}}