{"id":987529158,"date":"2022-10-29T12:14:44","date_gmt":"2022-10-29T04:14:44","guid":{"rendered":"https:\/\/craftygenesindonesia.com\/shop\/unkategorisiert\/der-angelica-weihnachtsengel\/"},"modified":"2025-11-13T05:25:17","modified_gmt":"2025-11-12T21:25:17","slug":"der-angelica-weihnachtsengel","status":"publish","type":"product","link":"https:\/\/craftygenesindonesia.com\/de\/shop\/weihnachts-hakelmuster\/der-angelica-weihnachtsengel\/","title":{"rendered":"Der Angelica-Weihnachtsengel"},"content":{"rendered":"<p>(Sie kann als Weihnachtsfigur, aber auch als Christbaumschmuck verwendet werden)<\/p>\n<p>Gr\u00f6\u00dfe: Der Engel ist 28cm\/11inch gro\u00df<\/p>\n<p>Garn: wird mit einem f\u00fcr Amigurumi geeigneten Garn der St\u00e4rke &#8220;FINGERING&#8221; und einer H\u00e4kelnadel der Gr\u00f6\u00dfe 2mm hergestellt.<\/p>\n<p>Sie ben\u00f6tigen folgende Farben: wei\u00df &#8211; hautfarben &#8211; helles Gold (nicht metallisch) &#8211; metallisches Gold<\/p>\n<p>Au\u00dferdem brauchst du: F\u00fcllung &#8211; Filzstifte &#8211; Gobelin-Nadel &#8211; Schere &#8211; Bleistift &#8211; Kleber &#8211; Klebepistole &#8211; 1 Wattest\u00e4bchen &#8211; Karton &#8211; Aluminiumdraht &#8211; Schneidezange<\/p>\n<p>H\u00e4kelnadel: 2mm<\/p>\n<p>Dieses Muster ist ein schriftliches Muster mit vielen Bildern, um Ihnen zu helfen. Wenn Sie Fragen haben, schicken Sie mir eine Nachricht an: <a href=\"mailto:craftygenesindonesia@gmail.com\">craftygenesindonesia@gmail.com<\/a><\/p>\n<p><strong>-Dieses Muster ist nur f\u00fcr den pers\u00f6nlichen Gebrauch bestimmt und ist mit einem COPYRIGHT versehen. Daher darf das Muster NICHT kopiert, verkauft, weiterverkauft, \u00fcbersetzt, als eigenes Design beansprucht, verteilt, geteilt, ver\u00f6ffentlicht, online in irgendeiner Form ohne meine Erlaubnis gepostet werden. Nicht einmal ein Teil davon!!! <\/strong><\/p>\n<p><strong>-Sie d\u00fcrfen das fertige Produkt in kleinen Mengen verkaufen, ABER NICHT DAS MUSTER SELBST! Erw\u00e4hnen Sie, dass das Schnittmuster von Craftygenesindonesia ist und wo man es kaufen kann <\/strong><\/p>\n","protected":false},"excerpt":{"rendered":"<p>Dies ist ein leicht zu befolgendes H\u00e4kelmuster f\u00fcr einen wundersch\u00f6nen Weihnachtsengel. Wenn Sie Engel lieben, Weihnachten lieben und Gold lieben, dann ist dies definitiv das richtige Muster f\u00fcr Sie!<\/p>\n<p>Sie kann als Weihnachtsfigur, aber auch als Christbaumschmuck verwendet werden!<\/p>\n","protected":false},"featured_media":987529165,"comment_status":"open","ping_status":"closed","template":"","meta":{"_acf_changed":false},"product_brand":[],"product_cat":[12177,12251,12130],"product_tag":[12256,12252,12260,12290,12563,12258,12254],"class_list":{"0":"post-987529158","1":"product","2":"type-product","3":"status-publish","4":"has-post-thumbnail","6":"product_cat-damen-und-herren-hakelmuster","7":"product_cat-engel-hakelmuster","8":"product_cat-weihnachts-hakelmuster","9":"product_tag-engel-de","10":"product_tag-flugel","11":"product_tag-gold-de","12":"product_tag-weihnachtsbaum","13":"product_tag-weihnachtsbaumschmuck","14":"product_tag-weihnachtsdekoration","15":"product_tag-weihnachtsengel","16":"pa_available_on-craftygenesindonesia","17":"pa_available_on-etsy","18":"pa_available_on-haked-nl","19":"pa_available_on-payhip","20":"pa_available_on-ravelry","21":"pa_languages-deutsch","22":"pa_languages-franzoesisch","23":"pa_languages-niederlaendisch","24":"pa_languages-portugiesisch","25":"pa_languages-spanisch","26":"pa_languages-us-englisch","28":"first","29":"instock","30":"downloadable","31":"virtual","32":"purchasable","33":"product-type-simple"},"acf":[],"yoast_head":"<!-- This site is optimized with the Yoast SEO plugin v27.4 - https:\/\/yoast.com\/product\/yoast-seo-wordpress\/ -->\n<title>Der Angelica-Weihnachtsengel H\u00e4kelmuster - Craftygenesindonesia<\/title>\n<meta name=\"description\" content=\"Kaufen Sie hier mein &quot;Der Angelica-Weihnachtsengel&quot; H\u00e4kelmuster. Das H\u00e4kelmuster ist auch erh\u00e4ltlich auf Etsy, Haked.nl, Ravelry, Payhip\" \/>\n<meta name=\"robots\" content=\"index, follow, max-snippet:-1, max-image-preview:large, max-video-preview:-1\" \/>\n<link rel=\"canonical\" href=\"https:\/\/craftygenesindonesia.com\/de\/shop\/weihnachts-hakelmuster\/der-angelica-weihnachtsengel\/\" \/>\n<meta property=\"og:locale\" content=\"de_DE\" \/>\n<meta property=\"og:type\" content=\"article\" \/>\n<meta property=\"og:title\" content=\"&quot;Das Angelica Weihnachtsengelchen&quot; H\u00e4kelmuster\" \/>\n<meta property=\"og:description\" content=\"Kaufen Sie hier mein &quot;Der Angelica-Weihnachtsengel&quot; H\u00e4kelmuster. Das H\u00e4kelmuster ist auch erh\u00e4ltlich auf Etsy, Haked.nl, Ravelry, Payhip\" \/>\n<meta property=\"og:url\" content=\"https:\/\/craftygenesindonesia.com\/de\/shop\/weihnachts-hakelmuster\/der-angelica-weihnachtsengel\/\" \/>\n<meta property=\"og:site_name\" content=\"Craftygenesindonesia\" \/>\n<meta property=\"article:modified_time\" content=\"2025-11-12T21:25:17+00:00\" \/>\n<meta property=\"og:image\" content=\"https:\/\/craftygenesindonesia.com\/wp-content\/uploads\/2022\/10\/Angelica-1-300x300.jpg\" \/>\n<meta name=\"twitter:card\" content=\"summary_large_image\" \/>\n<meta name=\"twitter:title\" content=\"Der Angelica-Weihnachtsengel\" \/>\n<meta name=\"twitter:description\" content=\"Kaufen Sie mein H\u00e4kelmuster &quot;Der Angelica-Weihnachtsengel&quot; hier. Sie finden auch Links zu den Mustern auf Etsy, Ravelry &amp; Haked.store\" \/>\n<meta name=\"twitter:image\" content=\"https:\/\/craftygenesindonesia.com\/wp-content\/uploads\/2022\/10\/Picsart_22-10-29_09-41-21-476-1024x1024.png\" \/>\n<meta name=\"twitter:label1\" content=\"Gesch\u00e4tzte Lesezeit\" \/>\n\t<meta name=\"twitter:data1\" content=\"1\u00a0Minute\" \/>\n<script type=\"application\/ld+json\" class=\"yoast-schema-graph\">{\"@context\":\"https:\\\/\\\/schema.org\",\"@graph\":[{\"@type\":\"WebPage\",\"@id\":\"https:\\\/\\\/craftygenesindonesia.com\\\/de\\\/shop\\\/weihnachts-hakelmuster\\\/der-angelica-weihnachtsengel\\\/\",\"url\":\"https:\\\/\\\/craftygenesindonesia.com\\\/de\\\/shop\\\/weihnachts-hakelmuster\\\/der-angelica-weihnachtsengel\\\/\",\"name\":\"Der Angelica-Weihnachtsengel H\u00e4kelmuster - Craftygenesindonesia\",\"isPartOf\":{\"@id\":\"https:\\\/\\\/craftygenesindonesia.com\\\/de\\\/#website\"},\"primaryImageOfPage\":{\"@id\":\"https:\\\/\\\/craftygenesindonesia.com\\\/de\\\/shop\\\/weihnachts-hakelmuster\\\/der-angelica-weihnachtsengel\\\/#primaryimage\"},\"image\":{\"@id\":\"https:\\\/\\\/craftygenesindonesia.com\\\/de\\\/shop\\\/weihnachts-hakelmuster\\\/der-angelica-weihnachtsengel\\\/#primaryimage\"},\"thumbnailUrl\":\"https:\\\/\\\/craftygenesindonesia.com\\\/wp-content\\\/uploads\\\/2022\\\/10\\\/Angelica-1.jpg\",\"datePublished\":\"2022-10-29T04:14:44+00:00\",\"dateModified\":\"2025-11-12T21:25:17+00:00\",\"description\":\"Kaufen Sie hier mein \\\"Der Angelica-Weihnachtsengel\\\" H\u00e4kelmuster. Das H\u00e4kelmuster ist auch erh\u00e4ltlich auf Etsy, Haked.nl, Ravelry, Payhip\",\"breadcrumb\":{\"@id\":\"https:\\\/\\\/craftygenesindonesia.com\\\/de\\\/shop\\\/weihnachts-hakelmuster\\\/der-angelica-weihnachtsengel\\\/#breadcrumb\"},\"inLanguage\":\"de\",\"potentialAction\":[{\"@type\":\"ReadAction\",\"target\":[\"https:\\\/\\\/craftygenesindonesia.com\\\/de\\\/shop\\\/weihnachts-hakelmuster\\\/der-angelica-weihnachtsengel\\\/\"]}]},{\"@type\":\"ImageObject\",\"inLanguage\":\"de\",\"@id\":\"https:\\\/\\\/craftygenesindonesia.com\\\/de\\\/shop\\\/weihnachts-hakelmuster\\\/der-angelica-weihnachtsengel\\\/#primaryimage\",\"url\":\"https:\\\/\\\/craftygenesindonesia.com\\\/wp-content\\\/uploads\\\/2022\\\/10\\\/Angelica-1.jpg\",\"contentUrl\":\"https:\\\/\\\/craftygenesindonesia.com\\\/wp-content\\\/uploads\\\/2022\\\/10\\\/Angelica-1.jpg\",\"width\":1080,\"height\":1080,\"caption\":\"crochet Christmas angel in gold\"},{\"@type\":\"BreadcrumbList\",\"@id\":\"https:\\\/\\\/craftygenesindonesia.com\\\/de\\\/shop\\\/weihnachts-hakelmuster\\\/der-angelica-weihnachtsengel\\\/#breadcrumb\",\"itemListElement\":[{\"@type\":\"ListItem\",\"position\":1,\"name\":\"Home\",\"item\":\"https:\\\/\\\/craftygenesindonesia.com\\\/de\\\/\"},{\"@type\":\"ListItem\",\"position\":2,\"name\":\"Mustershop\",\"item\":\"https:\\\/\\\/craftygenesindonesia.com\\\/de\\\/muster-shop\\\/\"},{\"@type\":\"ListItem\",\"position\":3,\"name\":\"Der Angelica-Weihnachtsengel\"}]},{\"@type\":\"WebSite\",\"@id\":\"https:\\\/\\\/craftygenesindonesia.com\\\/de\\\/#website\",\"url\":\"https:\\\/\\\/craftygenesindonesia.com\\\/de\\\/\",\"name\":\"Craftygenesindonesia\",\"description\":\"\",\"publisher\":{\"@id\":\"https:\\\/\\\/craftygenesindonesia.com\\\/de\\\/#organization\"},\"potentialAction\":[{\"@type\":\"SearchAction\",\"target\":{\"@type\":\"EntryPoint\",\"urlTemplate\":\"https:\\\/\\\/craftygenesindonesia.com\\\/de\\\/?s={search_term_string}\"},\"query-input\":{\"@type\":\"PropertyValueSpecification\",\"valueRequired\":true,\"valueName\":\"search_term_string\"}}],\"inLanguage\":\"de\"},{\"@type\":\"Organization\",\"@id\":\"https:\\\/\\\/craftygenesindonesia.com\\\/de\\\/#organization\",\"name\":\"Craftygenesindonesia\",\"url\":\"https:\\\/\\\/craftygenesindonesia.com\\\/de\\\/\",\"logo\":{\"@type\":\"ImageObject\",\"inLanguage\":\"de\",\"@id\":\"https:\\\/\\\/craftygenesindonesia.com\\\/de\\\/#\\\/schema\\\/logo\\\/image\\\/\",\"url\":\"https:\\\/\\\/craftygenesindonesia.com\\\/wp-content\\\/uploads\\\/2025\\\/11\\\/cropped-Copy-of-Craftygenesindonesia.jpg\",\"contentUrl\":\"https:\\\/\\\/craftygenesindonesia.com\\\/wp-content\\\/uploads\\\/2025\\\/11\\\/cropped-Copy-of-Craftygenesindonesia.jpg\",\"width\":180,\"height\":60,\"caption\":\"Craftygenesindonesia\"},\"image\":{\"@id\":\"https:\\\/\\\/craftygenesindonesia.com\\\/de\\\/#\\\/schema\\\/logo\\\/image\\\/\"}}]}<\/script>\n<!-- \/ Yoast SEO plugin. -->","yoast_head_json":{"title":"Der Angelica-Weihnachtsengel H\u00e4kelmuster - Craftygenesindonesia","description":"Kaufen Sie hier mein \"Der Angelica-Weihnachtsengel\" H\u00e4kelmuster. Das H\u00e4kelmuster ist auch erh\u00e4ltlich auf Etsy, Haked.nl, Ravelry, Payhip","robots":{"index":"index","follow":"follow","max-snippet":"max-snippet:-1","max-image-preview":"max-image-preview:large","max-video-preview":"max-video-preview:-1"},"canonical":"https:\/\/craftygenesindonesia.com\/de\/shop\/weihnachts-hakelmuster\/der-angelica-weihnachtsengel\/","og_locale":"de_DE","og_type":"article","og_title":"\"Das Angelica Weihnachtsengelchen\" H\u00e4kelmuster","og_description":"Kaufen Sie hier mein \"Der Angelica-Weihnachtsengel\" H\u00e4kelmuster. Das H\u00e4kelmuster ist auch erh\u00e4ltlich auf Etsy, Haked.nl, Ravelry, Payhip","og_url":"https:\/\/craftygenesindonesia.com\/de\/shop\/weihnachts-hakelmuster\/der-angelica-weihnachtsengel\/","og_site_name":"Craftygenesindonesia","article_modified_time":"2025-11-12T21:25:17+00:00","og_image":[{"url":"https:\/\/craftygenesindonesia.com\/wp-content\/uploads\/2022\/10\/Angelica-1-300x300.jpg","type":"","width":"","height":""}],"twitter_card":"summary_large_image","twitter_title":"Der Angelica-Weihnachtsengel","twitter_description":"Kaufen Sie mein H\u00e4kelmuster \"Der Angelica-Weihnachtsengel\" hier. Sie finden auch Links zu den Mustern auf Etsy, Ravelry & Haked.store","twitter_image":"https:\/\/craftygenesindonesia.com\/wp-content\/uploads\/2022\/10\/Picsart_22-10-29_09-41-21-476-1024x1024.png","twitter_misc":{"Gesch\u00e4tzte Lesezeit":"1\u00a0Minute"},"schema":{"@context":"https:\/\/schema.org","@graph":[{"@type":"WebPage","@id":"https:\/\/craftygenesindonesia.com\/de\/shop\/weihnachts-hakelmuster\/der-angelica-weihnachtsengel\/","url":"https:\/\/craftygenesindonesia.com\/de\/shop\/weihnachts-hakelmuster\/der-angelica-weihnachtsengel\/","name":"Der Angelica-Weihnachtsengel H\u00e4kelmuster - Craftygenesindonesia","isPartOf":{"@id":"https:\/\/craftygenesindonesia.com\/de\/#website"},"primaryImageOfPage":{"@id":"https:\/\/craftygenesindonesia.com\/de\/shop\/weihnachts-hakelmuster\/der-angelica-weihnachtsengel\/#primaryimage"},"image":{"@id":"https:\/\/craftygenesindonesia.com\/de\/shop\/weihnachts-hakelmuster\/der-angelica-weihnachtsengel\/#primaryimage"},"thumbnailUrl":"https:\/\/craftygenesindonesia.com\/wp-content\/uploads\/2022\/10\/Angelica-1.jpg","datePublished":"2022-10-29T04:14:44+00:00","dateModified":"2025-11-12T21:25:17+00:00","description":"Kaufen Sie hier mein \"Der Angelica-Weihnachtsengel\" H\u00e4kelmuster. Das H\u00e4kelmuster ist auch erh\u00e4ltlich auf Etsy, Haked.nl, Ravelry, Payhip","breadcrumb":{"@id":"https:\/\/craftygenesindonesia.com\/de\/shop\/weihnachts-hakelmuster\/der-angelica-weihnachtsengel\/#breadcrumb"},"inLanguage":"de","potentialAction":[{"@type":"ReadAction","target":["https:\/\/craftygenesindonesia.com\/de\/shop\/weihnachts-hakelmuster\/der-angelica-weihnachtsengel\/"]}]},{"@type":"ImageObject","inLanguage":"de","@id":"https:\/\/craftygenesindonesia.com\/de\/shop\/weihnachts-hakelmuster\/der-angelica-weihnachtsengel\/#primaryimage","url":"https:\/\/craftygenesindonesia.com\/wp-content\/uploads\/2022\/10\/Angelica-1.jpg","contentUrl":"https:\/\/craftygenesindonesia.com\/wp-content\/uploads\/2022\/10\/Angelica-1.jpg","width":1080,"height":1080,"caption":"crochet Christmas angel in gold"},{"@type":"BreadcrumbList","@id":"https:\/\/craftygenesindonesia.com\/de\/shop\/weihnachts-hakelmuster\/der-angelica-weihnachtsengel\/#breadcrumb","itemListElement":[{"@type":"ListItem","position":1,"name":"Home","item":"https:\/\/craftygenesindonesia.com\/de\/"},{"@type":"ListItem","position":2,"name":"Mustershop","item":"https:\/\/craftygenesindonesia.com\/de\/muster-shop\/"},{"@type":"ListItem","position":3,"name":"Der Angelica-Weihnachtsengel"}]},{"@type":"WebSite","@id":"https:\/\/craftygenesindonesia.com\/de\/#website","url":"https:\/\/craftygenesindonesia.com\/de\/","name":"Craftygenesindonesia","description":"","publisher":{"@id":"https:\/\/craftygenesindonesia.com\/de\/#organization"},"potentialAction":[{"@type":"SearchAction","target":{"@type":"EntryPoint","urlTemplate":"https:\/\/craftygenesindonesia.com\/de\/?s={search_term_string}"},"query-input":{"@type":"PropertyValueSpecification","valueRequired":true,"valueName":"search_term_string"}}],"inLanguage":"de"},{"@type":"Organization","@id":"https:\/\/craftygenesindonesia.com\/de\/#organization","name":"Craftygenesindonesia","url":"https:\/\/craftygenesindonesia.com\/de\/","logo":{"@type":"ImageObject","inLanguage":"de","@id":"https:\/\/craftygenesindonesia.com\/de\/#\/schema\/logo\/image\/","url":"https:\/\/craftygenesindonesia.com\/wp-content\/uploads\/2025\/11\/cropped-Copy-of-Craftygenesindonesia.jpg","contentUrl":"https:\/\/craftygenesindonesia.com\/wp-content\/uploads\/2025\/11\/cropped-Copy-of-Craftygenesindonesia.jpg","width":180,"height":60,"caption":"Craftygenesindonesia"},"image":{"@id":"https:\/\/craftygenesindonesia.com\/de\/#\/schema\/logo\/image\/"}}]}},"_links":{"self":[{"href":"https:\/\/craftygenesindonesia.com\/de\/wp-json\/wp\/v2\/product\/987529158","targetHints":{"allow":["GET"]}}],"collection":[{"href":"https:\/\/craftygenesindonesia.com\/de\/wp-json\/wp\/v2\/product"}],"about":[{"href":"https:\/\/craftygenesindonesia.com\/de\/wp-json\/wp\/v2\/types\/product"}],"replies":[{"embeddable":true,"href":"https:\/\/craftygenesindonesia.com\/de\/wp-json\/wp\/v2\/comments?post=987529158"}],"wp:featuredmedia":[{"embeddable":true,"href":"https:\/\/craftygenesindonesia.com\/de\/wp-json\/wp\/v2\/media\/987529165"}],"wp:attachment":[{"href":"https:\/\/craftygenesindonesia.com\/de\/wp-json\/wp\/v2\/media?parent=987529158"}],"wp:term":[{"taxonomy":"product_brand","embeddable":true,"href":"https:\/\/craftygenesindonesia.com\/de\/wp-json\/wp\/v2\/product_brand?post=987529158"},{"taxonomy":"product_cat","embeddable":true,"href":"https:\/\/craftygenesindonesia.com\/de\/wp-json\/wp\/v2\/product_cat?post=987529158"},{"taxonomy":"product_tag","embeddable":true,"href":"https:\/\/craftygenesindonesia.com\/de\/wp-json\/wp\/v2\/product_tag?post=987529158"}],"curies":[{"name":"wp","href":"https:\/\/api.w.org\/{rel}","templated":true}]}}