{"id":987529133,"date":"2022-09-24T07:12:08","date_gmt":"2022-09-23T23:12:08","guid":{"rendered":"https:\/\/craftygenesindonesia.com\/shop\/unkategorisiert\/guardian-cross\/"},"modified":"2025-11-13T05:34:24","modified_gmt":"2025-11-12T21:34:24","slug":"guardian-cross","status":"publish","type":"product","link":"https:\/\/craftygenesindonesia.com\/de\/shop\/religiose-hakelmuster\/guardian-cross\/","title":{"rendered":"Guardian Cross"},"content":{"rendered":"<p><strong>Guardian Cross<\/strong><\/p>\n<p>Dateiformat: H\u00e4kelanleitung \u2013 digitaler Download, kein physischer Artikel<br \/>\n<strong>Verf\u00fcgbare Sprachen: Englisch, Niederl\u00e4ndisch, Franz\u00f6sisch, Spanisch, Deutsch<\/strong><\/p>\n<p>Gr\u00f6\u00dfe des fertigen Artikels: 27 cm hoch<br \/>\nGarnart: \u201eFingering\u201d-Garn = St\u00e4rke 3<br \/>\nEmpfohlene Marken: Catona von Scheepjes, Durable Coral, &#8230;<br \/>\nBen\u00f6tigte Garnfarben: Schwarz, Dunkelgrau, Grau, Rot und Wei\u00df<\/p>\n<p>H\u00e4kelnadelgr\u00f6\u00dfe: 2 mm<\/p>\n<p><strong>Copyright und Hilfe-Informationen:<\/strong><br \/>\nDiese Anleitung ist eine schriftliche Anleitung (digital) mit vielen Bildern, die Ihnen helfen sollen. Wenn Sie Fragen zur Anleitung haben, senden Sie mir bitte eine E-Mail an craftygenesindonesia@gmail.com.<\/p>\n<p><strong>Diese digitale H\u00e4kelanleitung ist nur f\u00fcr den pers\u00f6nlichen Gebrauch bestimmt und urheberrechtlich gesch\u00fctzt. Daher d\u00fcrfen Sie es ohne meine Genehmigung in keiner Weise kopieren, verkaufen, weiterverkaufen, \u00fcbersetzen, als Ihr eigenes Design ausgeben, verbreiten, teilen, ver\u00f6ffentlichen, posten, &#8230; Nicht einmal einen Teil davon!<\/strong><\/p>\n<p><strong>Sie d\u00fcrfen das fertige Produkt oder den fertigen Artikel in kleinen Mengen verkaufen, aber Sie d\u00fcrfen die H\u00e4kelanleitung selbst nicht verkaufen! Geben Sie bitte an, dass die H\u00e4kelanleitung von mir, Craftygenesindonesia, stammt und wo sie gekauft werden kann.<\/strong><\/p>\n","protected":false},"excerpt":{"rendered":"<p>Dies ist ein leicht zu befolgendes Muster f\u00fcr ein H\u00e4kelkreuz mit Fl\u00fcgeln, einer Mohnblume und einem Kerzenhalter (f\u00fcr eine LED-Kerze, KEINE ECHTE KERZE!). Es ist Teil meines For The Fallen Guardian H\u00e4kelmusters. Wenn ihr auch das Soldatenmuster haben wollt, aber das Muster noch nicht habt, dann findet ihr es <a href=\"https:\/\/craftygenesindonesia.com\/de\/?attachment_id=987520387\" target=\"_blank\" rel=\"noopener\"><strong>hier<\/strong><\/a>. Alle meine <a href=\"https:\/\/craftygenesindonesia.com\/de\/?attachment_id=987527594\" target=\"_blank\" rel=\"noopener\"><strong>For The Fallen<\/strong><\/a> Soldaten und die Krankenschwester aus meinem <a href=\"https:\/\/craftygenesindonesia.com\/product\/for-the-nurses\/\" target=\"_blank\" rel=\"noopener\"><strong>For The Nurses<\/strong><\/a>, passen auf die Plattform.<\/p>\n","protected":false},"featured_media":987530550,"comment_status":"open","ping_status":"closed","template":"","meta":{"_acf_changed":false},"product_brand":[],"product_cat":[12164,12250,12182,12129],"product_tag":[12147,12252,12319,12284,12178,12466,12441,12189,12190,12187,12185],"class_list":{"0":"post-987529133","1":"product","2":"type-product","3":"status-publish","4":"has-post-thumbnail","6":"product_cat-3d-hakelmuster","7":"product_cat-gedenk-hakelmuster","8":"product_cat-militar-de","9":"product_cat-religiose-hakelmuster","10":"product_tag-christian-de","11":"product_tag-flugel","12":"product_tag-gedenktag","13":"product_tag-kerze","14":"product_tag-kreuz","15":"product_tag-kriegsdenkmal","16":"product_tag-led-kerze","17":"product_tag-militar-de","18":"product_tag-mohn","19":"product_tag-tag-des-gedenkens","20":"product_tag-tag-des-waffenstillstands","21":"pa_available_on-craftygenesindonesia","22":"pa_available_on-etsy","23":"pa_available_on-haked-nl","24":"pa_available_on-payhip","25":"pa_available_on-ravelry","26":"pa_languages-deutsch","27":"pa_languages-franzoesisch","28":"pa_languages-niederlaendisch","29":"pa_languages-spanisch","30":"pa_languages-us-englisch","32":"first","33":"instock","34":"downloadable","35":"virtual","36":"purchasable","37":"product-type-simple"},"acf":[],"yoast_head":"<!-- This site is optimized with the Yoast SEO plugin v27.4 - https:\/\/yoast.com\/product\/yoast-seo-wordpress\/ -->\n<title>Guardian Cross H\u00e4kelmuster - Craftygenesindonesia<\/title>\n<meta name=\"description\" content=\"Kaufen Sie hier meine H\u00e4kelanleitung f\u00fcr das Guardian-Kreuz. Die H\u00e4kelanleitung ist auch auf Etsy, Haked.nl, Ravelry und Payhip erh\u00e4ltlich.\" \/>\n<meta name=\"robots\" content=\"index, follow, max-snippet:-1, max-image-preview:large, max-video-preview:-1\" \/>\n<link rel=\"canonical\" href=\"https:\/\/craftygenesindonesia.com\/de\/shop\/religiose-hakelmuster\/guardian-cross\/\" \/>\n<meta property=\"og:locale\" content=\"de_DE\" \/>\n<meta property=\"og:type\" content=\"article\" \/>\n<meta property=\"og:title\" content=\"W\u00e4chterkreuz H\u00e4kelmuster\" \/>\n<meta property=\"og:description\" content=\"Kaufen Sie hier meine H\u00e4kelanleitung f\u00fcr das Guardian-Kreuz. Die H\u00e4kelanleitung ist auch auf Etsy, Haked.nl, Ravelry und Payhip erh\u00e4ltlich.\" \/>\n<meta property=\"og:url\" content=\"https:\/\/craftygenesindonesia.com\/de\/shop\/religiose-hakelmuster\/guardian-cross\/\" \/>\n<meta property=\"og:site_name\" content=\"Craftygenesindonesia\" \/>\n<meta property=\"article:modified_time\" content=\"2025-11-12T21:34:24+00:00\" \/>\n<meta property=\"og:image\" content=\"https:\/\/craftygenesindonesia.com\/wp-content\/uploads\/2022\/09\/2.jpg\" \/>\n\t<meta property=\"og:image:width\" content=\"1080\" \/>\n\t<meta property=\"og:image:height\" content=\"1080\" \/>\n\t<meta property=\"og:image:type\" content=\"image\/jpeg\" \/>\n<meta name=\"twitter:card\" content=\"summary_large_image\" \/>\n<meta name=\"twitter:title\" content=\"W\u00e4chterkreuz H\u00e4kelmuster\" \/>\n<meta name=\"twitter:description\" content=\"Kaufen Sie mein H\u00e4kelmuster &quot;W\u00e4chterkreuz&quot; hier. Sie finden auch Links zu dem Muster auf Etsy, Raverly &amp; Haked.nl\" \/>\n<meta name=\"twitter:image\" content=\"https:\/\/craftygenesindonesia.com\/wp-content\/uploads\/2022\/09\/20220923_090732-1024x1024.jpg\" \/>\n<meta name=\"twitter:label1\" content=\"Gesch\u00e4tzte Lesezeit\" \/>\n\t<meta name=\"twitter:data1\" content=\"1\u00a0Minute\" \/>\n<script type=\"application\/ld+json\" class=\"yoast-schema-graph\">{\"@context\":\"https:\\\/\\\/schema.org\",\"@graph\":[{\"@type\":\"WebPage\",\"@id\":\"https:\\\/\\\/craftygenesindonesia.com\\\/de\\\/shop\\\/religiose-hakelmuster\\\/guardian-cross\\\/\",\"url\":\"https:\\\/\\\/craftygenesindonesia.com\\\/de\\\/shop\\\/religiose-hakelmuster\\\/guardian-cross\\\/\",\"name\":\"Guardian Cross H\u00e4kelmuster - Craftygenesindonesia\",\"isPartOf\":{\"@id\":\"https:\\\/\\\/craftygenesindonesia.com\\\/de\\\/#website\"},\"primaryImageOfPage\":{\"@id\":\"https:\\\/\\\/craftygenesindonesia.com\\\/de\\\/shop\\\/religiose-hakelmuster\\\/guardian-cross\\\/#primaryimage\"},\"image\":{\"@id\":\"https:\\\/\\\/craftygenesindonesia.com\\\/de\\\/shop\\\/religiose-hakelmuster\\\/guardian-cross\\\/#primaryimage\"},\"thumbnailUrl\":\"https:\\\/\\\/craftygenesindonesia.com\\\/wp-content\\\/uploads\\\/2022\\\/09\\\/2.jpg\",\"datePublished\":\"2022-09-23T23:12:08+00:00\",\"dateModified\":\"2025-11-12T21:34:24+00:00\",\"description\":\"Kaufen Sie hier meine H\u00e4kelanleitung f\u00fcr das Guardian-Kreuz. Die H\u00e4kelanleitung ist auch auf Etsy, Haked.nl, Ravelry und Payhip erh\u00e4ltlich.\",\"breadcrumb\":{\"@id\":\"https:\\\/\\\/craftygenesindonesia.com\\\/de\\\/shop\\\/religiose-hakelmuster\\\/guardian-cross\\\/#breadcrumb\"},\"inLanguage\":\"de\",\"potentialAction\":[{\"@type\":\"ReadAction\",\"target\":[\"https:\\\/\\\/craftygenesindonesia.com\\\/de\\\/shop\\\/religiose-hakelmuster\\\/guardian-cross\\\/\"]}]},{\"@type\":\"ImageObject\",\"inLanguage\":\"de\",\"@id\":\"https:\\\/\\\/craftygenesindonesia.com\\\/de\\\/shop\\\/religiose-hakelmuster\\\/guardian-cross\\\/#primaryimage\",\"url\":\"https:\\\/\\\/craftygenesindonesia.com\\\/wp-content\\\/uploads\\\/2022\\\/09\\\/2.jpg\",\"contentUrl\":\"https:\\\/\\\/craftygenesindonesia.com\\\/wp-content\\\/uploads\\\/2022\\\/09\\\/2.jpg\",\"width\":1080,\"height\":1080,\"caption\":\"crochet cross with crochet wings and crochet poppy\"},{\"@type\":\"BreadcrumbList\",\"@id\":\"https:\\\/\\\/craftygenesindonesia.com\\\/de\\\/shop\\\/religiose-hakelmuster\\\/guardian-cross\\\/#breadcrumb\",\"itemListElement\":[{\"@type\":\"ListItem\",\"position\":1,\"name\":\"Home\",\"item\":\"https:\\\/\\\/craftygenesindonesia.com\\\/de\\\/\"},{\"@type\":\"ListItem\",\"position\":2,\"name\":\"Mustershop\",\"item\":\"https:\\\/\\\/craftygenesindonesia.com\\\/de\\\/muster-shop\\\/\"},{\"@type\":\"ListItem\",\"position\":3,\"name\":\"Guardian Cross\"}]},{\"@type\":\"WebSite\",\"@id\":\"https:\\\/\\\/craftygenesindonesia.com\\\/de\\\/#website\",\"url\":\"https:\\\/\\\/craftygenesindonesia.com\\\/de\\\/\",\"name\":\"Craftygenesindonesia\",\"description\":\"\",\"publisher\":{\"@id\":\"https:\\\/\\\/craftygenesindonesia.com\\\/de\\\/#organization\"},\"potentialAction\":[{\"@type\":\"SearchAction\",\"target\":{\"@type\":\"EntryPoint\",\"urlTemplate\":\"https:\\\/\\\/craftygenesindonesia.com\\\/de\\\/?s={search_term_string}\"},\"query-input\":{\"@type\":\"PropertyValueSpecification\",\"valueRequired\":true,\"valueName\":\"search_term_string\"}}],\"inLanguage\":\"de\"},{\"@type\":\"Organization\",\"@id\":\"https:\\\/\\\/craftygenesindonesia.com\\\/de\\\/#organization\",\"name\":\"Craftygenesindonesia\",\"url\":\"https:\\\/\\\/craftygenesindonesia.com\\\/de\\\/\",\"logo\":{\"@type\":\"ImageObject\",\"inLanguage\":\"de\",\"@id\":\"https:\\\/\\\/craftygenesindonesia.com\\\/de\\\/#\\\/schema\\\/logo\\\/image\\\/\",\"url\":\"https:\\\/\\\/craftygenesindonesia.com\\\/wp-content\\\/uploads\\\/2025\\\/11\\\/cropped-Copy-of-Craftygenesindonesia.jpg\",\"contentUrl\":\"https:\\\/\\\/craftygenesindonesia.com\\\/wp-content\\\/uploads\\\/2025\\\/11\\\/cropped-Copy-of-Craftygenesindonesia.jpg\",\"width\":180,\"height\":60,\"caption\":\"Craftygenesindonesia\"},\"image\":{\"@id\":\"https:\\\/\\\/craftygenesindonesia.com\\\/de\\\/#\\\/schema\\\/logo\\\/image\\\/\"}}]}<\/script>\n<!-- \/ Yoast SEO plugin. -->","yoast_head_json":{"title":"Guardian Cross H\u00e4kelmuster - Craftygenesindonesia","description":"Kaufen Sie hier meine H\u00e4kelanleitung f\u00fcr das Guardian-Kreuz. Die H\u00e4kelanleitung ist auch auf Etsy, Haked.nl, Ravelry und Payhip erh\u00e4ltlich.","robots":{"index":"index","follow":"follow","max-snippet":"max-snippet:-1","max-image-preview":"max-image-preview:large","max-video-preview":"max-video-preview:-1"},"canonical":"https:\/\/craftygenesindonesia.com\/de\/shop\/religiose-hakelmuster\/guardian-cross\/","og_locale":"de_DE","og_type":"article","og_title":"W\u00e4chterkreuz H\u00e4kelmuster","og_description":"Kaufen Sie hier meine H\u00e4kelanleitung f\u00fcr das Guardian-Kreuz. Die H\u00e4kelanleitung ist auch auf Etsy, Haked.nl, Ravelry und Payhip erh\u00e4ltlich.","og_url":"https:\/\/craftygenesindonesia.com\/de\/shop\/religiose-hakelmuster\/guardian-cross\/","og_site_name":"Craftygenesindonesia","article_modified_time":"2025-11-12T21:34:24+00:00","og_image":[{"width":1080,"height":1080,"url":"https:\/\/craftygenesindonesia.com\/wp-content\/uploads\/2022\/09\/2.jpg","type":"image\/jpeg"}],"twitter_card":"summary_large_image","twitter_title":"W\u00e4chterkreuz H\u00e4kelmuster","twitter_description":"Kaufen Sie mein H\u00e4kelmuster \"W\u00e4chterkreuz\" hier. Sie finden auch Links zu dem Muster auf Etsy, Raverly & Haked.nl","twitter_image":"https:\/\/craftygenesindonesia.com\/wp-content\/uploads\/2022\/09\/20220923_090732-1024x1024.jpg","twitter_misc":{"Gesch\u00e4tzte Lesezeit":"1\u00a0Minute"},"schema":{"@context":"https:\/\/schema.org","@graph":[{"@type":"WebPage","@id":"https:\/\/craftygenesindonesia.com\/de\/shop\/religiose-hakelmuster\/guardian-cross\/","url":"https:\/\/craftygenesindonesia.com\/de\/shop\/religiose-hakelmuster\/guardian-cross\/","name":"Guardian Cross H\u00e4kelmuster - Craftygenesindonesia","isPartOf":{"@id":"https:\/\/craftygenesindonesia.com\/de\/#website"},"primaryImageOfPage":{"@id":"https:\/\/craftygenesindonesia.com\/de\/shop\/religiose-hakelmuster\/guardian-cross\/#primaryimage"},"image":{"@id":"https:\/\/craftygenesindonesia.com\/de\/shop\/religiose-hakelmuster\/guardian-cross\/#primaryimage"},"thumbnailUrl":"https:\/\/craftygenesindonesia.com\/wp-content\/uploads\/2022\/09\/2.jpg","datePublished":"2022-09-23T23:12:08+00:00","dateModified":"2025-11-12T21:34:24+00:00","description":"Kaufen Sie hier meine H\u00e4kelanleitung f\u00fcr das Guardian-Kreuz. Die H\u00e4kelanleitung ist auch auf Etsy, Haked.nl, Ravelry und Payhip erh\u00e4ltlich.","breadcrumb":{"@id":"https:\/\/craftygenesindonesia.com\/de\/shop\/religiose-hakelmuster\/guardian-cross\/#breadcrumb"},"inLanguage":"de","potentialAction":[{"@type":"ReadAction","target":["https:\/\/craftygenesindonesia.com\/de\/shop\/religiose-hakelmuster\/guardian-cross\/"]}]},{"@type":"ImageObject","inLanguage":"de","@id":"https:\/\/craftygenesindonesia.com\/de\/shop\/religiose-hakelmuster\/guardian-cross\/#primaryimage","url":"https:\/\/craftygenesindonesia.com\/wp-content\/uploads\/2022\/09\/2.jpg","contentUrl":"https:\/\/craftygenesindonesia.com\/wp-content\/uploads\/2022\/09\/2.jpg","width":1080,"height":1080,"caption":"crochet cross with crochet wings and crochet poppy"},{"@type":"BreadcrumbList","@id":"https:\/\/craftygenesindonesia.com\/de\/shop\/religiose-hakelmuster\/guardian-cross\/#breadcrumb","itemListElement":[{"@type":"ListItem","position":1,"name":"Home","item":"https:\/\/craftygenesindonesia.com\/de\/"},{"@type":"ListItem","position":2,"name":"Mustershop","item":"https:\/\/craftygenesindonesia.com\/de\/muster-shop\/"},{"@type":"ListItem","position":3,"name":"Guardian Cross"}]},{"@type":"WebSite","@id":"https:\/\/craftygenesindonesia.com\/de\/#website","url":"https:\/\/craftygenesindonesia.com\/de\/","name":"Craftygenesindonesia","description":"","publisher":{"@id":"https:\/\/craftygenesindonesia.com\/de\/#organization"},"potentialAction":[{"@type":"SearchAction","target":{"@type":"EntryPoint","urlTemplate":"https:\/\/craftygenesindonesia.com\/de\/?s={search_term_string}"},"query-input":{"@type":"PropertyValueSpecification","valueRequired":true,"valueName":"search_term_string"}}],"inLanguage":"de"},{"@type":"Organization","@id":"https:\/\/craftygenesindonesia.com\/de\/#organization","name":"Craftygenesindonesia","url":"https:\/\/craftygenesindonesia.com\/de\/","logo":{"@type":"ImageObject","inLanguage":"de","@id":"https:\/\/craftygenesindonesia.com\/de\/#\/schema\/logo\/image\/","url":"https:\/\/craftygenesindonesia.com\/wp-content\/uploads\/2025\/11\/cropped-Copy-of-Craftygenesindonesia.jpg","contentUrl":"https:\/\/craftygenesindonesia.com\/wp-content\/uploads\/2025\/11\/cropped-Copy-of-Craftygenesindonesia.jpg","width":180,"height":60,"caption":"Craftygenesindonesia"},"image":{"@id":"https:\/\/craftygenesindonesia.com\/de\/#\/schema\/logo\/image\/"}}]}},"_links":{"self":[{"href":"https:\/\/craftygenesindonesia.com\/de\/wp-json\/wp\/v2\/product\/987529133","targetHints":{"allow":["GET"]}}],"collection":[{"href":"https:\/\/craftygenesindonesia.com\/de\/wp-json\/wp\/v2\/product"}],"about":[{"href":"https:\/\/craftygenesindonesia.com\/de\/wp-json\/wp\/v2\/types\/product"}],"replies":[{"embeddable":true,"href":"https:\/\/craftygenesindonesia.com\/de\/wp-json\/wp\/v2\/comments?post=987529133"}],"wp:featuredmedia":[{"embeddable":true,"href":"https:\/\/craftygenesindonesia.com\/de\/wp-json\/wp\/v2\/media\/987530550"}],"wp:attachment":[{"href":"https:\/\/craftygenesindonesia.com\/de\/wp-json\/wp\/v2\/media?parent=987529133"}],"wp:term":[{"taxonomy":"product_brand","embeddable":true,"href":"https:\/\/craftygenesindonesia.com\/de\/wp-json\/wp\/v2\/product_brand?post=987529133"},{"taxonomy":"product_cat","embeddable":true,"href":"https:\/\/craftygenesindonesia.com\/de\/wp-json\/wp\/v2\/product_cat?post=987529133"},{"taxonomy":"product_tag","embeddable":true,"href":"https:\/\/craftygenesindonesia.com\/de\/wp-json\/wp\/v2\/product_tag?post=987529133"}],"curies":[{"name":"wp","href":"https:\/\/api.w.org\/{rel}","templated":true}]}}