{"id":987529101,"date":"2022-09-02T16:21:36","date_gmt":"2022-09-02T08:21:36","guid":{"rendered":"https:\/\/craftygenesindonesia.com\/shop\/unkategorisiert\/die-marie-louise-ankleidepuppe\/"},"modified":"2025-11-13T05:39:16","modified_gmt":"2025-11-12T21:39:16","slug":"die-marie-louise-ankleidepuppe","status":"publish","type":"product","link":"https:\/\/craftygenesindonesia.com\/de\/shop\/kinder-puppen-hakeln-muster\/die-marie-louise-ankleidepuppe\/","title":{"rendered":"Die Marie Louise Ankleidepuppe"},"content":{"rendered":"<p>Gr\u00f6\u00dfe: Diese sch\u00f6ne Puppe ist etwa 35cm\/13.8&#8243; gro\u00df<\/p>\n<p>Garn: Sie wird mit einem f\u00fcr Amigurumi geeigneten Garn der St\u00e4rke &#8220;FINGERING&#8221; und einer 2 mm H\u00e4kelnadel hergestellt.<\/p>\n<p>Du brauchst folgende Farben: braun, fuchsia, gelb, hautfarben, hellblau und einen Strang in wei\u00df und schwarz.<br \/>\nAu\u00dferdem brauchst du: F\u00fcllmaterial &#8211; Filzstifte &#8211; Gobelin-Nadel &#8211; Schere &#8211; Stecknadeln &#8211; 2 schwarze 12-mm-Sicherheitsaugen &#8211; 4 S\u00e4tze Druckkn\u00f6pfe (m\u00f6glichst transparent) &#8211; Wattest\u00e4bchen<\/p>\n<p>H\u00e4kelnadel: Gr\u00f6\u00dfe 2mm<\/p>\n<p>Dieses Muster ist ein schriftliches Muster mit vielen Bildern, um Ihnen zu helfen. Wenn Sie Fragen haben, schicken Sie mir eine Nachricht an: <a href=\"mailto:craftygenesindonesia@gmail.com\">craftygenesindonesia@gmail.com<\/a><\/p>\n<p><strong>-Dieses Muster ist nur f\u00fcr den pers\u00f6nlichen Gebrauch bestimmt und ist mit einem COPYRIGHT versehen. Daher darf das Muster NICHT kopiert, verkauft, weiterverkauft, \u00fcbersetzt, als eigenes Design beansprucht, verteilt, geteilt, ver\u00f6ffentlicht, online in irgendeiner Form ohne meine Erlaubnis gepostet werden. Nicht einmal ein Teil davon!!! <\/strong><\/p>\n<p><strong>-Sie d\u00fcrfen das fertige Produkt in kleinen Mengen verkaufen, ABER NICHT DAS MUSTER SELBST! Erw\u00e4hnen Sie, dass das Schnittmuster von Craftygenesindonesia ist und wo man es kaufen kann <\/strong><\/p>\n","protected":false},"excerpt":{"rendered":"<p>Dies ist ein leicht zu befolgendes H\u00e4kelmuster f\u00fcr eine wundersch\u00f6ne Anziehpuppe. Sie wird ein wunderbares Geschenk f\u00fcr jedes Kind sein, das Puppen liebt.<\/p>\n<p>&nbsp;<\/p>\n<p>Kontaktieren Sie mich <a href=\"https:\/\/craftygenesindonesia.com\/de\/kontakt\/\" target=\"_blank\" rel=\"noopener\"><strong>hier<\/strong><\/a>, um das <strong>kostenlose<\/strong> Schnittmuster f\u00fcr das Halloween-Kleid\/Badeanzug f\u00fcr Marie Louise anzufordern.<\/p>\n<div id=\"attachment_20377\" style=\"width: 310px\" class=\"wp-caption alignnone\"><a href=\"https:\/\/craftygenesindonesia.com\/wp-content\/uploads\/2022\/09\/Untitled-design-33-300x300.jpg\"><img decoding=\"async\" aria-describedby=\"caption-attachment-20377\" class=\"size-medium wp-image-20377 lazyload\" data-src=\"https:\/\/craftygenesindonesia.com\/wp-content\/uploads\/2022\/09\/Untitled-design-33-300x300.jpg\" alt=\"H\u00e4kelpuppe im Badeanzug\" width=\"300\" height=\"300\" data-srcset=\"https:\/\/craftygenesindonesia.com\/wp-content\/uploads\/2022\/09\/Untitled-design-33-300x300.jpg 300w, https:\/\/craftygenesindonesia.com\/wp-content\/uploads\/2022\/09\/Untitled-design-33-150x150.jpg 150w, https:\/\/craftygenesindonesia.com\/wp-content\/uploads\/2022\/09\/Untitled-design-33-768x768.jpg 768w, https:\/\/craftygenesindonesia.com\/wp-content\/uploads\/2022\/09\/Untitled-design-33-600x600.jpg 600w, https:\/\/craftygenesindonesia.com\/wp-content\/uploads\/2022\/09\/Untitled-design-33-100x100.jpg 100w, https:\/\/craftygenesindonesia.com\/wp-content\/uploads\/2022\/09\/Untitled-design-33.jpg 1024w\" data-sizes=\"(max-width: 300px) 100vw, 300px\" src=\"data:image\/svg+xml;base64,PHN2ZyB3aWR0aD0iMSIgaGVpZ2h0PSIxIiB4bWxucz0iaHR0cDovL3d3dy53My5vcmcvMjAwMC9zdmciPjwvc3ZnPg==\" style=\"--smush-placeholder-width: 300px; --smush-placeholder-aspect-ratio: 300\/300;\" \/><\/a><p id=\"caption-attachment-20377\" class=\"wp-caption-text\">Marie Louise Badeanzug<\/p><\/div>\n<div id=\"attachment_20418\" style=\"width: 310px\" class=\"wp-caption alignnone\"><a href=\"https:\/\/craftygenesindonesia.com\/wp-content\/uploads\/2022\/09\/Untitled-design-45-300x300.jpg\"><img decoding=\"async\" aria-describedby=\"caption-attachment-20418\" class=\"size-medium wp-image-20418 lazyload\" data-src=\"https:\/\/craftygenesindonesia.com\/wp-content\/uploads\/2022\/09\/Untitled-design-45-300x300.jpg\" alt=\"H\u00e4kelpuppe\" width=\"300\" height=\"300\" data-srcset=\"https:\/\/craftygenesindonesia.com\/wp-content\/uploads\/2022\/09\/Untitled-design-45-300x300.jpg 300w, https:\/\/craftygenesindonesia.com\/wp-content\/uploads\/2022\/09\/Untitled-design-45-150x150.jpg 150w, https:\/\/craftygenesindonesia.com\/wp-content\/uploads\/2022\/09\/Untitled-design-45-768x768.jpg 768w, https:\/\/craftygenesindonesia.com\/wp-content\/uploads\/2022\/09\/Untitled-design-45-600x600.jpg 600w, https:\/\/craftygenesindonesia.com\/wp-content\/uploads\/2022\/09\/Untitled-design-45-100x100.jpg 100w, https:\/\/craftygenesindonesia.com\/wp-content\/uploads\/2022\/09\/Untitled-design-45.jpg 1024w\" data-sizes=\"(max-width: 300px) 100vw, 300px\" src=\"data:image\/svg+xml;base64,PHN2ZyB3aWR0aD0iMSIgaGVpZ2h0PSIxIiB4bWxucz0iaHR0cDovL3d3dy53My5vcmcvMjAwMC9zdmciPjwvc3ZnPg==\" style=\"--smush-placeholder-width: 300px; --smush-placeholder-aspect-ratio: 300\/300;\" \/><\/a><p id=\"caption-attachment-20418\" class=\"wp-caption-text\">Marie Louise Ankleidepuppe<\/p><\/div>\n","protected":false},"featured_media":987529109,"comment_status":"open","ping_status":"closed","template":"","meta":{"_acf_changed":false},"product_brand":[],"product_cat":[12218],"product_tag":[12231,12220,12548,12219,12550,12546,12221,12465,12547,12551,12549],"class_list":{"0":"post-987529101","1":"product","2":"type-product","3":"status-publish","4":"has-post-thumbnail","6":"product_cat-kinder-puppen-hakeln-muster","7":"product_tag-bogen","8":"product_tag-hakelpuppe","9":"product_tag-hosen","10":"product_tag-kinderpuppen","11":"product_tag-lockiges-haar","12":"product_tag-marie-louise-de","13":"product_tag-puppe","14":"product_tag-puppe-anziehen","15":"product_tag-rucksack","16":"product_tag-schuhe","17":"product_tag-top-de","18":"pa_available_on-craftygenesindonesia","19":"pa_available_on-etsy","20":"pa_available_on-haked-nl","21":"pa_available_on-payhip","22":"pa_available_on-ravelry","23":"pa_languages-deutsch","24":"pa_languages-franzoesisch","25":"pa_languages-niederlaendisch","26":"pa_languages-spanisch","27":"pa_languages-us-englisch","29":"first","30":"instock","31":"downloadable","32":"virtual","33":"purchasable","34":"product-type-simple"},"acf":[],"yoast_head":"<!-- This site is optimized with the Yoast SEO plugin v27.3 - https:\/\/yoast.com\/product\/yoast-seo-wordpress\/ -->\n<title>Die Marie Louise Ankleidepuppe H\u00e4kelmuster - Craftygenesindonesia<\/title>\n<meta name=\"description\" content=\"Kaufen Sie hier mein H\u00e4kelmuster &quot;Die Marie Louise Ankleidepuppe&quot;. Das einfach zu befolgende Muster ist auch erh\u00e4ltlich auf Etsy, Haked.nl, Ravelry, Payhip\" \/>\n<meta name=\"robots\" content=\"index, follow, max-snippet:-1, max-image-preview:large, max-video-preview:-1\" \/>\n<link rel=\"canonical\" href=\"https:\/\/craftygenesindonesia.com\/de\/shop\/kinder-puppen-hakeln-muster\/die-marie-louise-ankleidepuppe\/\" \/>\n<meta property=\"og:locale\" content=\"de_DE\" \/>\n<meta property=\"og:type\" content=\"article\" \/>\n<meta property=\"og:title\" content=\"Die Marie Louise Anziehpuppe H\u00e4kelmuster\" \/>\n<meta property=\"og:description\" content=\"Kaufen Sie hier mein H\u00e4kelmuster &quot;Die Marie Louise Ankleidepuppe&quot;. Das einfach zu befolgende Muster ist auch erh\u00e4ltlich auf Etsy, Haked.nl, Ravelry, Payhip\" \/>\n<meta property=\"og:url\" content=\"https:\/\/craftygenesindonesia.com\/de\/shop\/kinder-puppen-hakeln-muster\/die-marie-louise-ankleidepuppe\/\" \/>\n<meta property=\"og:site_name\" content=\"Craftygenesindonesia\" \/>\n<meta property=\"article:modified_time\" content=\"2025-11-12T21:39:16+00:00\" \/>\n<meta property=\"og:image\" content=\"https:\/\/craftygenesindonesia.com\/wp-content\/uploads\/2022\/09\/Marie-Louise-1-300x300.jpg\" \/>\n<meta name=\"twitter:card\" content=\"summary_large_image\" \/>\n<meta name=\"twitter:label1\" content=\"Gesch\u00e4tzte Lesezeit\" \/>\n\t<meta name=\"twitter:data1\" content=\"1\u00a0Minute\" \/>\n<script type=\"application\/ld+json\" class=\"yoast-schema-graph\">{\"@context\":\"https:\\\/\\\/schema.org\",\"@graph\":[{\"@type\":\"WebPage\",\"@id\":\"https:\\\/\\\/craftygenesindonesia.com\\\/de\\\/shop\\\/kinder-puppen-hakeln-muster\\\/die-marie-louise-ankleidepuppe\\\/\",\"url\":\"https:\\\/\\\/craftygenesindonesia.com\\\/de\\\/shop\\\/kinder-puppen-hakeln-muster\\\/die-marie-louise-ankleidepuppe\\\/\",\"name\":\"Die Marie Louise Ankleidepuppe H\u00e4kelmuster - Craftygenesindonesia\",\"isPartOf\":{\"@id\":\"https:\\\/\\\/craftygenesindonesia.com\\\/de\\\/#website\"},\"primaryImageOfPage\":{\"@id\":\"https:\\\/\\\/craftygenesindonesia.com\\\/de\\\/shop\\\/kinder-puppen-hakeln-muster\\\/die-marie-louise-ankleidepuppe\\\/#primaryimage\"},\"image\":{\"@id\":\"https:\\\/\\\/craftygenesindonesia.com\\\/de\\\/shop\\\/kinder-puppen-hakeln-muster\\\/die-marie-louise-ankleidepuppe\\\/#primaryimage\"},\"thumbnailUrl\":\"https:\\\/\\\/craftygenesindonesia.com\\\/wp-content\\\/uploads\\\/2022\\\/09\\\/Marie-Louise-1.jpg\",\"datePublished\":\"2022-09-02T08:21:36+00:00\",\"dateModified\":\"2025-11-12T21:39:16+00:00\",\"description\":\"Kaufen Sie hier mein H\u00e4kelmuster \\\"Die Marie Louise Ankleidepuppe\\\". Das einfach zu befolgende Muster ist auch erh\u00e4ltlich auf Etsy, Haked.nl, Ravelry, Payhip\",\"breadcrumb\":{\"@id\":\"https:\\\/\\\/craftygenesindonesia.com\\\/de\\\/shop\\\/kinder-puppen-hakeln-muster\\\/die-marie-louise-ankleidepuppe\\\/#breadcrumb\"},\"inLanguage\":\"de\",\"potentialAction\":[{\"@type\":\"ReadAction\",\"target\":[\"https:\\\/\\\/craftygenesindonesia.com\\\/de\\\/shop\\\/kinder-puppen-hakeln-muster\\\/die-marie-louise-ankleidepuppe\\\/\"]}]},{\"@type\":\"ImageObject\",\"inLanguage\":\"de\",\"@id\":\"https:\\\/\\\/craftygenesindonesia.com\\\/de\\\/shop\\\/kinder-puppen-hakeln-muster\\\/die-marie-louise-ankleidepuppe\\\/#primaryimage\",\"url\":\"https:\\\/\\\/craftygenesindonesia.com\\\/wp-content\\\/uploads\\\/2022\\\/09\\\/Marie-Louise-1.jpg\",\"contentUrl\":\"https:\\\/\\\/craftygenesindonesia.com\\\/wp-content\\\/uploads\\\/2022\\\/09\\\/Marie-Louise-1.jpg\",\"width\":1080,\"height\":1080,\"caption\":\"crochet dress-up doll\"},{\"@type\":\"BreadcrumbList\",\"@id\":\"https:\\\/\\\/craftygenesindonesia.com\\\/de\\\/shop\\\/kinder-puppen-hakeln-muster\\\/die-marie-louise-ankleidepuppe\\\/#breadcrumb\",\"itemListElement\":[{\"@type\":\"ListItem\",\"position\":1,\"name\":\"Home\",\"item\":\"https:\\\/\\\/craftygenesindonesia.com\\\/de\\\/\"},{\"@type\":\"ListItem\",\"position\":2,\"name\":\"Mustershop\",\"item\":\"https:\\\/\\\/craftygenesindonesia.com\\\/de\\\/muster-shop\\\/\"},{\"@type\":\"ListItem\",\"position\":3,\"name\":\"Die Marie Louise Ankleidepuppe\"}]},{\"@type\":\"WebSite\",\"@id\":\"https:\\\/\\\/craftygenesindonesia.com\\\/de\\\/#website\",\"url\":\"https:\\\/\\\/craftygenesindonesia.com\\\/de\\\/\",\"name\":\"Craftygenesindonesia\",\"description\":\"\",\"publisher\":{\"@id\":\"https:\\\/\\\/craftygenesindonesia.com\\\/de\\\/#organization\"},\"potentialAction\":[{\"@type\":\"SearchAction\",\"target\":{\"@type\":\"EntryPoint\",\"urlTemplate\":\"https:\\\/\\\/craftygenesindonesia.com\\\/de\\\/?s={search_term_string}\"},\"query-input\":{\"@type\":\"PropertyValueSpecification\",\"valueRequired\":true,\"valueName\":\"search_term_string\"}}],\"inLanguage\":\"de\"},{\"@type\":\"Organization\",\"@id\":\"https:\\\/\\\/craftygenesindonesia.com\\\/de\\\/#organization\",\"name\":\"Craftygenesindonesia\",\"url\":\"https:\\\/\\\/craftygenesindonesia.com\\\/de\\\/\",\"logo\":{\"@type\":\"ImageObject\",\"inLanguage\":\"de\",\"@id\":\"https:\\\/\\\/craftygenesindonesia.com\\\/de\\\/#\\\/schema\\\/logo\\\/image\\\/\",\"url\":\"https:\\\/\\\/craftygenesindonesia.com\\\/wp-content\\\/uploads\\\/2025\\\/11\\\/cropped-Copy-of-Craftygenesindonesia.jpg\",\"contentUrl\":\"https:\\\/\\\/craftygenesindonesia.com\\\/wp-content\\\/uploads\\\/2025\\\/11\\\/cropped-Copy-of-Craftygenesindonesia.jpg\",\"width\":180,\"height\":60,\"caption\":\"Craftygenesindonesia\"},\"image\":{\"@id\":\"https:\\\/\\\/craftygenesindonesia.com\\\/de\\\/#\\\/schema\\\/logo\\\/image\\\/\"}}]}<\/script>\n<!-- \/ Yoast SEO plugin. -->","yoast_head_json":{"title":"Die Marie Louise Ankleidepuppe H\u00e4kelmuster - Craftygenesindonesia","description":"Kaufen Sie hier mein H\u00e4kelmuster \"Die Marie Louise Ankleidepuppe\". Das einfach zu befolgende Muster ist auch erh\u00e4ltlich auf Etsy, Haked.nl, Ravelry, Payhip","robots":{"index":"index","follow":"follow","max-snippet":"max-snippet:-1","max-image-preview":"max-image-preview:large","max-video-preview":"max-video-preview:-1"},"canonical":"https:\/\/craftygenesindonesia.com\/de\/shop\/kinder-puppen-hakeln-muster\/die-marie-louise-ankleidepuppe\/","og_locale":"de_DE","og_type":"article","og_title":"Die Marie Louise Anziehpuppe H\u00e4kelmuster","og_description":"Kaufen Sie hier mein H\u00e4kelmuster \"Die Marie Louise Ankleidepuppe\". Das einfach zu befolgende Muster ist auch erh\u00e4ltlich auf Etsy, Haked.nl, Ravelry, Payhip","og_url":"https:\/\/craftygenesindonesia.com\/de\/shop\/kinder-puppen-hakeln-muster\/die-marie-louise-ankleidepuppe\/","og_site_name":"Craftygenesindonesia","article_modified_time":"2025-11-12T21:39:16+00:00","og_image":[{"url":"https:\/\/craftygenesindonesia.com\/wp-content\/uploads\/2022\/09\/Marie-Louise-1-300x300.jpg","type":"","width":"","height":""}],"twitter_card":"summary_large_image","twitter_misc":{"Gesch\u00e4tzte Lesezeit":"1\u00a0Minute"},"schema":{"@context":"https:\/\/schema.org","@graph":[{"@type":"WebPage","@id":"https:\/\/craftygenesindonesia.com\/de\/shop\/kinder-puppen-hakeln-muster\/die-marie-louise-ankleidepuppe\/","url":"https:\/\/craftygenesindonesia.com\/de\/shop\/kinder-puppen-hakeln-muster\/die-marie-louise-ankleidepuppe\/","name":"Die Marie Louise Ankleidepuppe H\u00e4kelmuster - Craftygenesindonesia","isPartOf":{"@id":"https:\/\/craftygenesindonesia.com\/de\/#website"},"primaryImageOfPage":{"@id":"https:\/\/craftygenesindonesia.com\/de\/shop\/kinder-puppen-hakeln-muster\/die-marie-louise-ankleidepuppe\/#primaryimage"},"image":{"@id":"https:\/\/craftygenesindonesia.com\/de\/shop\/kinder-puppen-hakeln-muster\/die-marie-louise-ankleidepuppe\/#primaryimage"},"thumbnailUrl":"https:\/\/craftygenesindonesia.com\/wp-content\/uploads\/2022\/09\/Marie-Louise-1.jpg","datePublished":"2022-09-02T08:21:36+00:00","dateModified":"2025-11-12T21:39:16+00:00","description":"Kaufen Sie hier mein H\u00e4kelmuster \"Die Marie Louise Ankleidepuppe\". Das einfach zu befolgende Muster ist auch erh\u00e4ltlich auf Etsy, Haked.nl, Ravelry, Payhip","breadcrumb":{"@id":"https:\/\/craftygenesindonesia.com\/de\/shop\/kinder-puppen-hakeln-muster\/die-marie-louise-ankleidepuppe\/#breadcrumb"},"inLanguage":"de","potentialAction":[{"@type":"ReadAction","target":["https:\/\/craftygenesindonesia.com\/de\/shop\/kinder-puppen-hakeln-muster\/die-marie-louise-ankleidepuppe\/"]}]},{"@type":"ImageObject","inLanguage":"de","@id":"https:\/\/craftygenesindonesia.com\/de\/shop\/kinder-puppen-hakeln-muster\/die-marie-louise-ankleidepuppe\/#primaryimage","url":"https:\/\/craftygenesindonesia.com\/wp-content\/uploads\/2022\/09\/Marie-Louise-1.jpg","contentUrl":"https:\/\/craftygenesindonesia.com\/wp-content\/uploads\/2022\/09\/Marie-Louise-1.jpg","width":1080,"height":1080,"caption":"crochet dress-up doll"},{"@type":"BreadcrumbList","@id":"https:\/\/craftygenesindonesia.com\/de\/shop\/kinder-puppen-hakeln-muster\/die-marie-louise-ankleidepuppe\/#breadcrumb","itemListElement":[{"@type":"ListItem","position":1,"name":"Home","item":"https:\/\/craftygenesindonesia.com\/de\/"},{"@type":"ListItem","position":2,"name":"Mustershop","item":"https:\/\/craftygenesindonesia.com\/de\/muster-shop\/"},{"@type":"ListItem","position":3,"name":"Die Marie Louise Ankleidepuppe"}]},{"@type":"WebSite","@id":"https:\/\/craftygenesindonesia.com\/de\/#website","url":"https:\/\/craftygenesindonesia.com\/de\/","name":"Craftygenesindonesia","description":"","publisher":{"@id":"https:\/\/craftygenesindonesia.com\/de\/#organization"},"potentialAction":[{"@type":"SearchAction","target":{"@type":"EntryPoint","urlTemplate":"https:\/\/craftygenesindonesia.com\/de\/?s={search_term_string}"},"query-input":{"@type":"PropertyValueSpecification","valueRequired":true,"valueName":"search_term_string"}}],"inLanguage":"de"},{"@type":"Organization","@id":"https:\/\/craftygenesindonesia.com\/de\/#organization","name":"Craftygenesindonesia","url":"https:\/\/craftygenesindonesia.com\/de\/","logo":{"@type":"ImageObject","inLanguage":"de","@id":"https:\/\/craftygenesindonesia.com\/de\/#\/schema\/logo\/image\/","url":"https:\/\/craftygenesindonesia.com\/wp-content\/uploads\/2025\/11\/cropped-Copy-of-Craftygenesindonesia.jpg","contentUrl":"https:\/\/craftygenesindonesia.com\/wp-content\/uploads\/2025\/11\/cropped-Copy-of-Craftygenesindonesia.jpg","width":180,"height":60,"caption":"Craftygenesindonesia"},"image":{"@id":"https:\/\/craftygenesindonesia.com\/de\/#\/schema\/logo\/image\/"}}]}},"_links":{"self":[{"href":"https:\/\/craftygenesindonesia.com\/de\/wp-json\/wp\/v2\/product\/987529101","targetHints":{"allow":["GET"]}}],"collection":[{"href":"https:\/\/craftygenesindonesia.com\/de\/wp-json\/wp\/v2\/product"}],"about":[{"href":"https:\/\/craftygenesindonesia.com\/de\/wp-json\/wp\/v2\/types\/product"}],"replies":[{"embeddable":true,"href":"https:\/\/craftygenesindonesia.com\/de\/wp-json\/wp\/v2\/comments?post=987529101"}],"wp:featuredmedia":[{"embeddable":true,"href":"https:\/\/craftygenesindonesia.com\/de\/wp-json\/wp\/v2\/media\/987529109"}],"wp:attachment":[{"href":"https:\/\/craftygenesindonesia.com\/de\/wp-json\/wp\/v2\/media?parent=987529101"}],"wp:term":[{"taxonomy":"product_brand","embeddable":true,"href":"https:\/\/craftygenesindonesia.com\/de\/wp-json\/wp\/v2\/product_brand?post=987529101"},{"taxonomy":"product_cat","embeddable":true,"href":"https:\/\/craftygenesindonesia.com\/de\/wp-json\/wp\/v2\/product_cat?post=987529101"},{"taxonomy":"product_tag","embeddable":true,"href":"https:\/\/craftygenesindonesia.com\/de\/wp-json\/wp\/v2\/product_tag?post=987529101"}],"curies":[{"name":"wp","href":"https:\/\/api.w.org\/{rel}","templated":true}]}}