{"id":987529032,"date":"2022-06-28T21:29:12","date_gmt":"2022-06-28T13:29:12","guid":{"rendered":"https:\/\/craftygenesindonesia.com\/shop\/unkategorisiert\/die-liebe-eines-vaters\/"},"modified":"2025-11-13T05:51:38","modified_gmt":"2025-11-12T21:51:38","slug":"die-liebe-eines-vaters","status":"publish","type":"product","link":"https:\/\/craftygenesindonesia.com\/de\/shop\/damen-und-herren-hakelmuster\/die-liebe-eines-vaters\/","title":{"rendered":"Die Liebe eines Vaters"},"content":{"rendered":"<p>Gr\u00f6\u00dfe: Das Set ist etwa 18,5 cm hoch.<\/p>\n<p>Garn: Ich habe das Ganze mit einem f\u00fcr Amigurumi geeigneten Garn der St\u00e4rke &#8220;FINGERING&#8221; und einer H\u00e4kelnadel der Gr\u00f6\u00dfe 2mm gemacht.<\/p>\n<p>Sie ben\u00f6tigen folgende Farben: beige, dunkelbraun, dunkelgr\u00fcn, grau, gr\u00fcn, hautfarben, hellblau, mintgr\u00fcn, wei\u00df und schwarz. Die Mengen, die Sie von jeder Farbe ben\u00f6tigen, finden Sie auf Seite 1 des Musters.<\/p>\n<p>H\u00e4kelnadel: Gr\u00f6\u00dfe 2mm<\/p>\n<p>Dieses Muster ist ein schriftliches Muster mit vielen Bildern, um Ihnen zu helfen. Wenn Sie noch Fragen haben, senden Sie mir bitte eine Nachricht an: <a href=\"mailto:craftygenesindonesia@gmail.com\">craftygenesindonesia@gmail.com<\/a><\/p>\n<p><strong>-Dieses Muster ist nur f\u00fcr den pers\u00f6nlichen Gebrauch bestimmt und unterliegt einem COPYRIGHT. Das Muster darf daher NICHT kopiert, verkauft, weiterverkauft, \u00fcbersetzt, als eigenes Design beansprucht, verteilt, geteilt, ver\u00f6ffentlicht, online gestellt werden&#8230; in keiner Form ohne meine Zustimmung. Nicht einmal einen Teil davon!!! <\/strong><\/p>\n<p><strong>-Sie d\u00fcrfen das fertige Produkt in kleinen Mengen verkaufen, ABER NICHT DAS MUSTER SELBST! Bitte erw\u00e4hnen Sie, dass das Muster von Craftygenesindonesia ist und wo man es kaufen kann <\/strong><\/p>\n","protected":false},"excerpt":{"rendered":"<p>Dies ist ein einfach zu befolgendes H\u00e4kelmuster eines Vaters und eines Kindes auf einer Bank. Es w\u00e4re ein wunderbares Geschenk zum Vatertag!<\/p>\n","protected":false},"featured_media":987529033,"comment_status":"open","ping_status":"closed","template":"","meta":{"_acf_changed":false},"product_brand":[],"product_cat":[12177,12250,12225],"product_tag":[12390,12286,12388,12511,12509,12253,12510,12229,12514,12513,12512],"class_list":{"0":"post-987529032","1":"product","2":"type-product","3":"status-publish","4":"has-post-thumbnail","6":"product_cat-damen-und-herren-hakelmuster","7":"product_cat-gedenk-hakelmuster","8":"product_cat-liebe-valentine-hakelmuster","9":"product_tag-baby","10":"product_tag-bank","11":"product_tag-decke","12":"product_tag-die-liebe-eines-vaters","13":"product_tag-familie","14":"product_tag-gedenkstatte","15":"product_tag-kind","16":"product_tag-liebe","17":"product_tag-papa","18":"product_tag-vater","19":"product_tag-vatertag","20":"pa_available_on-craftygenesindonesia","21":"pa_available_on-etsy","22":"pa_available_on-haked-nl","23":"pa_available_on-payhip","24":"pa_available_on-ravelry","25":"pa_languages-franzoesisch","26":"pa_languages-niederlaendisch","27":"pa_languages-spanisch","28":"pa_languages-us-englisch","30":"first","31":"instock","32":"downloadable","33":"virtual","34":"purchasable","35":"product-type-simple"},"acf":[],"yoast_head":"<!-- This site is optimized with the Yoast SEO plugin v27.4 - https:\/\/yoast.com\/product\/yoast-seo-wordpress\/ -->\n<title>Die Liebe eines Vaters H\u00e4kelmuster - Craftygenesindonesia<\/title>\n<meta name=\"description\" content=\"Kaufen Sie hier mein H\u00e4kelmuster &quot;Die Liebe eines Vaters&quot;. Das einfach zu befolgende Muster ist auch auf Haked.nl, Etsy &amp; Ravelry erh\u00e4ltlich\" \/>\n<meta name=\"robots\" content=\"index, follow, max-snippet:-1, max-image-preview:large, max-video-preview:-1\" \/>\n<link rel=\"canonical\" href=\"https:\/\/craftygenesindonesia.com\/de\/shop\/damen-und-herren-hakelmuster\/die-liebe-eines-vaters\/\" \/>\n<meta property=\"og:locale\" content=\"de_DE\" \/>\n<meta property=\"og:type\" content=\"article\" \/>\n<meta property=\"og:title\" content=\"Die Liebe eines Vaters H\u00e4kelmuster\" \/>\n<meta property=\"og:description\" content=\"Kaufen Sie hier mein H\u00e4kelmuster &quot;Die Liebe eines Vaters&quot;. Das einfach zu befolgende Muster ist auch auf Haked.nl, Etsy &amp; Ravelry erh\u00e4ltlich\" \/>\n<meta property=\"og:url\" content=\"https:\/\/craftygenesindonesia.com\/de\/shop\/damen-und-herren-hakelmuster\/die-liebe-eines-vaters\/\" \/>\n<meta property=\"og:site_name\" content=\"Craftygenesindonesia\" \/>\n<meta property=\"article:modified_time\" content=\"2025-11-12T21:51:38+00:00\" \/>\n<meta property=\"og:image\" content=\"https:\/\/craftygenesindonesia.com\/wp-content\/uploads\/2022\/06\/A-Fathers-Love-300x300.jpg\" \/>\n<meta name=\"twitter:card\" content=\"summary_large_image\" \/>\n<meta name=\"twitter:label1\" content=\"Gesch\u00e4tzte Lesezeit\" \/>\n\t<meta name=\"twitter:data1\" content=\"1\u00a0Minute\" \/>\n<script type=\"application\/ld+json\" class=\"yoast-schema-graph\">{\"@context\":\"https:\\\/\\\/schema.org\",\"@graph\":[{\"@type\":\"WebPage\",\"@id\":\"https:\\\/\\\/craftygenesindonesia.com\\\/de\\\/shop\\\/damen-und-herren-hakelmuster\\\/die-liebe-eines-vaters\\\/\",\"url\":\"https:\\\/\\\/craftygenesindonesia.com\\\/de\\\/shop\\\/damen-und-herren-hakelmuster\\\/die-liebe-eines-vaters\\\/\",\"name\":\"Die Liebe eines Vaters H\u00e4kelmuster - Craftygenesindonesia\",\"isPartOf\":{\"@id\":\"https:\\\/\\\/craftygenesindonesia.com\\\/de\\\/#website\"},\"primaryImageOfPage\":{\"@id\":\"https:\\\/\\\/craftygenesindonesia.com\\\/de\\\/shop\\\/damen-und-herren-hakelmuster\\\/die-liebe-eines-vaters\\\/#primaryimage\"},\"image\":{\"@id\":\"https:\\\/\\\/craftygenesindonesia.com\\\/de\\\/shop\\\/damen-und-herren-hakelmuster\\\/die-liebe-eines-vaters\\\/#primaryimage\"},\"thumbnailUrl\":\"https:\\\/\\\/craftygenesindonesia.com\\\/wp-content\\\/uploads\\\/2022\\\/06\\\/A-Fathers-Love-2.jpg\",\"datePublished\":\"2022-06-28T13:29:12+00:00\",\"dateModified\":\"2025-11-12T21:51:38+00:00\",\"description\":\"Kaufen Sie hier mein H\u00e4kelmuster \\\"Die Liebe eines Vaters\\\". Das einfach zu befolgende Muster ist auch auf Haked.nl, Etsy & Ravelry erh\u00e4ltlich\",\"breadcrumb\":{\"@id\":\"https:\\\/\\\/craftygenesindonesia.com\\\/de\\\/shop\\\/damen-und-herren-hakelmuster\\\/die-liebe-eines-vaters\\\/#breadcrumb\"},\"inLanguage\":\"de\",\"potentialAction\":[{\"@type\":\"ReadAction\",\"target\":[\"https:\\\/\\\/craftygenesindonesia.com\\\/de\\\/shop\\\/damen-und-herren-hakelmuster\\\/die-liebe-eines-vaters\\\/\"]}]},{\"@type\":\"ImageObject\",\"inLanguage\":\"de\",\"@id\":\"https:\\\/\\\/craftygenesindonesia.com\\\/de\\\/shop\\\/damen-und-herren-hakelmuster\\\/die-liebe-eines-vaters\\\/#primaryimage\",\"url\":\"https:\\\/\\\/craftygenesindonesia.com\\\/wp-content\\\/uploads\\\/2022\\\/06\\\/A-Fathers-Love-2.jpg\",\"contentUrl\":\"https:\\\/\\\/craftygenesindonesia.com\\\/wp-content\\\/uploads\\\/2022\\\/06\\\/A-Fathers-Love-2.jpg\",\"width\":1080,\"height\":1080,\"caption\":\"crochet father doll holding child and sitting on a crochet bench\"},{\"@type\":\"BreadcrumbList\",\"@id\":\"https:\\\/\\\/craftygenesindonesia.com\\\/de\\\/shop\\\/damen-und-herren-hakelmuster\\\/die-liebe-eines-vaters\\\/#breadcrumb\",\"itemListElement\":[{\"@type\":\"ListItem\",\"position\":1,\"name\":\"Home\",\"item\":\"https:\\\/\\\/craftygenesindonesia.com\\\/de\\\/\"},{\"@type\":\"ListItem\",\"position\":2,\"name\":\"Mustershop\",\"item\":\"https:\\\/\\\/craftygenesindonesia.com\\\/de\\\/muster-shop\\\/\"},{\"@type\":\"ListItem\",\"position\":3,\"name\":\"Die Liebe eines Vaters\"}]},{\"@type\":\"WebSite\",\"@id\":\"https:\\\/\\\/craftygenesindonesia.com\\\/de\\\/#website\",\"url\":\"https:\\\/\\\/craftygenesindonesia.com\\\/de\\\/\",\"name\":\"Craftygenesindonesia\",\"description\":\"\",\"publisher\":{\"@id\":\"https:\\\/\\\/craftygenesindonesia.com\\\/de\\\/#organization\"},\"potentialAction\":[{\"@type\":\"SearchAction\",\"target\":{\"@type\":\"EntryPoint\",\"urlTemplate\":\"https:\\\/\\\/craftygenesindonesia.com\\\/de\\\/?s={search_term_string}\"},\"query-input\":{\"@type\":\"PropertyValueSpecification\",\"valueRequired\":true,\"valueName\":\"search_term_string\"}}],\"inLanguage\":\"de\"},{\"@type\":\"Organization\",\"@id\":\"https:\\\/\\\/craftygenesindonesia.com\\\/de\\\/#organization\",\"name\":\"Craftygenesindonesia\",\"url\":\"https:\\\/\\\/craftygenesindonesia.com\\\/de\\\/\",\"logo\":{\"@type\":\"ImageObject\",\"inLanguage\":\"de\",\"@id\":\"https:\\\/\\\/craftygenesindonesia.com\\\/de\\\/#\\\/schema\\\/logo\\\/image\\\/\",\"url\":\"https:\\\/\\\/craftygenesindonesia.com\\\/wp-content\\\/uploads\\\/2025\\\/11\\\/cropped-Copy-of-Craftygenesindonesia.jpg\",\"contentUrl\":\"https:\\\/\\\/craftygenesindonesia.com\\\/wp-content\\\/uploads\\\/2025\\\/11\\\/cropped-Copy-of-Craftygenesindonesia.jpg\",\"width\":180,\"height\":60,\"caption\":\"Craftygenesindonesia\"},\"image\":{\"@id\":\"https:\\\/\\\/craftygenesindonesia.com\\\/de\\\/#\\\/schema\\\/logo\\\/image\\\/\"}}]}<\/script>\n<!-- \/ Yoast SEO plugin. -->","yoast_head_json":{"title":"Die Liebe eines Vaters H\u00e4kelmuster - Craftygenesindonesia","description":"Kaufen Sie hier mein H\u00e4kelmuster \"Die Liebe eines Vaters\". Das einfach zu befolgende Muster ist auch auf Haked.nl, Etsy & Ravelry erh\u00e4ltlich","robots":{"index":"index","follow":"follow","max-snippet":"max-snippet:-1","max-image-preview":"max-image-preview:large","max-video-preview":"max-video-preview:-1"},"canonical":"https:\/\/craftygenesindonesia.com\/de\/shop\/damen-und-herren-hakelmuster\/die-liebe-eines-vaters\/","og_locale":"de_DE","og_type":"article","og_title":"Die Liebe eines Vaters H\u00e4kelmuster","og_description":"Kaufen Sie hier mein H\u00e4kelmuster \"Die Liebe eines Vaters\". Das einfach zu befolgende Muster ist auch auf Haked.nl, Etsy & Ravelry erh\u00e4ltlich","og_url":"https:\/\/craftygenesindonesia.com\/de\/shop\/damen-und-herren-hakelmuster\/die-liebe-eines-vaters\/","og_site_name":"Craftygenesindonesia","article_modified_time":"2025-11-12T21:51:38+00:00","og_image":[{"url":"https:\/\/craftygenesindonesia.com\/wp-content\/uploads\/2022\/06\/A-Fathers-Love-300x300.jpg","type":"","width":"","height":""}],"twitter_card":"summary_large_image","twitter_misc":{"Gesch\u00e4tzte Lesezeit":"1\u00a0Minute"},"schema":{"@context":"https:\/\/schema.org","@graph":[{"@type":"WebPage","@id":"https:\/\/craftygenesindonesia.com\/de\/shop\/damen-und-herren-hakelmuster\/die-liebe-eines-vaters\/","url":"https:\/\/craftygenesindonesia.com\/de\/shop\/damen-und-herren-hakelmuster\/die-liebe-eines-vaters\/","name":"Die Liebe eines Vaters H\u00e4kelmuster - Craftygenesindonesia","isPartOf":{"@id":"https:\/\/craftygenesindonesia.com\/de\/#website"},"primaryImageOfPage":{"@id":"https:\/\/craftygenesindonesia.com\/de\/shop\/damen-und-herren-hakelmuster\/die-liebe-eines-vaters\/#primaryimage"},"image":{"@id":"https:\/\/craftygenesindonesia.com\/de\/shop\/damen-und-herren-hakelmuster\/die-liebe-eines-vaters\/#primaryimage"},"thumbnailUrl":"https:\/\/craftygenesindonesia.com\/wp-content\/uploads\/2022\/06\/A-Fathers-Love-2.jpg","datePublished":"2022-06-28T13:29:12+00:00","dateModified":"2025-11-12T21:51:38+00:00","description":"Kaufen Sie hier mein H\u00e4kelmuster \"Die Liebe eines Vaters\". Das einfach zu befolgende Muster ist auch auf Haked.nl, Etsy & Ravelry erh\u00e4ltlich","breadcrumb":{"@id":"https:\/\/craftygenesindonesia.com\/de\/shop\/damen-und-herren-hakelmuster\/die-liebe-eines-vaters\/#breadcrumb"},"inLanguage":"de","potentialAction":[{"@type":"ReadAction","target":["https:\/\/craftygenesindonesia.com\/de\/shop\/damen-und-herren-hakelmuster\/die-liebe-eines-vaters\/"]}]},{"@type":"ImageObject","inLanguage":"de","@id":"https:\/\/craftygenesindonesia.com\/de\/shop\/damen-und-herren-hakelmuster\/die-liebe-eines-vaters\/#primaryimage","url":"https:\/\/craftygenesindonesia.com\/wp-content\/uploads\/2022\/06\/A-Fathers-Love-2.jpg","contentUrl":"https:\/\/craftygenesindonesia.com\/wp-content\/uploads\/2022\/06\/A-Fathers-Love-2.jpg","width":1080,"height":1080,"caption":"crochet father doll holding child and sitting on a crochet bench"},{"@type":"BreadcrumbList","@id":"https:\/\/craftygenesindonesia.com\/de\/shop\/damen-und-herren-hakelmuster\/die-liebe-eines-vaters\/#breadcrumb","itemListElement":[{"@type":"ListItem","position":1,"name":"Home","item":"https:\/\/craftygenesindonesia.com\/de\/"},{"@type":"ListItem","position":2,"name":"Mustershop","item":"https:\/\/craftygenesindonesia.com\/de\/muster-shop\/"},{"@type":"ListItem","position":3,"name":"Die Liebe eines Vaters"}]},{"@type":"WebSite","@id":"https:\/\/craftygenesindonesia.com\/de\/#website","url":"https:\/\/craftygenesindonesia.com\/de\/","name":"Craftygenesindonesia","description":"","publisher":{"@id":"https:\/\/craftygenesindonesia.com\/de\/#organization"},"potentialAction":[{"@type":"SearchAction","target":{"@type":"EntryPoint","urlTemplate":"https:\/\/craftygenesindonesia.com\/de\/?s={search_term_string}"},"query-input":{"@type":"PropertyValueSpecification","valueRequired":true,"valueName":"search_term_string"}}],"inLanguage":"de"},{"@type":"Organization","@id":"https:\/\/craftygenesindonesia.com\/de\/#organization","name":"Craftygenesindonesia","url":"https:\/\/craftygenesindonesia.com\/de\/","logo":{"@type":"ImageObject","inLanguage":"de","@id":"https:\/\/craftygenesindonesia.com\/de\/#\/schema\/logo\/image\/","url":"https:\/\/craftygenesindonesia.com\/wp-content\/uploads\/2025\/11\/cropped-Copy-of-Craftygenesindonesia.jpg","contentUrl":"https:\/\/craftygenesindonesia.com\/wp-content\/uploads\/2025\/11\/cropped-Copy-of-Craftygenesindonesia.jpg","width":180,"height":60,"caption":"Craftygenesindonesia"},"image":{"@id":"https:\/\/craftygenesindonesia.com\/de\/#\/schema\/logo\/image\/"}}]}},"_links":{"self":[{"href":"https:\/\/craftygenesindonesia.com\/de\/wp-json\/wp\/v2\/product\/987529032","targetHints":{"allow":["GET"]}}],"collection":[{"href":"https:\/\/craftygenesindonesia.com\/de\/wp-json\/wp\/v2\/product"}],"about":[{"href":"https:\/\/craftygenesindonesia.com\/de\/wp-json\/wp\/v2\/types\/product"}],"replies":[{"embeddable":true,"href":"https:\/\/craftygenesindonesia.com\/de\/wp-json\/wp\/v2\/comments?post=987529032"}],"wp:featuredmedia":[{"embeddable":true,"href":"https:\/\/craftygenesindonesia.com\/de\/wp-json\/wp\/v2\/media\/987529033"}],"wp:attachment":[{"href":"https:\/\/craftygenesindonesia.com\/de\/wp-json\/wp\/v2\/media?parent=987529032"}],"wp:term":[{"taxonomy":"product_brand","embeddable":true,"href":"https:\/\/craftygenesindonesia.com\/de\/wp-json\/wp\/v2\/product_brand?post=987529032"},{"taxonomy":"product_cat","embeddable":true,"href":"https:\/\/craftygenesindonesia.com\/de\/wp-json\/wp\/v2\/product_cat?post=987529032"},{"taxonomy":"product_tag","embeddable":true,"href":"https:\/\/craftygenesindonesia.com\/de\/wp-json\/wp\/v2\/product_tag?post=987529032"}],"curies":[{"name":"wp","href":"https:\/\/api.w.org\/{rel}","templated":true}]}}