{"id":987528994,"date":"2023-05-24T07:25:01","date_gmt":"2023-05-23T23:25:01","guid":{"rendered":"https:\/\/craftygenesindonesia.com\/shop\/unkategorisiert\/die-anna-maria-handtasche\/"},"modified":"2026-03-24T06:42:29","modified_gmt":"2026-03-23T22:42:29","slug":"die-anna-maria-handtasche","status":"publish","type":"product","link":"https:\/\/craftygenesindonesia.com\/de\/shop\/taschenmuster\/die-anna-maria-handtasche\/","title":{"rendered":"Die Anna-Maria-Handtasche"},"content":{"rendered":"<p>Diese Tasche wird mit mittelschwerem Garn (4) hergestellt, das f\u00fcr eine 2,5 mm H\u00e4kelnadel geeignet ist.<\/p>\n<p>Sie brauchen dieses Garn:<\/p>\n<p>Buntes Garn (455-475m\/500-520yd)<br \/>\nWei\u00df (50-75m\/55-82yd)<\/p>\n<p>Au\u00dferdem brauchen Sie: Stichmarker &#8211; Schere &#8211; Bleistift &#8211; N\u00e4hgarn und Nadel &#8211; Futterstoff &#8211; Evaschaum (oder eine andere Tascheneinlage) &#8211; Tapisserie-Nadel &#8211; B\u00fcgeleisen &#8211; N\u00e4hmaschine<\/p>\n<p>H\u00e4kelnadel: Gr\u00f6\u00dfe 2,5 mm<\/p>\n<p>Dieses Muster enth\u00e4lt ein schriftliches Muster und viele Bilder, um Ihnen zu helfen.<br \/>\nFalls du Probleme mit dem Verst\u00e4ndnis hast, kannst du mir gerne eine Nachricht schicken: <a href=\"mailto:craftygenesindonesia@gmail.com\">craftygenesindonesia@gmail.com<\/a><\/p>\n<p><strong>Dieses Muster ist nur f\u00fcr den pers\u00f6nlichen Gebrauch bestimmt und unterliegt dem COPYRIGHT. Das Muster ist daher nur f\u00fcr den pers\u00f6nlichen Gebrauch bestimmt und darf NICHT kopiert, verkauft, weiterverkauft, \u00fcbersetzt, als eigenes Design beansprucht, verteilt, geteilt, ver\u00f6ffentlicht, online gestellt werden&#8230; in keiner Form ohne meine Zustimmung. Nicht einmal ein Teil davon!! <\/strong><\/p>\n<p><strong>Sie d\u00fcrfen das fertige Produkt verkaufen, aber nicht das Muster selbst!<\/strong><\/p>\n","protected":false},"excerpt":{"rendered":"<p>Diese Handtasche ist einfach zu machen. Ich habe f\u00fcr diese Tasche den Startstich verwendet. Ich habe <a href=\"https:\/\/youtu.be\/Dv1LmnwK5qw\" target=\"_blank\" rel=\"noopener\"><strong>ein YouTube-Video<\/strong><\/a> \u00fcber den Sternstich, falls Sie sich nicht sicher sind, wie man diesen sch\u00f6nen und sehr einfachen Stich macht.<\/p>\n","protected":false},"featured_media":987528995,"comment_status":"open","ping_status":"closed","template":"","meta":{"_acf_changed":false},"product_brand":[],"product_cat":[12376],"product_tag":[12495,12377,12392],"class_list":{"0":"post-987528994","1":"product","2":"type-product","3":"status-publish","4":"has-post-thumbnail","6":"product_cat-taschenmuster","7":"product_tag-gehakeltes-portemonnaie","8":"product_tag-handtasche","9":"product_tag-tasche","10":"pa_available_on-craftygenesindonesia","11":"pa_available_on-creative-fabrica","12":"pa_available_on-etsy","13":"pa_available_on-haked-nl","14":"pa_available_on-payhip","15":"pa_available_on-ravelry","16":"pa_languages-franzoesisch","17":"pa_languages-niederlaendisch","18":"pa_languages-spanisch","19":"pa_languages-us-englisch","21":"first","22":"instock","23":"downloadable","24":"virtual","25":"purchasable","26":"product-type-simple"},"acf":[],"yoast_head":"<!-- This site is optimized with the Yoast SEO plugin v27.4 - https:\/\/yoast.com\/product\/yoast-seo-wordpress\/ -->\n<title>Die Anna-Maria-Handtasche H\u00e4kelmuster - Craftygenesindonesia<\/title>\n<meta name=\"description\" content=\"Kaufen Sie hier mein H\u00e4kelmuster &quot;Anna Marie Handtasche&quot;. Das einfach zu befolgende H\u00e4kelmuster ist auch bei Haked, Etsy &amp; Ravelry erh\u00e4ltlich\" \/>\n<meta name=\"robots\" content=\"index, follow, max-snippet:-1, max-image-preview:large, max-video-preview:-1\" \/>\n<link rel=\"canonical\" href=\"https:\/\/craftygenesindonesia.com\/de\/shop\/taschenmuster\/die-anna-maria-handtasche\/\" \/>\n<meta property=\"og:locale\" content=\"de_DE\" \/>\n<meta property=\"og:type\" content=\"article\" \/>\n<meta property=\"og:title\" content=\"Anna Marie Handtasche H\u00e4kelmuster\" \/>\n<meta property=\"og:description\" content=\"Kaufen Sie hier mein H\u00e4kelmuster &quot;Anna Marie Handtasche&quot;. Das einfach zu befolgende H\u00e4kelmuster ist auch bei Haked, Etsy &amp; Ravelry erh\u00e4ltlich\" \/>\n<meta property=\"og:url\" content=\"https:\/\/craftygenesindonesia.com\/de\/shop\/taschenmuster\/die-anna-maria-handtasche\/\" \/>\n<meta property=\"og:site_name\" content=\"Craftygenesindonesia\" \/>\n<meta property=\"article:modified_time\" content=\"2026-03-23T22:42:29+00:00\" \/>\n<meta property=\"og:image\" content=\"https:\/\/craftygenesindonesia.com\/wp-content\/uploads\/2023\/05\/Anna-Marie-Bag-2-300x300.jpg\" \/>\n<meta name=\"twitter:card\" content=\"summary_large_image\" \/>\n<meta name=\"twitter:title\" content=\"Anna Marie Handtasche H\u00e4kelmuster\" \/>\n<meta name=\"twitter:description\" content=\"Kaufen Sie hier mein &quot;Anna Marie Handtasche&quot; H\u00e4kelmuster. Das Muster kommt mit Bildern, um Ihnen zu helfen.\" \/>\n<meta name=\"twitter:image\" content=\"https:\/\/craftygenesindonesia.com\/wp-content\/uploads\/2023\/05\/1684883889197.jpg\" \/>\n<meta name=\"twitter:label1\" content=\"Gesch\u00e4tzte Lesezeit\" \/>\n\t<meta name=\"twitter:data1\" content=\"1\u00a0Minute\" \/>\n<script type=\"application\/ld+json\" class=\"yoast-schema-graph\">{\"@context\":\"https:\\\/\\\/schema.org\",\"@graph\":[{\"@type\":\"WebPage\",\"@id\":\"https:\\\/\\\/craftygenesindonesia.com\\\/de\\\/shop\\\/taschenmuster\\\/die-anna-maria-handtasche\\\/\",\"url\":\"https:\\\/\\\/craftygenesindonesia.com\\\/de\\\/shop\\\/taschenmuster\\\/die-anna-maria-handtasche\\\/\",\"name\":\"Die Anna-Maria-Handtasche H\u00e4kelmuster - Craftygenesindonesia\",\"isPartOf\":{\"@id\":\"https:\\\/\\\/craftygenesindonesia.com\\\/de\\\/#website\"},\"primaryImageOfPage\":{\"@id\":\"https:\\\/\\\/craftygenesindonesia.com\\\/de\\\/shop\\\/taschenmuster\\\/die-anna-maria-handtasche\\\/#primaryimage\"},\"image\":{\"@id\":\"https:\\\/\\\/craftygenesindonesia.com\\\/de\\\/shop\\\/taschenmuster\\\/die-anna-maria-handtasche\\\/#primaryimage\"},\"thumbnailUrl\":\"https:\\\/\\\/craftygenesindonesia.com\\\/wp-content\\\/uploads\\\/2023\\\/05\\\/Anna-Marie-Bag-2.jpg\",\"datePublished\":\"2023-05-23T23:25:01+00:00\",\"dateModified\":\"2026-03-23T22:42:29+00:00\",\"description\":\"Kaufen Sie hier mein H\u00e4kelmuster \\\"Anna Marie Handtasche\\\". Das einfach zu befolgende H\u00e4kelmuster ist auch bei Haked, Etsy & Ravelry erh\u00e4ltlich\",\"breadcrumb\":{\"@id\":\"https:\\\/\\\/craftygenesindonesia.com\\\/de\\\/shop\\\/taschenmuster\\\/die-anna-maria-handtasche\\\/#breadcrumb\"},\"inLanguage\":\"de\",\"potentialAction\":[{\"@type\":\"ReadAction\",\"target\":[\"https:\\\/\\\/craftygenesindonesia.com\\\/de\\\/shop\\\/taschenmuster\\\/die-anna-maria-handtasche\\\/\"]}]},{\"@type\":\"ImageObject\",\"inLanguage\":\"de\",\"@id\":\"https:\\\/\\\/craftygenesindonesia.com\\\/de\\\/shop\\\/taschenmuster\\\/die-anna-maria-handtasche\\\/#primaryimage\",\"url\":\"https:\\\/\\\/craftygenesindonesia.com\\\/wp-content\\\/uploads\\\/2023\\\/05\\\/Anna-Marie-Bag-2.jpg\",\"contentUrl\":\"https:\\\/\\\/craftygenesindonesia.com\\\/wp-content\\\/uploads\\\/2023\\\/05\\\/Anna-Marie-Bag-2.jpg\",\"width\":1080,\"height\":1080,\"caption\":\"crochet handbag with colorful yarn\"},{\"@type\":\"BreadcrumbList\",\"@id\":\"https:\\\/\\\/craftygenesindonesia.com\\\/de\\\/shop\\\/taschenmuster\\\/die-anna-maria-handtasche\\\/#breadcrumb\",\"itemListElement\":[{\"@type\":\"ListItem\",\"position\":1,\"name\":\"Home\",\"item\":\"https:\\\/\\\/craftygenesindonesia.com\\\/de\\\/\"},{\"@type\":\"ListItem\",\"position\":2,\"name\":\"Mustershop\",\"item\":\"https:\\\/\\\/craftygenesindonesia.com\\\/de\\\/muster-shop\\\/\"},{\"@type\":\"ListItem\",\"position\":3,\"name\":\"Die Anna-Maria-Handtasche\"}]},{\"@type\":\"WebSite\",\"@id\":\"https:\\\/\\\/craftygenesindonesia.com\\\/de\\\/#website\",\"url\":\"https:\\\/\\\/craftygenesindonesia.com\\\/de\\\/\",\"name\":\"Craftygenesindonesia\",\"description\":\"\",\"publisher\":{\"@id\":\"https:\\\/\\\/craftygenesindonesia.com\\\/de\\\/#organization\"},\"potentialAction\":[{\"@type\":\"SearchAction\",\"target\":{\"@type\":\"EntryPoint\",\"urlTemplate\":\"https:\\\/\\\/craftygenesindonesia.com\\\/de\\\/?s={search_term_string}\"},\"query-input\":{\"@type\":\"PropertyValueSpecification\",\"valueRequired\":true,\"valueName\":\"search_term_string\"}}],\"inLanguage\":\"de\"},{\"@type\":\"Organization\",\"@id\":\"https:\\\/\\\/craftygenesindonesia.com\\\/de\\\/#organization\",\"name\":\"Craftygenesindonesia\",\"url\":\"https:\\\/\\\/craftygenesindonesia.com\\\/de\\\/\",\"logo\":{\"@type\":\"ImageObject\",\"inLanguage\":\"de\",\"@id\":\"https:\\\/\\\/craftygenesindonesia.com\\\/de\\\/#\\\/schema\\\/logo\\\/image\\\/\",\"url\":\"https:\\\/\\\/craftygenesindonesia.com\\\/wp-content\\\/uploads\\\/2025\\\/11\\\/cropped-Copy-of-Craftygenesindonesia.jpg\",\"contentUrl\":\"https:\\\/\\\/craftygenesindonesia.com\\\/wp-content\\\/uploads\\\/2025\\\/11\\\/cropped-Copy-of-Craftygenesindonesia.jpg\",\"width\":180,\"height\":60,\"caption\":\"Craftygenesindonesia\"},\"image\":{\"@id\":\"https:\\\/\\\/craftygenesindonesia.com\\\/de\\\/#\\\/schema\\\/logo\\\/image\\\/\"}}]}<\/script>\n<!-- \/ Yoast SEO plugin. -->","yoast_head_json":{"title":"Die Anna-Maria-Handtasche H\u00e4kelmuster - Craftygenesindonesia","description":"Kaufen Sie hier mein H\u00e4kelmuster \"Anna Marie Handtasche\". Das einfach zu befolgende H\u00e4kelmuster ist auch bei Haked, Etsy & Ravelry erh\u00e4ltlich","robots":{"index":"index","follow":"follow","max-snippet":"max-snippet:-1","max-image-preview":"max-image-preview:large","max-video-preview":"max-video-preview:-1"},"canonical":"https:\/\/craftygenesindonesia.com\/de\/shop\/taschenmuster\/die-anna-maria-handtasche\/","og_locale":"de_DE","og_type":"article","og_title":"Anna Marie Handtasche H\u00e4kelmuster","og_description":"Kaufen Sie hier mein H\u00e4kelmuster \"Anna Marie Handtasche\". Das einfach zu befolgende H\u00e4kelmuster ist auch bei Haked, Etsy & Ravelry erh\u00e4ltlich","og_url":"https:\/\/craftygenesindonesia.com\/de\/shop\/taschenmuster\/die-anna-maria-handtasche\/","og_site_name":"Craftygenesindonesia","article_modified_time":"2026-03-23T22:42:29+00:00","og_image":[{"url":"https:\/\/craftygenesindonesia.com\/wp-content\/uploads\/2023\/05\/Anna-Marie-Bag-2-300x300.jpg","type":"","width":"","height":""}],"twitter_card":"summary_large_image","twitter_title":"Anna Marie Handtasche H\u00e4kelmuster","twitter_description":"Kaufen Sie hier mein \"Anna Marie Handtasche\" H\u00e4kelmuster. Das Muster kommt mit Bildern, um Ihnen zu helfen.","twitter_image":"https:\/\/craftygenesindonesia.com\/wp-content\/uploads\/2023\/05\/1684883889197.jpg","twitter_misc":{"Gesch\u00e4tzte Lesezeit":"1\u00a0Minute"},"schema":{"@context":"https:\/\/schema.org","@graph":[{"@type":"WebPage","@id":"https:\/\/craftygenesindonesia.com\/de\/shop\/taschenmuster\/die-anna-maria-handtasche\/","url":"https:\/\/craftygenesindonesia.com\/de\/shop\/taschenmuster\/die-anna-maria-handtasche\/","name":"Die Anna-Maria-Handtasche H\u00e4kelmuster - Craftygenesindonesia","isPartOf":{"@id":"https:\/\/craftygenesindonesia.com\/de\/#website"},"primaryImageOfPage":{"@id":"https:\/\/craftygenesindonesia.com\/de\/shop\/taschenmuster\/die-anna-maria-handtasche\/#primaryimage"},"image":{"@id":"https:\/\/craftygenesindonesia.com\/de\/shop\/taschenmuster\/die-anna-maria-handtasche\/#primaryimage"},"thumbnailUrl":"https:\/\/craftygenesindonesia.com\/wp-content\/uploads\/2023\/05\/Anna-Marie-Bag-2.jpg","datePublished":"2023-05-23T23:25:01+00:00","dateModified":"2026-03-23T22:42:29+00:00","description":"Kaufen Sie hier mein H\u00e4kelmuster \"Anna Marie Handtasche\". Das einfach zu befolgende H\u00e4kelmuster ist auch bei Haked, Etsy & Ravelry erh\u00e4ltlich","breadcrumb":{"@id":"https:\/\/craftygenesindonesia.com\/de\/shop\/taschenmuster\/die-anna-maria-handtasche\/#breadcrumb"},"inLanguage":"de","potentialAction":[{"@type":"ReadAction","target":["https:\/\/craftygenesindonesia.com\/de\/shop\/taschenmuster\/die-anna-maria-handtasche\/"]}]},{"@type":"ImageObject","inLanguage":"de","@id":"https:\/\/craftygenesindonesia.com\/de\/shop\/taschenmuster\/die-anna-maria-handtasche\/#primaryimage","url":"https:\/\/craftygenesindonesia.com\/wp-content\/uploads\/2023\/05\/Anna-Marie-Bag-2.jpg","contentUrl":"https:\/\/craftygenesindonesia.com\/wp-content\/uploads\/2023\/05\/Anna-Marie-Bag-2.jpg","width":1080,"height":1080,"caption":"crochet handbag with colorful yarn"},{"@type":"BreadcrumbList","@id":"https:\/\/craftygenesindonesia.com\/de\/shop\/taschenmuster\/die-anna-maria-handtasche\/#breadcrumb","itemListElement":[{"@type":"ListItem","position":1,"name":"Home","item":"https:\/\/craftygenesindonesia.com\/de\/"},{"@type":"ListItem","position":2,"name":"Mustershop","item":"https:\/\/craftygenesindonesia.com\/de\/muster-shop\/"},{"@type":"ListItem","position":3,"name":"Die Anna-Maria-Handtasche"}]},{"@type":"WebSite","@id":"https:\/\/craftygenesindonesia.com\/de\/#website","url":"https:\/\/craftygenesindonesia.com\/de\/","name":"Craftygenesindonesia","description":"","publisher":{"@id":"https:\/\/craftygenesindonesia.com\/de\/#organization"},"potentialAction":[{"@type":"SearchAction","target":{"@type":"EntryPoint","urlTemplate":"https:\/\/craftygenesindonesia.com\/de\/?s={search_term_string}"},"query-input":{"@type":"PropertyValueSpecification","valueRequired":true,"valueName":"search_term_string"}}],"inLanguage":"de"},{"@type":"Organization","@id":"https:\/\/craftygenesindonesia.com\/de\/#organization","name":"Craftygenesindonesia","url":"https:\/\/craftygenesindonesia.com\/de\/","logo":{"@type":"ImageObject","inLanguage":"de","@id":"https:\/\/craftygenesindonesia.com\/de\/#\/schema\/logo\/image\/","url":"https:\/\/craftygenesindonesia.com\/wp-content\/uploads\/2025\/11\/cropped-Copy-of-Craftygenesindonesia.jpg","contentUrl":"https:\/\/craftygenesindonesia.com\/wp-content\/uploads\/2025\/11\/cropped-Copy-of-Craftygenesindonesia.jpg","width":180,"height":60,"caption":"Craftygenesindonesia"},"image":{"@id":"https:\/\/craftygenesindonesia.com\/de\/#\/schema\/logo\/image\/"}}]}},"_links":{"self":[{"href":"https:\/\/craftygenesindonesia.com\/de\/wp-json\/wp\/v2\/product\/987528994","targetHints":{"allow":["GET"]}}],"collection":[{"href":"https:\/\/craftygenesindonesia.com\/de\/wp-json\/wp\/v2\/product"}],"about":[{"href":"https:\/\/craftygenesindonesia.com\/de\/wp-json\/wp\/v2\/types\/product"}],"replies":[{"embeddable":true,"href":"https:\/\/craftygenesindonesia.com\/de\/wp-json\/wp\/v2\/comments?post=987528994"}],"wp:featuredmedia":[{"embeddable":true,"href":"https:\/\/craftygenesindonesia.com\/de\/wp-json\/wp\/v2\/media\/987528995"}],"wp:attachment":[{"href":"https:\/\/craftygenesindonesia.com\/de\/wp-json\/wp\/v2\/media?parent=987528994"}],"wp:term":[{"taxonomy":"product_brand","embeddable":true,"href":"https:\/\/craftygenesindonesia.com\/de\/wp-json\/wp\/v2\/product_brand?post=987528994"},{"taxonomy":"product_cat","embeddable":true,"href":"https:\/\/craftygenesindonesia.com\/de\/wp-json\/wp\/v2\/product_cat?post=987528994"},{"taxonomy":"product_tag","embeddable":true,"href":"https:\/\/craftygenesindonesia.com\/de\/wp-json\/wp\/v2\/product_tag?post=987528994"}],"curies":[{"name":"wp","href":"https:\/\/api.w.org\/{rel}","templated":true}]}}