{"id":987528987,"date":"2023-04-25T07:54:07","date_gmt":"2023-04-24T23:54:07","guid":{"rendered":"https:\/\/craftygenesindonesia.com\/shop\/unkategorisiert\/die-margaretha-spange-geldboerse\/"},"modified":"2025-11-12T18:50:06","modified_gmt":"2025-11-12T10:50:06","slug":"die-margaretha-spange-geldboerse","status":"publish","type":"product","link":"https:\/\/craftygenesindonesia.com\/de\/shop\/taschenmuster\/die-margaretha-spange-geldboerse\/","title":{"rendered":"Die Margaretha Spange Geldb\u00f6rse"},"content":{"rendered":"<p>Dieses T\u00e4schchen ist 17x 14x 28cm \/ 6.7&#215;5.5x11inch gro\u00df und wird mit &#8220;FINGERING&#8221; Garn hergestellt, das f\u00fcr eine 2mm H\u00e4kelnadel geeignet ist.<\/p>\n<p>Sie ben\u00f6tigen 475m-500m \/520yd-550yd der von Ihnen gew\u00e4hlten Farbe des Garns.<\/p>\n<p>Sie ben\u00f6tigen au\u00dferdem: Maschenmarkierer &#8211; Gobelin-Nadel &#8211; Schere &#8211; Bleistift &#8211; N\u00e4hgarn und Nadel (N\u00e4hgarn vorzugsweise in der Farbe des H\u00e4kelgarns) &#8211; N\u00e4hnadeln &#8211; 2-3 mm dicke Einlage f\u00fcr den Boden des T\u00e4schchens &#8211; Stoff &#8211; N\u00e4hmaschine &#8211; 21 cm lange Schlie\u00dfe<\/p>\n<p>H\u00e4kelnadel: Gr\u00f6\u00dfe 2 mm.<\/p>\n<p>Dieses Muster enth\u00e4lt ein schriftliches Muster und viele Bilder, um Ihnen zu helfen.<br \/>\nFalls du Probleme mit dem Verst\u00e4ndnis hast, kannst du mir gerne eine Nachricht schicken: <a href=\"mailto:craftygenesindonesia@gmail.com\">craftygenesindonesia@gmail.com<\/a><\/p>\n<p><strong>Dieses Muster ist nur f\u00fcr den pers\u00f6nlichen Gebrauch bestimmt und unterliegt dem COPYRIGHT. Das Muster ist daher nur f\u00fcr den pers\u00f6nlichen Gebrauch bestimmt und darf NICHT kopiert, verkauft, weiterverkauft, \u00fcbersetzt, als eigenes Design beansprucht, verteilt, geteilt, ver\u00f6ffentlicht, online gestellt werden&#8230; in keiner Form ohne meine Zustimmung. Nicht einmal ein Teil davon!! <\/strong><\/p>\n<p><strong>Sie d\u00fcrfen das fertige Produkt verkaufen, aber nicht das Muster selbst!<\/strong><\/p>\n","protected":false},"excerpt":{"rendered":"<p>Dies ist ein leicht zu befolgendes H\u00e4kelmuster f\u00fcr eine sch\u00f6ne geh\u00e4kelte Tasche mit einem Verschluss. Ein Muss f\u00fcr alle, die eine einfache, aber sch\u00f6ne Tasche haben wollen.<\/p>\n","protected":false},"featured_media":987528992,"comment_status":"open","ping_status":"closed","template":"","meta":{"_acf_changed":false},"product_brand":[],"product_cat":[12376],"product_tag":[12492,12495,12378,12377,12493,12494,12392],"class_list":{"0":"post-987528987","1":"product","2":"type-product","3":"status-publish","4":"has-post-thumbnail","6":"product_cat-taschenmuster","7":"product_tag-alpinstich","8":"product_tag-gehakeltes-portemonnaie","9":"product_tag-geldborse","10":"product_tag-handtasche","11":"product_tag-spange","12":"product_tag-spangenhandtasche","13":"product_tag-tasche","14":"pa_available_on-craftygenesindonesia","15":"pa_available_on-etsy","16":"pa_available_on-haked-nl","17":"pa_available_on-payhip","18":"pa_available_on-ravelry","19":"pa_languages-franzoesisch","20":"pa_languages-italienisch","21":"pa_languages-niederlaendisch","22":"pa_languages-spanisch","23":"pa_languages-us-englisch","25":"first","26":"instock","27":"downloadable","28":"virtual","29":"purchasable","30":"product-type-simple"},"acf":[],"yoast_head":"<!-- This site is optimized with the Yoast SEO plugin v27.4 - https:\/\/yoast.com\/product\/yoast-seo-wordpress\/ -->\n<title>Die Margaretha Spange Geldb\u00f6rse H\u00e4kelmuster - Craftygenesindonesia<\/title>\n<meta name=\"description\" content=\"Kaufen Sie hier mein H\u00e4kelmuster &quot;Die Margaretha Spange Geldb\u00f6rse&quot;. Das einfach zu befolgende H\u00e4kelmuster ist auch auf Etsy, Ravelry &amp; Haked erh\u00e4ltlich.\" \/>\n<meta name=\"robots\" content=\"index, follow, max-snippet:-1, max-image-preview:large, max-video-preview:-1\" \/>\n<link rel=\"canonical\" href=\"https:\/\/craftygenesindonesia.com\/de\/shop\/taschenmuster\/die-margaretha-spange-geldboerse\/\" \/>\n<meta property=\"og:locale\" content=\"de_DE\" \/>\n<meta property=\"og:type\" content=\"article\" \/>\n<meta property=\"og:title\" content=\"Die Margaretha Spange Clutch H\u00e4kelmuster\" \/>\n<meta property=\"og:description\" content=\"Kaufen Sie hier mein H\u00e4kelmuster &quot;Die Margaretha Spange Geldb\u00f6rse&quot;. Das einfach zu befolgende H\u00e4kelmuster ist auch auf Etsy, Ravelry &amp; Haked erh\u00e4ltlich.\" \/>\n<meta property=\"og:url\" content=\"https:\/\/craftygenesindonesia.com\/de\/shop\/taschenmuster\/die-margaretha-spange-geldboerse\/\" \/>\n<meta property=\"og:site_name\" content=\"Craftygenesindonesia\" \/>\n<meta property=\"article:modified_time\" content=\"2025-11-12T10:50:06+00:00\" \/>\n<meta property=\"og:image\" content=\"https:\/\/craftygenesindonesia.com\/wp-content\/uploads\/2023\/04\/The-Margaretha-Clasp-Purse-3-300x300.jpg\" \/>\n<meta name=\"twitter:card\" content=\"summary_large_image\" \/>\n<meta name=\"twitter:title\" content=\"Die Margaretha Spange Geldb\u00f6rse\" \/>\n<meta name=\"twitter:description\" content=\"Kaufen Sie hier mein &quot;Die Margaretha Spange Geldb\u00f6rse&quot; H\u00e4kelmuster in Englisch &amp; Niederl\u00e4ndisch. Mit Links zu den Mustern auf Etsy, Ravelry &amp; Haked.\" \/>\n<meta name=\"twitter:image\" content=\"https:\/\/craftygenesindonesia.com\/wp-content\/uploads\/2023\/04\/Untitled-design-7.png\" \/>\n<meta name=\"twitter:label1\" content=\"Gesch\u00e4tzte Lesezeit\" \/>\n\t<meta name=\"twitter:data1\" content=\"1\u00a0Minute\" \/>\n<script type=\"application\/ld+json\" class=\"yoast-schema-graph\">{\"@context\":\"https:\\\/\\\/schema.org\",\"@graph\":[{\"@type\":\"WebPage\",\"@id\":\"https:\\\/\\\/craftygenesindonesia.com\\\/de\\\/shop\\\/taschenmuster\\\/die-margaretha-spange-geldboerse\\\/\",\"url\":\"https:\\\/\\\/craftygenesindonesia.com\\\/de\\\/shop\\\/taschenmuster\\\/die-margaretha-spange-geldboerse\\\/\",\"name\":\"Die Margaretha Spange Geldb\u00f6rse H\u00e4kelmuster - Craftygenesindonesia\",\"isPartOf\":{\"@id\":\"https:\\\/\\\/craftygenesindonesia.com\\\/de\\\/#website\"},\"primaryImageOfPage\":{\"@id\":\"https:\\\/\\\/craftygenesindonesia.com\\\/de\\\/shop\\\/taschenmuster\\\/die-margaretha-spange-geldboerse\\\/#primaryimage\"},\"image\":{\"@id\":\"https:\\\/\\\/craftygenesindonesia.com\\\/de\\\/shop\\\/taschenmuster\\\/die-margaretha-spange-geldboerse\\\/#primaryimage\"},\"thumbnailUrl\":\"https:\\\/\\\/craftygenesindonesia.com\\\/wp-content\\\/uploads\\\/2023\\\/04\\\/The-Margaretha-Clasp-Purse-3.jpg\",\"datePublished\":\"2023-04-24T23:54:07+00:00\",\"dateModified\":\"2025-11-12T10:50:06+00:00\",\"description\":\"Kaufen Sie hier mein H\u00e4kelmuster \\\"Die Margaretha Spange Geldb\u00f6rse\\\". Das einfach zu befolgende H\u00e4kelmuster ist auch auf Etsy, Ravelry & Haked erh\u00e4ltlich.\",\"breadcrumb\":{\"@id\":\"https:\\\/\\\/craftygenesindonesia.com\\\/de\\\/shop\\\/taschenmuster\\\/die-margaretha-spange-geldboerse\\\/#breadcrumb\"},\"inLanguage\":\"de\",\"potentialAction\":[{\"@type\":\"ReadAction\",\"target\":[\"https:\\\/\\\/craftygenesindonesia.com\\\/de\\\/shop\\\/taschenmuster\\\/die-margaretha-spange-geldboerse\\\/\"]}]},{\"@type\":\"ImageObject\",\"inLanguage\":\"de\",\"@id\":\"https:\\\/\\\/craftygenesindonesia.com\\\/de\\\/shop\\\/taschenmuster\\\/die-margaretha-spange-geldboerse\\\/#primaryimage\",\"url\":\"https:\\\/\\\/craftygenesindonesia.com\\\/wp-content\\\/uploads\\\/2023\\\/04\\\/The-Margaretha-Clasp-Purse-3.jpg\",\"contentUrl\":\"https:\\\/\\\/craftygenesindonesia.com\\\/wp-content\\\/uploads\\\/2023\\\/04\\\/The-Margaretha-Clasp-Purse-3.jpg\",\"width\":1080,\"height\":1080,\"caption\":\"crocheted clasp purse\"},{\"@type\":\"BreadcrumbList\",\"@id\":\"https:\\\/\\\/craftygenesindonesia.com\\\/de\\\/shop\\\/taschenmuster\\\/die-margaretha-spange-geldboerse\\\/#breadcrumb\",\"itemListElement\":[{\"@type\":\"ListItem\",\"position\":1,\"name\":\"Home\",\"item\":\"https:\\\/\\\/craftygenesindonesia.com\\\/de\\\/\"},{\"@type\":\"ListItem\",\"position\":2,\"name\":\"Mustershop\",\"item\":\"https:\\\/\\\/craftygenesindonesia.com\\\/de\\\/muster-shop\\\/\"},{\"@type\":\"ListItem\",\"position\":3,\"name\":\"Die Margaretha Spange Geldb\u00f6rse\"}]},{\"@type\":\"WebSite\",\"@id\":\"https:\\\/\\\/craftygenesindonesia.com\\\/de\\\/#website\",\"url\":\"https:\\\/\\\/craftygenesindonesia.com\\\/de\\\/\",\"name\":\"Craftygenesindonesia\",\"description\":\"\",\"publisher\":{\"@id\":\"https:\\\/\\\/craftygenesindonesia.com\\\/de\\\/#organization\"},\"potentialAction\":[{\"@type\":\"SearchAction\",\"target\":{\"@type\":\"EntryPoint\",\"urlTemplate\":\"https:\\\/\\\/craftygenesindonesia.com\\\/de\\\/?s={search_term_string}\"},\"query-input\":{\"@type\":\"PropertyValueSpecification\",\"valueRequired\":true,\"valueName\":\"search_term_string\"}}],\"inLanguage\":\"de\"},{\"@type\":\"Organization\",\"@id\":\"https:\\\/\\\/craftygenesindonesia.com\\\/de\\\/#organization\",\"name\":\"Craftygenesindonesia\",\"url\":\"https:\\\/\\\/craftygenesindonesia.com\\\/de\\\/\",\"logo\":{\"@type\":\"ImageObject\",\"inLanguage\":\"de\",\"@id\":\"https:\\\/\\\/craftygenesindonesia.com\\\/de\\\/#\\\/schema\\\/logo\\\/image\\\/\",\"url\":\"https:\\\/\\\/craftygenesindonesia.com\\\/wp-content\\\/uploads\\\/2025\\\/11\\\/cropped-Copy-of-Craftygenesindonesia.jpg\",\"contentUrl\":\"https:\\\/\\\/craftygenesindonesia.com\\\/wp-content\\\/uploads\\\/2025\\\/11\\\/cropped-Copy-of-Craftygenesindonesia.jpg\",\"width\":180,\"height\":60,\"caption\":\"Craftygenesindonesia\"},\"image\":{\"@id\":\"https:\\\/\\\/craftygenesindonesia.com\\\/de\\\/#\\\/schema\\\/logo\\\/image\\\/\"}}]}<\/script>\n<!-- \/ Yoast SEO plugin. -->","yoast_head_json":{"title":"Die Margaretha Spange Geldb\u00f6rse H\u00e4kelmuster - Craftygenesindonesia","description":"Kaufen Sie hier mein H\u00e4kelmuster \"Die Margaretha Spange Geldb\u00f6rse\". Das einfach zu befolgende H\u00e4kelmuster ist auch auf Etsy, Ravelry & Haked erh\u00e4ltlich.","robots":{"index":"index","follow":"follow","max-snippet":"max-snippet:-1","max-image-preview":"max-image-preview:large","max-video-preview":"max-video-preview:-1"},"canonical":"https:\/\/craftygenesindonesia.com\/de\/shop\/taschenmuster\/die-margaretha-spange-geldboerse\/","og_locale":"de_DE","og_type":"article","og_title":"Die Margaretha Spange Clutch H\u00e4kelmuster","og_description":"Kaufen Sie hier mein H\u00e4kelmuster \"Die Margaretha Spange Geldb\u00f6rse\". Das einfach zu befolgende H\u00e4kelmuster ist auch auf Etsy, Ravelry & Haked erh\u00e4ltlich.","og_url":"https:\/\/craftygenesindonesia.com\/de\/shop\/taschenmuster\/die-margaretha-spange-geldboerse\/","og_site_name":"Craftygenesindonesia","article_modified_time":"2025-11-12T10:50:06+00:00","og_image":[{"url":"https:\/\/craftygenesindonesia.com\/wp-content\/uploads\/2023\/04\/The-Margaretha-Clasp-Purse-3-300x300.jpg","type":"","width":"","height":""}],"twitter_card":"summary_large_image","twitter_title":"Die Margaretha Spange Geldb\u00f6rse","twitter_description":"Kaufen Sie hier mein \"Die Margaretha Spange Geldb\u00f6rse\" H\u00e4kelmuster in Englisch & Niederl\u00e4ndisch. Mit Links zu den Mustern auf Etsy, Ravelry & Haked.","twitter_image":"https:\/\/craftygenesindonesia.com\/wp-content\/uploads\/2023\/04\/Untitled-design-7.png","twitter_misc":{"Gesch\u00e4tzte Lesezeit":"1\u00a0Minute"},"schema":{"@context":"https:\/\/schema.org","@graph":[{"@type":"WebPage","@id":"https:\/\/craftygenesindonesia.com\/de\/shop\/taschenmuster\/die-margaretha-spange-geldboerse\/","url":"https:\/\/craftygenesindonesia.com\/de\/shop\/taschenmuster\/die-margaretha-spange-geldboerse\/","name":"Die Margaretha Spange Geldb\u00f6rse H\u00e4kelmuster - Craftygenesindonesia","isPartOf":{"@id":"https:\/\/craftygenesindonesia.com\/de\/#website"},"primaryImageOfPage":{"@id":"https:\/\/craftygenesindonesia.com\/de\/shop\/taschenmuster\/die-margaretha-spange-geldboerse\/#primaryimage"},"image":{"@id":"https:\/\/craftygenesindonesia.com\/de\/shop\/taschenmuster\/die-margaretha-spange-geldboerse\/#primaryimage"},"thumbnailUrl":"https:\/\/craftygenesindonesia.com\/wp-content\/uploads\/2023\/04\/The-Margaretha-Clasp-Purse-3.jpg","datePublished":"2023-04-24T23:54:07+00:00","dateModified":"2025-11-12T10:50:06+00:00","description":"Kaufen Sie hier mein H\u00e4kelmuster \"Die Margaretha Spange Geldb\u00f6rse\". Das einfach zu befolgende H\u00e4kelmuster ist auch auf Etsy, Ravelry & Haked erh\u00e4ltlich.","breadcrumb":{"@id":"https:\/\/craftygenesindonesia.com\/de\/shop\/taschenmuster\/die-margaretha-spange-geldboerse\/#breadcrumb"},"inLanguage":"de","potentialAction":[{"@type":"ReadAction","target":["https:\/\/craftygenesindonesia.com\/de\/shop\/taschenmuster\/die-margaretha-spange-geldboerse\/"]}]},{"@type":"ImageObject","inLanguage":"de","@id":"https:\/\/craftygenesindonesia.com\/de\/shop\/taschenmuster\/die-margaretha-spange-geldboerse\/#primaryimage","url":"https:\/\/craftygenesindonesia.com\/wp-content\/uploads\/2023\/04\/The-Margaretha-Clasp-Purse-3.jpg","contentUrl":"https:\/\/craftygenesindonesia.com\/wp-content\/uploads\/2023\/04\/The-Margaretha-Clasp-Purse-3.jpg","width":1080,"height":1080,"caption":"crocheted clasp purse"},{"@type":"BreadcrumbList","@id":"https:\/\/craftygenesindonesia.com\/de\/shop\/taschenmuster\/die-margaretha-spange-geldboerse\/#breadcrumb","itemListElement":[{"@type":"ListItem","position":1,"name":"Home","item":"https:\/\/craftygenesindonesia.com\/de\/"},{"@type":"ListItem","position":2,"name":"Mustershop","item":"https:\/\/craftygenesindonesia.com\/de\/muster-shop\/"},{"@type":"ListItem","position":3,"name":"Die Margaretha Spange Geldb\u00f6rse"}]},{"@type":"WebSite","@id":"https:\/\/craftygenesindonesia.com\/de\/#website","url":"https:\/\/craftygenesindonesia.com\/de\/","name":"Craftygenesindonesia","description":"","publisher":{"@id":"https:\/\/craftygenesindonesia.com\/de\/#organization"},"potentialAction":[{"@type":"SearchAction","target":{"@type":"EntryPoint","urlTemplate":"https:\/\/craftygenesindonesia.com\/de\/?s={search_term_string}"},"query-input":{"@type":"PropertyValueSpecification","valueRequired":true,"valueName":"search_term_string"}}],"inLanguage":"de"},{"@type":"Organization","@id":"https:\/\/craftygenesindonesia.com\/de\/#organization","name":"Craftygenesindonesia","url":"https:\/\/craftygenesindonesia.com\/de\/","logo":{"@type":"ImageObject","inLanguage":"de","@id":"https:\/\/craftygenesindonesia.com\/de\/#\/schema\/logo\/image\/","url":"https:\/\/craftygenesindonesia.com\/wp-content\/uploads\/2025\/11\/cropped-Copy-of-Craftygenesindonesia.jpg","contentUrl":"https:\/\/craftygenesindonesia.com\/wp-content\/uploads\/2025\/11\/cropped-Copy-of-Craftygenesindonesia.jpg","width":180,"height":60,"caption":"Craftygenesindonesia"},"image":{"@id":"https:\/\/craftygenesindonesia.com\/de\/#\/schema\/logo\/image\/"}}]}},"_links":{"self":[{"href":"https:\/\/craftygenesindonesia.com\/de\/wp-json\/wp\/v2\/product\/987528987","targetHints":{"allow":["GET"]}}],"collection":[{"href":"https:\/\/craftygenesindonesia.com\/de\/wp-json\/wp\/v2\/product"}],"about":[{"href":"https:\/\/craftygenesindonesia.com\/de\/wp-json\/wp\/v2\/types\/product"}],"replies":[{"embeddable":true,"href":"https:\/\/craftygenesindonesia.com\/de\/wp-json\/wp\/v2\/comments?post=987528987"}],"wp:featuredmedia":[{"embeddable":true,"href":"https:\/\/craftygenesindonesia.com\/de\/wp-json\/wp\/v2\/media\/987528992"}],"wp:attachment":[{"href":"https:\/\/craftygenesindonesia.com\/de\/wp-json\/wp\/v2\/media?parent=987528987"}],"wp:term":[{"taxonomy":"product_brand","embeddable":true,"href":"https:\/\/craftygenesindonesia.com\/de\/wp-json\/wp\/v2\/product_brand?post=987528987"},{"taxonomy":"product_cat","embeddable":true,"href":"https:\/\/craftygenesindonesia.com\/de\/wp-json\/wp\/v2\/product_cat?post=987528987"},{"taxonomy":"product_tag","embeddable":true,"href":"https:\/\/craftygenesindonesia.com\/de\/wp-json\/wp\/v2\/product_tag?post=987528987"}],"curies":[{"name":"wp","href":"https:\/\/api.w.org\/{rel}","templated":true}]}}