{"id":987528981,"date":"2023-03-29T05:31:33","date_gmt":"2023-03-28T21:31:33","guid":{"rendered":"https:\/\/craftygenesindonesia.com\/shop\/unkategorisiert\/lola-clown-ausgabe\/"},"modified":"2025-11-12T18:51:19","modified_gmt":"2025-11-12T10:51:19","slug":"lola-clown-ausgabe","status":"publish","type":"product","link":"https:\/\/craftygenesindonesia.com\/de\/shop\/lola-puppen-hakelmuster\/lola-clown-ausgabe\/","title":{"rendered":"Lola, Clown-Ausgabe"},"content":{"rendered":"<p><strong>Lola, Clown-Edition<\/strong><\/p>\n<p>Dateiformat: H\u00e4kelanleitung \u2013 digitaler Download, kein physischer Artikel<br \/>\n<strong>Verf\u00fcgbare Sprachen: Englisch, Niederl\u00e4ndisch, Franz\u00f6sisch, Spanisch, Deutsch<\/strong><\/p>\n<p>Gr\u00f6\u00dfe des fertigen Artikels: 35 cm \/ 13,8 Zoll hoch<\/p>\n<p>Garnart: \u201eFingering\u201d-Garn = St\u00e4rke 3<br \/>\nEmpfohlene Marken: Catona von Scheepjes, Durable Coral<br \/>\nBen\u00f6tigte Garnfarben: Hellblau, Hellrosa, Hellviolett, Hellgelb, Mintgr\u00fcn, Hautfarbe, Wei\u00df<\/p>\n<p>H\u00e4kelnadel: 2 mm<\/p>\n<p>Sonstiges Zubeh\u00f6r: F\u00fcllmaterial, Maschenmarkierer, Tapisserienadel, Schere, Kleber, Hei\u00dfklebepistole, Sicherheitsaugen<\/p>\n<p><strong>Copyright und Hilfe:<\/strong><br \/>\nDiese Anleitung ist eine schriftliche Anleitung (digital) mit vielen Bildern, die Ihnen helfen sollen. Wenn Sie Fragen zur Anleitung haben, senden Sie mir bitte eine E-Mail an craftygenesindonesia@gmail.com.<\/p>\n<p><strong>Diese digitale H\u00e4kelanleitung ist nur f\u00fcr den pers\u00f6nlichen Gebrauch bestimmt und urheberrechtlich gesch\u00fctzt. Daher d\u00fcrfen Sie sie ohne meine Genehmigung in keiner Weise kopieren, verkaufen, weiterverkaufen, \u00fcbersetzen, als Ihr eigenes Design ausgeben, verbreiten, teilen, ver\u00f6ffentlichen, posten usw. Nicht einmal einen Teil davon!<\/strong><\/p>\n<p><strong>Sie d\u00fcrfen das fertige Produkt oder den fertigen Artikel in kleinen Mengen verkaufen, aber Sie d\u00fcrfen die H\u00e4kelanleitung selbst nicht verkaufen! Geben Sie bitte an, dass die H\u00e4kelanleitung von mir, Craftygenesindonesia, stammt und wo sie gekauft werden kann.<\/strong><\/p>\n","protected":false},"excerpt":{"rendered":"<p>Das H\u00e4kelmuster f\u00fcr diesen niedlichen pastellfarbenen Clown ist einfach zu befolgen und ein perfektes Geschenk f\u00fcr ein Kind.<\/p>\n<p>Lola ist Teil meiner Lola-Serie. Klicken Sie <a href=\"https:\/\/craftygenesindonesia.com\/de\/produkt-kategorie\/lola-puppen-hakelmuster\/\" target=\"_blank\" rel=\"noopener\"><strong>hier<\/strong><\/a>, wenn Sie die ganze Lola-Serie sehen m\u00f6chten.<\/p>\n","protected":false},"featured_media":987530877,"comment_status":"open","ping_status":"closed","template":"","meta":{"_acf_changed":false},"product_brand":[],"product_cat":[12218,12217],"product_tag":[12490,12220,12219,12491],"class_list":{"0":"post-987528981","1":"product","2":"type-product","3":"status-publish","4":"has-post-thumbnail","6":"product_cat-kinder-puppen-hakeln-muster","7":"product_cat-lola-puppen-hakelmuster","8":"product_tag-clown-de","9":"product_tag-hakelpuppe","10":"product_tag-kinderpuppen","11":"product_tag-pastellfarben","12":"pa_available_on-craftygenesindonesia","13":"pa_available_on-etsy","14":"pa_available_on-haked-nl","15":"pa_available_on-payhip","16":"pa_available_on-ravelry","17":"pa_languages-deutsch","18":"pa_languages-franzoesisch","19":"pa_languages-niederlaendisch","20":"pa_languages-spanisch","21":"pa_languages-us-englisch","23":"first","24":"instock","25":"downloadable","26":"virtual","27":"purchasable","28":"product-type-simple"},"acf":[],"yoast_head":"<!-- This site is optimized with the Yoast SEO plugin v27.3 - https:\/\/yoast.com\/product\/yoast-seo-wordpress\/ -->\n<title>Lola, Clown-Ausgabe H\u00e4kelmuster - Craftygenesindonesia<\/title>\n<meta name=\"description\" content=\"Kaufen Sie hier meine H\u00e4kelanleitung f\u00fcr Lola, Clown-Edition. Die H\u00e4kelanleitung ist auch auf Etsy, Haked.nl, Ravelry und Payhip erh\u00e4ltlich.\" \/>\n<meta name=\"robots\" content=\"index, follow, max-snippet:-1, max-image-preview:large, max-video-preview:-1\" \/>\n<link rel=\"canonical\" href=\"https:\/\/craftygenesindonesia.com\/de\/shop\/lola-puppen-hakelmuster\/lola-clown-ausgabe\/\" \/>\n<meta property=\"og:locale\" content=\"de_DE\" \/>\n<meta property=\"og:type\" content=\"article\" \/>\n<meta property=\"og:title\" content=\"Lola, Clown Ausgabe H\u00e4kelmuster\" \/>\n<meta property=\"og:description\" content=\"Kaufen Sie hier meine H\u00e4kelanleitung f\u00fcr Lola, Clown-Edition. Die H\u00e4kelanleitung ist auch auf Etsy, Haked.nl, Ravelry und Payhip erh\u00e4ltlich.\" \/>\n<meta property=\"og:url\" content=\"https:\/\/craftygenesindonesia.com\/de\/shop\/lola-puppen-hakelmuster\/lola-clown-ausgabe\/\" \/>\n<meta property=\"og:site_name\" content=\"Craftygenesindonesia\" \/>\n<meta property=\"article:modified_time\" content=\"2025-11-12T10:51:19+00:00\" \/>\n<meta property=\"og:image\" content=\"https:\/\/craftygenesindonesia.com\/wp-content\/uploads\/2023\/03\/Lola-Clown-2.jpg\" \/>\n\t<meta property=\"og:image:width\" content=\"1080\" \/>\n\t<meta property=\"og:image:height\" content=\"1080\" \/>\n\t<meta property=\"og:image:type\" content=\"image\/jpeg\" \/>\n<meta name=\"twitter:card\" content=\"summary_large_image\" \/>\n<meta name=\"twitter:title\" content=\"Lola, Clown Ausgabe H\u00e4kelmuster\" \/>\n<meta name=\"twitter:description\" content=\"Kaufen Sie hier mein &quot;Lola, Clown Ausgabe&quot; H\u00e4kelmuster. Hier finden Sie auch Links zu den Mustern auf Etsy, Ravelry &amp; Haked.\" \/>\n<meta name=\"twitter:image\" content=\"https:\/\/craftygenesindonesia.com\/wp-content\/uploads\/2023\/03\/Lola-Clown-with-Flags-1-1024x1024.png\" \/>\n<meta name=\"twitter:label1\" content=\"Gesch\u00e4tzte Lesezeit\" \/>\n\t<meta name=\"twitter:data1\" content=\"1\u00a0Minute\" \/>\n<script type=\"application\/ld+json\" class=\"yoast-schema-graph\">{\"@context\":\"https:\\\/\\\/schema.org\",\"@graph\":[{\"@type\":\"WebPage\",\"@id\":\"https:\\\/\\\/craftygenesindonesia.com\\\/de\\\/shop\\\/lola-puppen-hakelmuster\\\/lola-clown-ausgabe\\\/\",\"url\":\"https:\\\/\\\/craftygenesindonesia.com\\\/de\\\/shop\\\/lola-puppen-hakelmuster\\\/lola-clown-ausgabe\\\/\",\"name\":\"Lola, Clown-Ausgabe H\u00e4kelmuster - Craftygenesindonesia\",\"isPartOf\":{\"@id\":\"https:\\\/\\\/craftygenesindonesia.com\\\/de\\\/#website\"},\"primaryImageOfPage\":{\"@id\":\"https:\\\/\\\/craftygenesindonesia.com\\\/de\\\/shop\\\/lola-puppen-hakelmuster\\\/lola-clown-ausgabe\\\/#primaryimage\"},\"image\":{\"@id\":\"https:\\\/\\\/craftygenesindonesia.com\\\/de\\\/shop\\\/lola-puppen-hakelmuster\\\/lola-clown-ausgabe\\\/#primaryimage\"},\"thumbnailUrl\":\"https:\\\/\\\/craftygenesindonesia.com\\\/wp-content\\\/uploads\\\/2023\\\/03\\\/Lola-Clown-2.jpg\",\"datePublished\":\"2023-03-28T21:31:33+00:00\",\"dateModified\":\"2025-11-12T10:51:19+00:00\",\"description\":\"Kaufen Sie hier meine H\u00e4kelanleitung f\u00fcr Lola, Clown-Edition. Die H\u00e4kelanleitung ist auch auf Etsy, Haked.nl, Ravelry und Payhip erh\u00e4ltlich.\",\"breadcrumb\":{\"@id\":\"https:\\\/\\\/craftygenesindonesia.com\\\/de\\\/shop\\\/lola-puppen-hakelmuster\\\/lola-clown-ausgabe\\\/#breadcrumb\"},\"inLanguage\":\"de\",\"potentialAction\":[{\"@type\":\"ReadAction\",\"target\":[\"https:\\\/\\\/craftygenesindonesia.com\\\/de\\\/shop\\\/lola-puppen-hakelmuster\\\/lola-clown-ausgabe\\\/\"]}]},{\"@type\":\"ImageObject\",\"inLanguage\":\"de\",\"@id\":\"https:\\\/\\\/craftygenesindonesia.com\\\/de\\\/shop\\\/lola-puppen-hakelmuster\\\/lola-clown-ausgabe\\\/#primaryimage\",\"url\":\"https:\\\/\\\/craftygenesindonesia.com\\\/wp-content\\\/uploads\\\/2023\\\/03\\\/Lola-Clown-2.jpg\",\"contentUrl\":\"https:\\\/\\\/craftygenesindonesia.com\\\/wp-content\\\/uploads\\\/2023\\\/03\\\/Lola-Clown-2.jpg\",\"width\":1080,\"height\":1080,\"caption\":\"crochet pastel colored clown doll\"},{\"@type\":\"BreadcrumbList\",\"@id\":\"https:\\\/\\\/craftygenesindonesia.com\\\/de\\\/shop\\\/lola-puppen-hakelmuster\\\/lola-clown-ausgabe\\\/#breadcrumb\",\"itemListElement\":[{\"@type\":\"ListItem\",\"position\":1,\"name\":\"Home\",\"item\":\"https:\\\/\\\/craftygenesindonesia.com\\\/de\\\/\"},{\"@type\":\"ListItem\",\"position\":2,\"name\":\"Mustershop\",\"item\":\"https:\\\/\\\/craftygenesindonesia.com\\\/de\\\/muster-shop\\\/\"},{\"@type\":\"ListItem\",\"position\":3,\"name\":\"Lola, Clown-Ausgabe\"}]},{\"@type\":\"WebSite\",\"@id\":\"https:\\\/\\\/craftygenesindonesia.com\\\/de\\\/#website\",\"url\":\"https:\\\/\\\/craftygenesindonesia.com\\\/de\\\/\",\"name\":\"Craftygenesindonesia\",\"description\":\"\",\"publisher\":{\"@id\":\"https:\\\/\\\/craftygenesindonesia.com\\\/de\\\/#organization\"},\"potentialAction\":[{\"@type\":\"SearchAction\",\"target\":{\"@type\":\"EntryPoint\",\"urlTemplate\":\"https:\\\/\\\/craftygenesindonesia.com\\\/de\\\/?s={search_term_string}\"},\"query-input\":{\"@type\":\"PropertyValueSpecification\",\"valueRequired\":true,\"valueName\":\"search_term_string\"}}],\"inLanguage\":\"de\"},{\"@type\":\"Organization\",\"@id\":\"https:\\\/\\\/craftygenesindonesia.com\\\/de\\\/#organization\",\"name\":\"Craftygenesindonesia\",\"url\":\"https:\\\/\\\/craftygenesindonesia.com\\\/de\\\/\",\"logo\":{\"@type\":\"ImageObject\",\"inLanguage\":\"de\",\"@id\":\"https:\\\/\\\/craftygenesindonesia.com\\\/de\\\/#\\\/schema\\\/logo\\\/image\\\/\",\"url\":\"https:\\\/\\\/craftygenesindonesia.com\\\/wp-content\\\/uploads\\\/2025\\\/11\\\/cropped-Copy-of-Craftygenesindonesia.jpg\",\"contentUrl\":\"https:\\\/\\\/craftygenesindonesia.com\\\/wp-content\\\/uploads\\\/2025\\\/11\\\/cropped-Copy-of-Craftygenesindonesia.jpg\",\"width\":180,\"height\":60,\"caption\":\"Craftygenesindonesia\"},\"image\":{\"@id\":\"https:\\\/\\\/craftygenesindonesia.com\\\/de\\\/#\\\/schema\\\/logo\\\/image\\\/\"}}]}<\/script>\n<!-- \/ Yoast SEO plugin. -->","yoast_head_json":{"title":"Lola, Clown-Ausgabe H\u00e4kelmuster - Craftygenesindonesia","description":"Kaufen Sie hier meine H\u00e4kelanleitung f\u00fcr Lola, Clown-Edition. Die H\u00e4kelanleitung ist auch auf Etsy, Haked.nl, Ravelry und Payhip erh\u00e4ltlich.","robots":{"index":"index","follow":"follow","max-snippet":"max-snippet:-1","max-image-preview":"max-image-preview:large","max-video-preview":"max-video-preview:-1"},"canonical":"https:\/\/craftygenesindonesia.com\/de\/shop\/lola-puppen-hakelmuster\/lola-clown-ausgabe\/","og_locale":"de_DE","og_type":"article","og_title":"Lola, Clown Ausgabe H\u00e4kelmuster","og_description":"Kaufen Sie hier meine H\u00e4kelanleitung f\u00fcr Lola, Clown-Edition. Die H\u00e4kelanleitung ist auch auf Etsy, Haked.nl, Ravelry und Payhip erh\u00e4ltlich.","og_url":"https:\/\/craftygenesindonesia.com\/de\/shop\/lola-puppen-hakelmuster\/lola-clown-ausgabe\/","og_site_name":"Craftygenesindonesia","article_modified_time":"2025-11-12T10:51:19+00:00","og_image":[{"width":1080,"height":1080,"url":"https:\/\/craftygenesindonesia.com\/wp-content\/uploads\/2023\/03\/Lola-Clown-2.jpg","type":"image\/jpeg"}],"twitter_card":"summary_large_image","twitter_title":"Lola, Clown Ausgabe H\u00e4kelmuster","twitter_description":"Kaufen Sie hier mein \"Lola, Clown Ausgabe\" H\u00e4kelmuster. Hier finden Sie auch Links zu den Mustern auf Etsy, Ravelry & Haked.","twitter_image":"https:\/\/craftygenesindonesia.com\/wp-content\/uploads\/2023\/03\/Lola-Clown-with-Flags-1-1024x1024.png","twitter_misc":{"Gesch\u00e4tzte Lesezeit":"1\u00a0Minute"},"schema":{"@context":"https:\/\/schema.org","@graph":[{"@type":"WebPage","@id":"https:\/\/craftygenesindonesia.com\/de\/shop\/lola-puppen-hakelmuster\/lola-clown-ausgabe\/","url":"https:\/\/craftygenesindonesia.com\/de\/shop\/lola-puppen-hakelmuster\/lola-clown-ausgabe\/","name":"Lola, Clown-Ausgabe H\u00e4kelmuster - Craftygenesindonesia","isPartOf":{"@id":"https:\/\/craftygenesindonesia.com\/de\/#website"},"primaryImageOfPage":{"@id":"https:\/\/craftygenesindonesia.com\/de\/shop\/lola-puppen-hakelmuster\/lola-clown-ausgabe\/#primaryimage"},"image":{"@id":"https:\/\/craftygenesindonesia.com\/de\/shop\/lola-puppen-hakelmuster\/lola-clown-ausgabe\/#primaryimage"},"thumbnailUrl":"https:\/\/craftygenesindonesia.com\/wp-content\/uploads\/2023\/03\/Lola-Clown-2.jpg","datePublished":"2023-03-28T21:31:33+00:00","dateModified":"2025-11-12T10:51:19+00:00","description":"Kaufen Sie hier meine H\u00e4kelanleitung f\u00fcr Lola, Clown-Edition. Die H\u00e4kelanleitung ist auch auf Etsy, Haked.nl, Ravelry und Payhip erh\u00e4ltlich.","breadcrumb":{"@id":"https:\/\/craftygenesindonesia.com\/de\/shop\/lola-puppen-hakelmuster\/lola-clown-ausgabe\/#breadcrumb"},"inLanguage":"de","potentialAction":[{"@type":"ReadAction","target":["https:\/\/craftygenesindonesia.com\/de\/shop\/lola-puppen-hakelmuster\/lola-clown-ausgabe\/"]}]},{"@type":"ImageObject","inLanguage":"de","@id":"https:\/\/craftygenesindonesia.com\/de\/shop\/lola-puppen-hakelmuster\/lola-clown-ausgabe\/#primaryimage","url":"https:\/\/craftygenesindonesia.com\/wp-content\/uploads\/2023\/03\/Lola-Clown-2.jpg","contentUrl":"https:\/\/craftygenesindonesia.com\/wp-content\/uploads\/2023\/03\/Lola-Clown-2.jpg","width":1080,"height":1080,"caption":"crochet pastel colored clown doll"},{"@type":"BreadcrumbList","@id":"https:\/\/craftygenesindonesia.com\/de\/shop\/lola-puppen-hakelmuster\/lola-clown-ausgabe\/#breadcrumb","itemListElement":[{"@type":"ListItem","position":1,"name":"Home","item":"https:\/\/craftygenesindonesia.com\/de\/"},{"@type":"ListItem","position":2,"name":"Mustershop","item":"https:\/\/craftygenesindonesia.com\/de\/muster-shop\/"},{"@type":"ListItem","position":3,"name":"Lola, Clown-Ausgabe"}]},{"@type":"WebSite","@id":"https:\/\/craftygenesindonesia.com\/de\/#website","url":"https:\/\/craftygenesindonesia.com\/de\/","name":"Craftygenesindonesia","description":"","publisher":{"@id":"https:\/\/craftygenesindonesia.com\/de\/#organization"},"potentialAction":[{"@type":"SearchAction","target":{"@type":"EntryPoint","urlTemplate":"https:\/\/craftygenesindonesia.com\/de\/?s={search_term_string}"},"query-input":{"@type":"PropertyValueSpecification","valueRequired":true,"valueName":"search_term_string"}}],"inLanguage":"de"},{"@type":"Organization","@id":"https:\/\/craftygenesindonesia.com\/de\/#organization","name":"Craftygenesindonesia","url":"https:\/\/craftygenesindonesia.com\/de\/","logo":{"@type":"ImageObject","inLanguage":"de","@id":"https:\/\/craftygenesindonesia.com\/de\/#\/schema\/logo\/image\/","url":"https:\/\/craftygenesindonesia.com\/wp-content\/uploads\/2025\/11\/cropped-Copy-of-Craftygenesindonesia.jpg","contentUrl":"https:\/\/craftygenesindonesia.com\/wp-content\/uploads\/2025\/11\/cropped-Copy-of-Craftygenesindonesia.jpg","width":180,"height":60,"caption":"Craftygenesindonesia"},"image":{"@id":"https:\/\/craftygenesindonesia.com\/de\/#\/schema\/logo\/image\/"}}]}},"_links":{"self":[{"href":"https:\/\/craftygenesindonesia.com\/de\/wp-json\/wp\/v2\/product\/987528981","targetHints":{"allow":["GET"]}}],"collection":[{"href":"https:\/\/craftygenesindonesia.com\/de\/wp-json\/wp\/v2\/product"}],"about":[{"href":"https:\/\/craftygenesindonesia.com\/de\/wp-json\/wp\/v2\/types\/product"}],"replies":[{"embeddable":true,"href":"https:\/\/craftygenesindonesia.com\/de\/wp-json\/wp\/v2\/comments?post=987528981"}],"wp:featuredmedia":[{"embeddable":true,"href":"https:\/\/craftygenesindonesia.com\/de\/wp-json\/wp\/v2\/media\/987530877"}],"wp:attachment":[{"href":"https:\/\/craftygenesindonesia.com\/de\/wp-json\/wp\/v2\/media?parent=987528981"}],"wp:term":[{"taxonomy":"product_brand","embeddable":true,"href":"https:\/\/craftygenesindonesia.com\/de\/wp-json\/wp\/v2\/product_brand?post=987528981"},{"taxonomy":"product_cat","embeddable":true,"href":"https:\/\/craftygenesindonesia.com\/de\/wp-json\/wp\/v2\/product_cat?post=987528981"},{"taxonomy":"product_tag","embeddable":true,"href":"https:\/\/craftygenesindonesia.com\/de\/wp-json\/wp\/v2\/product_tag?post=987528981"}],"curies":[{"name":"wp","href":"https:\/\/api.w.org\/{rel}","templated":true}]}}